{"id":38537,"date":"2019-07-19T14:47:56","date_gmt":"2019-07-19T14:47:56","guid":{"rendered":"https:\/\/www.urlaubcornwall.de\/blog\/?page_id=38537"},"modified":"2024-04-15T07:44:44","modified_gmt":"2024-04-15T07:44:44","slug":"ferienhaeuser-nahe-caernarfon-castle-persoenlich-inspizierte-unterkuenfte","status":"publish","type":"page","link":"https:\/\/www.urlaubcornwall.de\/blog\/ferienhaeuser-nahe-caernarfon-castle-persoenlich-inspizierte-unterkuenfte\/","title":{"rendered":"Ferienh\u00e4user nahe Caernarfon Castle \u2013 Pers\u00f6nlich inspizierte Unterk\u00fcnfte"},"content":{"rendered":"<p><img loading=\"lazy\" class=\"aligncenter size-full wp-image-47958\" src=\"https:\/\/www.urlaubcornwall.de\/blog\/wp-content\/uploads\/2024\/03\/Caernarfon-castle-1.jpg\" alt=\"Caernarfon castle\" width=\"750\" height=\"500\" srcset=\"https:\/\/www.urlaubcornwall.de\/blog\/wp-content\/uploads\/2024\/03\/Caernarfon-castle-1.jpg 750w, https:\/\/www.urlaubcornwall.de\/blog\/wp-content\/uploads\/2024\/03\/Caernarfon-castle-1-300x200.jpg 300w\" sizes=\"(max-width: 750px) 100vw, 750px\" \/><\/p>\n<p>Caernarfon Castle ist wahrscheinlich die ber\u00fchmteste von <a href=\"https:\/\/www.urlaubcornwall.de\/reiseziel\/wales.php\">Wales<\/a> zahlreichen Burgen; ihre Gr\u00f6\u00dfe allein und die bestechende Lage machen sie zu einer wahrhaft unvergesslichen Sehensw\u00fcrdigkeit. Eine imposante Milit\u00e4rfestung mit hohen T\u00fcrmen.<\/p>\n<p style=\"text-align: center;\"><a class=\"tidycta\" href=\"https:\/\/www.urlaubcornwall.de\/ferienhaeuser-fewos\/wal\/nordwales\/caernarfon.html\">Suche Ferienh\u00e4user nahe Caernarfon<\/a><\/p>\n<div class=\"snippet\"> <a class=\"featured-item\" href=\" https:\/\/www.urlaubcornwall.de\/ferienhaeuser\/wales.php\"> <span class=\"image-holder\" style=\"background-image: url(' https:\/\/www.urlaubcornwall.de\/blog\/wp-content\/uploads\/2018\/12\/busreisen-wales-england.jpg');\"><\/span> <span class=\"featured-content\"> \n<h2 class=\"featured-title\">Bei uns finden Sie Ferienh\u00e4user in Wales zum Verlieben!<\/h2>\n<p class=\"featured-body\">Untenstehend finden Sie eine Auswahl an Selbstversorger-Ferienh\u00e4usern in Wales. Hier finden Sie handverlesene, pers\u00f6nlich inspizierte Cottages entlang der walisischen K\u00fcste&#8230;..<\/p>\n<\/span> <span class=\"featured-link-holder\"> <span class=\"featured-extra-info\"> \n<p>F\u00fcr Paare, Familien &#038; Gruppen<\/p>\n<\/span> \n<p class=\"featured-link\">DETAILS<\/p>\n<\/span> <\/a><\/div>\n<div class=\"snippet\"> <a class=\"featured-item\" href=\" https:\/\/www.urlaubcornwall.de\/rundreisen\/grossbritannien.php\"> <span class=\"image-holder\" style=\"background-image: url(' https:\/\/www.urlaubcornwall.de\/blog\/wp-content\/uploads\/2018\/11\/rundreise-cornwall.jpg ');\"><\/span> <span class=\"featured-content\"> \n<h2 class=\"featured-title\">Individuelle Rundreise in Gro\u00dfbritannien<\/h2>\n<p class=\"featured-body\">Mit Sitz im Vereinten K\u00f6nigreich und einer Reiseleidenschaft haben wir uns darin spezialisiert, individuelle Rundreisen f\u00fcr Paare, Familien oder Gruppen zusammenzustellen&#8230;.<\/p>\n<\/span> <span class=\"featured-link-holder\"> <span class=\"featured-extra-info\"> \n<p>Urlaub im eigenen Schritttempo<\/p>\n<\/span> \n<p class=\"featured-link\">DETAILS<\/p>\n<\/span> <\/a><\/div>\n<p style=\"text-align: center;\"><strong>Hotel Sonderangebote in Wales &#8211; Finden und buchung Sie die besten Hotels<\/strong><\/p>\n<p style=\"text-align: center;\"><a class=\"tidycta\" href=\"https:\/\/www.booking.com\/searchresults.en.html?landmark=19413&#038;aid=1320750&#038;no_rooms=1&#038;group_adults=1\" rel=\"nofollow\">Suche Hotels nahe Caernarfon<\/a><\/p>\n","protected":false},"excerpt":{"rendered":"<p>Caernarfon Castle ist wahrscheinlich die ber\u00fchmteste von Wales zahlreichen Burgen; ihre Gr\u00f6\u00dfe allein und die bestechende Lage machen sie zu einer wahrhaft unvergesslichen Sehensw\u00fcrdigkeit. Eine imposante Milit\u00e4rfestung mit hohen T\u00fcrmen. Suche Ferienh\u00e4user nahe Caernarfon Bei uns finden Sie Ferienh\u00e4user in Wales zum Verlieben! Untenstehend finden Sie eine Auswahl an Selbstversorger-Ferienh\u00e4usern in Wales. Hier finden Sie [&hellip;]<\/p>\n","protected":false},"author":1,"featured_media":0,"parent":0,"menu_order":0,"comment_status":"closed","ping_status":"closed","template":"single-four.php","meta":[],"acf":[],"yoast_head":"<!-- This site is optimized with the Yoast SEO plugin v19.4 - https:\/\/yoast.com\/wordpress\/plugins\/seo\/ -->\n<title>Ferienh\u00e4user nahe Caernarfon Castle \u2013 Pers\u00f6nlich inspizierte Unterk\u00fcnfte - Urlaub &amp; Reisen<\/title>\n<meta name=\"robots\" content=\"index, follow, max-snippet:-1, max-image-preview:large, max-video-preview:-1\" \/>\n<link rel=\"canonical\" href=\"https:\/\/www.urlaubcornwall.de\/blog\/ferienhaeuser-nahe-caernarfon-castle-persoenlich-inspizierte-unterkuenfte\/\" \/>\n<meta property=\"og:locale\" content=\"en_US\" \/>\n<meta property=\"og:type\" content=\"article\" \/>\n<meta property=\"og:title\" content=\"Ferienh\u00e4user nahe Caernarfon Castle \u2013 Pers\u00f6nlich inspizierte Unterk\u00fcnfte - Urlaub &amp; Reisen\" \/>\n<meta property=\"og:description\" content=\"Caernarfon Castle ist wahrscheinlich die ber\u00fchmteste von Wales zahlreichen Burgen; ihre Gr\u00f6\u00dfe allein und die bestechende Lage machen sie zu einer wahrhaft unvergesslichen Sehensw\u00fcrdigkeit. Eine imposante Milit\u00e4rfestung mit hohen T\u00fcrmen. Suche Ferienh\u00e4user nahe Caernarfon Bei uns finden Sie Ferienh\u00e4user in Wales zum Verlieben! Untenstehend finden Sie eine Auswahl an Selbstversorger-Ferienh\u00e4usern in Wales. Hier finden Sie [&hellip;]\" \/>\n<meta property=\"og:url\" content=\"https:\/\/www.urlaubcornwall.de\/blog\/ferienhaeuser-nahe-caernarfon-castle-persoenlich-inspizierte-unterkuenfte\/\" \/>\n<meta property=\"og:site_name\" content=\"Urlaub &amp; Reisen\" \/>\n<meta property=\"article:modified_time\" content=\"2024-04-15T07:44:44+00:00\" \/>\n<meta property=\"og:image\" content=\"https:\/\/www.urlaubcornwall.de\/blog\/wp-content\/uploads\/2024\/03\/Caernarfon-castle-1.jpg\" \/>\n<meta name=\"twitter:card\" content=\"summary\" \/>\n<meta name=\"twitter:label1\" content=\"Est. reading time\" \/>\n\t<meta name=\"twitter:data1\" content=\"1 minute\" \/>\n<script type=\"application\/ld+json\" class=\"yoast-schema-graph\">{\"@context\":\"https:\/\/schema.org\",\"@graph\":[{\"@type\":\"WebSite\",\"@id\":\"https:\/\/www.urlaubcornwall.de\/blog\/#website\",\"url\":\"https:\/\/www.urlaubcornwall.de\/blog\/\",\"name\":\"Urlaub &amp; Reisen\",\"description\":\"Urlaub, Reisen, Cornwall und S\u00fcdengland: eine perfekte Kombination\",\"potentialAction\":[{\"@type\":\"SearchAction\",\"target\":{\"@type\":\"EntryPoint\",\"urlTemplate\":\"https:\/\/www.urlaubcornwall.de\/blog\/?s={search_term_string}\"},\"query-input\":\"required name=search_term_string\"}],\"inLanguage\":\"en-US\"},{\"@type\":\"WebPage\",\"@id\":\"https:\/\/www.urlaubcornwall.de\/blog\/ferienhaeuser-nahe-caernarfon-castle-persoenlich-inspizierte-unterkuenfte\/\",\"url\":\"https:\/\/www.urlaubcornwall.de\/blog\/ferienhaeuser-nahe-caernarfon-castle-persoenlich-inspizierte-unterkuenfte\/\",\"name\":\"Ferienh\u00e4user nahe Caernarfon Castle \u2013 Pers\u00f6nlich inspizierte Unterk\u00fcnfte - Urlaub &amp; Reisen\",\"isPartOf\":{\"@id\":\"https:\/\/www.urlaubcornwall.de\/blog\/#website\"},\"datePublished\":\"2019-07-19T14:47:56+00:00\",\"dateModified\":\"2024-04-15T07:44:44+00:00\",\"breadcrumb\":{\"@id\":\"https:\/\/www.urlaubcornwall.de\/blog\/ferienhaeuser-nahe-caernarfon-castle-persoenlich-inspizierte-unterkuenfte\/#breadcrumb\"},\"inLanguage\":\"en-US\",\"potentialAction\":[{\"@type\":\"ReadAction\",\"target\":[\"https:\/\/www.urlaubcornwall.de\/blog\/ferienhaeuser-nahe-caernarfon-castle-persoenlich-inspizierte-unterkuenfte\/\"]}]},{\"@type\":\"BreadcrumbList\",\"@id\":\"https:\/\/www.urlaubcornwall.de\/blog\/ferienhaeuser-nahe-caernarfon-castle-persoenlich-inspizierte-unterkuenfte\/#breadcrumb\",\"itemListElement\":[{\"@type\":\"ListItem\",\"position\":1,\"name\":\"Home\",\"item\":\"https:\/\/www.urlaubcornwall.de\/blog\/\"},{\"@type\":\"ListItem\",\"position\":2,\"name\":\"Ferienh\u00e4user nahe Caernarfon Castle \u2013 Pers\u00f6nlich inspizierte Unterk\u00fcnfte\"}]}]}<\/script>\n<!-- \/ Yoast SEO plugin. -->","yoast_head_json":{"title":"Ferienh\u00e4user nahe Caernarfon Castle \u2013 Pers\u00f6nlich inspizierte Unterk\u00fcnfte - Urlaub &amp; Reisen","robots":{"index":"index","follow":"follow","max-snippet":"max-snippet:-1","max-image-preview":"max-image-preview:large","max-video-preview":"max-video-preview:-1"},"canonical":"https:\/\/www.urlaubcornwall.de\/blog\/ferienhaeuser-nahe-caernarfon-castle-persoenlich-inspizierte-unterkuenfte\/","og_locale":"en_US","og_type":"article","og_title":"Ferienh\u00e4user nahe Caernarfon Castle \u2013 Pers\u00f6nlich inspizierte Unterk\u00fcnfte - Urlaub &amp; Reisen","og_description":"Caernarfon Castle ist wahrscheinlich die ber\u00fchmteste von Wales zahlreichen Burgen; ihre Gr\u00f6\u00dfe allein und die bestechende Lage machen sie zu einer wahrhaft unvergesslichen Sehensw\u00fcrdigkeit. Eine imposante Milit\u00e4rfestung mit hohen T\u00fcrmen. Suche Ferienh\u00e4user nahe Caernarfon Bei uns finden Sie Ferienh\u00e4user in Wales zum Verlieben! Untenstehend finden Sie eine Auswahl an Selbstversorger-Ferienh\u00e4usern in Wales. Hier finden Sie [&hellip;]","og_url":"https:\/\/www.urlaubcornwall.de\/blog\/ferienhaeuser-nahe-caernarfon-castle-persoenlich-inspizierte-unterkuenfte\/","og_site_name":"Urlaub &amp; Reisen","article_modified_time":"2024-04-15T07:44:44+00:00","og_image":[{"url":"https:\/\/www.urlaubcornwall.de\/blog\/wp-content\/uploads\/2024\/03\/Caernarfon-castle-1.jpg"}],"twitter_card":"summary","twitter_misc":{"Est. reading time":"1 minute"},"schema":{"@context":"https:\/\/schema.org","@graph":[{"@type":"WebSite","@id":"https:\/\/www.urlaubcornwall.de\/blog\/#website","url":"https:\/\/www.urlaubcornwall.de\/blog\/","name":"Urlaub &amp; Reisen","description":"Urlaub, Reisen, Cornwall und S\u00fcdengland: eine perfekte Kombination","potentialAction":[{"@type":"SearchAction","target":{"@type":"EntryPoint","urlTemplate":"https:\/\/www.urlaubcornwall.de\/blog\/?s={search_term_string}"},"query-input":"required name=search_term_string"}],"inLanguage":"en-US"},{"@type":"WebPage","@id":"https:\/\/www.urlaubcornwall.de\/blog\/ferienhaeuser-nahe-caernarfon-castle-persoenlich-inspizierte-unterkuenfte\/","url":"https:\/\/www.urlaubcornwall.de\/blog\/ferienhaeuser-nahe-caernarfon-castle-persoenlich-inspizierte-unterkuenfte\/","name":"Ferienh\u00e4user nahe Caernarfon Castle \u2013 Pers\u00f6nlich inspizierte Unterk\u00fcnfte - Urlaub &amp; Reisen","isPartOf":{"@id":"https:\/\/www.urlaubcornwall.de\/blog\/#website"},"datePublished":"2019-07-19T14:47:56+00:00","dateModified":"2024-04-15T07:44:44+00:00","breadcrumb":{"@id":"https:\/\/www.urlaubcornwall.de\/blog\/ferienhaeuser-nahe-caernarfon-castle-persoenlich-inspizierte-unterkuenfte\/#breadcrumb"},"inLanguage":"en-US","potentialAction":[{"@type":"ReadAction","target":["https:\/\/www.urlaubcornwall.de\/blog\/ferienhaeuser-nahe-caernarfon-castle-persoenlich-inspizierte-unterkuenfte\/"]}]},{"@type":"BreadcrumbList","@id":"https:\/\/www.urlaubcornwall.de\/blog\/ferienhaeuser-nahe-caernarfon-castle-persoenlich-inspizierte-unterkuenfte\/#breadcrumb","itemListElement":[{"@type":"ListItem","position":1,"name":"Home","item":"https:\/\/www.urlaubcornwall.de\/blog\/"},{"@type":"ListItem","position":2,"name":"Ferienh\u00e4user nahe Caernarfon Castle \u2013 Pers\u00f6nlich inspizierte Unterk\u00fcnfte"}]}]}},"_links":{"self":[{"href":"https:\/\/www.urlaubcornwall.de\/blog\/wp-json\/wp\/v2\/pages\/38537"}],"collection":[{"href":"https:\/\/www.urlaubcornwall.de\/blog\/wp-json\/wp\/v2\/pages"}],"about":[{"href":"https:\/\/www.urlaubcornwall.de\/blog\/wp-json\/wp\/v2\/types\/page"}],"author":[{"embeddable":true,"href":"https:\/\/www.urlaubcornwall.de\/blog\/wp-json\/wp\/v2\/users\/1"}],"replies":[{"embeddable":true,"href":"https:\/\/www.urlaubcornwall.de\/blog\/wp-json\/wp\/v2\/comments?post=38537"}],"version-history":[{"count":4,"href":"https:\/\/www.urlaubcornwall.de\/blog\/wp-json\/wp\/v2\/pages\/38537\/revisions"}],"predecessor-version":[{"id":49348,"href":"https:\/\/www.urlaubcornwall.de\/blog\/wp-json\/wp\/v2\/pages\/38537\/revisions\/49348"}],"wp:attachment":[{"href":"https:\/\/www.urlaubcornwall.de\/blog\/wp-json\/wp\/v2\/media?parent=38537"}],"curies":[{"name":"wp","href":"https:\/\/api.w.org\/{rel}","templated":true}]}}