{"id":38482,"date":"2019-05-30T17:14:56","date_gmt":"2019-05-30T17:14:56","guid":{"rendered":"https:\/\/www.urlaubcornwall.de\/blog\/?page_id=38482"},"modified":"2019-05-30T17:14:56","modified_gmt":"2019-05-30T17:14:56","slug":"ferienhaeuser-in-cornwall-mit-kindern-schoensten-doerfer-und-staedte","status":"publish","type":"page","link":"https:\/\/www.urlaubcornwall.de\/blog\/ferienhaeuser-in-cornwall-mit-kindern-schoensten-doerfer-und-staedte\/","title":{"rendered":"Ferienh\u00e4user in Cornwall mit Kindern \u2013 Sch\u00f6nsten D\u00f6rfer und St\u00e4dte"},"content":{"rendered":"<p><img loading=\"lazy\" class=\"aligncenter size-full wp-image-38137\" src=\"https:\/\/www.urlaubcornwall.de\/blog\/wp-content\/uploads\/2019\/04\/Charmante-D\u00f6rfer-cornwall.jpg\" alt=\"Charmante Ferienhaus Cornwall mit kindern\" width=\"748\" height=\"498\"\/><br \/>\n<strong>Bei uns finden Sie Ferienh\u00e4user zum Verlieben &#8211; so einfach ist das!<\/strong><\/p>\n<p>Wir bieten Ferienh\u00e4user in Cornwall an, die Kinder willkommen hei\u00dfen. Hier finden Familienfreundlich Ferienh\u00e4user &amp; Ferienwohnungen in England f\u00fcr Ihren Urlaub mit Kindern.<\/p>\n<p style=\"text-align: center;\"><a class=\"plain\" href=\"https:\/\/www.urlaubcornwall.de\/ferienhaeuser-fewos\/altarnun-kinderfreundlich.html\">Altarnun mit Kindern<\/a> (12)<\/p>\n<p style=\"text-align: center;\"><a class=\"plain\" href=\"https:\/\/www.urlaubcornwall.de\/ferienhaeuser-fewos\/bodmin-kinderfreundlich.html\">Bodmin mit Kindern <\/a>(42)<\/p>\n<p style=\"text-align: center;\"><a class=\"plain\" href=\"https:\/\/www.urlaubcornwall.de\/ferienhaeuser-fewos\/boscastle-kinderfreundlich.html\">Boscastle mit Kindern<\/a> (36)<\/p>\n<p style=\"text-align: center;\"><a class=\"plain\" href=\"https:\/\/www.urlaubcornwall.de\/ferienhaeuser-fewos\/bude-kinderfreundlich.html\">Bude mit Kindern<\/a> (24)<\/p>\n<p style=\"text-align: center;\"><a class=\"plain\" href=\"https:\/\/www.urlaubcornwall.de\/ferienhaeuser-fewos\/cadgwith-kinderfreundlich.html\">Cadgwith mit Kindern<\/a> (84)<\/p>\n<p style=\"text-align: center;\"><a class=\"plain\" href=\"https:\/\/www.urlaubcornwall.de\/ferienhaeuser-fewos\/camelford-kinderfreundlich.html\">Camelford mit Kindern<\/a> (59)<\/p>\n<p style=\"text-align: center;\"><a class=\"plain\" href=\"https:\/\/www.urlaubcornwall.de\/ferienhaeuser-fewos\/cargreen-kinderfreundlich.html\">Cargreen mit Kindern<\/a> (13)<\/p>\n<p style=\"text-align: center;\"><a class=\"plain\" href=\"https:\/\/www.urlaubcornwall.de\/ferienhaeuser-fewos\/carlyon-bay-kinderfreundlich.html\">Carlyon Bay mit Kindern<\/a> (36)<\/p>\n<p style=\"text-align: center;\"><a class=\"plain\" href=\"https:\/\/www.urlaubcornwall.de\/ferienhaeuser-fewos\/charlestown-kinderfreundlich.html\">Charlestown mit Kindern<\/a> (32)<\/p>\n<p style=\"text-align: center;\"><a class=\"plain\" href=\"https:\/\/www.urlaubcornwall.de\/ferienhaeuser-fewos\/coverack-kinderfreundlich.html\">Coverack mit Kindern<\/a> (79)<\/p>\n<p style=\"text-align: center;\"><a class=\"plain\" href=\"https:\/\/www.urlaubcornwall.de\/ferienhaeuser-fewos\/crantock-kinderfreundlich.html\">Crantock mit Kindern<\/a> (26)<\/p>\n<p style=\"text-align: center;\"><a class=\"plain\" href=\"https:\/\/www.urlaubcornwall.de\/ferienhaeuser-fewos\/falmouth-kinderfreundlich.html\">Falmouth mit Kindern<\/a> (178)<\/p>\n<p style=\"text-align: center;\"><a class=\"plain\" href=\"https:\/\/www.urlaubcornwall.de\/ferienhaeuser-fewos\/flushing-kinderfreundlich.html\">Flushing mit Kindern<\/a> (162)<\/p>\n<p style=\"text-align: center;\"><a class=\"plain\" href=\"https:\/\/www.urlaubcornwall.de\/ferienhaeuser-fewos\/fowey-kinderfreundlich.html\">Fowey mit Kindern<\/a> (37)<\/p>\n<p style=\"text-align: center;\"><a class=\"plain\" href=\"https:\/\/www.urlaubcornwall.de\/ferienhaeuser-fewos\/gerrans-kinderfreundlich.html\">Gerrans mit Kindern<\/a> (143)<\/p>\n<p style=\"text-align: center;\"><a class=\"plain\" href=\"https:\/\/www.urlaubcornwall.de\/ferienhaeuser-fewos\/hayle-kinderfreundlich.html\">Hayle mit Kindern<\/a> (116)<\/p>\n<p style=\"text-align: center;\"><a class=\"plain\" href=\"https:\/\/www.urlaubcornwall.de\/ferienhaeuser-fewos\/helford-kinderfreundlich.html\">Helford mit Kindern<\/a> (130)<\/p>\n<p style=\"text-align: center;\"><a class=\"plain\" href=\"https:\/\/www.urlaubcornwall.de\/ferienhaeuser-fewos\/helston-kinderfreundlich.html\">Helston mit Kindern<\/a> (103)<\/p>\n<p style=\"text-align: center;\"><a class=\"plain\" href=\"https:\/\/www.urlaubcornwall.de\/ferienhaeuser-fewos\/kingsand-kinderfreundlich.html\">Kingsand mit Kindern<\/a> (13)<\/p>\n<p style=\"text-align: center;\"><a class=\"plain\" href=\"https:\/\/www.urlaubcornwall.de\/ferienhaeuser-fewos\/lamorna-cove-kinderfreundlich.html\">Lamorna Cove mit Kindern<\/a> (113)<\/p>\n<p style=\"text-align: center;\"><a class=\"plain\" href=\"https:\/\/www.urlaubcornwall.de\/ferienhaeuser-fewos\/launceston-kinderfreundlich.html\">Launceston mit Kindern<\/a> (14)<\/p>\n<p style=\"text-align: center;\"><a class=\"plain\" href=\"https:\/\/www.urlaubcornwall.de\/ferienhaeuser-fewos\/liskeard-kinderfreundlich.html\">Liskeard mit Kindern<\/a> (24)<\/p>\n<p style=\"text-align: center;\"><a class=\"plain\" href=\"https:\/\/www.urlaubcornwall.de\/ferienhaeuser-fewos\/looe-kinderfreundlich.html\">Looe mit Kindern<\/a> (23)<\/p>\n<p style=\"text-align: center;\"><a class=\"plain\" href=\"https:\/\/www.urlaubcornwall.de\/ferienhaeuser-fewos\/lostwithiel-kinderfreundlich.html\">Lostwithiel mit Kindern<\/a> (48)<\/p>\n<p style=\"text-align: center;\"><a class=\"plain\" href=\"https:\/\/www.urlaubcornwall.de\/ferienhaeuser-fewos\/marazion-kinderfreundlich.html\">Marazion mit Kindern<\/a> (145)<\/p>\n<p style=\"text-align: center;\"><a class=\"plain\" href=\"https:\/\/www.urlaubcornwall.de\/ferienhaeuser-fewos\/mawgan-porth-kinderfreundlich.html\">Mawgan Porth mit Kindern<\/a> (28)<\/p>\n<p style=\"text-align: center;\"><a class=\"plain\" href=\"https:\/\/www.urlaubcornwall.de\/ferienhaeuser-fewos\/mevagissey-kinderfreundlich.html\">Mevagissey mit Kindern<\/a> (22)<\/p>\n<p style=\"text-align: center;\"><a class=\"plain\" href=\"https:\/\/www.urlaubcornwall.de\/ferienhaeuser-fewos\/mousehole-kinderfreundlich.html\">Mousehole mit Kindern<\/a> (125)<\/p>\n<p style=\"text-align: center;\"><a class=\"plain\" href=\"https:\/\/www.urlaubcornwall.de\/ferienhaeuser-fewos\/mullion-kinderfreundlich.html\">Mullion mit Kindern<\/a> (98)<\/p>\n<p style=\"text-align: center;\"><a class=\"plain\" href=\"https:\/\/www.urlaubcornwall.de\/ferienhaeuser-fewos\/newquay-kinderfreundlich.html\">Newquay mit Kindern<\/a> (24)<\/p>\n<p style=\"text-align: center;\"><a class=\"plain\" href=\"https:\/\/www.urlaubcornwall.de\/ferienhaeuser-fewos\/padstow-kinderfreundlich.html\">Padstow mit Kindern<\/a> (40)<\/p>\n<p style=\"text-align: center;\"><a class=\"plain\" href=\"https:\/\/www.urlaubcornwall.de\/ferienhaeuser-fewos\/penzance-kinderfreundlich.html\">Penzance mit Kindern<\/a> (158)<\/p>\n<p style=\"text-align: center;\"><a class=\"plain\" href=\"https:\/\/www.urlaubcornwall.de\/ferienhaeuser-fewos\/perranporth-kinderfreundlich.html\">Perranporth mit Kindern<\/a> (39)<\/p>\n<p style=\"text-align: center;\"><a class=\"plain\" href=\"https:\/\/www.urlaubcornwall.de\/ferienhaeuser-fewos\/polperro-kinderfreundlich.html\">Polperro mit Kindern<\/a> (32)<\/p>\n<p style=\"text-align: center;\"><a class=\"plain\" href=\"https:\/\/www.urlaubcornwall.de\/ferienhaeuser-fewos\/polzeath-kinderfreundlich.html\">Polzeath mit Kindern<\/a> (36)<\/p>\n<p style=\"text-align: center;\"><a class=\"plain\" href=\"https:\/\/www.urlaubcornwall.de\/ferienhaeuser-fewos\/port-isaac-kinderfreundlich.html\">Port Isaac mit Kindern<\/a> (56)<\/p>\n<p style=\"text-align: center;\"><a class=\"plain\" href=\"https:\/\/www.urlaubcornwall.de\/ferienhaeuser-fewos\/porthallow-kinderfreundlich.html\">Porthallow mit Kindern<\/a> (103)<\/p>\n<p style=\"text-align: center;\"><a class=\"plain\" href=\"https:\/\/www.urlaubcornwall.de\/ferienhaeuser-fewos\/porthcurno-kinderfreundlich.html\">Porthcurno mit Kindern<\/a> (72)<\/p>\n<p style=\"text-align: center;\"><a class=\"plain\" href=\"https:\/\/www.urlaubcornwall.de\/ferienhaeuser-fewos\/porthleven-kinderfreundlich.html\">Porthleven mit Kindern<\/a> (95)<\/p>\n<p style=\"text-align: center;\"><a class=\"plain\" href=\"https:\/\/www.urlaubcornwall.de\/ferienhaeuser-fewos\/portloe-kinderfreundlich.html\">Portloe mit Kindern<\/a> (102)<\/p>\n<p style=\"text-align: center;\"><a class=\"plain\" href=\"https:\/\/www.urlaubcornwall.de\/ferienhaeuser-fewos\/portreath-kinderfreundlich.html\">Portreath mit Kindern<\/a> (48)<\/p>\n<p style=\"text-align: center;\"><a class=\"plain\" href=\"https:\/\/www.urlaubcornwall.de\/ferienhaeuser-fewos\/portscatho-kinderfreundlich.html\">Portscatho mit Kindern<\/a> (146)<\/p>\n<p style=\"text-align: center;\"><a class=\"plain\" href=\"https:\/\/www.urlaubcornwall.de\/ferienhaeuser-fewos\/praa-sands-kinderfreundlich.html\">Praa Sands mit Kindern<\/a> (103)<\/p>\n<p style=\"text-align: center;\"><a class=\"plain\" href=\"https:\/\/www.urlaubcornwall.de\/ferienhaeuser-fewos\/rock-kinderfreundlich.html\">Rock mit Kindern<\/a> (39)<\/p>\n<p style=\"text-align: center;\"><a class=\"plain\" href=\"https:\/\/www.urlaubcornwall.de\/ferienhaeuser-fewos\/sennen-kinderfreundlich.html\">Sennen mit Kindern<\/a> (67)<\/p>\n<p style=\"text-align: center;\"><a class=\"plain\" href=\"https:\/\/www.urlaubcornwall.de\/ferienhaeuser-fewos\/st-agnes-kinderfreundlich.html\">St Agnes mit Kindern<\/a> (40)<\/p>\n<p style=\"text-align: center;\"><a class=\"plain\" href=\"https:\/\/www.urlaubcornwall.de\/ferienhaeuser-fewos\/st-austell mit Kindern\">St Austell mit Kindern<\/a> (34)<\/p>\n<p style=\"text-align: center;\"><a class=\"plain\" href=\"https:\/\/www.urlaubcornwall.de\/ferienhaeuser-fewos\/st-ives-kinderfreundlich.html\">St Ives mit Kindern<\/a> (95)<\/p>\n<p style=\"text-align: center;\"><a class=\"plain\" href=\"https:\/\/www.urlaubcornwall.de\/ferienhaeuser-fewos\/st-just-kinderfreundlich.html\">St-just mit Kindern<\/a> (93)<\/p>\n<p style=\"text-align: center;\"><a class=\"plain\" href=\"https:\/\/www.urlaubcornwall.de\/ferienhaeuser-fewos\/st-mawes-kinderfreundlich.html\">St Mawes mit Kindern<\/a> (150)<\/p>\n<p style=\"text-align: center;\"><a class=\"plain\" href=\"https:\/\/www.urlaubcornwall.de\/ferienhaeuser-fewos\/st-neot-kinderfreundlich.html\">St Neot mit Kindern<\/a> (26)<\/p>\n<p style=\"text-align: center;\"><a class=\"plain\" href=\"https:\/\/www.urlaubcornwall.de\/ferienhaeuser-fewos\/the-lizard-kinderfreundlich.html\">The Lizard mit Kindern<\/a> (69)<\/p>\n<p style=\"text-align: center;\"><a class=\"plain\" href=\"https:\/\/www.urlaubcornwall.de\/ferienhaeuser-fewos\/tintagel-kinderfreundlich.html\">Tintagel mit Kindern<\/a> (48)<\/p>\n<p style=\"text-align: center;\"><a class=\"plain\" href=\"https:\/\/www.urlaubcornwall.de\/ferienhaeuser-fewos\/torpoint-kinderfreundlich.html\">Torpoint mit Kindern<\/a> (15)<\/p>\n<p style=\"text-align: center;\"><a class=\"plain\" href=\"https:\/\/www.urlaubcornwall.de\/ferienhaeuser-fewos\/truro-kinderfreundlich.html\">Truro mit Kindern<\/a> (116)<\/p>\n<p style=\"text-align: center;\"><a class=\"plain\" href=\"https:\/\/www.urlaubcornwall.de\/ferienhaeuser-fewos\/wadebridge-kinderfreundlich.html\">Wadebridge mit Kindern<\/a> (62)<\/p>\n<p style=\"text-align: center;\"><a class=\"plain\" href=\"https:\/\/www.urlaubcornwall.de\/ferienhaeuser-fewos\/widemouth-bay-kinderfreundlich.html\">Widemouth Bay mit Kindern<\/a> (21)<\/p>\n\n","protected":false},"excerpt":{"rendered":"<p>Bei uns finden Sie Ferienh\u00e4user zum Verlieben &#8211; so einfach ist das! Wir bieten Ferienh\u00e4user in Cornwall an, die Kinder willkommen hei\u00dfen. Hier finden Familienfreundlich Ferienh\u00e4user &amp; Ferienwohnungen in England f\u00fcr Ihren Urlaub mit Kindern. Altarnun mit Kindern (12) Bodmin mit Kindern (42) Boscastle mit Kindern (36) Bude mit Kindern (24) Cadgwith mit Kindern (84) [&hellip;]<\/p>\n","protected":false},"author":1,"featured_media":0,"parent":0,"menu_order":0,"comment_status":"closed","ping_status":"closed","template":"single-four.php","meta":[],"acf":[],"yoast_head":"<!-- This site is optimized with the Yoast SEO plugin v19.4 - https:\/\/yoast.com\/wordpress\/plugins\/seo\/ -->\n<title>Ferienh\u00e4user in Cornwall mit Kindern \u2013 Sch\u00f6nsten D\u00f6rfer und St\u00e4dte - Urlaub &amp; Reisen<\/title>\n<meta name=\"robots\" content=\"index, follow, max-snippet:-1, max-image-preview:large, max-video-preview:-1\" \/>\n<link rel=\"canonical\" href=\"https:\/\/www.urlaubcornwall.de\/blog\/ferienhaeuser-in-cornwall-mit-kindern-schoensten-doerfer-und-staedte\/\" \/>\n<meta property=\"og:locale\" content=\"en_US\" \/>\n<meta property=\"og:type\" content=\"article\" \/>\n<meta property=\"og:title\" content=\"Ferienh\u00e4user in Cornwall mit Kindern \u2013 Sch\u00f6nsten D\u00f6rfer und St\u00e4dte - Urlaub &amp; Reisen\" \/>\n<meta property=\"og:description\" content=\"Bei uns finden Sie Ferienh\u00e4user zum Verlieben &#8211; so einfach ist das! Wir bieten Ferienh\u00e4user in Cornwall an, die Kinder willkommen hei\u00dfen. Hier finden Familienfreundlich Ferienh\u00e4user &amp; Ferienwohnungen in England f\u00fcr Ihren Urlaub mit Kindern. Altarnun mit Kindern (12) Bodmin mit Kindern (42) Boscastle mit Kindern (36) Bude mit Kindern (24) Cadgwith mit Kindern (84) [&hellip;]\" \/>\n<meta property=\"og:url\" content=\"https:\/\/www.urlaubcornwall.de\/blog\/ferienhaeuser-in-cornwall-mit-kindern-schoensten-doerfer-und-staedte\/\" \/>\n<meta property=\"og:site_name\" content=\"Urlaub &amp; Reisen\" \/>\n<meta property=\"og:image\" content=\"https:\/\/www.urlaubcornwall.de\/blog\/wp-content\/uploads\/2019\/04\/Charmante-D\u00f6rfer-cornwall.jpg\" \/>\n<meta name=\"twitter:card\" content=\"summary\" \/>\n<meta name=\"twitter:label1\" content=\"Est. reading time\" \/>\n\t<meta name=\"twitter:data1\" content=\"1 minute\" \/>\n<script type=\"application\/ld+json\" class=\"yoast-schema-graph\">{\"@context\":\"https:\/\/schema.org\",\"@graph\":[{\"@type\":\"WebSite\",\"@id\":\"https:\/\/www.urlaubcornwall.de\/blog\/#website\",\"url\":\"https:\/\/www.urlaubcornwall.de\/blog\/\",\"name\":\"Urlaub &amp; Reisen\",\"description\":\"Urlaub, Reisen, Cornwall und S\u00fcdengland: eine perfekte Kombination\",\"potentialAction\":[{\"@type\":\"SearchAction\",\"target\":{\"@type\":\"EntryPoint\",\"urlTemplate\":\"https:\/\/www.urlaubcornwall.de\/blog\/?s={search_term_string}\"},\"query-input\":\"required name=search_term_string\"}],\"inLanguage\":\"en-US\"},{\"@type\":\"WebPage\",\"@id\":\"https:\/\/www.urlaubcornwall.de\/blog\/ferienhaeuser-in-cornwall-mit-kindern-schoensten-doerfer-und-staedte\/\",\"url\":\"https:\/\/www.urlaubcornwall.de\/blog\/ferienhaeuser-in-cornwall-mit-kindern-schoensten-doerfer-und-staedte\/\",\"name\":\"Ferienh\u00e4user in Cornwall mit Kindern \u2013 Sch\u00f6nsten D\u00f6rfer und St\u00e4dte - Urlaub &amp; Reisen\",\"isPartOf\":{\"@id\":\"https:\/\/www.urlaubcornwall.de\/blog\/#website\"},\"datePublished\":\"2019-05-30T17:14:56+00:00\",\"dateModified\":\"2019-05-30T17:14:56+00:00\",\"breadcrumb\":{\"@id\":\"https:\/\/www.urlaubcornwall.de\/blog\/ferienhaeuser-in-cornwall-mit-kindern-schoensten-doerfer-und-staedte\/#breadcrumb\"},\"inLanguage\":\"en-US\",\"potentialAction\":[{\"@type\":\"ReadAction\",\"target\":[\"https:\/\/www.urlaubcornwall.de\/blog\/ferienhaeuser-in-cornwall-mit-kindern-schoensten-doerfer-und-staedte\/\"]}]},{\"@type\":\"BreadcrumbList\",\"@id\":\"https:\/\/www.urlaubcornwall.de\/blog\/ferienhaeuser-in-cornwall-mit-kindern-schoensten-doerfer-und-staedte\/#breadcrumb\",\"itemListElement\":[{\"@type\":\"ListItem\",\"position\":1,\"name\":\"Home\",\"item\":\"https:\/\/www.urlaubcornwall.de\/blog\/\"},{\"@type\":\"ListItem\",\"position\":2,\"name\":\"Ferienh\u00e4user in Cornwall mit Kindern \u2013 Sch\u00f6nsten D\u00f6rfer und St\u00e4dte\"}]}]}<\/script>\n<!-- \/ Yoast SEO plugin. -->","yoast_head_json":{"title":"Ferienh\u00e4user in Cornwall mit Kindern \u2013 Sch\u00f6nsten D\u00f6rfer und St\u00e4dte - Urlaub &amp; Reisen","robots":{"index":"index","follow":"follow","max-snippet":"max-snippet:-1","max-image-preview":"max-image-preview:large","max-video-preview":"max-video-preview:-1"},"canonical":"https:\/\/www.urlaubcornwall.de\/blog\/ferienhaeuser-in-cornwall-mit-kindern-schoensten-doerfer-und-staedte\/","og_locale":"en_US","og_type":"article","og_title":"Ferienh\u00e4user in Cornwall mit Kindern \u2013 Sch\u00f6nsten D\u00f6rfer und St\u00e4dte - Urlaub &amp; Reisen","og_description":"Bei uns finden Sie Ferienh\u00e4user zum Verlieben &#8211; so einfach ist das! Wir bieten Ferienh\u00e4user in Cornwall an, die Kinder willkommen hei\u00dfen. Hier finden Familienfreundlich Ferienh\u00e4user &amp; Ferienwohnungen in England f\u00fcr Ihren Urlaub mit Kindern. Altarnun mit Kindern (12) Bodmin mit Kindern (42) Boscastle mit Kindern (36) Bude mit Kindern (24) Cadgwith mit Kindern (84) [&hellip;]","og_url":"https:\/\/www.urlaubcornwall.de\/blog\/ferienhaeuser-in-cornwall-mit-kindern-schoensten-doerfer-und-staedte\/","og_site_name":"Urlaub &amp; Reisen","og_image":[{"url":"https:\/\/www.urlaubcornwall.de\/blog\/wp-content\/uploads\/2019\/04\/Charmante-D\u00f6rfer-cornwall.jpg"}],"twitter_card":"summary","twitter_misc":{"Est. reading time":"1 minute"},"schema":{"@context":"https:\/\/schema.org","@graph":[{"@type":"WebSite","@id":"https:\/\/www.urlaubcornwall.de\/blog\/#website","url":"https:\/\/www.urlaubcornwall.de\/blog\/","name":"Urlaub &amp; Reisen","description":"Urlaub, Reisen, Cornwall und S\u00fcdengland: eine perfekte Kombination","potentialAction":[{"@type":"SearchAction","target":{"@type":"EntryPoint","urlTemplate":"https:\/\/www.urlaubcornwall.de\/blog\/?s={search_term_string}"},"query-input":"required name=search_term_string"}],"inLanguage":"en-US"},{"@type":"WebPage","@id":"https:\/\/www.urlaubcornwall.de\/blog\/ferienhaeuser-in-cornwall-mit-kindern-schoensten-doerfer-und-staedte\/","url":"https:\/\/www.urlaubcornwall.de\/blog\/ferienhaeuser-in-cornwall-mit-kindern-schoensten-doerfer-und-staedte\/","name":"Ferienh\u00e4user in Cornwall mit Kindern \u2013 Sch\u00f6nsten D\u00f6rfer und St\u00e4dte - Urlaub &amp; Reisen","isPartOf":{"@id":"https:\/\/www.urlaubcornwall.de\/blog\/#website"},"datePublished":"2019-05-30T17:14:56+00:00","dateModified":"2019-05-30T17:14:56+00:00","breadcrumb":{"@id":"https:\/\/www.urlaubcornwall.de\/blog\/ferienhaeuser-in-cornwall-mit-kindern-schoensten-doerfer-und-staedte\/#breadcrumb"},"inLanguage":"en-US","potentialAction":[{"@type":"ReadAction","target":["https:\/\/www.urlaubcornwall.de\/blog\/ferienhaeuser-in-cornwall-mit-kindern-schoensten-doerfer-und-staedte\/"]}]},{"@type":"BreadcrumbList","@id":"https:\/\/www.urlaubcornwall.de\/blog\/ferienhaeuser-in-cornwall-mit-kindern-schoensten-doerfer-und-staedte\/#breadcrumb","itemListElement":[{"@type":"ListItem","position":1,"name":"Home","item":"https:\/\/www.urlaubcornwall.de\/blog\/"},{"@type":"ListItem","position":2,"name":"Ferienh\u00e4user in Cornwall mit Kindern \u2013 Sch\u00f6nsten D\u00f6rfer und St\u00e4dte"}]}]}},"_links":{"self":[{"href":"https:\/\/www.urlaubcornwall.de\/blog\/wp-json\/wp\/v2\/pages\/38482"}],"collection":[{"href":"https:\/\/www.urlaubcornwall.de\/blog\/wp-json\/wp\/v2\/pages"}],"about":[{"href":"https:\/\/www.urlaubcornwall.de\/blog\/wp-json\/wp\/v2\/types\/page"}],"author":[{"embeddable":true,"href":"https:\/\/www.urlaubcornwall.de\/blog\/wp-json\/wp\/v2\/users\/1"}],"replies":[{"embeddable":true,"href":"https:\/\/www.urlaubcornwall.de\/blog\/wp-json\/wp\/v2\/comments?post=38482"}],"version-history":[{"count":1,"href":"https:\/\/www.urlaubcornwall.de\/blog\/wp-json\/wp\/v2\/pages\/38482\/revisions"}],"predecessor-version":[{"id":38484,"href":"https:\/\/www.urlaubcornwall.de\/blog\/wp-json\/wp\/v2\/pages\/38482\/revisions\/38484"}],"wp:attachment":[{"href":"https:\/\/www.urlaubcornwall.de\/blog\/wp-json\/wp\/v2\/media?parent=38482"}],"curies":[{"name":"wp","href":"https:\/\/api.w.org\/{rel}","templated":true}]}}