{"id":38477,"date":"2019-05-13T15:08:50","date_gmt":"2019-05-13T15:08:50","guid":{"rendered":"https:\/\/www.urlaubcornwall.de\/blog\/?page_id=38477"},"modified":"2026-01-07T10:16:35","modified_gmt":"2026-01-07T10:16:35","slug":"die-schoensten-straende-in-dorset-jurassic-kueste","status":"publish","type":"page","link":"https:\/\/www.urlaubcornwall.de\/blog\/die-schoensten-straende-in-dorset-jurassic-kueste\/","title":{"rendered":"Die sch\u00f6nsten Str\u00e4nde in Dorset &#8211; Jurassic K\u00fcste"},"content":{"rendered":"<p><img loading=\"lazy\" class=\"aligncenter size-full wp-image-47909\" src=\"https:\/\/www.urlaubcornwall.de\/blog\/wp-content\/uploads\/2024\/03\/lyme-regis-dorset.jpg\" alt=\"lyme regis dorset\" width=\"750\" height=\"379\" srcset=\"https:\/\/www.urlaubcornwall.de\/blog\/wp-content\/uploads\/2024\/03\/lyme-regis-dorset.jpg 750w, https:\/\/www.urlaubcornwall.de\/blog\/wp-content\/uploads\/2024\/03\/lyme-regis-dorset-300x152.jpg 300w\" sizes=\"(max-width: 750px) 100vw, 750px\" \/><\/p>\n<p>Dorset verf\u00fcgt \u00fcber ungef\u00e4hr 160km K\u00fcste, die sich von Lyme Regis bis nach Highcliffe in der Christchurch Bay erstreckt. Von den Str\u00e4nden der Jurak\u00fcste, die sich gro\u00dfartig eignen, nach Fossilien zu suchen, bis hin zu Sandstr\u00e4nden, kristallklaren Gew\u00e4ssern, sicherem Schwimmen und dem meistbekannten offiziellen FKK-Strand hat <a href=\"https:\/\/www.urlaubcornwall.de\/reiseziel\/dorset.php\">Dorset<\/a> jedermann etwas zu bieten.<\/p>\n<p><strong>Lyme Regis Str\u00e4nde &#8211;<\/strong> Die Str\u00e4nde in der historischen und <a href=\"https:\/\/www.urlaubcornwall.de\/ferienhaeuser-fewos\/eng\/dorset\/lyme-regis.html\">malerischen Meeresstadt Lyme Regis<\/a> sind eine Mischung aus Sand und Kieseln.<\/p>\n<p><strong>Cobb Beach \u2013<\/strong> dieser Sandstrand ist durch die bekannte Hafenmauer gesch\u00fctzt, The Cobb. Machen Sie doch einen Spaziergang entlang der Cobb, um herrlichen Blick der K\u00fcste von West-Dorset und Ost-Devon zu genie\u00dfen. Es gibt vom 1. April- 31. Oktober ein saisonales Hundeverbot.<\/p>\n<p><strong>Monmouth Beach<\/strong>&nbsp; &#8211; befindet sich direkt au\u00dferhalb der Stadt Lyme Regis und ist Teil der spektakul\u00e4ren Jurak\u00fcste. Dieser Sand- und Kieselstrand erstreckt sich vom Cobb \u00fcber ungef\u00e4hr 1,5km bis zum Pinhey Strand. Es ist ein gro\u00dfartiger Ort, um nach Fossilien zu suchen. Der Strand hat im Hintergrund hohe Klippen, die sch\u00e4tzungsweise nahezu 200 Millionen Jahre alt sind. &nbsp;Sie sind mitunter wenig stabil, so dass Sie nicht zu nahe herangehen sollten im Falle von Gesteinsbr\u00fcchen. Hunde sind am Strand das ganze Jahr \u00fcber erlaubt.<\/p>\n<div class=\"snippet\"> <a class=\"featured-item\" href=\"https:\/\/www.urlaubcornwall.de\/ferienhaeuser\/suedengland.php\"> <span class=\"image-holder\" style=\"background-image: url(' https:\/\/www.urlaubcornwall.de\/blog\/wp-content\/uploads\/2018\/12\/ferienhaus-cornwall-mit-hund.jpg');\"><\/span> <span class=\"featured-content\"> \n<h2 class=\"featured-title\">Ferienh\u00e4user in Dorset &#038; England<\/h2>\n<p class=\"featured-body\">Bei uns finden Sie Ferienh\u00e4user zum Verlieben; so einfach ist das! UrlaubCornwall.de hat eine einzigartige Sammlung pers\u00f6nlich inspizierter Ferienh\u00e4user und Ferienwohnungen&#8230;.<\/p><\/span> <span class=\"featured-link-holder\"> <span class=\"featured-extra-info\"> \n<p>F\u00fcr Paare, Familien &#038; Gruppen<\/p>\n<\/span> \n<p class=\"featured-link\">DETAILS<\/p>\n<\/span> <\/a><\/div>\n<p><strong>West Bay Beach, Bridport &#8211;<\/strong> Lediglich 2,4 km von <a href=\"https:\/\/www.urlaubcornwall.de\/ferienhaeuser-fewos\/eng\/dorset\/bridport.html\">Bridport<\/a> entfernt an der M\u00fcndung des Flusses Brit, ist West Bay einer von zwei Str\u00e4nden beiderseits des Hafens, West Beach and West Bay East.<\/p>\n<p>West Beach ist der kleinere von den beiden Kieselstr\u00e4nden und gilt als sicherer f\u00fcr Kinder, um hier im klaren Wasser zu spielen. Der Jurassic Pier ist 240m lang mit jeder Menge Sitzm\u00f6glichkeiten, wo Sie sich niederlassen und den Blick entlang der K\u00fcste bewundern k\u00f6nnen.<\/p>\n<div id=\"attachment_23116\" style=\"width: 753px\" class=\"wp-caption alignnone\"><a href=\"https:\/\/www.urlaubcornwall.de\/blog\/wp-content\/uploads\/2016\/02\/chesil-strand_reisen-dorset.jpg\"><img aria-describedby=\"caption-attachment-23116\" loading=\"lazy\" class=\"size-full wp-image-23116\" src=\"https:\/\/www.urlaubcornwall.de\/blog\/wp-content\/uploads\/2016\/02\/chesil-strand_reisen-dorset.jpg\" alt=\"chesil strand_reisen dorset\" width=\"748\" height=\"424\"\/><\/a><p id=\"caption-attachment-23116\" class=\"wp-caption-text\">Chesil Beach nahe Weymouth<\/p><\/div>\n<p><strong>Chesil Beach, Weymouth<\/strong> &#8211; Chesil Beach ist einer der ungew\u00f6hnlichsten Str\u00e4nde, die Sie im gesamten UK finden werden. Der riesige Kieselabschnitt ist 28 km lang und erstreckt sich von Portland bis nach West Bay; im Durchschnitt 160m breit und bis zu 12m hoch. Er befindet sich im Zentrum der Jurak\u00fcste und ist ein wichtiges Gebiet f\u00fcr Tierleben.<\/p>\n<p>Hunde sind das ganze Jahr \u00fcber am Chesil Beach erlaubt, nicht jedoch am Schwanenteich.<\/p>\n<p><strong>Weymouth Sandstrand, Weymouth &#8211;<\/strong> Weymouth Beach ist ein geschwungener Sandbogen von 4,8 km L\u00e4nge, der sich lediglich Minuten vom Stadtzentrum und dem <a href=\"https:\/\/www.urlaubcornwall.de\/ferienhaeuser-fewos\/eng\/dorset\/weymouth.html\">Hafen von Weymouth<\/a> entfernt befindet. Die sicheren, niederen Gew\u00e4sser sind ideal zum Schwimmen, und es gibt jede Menge traditioneller Vergn\u00fcgungsaktivit\u00e4ten am Meer, von Eselsritten bis hin zu Kasperltheater. Um atemberaubenden Blick \u00fcber die Jurak\u00fcste zu gewinnen, machen Sie eine Fahrt mit der \u2018Jurassic Skyline\u2019, einer Gondel, die sich 53m \u00fcber Weymouth erhebt, wobei die Aussichtskapsel um 360 Grad rotiert und Ihnen somit einen vollst\u00e4ndigen Panoramablick der Umgebung gew\u00e4hrleistet.<\/p>\n<p>Hunde sind am Weymouth Beach vom 1. Mai \u2013 30. September nicht gestattet.<\/p>\n<p><strong>Durdle Door, Lulworth, Weymouth &#8211;<\/strong> Der herrliche Bogen von Durdle Door, sowie die wundersch\u00f6n klaren Gew\u00e4sser machen Durdle Door Beach zu einem einzigartigen und malerischen Ort. Der Strand hat im Hintergrund hohe Kalkklippen der Jurak\u00fcste und ist erreichbar mittels eines Pfades und Stufen von der <a href=\"https:\/\/www.urlaubcornwall.de\/ferienhaeuser-fewos\/eng\/dorset\/lulworth.html\">Lulworth Cove<\/a> aus. Das kristallklare Wasser macht ihn beliebt zum Schwimmen und Schnorcheln, doch die Bucht ist recht rasch absteigend, so dass Sie mit Kindern aufpassen sollten.<\/p>\n<p>Hunde sind am Strand das ganze Jahr \u00fcber erlaubt.<br \/>\n<div id=\"attachment_38478\" style=\"width: 753px\" class=\"wp-caption alignnone\"><a href=\"https:\/\/www.urlaubcornwall.de\/blog\/wp-content\/uploads\/2019\/05\/lulworth-cove.jpg\"><img aria-describedby=\"caption-attachment-38478\" loading=\"lazy\" src=\"https:\/\/www.urlaubcornwall.de\/blog\/wp-content\/uploads\/2019\/05\/lulworth-cove.jpg\" alt=\"Lulworth Cove\" width=\"748\" height=\"443\" class=\"size-full wp-image-38478\" \/><\/a><p id=\"caption-attachment-38478\" class=\"wp-caption-text\">Lulworth Cove<\/p><\/div><\/p>\n<p><strong>Lulworth Cove, West Lulworth, Weymouth &#8211;<\/strong> Lulworth Cove Beach ist ein wundersch\u00f6ner Strand in der Form eines Hufeisens mit wei\u00dfen Kieseln. Es gibt jede Menge Felspools zu erkunden, und der Strand ist im Sommer sehr beliebt. Es gibt Bootsfahrten um die Bucht herum, und das Jurassic Coast Heritage Zentrum befindet sich hier.<\/p>\n<p>Hunde sind links des Slipway am Strand erlaubt.<\/p>\n<p><strong>Kimmeridge Bay nahe Wareham &#8211;<\/strong> Kimmeridge Bay befindet sich im Purbeck Marine Wildlife Reservat und bietet die besten Felspools und das sicherste Schnorcheln in ganz Dorset. Der Strand ist felsig, und das Wasser ist kristallklar. Es gibt Fossilien in den Felsen, doch ist es nicht gestattet, Fossilien mitzunehmen oder die Felsen zu zerschlagen. Spazieren Sie hinauf zum Clavell Tower; eine wundersch\u00f6ne viktorianische Verr\u00fccktheit, die auf einem H\u00fcgel errichtet wurde, um wundervollen Blick \u00fcber die Bucht zu erhalten.<\/p>\n<p>Hunde sind das ganze Jahr \u00fcber erlaubt.<\/p>\n<p><strong>Swanage &#8211;<\/strong> Im <a href=\"https:\/\/www.urlaubcornwall.de\/ferienhaeuser-fewos\/eng\/dorset\/swanage.html\">viktorianischen Badeort Swanage<\/a> ist der Sandstrand eine der Hauptattraktionen der Stadt. Dieser blau beflaggte Strand ist gro\u00dfartig f\u00fcr Familien; es gibt Liegest\u00fchle zu leihen, sowie Tretboote, Kajaks und Sonnenliegen. Der Strand verl\u00e4uft der L\u00e4nge der Stadt entlang und hat im Hintergrund eine Promenade mit Gesch\u00e4ften und Vergn\u00fcgungsm\u00f6glichkeiten; es gibt auch einen viktorianischen Pier, der der gesamten Familie jede Menge zu bieten hat.<\/p>\n<p>Hunde sind am Strand erlaubt, nicht jedoch zwischen dem 30. April \u2013 1. Oktober, wenn ein saisonales Hundeverbot gilt.<\/p>\n<div class=\"snippet\"> <a class=\"featured-item\" href=\" https:\/\/www.urlaubcornwall.de\/rundreisen\/grossbritannien.php\"> <span class=\"image-holder\" style=\"background-image: url(' https:\/\/www.urlaubcornwall.de\/blog\/wp-content\/uploads\/2018\/11\/rundreise-cornwall.jpg ');\"><\/span> <span class=\"featured-content\"> \n<h2 class=\"featured-title\">Individuelle Rundreise in England<\/h2>\n<p class=\"featured-body\">Mit Sitz im Vereinten K\u00f6nigreich und einer Reiseleidenschaft haben wir uns darin spezialisiert, individuelle Rundreisen f\u00fcr Paare, Familien oder Gruppen zusammenzustellen&#8230;.<\/p>\n<\/span> <span class=\"featured-link-holder\"> <span class=\"featured-extra-info\"> \n<p>Urlaub im eigenen Schritttempo<\/p>\n<\/span> \n<p class=\"featured-link\">DETAILS<\/p>\n<\/span> <\/a><\/div>\n<p><strong>Studland Bucht, Swanage &#8211;<\/strong> <a href=\"https:\/\/www.urlaubcornwall.de\/ferienhaeuser-fewos\/eng\/dorset\/studland.html\">Studland Bay ist ein 6, 5km langer goldener Sandstrand<\/a> an der <a href=\"https:\/\/www.urlaubcornwall.de\/ferienhaeuser-fewos\/eng\/dorset\/isle-of-purbeck.html\">Purbeck K\u00fcste<\/a>. Er ist Teil des Studland National Naturreservats und wird von Familien und Fans des Wassersports s\u00e4mtlicher Altersgruppen geliebt. Das Heideland und die D\u00fcnen hinter dem Strand sind ein Paradies f\u00fcr Tierleben und das Zuhause s\u00e4mtlicher 6 britischer Reptilien. Sie haben von hier einen wundervollen Blick zu den Old Harry Rocks und die Isle of Wight.<\/p>\n<p>Hunde m\u00fcssen zwischen dem 1. Mai \u2013 30. September an kurzen Leinen gef\u00fchrt werden (2m maximal); im Winter gibt es keine Einschr\u00e4nkungen.<\/p>\n<p><strong>Sandbanks Beach, Poole &#8211;<\/strong> Der blau beflaggte <a href=\"https:\/\/www.urlaubcornwall.de\/ferienhaeuser-fewos\/eng\/dorset\/poole.html\">Sandstrand von Sandbanks<\/a> gilt als einer von Britanniens besten Str\u00e4nden. Aufgrund des goldenen Sandes und wundervollen Blicks wird Sandbanks auch \u2018Palmenstrand\u2019 Britanniens genannt, und es gibt jede Menge Hotels und Restaurants von top Qualit\u00e4t. Es gibt eine Kettenf\u00e4hre, die Sandbanks mit der Studland Bay verbindet.<\/p>\n<p>Hunde sind zwischen dem 1. Mai \u2013 30. September am Strand nicht erlaubt, und sie m\u00fcssen auf der Promenade angeleint bleiben.<\/p>\n<p><strong>Bournemouth Sandstrand<\/strong> &#8211; <a href=\"https:\/\/www.urlaubcornwall.de\/ferienhaeuser-fewos\/eng\/dorset\/bournemouth.html\">Bournemouth Beach<\/a> ist mehr als 11 km lang und einer der sichersten Str\u00e4nde des UK mit Rettungsschwimmern vom 30. April \u2013 30. September. Liegest\u00fchle, Sonnenliegen, Windschutz und Sonnenschirme k\u00f6nnen entlang des Strandes gemietet werden.<\/p>\n<p>Hunde m\u00fcssen auf der Promenade und auf den Pfaden stets angeleint bleiben. Vom 1. Mai &#8211; 30. September sind Hunde lediglich in bestimmten Abschnitten des Strandes gestattet.<\/p>\n<p><strong>Mudeford Sandbank, Christchurch &#8211;<\/strong> An der <a href=\"https:\/\/www.urlaubcornwall.de\/ferienhaeuser-fewos\/eng\/dorset\/christchurch.html\">Hafenm\u00fcndung von Christchurch<\/a> gelegen, bietet dieser Sandstrand gro\u00dfartigen Blick hin\u00fcber zur Isle of Wight. Es gibt am Strand keine Parkm\u00f6glichkeit; der n\u00e4chst gelegene Parkplatz befindet sich einen 15min\u00fctigen Spaziergang entfernt, oder es gibt einen Landzug vom Hengistbury Parkplatz aus. Sie k\u00f6nnten auch die F\u00e4hre von Christchurch oder dem <a href=\"https:\/\/www.urlaubcornwall.de\/ferienhaeuser-fewos\/eng\/dorset\/mudeford.html\">Mudeford<\/a> Quay nehmen. Der Strand eignet sich gro\u00dfartig zum Schwimmen und um Wassersport zu betreiben und ist bekannt aufgrund seiner 300 Strandh\u00fctten, die teuersten des Landes.<\/p>\n<p>Hunde sind am Strand erlaubt, m\u00fcssen aber unter Kontrolle gehalten werden.<\/p>\n","protected":false},"excerpt":{"rendered":"<p>Dorset verf\u00fcgt \u00fcber ungef\u00e4hr 160km K\u00fcste, die sich von Lyme Regis bis nach Highcliffe in der Christchurch Bay erstreckt. Von den Str\u00e4nden der Jurak\u00fcste, die sich gro\u00dfartig eignen, nach Fossilien zu suchen, bis hin zu Sandstr\u00e4nden, kristallklaren Gew\u00e4ssern, sicherem Schwimmen und dem meistbekannten offiziellen FKK-Strand hat Dorset jedermann etwas zu bieten. Lyme Regis Str\u00e4nde &#8211; [&hellip;]<\/p>\n","protected":false},"author":1,"featured_media":0,"parent":0,"menu_order":0,"comment_status":"closed","ping_status":"closed","template":"single-four.php","meta":[],"acf":[],"yoast_head":"<!-- This site is optimized with the Yoast SEO plugin v19.4 - https:\/\/yoast.com\/wordpress\/plugins\/seo\/ -->\n<title>Die sch\u00f6nsten Str\u00e4nde in Dorset - Jurassic K\u00fcste - Urlaub &amp; Reisen<\/title>\n<meta name=\"robots\" content=\"index, follow, max-snippet:-1, max-image-preview:large, max-video-preview:-1\" \/>\n<link rel=\"canonical\" href=\"https:\/\/www.urlaubcornwall.de\/blog\/die-schoensten-straende-in-dorset-jurassic-kueste\/\" \/>\n<meta property=\"og:locale\" content=\"en_US\" \/>\n<meta property=\"og:type\" content=\"article\" \/>\n<meta property=\"og:title\" content=\"Die sch\u00f6nsten Str\u00e4nde in Dorset - Jurassic K\u00fcste - Urlaub &amp; Reisen\" \/>\n<meta property=\"og:description\" content=\"Dorset verf\u00fcgt \u00fcber ungef\u00e4hr 160km K\u00fcste, die sich von Lyme Regis bis nach Highcliffe in der Christchurch Bay erstreckt. Von den Str\u00e4nden der Jurak\u00fcste, die sich gro\u00dfartig eignen, nach Fossilien zu suchen, bis hin zu Sandstr\u00e4nden, kristallklaren Gew\u00e4ssern, sicherem Schwimmen und dem meistbekannten offiziellen FKK-Strand hat Dorset jedermann etwas zu bieten. Lyme Regis Str\u00e4nde &#8211; [&hellip;]\" \/>\n<meta property=\"og:url\" content=\"https:\/\/www.urlaubcornwall.de\/blog\/die-schoensten-straende-in-dorset-jurassic-kueste\/\" \/>\n<meta property=\"og:site_name\" content=\"Urlaub &amp; Reisen\" \/>\n<meta property=\"article:modified_time\" content=\"2026-01-07T10:16:35+00:00\" \/>\n<meta property=\"og:image\" content=\"https:\/\/www.urlaubcornwall.de\/blog\/wp-content\/uploads\/2024\/03\/lyme-regis-dorset.jpg\" \/>\n<meta name=\"twitter:card\" content=\"summary\" \/>\n<meta name=\"twitter:label1\" content=\"Est. reading time\" \/>\n\t<meta name=\"twitter:data1\" content=\"6 minutes\" \/>\n<script type=\"application\/ld+json\" class=\"yoast-schema-graph\">{\"@context\":\"https:\/\/schema.org\",\"@graph\":[{\"@type\":\"WebSite\",\"@id\":\"https:\/\/www.urlaubcornwall.de\/blog\/#website\",\"url\":\"https:\/\/www.urlaubcornwall.de\/blog\/\",\"name\":\"Urlaub &amp; Reisen\",\"description\":\"Urlaub, Reisen, Cornwall und S\u00fcdengland: eine perfekte Kombination\",\"potentialAction\":[{\"@type\":\"SearchAction\",\"target\":{\"@type\":\"EntryPoint\",\"urlTemplate\":\"https:\/\/www.urlaubcornwall.de\/blog\/?s={search_term_string}\"},\"query-input\":\"required name=search_term_string\"}],\"inLanguage\":\"en-US\"},{\"@type\":\"WebPage\",\"@id\":\"https:\/\/www.urlaubcornwall.de\/blog\/die-schoensten-straende-in-dorset-jurassic-kueste\/\",\"url\":\"https:\/\/www.urlaubcornwall.de\/blog\/die-schoensten-straende-in-dorset-jurassic-kueste\/\",\"name\":\"Die sch\u00f6nsten Str\u00e4nde in Dorset - Jurassic K\u00fcste - Urlaub &amp; Reisen\",\"isPartOf\":{\"@id\":\"https:\/\/www.urlaubcornwall.de\/blog\/#website\"},\"datePublished\":\"2019-05-13T15:08:50+00:00\",\"dateModified\":\"2026-01-07T10:16:35+00:00\",\"breadcrumb\":{\"@id\":\"https:\/\/www.urlaubcornwall.de\/blog\/die-schoensten-straende-in-dorset-jurassic-kueste\/#breadcrumb\"},\"inLanguage\":\"en-US\",\"potentialAction\":[{\"@type\":\"ReadAction\",\"target\":[\"https:\/\/www.urlaubcornwall.de\/blog\/die-schoensten-straende-in-dorset-jurassic-kueste\/\"]}]},{\"@type\":\"BreadcrumbList\",\"@id\":\"https:\/\/www.urlaubcornwall.de\/blog\/die-schoensten-straende-in-dorset-jurassic-kueste\/#breadcrumb\",\"itemListElement\":[{\"@type\":\"ListItem\",\"position\":1,\"name\":\"Home\",\"item\":\"https:\/\/www.urlaubcornwall.de\/blog\/\"},{\"@type\":\"ListItem\",\"position\":2,\"name\":\"Die sch\u00f6nsten Str\u00e4nde in Dorset &#8211; Jurassic K\u00fcste\"}]}]}<\/script>\n<!-- \/ Yoast SEO plugin. -->","yoast_head_json":{"title":"Die sch\u00f6nsten Str\u00e4nde in Dorset - Jurassic K\u00fcste - Urlaub &amp; Reisen","robots":{"index":"index","follow":"follow","max-snippet":"max-snippet:-1","max-image-preview":"max-image-preview:large","max-video-preview":"max-video-preview:-1"},"canonical":"https:\/\/www.urlaubcornwall.de\/blog\/die-schoensten-straende-in-dorset-jurassic-kueste\/","og_locale":"en_US","og_type":"article","og_title":"Die sch\u00f6nsten Str\u00e4nde in Dorset - Jurassic K\u00fcste - Urlaub &amp; Reisen","og_description":"Dorset verf\u00fcgt \u00fcber ungef\u00e4hr 160km K\u00fcste, die sich von Lyme Regis bis nach Highcliffe in der Christchurch Bay erstreckt. Von den Str\u00e4nden der Jurak\u00fcste, die sich gro\u00dfartig eignen, nach Fossilien zu suchen, bis hin zu Sandstr\u00e4nden, kristallklaren Gew\u00e4ssern, sicherem Schwimmen und dem meistbekannten offiziellen FKK-Strand hat Dorset jedermann etwas zu bieten. Lyme Regis Str\u00e4nde &#8211; [&hellip;]","og_url":"https:\/\/www.urlaubcornwall.de\/blog\/die-schoensten-straende-in-dorset-jurassic-kueste\/","og_site_name":"Urlaub &amp; Reisen","article_modified_time":"2026-01-07T10:16:35+00:00","og_image":[{"url":"https:\/\/www.urlaubcornwall.de\/blog\/wp-content\/uploads\/2024\/03\/lyme-regis-dorset.jpg"}],"twitter_card":"summary","twitter_misc":{"Est. reading time":"6 minutes"},"schema":{"@context":"https:\/\/schema.org","@graph":[{"@type":"WebSite","@id":"https:\/\/www.urlaubcornwall.de\/blog\/#website","url":"https:\/\/www.urlaubcornwall.de\/blog\/","name":"Urlaub &amp; Reisen","description":"Urlaub, Reisen, Cornwall und S\u00fcdengland: eine perfekte Kombination","potentialAction":[{"@type":"SearchAction","target":{"@type":"EntryPoint","urlTemplate":"https:\/\/www.urlaubcornwall.de\/blog\/?s={search_term_string}"},"query-input":"required name=search_term_string"}],"inLanguage":"en-US"},{"@type":"WebPage","@id":"https:\/\/www.urlaubcornwall.de\/blog\/die-schoensten-straende-in-dorset-jurassic-kueste\/","url":"https:\/\/www.urlaubcornwall.de\/blog\/die-schoensten-straende-in-dorset-jurassic-kueste\/","name":"Die sch\u00f6nsten Str\u00e4nde in Dorset - Jurassic K\u00fcste - Urlaub &amp; Reisen","isPartOf":{"@id":"https:\/\/www.urlaubcornwall.de\/blog\/#website"},"datePublished":"2019-05-13T15:08:50+00:00","dateModified":"2026-01-07T10:16:35+00:00","breadcrumb":{"@id":"https:\/\/www.urlaubcornwall.de\/blog\/die-schoensten-straende-in-dorset-jurassic-kueste\/#breadcrumb"},"inLanguage":"en-US","potentialAction":[{"@type":"ReadAction","target":["https:\/\/www.urlaubcornwall.de\/blog\/die-schoensten-straende-in-dorset-jurassic-kueste\/"]}]},{"@type":"BreadcrumbList","@id":"https:\/\/www.urlaubcornwall.de\/blog\/die-schoensten-straende-in-dorset-jurassic-kueste\/#breadcrumb","itemListElement":[{"@type":"ListItem","position":1,"name":"Home","item":"https:\/\/www.urlaubcornwall.de\/blog\/"},{"@type":"ListItem","position":2,"name":"Die sch\u00f6nsten Str\u00e4nde in Dorset &#8211; Jurassic K\u00fcste"}]}]}},"_links":{"self":[{"href":"https:\/\/www.urlaubcornwall.de\/blog\/wp-json\/wp\/v2\/pages\/38477"}],"collection":[{"href":"https:\/\/www.urlaubcornwall.de\/blog\/wp-json\/wp\/v2\/pages"}],"about":[{"href":"https:\/\/www.urlaubcornwall.de\/blog\/wp-json\/wp\/v2\/types\/page"}],"author":[{"embeddable":true,"href":"https:\/\/www.urlaubcornwall.de\/blog\/wp-json\/wp\/v2\/users\/1"}],"replies":[{"embeddable":true,"href":"https:\/\/www.urlaubcornwall.de\/blog\/wp-json\/wp\/v2\/comments?post=38477"}],"version-history":[{"count":10,"href":"https:\/\/www.urlaubcornwall.de\/blog\/wp-json\/wp\/v2\/pages\/38477\/revisions"}],"predecessor-version":[{"id":52009,"href":"https:\/\/www.urlaubcornwall.de\/blog\/wp-json\/wp\/v2\/pages\/38477\/revisions\/52009"}],"wp:attachment":[{"href":"https:\/\/www.urlaubcornwall.de\/blog\/wp-json\/wp\/v2\/media?parent=38477"}],"curies":[{"name":"wp","href":"https:\/\/api.w.org\/{rel}","templated":true}]}}