{"id":38425,"date":"2019-05-08T15:03:13","date_gmt":"2019-05-08T15:03:13","guid":{"rendered":"https:\/\/www.urlaubcornwall.de\/blog\/?page_id=38425"},"modified":"2019-05-08T15:03:13","modified_gmt":"2019-05-08T15:03:13","slug":"ferienhaeuser-mit-kindern-in-west-wales-schoensten-doerfer-und-staedte","status":"publish","type":"page","link":"https:\/\/www.urlaubcornwall.de\/blog\/ferienhaeuser-mit-kindern-in-west-wales-schoensten-doerfer-und-staedte\/","title":{"rendered":"Ferienh\u00e4user mit Kindern in West Wales \u2013 Sch\u00f6nsten D\u00f6rfer und St\u00e4dte"},"content":{"rendered":"<p><img loading=\"lazy\" class=\"aligncenter size-full wp-image-38137\" src=\"https:\/\/www.urlaubcornwall.de\/blog\/wp-content\/uploads\/2019\/04\/Charmante-D\u00f6rfer-cornwall.jpg\" alt=\"Ferienhaus wales mit kindern\" width=\"748\" height=\"498\"\/><\/p>\n<p>Wir bieten Ferienh\u00e4user in West Wales an, die Kinder willkommen hei\u00dfen. Hier finden Familienfreundlich Ferienh\u00e4user &amp; Ferienwohnungen in <a href=\"https:\/\/www.urlaubcornwall.de\/reiseziel\/wales.php\">Wales am Meer f\u00fcr Ihren Urlaub mit Kindern<\/a>.<\/p>\n<p style=\"text-align: center;\"><a class=\"tidycta\" href=\"https:\/\/www.urlaubcornwall.de\/ferienhaeuser\/devon.php\">Suche Ferienh\u00e4user in Devon<\/a><\/p>\n\n<p style=\"text-align: center;\"><a class=\"plain\" href=\"https:\/\/www.urlaubcornwall.de\/ferienhaeuser-fewos\/wal\/westwales\/aberaeron-kinderfreundlich.html\">Aberaeron mit Kindern<\/a> (19)<\/p>\n<p style=\"text-align: center;\"><a class=\"plain\" href=\"https:\/\/www.urlaubcornwall.de\/ferienhaeuser-fewos\/wal\/westwales\/aberporth-kinderfreundlich.html\">Aberporth mit Kindern<\/a> (13)<\/p>\n<p style=\"text-align: center;\"><a class=\"plain\" href=\"https:\/\/www.urlaubcornwall.de\/ferienhaeuser-fewos\/wal\/westwales\/aberystwyth-kinderfreundlich.html\">Aberystwyth mit Kindern<\/a> (12)<\/p>\n<p style=\"text-align: center;\"><a class=\"plain\" href=\"https:\/\/www.urlaubcornwall.de\/ferienhaeuser-fewos\/wal\/westwales\/ammanford-kinderfreundlich.html\">Ammanford mit Kindernl<\/a> (2)<\/p>\n<p style=\"text-align: center;\"><a class=\"plain\" href=\"https:\/\/www.urlaubcornwall.de\/ferienhaeuser-fewos\/wal\/westwales\/bosherston-kinderfreundlich.html\">Bosherston mit Kindern<\/a> (12)<\/p>\n<p style=\"text-align: center;\"><a class=\"plain\" href=\"https:\/\/www.urlaubcornwall.de\/ferienhaeuser-fewos\/wal\/westwales\/boulston-kinderfreundlich.html\">Boulston mit Kindern<\/a> (6)<\/p>\n<p style=\"text-align: center;\"><a class=\"plain\" href=\"https:\/\/www.urlaubcornwall.de\/ferienhaeuser-fewos\/wal\/westwales\/broad-haven-kinderfreundlich.html\">Broad Haven mit Kindern<\/a><\/p>\n<p style=\"text-align: center;\"><a class=\"plain\" href=\"https:\/\/www.urlaubcornwall.de\/ferienhaeuser-fewos\/wal\/westwales\/burry-port-kinderfreundlich.html\">Burry Port mit Kindern<\/a> (9)<\/p>\n<p style=\"text-align: center;\"><a class=\"plain\" href=\"https:\/\/www.urlaubcornwall.de\/ferienhaeuser-fewos\/wal\/westwales\/cardigan-kinderfreundlich.html\">Cardigan mit Kindern<\/a> (13)<\/p>\n<p style=\"text-align: center;\"><a class=\"plain\" href=\"https:\/\/www.urlaubcornwall.de\/ferienhaeuser-fewos\/wal\/westwales\/carmarthen-kinderfreundlich.html\">Carmarthen mit Kindern<\/a> (1)<\/p>\n<p style=\"text-align: center;\"><a class=\"plain\" href=\"https:\/\/www.urlaubcornwall.de\/ferienhaeuser-fewos\/wal\/westwales\/cosheston-kinderfreundlich.html\">Cosheston mit Kindern<\/a> (25)<\/p>\n<p style=\"text-align: center;\"><a class=\"plain\" href=\"https:\/\/www.urlaubcornwall.de\/ferienhaeuser-fewos\/wal\/westwales\/cresselly-kinderfreundlich.html\">Cresselly mit Kindern<\/a> (49)<\/p>\n<p style=\"text-align: center;\"><a class=\"plain\" href=\"https:\/\/www.urlaubcornwall.de\/ferienhaeuser-fewos\/wal\/westwales\/cresswell-quay-kinderfreundlich.html\">Cresswell-quay mit Kindern<\/a> (49)<\/p>\n<p style=\"text-align: center;\"><a class=\"plain\" href=\"https:\/\/www.urlaubcornwall.de\/ferienhaeuser-fewos\/wal\/westwales\/dale-kinderfreundlich.html\">Dale mit Kindern<\/a> (5)<\/p>\n<p style=\"text-align: center;\"><a class=\"plain\" href=\"https:\/\/www.urlaubcornwall.de\/ferienhaeuser-fewos\/wal\/westwales\/ferryside-kinderfreundlich.html\">Ferryside mit Kindern<\/a> (12)<\/p>\n<p style=\"text-align: center;\"><a class=\"plain\" href=\"https:\/\/www.urlaubcornwall.de\/ferienhaeuser-fewos\/wal\/westwales\/fishguard-kinderfreundlich.html\">Fishguard mit Kindern<\/a> (4)<\/p>\n<p style=\"text-align: center;\"><a class=\"plain\" href=\"https:\/\/www.urlaubcornwall.de\/ferienhaeuser-fewos\/wal\/westwales\/freshwater-east-kinderfreundlich.html\">Freshwater East mit Kindern<\/a><\/p>\n<p style=\"text-align: center;\"><a class=\"plain\" href=\"https:\/\/www.urlaubcornwall.de\/ferienhaeuser-fewos\/wal\/westwales\/haverfordwest-kinderfreundlich.html\">Haverfordwest mit Kindern<\/a> (4)<\/p>\n<p style=\"text-align: center;\"><a class=\"plain\" href=\"https:\/\/www.urlaubcornwall.de\/ferienhaeuser-fewos\/wal\/westwales\/hundleton-kinderfreundlich.html\">Hundleton mit Kindern<\/a> (14)<\/p>\n<p style=\"text-align: center;\"><a class=\"plain\" href=\"https:\/\/www.urlaubcornwall.de\/ferienhaeuser-fewos\/wal\/westwales\/kidwelly-kinderfreundlich.html\">Kidwelly mit Kindern<\/a> (12)<\/p>\n<p style=\"text-align: center;\"><a class=\"plain\" href=\"https:\/\/www.urlaubcornwall.de\/ferienhaeuser-fewos\/wal\/westwales\/lampeter-kinderfreundlich.html\">Lampeter mit Kindernl<\/a> (14)<\/p>\n<p style=\"text-align: center;\"><a class=\"plain\" href=\"https:\/\/www.urlaubcornwall.de\/ferienhaeuser-fewos\/wal\/westwales\/laugharne-kinderfreundlich.html\">Laugharne mit Kindern<\/a> (10)<\/p>\n<p style=\"text-align: center;\"><a class=\"plain\" href=\"https:\/\/www.urlaubcornwall.de\/ferienhaeuser-fewos\/wal\/westwales\/llandissilio-kinderfreundlich.html\">llandissilio mit Kindern<\/a> (17)<\/p>\n<p style=\"text-align: center;\"><a class=\"plain\" href=\"https:\/\/www.urlaubcornwall.de\/ferienhaeuser-fewos\/wal\/westwales\/llandyfan-kinderfreundlich.html\">Llandyfan mit Kindern<\/a> (2)<\/p>\n<p style=\"text-align: center;\"><a class=\"plain\" href=\"https:\/\/www.urlaubcornwall.de\/ferienhaeuser-fewos\/wal\/westwales\/llandysul-kinderfreundlich.html\">Llandysul mit Kindern<\/a> (5)<\/p>\n<p style=\"text-align: center;\"><a class=\"plain\" href=\"https:\/\/www.urlaubcornwall.de\/ferienhaeuser-fewos\/wal\/westwales\/llanelli-kinderfreundlich.html\">Llanelli mit Kindern<\/a> (11)<\/p>\n<p style=\"text-align: center;\"><a class=\"plain\" href=\"https:\/\/www.urlaubcornwall.de\/ferienhaeuser-fewos\/wal\/westwales\/llansteffan-kinderfreundlich.html\">Llansteffan mit Kindern<\/a> (10)<\/p>\n<p style=\"text-align: center;\"><a class=\"plain\" href=\"https:\/\/www.urlaubcornwall.de\/ferienhaeuser-fewos\/wal\/westwales\/llawhaden-kinderfreundlich.html\">Llawhaden mit Kindern<\/a> (12)<\/p>\n<p style=\"text-align: center;\"><a class=\"plain\" href=\"https:\/\/www.urlaubcornwall.de\/ferienhaeuser-fewos\/wal\/westwales\/marloes-kinderfreundlich.html\">Marloes mit Kindern<\/a> (5)<\/p>\n<p style=\"text-align: center;\"><a class=\"plain\" href=\"https:\/\/www.urlaubcornwall.de\/ferienhaeuser-fewos\/wal\/westwales\/milford-haven-kinderfreundlich.html\">Milford-haven mit Kindern<\/a> (12)<\/p>\n<p style=\"text-align: center;\"><a class=\"plain\" href=\"https:\/\/www.urlaubcornwall.de\/ferienhaeuser-fewos\/wal\/westwales\/nantgaredig-kinderfreundlich.html\">Nantgaredig mit Kindern<\/a> (4)<\/p>\n<p style=\"text-align: center;\"><a class=\"plain\" href=\"https:\/\/www.urlaubcornwall.de\/ferienhaeuser-fewos\/wal\/westwales\/narberth-kinderfreundlich.html\">Narberth mit Kindern<\/a> (24)<\/p>\n<p style=\"text-align: center;\"><a class=\"plain\" href=\"https:\/\/www.urlaubcornwall.de\/ferienhaeuser-fewos\/wal\/westwales\/new-quay-kinderfreundlich.html\">New Quay mit Kindern<\/a> (10)<\/p>\n<p style=\"text-align: center;\"><a class=\"plain\" href=\"https:\/\/www.urlaubcornwall.de\/ferienhaeuser-fewos\/wal\/westwales\/newport-kinderfreundlich.html\">Newport mit Kindern<\/a> (1)<\/p>\n<p style=\"text-align: center;\"><a class=\"plain\" href=\"https:\/\/www.urlaubcornwall.de\/ferienhaeuser-fewos\/wal\/westwales\/neyland-kinderfreundlich.html\">Neyland mit Kindern<\/a> (16)<\/p>\n<p style=\"text-align: center;\"><a class=\"plain\" href=\"https:\/\/www.urlaubcornwall.de\/ferienhaeuser-fewos\/wal\/westwales\/pembrey-kinderfreundlich.html\">Pembrey mit Kindern<\/a> (1)<\/p>\n<p style=\"text-align: center;\"><a class=\"plain\" href=\"https:\/\/www.urlaubcornwall.de\/ferienhaeuser-fewos\/wal\/westwales\/pembroke-kinderfreundlich.html\">Pembroke mit Kindern<\/a> (17)<\/p>\n<p style=\"text-align: center;\"><a class=\"plain\" href=\"https:\/\/www.urlaubcornwall.de\/ferienhaeuser-fewos\/wal\/westwales\/pontfaen-kinderfreundlich.html\">Pontfaen mit Kindern<\/a> (4)<\/p>\n<p style=\"text-align: center;\"><a class=\"plain\" href=\"https:\/\/www.urlaubcornwall.de\/ferienhaeuser-fewos\/wal\/westwales\/porthgain-kinderfreundlich.html\">Porthgain mit Kindern<\/a> (3)<\/p>\n<p style=\"text-align: center;\"><a class=\"plain\" href=\"https:\/\/www.urlaubcornwall.de\/ferienhaeuser-fewos\/wal\/westwales\/saundersfoot-kinderfreundlich.html\">Saundersfoot mit Kindern<\/a> (42)<\/p>\n<p style=\"text-align: center;\"><a class=\"plain\" href=\"https:\/\/www.urlaubcornwall.de\/ferienhaeuser-fewos\/wal\/westwales\/st-clears-kinderfreundlich.html\">St Clears mit Kindernl<\/a> (8)<\/p>\n<p style=\"text-align: center;\"><a class=\"plain\" href=\"https:\/\/www.urlaubcornwall.de\/ferienhaeuser-fewos\/wal\/westwales\/st-davids-kinderfreundlich.html\">St Davids mit Kindern<\/a><\/p>\n<p style=\"text-align: center;\"><a class=\"plain\" href=\"https:\/\/www.urlaubcornwall.de\/ferienhaeuser-fewos\/wal\/westwales\/tenby-kinderfreundlich.html\">Tenby mit Kindern<\/a> (41)<\/p>\n<p style=\"text-align: center;\"><a class=\"plain\" href=\"https:\/\/www.urlaubcornwall.de\/ferienhaeuser-fewos\/wal\/westwales\/trefin-kinderfreundlich.html\">Trefin mit Kindern<\/a> (3)<\/p>\n<p style=\"text-align: center;\"><a class=\"plain\" href=\"https:\/\/www.urlaubcornwall.de\/ferienhaeuser-fewos\/wal\/westwales\/tregaron-kinderfreundlich.html\">Tregaron mit Kindern<\/a> (3)<\/p>\n<p style=\"text-align: center;\"><a class=\"plain\" href=\"https:\/\/www.urlaubcornwall.de\/ferienhaeuser-fewos\/wal\/westwales\/tresaith-kinderfreundlich.html\">Tresaith mit Kindern<\/a> (13)<\/p>\n<p style=\"text-align: center;\"><a class=\"plain\" href=\"https:\/\/www.urlaubcornwall.de\/ferienhaeuser-fewos\/wal\/westwales\/whitland-kinderfreundlich.html\">Whitland mit Kindern<\/a> (14)<\/p>\n<p style=\"text-align: center;\"><a class=\"plain\" href=\"https:\/\/www.urlaubcornwall.de\/ferienhaeuser-fewos\/wal\/westwales\/wisemans-bridge-kinderfreundlich.html\">Wisemans Bridge mit Kindern<\/a> (49)<\/p>\n\n\n","protected":false},"excerpt":{"rendered":"<p>Wir bieten Ferienh\u00e4user in West Wales an, die Kinder willkommen hei\u00dfen. Hier finden Familienfreundlich Ferienh\u00e4user &amp; Ferienwohnungen in Wales am Meer f\u00fcr Ihren Urlaub mit Kindern. Suche Ferienh\u00e4user in Devon Aberaeron mit Kindern (19) Aberporth mit Kindern (13) Aberystwyth mit Kindern (12) Ammanford mit Kindernl (2) Bosherston mit Kindern (12) Boulston mit Kindern (6) Broad [&hellip;]<\/p>\n","protected":false},"author":1,"featured_media":0,"parent":0,"menu_order":0,"comment_status":"closed","ping_status":"closed","template":"single-four.php","meta":[],"acf":[],"yoast_head":"<!-- This site is optimized with the Yoast SEO plugin v19.4 - https:\/\/yoast.com\/wordpress\/plugins\/seo\/ -->\n<title>Ferienh\u00e4user mit Kindern in West Wales \u2013 Sch\u00f6nsten D\u00f6rfer und St\u00e4dte - Urlaub &amp; Reisen<\/title>\n<meta name=\"robots\" content=\"index, follow, max-snippet:-1, max-image-preview:large, max-video-preview:-1\" \/>\n<link rel=\"canonical\" href=\"https:\/\/www.urlaubcornwall.de\/blog\/ferienhaeuser-mit-kindern-in-west-wales-schoensten-doerfer-und-staedte\/\" \/>\n<meta property=\"og:locale\" content=\"en_US\" \/>\n<meta property=\"og:type\" content=\"article\" \/>\n<meta property=\"og:title\" content=\"Ferienh\u00e4user mit Kindern in West Wales \u2013 Sch\u00f6nsten D\u00f6rfer und St\u00e4dte - Urlaub &amp; Reisen\" \/>\n<meta property=\"og:description\" content=\"Wir bieten Ferienh\u00e4user in West Wales an, die Kinder willkommen hei\u00dfen. Hier finden Familienfreundlich Ferienh\u00e4user &amp; Ferienwohnungen in Wales am Meer f\u00fcr Ihren Urlaub mit Kindern. Suche Ferienh\u00e4user in Devon Aberaeron mit Kindern (19) Aberporth mit Kindern (13) Aberystwyth mit Kindern (12) Ammanford mit Kindernl (2) Bosherston mit Kindern (12) Boulston mit Kindern (6) Broad [&hellip;]\" \/>\n<meta property=\"og:url\" content=\"https:\/\/www.urlaubcornwall.de\/blog\/ferienhaeuser-mit-kindern-in-west-wales-schoensten-doerfer-und-staedte\/\" \/>\n<meta property=\"og:site_name\" content=\"Urlaub &amp; Reisen\" \/>\n<meta property=\"og:image\" content=\"https:\/\/www.urlaubcornwall.de\/blog\/wp-content\/uploads\/2019\/04\/Charmante-D\u00f6rfer-cornwall.jpg\" \/>\n<meta name=\"twitter:card\" content=\"summary\" \/>\n<meta name=\"twitter:label1\" content=\"Est. reading time\" \/>\n\t<meta name=\"twitter:data1\" content=\"1 minute\" \/>\n<script type=\"application\/ld+json\" class=\"yoast-schema-graph\">{\"@context\":\"https:\/\/schema.org\",\"@graph\":[{\"@type\":\"WebSite\",\"@id\":\"https:\/\/www.urlaubcornwall.de\/blog\/#website\",\"url\":\"https:\/\/www.urlaubcornwall.de\/blog\/\",\"name\":\"Urlaub &amp; Reisen\",\"description\":\"Urlaub, Reisen, Cornwall und S\u00fcdengland: eine perfekte Kombination\",\"potentialAction\":[{\"@type\":\"SearchAction\",\"target\":{\"@type\":\"EntryPoint\",\"urlTemplate\":\"https:\/\/www.urlaubcornwall.de\/blog\/?s={search_term_string}\"},\"query-input\":\"required name=search_term_string\"}],\"inLanguage\":\"en-US\"},{\"@type\":\"WebPage\",\"@id\":\"https:\/\/www.urlaubcornwall.de\/blog\/ferienhaeuser-mit-kindern-in-west-wales-schoensten-doerfer-und-staedte\/\",\"url\":\"https:\/\/www.urlaubcornwall.de\/blog\/ferienhaeuser-mit-kindern-in-west-wales-schoensten-doerfer-und-staedte\/\",\"name\":\"Ferienh\u00e4user mit Kindern in West Wales \u2013 Sch\u00f6nsten D\u00f6rfer und St\u00e4dte - Urlaub &amp; Reisen\",\"isPartOf\":{\"@id\":\"https:\/\/www.urlaubcornwall.de\/blog\/#website\"},\"datePublished\":\"2019-05-08T15:03:13+00:00\",\"dateModified\":\"2019-05-08T15:03:13+00:00\",\"breadcrumb\":{\"@id\":\"https:\/\/www.urlaubcornwall.de\/blog\/ferienhaeuser-mit-kindern-in-west-wales-schoensten-doerfer-und-staedte\/#breadcrumb\"},\"inLanguage\":\"en-US\",\"potentialAction\":[{\"@type\":\"ReadAction\",\"target\":[\"https:\/\/www.urlaubcornwall.de\/blog\/ferienhaeuser-mit-kindern-in-west-wales-schoensten-doerfer-und-staedte\/\"]}]},{\"@type\":\"BreadcrumbList\",\"@id\":\"https:\/\/www.urlaubcornwall.de\/blog\/ferienhaeuser-mit-kindern-in-west-wales-schoensten-doerfer-und-staedte\/#breadcrumb\",\"itemListElement\":[{\"@type\":\"ListItem\",\"position\":1,\"name\":\"Home\",\"item\":\"https:\/\/www.urlaubcornwall.de\/blog\/\"},{\"@type\":\"ListItem\",\"position\":2,\"name\":\"Ferienh\u00e4user mit Kindern in West Wales \u2013 Sch\u00f6nsten D\u00f6rfer und St\u00e4dte\"}]}]}<\/script>\n<!-- \/ Yoast SEO plugin. -->","yoast_head_json":{"title":"Ferienh\u00e4user mit Kindern in West Wales \u2013 Sch\u00f6nsten D\u00f6rfer und St\u00e4dte - Urlaub &amp; Reisen","robots":{"index":"index","follow":"follow","max-snippet":"max-snippet:-1","max-image-preview":"max-image-preview:large","max-video-preview":"max-video-preview:-1"},"canonical":"https:\/\/www.urlaubcornwall.de\/blog\/ferienhaeuser-mit-kindern-in-west-wales-schoensten-doerfer-und-staedte\/","og_locale":"en_US","og_type":"article","og_title":"Ferienh\u00e4user mit Kindern in West Wales \u2013 Sch\u00f6nsten D\u00f6rfer und St\u00e4dte - Urlaub &amp; Reisen","og_description":"Wir bieten Ferienh\u00e4user in West Wales an, die Kinder willkommen hei\u00dfen. Hier finden Familienfreundlich Ferienh\u00e4user &amp; Ferienwohnungen in Wales am Meer f\u00fcr Ihren Urlaub mit Kindern. Suche Ferienh\u00e4user in Devon Aberaeron mit Kindern (19) Aberporth mit Kindern (13) Aberystwyth mit Kindern (12) Ammanford mit Kindernl (2) Bosherston mit Kindern (12) Boulston mit Kindern (6) Broad [&hellip;]","og_url":"https:\/\/www.urlaubcornwall.de\/blog\/ferienhaeuser-mit-kindern-in-west-wales-schoensten-doerfer-und-staedte\/","og_site_name":"Urlaub &amp; Reisen","og_image":[{"url":"https:\/\/www.urlaubcornwall.de\/blog\/wp-content\/uploads\/2019\/04\/Charmante-D\u00f6rfer-cornwall.jpg"}],"twitter_card":"summary","twitter_misc":{"Est. reading time":"1 minute"},"schema":{"@context":"https:\/\/schema.org","@graph":[{"@type":"WebSite","@id":"https:\/\/www.urlaubcornwall.de\/blog\/#website","url":"https:\/\/www.urlaubcornwall.de\/blog\/","name":"Urlaub &amp; Reisen","description":"Urlaub, Reisen, Cornwall und S\u00fcdengland: eine perfekte Kombination","potentialAction":[{"@type":"SearchAction","target":{"@type":"EntryPoint","urlTemplate":"https:\/\/www.urlaubcornwall.de\/blog\/?s={search_term_string}"},"query-input":"required name=search_term_string"}],"inLanguage":"en-US"},{"@type":"WebPage","@id":"https:\/\/www.urlaubcornwall.de\/blog\/ferienhaeuser-mit-kindern-in-west-wales-schoensten-doerfer-und-staedte\/","url":"https:\/\/www.urlaubcornwall.de\/blog\/ferienhaeuser-mit-kindern-in-west-wales-schoensten-doerfer-und-staedte\/","name":"Ferienh\u00e4user mit Kindern in West Wales \u2013 Sch\u00f6nsten D\u00f6rfer und St\u00e4dte - Urlaub &amp; Reisen","isPartOf":{"@id":"https:\/\/www.urlaubcornwall.de\/blog\/#website"},"datePublished":"2019-05-08T15:03:13+00:00","dateModified":"2019-05-08T15:03:13+00:00","breadcrumb":{"@id":"https:\/\/www.urlaubcornwall.de\/blog\/ferienhaeuser-mit-kindern-in-west-wales-schoensten-doerfer-und-staedte\/#breadcrumb"},"inLanguage":"en-US","potentialAction":[{"@type":"ReadAction","target":["https:\/\/www.urlaubcornwall.de\/blog\/ferienhaeuser-mit-kindern-in-west-wales-schoensten-doerfer-und-staedte\/"]}]},{"@type":"BreadcrumbList","@id":"https:\/\/www.urlaubcornwall.de\/blog\/ferienhaeuser-mit-kindern-in-west-wales-schoensten-doerfer-und-staedte\/#breadcrumb","itemListElement":[{"@type":"ListItem","position":1,"name":"Home","item":"https:\/\/www.urlaubcornwall.de\/blog\/"},{"@type":"ListItem","position":2,"name":"Ferienh\u00e4user mit Kindern in West Wales \u2013 Sch\u00f6nsten D\u00f6rfer und St\u00e4dte"}]}]}},"_links":{"self":[{"href":"https:\/\/www.urlaubcornwall.de\/blog\/wp-json\/wp\/v2\/pages\/38425"}],"collection":[{"href":"https:\/\/www.urlaubcornwall.de\/blog\/wp-json\/wp\/v2\/pages"}],"about":[{"href":"https:\/\/www.urlaubcornwall.de\/blog\/wp-json\/wp\/v2\/types\/page"}],"author":[{"embeddable":true,"href":"https:\/\/www.urlaubcornwall.de\/blog\/wp-json\/wp\/v2\/users\/1"}],"replies":[{"embeddable":true,"href":"https:\/\/www.urlaubcornwall.de\/blog\/wp-json\/wp\/v2\/comments?post=38425"}],"version-history":[{"count":1,"href":"https:\/\/www.urlaubcornwall.de\/blog\/wp-json\/wp\/v2\/pages\/38425\/revisions"}],"predecessor-version":[{"id":38426,"href":"https:\/\/www.urlaubcornwall.de\/blog\/wp-json\/wp\/v2\/pages\/38425\/revisions\/38426"}],"wp:attachment":[{"href":"https:\/\/www.urlaubcornwall.de\/blog\/wp-json\/wp\/v2\/media?parent=38425"}],"curies":[{"name":"wp","href":"https:\/\/api.w.org\/{rel}","templated":true}]}}