{"id":38411,"date":"2019-05-08T09:24:58","date_gmt":"2019-05-08T09:24:58","guid":{"rendered":"https:\/\/www.urlaubcornwall.de\/blog\/?page_id=38411"},"modified":"2019-05-30T17:04:19","modified_gmt":"2019-05-30T17:04:19","slug":"ferienhaeuser-auf-die-isle-of-wight-mit-kindern-schoensten-doerfer-und-staedte","status":"publish","type":"page","link":"https:\/\/www.urlaubcornwall.de\/blog\/ferienhaeuser-auf-die-isle-of-wight-mit-kindern-schoensten-doerfer-und-staedte\/","title":{"rendered":"Ferienh\u00e4user auf die Isle of Wight mit Kindern &#8211; Sch\u00f6nsten D\u00f6rfer und St\u00e4dte"},"content":{"rendered":"<p><img loading=\"lazy\" class=\"aligncenter size-full wp-image-38137\" src=\"https:\/\/www.urlaubcornwall.de\/blog\/wp-content\/uploads\/2019\/04\/Charmante-D\u00f6rfer-cornwall.jpg\" alt=\"Charmante Ferienhaus isle of wight mit kindern\" width=\"748\" height=\"498\"\/><br \/>\n<strong>Bei uns finden Sie Ferienh\u00e4user zum Verlieben &#8211; so einfach ist das!<\/strong><\/p>\n<p>Wir bieten Ferienh\u00e4user auf die Isle of Wight an, die Kinder willkommen hei\u00dfen. Hier finden Familienfreundlich Ferienh\u00e4user &amp; Ferienwohnungen in England f\u00fcr Ihren Urlaub mit Kindern.<\/p>\n<p style=\"text-align: center;\"><a class=\"tidycta\" href=\"https:\/\/www.urlaubcornwall.de\/ferienhaeuser-fewos\/eng\/isle-of-wight\/isle-of-wight-kinderfreundlich.html\">Suche Ferienh\u00e4user Isle of Wight<\/a><\/p>\n<p style=\"text-align: center;\"><a class=\"plain\" href=\"https:\/\/www.urlaubcornwall.de\/ferienhaeuser-fewos\/eng\/isle-of-wight\/alum-bay-kinderfreundlich.html\">Alum-bay mit Kindern<\/a> (44)<\/p>\n<p style=\"text-align: center;\"><a class=\"plain\" href=\"https:\/\/www.urlaubcornwall.de\/ferienhaeuser-fewos\/eng\/isle-of-wight\/alverstone-kinderfreundlich.html\">Alverstone mit Kindern<\/a> (243)<\/p>\n<p style=\"text-align: center;\"><a class=\"plain\" href=\"https:\/\/www.urlaubcornwall.de\/ferienhaeuser-fewos\/eng\/isle-of-wight\/bembridge-kinderfreundlich.html\">Bembridge mit Kindern<\/a> (164)<\/p>\n<p style=\"text-align: center;\"><a class=\"plain\" href=\"https:\/\/www.urlaubcornwall.de\/ferienhaeuser-fewos\/eng\/isle-of-wight\/blackwater-kinderfreundlich.html\">Blackwater mit Kindern<\/a> (105)<\/p>\n<p style=\"text-align: center;\"><a class=\"plain\" href=\"https:\/\/www.urlaubcornwall.de\/ferienhaeuser-fewos\/eng\/isle-of-wight\/bonchurch-kinderfreundlich.html\">Bonchurch mit Kindern<\/a> (101)<\/p>\n<p style=\"text-align: center;\"><a class=\"plain\" href=\"https:\/\/www.urlaubcornwall.de\/ferienhaeuser-fewos\/eng\/isle-of-wight\/borthwood-kinderfreundlich.html\">Borthwood mit Kindern<\/a> (251)<\/p>\n<p style=\"text-align: center;\"><a class=\"plain\" href=\"https:\/\/www.urlaubcornwall.de\/ferienhaeuser-fewos\/eng\/isle-of-wight\/bowcombe-kinderfreundlich.html\">Bowcombe mit Kindern<\/a> (92)<\/p>\n<p style=\"text-align: center;\"><a class=\"plain\" href=\"https:\/\/www.urlaubcornwall.de\/ferienhaeuser-fewos\/eng\/isle-of-wight\/brighstone-kinderfreundlich.html\">Brighstone mit Kindern<\/a> (59)<\/p>\n<p style=\"text-align: center;\"><a class=\"plain\" href=\"https:\/\/www.urlaubcornwall.de\/ferienhaeuser-fewos\/eng\/isle-of-wight\/brook-kinderfreundlich.html\">Brook mit Kindern<\/a> (54)<\/p>\n<p style=\"text-align: center;\"><a class=\"plain\" href=\"https:\/\/www.urlaubcornwall.de\/ferienhaeuser-fewos\/eng\/isle-of-wight\/calbourne-kinderfreundlich.html\">Calbourne mit Kindern<\/a> (62)<\/p>\n<p style=\"text-align: center;\"><a class=\"plain\" href=\"https:\/\/www.urlaubcornwall.de\/ferienhaeuser-fewos\/eng\/isle-of-wight\/carisbrooke-kinderfreundlich.html\">Carisbrooke mit Kindern<\/a> (97)<\/p>\n<p style=\"text-align: center;\"><a class=\"plain\" href=\"https:\/\/www.urlaubcornwall.de\/ferienhaeuser-fewos\/eng\/isle-of-wight\/colwell-bay-kinderfreundlich.html\">Colwell Bay mit Kindern<\/a> (53)<\/p>\n<p style=\"text-align: center;\"><a class=\"plain\" href=\"https:\/\/www.urlaubcornwall.de\/ferienhaeuser-fewos\/eng\/isle-of-wight\/cowes-kinderfreundlich.html\">Cowes mit Kindern<\/a> (38)<\/p>\n<p style=\"text-align: center;\"><a class=\"plain\" href=\"https:\/\/www.urlaubcornwall.de\/ferienhaeuser-fewos\/eng\/isle-of-wight\/east-cowes-kinderfreundlich.html\">East Cowes mit Kindern<\/a> (38)<\/p>\n<p style=\"text-align: center;\"><a class=\"plain\" href=\"https:\/\/www.urlaubcornwall.de\/ferienhaeuser-fewos\/eng\/isle-of-wight\/freshwater-kinderfreundlich.html\">Freshwater mit Kindern<\/a> (59)<\/p>\n<p style=\"text-align: center;\"><a class=\"plain\" href=\"https:\/\/www.urlaubcornwall.de\/ferienhaeuser-fewos\/eng\/isle-of-wight\/freshwater-bay-kinderfreundlich.html\">freshwater-bay mit Kindern<\/a> (59)<\/p>\n<p style=\"text-align: center;\"><a class=\"plain\" href=\"https:\/\/www.urlaubcornwall.de\/ferienhaeuser-fewos\/eng\/isle-of-wight\/godshill-kinderfreundlich.html\">Godshill mit Kindern<\/a> (117)<\/p>\n<p style=\"text-align: center;\"><a class=\"plain\" href=\"https:\/\/www.urlaubcornwall.de\/ferienhaeuser-fewos\/eng\/isle-of-wight\/gurnard-kinderfreundlich.html\">Gurnard mit Kindern<\/a> (39)<\/p>\n<p style=\"text-align: center;\"><a class=\"plain\" href=\"https:\/\/www.urlaubcornwall.de\/ferienhaeuser-fewos\/eng\/isle-of-wight\/island-harbour-kinderfreundlich.html\">Island-harbour mit Kindern<\/a> (62)<\/p>\n<p style=\"text-align: center;\"><a class=\"plain\" href=\"https:\/\/www.urlaubcornwall.de\/ferienhaeuser-fewos\/eng\/isle-of-wight\/merstone-kinderfreundlich.html\">Merstone mit Kindern<\/a> (134)<\/p>\n<p style=\"text-align: center;\"><a class=\"plain\" href=\"https:\/\/www.urlaubcornwall.de\/ferienhaeuser-fewos\/eng\/isle-of-wight\/newbridge-kinderfreundlich.html\">Newbridge mit Kindern<\/a><\/p>\n<p style=\"text-align: center;\"><a class=\"plain\" href=\"https:\/\/www.urlaubcornwall.de\/ferienhaeuser-fewos\/eng\/isle-of-wight\/newchurch-kinderfreundlich.html\">newchurch mit Kindern<\/a> (255)<\/p>\n<p style=\"text-align: center;\"><a class=\"plain\" href=\"https:\/\/www.urlaubcornwall.de\/ferienhaeuser-fewos\/eng\/isle-of-wight\/newport-kinderfreundlich.html\">Newport mit Kindern<\/a><\/p>\n<p style=\"text-align: center;\"><a class=\"plain\" href=\"https:\/\/www.urlaubcornwall.de\/ferienhaeuser-fewos\/eng\/isle-of-wight\/ningwood-kinderfreundlich.html\">Ningwood mit Kindern<\/a> (63)<\/p>\n<p style=\"text-align: center;\"><a class=\"plain\" href=\"https:\/\/www.urlaubcornwall.de\/ferienhaeuser-fewos\/eng\/isle-of-wight\/niton-kinderfreundlich.html\">Niton mit Kindern<\/a> (102)<\/p>\n<p style=\"text-align: center;\"><a class=\"plain\" href=\"https:\/\/www.urlaubcornwall.de\/ferienhaeuser-fewos\/eng\/isle-of-wight\/niton-undercliff-kinderfreundlich.html\">Niton Undercliff mit Kindern<\/a> (104)<\/p>\n<p style=\"text-align: center;\"><a class=\"plain\" href=\"https:\/\/www.urlaubcornwall.de\/ferienhaeuser-fewos\/eng\/isle-of-wight\/osborne-kinderfreundlich.html\">Osborne mit Kindern<\/a> (46)<\/p>\n<p style=\"text-align: center;\"><a class=\"plain\" href=\"https:\/\/www.urlaubcornwall.de\/ferienhaeuser-fewos\/eng\/isle-of-wight\/parkhurst-forest-kinderfreundlich.html\">Parkhurst Forest mit Kindern<\/a> (65)<\/p>\n<p style=\"text-align: center;\"><a class=\"plain\" href=\"https:\/\/www.urlaubcornwall.de\/ferienhaeuser-fewos\/eng\/isle-of-wight\/roud-kinderfreundlich.html\">Roud mit Kindern<\/a> (124)<\/p>\n<p style=\"text-align: center;\"><a class=\"plain\" href=\"https:\/\/www.urlaubcornwall.de\/ferienhaeuser-fewos\/eng\/isle-of-wight\/ryde-kinderfreundlich.html\">Ryde mit Kindern<\/a> (172)<\/p>\n<p style=\"text-align: center;\"><a class=\"plain\" href=\"https:\/\/www.urlaubcornwall.de\/ferienhaeuser-fewos\/eng\/isle-of-wight\/seaview-kinderfreundlich.html\">Seaview mit Kindern<\/a> (155)<\/p>\n<p style=\"text-align: center;\"><a class=\"plain\" href=\"https:\/\/www.urlaubcornwall.de\/ferienhaeuser-fewos\/eng\/isle-of-wight\/shalfleet-kinderfreundlich.html\">Shalfleet mit Kindern<\/a> (67)<\/p>\n<p style=\"text-align: center;\"><a class=\"plain\" href=\"https:\/\/www.urlaubcornwall.de\/ferienhaeuser-fewos\/eng\/isle-of-wight\/shanklin-kinderfreundlich.html\">Shanklin mit Kindern<\/a> (143)<\/p>\n<p style=\"text-align: center;\"><a class=\"plain\" href=\"https:\/\/www.urlaubcornwall.de\/ferienhaeuser-fewos\/eng\/isle-of-wight\/shorwell-kinderfreundlich.html\">Shorwell mit Kindern<\/a> (83)<\/p>\n<p style=\"text-align: center;\"><a class=\"plain\" href=\"https:\/\/www.urlaubcornwall.de\/ferienhaeuser-fewos\/eng\/isle-of-wight\/st-helens-kinderfreundlich.html\">St Helens mit Kindern<\/a> (1)<\/p>\n<p style=\"text-align: center;\"><a class=\"plain\" href=\"https:\/\/www.urlaubcornwall.de\/ferienhaeuser-fewos\/eng\/isle-of-wight\/st-lawrence-kinderfreundlich.html\">St Lawrence mit Kindern<\/a> (101)<\/p>\n<p style=\"text-align: center;\"><a class=\"plain\" href=\"https:\/\/www.urlaubcornwall.de\/ferienhaeuser-fewos\/eng\/isle-of-wight\/totland-bay-kinderfreundlich.html\">Totland Bay mit Kindern<\/a> (50)<\/p>\n<p style=\"text-align: center;\"><a class=\"plain\" href=\"https:\/\/www.urlaubcornwall.de\/ferienhaeuser-fewos\/eng\/isle-of-wight\/ventnor-kinderfreundlich.html\">Ventnor mit Kindern<\/a> (101)<\/p>\n<p style=\"text-align: center;\"><a class=\"plain\" href=\"https:\/\/www.urlaubcornwall.de\/ferienhaeuser-fewos\/eng\/isle-of-wight\/whitwell-kinderfreundlich.html\">Whitwell mit Kindern<\/a> (105)<\/p>\n<p style=\"text-align: center;\"><a class=\"plain\" href=\"https:\/\/www.urlaubcornwall.de\/ferienhaeuser-fewos\/eng\/isle-of-wight\/wootton-kinderfreundlich.html\">Wootton mit Kindern<\/a> (4)<\/p>\n<p style=\"text-align: center;\"><a class=\"plain\" href=\"https:\/\/www.urlaubcornwall.de\/ferienhaeuser-fewos\/eng\/isle-of-wight\/yarmouth-kinderfreundlich.html\">Yarmouth mit Kindern<\/a> (1)<\/p>\n\n","protected":false},"excerpt":{"rendered":"<p>Bei uns finden Sie Ferienh\u00e4user zum Verlieben &#8211; so einfach ist das! Wir bieten Ferienh\u00e4user auf die Isle of Wight an, die Kinder willkommen hei\u00dfen. Hier finden Familienfreundlich Ferienh\u00e4user &amp; Ferienwohnungen in England f\u00fcr Ihren Urlaub mit Kindern. Suche Ferienh\u00e4user Isle of Wight Alum-bay mit Kindern (44) Alverstone mit Kindern (243) Bembridge mit Kindern (164) [&hellip;]<\/p>\n","protected":false},"author":1,"featured_media":0,"parent":0,"menu_order":0,"comment_status":"closed","ping_status":"closed","template":"single-four.php","meta":[],"acf":[],"yoast_head":"<!-- This site is optimized with the Yoast SEO plugin v19.4 - https:\/\/yoast.com\/wordpress\/plugins\/seo\/ -->\n<title>Ferienh\u00e4user auf die Isle of Wight mit Kindern - Sch\u00f6nsten D\u00f6rfer und St\u00e4dte - Urlaub &amp; Reisen<\/title>\n<meta name=\"robots\" content=\"index, follow, max-snippet:-1, max-image-preview:large, max-video-preview:-1\" \/>\n<link rel=\"canonical\" href=\"https:\/\/www.urlaubcornwall.de\/blog\/ferienhaeuser-auf-die-isle-of-wight-mit-kindern-schoensten-doerfer-und-staedte\/\" \/>\n<meta property=\"og:locale\" content=\"en_US\" \/>\n<meta property=\"og:type\" content=\"article\" \/>\n<meta property=\"og:title\" content=\"Ferienh\u00e4user auf die Isle of Wight mit Kindern - Sch\u00f6nsten D\u00f6rfer und St\u00e4dte - Urlaub &amp; Reisen\" \/>\n<meta property=\"og:description\" content=\"Bei uns finden Sie Ferienh\u00e4user zum Verlieben &#8211; so einfach ist das! Wir bieten Ferienh\u00e4user auf die Isle of Wight an, die Kinder willkommen hei\u00dfen. Hier finden Familienfreundlich Ferienh\u00e4user &amp; Ferienwohnungen in England f\u00fcr Ihren Urlaub mit Kindern. Suche Ferienh\u00e4user Isle of Wight Alum-bay mit Kindern (44) Alverstone mit Kindern (243) Bembridge mit Kindern (164) [&hellip;]\" \/>\n<meta property=\"og:url\" content=\"https:\/\/www.urlaubcornwall.de\/blog\/ferienhaeuser-auf-die-isle-of-wight-mit-kindern-schoensten-doerfer-und-staedte\/\" \/>\n<meta property=\"og:site_name\" content=\"Urlaub &amp; Reisen\" \/>\n<meta property=\"article:modified_time\" content=\"2019-05-30T17:04:19+00:00\" \/>\n<meta property=\"og:image\" content=\"https:\/\/www.urlaubcornwall.de\/blog\/wp-content\/uploads\/2019\/04\/Charmante-D\u00f6rfer-cornwall.jpg\" \/>\n<meta name=\"twitter:card\" content=\"summary\" \/>\n<meta name=\"twitter:label1\" content=\"Est. reading time\" \/>\n\t<meta name=\"twitter:data1\" content=\"1 minute\" \/>\n<script type=\"application\/ld+json\" class=\"yoast-schema-graph\">{\"@context\":\"https:\/\/schema.org\",\"@graph\":[{\"@type\":\"WebSite\",\"@id\":\"https:\/\/www.urlaubcornwall.de\/blog\/#website\",\"url\":\"https:\/\/www.urlaubcornwall.de\/blog\/\",\"name\":\"Urlaub &amp; Reisen\",\"description\":\"Urlaub, Reisen, Cornwall und S\u00fcdengland: eine perfekte Kombination\",\"potentialAction\":[{\"@type\":\"SearchAction\",\"target\":{\"@type\":\"EntryPoint\",\"urlTemplate\":\"https:\/\/www.urlaubcornwall.de\/blog\/?s={search_term_string}\"},\"query-input\":\"required name=search_term_string\"}],\"inLanguage\":\"en-US\"},{\"@type\":\"WebPage\",\"@id\":\"https:\/\/www.urlaubcornwall.de\/blog\/ferienhaeuser-auf-die-isle-of-wight-mit-kindern-schoensten-doerfer-und-staedte\/\",\"url\":\"https:\/\/www.urlaubcornwall.de\/blog\/ferienhaeuser-auf-die-isle-of-wight-mit-kindern-schoensten-doerfer-und-staedte\/\",\"name\":\"Ferienh\u00e4user auf die Isle of Wight mit Kindern - Sch\u00f6nsten D\u00f6rfer und St\u00e4dte - Urlaub &amp; Reisen\",\"isPartOf\":{\"@id\":\"https:\/\/www.urlaubcornwall.de\/blog\/#website\"},\"datePublished\":\"2019-05-08T09:24:58+00:00\",\"dateModified\":\"2019-05-30T17:04:19+00:00\",\"breadcrumb\":{\"@id\":\"https:\/\/www.urlaubcornwall.de\/blog\/ferienhaeuser-auf-die-isle-of-wight-mit-kindern-schoensten-doerfer-und-staedte\/#breadcrumb\"},\"inLanguage\":\"en-US\",\"potentialAction\":[{\"@type\":\"ReadAction\",\"target\":[\"https:\/\/www.urlaubcornwall.de\/blog\/ferienhaeuser-auf-die-isle-of-wight-mit-kindern-schoensten-doerfer-und-staedte\/\"]}]},{\"@type\":\"BreadcrumbList\",\"@id\":\"https:\/\/www.urlaubcornwall.de\/blog\/ferienhaeuser-auf-die-isle-of-wight-mit-kindern-schoensten-doerfer-und-staedte\/#breadcrumb\",\"itemListElement\":[{\"@type\":\"ListItem\",\"position\":1,\"name\":\"Home\",\"item\":\"https:\/\/www.urlaubcornwall.de\/blog\/\"},{\"@type\":\"ListItem\",\"position\":2,\"name\":\"Ferienh\u00e4user auf die Isle of Wight mit Kindern &#8211; Sch\u00f6nsten D\u00f6rfer und St\u00e4dte\"}]}]}<\/script>\n<!-- \/ Yoast SEO plugin. -->","yoast_head_json":{"title":"Ferienh\u00e4user auf die Isle of Wight mit Kindern - Sch\u00f6nsten D\u00f6rfer und St\u00e4dte - Urlaub &amp; Reisen","robots":{"index":"index","follow":"follow","max-snippet":"max-snippet:-1","max-image-preview":"max-image-preview:large","max-video-preview":"max-video-preview:-1"},"canonical":"https:\/\/www.urlaubcornwall.de\/blog\/ferienhaeuser-auf-die-isle-of-wight-mit-kindern-schoensten-doerfer-und-staedte\/","og_locale":"en_US","og_type":"article","og_title":"Ferienh\u00e4user auf die Isle of Wight mit Kindern - Sch\u00f6nsten D\u00f6rfer und St\u00e4dte - Urlaub &amp; Reisen","og_description":"Bei uns finden Sie Ferienh\u00e4user zum Verlieben &#8211; so einfach ist das! Wir bieten Ferienh\u00e4user auf die Isle of Wight an, die Kinder willkommen hei\u00dfen. Hier finden Familienfreundlich Ferienh\u00e4user &amp; Ferienwohnungen in England f\u00fcr Ihren Urlaub mit Kindern. Suche Ferienh\u00e4user Isle of Wight Alum-bay mit Kindern (44) Alverstone mit Kindern (243) Bembridge mit Kindern (164) [&hellip;]","og_url":"https:\/\/www.urlaubcornwall.de\/blog\/ferienhaeuser-auf-die-isle-of-wight-mit-kindern-schoensten-doerfer-und-staedte\/","og_site_name":"Urlaub &amp; Reisen","article_modified_time":"2019-05-30T17:04:19+00:00","og_image":[{"url":"https:\/\/www.urlaubcornwall.de\/blog\/wp-content\/uploads\/2019\/04\/Charmante-D\u00f6rfer-cornwall.jpg"}],"twitter_card":"summary","twitter_misc":{"Est. reading time":"1 minute"},"schema":{"@context":"https:\/\/schema.org","@graph":[{"@type":"WebSite","@id":"https:\/\/www.urlaubcornwall.de\/blog\/#website","url":"https:\/\/www.urlaubcornwall.de\/blog\/","name":"Urlaub &amp; Reisen","description":"Urlaub, Reisen, Cornwall und S\u00fcdengland: eine perfekte Kombination","potentialAction":[{"@type":"SearchAction","target":{"@type":"EntryPoint","urlTemplate":"https:\/\/www.urlaubcornwall.de\/blog\/?s={search_term_string}"},"query-input":"required name=search_term_string"}],"inLanguage":"en-US"},{"@type":"WebPage","@id":"https:\/\/www.urlaubcornwall.de\/blog\/ferienhaeuser-auf-die-isle-of-wight-mit-kindern-schoensten-doerfer-und-staedte\/","url":"https:\/\/www.urlaubcornwall.de\/blog\/ferienhaeuser-auf-die-isle-of-wight-mit-kindern-schoensten-doerfer-und-staedte\/","name":"Ferienh\u00e4user auf die Isle of Wight mit Kindern - Sch\u00f6nsten D\u00f6rfer und St\u00e4dte - Urlaub &amp; Reisen","isPartOf":{"@id":"https:\/\/www.urlaubcornwall.de\/blog\/#website"},"datePublished":"2019-05-08T09:24:58+00:00","dateModified":"2019-05-30T17:04:19+00:00","breadcrumb":{"@id":"https:\/\/www.urlaubcornwall.de\/blog\/ferienhaeuser-auf-die-isle-of-wight-mit-kindern-schoensten-doerfer-und-staedte\/#breadcrumb"},"inLanguage":"en-US","potentialAction":[{"@type":"ReadAction","target":["https:\/\/www.urlaubcornwall.de\/blog\/ferienhaeuser-auf-die-isle-of-wight-mit-kindern-schoensten-doerfer-und-staedte\/"]}]},{"@type":"BreadcrumbList","@id":"https:\/\/www.urlaubcornwall.de\/blog\/ferienhaeuser-auf-die-isle-of-wight-mit-kindern-schoensten-doerfer-und-staedte\/#breadcrumb","itemListElement":[{"@type":"ListItem","position":1,"name":"Home","item":"https:\/\/www.urlaubcornwall.de\/blog\/"},{"@type":"ListItem","position":2,"name":"Ferienh\u00e4user auf die Isle of Wight mit Kindern &#8211; Sch\u00f6nsten D\u00f6rfer und St\u00e4dte"}]}]}},"_links":{"self":[{"href":"https:\/\/www.urlaubcornwall.de\/blog\/wp-json\/wp\/v2\/pages\/38411"}],"collection":[{"href":"https:\/\/www.urlaubcornwall.de\/blog\/wp-json\/wp\/v2\/pages"}],"about":[{"href":"https:\/\/www.urlaubcornwall.de\/blog\/wp-json\/wp\/v2\/types\/page"}],"author":[{"embeddable":true,"href":"https:\/\/www.urlaubcornwall.de\/blog\/wp-json\/wp\/v2\/users\/1"}],"replies":[{"embeddable":true,"href":"https:\/\/www.urlaubcornwall.de\/blog\/wp-json\/wp\/v2\/comments?post=38411"}],"version-history":[{"count":2,"href":"https:\/\/www.urlaubcornwall.de\/blog\/wp-json\/wp\/v2\/pages\/38411\/revisions"}],"predecessor-version":[{"id":38483,"href":"https:\/\/www.urlaubcornwall.de\/blog\/wp-json\/wp\/v2\/pages\/38411\/revisions\/38483"}],"wp:attachment":[{"href":"https:\/\/www.urlaubcornwall.de\/blog\/wp-json\/wp\/v2\/media?parent=38411"}],"curies":[{"name":"wp","href":"https:\/\/api.w.org\/{rel}","templated":true}]}}