{"id":38396,"date":"2019-05-07T11:12:10","date_gmt":"2019-05-07T11:12:10","guid":{"rendered":"https:\/\/www.urlaubcornwall.de\/blog\/?page_id=38396"},"modified":"2021-04-16T10:21:10","modified_gmt":"2021-04-16T10:21:10","slug":"die-schoensten-straende-in-devon","status":"publish","type":"page","link":"https:\/\/www.urlaubcornwall.de\/blog\/die-schoensten-straende-in-devon\/","title":{"rendered":"Die sch\u00f6nsten Str\u00e4nde in Devon"},"content":{"rendered":"<div id=\"attachment_24551\" style=\"width: 754px\" class=\"wp-caption alignnone\"><a href=\"https:\/\/www.urlaubcornwall.de\/blog\/wp-content\/uploads\/2016\/06\/bigbury-am-meer.jpg\"><img aria-describedby=\"caption-attachment-24551\" loading=\"lazy\" src=\"https:\/\/www.urlaubcornwall.de\/blog\/wp-content\/uploads\/2016\/06\/bigbury-am-meer.jpg\" alt=\"Wundersch\u00f6ne Str\u00e4nde in bigbury Devon\" width=\"748\" height=\"427\" class=\"size-full wp-image-24551\" \/><\/a><p id=\"caption-attachment-24551\" class=\"wp-caption-text\">Wundersch\u00f6ne Str\u00e4nde in S\u00fcd-Devon &#8211; Bigbury on Sea<\/p><\/div>\n<p>Die <a href=\"https:\/\/www.urlaubcornwall.de\/ferienhaeuser-fewos\/eng\/sued-devon\/sued-devon-am-meer.html\">K\u00fcste von S\u00fcddevon<\/a> ist 193km lang; sie erstreckt sich von Plymouth, an der Grenze zu Cornwall, bis nach Seaton, an der Grenze zu <a href=\"https:\/\/www.urlaubcornwall.de\/ferienhaeuser-fewos\/eng\/dorset\/dorset-am-meer.html\">Dorset<\/a>. In S\u00fcddevon finden Sie einige von Englands besten Str\u00e4nden mit kristallklaren Gew\u00e4ssern. Es gibt gro\u00dfe Sandstr\u00e4nde, abgeschiedene Buchten, einige davon ideal f\u00fcr den Wassersport, <a href=\"https:\/\/www.urlaubcornwall.de\/ferienhaeuser-fewos\/eng\/sued-devon\/sued-devon-hundefreundlich.html\">hundefreundliche Str\u00e4nde<\/a> und andere, die einfach gro\u00dfartig sind f\u00fcr einen Familientag am Meer. Hier finden Sie eine Auswahl der Besten, die Sie w\u00e4hrend eines Urlaubs in S\u00fcdwestengland genie\u00dfen k\u00f6nnten.<\/p>\n<p><strong>1. Bigbury on Sea &#038; Burgh Island, Kingsbridge &#8211;<\/strong> <a href=\"https:\/\/www.urlaubcornwall.de\/ferienhaeuser-fewos\/eng\/sued-devon\/bigbury-on-sea.html\">Bigbury on Sea<\/a> ist ein gro\u00dfer Sandstrand mit jeder Menge Vergn\u00fcgungsm\u00f6glichkeiten; es gibt Felsenpools zu erkunden, und es ist hier gefahrlos zum Schwimmen und Windsurfen. Bei Ebbe k\u00f6nnen Sie hin\u00fcberspazieren zur Burgh Island. Dieses ikonische Wahrzeichen hat Verbindungen zu Agatha Christie, und war ebenfalls einst ein Unterschlupf f\u00fcr Piraten und Schmuggler. Bei Flut wird die Insel mittels des bekannten \u2018Meerestraktors\u2019 erreicht. Es gibt jede Menge Wege, um die Insel zu erkunden. Au\u00dferdem gibt es auf der Insel einen nat\u00fcrlichen Meerwasserpool, den \u201aMeerjungfrauenpool\u2019.<\/p>\n<p>Hunde sind am Strand erlaubt, nicht jedoch zwischen dem 1. Mai und 30. September, wenn ein saisonales Hundeverbot besteht.<\/p>\n<p><strong>2. Bantham, Modbury, <a href=\"https:\/\/www.urlaubcornwall.de\/ferienhaeuser-fewos\/eng\/sued-devon\/kingsbridge.html\">Kingsbridge<\/a> &#8211;<\/strong> Bantham Strand blickt hin\u00fcber Richtung Burgh Island und Bigbury on Sea. Dieser ideale Familienstrand besteht aus einem breiten, flach abfallenden Sandgebiet, hat Felspools, jede Menge Vergn\u00fcgungsm\u00f6glichkeiten und im Hintergrund Sandd\u00fcnen. Bantham hat den Ruf, einer der besten Surfstr\u00e4nde in S\u00fcddevon zu sein. <\/p>\n<p>Hunde sind am Strand erlaubt, nicht jedoch zwischen dem 1. Mai und 30. September, wenn ein saisonales Hundeverbot besteht.<\/p>\n<p><strong>3. <a href=\"https:\/\/www.urlaubcornwall.de\/ferienhaeuser-fewos\/eng\/sued-devon\/thurlestone.html\">Thurlestone Beach<\/a>, Thurlestone, Kingsbridge &#8211;<\/strong> Thurlestone Beach besteht aus 2 Str\u00e4nden, wobei der kleinere, Leasefoot, neben dem Thurlestone Golfklub liegt, w\u00e4hrend der gr\u00f6\u00dfere Strand, Thurlestone Sands, n\u00e4her bei South Milton liegt. Beide Str\u00e4nde sind perfekt windgesch\u00fctzte Sandstr\u00e4nde mit niederem Gew\u00e4sser zum Paddeln und beliebt f\u00fcr Wassersportarten. Zum Thurlestone Sands gelangen Sie, wenn Sie einen einspurigen Pfad entlanggehen, der nicht geeignet ist f\u00fcr Menschen mit eingeschr\u00e4nkter Beweglichkeit.<\/p>\n<p>Hunde sind das ganze Jahr \u00fcber an den Str\u00e4nden gestattet.<\/p>\n<p><strong>4. Hope Cove, <a href=\"https:\/\/www.urlaubcornwall.de\/ferienhaeuser-fewos\/eng\/sued-devon\/salcombe.html\">Salcombe<\/a> &#8211;<\/strong> Hope Cove besteht aus 2 sandigen Buchten, die sich an das charmante Dorf anschlie\u00dfen. Der kleinere der Str\u00e4nde ist Mouthwell Sands; dies ist der beliebtere und ein guter Strand f\u00fcr die Erkundung von Felspools und zum Sandburgenbauen. Der gr\u00f6\u00dfere und breitere Strand ist der Harbour Beach.<\/p>\n<p>Es gibt vom 1. Mai- 30. September ein saisonales Hundeverbot an der Mouthwell Bay. Hunde sind am Harbour Beach das ganze Jahr \u00fcber gestattet, m\u00fcssen jedoch angeleint bleiben.<\/p>\n<p><strong>5. <a href=\"https:\/\/www.urlaubcornwall.de\/ferienhaeuser-fewos\/eng\/sued-devon\/salcombe.html\">Salcombe South Sands Beach<\/a> &#8211;<\/strong> Einer der unber\u00fchrtesten Str\u00e4nde in S\u00fcddevon an der <a href=\"https:\/\/www.urlaubcornwall.de\/ferienhaeuser-fewos\/eng\/sued-devon\/kingsbridge.html\">Kingsbridge<\/a> Flussm\u00fcndung. Dies ist der perfekte Ort f\u00fcr einen Familienurlaub. Es gibt jede Menge Vergn\u00fcgungsm\u00f6glichkeiten, einschlie\u00dflich Kanufahren, Katamaransegeln, Windsurfen und Beibootsegeln. Eine Passagierf\u00e4hre verkehrt zwischen dem Strand und Whitestrand Quay in Salcombe. <\/p>\n<p>Hunde sind am Strand erlaubt, nicht jedoch zwischen dem 1. Mai und 30. September, wenn ein saisonales Hundeverbot besteht. <\/p>\n<div class=\"snippet\"> <a class=\"featured-item\" href=\" https:\/\/www.urlaubcornwall.de\/ferienhaeuser\/devon.php\"> <span class=\"image-holder\" style=\"background-image: url('https:\/\/www.urlaubcornwall.de\/blog\/wp-content\/uploads\/2018\/11\/landhaus-cornwall.jpg');\"><\/span> <span class=\"featured-content\"> \n<h2 class=\"featured-title\">Ferienh\u00e4user in Devon<\/h2>\n<p class=\"featured-body\">Devon besitzt mehr K\u00fcstenlinien als jede andere Grafschaft und bietet einige der besten Str\u00e4nde, K\u00fcstenwanderwege und Klippenlandschaften, die man \u00fcberhaupt finden kann&#8230;.<\/p>\n<\/span> <span class=\"featured-link-holder\"> <span class=\"featured-extra-info\"> \n<p> F\u00fcr Paare, Familien &#038; Gruppen<\/p>\n<\/span> \n<p class=\"featured-link\">DETAILS<\/p>\n<\/span> <\/a><\/div>\n<p><strong>6. Slapton Sands, Slapton &#8211;<\/strong> Dieser lange Strand besteht haupts\u00e4chlich aus Kieseln und Steinen und hat im Hintergrund einen gro\u00dfen S\u00fc\u00dfwassersee \u2013 Slapton Ley, welcher ein wichtiges Naturreservat ist. Slapton Sands ist ein familienfreundlicher Strand mit ruhigen Gew\u00e4ssern und jeder Menge Platz f\u00fcr eine Vielfalt an Wassersportarten. <\/p>\n<p>Hunde sind am Strand das ganze Jahr \u00fcber gestattet.<\/p>\n<p><strong>7. Blackpool Sands, <a href=\"https:\/\/www.urlaubcornwall.de\/ferienhaeuser-fewos\/eng\/sued-devon\/dartmouth.html\">Dartmouth<\/a> &#8211;<\/strong> Als einer der wundersch\u00f6nsten Str\u00e4nde des UK ist Blackpool Sands ein preisgekr\u00f6nter, blau beflaggter Strand. Dieser halbmondf\u00f6rmige, goldene Sandstrand hat im Hintergrund Kiefern und eine sanft sich dahinschwingende Landschaft. Es gibt jede Menge Vergn\u00fcgungsm\u00f6glichkeiten an diesem, sich in Privatbesitz befindlichen Strand, der am S\u00fcdwestk\u00fcstenpfad liegt. <\/p>\n<p>Hunde sind von M\u00e4rz bis Ende Oktober weder am Strand noch am Parkplatz gestattet.<\/p>\n<p><strong>8. Broadsands Strand, Paignton &#8211;<\/strong> An der Englischen Riviera zwischen Paignton und Brixham befindet sich Broadsands Beach. Dieser lange Strand mit rotem Sand hat an einem Ende Felspools. Zum Strand gelangen Sie entlang einer langen Promenade mit bunten Strandh\u00fctten. Die ruhige See ist ideal zum Paddeln und der Sand hervorragend zum Sandburgenbauen. <\/p>\n<p>Hunde sind am Strand erlaubt, nicht jedoch zwischen dem 1. Mai und 30. September, wenn ein saisonales Hundeverbot besteht.<\/p>\n<p><strong>9. Torre Abbey Beach, Torquay, Englische Riviera &#8211;<\/strong> Torre Abbey Beach ist T<a href=\"https:\/\/www.urlaubcornwall.de\/ferienhaeuser-fewos\/eng\/sued-devon\/torquay.html\">orquays Hauptstrand<\/a>. Dieser ungef\u00e4hrliche Strand befindet sich direkt westlich vom Hafen in Torquay und ist im Sommer sehr beliebt. Im Hintergrund hat der Strand eine lange Promenade und das grasbewachsene Gebiet, das unter dem Namen Torre Abbey Meadows bekannt ist.<\/p>\n<p>Hunde sind am Strand erlaubt, nicht jedoch zwischen dem 1. Mai und 30. September, wenn ein saisonales Hundeverbot besteht. <\/p>\n<p><strong>10. <a href=\"https:\/\/www.urlaubcornwall.de\/ferienhaeuser-fewos\/eng\/sued-devon\/shaldon.html\">Ness Cove, Shaldon, Teignmouth<\/a> &#8211;<\/strong> Ness Cove ist einer der abgeschiedensten und malerischsten Str\u00e4nde S\u00fcddevons. Versteckt liegend unterhalb der Klippen des Ness Headland erreichen Sie ihn mittels eines Originalschmugglertunnels, einem hinabsteigenden Pfad und Stufen hinunter zum Strand. Die Stufen k\u00f6nnen recht rutschig sein, daher nicht immer geeignet f\u00fcr Menschen mit eingeschr\u00e4nkter Beweglichkeit. Bei Flut verschwindet der Strand, doch bei Ebbe stellt der Strand eine herrliche Mischung aus feinem roten Sand, Kieseln und Felspools dar.<\/p>\n<p>Hunde sind das ganze Jahr \u00fcber am Strand gestattet.<\/p>\n<p><strong>11. Sidmouth Beach, Sidmouth &#8211;<\/strong> <a href=\"https:\/\/www.urlaubcornwall.de\/ferienhaeuser-fewos\/eng\/sued-devon\/sidmouth.html\">Der attraktive viktorianische Urlaubsort Sidmouth<\/a> hat einen langen Strand mit sattrotem Sand und Kieseln; eine lange Esplanade verl\u00e4uft der L\u00e4nge des Strandes entlang, und am westlichen Ende k\u00f6nnen Sie Kajaks und Kanus leihen.  Jacob\u2019s Ladder ist eine Reihe h\u00f6lzerner Stufen, die vom Strand hinauff\u00fchren zu den Connaught Gardens, wo Sie einen wundervollen Blick \u00fcber die K\u00fcste haben.<\/p>\n<p>Hunde sind am Hauptstrand erlaubt, nicht jedoch zwischen dem 1. Mai und 30. September, wenn ein saisonales Hundeverbot besteht. Sie sind auf einem kleinen Gebiet am Ostende des Strandes das ganze Jahr \u00fcber gestattet. <\/p>\n<p><strong>12. Beer Strand, Seaton, Devon &#8211;<\/strong> Im h\u00fcbschen <a href=\"https:\/\/www.urlaubcornwall.de\/ferienhaeuser-fewos\/eng\/sued-devon\/beer.html\">Fischerdorf Bee<\/a>r gelegen, befinden sich im Hintergrund dieses familienfreundlichen Kieselstrandes Kalksteinklippen. Der Name \u2018Beer\u2019 stammt aus dem Altenglischen und bedeutet \u2018Hain\u2019 \u2013 hat also nichts mit dem Getr\u00e4nk zu tun. Beer war einst das Zuhause von Schmugglern und hat noch immer eine Fischerbootsflotte besonders designter Boote, die direkt vom Strand aus ins Wasser gelassen werden k\u00f6nnen, und Sie k\u00f6nnen ihnen dabei zusehen, wie sie ihren t\u00e4glichen Fang an Krabben, Hummer und Fisch an Land bringen.<\/p>\n<p>Hunde sind am Strand erlaubt, nicht jedoch zwischen dem 1. Mai und 30. September, wenn ein saisonales Hundeverbot besteht. <\/p>\n<p><strong>13. <a href=\"https:\/\/www.urlaubcornwall.de\/ferienhaeuser-fewos\/eng\/sued-devon\/seaton.html\">Seaton, Devon<\/a> &#8211;<\/strong> Seaton Beach an der Jurak\u00fcste ist ein 1,6km langer Strand gesch\u00fctzter Kiesel. Mit Blick \u00fcber die <a href=\"https:\/\/www.urlaubcornwall.de\/ferienhaeuser-fewos\/eng\/dorset\/lyme-regis.html\">Lyme Bay<\/a> ist dieser sanft sich neigende Strand ein ideales Fleckchen zum Schwimmen oder f\u00fcr weitere Wassersportarten. Der <a href=\"https:\/\/www.urlaubcornwall.de\/wanderurlaub\/devon.php\">S\u00fcdwestk\u00fcstenpfad<\/a> verl\u00e4uft entlang dieses herrlichen Strandes, und Sie k\u00f6nnen zum nahe gelegenen malerischen Dorf Beer spazieren. <\/p>\n<p>Hunde sind das ganze Jahr \u00fcber in der zweiten Strandzone willkommen.<\/p>\n","protected":false},"excerpt":{"rendered":"<p>Die K\u00fcste von S\u00fcddevon ist 193km lang; sie erstreckt sich von Plymouth, an der Grenze zu Cornwall, bis nach Seaton, an der Grenze zu Dorset. In S\u00fcddevon finden Sie einige von Englands besten Str\u00e4nden mit kristallklaren Gew\u00e4ssern. Es gibt gro\u00dfe Sandstr\u00e4nde, abgeschiedene Buchten, einige davon ideal f\u00fcr den Wassersport, hundefreundliche Str\u00e4nde und andere, die einfach [&hellip;]<\/p>\n","protected":false},"author":1,"featured_media":0,"parent":0,"menu_order":0,"comment_status":"closed","ping_status":"closed","template":"single-four.php","meta":[],"acf":[],"yoast_head":"<!-- This site is optimized with the Yoast SEO plugin v19.4 - https:\/\/yoast.com\/wordpress\/plugins\/seo\/ -->\n<title>Die sch\u00f6nsten Str\u00e4nde in Devon - Urlaub &amp; Reisen<\/title>\n<meta name=\"robots\" content=\"index, follow, max-snippet:-1, max-image-preview:large, max-video-preview:-1\" \/>\n<link rel=\"canonical\" href=\"https:\/\/www.urlaubcornwall.de\/blog\/die-schoensten-straende-in-devon\/\" \/>\n<meta property=\"og:locale\" content=\"en_US\" \/>\n<meta property=\"og:type\" content=\"article\" \/>\n<meta property=\"og:title\" content=\"Die sch\u00f6nsten Str\u00e4nde in Devon - Urlaub &amp; Reisen\" \/>\n<meta property=\"og:description\" content=\"Die K\u00fcste von S\u00fcddevon ist 193km lang; sie erstreckt sich von Plymouth, an der Grenze zu Cornwall, bis nach Seaton, an der Grenze zu Dorset. In S\u00fcddevon finden Sie einige von Englands besten Str\u00e4nden mit kristallklaren Gew\u00e4ssern. Es gibt gro\u00dfe Sandstr\u00e4nde, abgeschiedene Buchten, einige davon ideal f\u00fcr den Wassersport, hundefreundliche Str\u00e4nde und andere, die einfach [&hellip;]\" \/>\n<meta property=\"og:url\" content=\"https:\/\/www.urlaubcornwall.de\/blog\/die-schoensten-straende-in-devon\/\" \/>\n<meta property=\"og:site_name\" content=\"Urlaub &amp; Reisen\" \/>\n<meta property=\"article:modified_time\" content=\"2021-04-16T10:21:10+00:00\" \/>\n<meta property=\"og:image\" content=\"https:\/\/www.urlaubcornwall.de\/blog\/wp-content\/uploads\/2016\/06\/bigbury-am-meer.jpg\" \/>\n<meta name=\"twitter:card\" content=\"summary\" \/>\n<meta name=\"twitter:label1\" content=\"Est. reading time\" \/>\n\t<meta name=\"twitter:data1\" content=\"6 minutes\" \/>\n<script type=\"application\/ld+json\" class=\"yoast-schema-graph\">{\"@context\":\"https:\/\/schema.org\",\"@graph\":[{\"@type\":\"WebSite\",\"@id\":\"https:\/\/www.urlaubcornwall.de\/blog\/#website\",\"url\":\"https:\/\/www.urlaubcornwall.de\/blog\/\",\"name\":\"Urlaub &amp; Reisen\",\"description\":\"Urlaub, Reisen, Cornwall und S\u00fcdengland: eine perfekte Kombination\",\"potentialAction\":[{\"@type\":\"SearchAction\",\"target\":{\"@type\":\"EntryPoint\",\"urlTemplate\":\"https:\/\/www.urlaubcornwall.de\/blog\/?s={search_term_string}\"},\"query-input\":\"required name=search_term_string\"}],\"inLanguage\":\"en-US\"},{\"@type\":\"WebPage\",\"@id\":\"https:\/\/www.urlaubcornwall.de\/blog\/die-schoensten-straende-in-devon\/\",\"url\":\"https:\/\/www.urlaubcornwall.de\/blog\/die-schoensten-straende-in-devon\/\",\"name\":\"Die sch\u00f6nsten Str\u00e4nde in Devon - Urlaub &amp; Reisen\",\"isPartOf\":{\"@id\":\"https:\/\/www.urlaubcornwall.de\/blog\/#website\"},\"datePublished\":\"2019-05-07T11:12:10+00:00\",\"dateModified\":\"2021-04-16T10:21:10+00:00\",\"breadcrumb\":{\"@id\":\"https:\/\/www.urlaubcornwall.de\/blog\/die-schoensten-straende-in-devon\/#breadcrumb\"},\"inLanguage\":\"en-US\",\"potentialAction\":[{\"@type\":\"ReadAction\",\"target\":[\"https:\/\/www.urlaubcornwall.de\/blog\/die-schoensten-straende-in-devon\/\"]}]},{\"@type\":\"BreadcrumbList\",\"@id\":\"https:\/\/www.urlaubcornwall.de\/blog\/die-schoensten-straende-in-devon\/#breadcrumb\",\"itemListElement\":[{\"@type\":\"ListItem\",\"position\":1,\"name\":\"Home\",\"item\":\"https:\/\/www.urlaubcornwall.de\/blog\/\"},{\"@type\":\"ListItem\",\"position\":2,\"name\":\"Die sch\u00f6nsten Str\u00e4nde in Devon\"}]}]}<\/script>\n<!-- \/ Yoast SEO plugin. -->","yoast_head_json":{"title":"Die sch\u00f6nsten Str\u00e4nde in Devon - Urlaub &amp; Reisen","robots":{"index":"index","follow":"follow","max-snippet":"max-snippet:-1","max-image-preview":"max-image-preview:large","max-video-preview":"max-video-preview:-1"},"canonical":"https:\/\/www.urlaubcornwall.de\/blog\/die-schoensten-straende-in-devon\/","og_locale":"en_US","og_type":"article","og_title":"Die sch\u00f6nsten Str\u00e4nde in Devon - Urlaub &amp; Reisen","og_description":"Die K\u00fcste von S\u00fcddevon ist 193km lang; sie erstreckt sich von Plymouth, an der Grenze zu Cornwall, bis nach Seaton, an der Grenze zu Dorset. In S\u00fcddevon finden Sie einige von Englands besten Str\u00e4nden mit kristallklaren Gew\u00e4ssern. Es gibt gro\u00dfe Sandstr\u00e4nde, abgeschiedene Buchten, einige davon ideal f\u00fcr den Wassersport, hundefreundliche Str\u00e4nde und andere, die einfach [&hellip;]","og_url":"https:\/\/www.urlaubcornwall.de\/blog\/die-schoensten-straende-in-devon\/","og_site_name":"Urlaub &amp; Reisen","article_modified_time":"2021-04-16T10:21:10+00:00","og_image":[{"url":"https:\/\/www.urlaubcornwall.de\/blog\/wp-content\/uploads\/2016\/06\/bigbury-am-meer.jpg"}],"twitter_card":"summary","twitter_misc":{"Est. reading time":"6 minutes"},"schema":{"@context":"https:\/\/schema.org","@graph":[{"@type":"WebSite","@id":"https:\/\/www.urlaubcornwall.de\/blog\/#website","url":"https:\/\/www.urlaubcornwall.de\/blog\/","name":"Urlaub &amp; Reisen","description":"Urlaub, Reisen, Cornwall und S\u00fcdengland: eine perfekte Kombination","potentialAction":[{"@type":"SearchAction","target":{"@type":"EntryPoint","urlTemplate":"https:\/\/www.urlaubcornwall.de\/blog\/?s={search_term_string}"},"query-input":"required name=search_term_string"}],"inLanguage":"en-US"},{"@type":"WebPage","@id":"https:\/\/www.urlaubcornwall.de\/blog\/die-schoensten-straende-in-devon\/","url":"https:\/\/www.urlaubcornwall.de\/blog\/die-schoensten-straende-in-devon\/","name":"Die sch\u00f6nsten Str\u00e4nde in Devon - Urlaub &amp; Reisen","isPartOf":{"@id":"https:\/\/www.urlaubcornwall.de\/blog\/#website"},"datePublished":"2019-05-07T11:12:10+00:00","dateModified":"2021-04-16T10:21:10+00:00","breadcrumb":{"@id":"https:\/\/www.urlaubcornwall.de\/blog\/die-schoensten-straende-in-devon\/#breadcrumb"},"inLanguage":"en-US","potentialAction":[{"@type":"ReadAction","target":["https:\/\/www.urlaubcornwall.de\/blog\/die-schoensten-straende-in-devon\/"]}]},{"@type":"BreadcrumbList","@id":"https:\/\/www.urlaubcornwall.de\/blog\/die-schoensten-straende-in-devon\/#breadcrumb","itemListElement":[{"@type":"ListItem","position":1,"name":"Home","item":"https:\/\/www.urlaubcornwall.de\/blog\/"},{"@type":"ListItem","position":2,"name":"Die sch\u00f6nsten Str\u00e4nde in Devon"}]}]}},"_links":{"self":[{"href":"https:\/\/www.urlaubcornwall.de\/blog\/wp-json\/wp\/v2\/pages\/38396"}],"collection":[{"href":"https:\/\/www.urlaubcornwall.de\/blog\/wp-json\/wp\/v2\/pages"}],"about":[{"href":"https:\/\/www.urlaubcornwall.de\/blog\/wp-json\/wp\/v2\/types\/page"}],"author":[{"embeddable":true,"href":"https:\/\/www.urlaubcornwall.de\/blog\/wp-json\/wp\/v2\/users\/1"}],"replies":[{"embeddable":true,"href":"https:\/\/www.urlaubcornwall.de\/blog\/wp-json\/wp\/v2\/comments?post=38396"}],"version-history":[{"count":7,"href":"https:\/\/www.urlaubcornwall.de\/blog\/wp-json\/wp\/v2\/pages\/38396\/revisions"}],"predecessor-version":[{"id":41568,"href":"https:\/\/www.urlaubcornwall.de\/blog\/wp-json\/wp\/v2\/pages\/38396\/revisions\/41568"}],"wp:attachment":[{"href":"https:\/\/www.urlaubcornwall.de\/blog\/wp-json\/wp\/v2\/media?parent=38396"}],"curies":[{"name":"wp","href":"https:\/\/api.w.org\/{rel}","templated":true}]}}