{"id":38392,"date":"2019-05-07T10:10:33","date_gmt":"2019-05-07T10:10:33","guid":{"rendered":"https:\/\/www.urlaubcornwall.de\/blog\/?page_id=38392"},"modified":"2024-05-30T14:04:44","modified_gmt":"2024-05-30T14:04:44","slug":"die-schoensten-straende-in-kent","status":"publish","type":"page","link":"https:\/\/www.urlaubcornwall.de\/blog\/die-schoensten-straende-in-kent\/","title":{"rendered":"Die sch\u00f6nsten Str\u00e4nde in Kent"},"content":{"rendered":"<p><a href=\"https:\/\/www.urlaubcornwall.de\/blog\/wp-content\/uploads\/2024\/05\/whitstable.jpg\"><img loading=\"lazy\" src=\"https:\/\/www.urlaubcornwall.de\/blog\/wp-content\/uploads\/2024\/05\/whitstable.jpg\" alt=\"whitstable\" width=\"750\" height=\"512\" class=\"alignnone size-full wp-image-51094\" srcset=\"https:\/\/www.urlaubcornwall.de\/blog\/wp-content\/uploads\/2024\/05\/whitstable.jpg 750w, https:\/\/www.urlaubcornwall.de\/blog\/wp-content\/uploads\/2024\/05\/whitstable-300x205.jpg 300w\" sizes=\"(max-width: 750px) 100vw, 750px\" \/><\/a><\/p>\n<p><a href=\"https:\/\/www.urlaubcornwall.de\/ferienhaeuser-fewos\/eng\/kent\/kent-am-meer.html\">Kent ist das Zuhause vieler herrlicher Str\u00e4nde<\/a>; von der mysteri\u00f6sen Landschaft von Dungeness bis hin zum urigen Fischerdorf von Whitstable hat die vielf\u00e4ltige K\u00fcste Kents der gesamten Familie etwas zu bieten. Ob Sie nun nach traditioneller Strandunterhaltung Ausschau halten, Wassersport betreiben oder einfach irgendwo entspannen wollen, Kent bietet Ihnen alles.<\/p>\n<p><strong>1. Strand Dungeness, Lydd &#8211;<\/strong>  <a href=\"https:\/\/www.urlaubcornwall.de\/ferienhaeuser-fewos\/eng\/kent\/dungeness.html\">Strand Dungeness<\/a> ist eine gro\u00dfe Fl\u00e4che an Kieseln am Rande des Romney Sumpfgebiets. Es ist eine einzigartige Landschaft und gilt als die einzige W\u00fcste des UK aufgrund ihrer Trockenheit und dem spektakul\u00e4ren Mangel an Oberfl\u00e4chenvegetation. Nichtsdestotrotz ist sie das Zuhause einer breiten Vielfalt an Tierleben und ein gro\u00dfartiges Fleckchen, um V\u00f6gel zu beobachten; sie ist auch beliebt zum Angeln. Es herrscht hier eine nahezu surreale Atmosph\u00e4re, da die flache Landschaft \u00fcberschattet wird vom Nuklearkraftwerk Dungeness, sowie 2 Leuchtt\u00fcrmen.<\/p>\n<p>Hunde sind das ganze Jahr \u00fcber gestattet.<\/p>\n<p><strong>2. Strand Littlestone, New Romney &#8211;<\/strong> Der gro\u00dfe Sandstrand von Littlestone erstreckt sich bei Ebbe nahezu 1km hinein ins Meer, was ihn beliebt sein l\u00e4sst zum Sandsegeln. Die Dampfeisenbahn von Romney nach Dymchurch verl\u00e4uft entlang des Strandes.<\/p>\n<p>Hunde sind das ganze Jahr \u00fcber gestattet.<\/p>\n<p><strong>3. Strand Dymchurch, Dymchurch &#8211;<\/strong> Der \u00fcberwiegend sandige Strand bei Dymchurch erstreckt sich ungef\u00e4hr 4,8km entlang der K\u00fcste von Kent. Eine neue Mauer wurde errichtet, die nun breit genug ist, um darauf entlang zu spazieren. Der Sand am Strand ist ideal zum Sandburgenbauen; es ist auch ein gro\u00dfartiger Strand zum Schwimmen, doch weil er so flach ist, kann die Flut recht rasch hereinkommen. <\/p>\n<p>Einschr\u00e4nkungen f\u00fcr Hunde gelten von Mai- September.<\/p>\n<p><strong>4. Strand Hythe, Hythe &#8211;<\/strong> An der <a href=\"https:\/\/www.urlaubcornwall.de\/reiseziel\/kent.php\">S\u00fcdostk\u00fcste von Kent<\/a>, befindet sich der Strand Hythe zwischen Folkestone und Dymchurch. Dieser ruhige Strand besteht haupts\u00e4chlich aus Kieseln und f\u00e4llt recht rasch hinunter ins Meer. Er ist beliebt zum Schwimmen, doch kann das Wasser recht schnell ziemlich tief werden. Eine Promenade von mehr als 3km geht der L\u00e4nge des Strandes entlang und ist beliebt zum Radfahren und Wandern. Es gibt auch zahlreiche Stellen, die Eis und Getr\u00e4nke verkaufen, sowie B\u00e4nke, auf denen man sitzen und den Blick genie\u00dfen kann. <\/p>\n<p>Einschr\u00e4nkungen f\u00fcr Hunde gelten von Mai- September.<\/p>\n<div class=\"snippet\"> <a class=\"featured-item\" href=\" https:\/\/www.urlaubcornwall.de\/ferienhaeuser\/suedengland.php\"> <span class=\"image-holder\" style=\"background-image: url(' https:\/\/www.urlaubcornwall.de\/blog\/wp-content\/uploads\/2018\/12\/20360149.jpg');\"><\/span> <span class=\"featured-content\"> \n<h2 class=\"featured-title\">Ferienh\u00e4user in S\u00fcdengland zum Verlieben!<\/h2>\n<p class=\"featured-body\">Dank seiner langen Geschichte, der reizvollen Landschaften und seinen vielen Attraktionen ist S\u00fcdengland ein wahres Mekka f\u00fcr Urlauber. F\u00fcr Familien und Paare ist die Reise durch Kent, den Garten Englands, die Sussex Downs, die uralten Grafschaften von Hampshire und Dorset&#8230;<\/p>\n<\/span> <span class=\"featured-link-holder\"> <span class=\"featured-extra-info\"> \n<p>F\u00fcr Paare, Familien &#038; Gruppen<\/p>\n<\/span> \n<p class=\"featured-link\">DETAILS<\/p>\n<\/span> <\/a><\/div>\n<p><strong>5. Strand Sandgate, Sandgate, Hythe &#8211;<\/strong> Der Strand Sandgate befindet sich ungef\u00e4hr 1,6km westlich vom Stadtzentrumsstrand von Sandgate. Dieser Strand ist ruhiger und ein entz\u00fcckendes Fleckchen zum Wandern und beliebt bei Anglern. Die Promenade hinter dem Strand verl\u00e4uft zwischen Hythe und Folkestone und wird von Radfahrern und Wanderern gleicherma\u00dfen genutzt.<\/p>\n<p>Einschr\u00e4nkungen f\u00fcr Hunde gelten von Mai- September.<\/p>\n<p><strong>6. Der Strand Warren, Folkestone &#8211;<\/strong> Dieser Sandstrand befindet sich direkt au\u00dferhalb der Stadt Folkestone; er hat jede Menge Felsenpools und ist ein Lieblingsstrand f\u00fcr Entdecker von Fossilien. Mit Kalkklippen im Hintergrund ist das Gebiet bekannt als \u201aThe Warren Country Park\u2018 und bietet einer Variation seltener Tiere und Pflanzen ein Zuhause. Von der Spitze der Klippen aus ergibt sich ein  spektakul\u00e4rer Blick \u00fcber den Englischen Kanal hinweg hinaus aufs Meer. <\/p>\n<p>Hunde sind das ganze Jahr \u00fcber am Strand gestattet.<\/p>\n<p><strong>7. Strand Deal, Deal &#8211;<\/strong> Der Strand Deal ist ein Kieselstrand, der beliebt ist zum Entlangspazieren; es ist auch ein gutes Fleckchen zum Schwimmen. Es gibt einen langen Pier, der sich hinaus ins Meer erstreckt und ein Caf\u00e9 hat, sowie an seinem Ende Angelpl\u00e4tze. Fischerboote landen auch am s\u00fcdlichen Teil des Strandes.<\/p>\n<p>Hunde sind von Ostern \u2013 September mit Einschr\u00e4nkungen gestattet. <\/p>\n<p><strong>8. Sandwich Bucht, Sandwich &#8211;<\/strong> Sandwich Bay ist ein langer Sand- und Kieselstrand mit 3 Golfpl\u00e4tzen und einem privaten Gut im Hintergrund. Um zum Strand zu gelangen, m\u00fcssen Sie eine private geb\u00fchrenpflichtige Stra\u00dfe durch das Gut fahren. N\u00f6rdlich des Strandes befindet sich das Sandwich und Pegwell Bay Naturreservat mit einer F\u00fclle an Tierleben, vor allem V\u00f6geln. Das n\u00f6rdliche Ende des Strandes ist auch ein inoffizieller Nacktbadestrand. <\/p>\n<p>Hunde sind das ganze Jahr \u00fcber gestattet.<\/p>\n<p><strong>9. Ramsgate Sands, Ramsgate &#8211;<\/strong> Der beliebte Sandstrand in Ramsgate ist umgeben von hohen Kalkklippen und befindet sich neben dem K\u00f6niglichen Hafen und Jachthafen. Es ist ein perfekter Strand f\u00fcr Familien mit jeder Menge Vergn\u00fcgungsm\u00f6glichkeiten in der N\u00e4he. <\/p>\n<p>Hunde sind vom 1. Mai \u2013 30. September nicht gestattet.<\/p>\n<p><strong>10. Viking Bucht, Broadstairs &#8211;<\/strong> <a href=\"https:\/\/www.urlaubcornwall.de\/ferienhaeuser-fewos\/eng\/kent\/broadstairs.html\">Der beliebteste Strand in der Meeresstadt Broadstairs ist Viking Bay<\/a>. Der sandige halbmondf\u00f6rmige Strand hat all das, was Sie erwarten w\u00fcrden: Strandh\u00fctten, eine Promenade, Gesch\u00e4fte am Strand, Caf\u00e9s und sogar einen Klippenaufzug, der Sie hinunterbringt zum Strand. Am n\u00f6rdlichen Ende des Strandes befindet sich ein kleiner Hafen, der einer kleinen Flotte an Fischerbooten ein Zuhause bietet. Mit Blick \u00fcber den Hafen finden Sie Bleak House, einst das Zuhause von Charles Dickens, wo er auch David Copperfield schrieb.<\/p>\n<p>Hunde sind vom 1. Mai \u2013 30. September nicht gestattet.<\/p>\n<p><strong>11. Joss Bay, <a href=\"https:\/\/www.urlaubcornwall.de\/ferienhaeuser-fewos\/eng\/kent\/margate.html\">Margate<\/a> &#8211;<\/strong> Dieser beliebte Sandstrand an der Joss Bay ist gesch\u00fctzt durch steile Kalkklippen und f\u00fcgt sich an den North Foreland Golfplatz an. Neben der Viking Bay ist es einer der beliebtesten Str\u00e4nde an diesem K\u00fcstenabschnitt von Kent. Er ist mehr als 200m lang und bietet all die Vergn\u00fcgungsm\u00f6glichkeiten eines gro\u00dfartigen Familienstrandes. Joss Bay ist Kents bester Surfstrand, und es gibt eine Surfschule, wo Sie Stunden nehmen oder Ausstattung leihen k\u00f6nnen. Joss Bay befindet sich auf halbem Wege zwischen Broadstairs und Margate und ist benannt nach dem ber\u00fchmten Schmuggler des 18. Jahrhunderts, Joss Snelling.<\/p>\n<p>Hunde sind vom 1. Mai \u2013 30. September von 10 Uhr &#8211; 16 Uhr verboten. <\/p>\n<p><strong>12. Herne Bay Strand, Herne Bay &#8211;<\/strong> Herne Bay ist gro\u00dfartig f\u00fcr Familien und eine typisch britische Meeresstadt. Der Kieselstrand bietet gesch\u00fctztes Schwimmen hinter dem Wellenbrecher, und jede Menge Vergn\u00fcgungsm\u00f6glichkeiten befinden sich in der N\u00e4he. Sie k\u00f6nnen eine Strandh\u00fctte mieten, sowie Liegest\u00fchle. <\/p>\n<p>Hundeeinschr\u00e4nkungen gelten von Ostern \u2013 September.<\/p>\n<p><strong>13. Whitstable West Strand &#8211;<\/strong> Der <a href=\"https:\/\/www.urlaubcornwall.de\/ferienhaeuser-fewos\/eng\/kent\/whitstable.html\">West Beach in Whitstable<\/a> ist ein langer Abschnitt an Kieseln, der sich vom Hafen der Stadt hinunterzieht nach Seasalter. Dieses charmante Fleckchen hat Strandh\u00fctten, urige Cottages, Fischerboote, die direkt am Strand landen, eine Kneipe, ein Restaurant, und da er nach Westen hin liegt, ist der Strand ein gro\u00dfartiger Ort, um den Sonnenuntergang zu beobachten. Whitstable Beach hat am n\u00f6rdlichen Ende einen Jachtklub. <\/p>\n<p>Hunde sind das ganze Jahr \u00fcber gestattet.<\/p>\n<p><strong>Ferienh\u00e4user, Cottages &amp; Ferienwohnungen in Kent am Meer f\u00fcr Ihren Urlaub mit Selbstverpflegung in England<\/strong><\/p>\n<p style=\"text-align: center;\"><a class=\"tidycta\"  href=\"https:\/\/www.urlaubcornwall.de\/ferienhaeuser-fewos\/eng\/kent\/kent-am-meer.html\">Suche Ferienh\u00e4user<\/a><\/p>\n","protected":false},"excerpt":{"rendered":"<p>Kent ist das Zuhause vieler herrlicher Str\u00e4nde; von der mysteri\u00f6sen Landschaft von Dungeness bis hin zum urigen Fischerdorf von Whitstable hat die vielf\u00e4ltige K\u00fcste Kents der gesamten Familie etwas zu bieten. Ob Sie nun nach traditioneller Strandunterhaltung Ausschau halten, Wassersport betreiben oder einfach irgendwo entspannen wollen, Kent bietet Ihnen alles. 1. Strand Dungeness, Lydd &#8211; [&hellip;]<\/p>\n","protected":false},"author":1,"featured_media":0,"parent":0,"menu_order":0,"comment_status":"closed","ping_status":"closed","template":"single-four.php","meta":[],"acf":[],"yoast_head":"<!-- This site is optimized with the Yoast SEO plugin v19.4 - https:\/\/yoast.com\/wordpress\/plugins\/seo\/ -->\n<title>Die sch\u00f6nsten Str\u00e4nde in Kent - Urlaub &amp; Reisen<\/title>\n<meta name=\"robots\" content=\"index, follow, max-snippet:-1, max-image-preview:large, max-video-preview:-1\" \/>\n<link rel=\"canonical\" href=\"https:\/\/www.urlaubcornwall.de\/blog\/die-schoensten-straende-in-kent\/\" \/>\n<meta property=\"og:locale\" content=\"en_US\" \/>\n<meta property=\"og:type\" content=\"article\" \/>\n<meta property=\"og:title\" content=\"Die sch\u00f6nsten Str\u00e4nde in Kent - Urlaub &amp; Reisen\" \/>\n<meta property=\"og:description\" content=\"Kent ist das Zuhause vieler herrlicher Str\u00e4nde; von der mysteri\u00f6sen Landschaft von Dungeness bis hin zum urigen Fischerdorf von Whitstable hat die vielf\u00e4ltige K\u00fcste Kents der gesamten Familie etwas zu bieten. Ob Sie nun nach traditioneller Strandunterhaltung Ausschau halten, Wassersport betreiben oder einfach irgendwo entspannen wollen, Kent bietet Ihnen alles. 1. Strand Dungeness, Lydd &#8211; [&hellip;]\" \/>\n<meta property=\"og:url\" content=\"https:\/\/www.urlaubcornwall.de\/blog\/die-schoensten-straende-in-kent\/\" \/>\n<meta property=\"og:site_name\" content=\"Urlaub &amp; Reisen\" \/>\n<meta property=\"article:modified_time\" content=\"2024-05-30T14:04:44+00:00\" \/>\n<meta property=\"og:image\" content=\"https:\/\/www.urlaubcornwall.de\/blog\/wp-content\/uploads\/2024\/05\/whitstable.jpg\" \/>\n<meta name=\"twitter:card\" content=\"summary\" \/>\n<meta name=\"twitter:label1\" content=\"Est. reading time\" \/>\n\t<meta name=\"twitter:data1\" content=\"5 minutes\" \/>\n<script type=\"application\/ld+json\" class=\"yoast-schema-graph\">{\"@context\":\"https:\/\/schema.org\",\"@graph\":[{\"@type\":\"WebSite\",\"@id\":\"https:\/\/www.urlaubcornwall.de\/blog\/#website\",\"url\":\"https:\/\/www.urlaubcornwall.de\/blog\/\",\"name\":\"Urlaub &amp; Reisen\",\"description\":\"Urlaub, Reisen, Cornwall und S\u00fcdengland: eine perfekte Kombination\",\"potentialAction\":[{\"@type\":\"SearchAction\",\"target\":{\"@type\":\"EntryPoint\",\"urlTemplate\":\"https:\/\/www.urlaubcornwall.de\/blog\/?s={search_term_string}\"},\"query-input\":\"required name=search_term_string\"}],\"inLanguage\":\"en-US\"},{\"@type\":\"WebPage\",\"@id\":\"https:\/\/www.urlaubcornwall.de\/blog\/die-schoensten-straende-in-kent\/\",\"url\":\"https:\/\/www.urlaubcornwall.de\/blog\/die-schoensten-straende-in-kent\/\",\"name\":\"Die sch\u00f6nsten Str\u00e4nde in Kent - Urlaub &amp; Reisen\",\"isPartOf\":{\"@id\":\"https:\/\/www.urlaubcornwall.de\/blog\/#website\"},\"datePublished\":\"2019-05-07T10:10:33+00:00\",\"dateModified\":\"2024-05-30T14:04:44+00:00\",\"breadcrumb\":{\"@id\":\"https:\/\/www.urlaubcornwall.de\/blog\/die-schoensten-straende-in-kent\/#breadcrumb\"},\"inLanguage\":\"en-US\",\"potentialAction\":[{\"@type\":\"ReadAction\",\"target\":[\"https:\/\/www.urlaubcornwall.de\/blog\/die-schoensten-straende-in-kent\/\"]}]},{\"@type\":\"BreadcrumbList\",\"@id\":\"https:\/\/www.urlaubcornwall.de\/blog\/die-schoensten-straende-in-kent\/#breadcrumb\",\"itemListElement\":[{\"@type\":\"ListItem\",\"position\":1,\"name\":\"Home\",\"item\":\"https:\/\/www.urlaubcornwall.de\/blog\/\"},{\"@type\":\"ListItem\",\"position\":2,\"name\":\"Die sch\u00f6nsten Str\u00e4nde in Kent\"}]}]}<\/script>\n<!-- \/ Yoast SEO plugin. -->","yoast_head_json":{"title":"Die sch\u00f6nsten Str\u00e4nde in Kent - Urlaub &amp; Reisen","robots":{"index":"index","follow":"follow","max-snippet":"max-snippet:-1","max-image-preview":"max-image-preview:large","max-video-preview":"max-video-preview:-1"},"canonical":"https:\/\/www.urlaubcornwall.de\/blog\/die-schoensten-straende-in-kent\/","og_locale":"en_US","og_type":"article","og_title":"Die sch\u00f6nsten Str\u00e4nde in Kent - Urlaub &amp; Reisen","og_description":"Kent ist das Zuhause vieler herrlicher Str\u00e4nde; von der mysteri\u00f6sen Landschaft von Dungeness bis hin zum urigen Fischerdorf von Whitstable hat die vielf\u00e4ltige K\u00fcste Kents der gesamten Familie etwas zu bieten. Ob Sie nun nach traditioneller Strandunterhaltung Ausschau halten, Wassersport betreiben oder einfach irgendwo entspannen wollen, Kent bietet Ihnen alles. 1. Strand Dungeness, Lydd &#8211; [&hellip;]","og_url":"https:\/\/www.urlaubcornwall.de\/blog\/die-schoensten-straende-in-kent\/","og_site_name":"Urlaub &amp; Reisen","article_modified_time":"2024-05-30T14:04:44+00:00","og_image":[{"url":"https:\/\/www.urlaubcornwall.de\/blog\/wp-content\/uploads\/2024\/05\/whitstable.jpg"}],"twitter_card":"summary","twitter_misc":{"Est. reading time":"5 minutes"},"schema":{"@context":"https:\/\/schema.org","@graph":[{"@type":"WebSite","@id":"https:\/\/www.urlaubcornwall.de\/blog\/#website","url":"https:\/\/www.urlaubcornwall.de\/blog\/","name":"Urlaub &amp; Reisen","description":"Urlaub, Reisen, Cornwall und S\u00fcdengland: eine perfekte Kombination","potentialAction":[{"@type":"SearchAction","target":{"@type":"EntryPoint","urlTemplate":"https:\/\/www.urlaubcornwall.de\/blog\/?s={search_term_string}"},"query-input":"required name=search_term_string"}],"inLanguage":"en-US"},{"@type":"WebPage","@id":"https:\/\/www.urlaubcornwall.de\/blog\/die-schoensten-straende-in-kent\/","url":"https:\/\/www.urlaubcornwall.de\/blog\/die-schoensten-straende-in-kent\/","name":"Die sch\u00f6nsten Str\u00e4nde in Kent - Urlaub &amp; Reisen","isPartOf":{"@id":"https:\/\/www.urlaubcornwall.de\/blog\/#website"},"datePublished":"2019-05-07T10:10:33+00:00","dateModified":"2024-05-30T14:04:44+00:00","breadcrumb":{"@id":"https:\/\/www.urlaubcornwall.de\/blog\/die-schoensten-straende-in-kent\/#breadcrumb"},"inLanguage":"en-US","potentialAction":[{"@type":"ReadAction","target":["https:\/\/www.urlaubcornwall.de\/blog\/die-schoensten-straende-in-kent\/"]}]},{"@type":"BreadcrumbList","@id":"https:\/\/www.urlaubcornwall.de\/blog\/die-schoensten-straende-in-kent\/#breadcrumb","itemListElement":[{"@type":"ListItem","position":1,"name":"Home","item":"https:\/\/www.urlaubcornwall.de\/blog\/"},{"@type":"ListItem","position":2,"name":"Die sch\u00f6nsten Str\u00e4nde in Kent"}]}]}},"_links":{"self":[{"href":"https:\/\/www.urlaubcornwall.de\/blog\/wp-json\/wp\/v2\/pages\/38392"}],"collection":[{"href":"https:\/\/www.urlaubcornwall.de\/blog\/wp-json\/wp\/v2\/pages"}],"about":[{"href":"https:\/\/www.urlaubcornwall.de\/blog\/wp-json\/wp\/v2\/types\/page"}],"author":[{"embeddable":true,"href":"https:\/\/www.urlaubcornwall.de\/blog\/wp-json\/wp\/v2\/users\/1"}],"replies":[{"embeddable":true,"href":"https:\/\/www.urlaubcornwall.de\/blog\/wp-json\/wp\/v2\/comments?post=38392"}],"version-history":[{"count":6,"href":"https:\/\/www.urlaubcornwall.de\/blog\/wp-json\/wp\/v2\/pages\/38392\/revisions"}],"predecessor-version":[{"id":51097,"href":"https:\/\/www.urlaubcornwall.de\/blog\/wp-json\/wp\/v2\/pages\/38392\/revisions\/51097"}],"wp:attachment":[{"href":"https:\/\/www.urlaubcornwall.de\/blog\/wp-json\/wp\/v2\/media?parent=38392"}],"curies":[{"name":"wp","href":"https:\/\/api.w.org\/{rel}","templated":true}]}}