{"id":38389,"date":"2019-05-07T09:31:47","date_gmt":"2019-05-07T09:31:47","guid":{"rendered":"https:\/\/www.urlaubcornwall.de\/blog\/?page_id=38389"},"modified":"2024-05-30T09:01:41","modified_gmt":"2024-05-30T09:01:41","slug":"ferienhaus-in-falmouth-am-strand","status":"publish","type":"page","link":"https:\/\/www.urlaubcornwall.de\/blog\/ferienhaus-in-falmouth-am-strand\/","title":{"rendered":"Ferienhaus in Falmouth am Strand"},"content":{"rendered":"<p><a href=\"https:\/\/www.urlaubcornwall.de\/blog\/wp-content\/uploads\/2024\/05\/Maenporth-Beach-Tim-Green-Flickr-1.jpg\"><img loading=\"lazy\" src=\"https:\/\/www.urlaubcornwall.de\/blog\/wp-content\/uploads\/2024\/05\/Maenporth-Beach-Tim-Green-Flickr-1.jpg\" alt=\"Maenporth-Beach\" width=\"750\" height=\"501\" class=\"alignnone size-full wp-image-50834\" srcset=\"https:\/\/www.urlaubcornwall.de\/blog\/wp-content\/uploads\/2024\/05\/Maenporth-Beach-Tim-Green-Flickr-1.jpg 750w, https:\/\/www.urlaubcornwall.de\/blog\/wp-content\/uploads\/2024\/05\/Maenporth-Beach-Tim-Green-Flickr-1-300x200.jpg 300w\" sizes=\"(max-width: 750px) 100vw, 750px\" \/><\/a><br \/>\nimage credit Tim-Green-Flickr<\/p>\n<p><strong>2 Schlafzimmer Klippenlage Ferienwohnung. Hundefreundlich. 3.9 Kilometern SW von Falmouth, S\u00fcdk\u00fcste Cornwal.<\/strong><\/p>\n<p>Diese makellos pr\u00e4sentierte Erdgeschosswohnung ist ideal f\u00fcr Strandliebhaber und Wanderer, nur wenige Meter vom K\u00fcstenweg und f\u00fcnf Minuten zu Fu\u00df von der Bucht Maenporth entfernt. Opie&#8217;s Toy ist Teil einer kleinen, prestigetr\u00e4chtigen Anlage mit nur neun Apartments und Privatparkpl\u00e4tzen direkt vor dem Hotel. Freuen Sie sich auf einen gesch\u00fctzten Balkon mit Blick auf die Klippenfelder und das Meer. Die Bucht von Maenporth hat einen Sandstrand mit Felsenpools, den Sie bei Ebbe erkunden k\u00f6nnen, ein traditionelles Strandcaf\u00e9 und ein beliebtes.<\/p>\n<p style=\"text-align: center;\"><a class=\"tidycta\" href=\"https:\/\/www.urlaubcornwall.de\/ferienhaeuser-fewos\/falmouth.html\">Suche Ferienh\u00e4user Falmouth<\/a><\/p>\n<p style=\"text-align: center;\">Pers\u00f6nlich inspizierte Ferienh\u00e4user und Ferienwohnungen f\u00fcr Ihren Urlaub in England.<\/p>\n<p style=\"text-align: center;\"><a href=\"https:\/\/www.urlaubcornwall.de\/ferienhaeuser\/cornwall.php\"><strong>Ferienh\u00e4user, Cottages &amp; Ferienwohnungen in Cornwall<\/strong><\/a><\/p>\n","protected":false},"excerpt":{"rendered":"<p>image credit Tim-Green-Flickr 2 Schlafzimmer Klippenlage Ferienwohnung. Hundefreundlich. 3.9 Kilometern SW von Falmouth, S\u00fcdk\u00fcste Cornwal. Diese makellos pr\u00e4sentierte Erdgeschosswohnung ist ideal f\u00fcr Strandliebhaber und Wanderer, nur wenige Meter vom K\u00fcstenweg und f\u00fcnf Minuten zu Fu\u00df von der Bucht Maenporth entfernt. Opie&#8217;s Toy ist Teil einer kleinen, prestigetr\u00e4chtigen Anlage mit nur neun Apartments und Privatparkpl\u00e4tzen direkt [&hellip;]<\/p>\n","protected":false},"author":1,"featured_media":0,"parent":0,"menu_order":0,"comment_status":"closed","ping_status":"closed","template":"single-four.php","meta":[],"acf":[],"yoast_head":"<!-- This site is optimized with the Yoast SEO plugin v19.4 - https:\/\/yoast.com\/wordpress\/plugins\/seo\/ -->\n<title>Ferienhaus in Falmouth am Strand - Urlaub &amp; Reisen<\/title>\n<meta name=\"description\" content=\"Diese makellos pr\u00e4sentierte Erdgeschosswohnung ist ideal f\u00fcr Strandliebhaber und Wanderer, nur wenige Meter vom K\u00fcstenweg und f\u00fcnf Minuten zu Fu\u00df von der Bucht Maenporth entfernt. Opie&#039;s Toy ist Teil einer kleinen, prestigetr\u00e4chtigen Anlage mit nur neun Apartments und Privatparkpl\u00e4tzen\" \/>\n<meta name=\"robots\" content=\"index, follow, max-snippet:-1, max-image-preview:large, max-video-preview:-1\" \/>\n<link rel=\"canonical\" href=\"https:\/\/www.urlaubcornwall.de\/blog\/ferienhaus-in-falmouth-am-strand\/\" \/>\n<meta property=\"og:locale\" content=\"en_US\" \/>\n<meta property=\"og:type\" content=\"article\" \/>\n<meta property=\"og:title\" content=\"Ferienhaus in Falmouth am Strand - Urlaub &amp; Reisen\" \/>\n<meta property=\"og:description\" content=\"Diese makellos pr\u00e4sentierte Erdgeschosswohnung ist ideal f\u00fcr Strandliebhaber und Wanderer, nur wenige Meter vom K\u00fcstenweg und f\u00fcnf Minuten zu Fu\u00df von der Bucht Maenporth entfernt. Opie&#039;s Toy ist Teil einer kleinen, prestigetr\u00e4chtigen Anlage mit nur neun Apartments und Privatparkpl\u00e4tzen\" \/>\n<meta property=\"og:url\" content=\"https:\/\/www.urlaubcornwall.de\/blog\/ferienhaus-in-falmouth-am-strand\/\" \/>\n<meta property=\"og:site_name\" content=\"Urlaub &amp; Reisen\" \/>\n<meta property=\"article:modified_time\" content=\"2024-05-30T09:01:41+00:00\" \/>\n<meta property=\"og:image\" content=\"https:\/\/www.urlaubcornwall.de\/blog\/wp-content\/uploads\/2024\/05\/Maenporth-Beach-Tim-Green-Flickr-1.jpg\" \/>\n<meta name=\"twitter:card\" content=\"summary\" \/>\n<meta name=\"twitter:label1\" content=\"Est. reading time\" \/>\n\t<meta name=\"twitter:data1\" content=\"1 minute\" \/>\n<script type=\"application\/ld+json\" class=\"yoast-schema-graph\">{\"@context\":\"https:\/\/schema.org\",\"@graph\":[{\"@type\":\"WebSite\",\"@id\":\"https:\/\/www.urlaubcornwall.de\/blog\/#website\",\"url\":\"https:\/\/www.urlaubcornwall.de\/blog\/\",\"name\":\"Urlaub &amp; Reisen\",\"description\":\"Urlaub, Reisen, Cornwall und S\u00fcdengland: eine perfekte Kombination\",\"potentialAction\":[{\"@type\":\"SearchAction\",\"target\":{\"@type\":\"EntryPoint\",\"urlTemplate\":\"https:\/\/www.urlaubcornwall.de\/blog\/?s={search_term_string}\"},\"query-input\":\"required name=search_term_string\"}],\"inLanguage\":\"en-US\"},{\"@type\":\"WebPage\",\"@id\":\"https:\/\/www.urlaubcornwall.de\/blog\/ferienhaus-in-falmouth-am-strand\/\",\"url\":\"https:\/\/www.urlaubcornwall.de\/blog\/ferienhaus-in-falmouth-am-strand\/\",\"name\":\"Ferienhaus in Falmouth am Strand - Urlaub &amp; Reisen\",\"isPartOf\":{\"@id\":\"https:\/\/www.urlaubcornwall.de\/blog\/#website\"},\"datePublished\":\"2019-05-07T09:31:47+00:00\",\"dateModified\":\"2024-05-30T09:01:41+00:00\",\"description\":\"Diese makellos pr\u00e4sentierte Erdgeschosswohnung ist ideal f\u00fcr Strandliebhaber und Wanderer, nur wenige Meter vom K\u00fcstenweg und f\u00fcnf Minuten zu Fu\u00df von der Bucht Maenporth entfernt. Opie's Toy ist Teil einer kleinen, prestigetr\u00e4chtigen Anlage mit nur neun Apartments und Privatparkpl\u00e4tzen\",\"breadcrumb\":{\"@id\":\"https:\/\/www.urlaubcornwall.de\/blog\/ferienhaus-in-falmouth-am-strand\/#breadcrumb\"},\"inLanguage\":\"en-US\",\"potentialAction\":[{\"@type\":\"ReadAction\",\"target\":[\"https:\/\/www.urlaubcornwall.de\/blog\/ferienhaus-in-falmouth-am-strand\/\"]}]},{\"@type\":\"BreadcrumbList\",\"@id\":\"https:\/\/www.urlaubcornwall.de\/blog\/ferienhaus-in-falmouth-am-strand\/#breadcrumb\",\"itemListElement\":[{\"@type\":\"ListItem\",\"position\":1,\"name\":\"Home\",\"item\":\"https:\/\/www.urlaubcornwall.de\/blog\/\"},{\"@type\":\"ListItem\",\"position\":2,\"name\":\"Ferienhaus in Falmouth am Strand\"}]}]}<\/script>\n<!-- \/ Yoast SEO plugin. -->","yoast_head_json":{"title":"Ferienhaus in Falmouth am Strand - Urlaub &amp; Reisen","description":"Diese makellos pr\u00e4sentierte Erdgeschosswohnung ist ideal f\u00fcr Strandliebhaber und Wanderer, nur wenige Meter vom K\u00fcstenweg und f\u00fcnf Minuten zu Fu\u00df von der Bucht Maenporth entfernt. Opie's Toy ist Teil einer kleinen, prestigetr\u00e4chtigen Anlage mit nur neun Apartments und Privatparkpl\u00e4tzen","robots":{"index":"index","follow":"follow","max-snippet":"max-snippet:-1","max-image-preview":"max-image-preview:large","max-video-preview":"max-video-preview:-1"},"canonical":"https:\/\/www.urlaubcornwall.de\/blog\/ferienhaus-in-falmouth-am-strand\/","og_locale":"en_US","og_type":"article","og_title":"Ferienhaus in Falmouth am Strand - Urlaub &amp; Reisen","og_description":"Diese makellos pr\u00e4sentierte Erdgeschosswohnung ist ideal f\u00fcr Strandliebhaber und Wanderer, nur wenige Meter vom K\u00fcstenweg und f\u00fcnf Minuten zu Fu\u00df von der Bucht Maenporth entfernt. Opie's Toy ist Teil einer kleinen, prestigetr\u00e4chtigen Anlage mit nur neun Apartments und Privatparkpl\u00e4tzen","og_url":"https:\/\/www.urlaubcornwall.de\/blog\/ferienhaus-in-falmouth-am-strand\/","og_site_name":"Urlaub &amp; Reisen","article_modified_time":"2024-05-30T09:01:41+00:00","og_image":[{"url":"https:\/\/www.urlaubcornwall.de\/blog\/wp-content\/uploads\/2024\/05\/Maenporth-Beach-Tim-Green-Flickr-1.jpg"}],"twitter_card":"summary","twitter_misc":{"Est. reading time":"1 minute"},"schema":{"@context":"https:\/\/schema.org","@graph":[{"@type":"WebSite","@id":"https:\/\/www.urlaubcornwall.de\/blog\/#website","url":"https:\/\/www.urlaubcornwall.de\/blog\/","name":"Urlaub &amp; Reisen","description":"Urlaub, Reisen, Cornwall und S\u00fcdengland: eine perfekte Kombination","potentialAction":[{"@type":"SearchAction","target":{"@type":"EntryPoint","urlTemplate":"https:\/\/www.urlaubcornwall.de\/blog\/?s={search_term_string}"},"query-input":"required name=search_term_string"}],"inLanguage":"en-US"},{"@type":"WebPage","@id":"https:\/\/www.urlaubcornwall.de\/blog\/ferienhaus-in-falmouth-am-strand\/","url":"https:\/\/www.urlaubcornwall.de\/blog\/ferienhaus-in-falmouth-am-strand\/","name":"Ferienhaus in Falmouth am Strand - Urlaub &amp; Reisen","isPartOf":{"@id":"https:\/\/www.urlaubcornwall.de\/blog\/#website"},"datePublished":"2019-05-07T09:31:47+00:00","dateModified":"2024-05-30T09:01:41+00:00","description":"Diese makellos pr\u00e4sentierte Erdgeschosswohnung ist ideal f\u00fcr Strandliebhaber und Wanderer, nur wenige Meter vom K\u00fcstenweg und f\u00fcnf Minuten zu Fu\u00df von der Bucht Maenporth entfernt. Opie's Toy ist Teil einer kleinen, prestigetr\u00e4chtigen Anlage mit nur neun Apartments und Privatparkpl\u00e4tzen","breadcrumb":{"@id":"https:\/\/www.urlaubcornwall.de\/blog\/ferienhaus-in-falmouth-am-strand\/#breadcrumb"},"inLanguage":"en-US","potentialAction":[{"@type":"ReadAction","target":["https:\/\/www.urlaubcornwall.de\/blog\/ferienhaus-in-falmouth-am-strand\/"]}]},{"@type":"BreadcrumbList","@id":"https:\/\/www.urlaubcornwall.de\/blog\/ferienhaus-in-falmouth-am-strand\/#breadcrumb","itemListElement":[{"@type":"ListItem","position":1,"name":"Home","item":"https:\/\/www.urlaubcornwall.de\/blog\/"},{"@type":"ListItem","position":2,"name":"Ferienhaus in Falmouth am Strand"}]}]}},"_links":{"self":[{"href":"https:\/\/www.urlaubcornwall.de\/blog\/wp-json\/wp\/v2\/pages\/38389"}],"collection":[{"href":"https:\/\/www.urlaubcornwall.de\/blog\/wp-json\/wp\/v2\/pages"}],"about":[{"href":"https:\/\/www.urlaubcornwall.de\/blog\/wp-json\/wp\/v2\/types\/page"}],"author":[{"embeddable":true,"href":"https:\/\/www.urlaubcornwall.de\/blog\/wp-json\/wp\/v2\/users\/1"}],"replies":[{"embeddable":true,"href":"https:\/\/www.urlaubcornwall.de\/blog\/wp-json\/wp\/v2\/comments?post=38389"}],"version-history":[{"count":5,"href":"https:\/\/www.urlaubcornwall.de\/blog\/wp-json\/wp\/v2\/pages\/38389\/revisions"}],"predecessor-version":[{"id":50837,"href":"https:\/\/www.urlaubcornwall.de\/blog\/wp-json\/wp\/v2\/pages\/38389\/revisions\/50837"}],"wp:attachment":[{"href":"https:\/\/www.urlaubcornwall.de\/blog\/wp-json\/wp\/v2\/media?parent=38389"}],"curies":[{"name":"wp","href":"https:\/\/api.w.org\/{rel}","templated":true}]}}