{"id":38378,"date":"2019-05-06T11:02:52","date_gmt":"2019-05-06T11:02:52","guid":{"rendered":"https:\/\/www.urlaubcornwall.de\/blog\/?page_id=38378"},"modified":"2021-09-17T12:08:48","modified_gmt":"2021-09-17T12:08:48","slug":"ferienhaus-in-portreath-am-strand","status":"publish","type":"page","link":"https:\/\/www.urlaubcornwall.de\/blog\/ferienhaus-in-portreath-am-strand\/","title":{"rendered":"Ferienhaus in Portreath am Strand"},"content":{"rendered":"<p><img loading=\"lazy\" class=\"aligncenter size-full wp-image-38379\" src=\"https:\/\/www.urlaubcornwall.de\/blog\/wp-content\/uploads\/2019\/05\/ferienhaus-portreath-am-strand.jpg\" alt=\"ferienhaus portreath am strand\" width=\"749\" height=\"498\"\/><\/p>\n<h1>Rockaway &#8211; 3 Schlafzimmer d\u00f6rfliche Ferienhaus mit Meerblick. <a class=\"town-link\" href=\"https:\/\/www.urlaubcornwall.de\/ferienhaeuser-fewos\/portreath.html\">Portreath<\/a>, <a class=\"region-link\" href=\"https:\/\/www.urlaubcornwall.de\/ferienhaeuser-fewos\/nordkueste-cornwall.html\">Nordk\u00fcste Cornwall<\/a>.<\/h1>\n<p>Dieses atemberaubend gestaltete, moderne Strandhaus mit freiem Blick \u00fcber den <a href=\"https:\/\/www.urlaubcornwall.de\/ferienhaeuser-fewos\/portreath-am-meer.html\">Strand von Portreath<\/a> wird Ihnen wahrscheinlich den Atem rauben.Die gro\u00dfz\u00fcgige Verwendung von Glas durchflutet den Wohnraum mit Licht und verbindet Sie mit der Natur.Denken Sie an ein Boutique-Hotel, f\u00fcgen Sie eine hochmoderne K\u00fcche hinzu, und Sie werden mit der idealen Urlaubs-Kombination pr\u00e4sentiert.Luxuri\u00f6se Zimmer, die bequemsten Betten mit frischer wei\u00dfer Bettw\u00e4sche, flauschige Handt\u00fccher und modernste Technologie arbeiten in vollkommener Harmonie zusammen.Genie\u00dfen Sie einen au\u00dfergew\u00f6hnlichen Meerblick.<\/p>\n<p style=\"text-align: center;\"><a class=\"tidycta\" href=\"https:\/\/www.urlaubcornwall.de\/ferienhaeuser-fewos\/portreath.html\">Suche Ferienh\u00e4user Portreath<\/a><\/p>\n<p style=\"text-align: center;\">Pers\u00f6nlich inspizierte Ferienh\u00e4user und Ferienwohnungen f\u00fcr Ihren Urlaub in England.<\/p>\n<p style=\"text-align: center;\"><a href=\"https:\/\/www.urlaubcornwall.de\/ferienhaeuser\/cornwall.php\"><strong>Ferienh\u00e4user, Cottages &amp; Ferienwohnungen in Cornwall<\/strong><\/a><\/p>\n","protected":false},"excerpt":{"rendered":"<p>Rockaway &#8211; 3 Schlafzimmer d\u00f6rfliche Ferienhaus mit Meerblick. Portreath, Nordk\u00fcste Cornwall. Dieses atemberaubend gestaltete, moderne Strandhaus mit freiem Blick \u00fcber den Strand von Portreath wird Ihnen wahrscheinlich den Atem rauben.Die gro\u00dfz\u00fcgige Verwendung von Glas durchflutet den Wohnraum mit Licht und verbindet Sie mit der Natur.Denken Sie an ein Boutique-Hotel, f\u00fcgen Sie eine hochmoderne K\u00fcche hinzu, [&hellip;]<\/p>\n","protected":false},"author":1,"featured_media":0,"parent":0,"menu_order":0,"comment_status":"closed","ping_status":"closed","template":"single-four.php","meta":[],"acf":[],"yoast_head":"<!-- This site is optimized with the Yoast SEO plugin v19.4 - https:\/\/yoast.com\/wordpress\/plugins\/seo\/ -->\n<title>Ferienhaus in Portreath am Strand - Urlaub &amp; Reisen<\/title>\n<meta name=\"description\" content=\"Dieses atemberaubend gestaltete, moderne Strandhaus mit freiem Blick \u00fcber den Strand von Portreath wird Ihnen wahrscheinlich den Atem rauben.Die gro\u00dfz\u00fcgige Verwendung von Glas durchflutet den Wohnraum mit Licht und verbindet Sie mit der Natur.Denken Sie an ein Boutique-Hotel, f\u00fcgen Sie eine hochmoderne K\u00fcche hinzu, und Sie werden\" \/>\n<meta name=\"robots\" content=\"index, follow, max-snippet:-1, max-image-preview:large, max-video-preview:-1\" \/>\n<link rel=\"canonical\" href=\"https:\/\/www.urlaubcornwall.de\/blog\/ferienhaus-in-portreath-am-strand\/\" \/>\n<meta property=\"og:locale\" content=\"en_US\" \/>\n<meta property=\"og:type\" content=\"article\" \/>\n<meta property=\"og:title\" content=\"Ferienhaus in Portreath am Strand - Urlaub &amp; Reisen\" \/>\n<meta property=\"og:description\" content=\"Dieses atemberaubend gestaltete, moderne Strandhaus mit freiem Blick \u00fcber den Strand von Portreath wird Ihnen wahrscheinlich den Atem rauben.Die gro\u00dfz\u00fcgige Verwendung von Glas durchflutet den Wohnraum mit Licht und verbindet Sie mit der Natur.Denken Sie an ein Boutique-Hotel, f\u00fcgen Sie eine hochmoderne K\u00fcche hinzu, und Sie werden\" \/>\n<meta property=\"og:url\" content=\"https:\/\/www.urlaubcornwall.de\/blog\/ferienhaus-in-portreath-am-strand\/\" \/>\n<meta property=\"og:site_name\" content=\"Urlaub &amp; Reisen\" \/>\n<meta property=\"article:modified_time\" content=\"2021-09-17T12:08:48+00:00\" \/>\n<meta property=\"og:image\" content=\"https:\/\/www.urlaubcornwall.de\/blog\/wp-content\/uploads\/2019\/05\/ferienhaus-portreath-am-strand.jpg\" \/>\n<meta name=\"twitter:card\" content=\"summary\" \/>\n<meta name=\"twitter:label1\" content=\"Est. reading time\" \/>\n\t<meta name=\"twitter:data1\" content=\"1 minute\" \/>\n<script type=\"application\/ld+json\" class=\"yoast-schema-graph\">{\"@context\":\"https:\/\/schema.org\",\"@graph\":[{\"@type\":\"WebSite\",\"@id\":\"https:\/\/www.urlaubcornwall.de\/blog\/#website\",\"url\":\"https:\/\/www.urlaubcornwall.de\/blog\/\",\"name\":\"Urlaub &amp; Reisen\",\"description\":\"Urlaub, Reisen, Cornwall und S\u00fcdengland: eine perfekte Kombination\",\"potentialAction\":[{\"@type\":\"SearchAction\",\"target\":{\"@type\":\"EntryPoint\",\"urlTemplate\":\"https:\/\/www.urlaubcornwall.de\/blog\/?s={search_term_string}\"},\"query-input\":\"required name=search_term_string\"}],\"inLanguage\":\"en-US\"},{\"@type\":\"WebPage\",\"@id\":\"https:\/\/www.urlaubcornwall.de\/blog\/ferienhaus-in-portreath-am-strand\/\",\"url\":\"https:\/\/www.urlaubcornwall.de\/blog\/ferienhaus-in-portreath-am-strand\/\",\"name\":\"Ferienhaus in Portreath am Strand - Urlaub &amp; Reisen\",\"isPartOf\":{\"@id\":\"https:\/\/www.urlaubcornwall.de\/blog\/#website\"},\"datePublished\":\"2019-05-06T11:02:52+00:00\",\"dateModified\":\"2021-09-17T12:08:48+00:00\",\"description\":\"Dieses atemberaubend gestaltete, moderne Strandhaus mit freiem Blick \u00fcber den Strand von Portreath wird Ihnen wahrscheinlich den Atem rauben.Die gro\u00dfz\u00fcgige Verwendung von Glas durchflutet den Wohnraum mit Licht und verbindet Sie mit der Natur.Denken Sie an ein Boutique-Hotel, f\u00fcgen Sie eine hochmoderne K\u00fcche hinzu, und Sie werden\",\"breadcrumb\":{\"@id\":\"https:\/\/www.urlaubcornwall.de\/blog\/ferienhaus-in-portreath-am-strand\/#breadcrumb\"},\"inLanguage\":\"en-US\",\"potentialAction\":[{\"@type\":\"ReadAction\",\"target\":[\"https:\/\/www.urlaubcornwall.de\/blog\/ferienhaus-in-portreath-am-strand\/\"]}]},{\"@type\":\"BreadcrumbList\",\"@id\":\"https:\/\/www.urlaubcornwall.de\/blog\/ferienhaus-in-portreath-am-strand\/#breadcrumb\",\"itemListElement\":[{\"@type\":\"ListItem\",\"position\":1,\"name\":\"Home\",\"item\":\"https:\/\/www.urlaubcornwall.de\/blog\/\"},{\"@type\":\"ListItem\",\"position\":2,\"name\":\"Ferienhaus in Portreath am Strand\"}]}]}<\/script>\n<!-- \/ Yoast SEO plugin. -->","yoast_head_json":{"title":"Ferienhaus in Portreath am Strand - Urlaub &amp; Reisen","description":"Dieses atemberaubend gestaltete, moderne Strandhaus mit freiem Blick \u00fcber den Strand von Portreath wird Ihnen wahrscheinlich den Atem rauben.Die gro\u00dfz\u00fcgige Verwendung von Glas durchflutet den Wohnraum mit Licht und verbindet Sie mit der Natur.Denken Sie an ein Boutique-Hotel, f\u00fcgen Sie eine hochmoderne K\u00fcche hinzu, und Sie werden","robots":{"index":"index","follow":"follow","max-snippet":"max-snippet:-1","max-image-preview":"max-image-preview:large","max-video-preview":"max-video-preview:-1"},"canonical":"https:\/\/www.urlaubcornwall.de\/blog\/ferienhaus-in-portreath-am-strand\/","og_locale":"en_US","og_type":"article","og_title":"Ferienhaus in Portreath am Strand - Urlaub &amp; Reisen","og_description":"Dieses atemberaubend gestaltete, moderne Strandhaus mit freiem Blick \u00fcber den Strand von Portreath wird Ihnen wahrscheinlich den Atem rauben.Die gro\u00dfz\u00fcgige Verwendung von Glas durchflutet den Wohnraum mit Licht und verbindet Sie mit der Natur.Denken Sie an ein Boutique-Hotel, f\u00fcgen Sie eine hochmoderne K\u00fcche hinzu, und Sie werden","og_url":"https:\/\/www.urlaubcornwall.de\/blog\/ferienhaus-in-portreath-am-strand\/","og_site_name":"Urlaub &amp; Reisen","article_modified_time":"2021-09-17T12:08:48+00:00","og_image":[{"url":"https:\/\/www.urlaubcornwall.de\/blog\/wp-content\/uploads\/2019\/05\/ferienhaus-portreath-am-strand.jpg"}],"twitter_card":"summary","twitter_misc":{"Est. reading time":"1 minute"},"schema":{"@context":"https:\/\/schema.org","@graph":[{"@type":"WebSite","@id":"https:\/\/www.urlaubcornwall.de\/blog\/#website","url":"https:\/\/www.urlaubcornwall.de\/blog\/","name":"Urlaub &amp; Reisen","description":"Urlaub, Reisen, Cornwall und S\u00fcdengland: eine perfekte Kombination","potentialAction":[{"@type":"SearchAction","target":{"@type":"EntryPoint","urlTemplate":"https:\/\/www.urlaubcornwall.de\/blog\/?s={search_term_string}"},"query-input":"required name=search_term_string"}],"inLanguage":"en-US"},{"@type":"WebPage","@id":"https:\/\/www.urlaubcornwall.de\/blog\/ferienhaus-in-portreath-am-strand\/","url":"https:\/\/www.urlaubcornwall.de\/blog\/ferienhaus-in-portreath-am-strand\/","name":"Ferienhaus in Portreath am Strand - Urlaub &amp; Reisen","isPartOf":{"@id":"https:\/\/www.urlaubcornwall.de\/blog\/#website"},"datePublished":"2019-05-06T11:02:52+00:00","dateModified":"2021-09-17T12:08:48+00:00","description":"Dieses atemberaubend gestaltete, moderne Strandhaus mit freiem Blick \u00fcber den Strand von Portreath wird Ihnen wahrscheinlich den Atem rauben.Die gro\u00dfz\u00fcgige Verwendung von Glas durchflutet den Wohnraum mit Licht und verbindet Sie mit der Natur.Denken Sie an ein Boutique-Hotel, f\u00fcgen Sie eine hochmoderne K\u00fcche hinzu, und Sie werden","breadcrumb":{"@id":"https:\/\/www.urlaubcornwall.de\/blog\/ferienhaus-in-portreath-am-strand\/#breadcrumb"},"inLanguage":"en-US","potentialAction":[{"@type":"ReadAction","target":["https:\/\/www.urlaubcornwall.de\/blog\/ferienhaus-in-portreath-am-strand\/"]}]},{"@type":"BreadcrumbList","@id":"https:\/\/www.urlaubcornwall.de\/blog\/ferienhaus-in-portreath-am-strand\/#breadcrumb","itemListElement":[{"@type":"ListItem","position":1,"name":"Home","item":"https:\/\/www.urlaubcornwall.de\/blog\/"},{"@type":"ListItem","position":2,"name":"Ferienhaus in Portreath am Strand"}]}]}},"_links":{"self":[{"href":"https:\/\/www.urlaubcornwall.de\/blog\/wp-json\/wp\/v2\/pages\/38378"}],"collection":[{"href":"https:\/\/www.urlaubcornwall.de\/blog\/wp-json\/wp\/v2\/pages"}],"about":[{"href":"https:\/\/www.urlaubcornwall.de\/blog\/wp-json\/wp\/v2\/types\/page"}],"author":[{"embeddable":true,"href":"https:\/\/www.urlaubcornwall.de\/blog\/wp-json\/wp\/v2\/users\/1"}],"replies":[{"embeddable":true,"href":"https:\/\/www.urlaubcornwall.de\/blog\/wp-json\/wp\/v2\/comments?post=38378"}],"version-history":[{"count":3,"href":"https:\/\/www.urlaubcornwall.de\/blog\/wp-json\/wp\/v2\/pages\/38378\/revisions"}],"predecessor-version":[{"id":42889,"href":"https:\/\/www.urlaubcornwall.de\/blog\/wp-json\/wp\/v2\/pages\/38378\/revisions\/42889"}],"wp:attachment":[{"href":"https:\/\/www.urlaubcornwall.de\/blog\/wp-json\/wp\/v2\/media?parent=38378"}],"curies":[{"name":"wp","href":"https:\/\/api.w.org\/{rel}","templated":true}]}}