{"id":38372,"date":"2019-05-04T14:29:58","date_gmt":"2019-05-04T14:29:58","guid":{"rendered":"https:\/\/www.urlaubcornwall.de\/blog\/?page_id=38372"},"modified":"2019-08-18T12:36:46","modified_gmt":"2019-08-18T12:36:46","slug":"die-schoensten-straende-in-suffolk-east-anglia","status":"publish","type":"page","link":"https:\/\/www.urlaubcornwall.de\/blog\/die-schoensten-straende-in-suffolk-east-anglia\/","title":{"rendered":"Die sch\u00f6nsten Str\u00e4nde in Suffolk &#8211; East Anglia"},"content":{"rendered":"<p><img loading=\"lazy\" class=\"aligncenter size-full wp-image-19966\" src=\"https:\/\/www.urlaubcornwall.de\/blog\/wp-content\/uploads\/2015\/09\/SouthwoldPier_1.jpg\" alt=\"Southwold sch\u00f6nsten Str\u00e4nde Suffolk\" width=\"748\" height=\"421\"\/><br \/>\nSuffolk hat eine riesige K\u00fcste, die sich von <a href=\"https:\/\/www.urlaubcornwall.de\/ferienhaeuser-fewos\/eng\/norfolk\/norfolk.html\">Norfolk<\/a> bis hin nach Felixstowe im S\u00fcden erstreckt. Es gibt sandige Klippen, D\u00fcnen, Buchten und Wasserl\u00e4ufe. Die Vielf\u00e4ltigkeit der K\u00fcste bedeutet auch, dass es f\u00fcr jedermann etwas gibt.<\/p>\n<p>Die sch\u00f6nsten <a href=\"https:\/\/www.urlaubcornwall.de\/ferienhaeuser-fewos\/eng\/suffolk\/suffolk.html\">Sandstr\u00e4nde und Hundefreundliche Str\u00e4nde in Suffolk<\/a>&#8211; Unsere Top 7.<\/p>\n<p><strong>1. Southwold Pier Beach, Southwold &#8211;<\/strong> Southwold ist einer von Suffolks bestbekannten Badeorten. Dieser typische Badeort hat einen 250m langen Pier, der ins Jahr 1900 zur\u00fcckreicht. Der Strand hat im Hintergrund eine Promenade, und es gibt eine ausgezeichnete Wahl an Vergn\u00fcgungsm\u00f6glichkeiten. Der Strand ist beliebt zum Schwimmen, Angeln und Windsurfen.<\/p>\n<p>Hunde sind das ganze Jahr \u00fcber am Strand gestattet.<\/p>\n<p><strong>2. Felixstowe Str\u00e4nde, Felixstowe &#8211;<\/strong> Der Badeort Felixstowe hat einen 6,5 km langen Bereich an Sand- und Kieselstrand mit einer Promenade im Hintergrund. Das Gebiet s\u00fcdlich des Piers ist bekannt als South Beach, es ist sandiger als der North Beach, der haupts\u00e4chlich aus Kieseln besteht. Das North Beach Gebiet wird haupts\u00e4chlich genutzt zum Segeln, Surfen und Angeln, w\u00e4hrend der South Beach gut zum Schwimmen ist. Im Gebiet nahe des South Beach gibt es jede Menge Vergn\u00fcgungsm\u00f6glichkeiten. <\/p>\n<p>Einschr\u00e4nkungen f\u00fcr Hunde gelten von Ostern \u2013 September.<\/p>\n<p><strong>3. Orford Ness, Aldeburgh &#8211;<\/strong> Das Orford Ness Nationale Naturreservat und der Strand befinden sich im Besitz des National Trust. Dieses einzigartige, atmosph\u00e4rische Fleckchen war einst das Zuhause einer milit\u00e4rischen Forschungseinrichtung. Aufgrund der geheimen milit\u00e4rischen Vergangenheit gab es zahlreiche Ger\u00fcchte und Verschw\u00f6rungstheorien, die UFO Landungen beinhalten. <\/p>\n<p>Diese wilde, abgelegene und ungesch\u00fctzte Kieselinsel erreichen Sie nur mit der National Trust F\u00e4hre. Es ist eines der wichtigsten Kieselgebiete der Welt; seltenes und gef\u00e4hrdetes Tierleben gedeiht hier in diesem reichhaltigen K\u00fcstenlebensraum. Der verlassene ikonische Leuchtturm, den es seit 1792 bei Orford Ness gibt, soll, laut Erwartungen, nur noch ein paar Jahre bestehen, bevor er aufgrund der K\u00fcstenerosion in die Nordsee fallen wird. <\/p>\n<p>Hunde sind in diesem Gebiet nicht gestattet.<\/p>\n<p><strong>4. Aldeburgh Beach, Aldeburgh &#8211;<\/strong> Der Sand- und Kieselstrand bei Aldeburgh ist wahrscheinlich Suffolks bestbekannter Strand. In der h\u00fcbschen Meeresstadt gibt es jede Menge Vergn\u00fcgungsm\u00f6glichkeiten. Am Strand befindet sich ein Monument f\u00fcr den einheimischen Komponisten Benjamin Britten, die ikonische \u2018Jakobsmuschel\u2019.<\/p>\n<p>Hunde sind am Strand vom 1. Mai \u2013 30. September nicht erlaubt. <\/p>\n<p><strong>5. Dunwich Beach, Southwold &#8211;<\/strong> Dunwich Heath und Beach befinden sich im Besitz des National Trust. Das Dorf Dunwich war einst ein lebendiger Meereshafen, doch das Meer hat die Stadt zur\u00fcckverlangt und einen wundervollen Strandabschnitt hinterlassen. Dieser breite Sand- und Kieselstrand befindet sich zwischen den Klippen, die einer Vielfalt an Tierleben Zuhause bieten.<\/p>\n<p>Hunde sind das ganze Jahr \u00fcber gestattet.<\/p>\n<p><strong>6. Kessingland, Lowestoft &#8211;<\/strong> Kessingland befindet sich nahe bei Lowestoft, und dennoch wissen nicht viele Leute davon. Dieses Juwel eines Suffolk Strandes ist eine Mischung aus Sumpfgebiet, Kieseln und Sand; er erstreckt sich kilometerlang von Lowestoft im Norden und Southwold im S\u00fcden. Dieser unber\u00fchrte und ger\u00e4umige Strand eignet sich hervorragend zum Entspannen. <\/p>\n<p>Hunde sind das ganze Jahr \u00fcber gestattet.<\/p>\n<p><strong>7. Lowestoft Beaches, Lowestoft &#8211;<\/strong> Der beliebte Badeort Lowestoft hat kilometerlange breite Sandstr\u00e4nde, traditionelle Am\u00fcsements, sowie einen Pier. Der Strand n\u00f6rdlich des Piers ist bekannt als Claremont Pier, und der Strand s\u00fcdlich des Piers ist bekannt als Victoria Beach. Die Str\u00e4nde sind bei Familien beliebt zum Schwimmen, Windsurfen, Jetskifahren, Segeln und Angeln. <\/p>\n<p>Einschr\u00e4nkungen f\u00fcr Hunde gelten von Ostern \u2013 September.<\/p>\n<p><strong>Ferienh\u00e4user, Cottages &amp; Ferienwohnungen in Suffolk f\u00fcr Ihren Urlaub mit Selbstverpflegung in East Anglia<\/strong><\/p>\n<p style=\"text-align: center;\"><a class=\"tidycta\"  href=\"https:\/\/www.urlaubcornwall.de\/ferienhaeuser-fewos\/eng\/suffolk\/suffolk.html\">Suche Ferienh\u00e4user<\/a><\/p>\n","protected":false},"excerpt":{"rendered":"<p>Suffolk hat eine riesige K\u00fcste, die sich von Norfolk bis hin nach Felixstowe im S\u00fcden erstreckt. Es gibt sandige Klippen, D\u00fcnen, Buchten und Wasserl\u00e4ufe. Die Vielf\u00e4ltigkeit der K\u00fcste bedeutet auch, dass es f\u00fcr jedermann etwas gibt. Die sch\u00f6nsten Sandstr\u00e4nde und Hundefreundliche Str\u00e4nde in Suffolk&#8211; Unsere Top 7. 1. Southwold Pier Beach, Southwold &#8211; Southwold ist [&hellip;]<\/p>\n","protected":false},"author":1,"featured_media":0,"parent":0,"menu_order":0,"comment_status":"closed","ping_status":"closed","template":"single-four.php","meta":[],"acf":[],"yoast_head":"<!-- This site is optimized with the Yoast SEO plugin v19.4 - https:\/\/yoast.com\/wordpress\/plugins\/seo\/ -->\n<title>Die sch\u00f6nsten Str\u00e4nde in Suffolk - East Anglia - Urlaub &amp; Reisen<\/title>\n<meta name=\"robots\" content=\"index, follow, max-snippet:-1, max-image-preview:large, max-video-preview:-1\" \/>\n<link rel=\"canonical\" href=\"https:\/\/www.urlaubcornwall.de\/blog\/die-schoensten-straende-in-suffolk-east-anglia\/\" \/>\n<meta property=\"og:locale\" content=\"en_US\" \/>\n<meta property=\"og:type\" content=\"article\" \/>\n<meta property=\"og:title\" content=\"Die sch\u00f6nsten Str\u00e4nde in Suffolk - East Anglia - Urlaub &amp; Reisen\" \/>\n<meta property=\"og:description\" content=\"Suffolk hat eine riesige K\u00fcste, die sich von Norfolk bis hin nach Felixstowe im S\u00fcden erstreckt. Es gibt sandige Klippen, D\u00fcnen, Buchten und Wasserl\u00e4ufe. Die Vielf\u00e4ltigkeit der K\u00fcste bedeutet auch, dass es f\u00fcr jedermann etwas gibt. Die sch\u00f6nsten Sandstr\u00e4nde und Hundefreundliche Str\u00e4nde in Suffolk&#8211; Unsere Top 7. 1. Southwold Pier Beach, Southwold &#8211; Southwold ist [&hellip;]\" \/>\n<meta property=\"og:url\" content=\"https:\/\/www.urlaubcornwall.de\/blog\/die-schoensten-straende-in-suffolk-east-anglia\/\" \/>\n<meta property=\"og:site_name\" content=\"Urlaub &amp; Reisen\" \/>\n<meta property=\"article:modified_time\" content=\"2019-08-18T12:36:46+00:00\" \/>\n<meta property=\"og:image\" content=\"https:\/\/www.urlaubcornwall.de\/blog\/wp-content\/uploads\/2015\/09\/SouthwoldPier_1.jpg\" \/>\n<meta name=\"twitter:card\" content=\"summary\" \/>\n<meta name=\"twitter:label1\" content=\"Est. reading time\" \/>\n\t<meta name=\"twitter:data1\" content=\"3 minutes\" \/>\n<script type=\"application\/ld+json\" class=\"yoast-schema-graph\">{\"@context\":\"https:\/\/schema.org\",\"@graph\":[{\"@type\":\"WebSite\",\"@id\":\"https:\/\/www.urlaubcornwall.de\/blog\/#website\",\"url\":\"https:\/\/www.urlaubcornwall.de\/blog\/\",\"name\":\"Urlaub &amp; Reisen\",\"description\":\"Urlaub, Reisen, Cornwall und S\u00fcdengland: eine perfekte Kombination\",\"potentialAction\":[{\"@type\":\"SearchAction\",\"target\":{\"@type\":\"EntryPoint\",\"urlTemplate\":\"https:\/\/www.urlaubcornwall.de\/blog\/?s={search_term_string}\"},\"query-input\":\"required name=search_term_string\"}],\"inLanguage\":\"en-US\"},{\"@type\":\"WebPage\",\"@id\":\"https:\/\/www.urlaubcornwall.de\/blog\/die-schoensten-straende-in-suffolk-east-anglia\/\",\"url\":\"https:\/\/www.urlaubcornwall.de\/blog\/die-schoensten-straende-in-suffolk-east-anglia\/\",\"name\":\"Die sch\u00f6nsten Str\u00e4nde in Suffolk - East Anglia - Urlaub &amp; Reisen\",\"isPartOf\":{\"@id\":\"https:\/\/www.urlaubcornwall.de\/blog\/#website\"},\"datePublished\":\"2019-05-04T14:29:58+00:00\",\"dateModified\":\"2019-08-18T12:36:46+00:00\",\"breadcrumb\":{\"@id\":\"https:\/\/www.urlaubcornwall.de\/blog\/die-schoensten-straende-in-suffolk-east-anglia\/#breadcrumb\"},\"inLanguage\":\"en-US\",\"potentialAction\":[{\"@type\":\"ReadAction\",\"target\":[\"https:\/\/www.urlaubcornwall.de\/blog\/die-schoensten-straende-in-suffolk-east-anglia\/\"]}]},{\"@type\":\"BreadcrumbList\",\"@id\":\"https:\/\/www.urlaubcornwall.de\/blog\/die-schoensten-straende-in-suffolk-east-anglia\/#breadcrumb\",\"itemListElement\":[{\"@type\":\"ListItem\",\"position\":1,\"name\":\"Home\",\"item\":\"https:\/\/www.urlaubcornwall.de\/blog\/\"},{\"@type\":\"ListItem\",\"position\":2,\"name\":\"Die sch\u00f6nsten Str\u00e4nde in Suffolk &#8211; East Anglia\"}]}]}<\/script>\n<!-- \/ Yoast SEO plugin. -->","yoast_head_json":{"title":"Die sch\u00f6nsten Str\u00e4nde in Suffolk - East Anglia - Urlaub &amp; Reisen","robots":{"index":"index","follow":"follow","max-snippet":"max-snippet:-1","max-image-preview":"max-image-preview:large","max-video-preview":"max-video-preview:-1"},"canonical":"https:\/\/www.urlaubcornwall.de\/blog\/die-schoensten-straende-in-suffolk-east-anglia\/","og_locale":"en_US","og_type":"article","og_title":"Die sch\u00f6nsten Str\u00e4nde in Suffolk - East Anglia - Urlaub &amp; Reisen","og_description":"Suffolk hat eine riesige K\u00fcste, die sich von Norfolk bis hin nach Felixstowe im S\u00fcden erstreckt. Es gibt sandige Klippen, D\u00fcnen, Buchten und Wasserl\u00e4ufe. Die Vielf\u00e4ltigkeit der K\u00fcste bedeutet auch, dass es f\u00fcr jedermann etwas gibt. Die sch\u00f6nsten Sandstr\u00e4nde und Hundefreundliche Str\u00e4nde in Suffolk&#8211; Unsere Top 7. 1. Southwold Pier Beach, Southwold &#8211; Southwold ist [&hellip;]","og_url":"https:\/\/www.urlaubcornwall.de\/blog\/die-schoensten-straende-in-suffolk-east-anglia\/","og_site_name":"Urlaub &amp; Reisen","article_modified_time":"2019-08-18T12:36:46+00:00","og_image":[{"url":"https:\/\/www.urlaubcornwall.de\/blog\/wp-content\/uploads\/2015\/09\/SouthwoldPier_1.jpg"}],"twitter_card":"summary","twitter_misc":{"Est. reading time":"3 minutes"},"schema":{"@context":"https:\/\/schema.org","@graph":[{"@type":"WebSite","@id":"https:\/\/www.urlaubcornwall.de\/blog\/#website","url":"https:\/\/www.urlaubcornwall.de\/blog\/","name":"Urlaub &amp; Reisen","description":"Urlaub, Reisen, Cornwall und S\u00fcdengland: eine perfekte Kombination","potentialAction":[{"@type":"SearchAction","target":{"@type":"EntryPoint","urlTemplate":"https:\/\/www.urlaubcornwall.de\/blog\/?s={search_term_string}"},"query-input":"required name=search_term_string"}],"inLanguage":"en-US"},{"@type":"WebPage","@id":"https:\/\/www.urlaubcornwall.de\/blog\/die-schoensten-straende-in-suffolk-east-anglia\/","url":"https:\/\/www.urlaubcornwall.de\/blog\/die-schoensten-straende-in-suffolk-east-anglia\/","name":"Die sch\u00f6nsten Str\u00e4nde in Suffolk - East Anglia - Urlaub &amp; Reisen","isPartOf":{"@id":"https:\/\/www.urlaubcornwall.de\/blog\/#website"},"datePublished":"2019-05-04T14:29:58+00:00","dateModified":"2019-08-18T12:36:46+00:00","breadcrumb":{"@id":"https:\/\/www.urlaubcornwall.de\/blog\/die-schoensten-straende-in-suffolk-east-anglia\/#breadcrumb"},"inLanguage":"en-US","potentialAction":[{"@type":"ReadAction","target":["https:\/\/www.urlaubcornwall.de\/blog\/die-schoensten-straende-in-suffolk-east-anglia\/"]}]},{"@type":"BreadcrumbList","@id":"https:\/\/www.urlaubcornwall.de\/blog\/die-schoensten-straende-in-suffolk-east-anglia\/#breadcrumb","itemListElement":[{"@type":"ListItem","position":1,"name":"Home","item":"https:\/\/www.urlaubcornwall.de\/blog\/"},{"@type":"ListItem","position":2,"name":"Die sch\u00f6nsten Str\u00e4nde in Suffolk &#8211; East Anglia"}]}]}},"_links":{"self":[{"href":"https:\/\/www.urlaubcornwall.de\/blog\/wp-json\/wp\/v2\/pages\/38372"}],"collection":[{"href":"https:\/\/www.urlaubcornwall.de\/blog\/wp-json\/wp\/v2\/pages"}],"about":[{"href":"https:\/\/www.urlaubcornwall.de\/blog\/wp-json\/wp\/v2\/types\/page"}],"author":[{"embeddable":true,"href":"https:\/\/www.urlaubcornwall.de\/blog\/wp-json\/wp\/v2\/users\/1"}],"replies":[{"embeddable":true,"href":"https:\/\/www.urlaubcornwall.de\/blog\/wp-json\/wp\/v2\/comments?post=38372"}],"version-history":[{"count":5,"href":"https:\/\/www.urlaubcornwall.de\/blog\/wp-json\/wp\/v2\/pages\/38372\/revisions"}],"predecessor-version":[{"id":38703,"href":"https:\/\/www.urlaubcornwall.de\/blog\/wp-json\/wp\/v2\/pages\/38372\/revisions\/38703"}],"wp:attachment":[{"href":"https:\/\/www.urlaubcornwall.de\/blog\/wp-json\/wp\/v2\/media?parent=38372"}],"curies":[{"name":"wp","href":"https:\/\/api.w.org\/{rel}","templated":true}]}}