{"id":38364,"date":"2019-05-02T15:38:55","date_gmt":"2019-05-02T15:38:55","guid":{"rendered":"https:\/\/www.urlaubcornwall.de\/blog\/?page_id=38364"},"modified":"2024-04-15T15:47:14","modified_gmt":"2024-04-15T15:47:14","slug":"wunderschoene-straende-in-sussex-urlaub-am-meer-suedengalnd","status":"publish","type":"page","link":"https:\/\/www.urlaubcornwall.de\/blog\/wunderschoene-straende-in-sussex-urlaub-am-meer-suedengalnd\/","title":{"rendered":"Die sch\u00f6nsten Str\u00e4nde in Sussex &#8211; Urlaub am Meer S\u00fcdengland"},"content":{"rendered":"<p><img loading=\"lazy\" class=\"aligncenter size-full wp-image-47888\" src=\"https:\/\/www.urlaubcornwall.de\/blog\/wp-content\/uploads\/2024\/03\/camber-sands.jpg\" alt=\"camber sands\" width=\"750\" height=\"563\" srcset=\"https:\/\/www.urlaubcornwall.de\/blog\/wp-content\/uploads\/2024\/03\/camber-sands.jpg 750w, https:\/\/www.urlaubcornwall.de\/blog\/wp-content\/uploads\/2024\/03\/camber-sands-300x225.jpg 300w\" sizes=\"(max-width: 750px) 100vw, 750px\" \/><br \/>\nDie sch\u00f6nsten <a href=\"https:\/\/www.urlaubcornwall.de\/ferienhaeuser-fewos\/eng\/sussex\/sussex-am-meer.html\">Sandstr\u00e4nde und Hundefreundliche Str\u00e4nde in Sussex<\/a>&#8211; Unsere Top 15 in Ost &#038; West Sussex<\/p>\n<p><strong>1. Hove Beach<\/strong> &#8211; Der Strand in Hove verl\u00e4uft entlang des Stadtzentrums und hat im Hintergrund eine lange Esplanade. Der Kieselstrand ist beliebt zum Schwimmen, Wassersport zu betreiben, Surfen und Segeln. Es gibt eine Lagune, die ein einzigartiger Ort f\u00fcr Wassersport ist; die niedrigen Gew\u00e4sser sind ideal f\u00fcr Anf\u00e4nger, und Unterrichtsstunden sind f\u00fcr s\u00e4mtliche Altersstufen und F\u00e4higkeiten erh\u00e4ltlich. Hove Beach hat Strandh\u00fctten und Strandrollst\u00fchle, die Sie leihen k\u00f6nnen.<\/p>\n<p>Hunde sind am Strand von Mai- September nicht gestattet.<\/p>\n<p><img loading=\"lazy\" class=\"aligncenter size-full wp-image-33960\" src=\"https:\/\/www.urlaubcornwall.de\/blog\/wp-content\/uploads\/2018\/07\/urlaub-brighton-am-meer.jpg\" alt=\"urlaub brighton am meer\" width=\"748\" height=\"424\"\/><\/p>\n<p><strong>2. Brighton Strand<\/strong> &#8211; Der Palace Pier Beach ist der <a href=\"https:\/\/www.urlaubcornwall.de\/ferienhaeuser-fewos\/eng\/sussex\/brighton-am-meer.html\">Zentralstrand in Brighton<\/a>. Dieser Sand- und Kieselstrand befindet sich direkt im Zentrum eines des ber\u00fchmtesten und beliebten Badeortes des UK. Der Strand ist beliebt zum Schwimmen, sowie f\u00fcr eine Vielfalt an Wassersportarten und klassische Strandsportarten wie Volleyball.  Die Strandpromenade hat Gesch\u00e4fte, Caf\u00e9s und Stra\u00dfenk\u00fcnstler.<br \/>\nKeine Fahrt zum Strand bei Brighton w\u00e4re komplett ohne den Besuch des ikonischen Brighton Pier. Dieser viktorianische Pier hat Karussells, Vergn\u00fcgungsarkaden, Caf\u00e9s, Bars und Restaurants. <\/p>\n<p>Einschr\u00e4nkungen f\u00fcr Hunde gelten in bestimmten Gebieten der Str\u00e4nde Brightons von Mai \u2013 September.<\/p>\n<p><strong>3. Seaford Bay, Seaford <\/strong>&#8211; Seaford ist ein Kieselstrand, der sich \u00fcber 6,5km zwischen dem Hafen Newhaven und Seaford Head erstreckt. Es ist ein ruhiges Fleckchen, wo Sie die Sommermassen meiden k\u00f6nnen und ein gro\u00dfartiger Familienstrand zum Schwimmen, Segeln, Windsurfen und Schnorcheln. Es gibt einen Radweg, der hinten am Strand entlanggeht, und am Ufer gibt es jede Menge Caf\u00e9s. Der Strand eignet sich auch gro\u00dfartig, um den Kanalf\u00e4hren zuzusehen, die nach Dieppe in Frankreich hin\u00fcberfahren.<\/p>\n<p>Hunde sind am Strand von Mai- September nicht gestattet.<\/p>\n<p><strong>4. Birling Gap Beach, Eastbourne<\/strong> &#8211; Der Strand bei Birling Gap befindet sich am Fu\u00dfe der ikonischen Seven Sisters Kalkklippen. Dies ist einer der l\u00e4ngsten unentwickelten K\u00fcstenabschnitte der S\u00fcdk\u00fcste, obgleich er zwischen den bekannten Badeorten Brighton und <a href=\"https:\/\/www.urlaubcornwall.de\/ferienhaeuser-fewos\/eng\/sussex\/eastbourne-am-meer.html\">Eastbourne<\/a> liegt. Es gibt oben auf den Klippen bei den Stufen, die Zugang zum Strand bieten, ein Besucherzentrum, Caf\u00e9 und Gesch\u00e4ft, die sich im Besitz des National Trust befinden. Birling Gap eignet sich hervorragend, um in Felspools auf Entdeckungsreise zu gehen und Fossilien zu suchen. Die Westseite des Strandes ist ein FKK Strand. \u00d6stlich von Birling Gap erheben sich die wei\u00dfen Kalkklippen bis zu 162m \u00fcber dem Englischen Kanal \u2013 dies ist Beachy Head, die h\u00f6chste Kalkklippe des UK am Meer. <\/p>\n<p>Angeleinte Hunde sind willkommen.<\/p>\n<p><strong>5. Eastbourne<\/strong> &#8211; Der <a href=\"https:\/\/www.urlaubcornwall.de\/ferienhaeuser-fewos\/eng\/sussex\/eastbourne-am-meer.html\">Hauptstrand in Eastbourne<\/a> verl\u00e4uft lediglich knapp 1km vom Pier zum Wish Tower. Eine Promenade verl\u00e4uft entlang des Strandes und wird umrahmt von pr\u00e4chtigen viktorianischen Hotels, den bekannten Flora Carpet Gardens und einem feinen Musikpavillon. Der Pier mit seinem eindrucksvollen Pavillon reicht zur\u00fcck ins Jahr 1870 und ist 300m lang. Eastbournes Grand Parade Beach ist ein typischer Sussex Kieselstrand, der nur bei Ebbe Sand hat; er ist beliebt zum Schwimmen und Segeln. <\/p>\n<p>Einschr\u00e4nkungen gelten f\u00fcr Hunde von Osten bis Ende September.<\/p>\n<p><img loading=\"lazy\" class=\"aligncenter size-full wp-image-24731\" src=\"https:\/\/www.urlaubcornwall.de\/blog\/wp-content\/uploads\/2016\/07\/pevensey.jpg\" alt=\"Pevensey Bay, Eastbourne\" width=\"748\" height=\"422\"\/><\/p>\n<p><strong>6. Pevensey Bay, Eastbourne <\/strong> &#8211; <a href=\"https:\/\/www.urlaubcornwall.de\/ferienhaeuser-fewos\/eng\/sussex\/pevensey-bay-am-meer.html\">Pevensey Bay<\/a> befindet sich ungef\u00e4hr 8km \u00f6stlich von Eastbourne; hier and diesem Kieselstrand landete im Jahre 1066 Wilhelm der Eroberer vor der Schlacht von Hastings. Im 12. Jahrhundert war es ein gesch\u00e4ftiger Hafen, doch das Land ist dem Meer zur\u00fcckgewichen, so dass das Dorf Pevensey ungef\u00e4hr 1,6km vom Strand entfernt ist. Dieser ruhige Strand ist ein guter Ort, um die K\u00fcste entlang zu blicken und \u00fcber den Kanal hin\u00fcber. <\/p>\n<p>Einschr\u00e4nkungen gelten f\u00fcr Hunde von Osten bis Ende September.<\/p>\n<div class=\"snippet\"> <a class=\"featured-item\" href=\"https:\/\/www.urlaubcornwall.de\/ferienhaeuser-fewos\/eng\/sussex\/sussex-am-meer.html\"> <span class=\"image-holder\" style=\"background-image: url(' https:\/\/www.urlaubcornwall.de\/blog\/wp-content\/uploads\/2018\/12\/ferienhaus-cornwall-mit-hund.jpg ');\"><\/span> <span class=\"featured-content\"> \n<h2 class=\"featured-title\">Ferienh\u00e4user in Sussex zum Verlieben!<\/h2>\n<p class=\"featured-body\">Die K\u00fcste von Sussex beinhaltet hervorragenden Blick, wie zu den Seven Sisters hin und klassische Urlaubsorte am Meer wie Eastbourne, Worthing und Bognor Regis&#8230;..<\/p><\/span> <span class=\"featured-link-holder\"> <span class=\"featured-extra-info\"> \n<p>F\u00fcr Paare, Familien &#038; Gruppen<\/p>\n<\/span> \n<p class=\"featured-link\">DETAILS<\/p>\n<\/span> <\/a><\/div>\n<p><strong>7. Cooden Beach, Bexhill<\/strong> &#8211; Ein weiterer <a href=\"https:\/\/www.urlaubcornwall.de\/ferienhaeuser-fewos\/eng\/sussex\/bexhill-on-sea-am-meer.html\">typischer Sussex Strand ist Cooden Beach<\/a>, ein langer Abschnitt an Kieseln, abgetrennt durch h\u00f6lzerne Buhnen und mit flachem Sand bei Ebbe. Er ist beliebt bei Drachensurfern und Windsurfern; Jetskifahren ist ebenfalls erlaubt.<br \/>\nHunde sind das ganze Jahr \u00fcber am Strand erlaubt.<\/p>\n<p><strong>8. Hastings Strand <\/strong>&#8211; <a href=\"https:\/\/www.urlaubcornwall.de\/ferienhaeuser-fewos\/eng\/sussex\/hastings-am-meer.html\">Hastings Beach<\/a> befindet sich lediglich einen kurzen Spaziergang vom Stadtzentrum entfernt und hat im Hintergrund eine zweistufige Promenade; es gibt einen viktorianischen Pier, der im Jahre 2016 wiederer\u00f6ffnet wurde, nachdem er von einem Feuer beinahe zerst\u00f6rt worden war. Der Pier ist t\u00e4glich ge\u00f6ffnet und hat Gesch\u00e4fte, Caf\u00e9s und eine gro\u00dfartige Aussichtsplattform, von der aus Sie einen einmaligen Panoramablick des Meeres, der K\u00fcste und der Altstadt Hastings genie\u00dfen k\u00f6nnen. <\/p>\n<p>Einschr\u00e4nkungen f\u00fcr Hunde gelten in ausgeschilderten Bereichen von Mai &#8211; September.<\/p>\n<p><strong>9. Camber Sands, Rye<\/strong> &#8211; <a href=\"https:\/\/www.urlaubcornwall.de\/ferienhaeuser-fewos\/eng\/sussex\/camber-am-meer.html\">Camber Sands ist ungew\u00f6hnlich, verglichen mit den anderen Sussex Str\u00e4nden<\/a>; er besteht nur aus Sand. Ungleich dem typischen Sussex Strand, der aus Kieseln und Steinen besteht, wird er in Schach gehalten von h\u00f6lzernen Buhnen und flachem Sand bei Ebbe. Camber Sands ist auch das Zuhause der einzigen Sandd\u00fcnen in Ost Sussex.<\/p>\n<p>Camber Sands ist gr\u00f6\u00dftenteils unber\u00fchrt, und sogar im Sommer finden Sie immer ein ruhiges Pl\u00e4tzchen. Dieser gro\u00dfe Sandstrand erstreckt sich \u00fcber nahezu 8km, und bei Ebbe entstehen gro\u00dfe Fl\u00e4chen an Sand. Es ist ein hervorragender Ort, um am Strand auf Entdeckungsreise zu gehen, zum Windsurfen und Drachensurfen. <\/p>\n<p>Hunde sind am Strand das ganze Jahr \u00fcber erlaubt, allerdings von Mai &#8211; September nur in bestimmten Bereichen. <\/p>\n<p><img loading=\"lazy\" class=\"aligncenter size-full wp-image-34008\" src=\"https:\/\/www.urlaubcornwall.de\/blog\/wp-content\/uploads\/2018\/07\/west-wittering-strand-meer.jpg\" alt=\"west wittering strand meer\" width=\"748\" height=\"427\"\/><\/p>\n<p><strong>10. West Wittering Beach, Chichester<\/strong> &#8211; West Wittering ist ein gro\u00dfer, unbefleckter Sandstrand mit ausgezeichnetem Blick \u00fcber den Hafen von <a href=\"https:\/\/www.urlaubcornwall.de\/ferienhaeuser-fewos\/eng\/sussex\/chichester-am-meer.html\">Chichester und die South Downs<\/a>. Mit gro\u00dfartigen Vergn\u00fcgungsm\u00f6glichkeiten ist dieser blau beflaggte Strand bei Familien beliebt zum Schwimmen, Drachensurfen, Windsurfen und Picknicken. Das gesamte Gebiet ist international angesehen aufgrund seines Tierlebens, der V\u00f6gel und einzigartigen Sch\u00f6nheit. <\/p>\n<p>Hunde sind in ausgeschilderten Bereichen von Mai \u2013 September nicht gestattet.<\/p>\n<p><strong11. >East Wittering Beach, Chichester &#8211; Der Strand bei East Wittering ist ein Kieselstrand, doch bei Ebbe finden Sie einen breiten Abschnitt an Sand, der perfekt ist zum Sandburgenbauen. Es ist ein viel ruhigerer Strand als West Wittering und ideal, daran entlang zu spazieren.<\/p>\n<p>Hunde sind in ausgeschilderten Bereichen von Mai \u2013 September nicht gestattet.<\/p>\n<p><strong>12. Selsey Beach, Bognor Regis<\/strong> &#8211; Selsey Bill ist der s\u00fcdlichste Punkt von West Sussex; dieses einzigartige Hochland erstreckt sich 4,8km hinaus ins Meer. Es ist einer der besten Str\u00e4nde in West Sussex und gleicherma\u00dfen beliebt bei Fischern und Familien.<\/p>\n<p>Hunde sind in ausgeschilderten Bereichen von Mai \u2013 September nicht gestattet.<\/p>\n<p><strong>13. Bognor Regis<\/strong> &#8211; Der East Beach bei Bognor Regis ist der beliebteste Strand der Stadt. Dieser Kieselstrand befindet sich nahe am Stadtzentrum und hat im Hintergrund eine Promenade mit jeder Menge Vergn\u00fcgungsm\u00f6glichkeiten.<\/p>\n<p>Hunde sind in gewissen Bereichen des Strandes von Mai \u2013 September nicht gestattet.<\/p>\n<p><strong>14. Climping Beach, Atherington, Littlehampton<\/strong> &#8211; Dieser ruhige, wundersch\u00f6ne Strand befindet sich ungef\u00e4hr auf halbem Wege zwischen Littlehampton und Bognor Regis. Wie die meisten anderen Str\u00e4nde von Sussex besteht er aus Kieseln und Steinen, und bei Ebbe taucht ein gro\u00dfes St\u00fcck an Sand auf. Climping Beach hat im Hintergrund Sandd\u00fcnen und Felder, die unter dem Schutz der \u201aSt\u00e4tte besonderen wissenschaftlichen Interesses\u2018 stehen. Er ist bei Windsurfern und Drachensurfers ein bevorzugtes Fleckchen. <\/p>\n<p>Hunde sind das ganze Jahr \u00fcber am Strand gestattet.<\/p>\n<p><strong>15. Littlehampton West Beach<\/strong> &#8211; West Beach bei Littlehampton ist eine wundersch\u00f6ne \u201aSt\u00e4tte besonderen wissenschaftlichen Interesses\u2018 mit unglaublichen Sandd\u00fcnen, die seltenem und gesch\u00fctztem Tierleben ein Zuhause bieten. Als ein flacher Sand- und Kieselstrand ist er perfekt zum Entspannen, Angeln, Drachensurfen, Segeln, Windsurfen und Schwimmen. Sie k\u00f6nnen nach Climping Beach spazieren und den gro\u00dfartigen Blick genie\u00dfen \u00fcber die South Downs und den Fluss Arun beiderseits.<\/p>\n<p>Hunde sind das ganze Jahr \u00fcber am Strand gestattet.<\/p>\n","protected":false},"excerpt":{"rendered":"<p>Die sch\u00f6nsten Sandstr\u00e4nde und Hundefreundliche Str\u00e4nde in Sussex&#8211; Unsere Top 15 in Ost &#038; West Sussex 1. Hove Beach &#8211; Der Strand in Hove verl\u00e4uft entlang des Stadtzentrums und hat im Hintergrund eine lange Esplanade. Der Kieselstrand ist beliebt zum Schwimmen, Wassersport zu betreiben, Surfen und Segeln. Es gibt eine Lagune, die ein einzigartiger Ort [&hellip;]<\/p>\n","protected":false},"author":1,"featured_media":0,"parent":0,"menu_order":0,"comment_status":"closed","ping_status":"closed","template":"single-four.php","meta":[],"acf":[],"yoast_head":"<!-- This site is optimized with the Yoast SEO plugin v19.4 - https:\/\/yoast.com\/wordpress\/plugins\/seo\/ -->\n<title>Die sch\u00f6nsten Str\u00e4nde in Sussex - Urlaub am Meer S\u00fcdengland - Urlaub &amp; Reisen<\/title>\n<meta name=\"robots\" content=\"index, follow, max-snippet:-1, max-image-preview:large, max-video-preview:-1\" \/>\n<link rel=\"canonical\" href=\"https:\/\/www.urlaubcornwall.de\/blog\/wunderschoene-straende-in-sussex-urlaub-am-meer-suedengalnd\/\" \/>\n<meta property=\"og:locale\" content=\"en_US\" \/>\n<meta property=\"og:type\" content=\"article\" \/>\n<meta property=\"og:title\" content=\"Die sch\u00f6nsten Str\u00e4nde in Sussex - Urlaub am Meer S\u00fcdengland - Urlaub &amp; Reisen\" \/>\n<meta property=\"og:description\" content=\"Die sch\u00f6nsten Sandstr\u00e4nde und Hundefreundliche Str\u00e4nde in Sussex&#8211; Unsere Top 15 in Ost &#038; West Sussex 1. Hove Beach &#8211; Der Strand in Hove verl\u00e4uft entlang des Stadtzentrums und hat im Hintergrund eine lange Esplanade. Der Kieselstrand ist beliebt zum Schwimmen, Wassersport zu betreiben, Surfen und Segeln. Es gibt eine Lagune, die ein einzigartiger Ort [&hellip;]\" \/>\n<meta property=\"og:url\" content=\"https:\/\/www.urlaubcornwall.de\/blog\/wunderschoene-straende-in-sussex-urlaub-am-meer-suedengalnd\/\" \/>\n<meta property=\"og:site_name\" content=\"Urlaub &amp; Reisen\" \/>\n<meta property=\"article:modified_time\" content=\"2024-04-15T15:47:14+00:00\" \/>\n<meta property=\"og:image\" content=\"https:\/\/www.urlaubcornwall.de\/blog\/wp-content\/uploads\/2024\/03\/camber-sands.jpg\" \/>\n<meta name=\"twitter:card\" content=\"summary\" \/>\n<meta name=\"twitter:label1\" content=\"Est. reading time\" \/>\n\t<meta name=\"twitter:data1\" content=\"7 minutes\" \/>\n<script type=\"application\/ld+json\" class=\"yoast-schema-graph\">{\"@context\":\"https:\/\/schema.org\",\"@graph\":[{\"@type\":\"WebSite\",\"@id\":\"https:\/\/www.urlaubcornwall.de\/blog\/#website\",\"url\":\"https:\/\/www.urlaubcornwall.de\/blog\/\",\"name\":\"Urlaub &amp; Reisen\",\"description\":\"Urlaub, Reisen, Cornwall und S\u00fcdengland: eine perfekte Kombination\",\"potentialAction\":[{\"@type\":\"SearchAction\",\"target\":{\"@type\":\"EntryPoint\",\"urlTemplate\":\"https:\/\/www.urlaubcornwall.de\/blog\/?s={search_term_string}\"},\"query-input\":\"required name=search_term_string\"}],\"inLanguage\":\"en-US\"},{\"@type\":\"WebPage\",\"@id\":\"https:\/\/www.urlaubcornwall.de\/blog\/wunderschoene-straende-in-sussex-urlaub-am-meer-suedengalnd\/\",\"url\":\"https:\/\/www.urlaubcornwall.de\/blog\/wunderschoene-straende-in-sussex-urlaub-am-meer-suedengalnd\/\",\"name\":\"Die sch\u00f6nsten Str\u00e4nde in Sussex - Urlaub am Meer S\u00fcdengland - Urlaub &amp; Reisen\",\"isPartOf\":{\"@id\":\"https:\/\/www.urlaubcornwall.de\/blog\/#website\"},\"datePublished\":\"2019-05-02T15:38:55+00:00\",\"dateModified\":\"2024-04-15T15:47:14+00:00\",\"breadcrumb\":{\"@id\":\"https:\/\/www.urlaubcornwall.de\/blog\/wunderschoene-straende-in-sussex-urlaub-am-meer-suedengalnd\/#breadcrumb\"},\"inLanguage\":\"en-US\",\"potentialAction\":[{\"@type\":\"ReadAction\",\"target\":[\"https:\/\/www.urlaubcornwall.de\/blog\/wunderschoene-straende-in-sussex-urlaub-am-meer-suedengalnd\/\"]}]},{\"@type\":\"BreadcrumbList\",\"@id\":\"https:\/\/www.urlaubcornwall.de\/blog\/wunderschoene-straende-in-sussex-urlaub-am-meer-suedengalnd\/#breadcrumb\",\"itemListElement\":[{\"@type\":\"ListItem\",\"position\":1,\"name\":\"Home\",\"item\":\"https:\/\/www.urlaubcornwall.de\/blog\/\"},{\"@type\":\"ListItem\",\"position\":2,\"name\":\"Die sch\u00f6nsten Str\u00e4nde in Sussex &#8211; Urlaub am Meer S\u00fcdengland\"}]}]}<\/script>\n<!-- \/ Yoast SEO plugin. -->","yoast_head_json":{"title":"Die sch\u00f6nsten Str\u00e4nde in Sussex - Urlaub am Meer S\u00fcdengland - Urlaub &amp; Reisen","robots":{"index":"index","follow":"follow","max-snippet":"max-snippet:-1","max-image-preview":"max-image-preview:large","max-video-preview":"max-video-preview:-1"},"canonical":"https:\/\/www.urlaubcornwall.de\/blog\/wunderschoene-straende-in-sussex-urlaub-am-meer-suedengalnd\/","og_locale":"en_US","og_type":"article","og_title":"Die sch\u00f6nsten Str\u00e4nde in Sussex - Urlaub am Meer S\u00fcdengland - Urlaub &amp; Reisen","og_description":"Die sch\u00f6nsten Sandstr\u00e4nde und Hundefreundliche Str\u00e4nde in Sussex&#8211; Unsere Top 15 in Ost &#038; West Sussex 1. Hove Beach &#8211; Der Strand in Hove verl\u00e4uft entlang des Stadtzentrums und hat im Hintergrund eine lange Esplanade. Der Kieselstrand ist beliebt zum Schwimmen, Wassersport zu betreiben, Surfen und Segeln. Es gibt eine Lagune, die ein einzigartiger Ort [&hellip;]","og_url":"https:\/\/www.urlaubcornwall.de\/blog\/wunderschoene-straende-in-sussex-urlaub-am-meer-suedengalnd\/","og_site_name":"Urlaub &amp; Reisen","article_modified_time":"2024-04-15T15:47:14+00:00","og_image":[{"url":"https:\/\/www.urlaubcornwall.de\/blog\/wp-content\/uploads\/2024\/03\/camber-sands.jpg"}],"twitter_card":"summary","twitter_misc":{"Est. reading time":"7 minutes"},"schema":{"@context":"https:\/\/schema.org","@graph":[{"@type":"WebSite","@id":"https:\/\/www.urlaubcornwall.de\/blog\/#website","url":"https:\/\/www.urlaubcornwall.de\/blog\/","name":"Urlaub &amp; Reisen","description":"Urlaub, Reisen, Cornwall und S\u00fcdengland: eine perfekte Kombination","potentialAction":[{"@type":"SearchAction","target":{"@type":"EntryPoint","urlTemplate":"https:\/\/www.urlaubcornwall.de\/blog\/?s={search_term_string}"},"query-input":"required name=search_term_string"}],"inLanguage":"en-US"},{"@type":"WebPage","@id":"https:\/\/www.urlaubcornwall.de\/blog\/wunderschoene-straende-in-sussex-urlaub-am-meer-suedengalnd\/","url":"https:\/\/www.urlaubcornwall.de\/blog\/wunderschoene-straende-in-sussex-urlaub-am-meer-suedengalnd\/","name":"Die sch\u00f6nsten Str\u00e4nde in Sussex - Urlaub am Meer S\u00fcdengland - Urlaub &amp; Reisen","isPartOf":{"@id":"https:\/\/www.urlaubcornwall.de\/blog\/#website"},"datePublished":"2019-05-02T15:38:55+00:00","dateModified":"2024-04-15T15:47:14+00:00","breadcrumb":{"@id":"https:\/\/www.urlaubcornwall.de\/blog\/wunderschoene-straende-in-sussex-urlaub-am-meer-suedengalnd\/#breadcrumb"},"inLanguage":"en-US","potentialAction":[{"@type":"ReadAction","target":["https:\/\/www.urlaubcornwall.de\/blog\/wunderschoene-straende-in-sussex-urlaub-am-meer-suedengalnd\/"]}]},{"@type":"BreadcrumbList","@id":"https:\/\/www.urlaubcornwall.de\/blog\/wunderschoene-straende-in-sussex-urlaub-am-meer-suedengalnd\/#breadcrumb","itemListElement":[{"@type":"ListItem","position":1,"name":"Home","item":"https:\/\/www.urlaubcornwall.de\/blog\/"},{"@type":"ListItem","position":2,"name":"Die sch\u00f6nsten Str\u00e4nde in Sussex &#8211; Urlaub am Meer S\u00fcdengland"}]}]}},"_links":{"self":[{"href":"https:\/\/www.urlaubcornwall.de\/blog\/wp-json\/wp\/v2\/pages\/38364"}],"collection":[{"href":"https:\/\/www.urlaubcornwall.de\/blog\/wp-json\/wp\/v2\/pages"}],"about":[{"href":"https:\/\/www.urlaubcornwall.de\/blog\/wp-json\/wp\/v2\/types\/page"}],"author":[{"embeddable":true,"href":"https:\/\/www.urlaubcornwall.de\/blog\/wp-json\/wp\/v2\/users\/1"}],"replies":[{"embeddable":true,"href":"https:\/\/www.urlaubcornwall.de\/blog\/wp-json\/wp\/v2\/comments?post=38364"}],"version-history":[{"count":11,"href":"https:\/\/www.urlaubcornwall.de\/blog\/wp-json\/wp\/v2\/pages\/38364\/revisions"}],"predecessor-version":[{"id":49738,"href":"https:\/\/www.urlaubcornwall.de\/blog\/wp-json\/wp\/v2\/pages\/38364\/revisions\/49738"}],"wp:attachment":[{"href":"https:\/\/www.urlaubcornwall.de\/blog\/wp-json\/wp\/v2\/media?parent=38364"}],"curies":[{"name":"wp","href":"https:\/\/api.w.org\/{rel}","templated":true}]}}