{"id":38362,"date":"2019-05-02T15:06:28","date_gmt":"2019-05-02T15:06:28","guid":{"rendered":"https:\/\/www.urlaubcornwall.de\/blog\/?page_id=38362"},"modified":"2024-05-30T15:02:19","modified_gmt":"2024-05-30T15:02:19","slug":"kinderfreundliche-ferienhaeuser-ferienwohnungen-in-eastbourne-sussex","status":"publish","type":"page","link":"https:\/\/www.urlaubcornwall.de\/blog\/kinderfreundliche-ferienhaeuser-ferienwohnungen-in-eastbourne-sussex\/","title":{"rendered":"Kinderfreundliche Ferienh\u00e4user &#038; Ferienwohnungen in Eastbourne &#8211; Sussex"},"content":{"rendered":"<p><a href=\"https:\/\/www.urlaubcornwall.de\/blog\/wp-content\/uploads\/2024\/03\/ferienhaus-england-cornwall.jpg\"><img loading=\"lazy\" src=\"https:\/\/www.urlaubcornwall.de\/blog\/wp-content\/uploads\/2024\/03\/ferienhaus-england-cornwall.jpg\" alt=\"\" width=\"750\" height=\"643\" class=\"alignnone size-full wp-image-47901\" srcset=\"https:\/\/www.urlaubcornwall.de\/blog\/wp-content\/uploads\/2024\/03\/ferienhaus-england-cornwall.jpg 750w, https:\/\/www.urlaubcornwall.de\/blog\/wp-content\/uploads\/2024\/03\/ferienhaus-england-cornwall-300x257.jpg 300w\" sizes=\"(max-width: 750px) 100vw, 750px\" \/><\/a><br \/>\nWir bieten <a href=\"https:\/\/www.urlaubcornwall.de\/ferienhaeuser\/suedengland.php\">Ferienh\u00e4user in S\u00fcdengland<\/a> an, die Kinder willkommen hei\u00dfen. Ob Sie zum ersten Mal mit Ihrem Neugeborenen in den Urlaub fahren oder mit Ihrer ganzen Familie verreisen, es ist einfach gro\u00dfartig, seinen eigenen Wohnbereich zu haben und machen zu k\u00f6nnen, was und wann Sie wollen.<\/p>\n<p>Ferienh\u00e4user, Cottages &amp; Ferienwohnungen in Eastbourne f\u00fcr Ihren Urlaub mit Selbstverpflegung in Sussex.<\/p>\n<p style=\"text-align: center;\"><a class=\"tidycta\"  href=\"https:\/\/www.urlaubcornwall.de\/ferienhaeuser-fewos\/eng\/sussex\/eastbourne.html\">Eastbourne mit Kindern<\/a><\/p>\n","protected":false},"excerpt":{"rendered":"<p>Wir bieten Ferienh\u00e4user in S\u00fcdengland an, die Kinder willkommen hei\u00dfen. Ob Sie zum ersten Mal mit Ihrem Neugeborenen in den Urlaub fahren oder mit Ihrer ganzen Familie verreisen, es ist einfach gro\u00dfartig, seinen eigenen Wohnbereich zu haben und machen zu k\u00f6nnen, was und wann Sie wollen. Ferienh\u00e4user, Cottages &amp; Ferienwohnungen in Eastbourne f\u00fcr Ihren Urlaub [&hellip;]<\/p>\n","protected":false},"author":1,"featured_media":0,"parent":0,"menu_order":0,"comment_status":"closed","ping_status":"closed","template":"single-four.php","meta":[],"acf":[],"yoast_head":"<!-- This site is optimized with the Yoast SEO plugin v19.4 - https:\/\/yoast.com\/wordpress\/plugins\/seo\/ -->\n<title>Kinderfreundliche Ferienh\u00e4user &amp; Ferienwohnungen in Eastbourne - Sussex - Urlaub &amp; Reisen<\/title>\n<meta name=\"robots\" content=\"index, follow, max-snippet:-1, max-image-preview:large, max-video-preview:-1\" \/>\n<link rel=\"canonical\" href=\"https:\/\/www.urlaubcornwall.de\/blog\/kinderfreundliche-ferienhaeuser-ferienwohnungen-in-eastbourne-sussex\/\" \/>\n<meta property=\"og:locale\" content=\"en_US\" \/>\n<meta property=\"og:type\" content=\"article\" \/>\n<meta property=\"og:title\" content=\"Kinderfreundliche Ferienh\u00e4user &amp; Ferienwohnungen in Eastbourne - Sussex - Urlaub &amp; Reisen\" \/>\n<meta property=\"og:description\" content=\"Wir bieten Ferienh\u00e4user in S\u00fcdengland an, die Kinder willkommen hei\u00dfen. Ob Sie zum ersten Mal mit Ihrem Neugeborenen in den Urlaub fahren oder mit Ihrer ganzen Familie verreisen, es ist einfach gro\u00dfartig, seinen eigenen Wohnbereich zu haben und machen zu k\u00f6nnen, was und wann Sie wollen. Ferienh\u00e4user, Cottages &amp; Ferienwohnungen in Eastbourne f\u00fcr Ihren Urlaub [&hellip;]\" \/>\n<meta property=\"og:url\" content=\"https:\/\/www.urlaubcornwall.de\/blog\/kinderfreundliche-ferienhaeuser-ferienwohnungen-in-eastbourne-sussex\/\" \/>\n<meta property=\"og:site_name\" content=\"Urlaub &amp; Reisen\" \/>\n<meta property=\"article:modified_time\" content=\"2024-05-30T15:02:19+00:00\" \/>\n<meta property=\"og:image\" content=\"https:\/\/www.urlaubcornwall.de\/blog\/wp-content\/uploads\/2024\/03\/ferienhaus-england-cornwall.jpg\" \/>\n<meta name=\"twitter:card\" content=\"summary\" \/>\n<meta name=\"twitter:label1\" content=\"Est. reading time\" \/>\n\t<meta name=\"twitter:data1\" content=\"1 minute\" \/>\n<script type=\"application\/ld+json\" class=\"yoast-schema-graph\">{\"@context\":\"https:\/\/schema.org\",\"@graph\":[{\"@type\":\"WebSite\",\"@id\":\"https:\/\/www.urlaubcornwall.de\/blog\/#website\",\"url\":\"https:\/\/www.urlaubcornwall.de\/blog\/\",\"name\":\"Urlaub &amp; Reisen\",\"description\":\"Urlaub, Reisen, Cornwall und S\u00fcdengland: eine perfekte Kombination\",\"potentialAction\":[{\"@type\":\"SearchAction\",\"target\":{\"@type\":\"EntryPoint\",\"urlTemplate\":\"https:\/\/www.urlaubcornwall.de\/blog\/?s={search_term_string}\"},\"query-input\":\"required name=search_term_string\"}],\"inLanguage\":\"en-US\"},{\"@type\":\"WebPage\",\"@id\":\"https:\/\/www.urlaubcornwall.de\/blog\/kinderfreundliche-ferienhaeuser-ferienwohnungen-in-eastbourne-sussex\/\",\"url\":\"https:\/\/www.urlaubcornwall.de\/blog\/kinderfreundliche-ferienhaeuser-ferienwohnungen-in-eastbourne-sussex\/\",\"name\":\"Kinderfreundliche Ferienh\u00e4user & Ferienwohnungen in Eastbourne - Sussex - Urlaub &amp; Reisen\",\"isPartOf\":{\"@id\":\"https:\/\/www.urlaubcornwall.de\/blog\/#website\"},\"datePublished\":\"2019-05-02T15:06:28+00:00\",\"dateModified\":\"2024-05-30T15:02:19+00:00\",\"breadcrumb\":{\"@id\":\"https:\/\/www.urlaubcornwall.de\/blog\/kinderfreundliche-ferienhaeuser-ferienwohnungen-in-eastbourne-sussex\/#breadcrumb\"},\"inLanguage\":\"en-US\",\"potentialAction\":[{\"@type\":\"ReadAction\",\"target\":[\"https:\/\/www.urlaubcornwall.de\/blog\/kinderfreundliche-ferienhaeuser-ferienwohnungen-in-eastbourne-sussex\/\"]}]},{\"@type\":\"BreadcrumbList\",\"@id\":\"https:\/\/www.urlaubcornwall.de\/blog\/kinderfreundliche-ferienhaeuser-ferienwohnungen-in-eastbourne-sussex\/#breadcrumb\",\"itemListElement\":[{\"@type\":\"ListItem\",\"position\":1,\"name\":\"Home\",\"item\":\"https:\/\/www.urlaubcornwall.de\/blog\/\"},{\"@type\":\"ListItem\",\"position\":2,\"name\":\"Kinderfreundliche Ferienh\u00e4user &#038; Ferienwohnungen in Eastbourne &#8211; Sussex\"}]}]}<\/script>\n<!-- \/ Yoast SEO plugin. -->","yoast_head_json":{"title":"Kinderfreundliche Ferienh\u00e4user & Ferienwohnungen in Eastbourne - Sussex - Urlaub &amp; Reisen","robots":{"index":"index","follow":"follow","max-snippet":"max-snippet:-1","max-image-preview":"max-image-preview:large","max-video-preview":"max-video-preview:-1"},"canonical":"https:\/\/www.urlaubcornwall.de\/blog\/kinderfreundliche-ferienhaeuser-ferienwohnungen-in-eastbourne-sussex\/","og_locale":"en_US","og_type":"article","og_title":"Kinderfreundliche Ferienh\u00e4user & Ferienwohnungen in Eastbourne - Sussex - Urlaub &amp; Reisen","og_description":"Wir bieten Ferienh\u00e4user in S\u00fcdengland an, die Kinder willkommen hei\u00dfen. Ob Sie zum ersten Mal mit Ihrem Neugeborenen in den Urlaub fahren oder mit Ihrer ganzen Familie verreisen, es ist einfach gro\u00dfartig, seinen eigenen Wohnbereich zu haben und machen zu k\u00f6nnen, was und wann Sie wollen. Ferienh\u00e4user, Cottages &amp; Ferienwohnungen in Eastbourne f\u00fcr Ihren Urlaub [&hellip;]","og_url":"https:\/\/www.urlaubcornwall.de\/blog\/kinderfreundliche-ferienhaeuser-ferienwohnungen-in-eastbourne-sussex\/","og_site_name":"Urlaub &amp; Reisen","article_modified_time":"2024-05-30T15:02:19+00:00","og_image":[{"url":"https:\/\/www.urlaubcornwall.de\/blog\/wp-content\/uploads\/2024\/03\/ferienhaus-england-cornwall.jpg"}],"twitter_card":"summary","twitter_misc":{"Est. reading time":"1 minute"},"schema":{"@context":"https:\/\/schema.org","@graph":[{"@type":"WebSite","@id":"https:\/\/www.urlaubcornwall.de\/blog\/#website","url":"https:\/\/www.urlaubcornwall.de\/blog\/","name":"Urlaub &amp; Reisen","description":"Urlaub, Reisen, Cornwall und S\u00fcdengland: eine perfekte Kombination","potentialAction":[{"@type":"SearchAction","target":{"@type":"EntryPoint","urlTemplate":"https:\/\/www.urlaubcornwall.de\/blog\/?s={search_term_string}"},"query-input":"required name=search_term_string"}],"inLanguage":"en-US"},{"@type":"WebPage","@id":"https:\/\/www.urlaubcornwall.de\/blog\/kinderfreundliche-ferienhaeuser-ferienwohnungen-in-eastbourne-sussex\/","url":"https:\/\/www.urlaubcornwall.de\/blog\/kinderfreundliche-ferienhaeuser-ferienwohnungen-in-eastbourne-sussex\/","name":"Kinderfreundliche Ferienh\u00e4user & Ferienwohnungen in Eastbourne - Sussex - Urlaub &amp; Reisen","isPartOf":{"@id":"https:\/\/www.urlaubcornwall.de\/blog\/#website"},"datePublished":"2019-05-02T15:06:28+00:00","dateModified":"2024-05-30T15:02:19+00:00","breadcrumb":{"@id":"https:\/\/www.urlaubcornwall.de\/blog\/kinderfreundliche-ferienhaeuser-ferienwohnungen-in-eastbourne-sussex\/#breadcrumb"},"inLanguage":"en-US","potentialAction":[{"@type":"ReadAction","target":["https:\/\/www.urlaubcornwall.de\/blog\/kinderfreundliche-ferienhaeuser-ferienwohnungen-in-eastbourne-sussex\/"]}]},{"@type":"BreadcrumbList","@id":"https:\/\/www.urlaubcornwall.de\/blog\/kinderfreundliche-ferienhaeuser-ferienwohnungen-in-eastbourne-sussex\/#breadcrumb","itemListElement":[{"@type":"ListItem","position":1,"name":"Home","item":"https:\/\/www.urlaubcornwall.de\/blog\/"},{"@type":"ListItem","position":2,"name":"Kinderfreundliche Ferienh\u00e4user &#038; Ferienwohnungen in Eastbourne &#8211; Sussex"}]}]}},"_links":{"self":[{"href":"https:\/\/www.urlaubcornwall.de\/blog\/wp-json\/wp\/v2\/pages\/38362"}],"collection":[{"href":"https:\/\/www.urlaubcornwall.de\/blog\/wp-json\/wp\/v2\/pages"}],"about":[{"href":"https:\/\/www.urlaubcornwall.de\/blog\/wp-json\/wp\/v2\/types\/page"}],"author":[{"embeddable":true,"href":"https:\/\/www.urlaubcornwall.de\/blog\/wp-json\/wp\/v2\/users\/1"}],"replies":[{"embeddable":true,"href":"https:\/\/www.urlaubcornwall.de\/blog\/wp-json\/wp\/v2\/comments?post=38362"}],"version-history":[{"count":4,"href":"https:\/\/www.urlaubcornwall.de\/blog\/wp-json\/wp\/v2\/pages\/38362\/revisions"}],"predecessor-version":[{"id":51135,"href":"https:\/\/www.urlaubcornwall.de\/blog\/wp-json\/wp\/v2\/pages\/38362\/revisions\/51135"}],"wp:attachment":[{"href":"https:\/\/www.urlaubcornwall.de\/blog\/wp-json\/wp\/v2\/media?parent=38362"}],"curies":[{"name":"wp","href":"https:\/\/api.w.org\/{rel}","templated":true}]}}