{"id":38356,"date":"2019-05-02T13:57:44","date_gmt":"2019-05-02T13:57:44","guid":{"rendered":"https:\/\/www.urlaubcornwall.de\/blog\/?page_id=38356"},"modified":"2019-05-02T14:13:24","modified_gmt":"2019-05-02T14:13:24","slug":"kinderfreundliche-ferienhaeuser-cottages-in-st-ives","status":"publish","type":"page","link":"https:\/\/www.urlaubcornwall.de\/blog\/kinderfreundliche-ferienhaeuser-cottages-in-st-ives\/","title":{"rendered":"Kinderfreundliche Ferienh\u00e4user &#038; Cottages in St Ives"},"content":{"rendered":"<p><img loading=\"lazy\" class=\"aligncenter size-full wp-image-26507\" src=\"https:\/\/www.urlaubcornwall.de\/blog\/wp-content\/uploads\/2016\/05\/hotel-St-Ives.jpg\" alt=\"urlaub mit kindern St Ives\" width=\"748\" height=\"349\" srcset=\"https:\/\/www.urlaubcornwall.de\/blog\/wp-content\/uploads\/2016\/05\/hotel-St-Ives.jpg 745w, https:\/\/www.urlaubcornwall.de\/blog\/wp-content\/uploads\/2016\/05\/hotel-St-Ives-300x141.jpg 300w\" sizes=\"(max-width: 748px) 100vw, 748px\" \/><\/p>\n<p>Wir bieten <a href=\"https:\/\/www.urlaubcornwall.de\/ferienhaeuser\/cornwall.php\">Ferienh\u00e4user in Cornwall<\/a> an, die Kinder willkommen hei\u00dfen. Ob Sie zum ersten Mal mit Ihrem Neugeborenen in den Urlaub fahren oder mit Ihrer ganzen Familie verreisen, es ist einfach gro\u00dfartig, seinen eigenen Wohnbereich zu haben und machen zu k\u00f6nnen, was und wann Sie wollen.<\/p>\n<p>Ferienh\u00e4user, Cottages &amp; Ferienwohnungen in St Ives f\u00fcr Ihren Urlaub mit Selbstverpflegung in Cornwall.<\/p>\n<p style=\"text-align: center;\"><a class=\"tidycta\"  href=\"https:\/\/www.urlaubcornwall.de\/ferienhaeuser-fewos\/st-ives.html\">St Ives mit Kindern<\/a><\/p>\n","protected":false},"excerpt":{"rendered":"<p>Wir bieten Ferienh\u00e4user in Cornwall an, die Kinder willkommen hei\u00dfen. Ob Sie zum ersten Mal mit Ihrem Neugeborenen in den Urlaub fahren oder mit Ihrer ganzen Familie verreisen, es ist einfach gro\u00dfartig, seinen eigenen Wohnbereich zu haben und machen zu k\u00f6nnen, was und wann Sie wollen. Ferienh\u00e4user, Cottages &amp; Ferienwohnungen in St Ives f\u00fcr Ihren [&hellip;]<\/p>\n","protected":false},"author":1,"featured_media":0,"parent":0,"menu_order":0,"comment_status":"closed","ping_status":"closed","template":"single-four.php","meta":[],"acf":[],"yoast_head":"<!-- This site is optimized with the Yoast SEO plugin v19.4 - https:\/\/yoast.com\/wordpress\/plugins\/seo\/ -->\n<title>Kinderfreundliche Ferienh\u00e4user &amp; Cottages in St Ives - Urlaub &amp; Reisen<\/title>\n<meta name=\"robots\" content=\"index, follow, max-snippet:-1, max-image-preview:large, max-video-preview:-1\" \/>\n<link rel=\"canonical\" href=\"https:\/\/www.urlaubcornwall.de\/blog\/kinderfreundliche-ferienhaeuser-cottages-in-st-ives\/\" \/>\n<meta property=\"og:locale\" content=\"en_US\" \/>\n<meta property=\"og:type\" content=\"article\" \/>\n<meta property=\"og:title\" content=\"Kinderfreundliche Ferienh\u00e4user &amp; Cottages in St Ives - Urlaub &amp; Reisen\" \/>\n<meta property=\"og:description\" content=\"Wir bieten Ferienh\u00e4user in Cornwall an, die Kinder willkommen hei\u00dfen. Ob Sie zum ersten Mal mit Ihrem Neugeborenen in den Urlaub fahren oder mit Ihrer ganzen Familie verreisen, es ist einfach gro\u00dfartig, seinen eigenen Wohnbereich zu haben und machen zu k\u00f6nnen, was und wann Sie wollen. Ferienh\u00e4user, Cottages &amp; Ferienwohnungen in St Ives f\u00fcr Ihren [&hellip;]\" \/>\n<meta property=\"og:url\" content=\"https:\/\/www.urlaubcornwall.de\/blog\/kinderfreundliche-ferienhaeuser-cottages-in-st-ives\/\" \/>\n<meta property=\"og:site_name\" content=\"Urlaub &amp; Reisen\" \/>\n<meta property=\"article:modified_time\" content=\"2019-05-02T14:13:24+00:00\" \/>\n<meta property=\"og:image\" content=\"https:\/\/www.urlaubcornwall.de\/blog\/wp-content\/uploads\/2016\/05\/hotel-St-Ives.jpg\" \/>\n<meta name=\"twitter:card\" content=\"summary\" \/>\n<script type=\"application\/ld+json\" class=\"yoast-schema-graph\">{\"@context\":\"https:\/\/schema.org\",\"@graph\":[{\"@type\":\"WebSite\",\"@id\":\"https:\/\/www.urlaubcornwall.de\/blog\/#website\",\"url\":\"https:\/\/www.urlaubcornwall.de\/blog\/\",\"name\":\"Urlaub &amp; Reisen\",\"description\":\"Urlaub, Reisen, Cornwall und S\u00fcdengland: eine perfekte Kombination\",\"potentialAction\":[{\"@type\":\"SearchAction\",\"target\":{\"@type\":\"EntryPoint\",\"urlTemplate\":\"https:\/\/www.urlaubcornwall.de\/blog\/?s={search_term_string}\"},\"query-input\":\"required name=search_term_string\"}],\"inLanguage\":\"en-US\"},{\"@type\":\"WebPage\",\"@id\":\"https:\/\/www.urlaubcornwall.de\/blog\/kinderfreundliche-ferienhaeuser-cottages-in-st-ives\/\",\"url\":\"https:\/\/www.urlaubcornwall.de\/blog\/kinderfreundliche-ferienhaeuser-cottages-in-st-ives\/\",\"name\":\"Kinderfreundliche Ferienh\u00e4user & Cottages in St Ives - Urlaub &amp; Reisen\",\"isPartOf\":{\"@id\":\"https:\/\/www.urlaubcornwall.de\/blog\/#website\"},\"datePublished\":\"2019-05-02T13:57:44+00:00\",\"dateModified\":\"2019-05-02T14:13:24+00:00\",\"breadcrumb\":{\"@id\":\"https:\/\/www.urlaubcornwall.de\/blog\/kinderfreundliche-ferienhaeuser-cottages-in-st-ives\/#breadcrumb\"},\"inLanguage\":\"en-US\",\"potentialAction\":[{\"@type\":\"ReadAction\",\"target\":[\"https:\/\/www.urlaubcornwall.de\/blog\/kinderfreundliche-ferienhaeuser-cottages-in-st-ives\/\"]}]},{\"@type\":\"BreadcrumbList\",\"@id\":\"https:\/\/www.urlaubcornwall.de\/blog\/kinderfreundliche-ferienhaeuser-cottages-in-st-ives\/#breadcrumb\",\"itemListElement\":[{\"@type\":\"ListItem\",\"position\":1,\"name\":\"Home\",\"item\":\"https:\/\/www.urlaubcornwall.de\/blog\/\"},{\"@type\":\"ListItem\",\"position\":2,\"name\":\"Kinderfreundliche Ferienh\u00e4user &#038; Cottages in St Ives\"}]}]}<\/script>\n<!-- \/ Yoast SEO plugin. -->","yoast_head_json":{"title":"Kinderfreundliche Ferienh\u00e4user & Cottages in St Ives - Urlaub &amp; Reisen","robots":{"index":"index","follow":"follow","max-snippet":"max-snippet:-1","max-image-preview":"max-image-preview:large","max-video-preview":"max-video-preview:-1"},"canonical":"https:\/\/www.urlaubcornwall.de\/blog\/kinderfreundliche-ferienhaeuser-cottages-in-st-ives\/","og_locale":"en_US","og_type":"article","og_title":"Kinderfreundliche Ferienh\u00e4user & Cottages in St Ives - Urlaub &amp; Reisen","og_description":"Wir bieten Ferienh\u00e4user in Cornwall an, die Kinder willkommen hei\u00dfen. Ob Sie zum ersten Mal mit Ihrem Neugeborenen in den Urlaub fahren oder mit Ihrer ganzen Familie verreisen, es ist einfach gro\u00dfartig, seinen eigenen Wohnbereich zu haben und machen zu k\u00f6nnen, was und wann Sie wollen. Ferienh\u00e4user, Cottages &amp; Ferienwohnungen in St Ives f\u00fcr Ihren [&hellip;]","og_url":"https:\/\/www.urlaubcornwall.de\/blog\/kinderfreundliche-ferienhaeuser-cottages-in-st-ives\/","og_site_name":"Urlaub &amp; Reisen","article_modified_time":"2019-05-02T14:13:24+00:00","og_image":[{"url":"https:\/\/www.urlaubcornwall.de\/blog\/wp-content\/uploads\/2016\/05\/hotel-St-Ives.jpg"}],"twitter_card":"summary","schema":{"@context":"https:\/\/schema.org","@graph":[{"@type":"WebSite","@id":"https:\/\/www.urlaubcornwall.de\/blog\/#website","url":"https:\/\/www.urlaubcornwall.de\/blog\/","name":"Urlaub &amp; Reisen","description":"Urlaub, Reisen, Cornwall und S\u00fcdengland: eine perfekte Kombination","potentialAction":[{"@type":"SearchAction","target":{"@type":"EntryPoint","urlTemplate":"https:\/\/www.urlaubcornwall.de\/blog\/?s={search_term_string}"},"query-input":"required name=search_term_string"}],"inLanguage":"en-US"},{"@type":"WebPage","@id":"https:\/\/www.urlaubcornwall.de\/blog\/kinderfreundliche-ferienhaeuser-cottages-in-st-ives\/","url":"https:\/\/www.urlaubcornwall.de\/blog\/kinderfreundliche-ferienhaeuser-cottages-in-st-ives\/","name":"Kinderfreundliche Ferienh\u00e4user & Cottages in St Ives - Urlaub &amp; Reisen","isPartOf":{"@id":"https:\/\/www.urlaubcornwall.de\/blog\/#website"},"datePublished":"2019-05-02T13:57:44+00:00","dateModified":"2019-05-02T14:13:24+00:00","breadcrumb":{"@id":"https:\/\/www.urlaubcornwall.de\/blog\/kinderfreundliche-ferienhaeuser-cottages-in-st-ives\/#breadcrumb"},"inLanguage":"en-US","potentialAction":[{"@type":"ReadAction","target":["https:\/\/www.urlaubcornwall.de\/blog\/kinderfreundliche-ferienhaeuser-cottages-in-st-ives\/"]}]},{"@type":"BreadcrumbList","@id":"https:\/\/www.urlaubcornwall.de\/blog\/kinderfreundliche-ferienhaeuser-cottages-in-st-ives\/#breadcrumb","itemListElement":[{"@type":"ListItem","position":1,"name":"Home","item":"https:\/\/www.urlaubcornwall.de\/blog\/"},{"@type":"ListItem","position":2,"name":"Kinderfreundliche Ferienh\u00e4user &#038; Cottages in St Ives"}]}]}},"_links":{"self":[{"href":"https:\/\/www.urlaubcornwall.de\/blog\/wp-json\/wp\/v2\/pages\/38356"}],"collection":[{"href":"https:\/\/www.urlaubcornwall.de\/blog\/wp-json\/wp\/v2\/pages"}],"about":[{"href":"https:\/\/www.urlaubcornwall.de\/blog\/wp-json\/wp\/v2\/types\/page"}],"author":[{"embeddable":true,"href":"https:\/\/www.urlaubcornwall.de\/blog\/wp-json\/wp\/v2\/users\/1"}],"replies":[{"embeddable":true,"href":"https:\/\/www.urlaubcornwall.de\/blog\/wp-json\/wp\/v2\/comments?post=38356"}],"version-history":[{"count":3,"href":"https:\/\/www.urlaubcornwall.de\/blog\/wp-json\/wp\/v2\/pages\/38356\/revisions"}],"predecessor-version":[{"id":38360,"href":"https:\/\/www.urlaubcornwall.de\/blog\/wp-json\/wp\/v2\/pages\/38356\/revisions\/38360"}],"wp:attachment":[{"href":"https:\/\/www.urlaubcornwall.de\/blog\/wp-json\/wp\/v2\/media?parent=38356"}],"curies":[{"name":"wp","href":"https:\/\/api.w.org\/{rel}","templated":true}]}}