{"id":38284,"date":"2019-04-18T09:38:59","date_gmt":"2019-04-18T09:38:59","guid":{"rendered":"https:\/\/www.urlaubcornwall.de\/blog\/?page_id=38284"},"modified":"2020-11-06T09:54:36","modified_gmt":"2020-11-06T09:54:36","slug":"ferienhaeuser-mit-wlan-in-england-beliebtesten-grafschaften","status":"publish","type":"page","link":"https:\/\/www.urlaubcornwall.de\/blog\/ferienhaeuser-mit-wlan-in-england-beliebtesten-grafschaften\/","title":{"rendered":"Ferienh\u00e4user mit WLAN in England &#8211; beliebtesten Grafschaften"},"content":{"rendered":"<p><img loading=\"lazy\" class=\"aligncenter size-full wp-image-38137\" src=\"https:\/\/www.urlaubcornwall.de\/blog\/wp-content\/uploads\/2019\/04\/Charmante-D\u00f6rfer-cornwall.jpg\" alt=\"Ferienhaus england wlan\" width=\"748\" height=\"498\"\/><\/p>\n<p>Bei uns finden Sie Unterk\u00fcnfte zum Verlieben &#8211; so einfach ist das! Pers\u00f6nlich inspizierte Ferienh\u00e4user und Ferienwohnungen mit WLAN f\u00fcr Ihren Urlaub mit Selbstverpflegung in England. F\u00fcr Paare, Familien &amp; Gruppen mit 6, 8, 10 oder 12 G\u00e4sten.<\/p>\n<p style=\"text-align: center;\"><a class=\"tidycta\" href=\"https:\/\/www.urlaubcornwall.de\/ferienhaeuser\/england.php\">Suche Ferienh\u00e4user in England<\/a><\/p>\n\n<p style=\"text-align: center;\"><a class=\"plain\" href=\"https:\/\/www.urlaubcornwall.de\/ferienhaeuser-fewos\/eng\/berkshire\/berkshire-mit-wlan.html\">Berkshire mit WLAN<\/a> (3)<\/p>\n<p style=\"text-align: center;\"><a class=\"plain\" href=\"https:\/\/www.urlaubcornwall.de\/ferienhaeuser-fewos\/eng\/buckinghamshire\/buckinghamshire-mit-wlan.html\">Buckinghamshire mit WLAN<\/a> (4)<\/p>\n<p style=\"text-align: center;\"><a class=\"plain\" href=\"https:\/\/www.urlaubcornwall.de\/ferienhaeuser-fewos\/eng\/cambridgeshire\/cambridgeshire-mit-wlan.html\">Cambridgeshire mit WLAN<\/a> (5)<\/p>\n<p style=\"text-align: center;\"><a class=\"plain\" href=\"https:\/\/www.urlaubcornwall.de\/ferienhaeuser-fewos\/eng\/cheshire\/cheshire-mit-wlan.html\">Cheshire mit WLAN<\/a> (9)<\/p>\n<p style=\"text-align: center;\"><a class=\"plain\" href=\"https:\/\/www.urlaubcornwall.de\/ferienhaeuser-fewos\/cornwall-mit-wlan.html\">Cornwall mit WLAN<\/a> (645)<\/p>\n<p style=\"text-align: center;\"><a class=\"plain\" href=\"https:\/\/www.urlaubcornwall.de\/ferienhaeuser-fewos\/eng\/county-durham\/county-durham-mit-wlan.html\">County Durham mit WLAN<\/a> (21)<\/p>\n<p style=\"text-align: center;\"><a class=\"plain\" href=\"https:\/\/www.urlaubcornwall.de\/ferienhaeuser-fewos\/eng\/cumbria\/cumbria-mit-wlan.html\">cumbria mit WLAN<\/a> (198)<\/p>\n<p style=\"text-align: center;\"><a class=\"plain\" href=\"https:\/\/www.urlaubcornwall.de\/ferienhaeuser-fewos\/eng\/derbyshire\/derbyshire-mit-wlan.html\">Derbyshire mit WLAN<\/a> (173)<\/p>\n<p style=\"text-align: center;\"><a class=\"plain\" href=\"https:\/\/www.urlaubcornwall.de\/ferienhaeuser-fewos\/eng\/mitteldevon-und-ostdevon\/mitteldevon-und-ostdevon mit WLAN\">Mitteldevon und Ostdevon mit WLAN<\/a> (96)<\/p>\n<p style=\"text-align: center;\"><a class=\"plain\" href=\"https:\/\/www.urlaubcornwall.de\/ferienhaeuser-fewos\/eng\/nord-devon\/nord-devon-mit-wlan.html\">Nord Devon mit WLAN<\/a> (678)<\/p>\n<p style=\"text-align: center;\"><a class=\"plain\" href=\"https:\/\/www.urlaubcornwall.de\/ferienhaeuser-fewos\/eng\/sued-devon\/sued-devon-mit-wlan.html\">Sued Devon mit WLAN<\/a> (365)<\/p>\n<p style=\"text-align: center;\"><a class=\"plain\" href=\"https:\/\/www.urlaubcornwall.de\/ferienhaeuser-fewos\/eng\/dorset\/dorset-mit-wlan.html\">Dorset mit WLAN<\/a> (195)<\/p>\n<p style=\"text-align: center;\"><a class=\"plain\" href=\"https:\/\/www.urlaubcornwall.de\/ferienhaeuser-fewos\/eng\/essex\/essex-mit-wlan.html\">Essex mit WLAN<\/a> (9)<\/p>\n<p style=\"text-align: center;\"><a class=\"plain\" href=\"https:\/\/www.urlaubcornwall.de\/ferienhaeuser-fewos\/eng\/gloucestershire\/gloucestershire mit WLAN\">Gloucestershire-mit-wlan.html<\/a> (140)<\/p>\n<p style=\"text-align: center;\"><a class=\"plain\" href=\"https:\/\/www.urlaubcornwall.de\/ferienhaeuser-fewos\/eng\/hampshire\/hampshire-mit-wlan.html\">Hampshire mit WLAN<\/a> (63)<\/p>\n<p style=\"text-align: center;\"><a class=\"plain\" href=\"https:\/\/www.urlaubcornwall.de\/ferienhaeuser-fewos\/eng\/herefordshire\/herefordshire-mit-wlan.html\">Herefordshire mit WLAN<\/a> (62)<\/p>\n<p style=\"text-align: center;\"><a class=\"plain\" href=\"https:\/\/www.urlaubcornwall.de\/ferienhaeuser-fewos\/eng\/isle-of-wight\/isle-of-wight-mit-wlan.html\">Isle of Wight mit WLAN<\/a> (287)<\/p>\n<p style=\"text-align: center;\"><a class=\"plain\" href=\"https:\/\/www.urlaubcornwall.de\/ferienhaeuser-fewos\/eng\/kent\/kent-mit-wlan.html\">Kent mit WLAN<\/a> (51)<\/p>\n<p style=\"text-align: center;\"><a class=\"plain\" href=\"https:\/\/www.urlaubcornwall.de\/ferienhaeuser-fewos\/eng\/lancashire\/lancashire-mit-wlan.html\">Lancashire mit WLAN<\/a> (19)<\/p>\n<p style=\"text-align: center;\"><a class=\"plain\" href=\"https:\/\/www.urlaubcornwall.de\/ferienhaeuser-fewos\/eng\/leicestershire\/leicestershire-mit-wlan.html\">Leicestershire mit WLAN<\/a> (2)<\/p>\n<p style=\"text-align: center;\"><a class=\"plain\" href=\"https:\/\/www.urlaubcornwall.de\/ferienhaeuser-fewos\/eng\/lincolnshire\/lincolnshire-mit-wlan.html\">Lincolnshire mit WLAN<\/a> (28)<\/p>\n<p style=\"text-align: center;\"><a class=\"plain\" href=\"https:\/\/www.urlaubcornwall.de\/ferienhaeuser-fewos\/eng\/merseyside\/merseyside-mit-wlan.html\">Merseyside mit WLAN<\/a> (1)<\/p>\n<p style=\"text-align: center;\"><a class=\"plain\" href=\"https:\/\/www.urlaubcornwall.de\/ferienhaeuser-fewos\/eng\/newcastle\/newcastle-mit-wlan.html\">Newcastle mit WLAN<\/a> (8)<\/p>\n<p style=\"text-align: center;\"><a class=\"plain\" href=\"https:\/\/www.urlaubcornwall.de\/ferienhaeuser-fewos\/eng\/norfolk\/norfolk-mit-wlan.html\">Norfolk mit WLAN<\/a> (311)<\/p>\n<p style=\"text-align: center;\"><a class=\"plain\" href=\"https:\/\/www.urlaubcornwall.de\/ferienhaeuser-fewos\/eng\/northumberland\/northumberland-mit-wlan.html\">Northumberland mit WLAN<\/a> (212)<\/p>\n<p style=\"text-align: center;\"><a class=\"plain\" href=\"https:\/\/www.urlaubcornwall.de\/ferienhaeuser-fewos\/eng\/nottinghamshire\/nottinghamshire-mit-wlan.html\">Nottinghamshire mit WLAN<\/a> (4)<\/p>\n<p style=\"text-align: center;\"><a class=\"plain\" href=\"https:\/\/www.urlaubcornwall.de\/ferienhaeuser-fewos\/eng\/oxfordshire\/oxfordshire-mit-wlan.html\">Oxfordshire mit WLAN<\/a> (47)<\/p>\n<p style=\"text-align: center;\"><a class=\"plain\" href=\"https:\/\/www.urlaubcornwall.de\/ferienhaeuser-fewos\/eng\/shropshire\/shropshire-mit-wlan.html\">Shropshire mit WLAN<\/a> (60)<\/p>\n<p style=\"text-align: center;\"><a class=\"plain\" href=\"https:\/\/www.urlaubcornwall.de\/ferienhaeuser-fewos\/eng\/somerset\/somerset-mit-wlan.html\">Somerset mit WLAN<\/a> (250)<\/p>\n<p style=\"text-align: center;\"><a class=\"plain\" href=\"https:\/\/www.urlaubcornwall.de\/ferienhaeuser-fewos\/eng\/staffordshire\/staffordshire-mit-wlan.html\">Staffordshire mit WLAN<\/a> (13)<\/p>\n<p style=\"text-align: center;\"><a class=\"plain\" href=\"https:\/\/www.urlaubcornwall.de\/ferienhaeuser-fewos\/eng\/suffolk\/suffolk-mit-wlan.html\">Suffolk mit WLAN<\/a> (26)<\/p>\n<p style=\"text-align: center;\"><a class=\"plain\" href=\"https:\/\/www.urlaubcornwall.de\/ferienhaeuser-fewos\/eng\/sussex\/sussex-mit-wlan.html\">Sussex mit WLAN<\/a> (148)<\/p>\n<p style=\"text-align: center;\"><a class=\"plain\" href=\"https:\/\/www.urlaubcornwall.de\/ferienhaeuser-fewos\/eng\/warwickshire\/warwickshire-mit-wlan.html\">Warwickshire mit WLAN<\/a> (26)<\/p>\n<p style=\"text-align: center;\"><a class=\"plain\" href=\"https:\/\/www.urlaubcornwall.de\/ferienhaeuser-fewos\/eng\/west-midlands\/west-midlands-mit-wlan.html\">West Midlands mit WLAN<\/a> (1)<\/p>\n<p style=\"text-align: center;\"><a class=\"plain\" href=\"https:\/\/www.urlaubcornwall.de\/ferienhaeuser-fewos\/eng\/wiltshire\/wiltshire-mit-wlan.html\">Wiltshire mit WLAN<\/a> (21)<\/p>\n<p style=\"text-align: center;\"><a class=\"plain\" href=\"https:\/\/www.urlaubcornwall.de\/ferienhaeuser-fewos\/eng\/worcestershire\/worcestershire-mit-wlan.html\">Worcestershire mit WLAN<\/a> (35)<\/p>\n<p style=\"text-align: center;\"><a class=\"plain\" href=\"https:\/\/www.urlaubcornwall.de\/ferienhaeuser-fewos\/eng\/yorkshire\/yorkshire-mit-wlan.html\">Yorkshire mit WLAN<\/a> (393)<\/p>\n\n","protected":false},"excerpt":{"rendered":"<p>Bei uns finden Sie Unterk\u00fcnfte zum Verlieben &#8211; so einfach ist das! Pers\u00f6nlich inspizierte Ferienh\u00e4user und Ferienwohnungen mit WLAN f\u00fcr Ihren Urlaub mit Selbstverpflegung in England. F\u00fcr Paare, Familien &amp; Gruppen mit 6, 8, 10 oder 12 G\u00e4sten. Suche Ferienh\u00e4user in England Berkshire mit WLAN (3) Buckinghamshire mit WLAN (4) Cambridgeshire mit WLAN (5) Cheshire [&hellip;]<\/p>\n","protected":false},"author":1,"featured_media":0,"parent":0,"menu_order":0,"comment_status":"closed","ping_status":"closed","template":"single-four.php","meta":[],"acf":[],"yoast_head":"<!-- This site is optimized with the Yoast SEO plugin v19.4 - https:\/\/yoast.com\/wordpress\/plugins\/seo\/ -->\n<title>Ferienh\u00e4user mit WLAN in England - beliebtesten Grafschaften - Urlaub &amp; Reisen<\/title>\n<meta name=\"robots\" content=\"index, follow, max-snippet:-1, max-image-preview:large, max-video-preview:-1\" \/>\n<link rel=\"canonical\" href=\"https:\/\/www.urlaubcornwall.de\/blog\/ferienhaeuser-mit-wlan-in-england-beliebtesten-grafschaften\/\" \/>\n<meta property=\"og:locale\" content=\"en_US\" \/>\n<meta property=\"og:type\" content=\"article\" \/>\n<meta property=\"og:title\" content=\"Ferienh\u00e4user mit WLAN in England - beliebtesten Grafschaften - Urlaub &amp; Reisen\" \/>\n<meta property=\"og:description\" content=\"Bei uns finden Sie Unterk\u00fcnfte zum Verlieben &#8211; so einfach ist das! Pers\u00f6nlich inspizierte Ferienh\u00e4user und Ferienwohnungen mit WLAN f\u00fcr Ihren Urlaub mit Selbstverpflegung in England. F\u00fcr Paare, Familien &amp; Gruppen mit 6, 8, 10 oder 12 G\u00e4sten. Suche Ferienh\u00e4user in England Berkshire mit WLAN (3) Buckinghamshire mit WLAN (4) Cambridgeshire mit WLAN (5) Cheshire [&hellip;]\" \/>\n<meta property=\"og:url\" content=\"https:\/\/www.urlaubcornwall.de\/blog\/ferienhaeuser-mit-wlan-in-england-beliebtesten-grafschaften\/\" \/>\n<meta property=\"og:site_name\" content=\"Urlaub &amp; Reisen\" \/>\n<meta property=\"article:modified_time\" content=\"2020-11-06T09:54:36+00:00\" \/>\n<meta property=\"og:image\" content=\"https:\/\/www.urlaubcornwall.de\/blog\/wp-content\/uploads\/2019\/04\/Charmante-D\u00f6rfer-cornwall.jpg\" \/>\n<meta name=\"twitter:card\" content=\"summary\" \/>\n<meta name=\"twitter:label1\" content=\"Est. reading time\" \/>\n\t<meta name=\"twitter:data1\" content=\"1 minute\" \/>\n<script type=\"application\/ld+json\" class=\"yoast-schema-graph\">{\"@context\":\"https:\/\/schema.org\",\"@graph\":[{\"@type\":\"WebSite\",\"@id\":\"https:\/\/www.urlaubcornwall.de\/blog\/#website\",\"url\":\"https:\/\/www.urlaubcornwall.de\/blog\/\",\"name\":\"Urlaub &amp; Reisen\",\"description\":\"Urlaub, Reisen, Cornwall und S\u00fcdengland: eine perfekte Kombination\",\"potentialAction\":[{\"@type\":\"SearchAction\",\"target\":{\"@type\":\"EntryPoint\",\"urlTemplate\":\"https:\/\/www.urlaubcornwall.de\/blog\/?s={search_term_string}\"},\"query-input\":\"required name=search_term_string\"}],\"inLanguage\":\"en-US\"},{\"@type\":\"WebPage\",\"@id\":\"https:\/\/www.urlaubcornwall.de\/blog\/ferienhaeuser-mit-wlan-in-england-beliebtesten-grafschaften\/\",\"url\":\"https:\/\/www.urlaubcornwall.de\/blog\/ferienhaeuser-mit-wlan-in-england-beliebtesten-grafschaften\/\",\"name\":\"Ferienh\u00e4user mit WLAN in England - beliebtesten Grafschaften - Urlaub &amp; Reisen\",\"isPartOf\":{\"@id\":\"https:\/\/www.urlaubcornwall.de\/blog\/#website\"},\"datePublished\":\"2019-04-18T09:38:59+00:00\",\"dateModified\":\"2020-11-06T09:54:36+00:00\",\"breadcrumb\":{\"@id\":\"https:\/\/www.urlaubcornwall.de\/blog\/ferienhaeuser-mit-wlan-in-england-beliebtesten-grafschaften\/#breadcrumb\"},\"inLanguage\":\"en-US\",\"potentialAction\":[{\"@type\":\"ReadAction\",\"target\":[\"https:\/\/www.urlaubcornwall.de\/blog\/ferienhaeuser-mit-wlan-in-england-beliebtesten-grafschaften\/\"]}]},{\"@type\":\"BreadcrumbList\",\"@id\":\"https:\/\/www.urlaubcornwall.de\/blog\/ferienhaeuser-mit-wlan-in-england-beliebtesten-grafschaften\/#breadcrumb\",\"itemListElement\":[{\"@type\":\"ListItem\",\"position\":1,\"name\":\"Home\",\"item\":\"https:\/\/www.urlaubcornwall.de\/blog\/\"},{\"@type\":\"ListItem\",\"position\":2,\"name\":\"Ferienh\u00e4user mit WLAN in England &#8211; beliebtesten Grafschaften\"}]}]}<\/script>\n<!-- \/ Yoast SEO plugin. -->","yoast_head_json":{"title":"Ferienh\u00e4user mit WLAN in England - beliebtesten Grafschaften - Urlaub &amp; Reisen","robots":{"index":"index","follow":"follow","max-snippet":"max-snippet:-1","max-image-preview":"max-image-preview:large","max-video-preview":"max-video-preview:-1"},"canonical":"https:\/\/www.urlaubcornwall.de\/blog\/ferienhaeuser-mit-wlan-in-england-beliebtesten-grafschaften\/","og_locale":"en_US","og_type":"article","og_title":"Ferienh\u00e4user mit WLAN in England - beliebtesten Grafschaften - Urlaub &amp; Reisen","og_description":"Bei uns finden Sie Unterk\u00fcnfte zum Verlieben &#8211; so einfach ist das! Pers\u00f6nlich inspizierte Ferienh\u00e4user und Ferienwohnungen mit WLAN f\u00fcr Ihren Urlaub mit Selbstverpflegung in England. F\u00fcr Paare, Familien &amp; Gruppen mit 6, 8, 10 oder 12 G\u00e4sten. Suche Ferienh\u00e4user in England Berkshire mit WLAN (3) Buckinghamshire mit WLAN (4) Cambridgeshire mit WLAN (5) Cheshire [&hellip;]","og_url":"https:\/\/www.urlaubcornwall.de\/blog\/ferienhaeuser-mit-wlan-in-england-beliebtesten-grafschaften\/","og_site_name":"Urlaub &amp; Reisen","article_modified_time":"2020-11-06T09:54:36+00:00","og_image":[{"url":"https:\/\/www.urlaubcornwall.de\/blog\/wp-content\/uploads\/2019\/04\/Charmante-D\u00f6rfer-cornwall.jpg"}],"twitter_card":"summary","twitter_misc":{"Est. reading time":"1 minute"},"schema":{"@context":"https:\/\/schema.org","@graph":[{"@type":"WebSite","@id":"https:\/\/www.urlaubcornwall.de\/blog\/#website","url":"https:\/\/www.urlaubcornwall.de\/blog\/","name":"Urlaub &amp; Reisen","description":"Urlaub, Reisen, Cornwall und S\u00fcdengland: eine perfekte Kombination","potentialAction":[{"@type":"SearchAction","target":{"@type":"EntryPoint","urlTemplate":"https:\/\/www.urlaubcornwall.de\/blog\/?s={search_term_string}"},"query-input":"required name=search_term_string"}],"inLanguage":"en-US"},{"@type":"WebPage","@id":"https:\/\/www.urlaubcornwall.de\/blog\/ferienhaeuser-mit-wlan-in-england-beliebtesten-grafschaften\/","url":"https:\/\/www.urlaubcornwall.de\/blog\/ferienhaeuser-mit-wlan-in-england-beliebtesten-grafschaften\/","name":"Ferienh\u00e4user mit WLAN in England - beliebtesten Grafschaften - Urlaub &amp; Reisen","isPartOf":{"@id":"https:\/\/www.urlaubcornwall.de\/blog\/#website"},"datePublished":"2019-04-18T09:38:59+00:00","dateModified":"2020-11-06T09:54:36+00:00","breadcrumb":{"@id":"https:\/\/www.urlaubcornwall.de\/blog\/ferienhaeuser-mit-wlan-in-england-beliebtesten-grafschaften\/#breadcrumb"},"inLanguage":"en-US","potentialAction":[{"@type":"ReadAction","target":["https:\/\/www.urlaubcornwall.de\/blog\/ferienhaeuser-mit-wlan-in-england-beliebtesten-grafschaften\/"]}]},{"@type":"BreadcrumbList","@id":"https:\/\/www.urlaubcornwall.de\/blog\/ferienhaeuser-mit-wlan-in-england-beliebtesten-grafschaften\/#breadcrumb","itemListElement":[{"@type":"ListItem","position":1,"name":"Home","item":"https:\/\/www.urlaubcornwall.de\/blog\/"},{"@type":"ListItem","position":2,"name":"Ferienh\u00e4user mit WLAN in England &#8211; beliebtesten Grafschaften"}]}]}},"_links":{"self":[{"href":"https:\/\/www.urlaubcornwall.de\/blog\/wp-json\/wp\/v2\/pages\/38284"}],"collection":[{"href":"https:\/\/www.urlaubcornwall.de\/blog\/wp-json\/wp\/v2\/pages"}],"about":[{"href":"https:\/\/www.urlaubcornwall.de\/blog\/wp-json\/wp\/v2\/types\/page"}],"author":[{"embeddable":true,"href":"https:\/\/www.urlaubcornwall.de\/blog\/wp-json\/wp\/v2\/users\/1"}],"replies":[{"embeddable":true,"href":"https:\/\/www.urlaubcornwall.de\/blog\/wp-json\/wp\/v2\/comments?post=38284"}],"version-history":[{"count":3,"href":"https:\/\/www.urlaubcornwall.de\/blog\/wp-json\/wp\/v2\/pages\/38284\/revisions"}],"predecessor-version":[{"id":41100,"href":"https:\/\/www.urlaubcornwall.de\/blog\/wp-json\/wp\/v2\/pages\/38284\/revisions\/41100"}],"wp:attachment":[{"href":"https:\/\/www.urlaubcornwall.de\/blog\/wp-json\/wp\/v2\/media?parent=38284"}],"curies":[{"name":"wp","href":"https:\/\/api.w.org\/{rel}","templated":true}]}}