{"id":38167,"date":"2019-04-15T13:56:39","date_gmt":"2019-04-15T13:56:39","guid":{"rendered":"https:\/\/www.urlaubcornwall.de\/blog\/?page_id=38167"},"modified":"2024-04-15T15:54:11","modified_gmt":"2024-04-15T15:54:11","slug":"fuer-paare-familien-gruppen-in-yorkshire-dales-persoenlich-inspizierte-unterkuenfte","status":"publish","type":"page","link":"https:\/\/www.urlaubcornwall.de\/blog\/fuer-paare-familien-gruppen-in-yorkshire-dales-persoenlich-inspizierte-unterkuenfte\/","title":{"rendered":"Ferienh\u00e4user f\u00fcr Paare, Familien &#038; Gruppen in Yorkshire &#038; Dales &#8211; Pers\u00f6nlich inspizierte Unterk\u00fcnfte"},"content":{"rendered":"<p><img loading=\"lazy\" class=\"aligncenter size-full wp-image-38137\" src=\"https:\/\/www.urlaubcornwall.de\/blog\/wp-content\/uploads\/2019\/04\/Charmante-D\u00f6rfer-cornwall.jpg\" alt=\"Charmante Ferienhaus Yorkshire\" width=\"748\" height=\"498\"\/><\/p>\n<p>Bei uns finden Sie Luxus Unterk\u00fcnfte zum Verlieben &#8211; so einfach ist das! Pers\u00f6nlich inspizierte Ferienh\u00e4user und Ferienwohnungen f\u00fcr Ihren Urlaub mit Selbstverpflegung in Yorkshire. F\u00fcr Paare, Familien &amp; Gruppen mit 6, 8, 10, 12 oder 14 G\u00e4sten.<\/p>\n<p style=\"text-align: center;\"><a class=\"tidycta\" href=\"https:\/\/www.urlaubcornwall.de\/ferienhaeuser-fewos\/eng\/yorkshire\/yorkshire.html\">Suche Ferienh\u00e4user in Yorkshire<\/a><\/p>\n\n<p style=\"text-align: center;\"><a class=\"plain\" href=\"https:\/\/www.urlaubcornwall.de\/ferienhaeuser-fewos\/eng\/yorkshire\/yorkshire-fuer-2-personen.html\">Ferienh\u00e4user f\u00fcr 2<\/a> <\/p>\n<p style=\"text-align: center;\"><a class=\"plain\" href=\"https:\/\/www.urlaubcornwall.de\/ferienhaeuser-fewos\/eng\/yorkshire\/yorkshire-fuer-3-personen.html\">Ferienh\u00e4user f\u00fcr 3<\/a><\/p>\n<p style=\"text-align: center;\"><a class=\"plain\" href=\"https:\/\/www.urlaubcornwall.de\/ferienhaeuser-fewos\/eng\/yorkshire\/yorkshire-fuer-4-personen.html\">Ferienh\u00e4user f\u00fcr 4<\/a><\/p>\n<p style=\"text-align: center;\"><a class=\"plain\" href=\"https:\/\/www.urlaubcornwall.de\/ferienhaeuser-fewos\/eng\/yorkshire\/yorkshire-fuer-5-personen.html\">Ferienh\u00e4user f\u00fcr 5<\/a><\/p>\n<p style=\"text-align: center;\"><a class=\"plain\" href=\"https:\/\/www.urlaubcornwall.de\/ferienhaeuser-fewos\/eng\/yorkshire\/yorkshire-fuer-6-personen.html\">Ferienh\u00e4user f\u00fcr 6<\/a><\/p>\n<p style=\"text-align: center;\"><a class=\"plain\" href=\"https:\/\/www.urlaubcornwall.de\/ferienhaeuser-fewos\/eng\/yorkshire\/yorkshire-fuer-7-personen.html\">Ferienh\u00e4user f\u00fcr 7<\/a><\/p>\n<p style=\"text-align: center;\"><a class=\"plain\" href=\"https:\/\/www.urlaubcornwall.de\/ferienhaeuser-fewos\/eng\/yorkshire\/yorkshire-fuer-8-personen.html\">Ferienh\u00e4user f\u00fcr 8<\/a><\/p>\n<p style=\"text-align: center;\"><a class=\"plain\" href=\"https:\/\/www.urlaubcornwall.de\/ferienhaeuser-fewos\/eng\/yorkshire\/yorkshire-fuer-10-personen.html\">Ferienh\u00e4user f\u00fcr 10<\/a><\/p>\n<p style=\"text-align: center;\"><a class=\"plain\" href=\"https:\/\/www.urlaubcornwall.de\/ferienhaeuser-fewos\/eng\/yorkshire\/yorkshire-fuer-11-personen.html\">Ferienh\u00e4user f\u00fcr 11<\/a><\/p>\n<p style=\"text-align: center;\"><a class=\"plain\" href=\"https:\/\/www.urlaubcornwall.de\/ferienhaeuser-fewos\/eng\/yorkshire\/yorkshire-fuer-12-personen.html\">Ferienh\u00e4user f\u00fcr 12<\/a><\/p>\n<div class=\"snippet\"> <a class=\"featured-item\" href=\"https:\/\/www.urlaubcornwall.de\/ferienhaeuser-fewos\/eng\/yorkshire\/yorkshire.html\"> <span class=\"image-holder\" style=\"background-image: url(' https:\/\/www.urlaubcornwall.de\/blog\/wp-content\/uploads\/2018\/12\/ferienhaus-cornwall-mit-hund.jpg');\"><\/span> <span class=\"featured-content\"> \n<h2 class=\"featured-title\">Ferienh\u00e4user in Yorkshire zum Verlieben!<\/h2>\n<p class=\"featured-body\">Die Landschaft der Yorkshire Dales kann wild und windig oder friedlich ruhig sein. Hier finden Sie einige der feinsten Kalklandschaften Englands, von Felsen und B\u00fcrgersteigen bis hin zu einem Labyrinth an H\u00f6hlen untertage&#8230;&#8230;<\/p><\/span> <span class=\"featured-link-holder\"> <span class=\"featured-extra-info\"> \n<p>F\u00fcr Paare, Familien &#038; Gruppen<\/p>\n<\/span> \n<p class=\"featured-link\">DETAILS<\/p>\n<\/span> <\/a><\/div>\n","protected":false},"excerpt":{"rendered":"<p>Bei uns finden Sie Luxus Unterk\u00fcnfte zum Verlieben &#8211; so einfach ist das! Pers\u00f6nlich inspizierte Ferienh\u00e4user und Ferienwohnungen f\u00fcr Ihren Urlaub mit Selbstverpflegung in Yorkshire. F\u00fcr Paare, Familien &amp; Gruppen mit 6, 8, 10, 12 oder 14 G\u00e4sten. Suche Ferienh\u00e4user in Yorkshire Ferienh\u00e4user f\u00fcr 2 Ferienh\u00e4user f\u00fcr 3 Ferienh\u00e4user f\u00fcr 4 Ferienh\u00e4user f\u00fcr 5 Ferienh\u00e4user [&hellip;]<\/p>\n","protected":false},"author":1,"featured_media":0,"parent":0,"menu_order":0,"comment_status":"closed","ping_status":"closed","template":"single-four.php","meta":[],"acf":[],"yoast_head":"<!-- This site is optimized with the Yoast SEO plugin v19.4 - https:\/\/yoast.com\/wordpress\/plugins\/seo\/ -->\n<title>Ferienh\u00e4user f\u00fcr Paare, Familien &amp; Gruppen in Yorkshire &amp; Dales - Pers\u00f6nlich inspizierte Unterk\u00fcnfte - Urlaub &amp; Reisen<\/title>\n<meta name=\"robots\" content=\"index, follow, max-snippet:-1, max-image-preview:large, max-video-preview:-1\" \/>\n<link rel=\"canonical\" href=\"https:\/\/www.urlaubcornwall.de\/blog\/fuer-paare-familien-gruppen-in-yorkshire-dales-persoenlich-inspizierte-unterkuenfte\/\" \/>\n<meta property=\"og:locale\" content=\"en_US\" \/>\n<meta property=\"og:type\" content=\"article\" \/>\n<meta property=\"og:title\" content=\"Ferienh\u00e4user f\u00fcr Paare, Familien &amp; Gruppen in Yorkshire &amp; Dales - Pers\u00f6nlich inspizierte Unterk\u00fcnfte - Urlaub &amp; Reisen\" \/>\n<meta property=\"og:description\" content=\"Bei uns finden Sie Luxus Unterk\u00fcnfte zum Verlieben &#8211; so einfach ist das! Pers\u00f6nlich inspizierte Ferienh\u00e4user und Ferienwohnungen f\u00fcr Ihren Urlaub mit Selbstverpflegung in Yorkshire. F\u00fcr Paare, Familien &amp; Gruppen mit 6, 8, 10, 12 oder 14 G\u00e4sten. Suche Ferienh\u00e4user in Yorkshire Ferienh\u00e4user f\u00fcr 2 Ferienh\u00e4user f\u00fcr 3 Ferienh\u00e4user f\u00fcr 4 Ferienh\u00e4user f\u00fcr 5 Ferienh\u00e4user [&hellip;]\" \/>\n<meta property=\"og:url\" content=\"https:\/\/www.urlaubcornwall.de\/blog\/fuer-paare-familien-gruppen-in-yorkshire-dales-persoenlich-inspizierte-unterkuenfte\/\" \/>\n<meta property=\"og:site_name\" content=\"Urlaub &amp; Reisen\" \/>\n<meta property=\"article:modified_time\" content=\"2024-04-15T15:54:11+00:00\" \/>\n<meta name=\"twitter:card\" content=\"summary\" \/>\n<meta name=\"twitter:label1\" content=\"Est. reading time\" \/>\n\t<meta name=\"twitter:data1\" content=\"1 minute\" \/>\n<script type=\"application\/ld+json\" class=\"yoast-schema-graph\">{\"@context\":\"https:\/\/schema.org\",\"@graph\":[{\"@type\":\"WebSite\",\"@id\":\"https:\/\/www.urlaubcornwall.de\/blog\/#website\",\"url\":\"https:\/\/www.urlaubcornwall.de\/blog\/\",\"name\":\"Urlaub &amp; Reisen\",\"description\":\"Urlaub, Reisen, Cornwall und S\u00fcdengland: eine perfekte Kombination\",\"potentialAction\":[{\"@type\":\"SearchAction\",\"target\":{\"@type\":\"EntryPoint\",\"urlTemplate\":\"https:\/\/www.urlaubcornwall.de\/blog\/?s={search_term_string}\"},\"query-input\":\"required name=search_term_string\"}],\"inLanguage\":\"en-US\"},{\"@type\":\"WebPage\",\"@id\":\"https:\/\/www.urlaubcornwall.de\/blog\/fuer-paare-familien-gruppen-in-yorkshire-dales-persoenlich-inspizierte-unterkuenfte\/\",\"url\":\"https:\/\/www.urlaubcornwall.de\/blog\/fuer-paare-familien-gruppen-in-yorkshire-dales-persoenlich-inspizierte-unterkuenfte\/\",\"name\":\"Ferienh\u00e4user f\u00fcr Paare, Familien & Gruppen in Yorkshire & Dales - Pers\u00f6nlich inspizierte Unterk\u00fcnfte - Urlaub &amp; Reisen\",\"isPartOf\":{\"@id\":\"https:\/\/www.urlaubcornwall.de\/blog\/#website\"},\"datePublished\":\"2019-04-15T13:56:39+00:00\",\"dateModified\":\"2024-04-15T15:54:11+00:00\",\"breadcrumb\":{\"@id\":\"https:\/\/www.urlaubcornwall.de\/blog\/fuer-paare-familien-gruppen-in-yorkshire-dales-persoenlich-inspizierte-unterkuenfte\/#breadcrumb\"},\"inLanguage\":\"en-US\",\"potentialAction\":[{\"@type\":\"ReadAction\",\"target\":[\"https:\/\/www.urlaubcornwall.de\/blog\/fuer-paare-familien-gruppen-in-yorkshire-dales-persoenlich-inspizierte-unterkuenfte\/\"]}]},{\"@type\":\"BreadcrumbList\",\"@id\":\"https:\/\/www.urlaubcornwall.de\/blog\/fuer-paare-familien-gruppen-in-yorkshire-dales-persoenlich-inspizierte-unterkuenfte\/#breadcrumb\",\"itemListElement\":[{\"@type\":\"ListItem\",\"position\":1,\"name\":\"Home\",\"item\":\"https:\/\/www.urlaubcornwall.de\/blog\/\"},{\"@type\":\"ListItem\",\"position\":2,\"name\":\"Ferienh\u00e4user f\u00fcr Paare, Familien &#038; Gruppen in Yorkshire &#038; Dales &#8211; Pers\u00f6nlich inspizierte Unterk\u00fcnfte\"}]}]}<\/script>\n<!-- \/ Yoast SEO plugin. -->","yoast_head_json":{"title":"Ferienh\u00e4user f\u00fcr Paare, Familien & Gruppen in Yorkshire & Dales - Pers\u00f6nlich inspizierte Unterk\u00fcnfte - Urlaub &amp; Reisen","robots":{"index":"index","follow":"follow","max-snippet":"max-snippet:-1","max-image-preview":"max-image-preview:large","max-video-preview":"max-video-preview:-1"},"canonical":"https:\/\/www.urlaubcornwall.de\/blog\/fuer-paare-familien-gruppen-in-yorkshire-dales-persoenlich-inspizierte-unterkuenfte\/","og_locale":"en_US","og_type":"article","og_title":"Ferienh\u00e4user f\u00fcr Paare, Familien & Gruppen in Yorkshire & Dales - Pers\u00f6nlich inspizierte Unterk\u00fcnfte - Urlaub &amp; Reisen","og_description":"Bei uns finden Sie Luxus Unterk\u00fcnfte zum Verlieben &#8211; so einfach ist das! Pers\u00f6nlich inspizierte Ferienh\u00e4user und Ferienwohnungen f\u00fcr Ihren Urlaub mit Selbstverpflegung in Yorkshire. F\u00fcr Paare, Familien &amp; Gruppen mit 6, 8, 10, 12 oder 14 G\u00e4sten. Suche Ferienh\u00e4user in Yorkshire Ferienh\u00e4user f\u00fcr 2 Ferienh\u00e4user f\u00fcr 3 Ferienh\u00e4user f\u00fcr 4 Ferienh\u00e4user f\u00fcr 5 Ferienh\u00e4user [&hellip;]","og_url":"https:\/\/www.urlaubcornwall.de\/blog\/fuer-paare-familien-gruppen-in-yorkshire-dales-persoenlich-inspizierte-unterkuenfte\/","og_site_name":"Urlaub &amp; Reisen","article_modified_time":"2024-04-15T15:54:11+00:00","twitter_card":"summary","twitter_misc":{"Est. reading time":"1 minute"},"schema":{"@context":"https:\/\/schema.org","@graph":[{"@type":"WebSite","@id":"https:\/\/www.urlaubcornwall.de\/blog\/#website","url":"https:\/\/www.urlaubcornwall.de\/blog\/","name":"Urlaub &amp; Reisen","description":"Urlaub, Reisen, Cornwall und S\u00fcdengland: eine perfekte Kombination","potentialAction":[{"@type":"SearchAction","target":{"@type":"EntryPoint","urlTemplate":"https:\/\/www.urlaubcornwall.de\/blog\/?s={search_term_string}"},"query-input":"required name=search_term_string"}],"inLanguage":"en-US"},{"@type":"WebPage","@id":"https:\/\/www.urlaubcornwall.de\/blog\/fuer-paare-familien-gruppen-in-yorkshire-dales-persoenlich-inspizierte-unterkuenfte\/","url":"https:\/\/www.urlaubcornwall.de\/blog\/fuer-paare-familien-gruppen-in-yorkshire-dales-persoenlich-inspizierte-unterkuenfte\/","name":"Ferienh\u00e4user f\u00fcr Paare, Familien & Gruppen in Yorkshire & Dales - Pers\u00f6nlich inspizierte Unterk\u00fcnfte - Urlaub &amp; Reisen","isPartOf":{"@id":"https:\/\/www.urlaubcornwall.de\/blog\/#website"},"datePublished":"2019-04-15T13:56:39+00:00","dateModified":"2024-04-15T15:54:11+00:00","breadcrumb":{"@id":"https:\/\/www.urlaubcornwall.de\/blog\/fuer-paare-familien-gruppen-in-yorkshire-dales-persoenlich-inspizierte-unterkuenfte\/#breadcrumb"},"inLanguage":"en-US","potentialAction":[{"@type":"ReadAction","target":["https:\/\/www.urlaubcornwall.de\/blog\/fuer-paare-familien-gruppen-in-yorkshire-dales-persoenlich-inspizierte-unterkuenfte\/"]}]},{"@type":"BreadcrumbList","@id":"https:\/\/www.urlaubcornwall.de\/blog\/fuer-paare-familien-gruppen-in-yorkshire-dales-persoenlich-inspizierte-unterkuenfte\/#breadcrumb","itemListElement":[{"@type":"ListItem","position":1,"name":"Home","item":"https:\/\/www.urlaubcornwall.de\/blog\/"},{"@type":"ListItem","position":2,"name":"Ferienh\u00e4user f\u00fcr Paare, Familien &#038; Gruppen in Yorkshire &#038; Dales &#8211; Pers\u00f6nlich inspizierte Unterk\u00fcnfte"}]}]}},"_links":{"self":[{"href":"https:\/\/www.urlaubcornwall.de\/blog\/wp-json\/wp\/v2\/pages\/38167"}],"collection":[{"href":"https:\/\/www.urlaubcornwall.de\/blog\/wp-json\/wp\/v2\/pages"}],"about":[{"href":"https:\/\/www.urlaubcornwall.de\/blog\/wp-json\/wp\/v2\/types\/page"}],"author":[{"embeddable":true,"href":"https:\/\/www.urlaubcornwall.de\/blog\/wp-json\/wp\/v2\/users\/1"}],"replies":[{"embeddable":true,"href":"https:\/\/www.urlaubcornwall.de\/blog\/wp-json\/wp\/v2\/comments?post=38167"}],"version-history":[{"count":6,"href":"https:\/\/www.urlaubcornwall.de\/blog\/wp-json\/wp\/v2\/pages\/38167\/revisions"}],"predecessor-version":[{"id":49767,"href":"https:\/\/www.urlaubcornwall.de\/blog\/wp-json\/wp\/v2\/pages\/38167\/revisions\/49767"}],"wp:attachment":[{"href":"https:\/\/www.urlaubcornwall.de\/blog\/wp-json\/wp\/v2\/media?parent=38167"}],"curies":[{"name":"wp","href":"https:\/\/api.w.org\/{rel}","templated":true}]}}