{"id":38161,"date":"2019-04-15T13:23:07","date_gmt":"2019-04-15T13:23:07","guid":{"rendered":"https:\/\/www.urlaubcornwall.de\/blog\/?page_id=38161"},"modified":"2019-05-01T14:49:22","modified_gmt":"2019-05-01T14:49:22","slug":"fuer-paare-familien-gruppen-in-kent-persoenlich-inspizierte-unterkuenfte","status":"publish","type":"page","link":"https:\/\/www.urlaubcornwall.de\/blog\/fuer-paare-familien-gruppen-in-kent-persoenlich-inspizierte-unterkuenfte\/","title":{"rendered":"Ferienh\u00e4user f\u00fcr Paare, Familien &#038; Gruppen in Kent &#8211; Pers\u00f6nlich inspizierte Unterk\u00fcnfte"},"content":{"rendered":"<p><img loading=\"lazy\" class=\"aligncenter size-full wp-image-38137\" src=\"https:\/\/www.urlaubcornwall.de\/blog\/wp-content\/uploads\/2019\/04\/Charmante-D\u00f6rfer-cornwall.jpg\" alt=\"Charmante Ferienhaus Kent\" width=\"748\" height=\"498\"\/><\/p>\n<p>Bei uns finden Sie Luxus Unterk\u00fcnfte zum Verlieben &#8211; so einfach ist das! Pers\u00f6nlich inspizierte Ferienh\u00e4user und Ferienwohnungen in Kent f\u00fcr Ihren Urlaub mit Selbstverpflegung in S\u00fcdengland. F\u00fcr Paare, Familien &amp; Gruppen mit 6, 8 oder 10 G\u00e4sten.<\/p>\n<p style=\"text-align: center;\"><a class=\"tidycta\" href=\"https:\/\/www.urlaubcornwall.de\/ferienhaeuser\/kent.php\">Suche Ferienh\u00e4user in Kent<\/a><\/p>\n\n<p style=\"text-align: center;\"><a class=\"plain\" href=\"https:\/\/www.urlaubcornwall.de\/ferienhaeuser-fewos\/eng\/kent\/kent-fuer-2-personen.html\">Ferienh\u00e4user f\u00fcr 2<\/a> (17)<\/p>\n<p style=\"text-align: center;\"><a class=\"plain\" href=\"https:\/\/www.urlaubcornwall.de\/ferienhaeuser-fewos\/eng\/kent\/kent-fuer-3-personen.html\">Ferienh\u00e4user f\u00fcr 3<\/a> (2)<\/p>\n<p style=\"text-align: center;\"><a class=\"plain\" href=\"https:\/\/www.urlaubcornwall.de\/ferienhaeuser-fewos\/eng\/kent\/kent-fuer-4-personen.html\">Ferienh\u00e4user f\u00fcr 4<\/a> (16)<\/p>\n<p style=\"text-align: center;\"><a class=\"plain\" href=\"https:\/\/www.urlaubcornwall.de\/ferienhaeuser-fewos\/eng\/kent\/kent-fuer-5-personen.html\">Ferienh\u00e4user f\u00fcr 5<\/a> (5)<\/p>\n<p style=\"text-align: center;\"><a class=\"plain\" href=\"https:\/\/www.urlaubcornwall.de\/ferienhaeuser-fewos\/eng\/kent\/kent-fuer-6-personen.html\">Ferienh\u00e4user f\u00fcr 6<\/a> (15)<\/p>\n<p style=\"text-align: center;\"><a class=\"plain\" href=\"https:\/\/www.urlaubcornwall.de\/ferienhaeuser-fewos\/eng\/kent\/kent-fuer-9-personen.html\">Ferienh\u00e4user f\u00fcr 9<\/a> (1)<\/p>\n\n","protected":false},"excerpt":{"rendered":"<p>Bei uns finden Sie Luxus Unterk\u00fcnfte zum Verlieben &#8211; so einfach ist das! Pers\u00f6nlich inspizierte Ferienh\u00e4user und Ferienwohnungen in Kent f\u00fcr Ihren Urlaub mit Selbstverpflegung in S\u00fcdengland. F\u00fcr Paare, Familien &amp; Gruppen mit 6, 8 oder 10 G\u00e4sten. Suche Ferienh\u00e4user in Kent Ferienh\u00e4user f\u00fcr 2 (17) Ferienh\u00e4user f\u00fcr 3 (2) Ferienh\u00e4user f\u00fcr 4 (16) Ferienh\u00e4user [&hellip;]<\/p>\n","protected":false},"author":1,"featured_media":0,"parent":0,"menu_order":0,"comment_status":"closed","ping_status":"closed","template":"single-four.php","meta":[],"acf":[],"yoast_head":"<!-- This site is optimized with the Yoast SEO plugin v19.4 - https:\/\/yoast.com\/wordpress\/plugins\/seo\/ -->\n<title>Ferienh\u00e4user f\u00fcr Paare, Familien &amp; Gruppen in Kent - Pers\u00f6nlich inspizierte Unterk\u00fcnfte - Urlaub &amp; Reisen<\/title>\n<meta name=\"robots\" content=\"index, follow, max-snippet:-1, max-image-preview:large, max-video-preview:-1\" \/>\n<link rel=\"canonical\" href=\"https:\/\/www.urlaubcornwall.de\/blog\/fuer-paare-familien-gruppen-in-kent-persoenlich-inspizierte-unterkuenfte\/\" \/>\n<meta property=\"og:locale\" content=\"en_US\" \/>\n<meta property=\"og:type\" content=\"article\" \/>\n<meta property=\"og:title\" content=\"Ferienh\u00e4user f\u00fcr Paare, Familien &amp; Gruppen in Kent - Pers\u00f6nlich inspizierte Unterk\u00fcnfte - Urlaub &amp; Reisen\" \/>\n<meta property=\"og:description\" content=\"Bei uns finden Sie Luxus Unterk\u00fcnfte zum Verlieben &#8211; so einfach ist das! Pers\u00f6nlich inspizierte Ferienh\u00e4user und Ferienwohnungen in Kent f\u00fcr Ihren Urlaub mit Selbstverpflegung in S\u00fcdengland. F\u00fcr Paare, Familien &amp; Gruppen mit 6, 8 oder 10 G\u00e4sten. Suche Ferienh\u00e4user in Kent Ferienh\u00e4user f\u00fcr 2 (17) Ferienh\u00e4user f\u00fcr 3 (2) Ferienh\u00e4user f\u00fcr 4 (16) Ferienh\u00e4user [&hellip;]\" \/>\n<meta property=\"og:url\" content=\"https:\/\/www.urlaubcornwall.de\/blog\/fuer-paare-familien-gruppen-in-kent-persoenlich-inspizierte-unterkuenfte\/\" \/>\n<meta property=\"og:site_name\" content=\"Urlaub &amp; Reisen\" \/>\n<meta property=\"article:modified_time\" content=\"2019-05-01T14:49:22+00:00\" \/>\n<meta property=\"og:image\" content=\"https:\/\/www.urlaubcornwall.de\/blog\/wp-content\/uploads\/2019\/04\/Charmante-D\u00f6rfer-cornwall.jpg\" \/>\n<meta name=\"twitter:card\" content=\"summary\" \/>\n<script type=\"application\/ld+json\" class=\"yoast-schema-graph\">{\"@context\":\"https:\/\/schema.org\",\"@graph\":[{\"@type\":\"WebSite\",\"@id\":\"https:\/\/www.urlaubcornwall.de\/blog\/#website\",\"url\":\"https:\/\/www.urlaubcornwall.de\/blog\/\",\"name\":\"Urlaub &amp; Reisen\",\"description\":\"Urlaub, Reisen, Cornwall und S\u00fcdengland: eine perfekte Kombination\",\"potentialAction\":[{\"@type\":\"SearchAction\",\"target\":{\"@type\":\"EntryPoint\",\"urlTemplate\":\"https:\/\/www.urlaubcornwall.de\/blog\/?s={search_term_string}\"},\"query-input\":\"required name=search_term_string\"}],\"inLanguage\":\"en-US\"},{\"@type\":\"WebPage\",\"@id\":\"https:\/\/www.urlaubcornwall.de\/blog\/fuer-paare-familien-gruppen-in-kent-persoenlich-inspizierte-unterkuenfte\/\",\"url\":\"https:\/\/www.urlaubcornwall.de\/blog\/fuer-paare-familien-gruppen-in-kent-persoenlich-inspizierte-unterkuenfte\/\",\"name\":\"Ferienh\u00e4user f\u00fcr Paare, Familien & Gruppen in Kent - Pers\u00f6nlich inspizierte Unterk\u00fcnfte - Urlaub &amp; Reisen\",\"isPartOf\":{\"@id\":\"https:\/\/www.urlaubcornwall.de\/blog\/#website\"},\"datePublished\":\"2019-04-15T13:23:07+00:00\",\"dateModified\":\"2019-05-01T14:49:22+00:00\",\"breadcrumb\":{\"@id\":\"https:\/\/www.urlaubcornwall.de\/blog\/fuer-paare-familien-gruppen-in-kent-persoenlich-inspizierte-unterkuenfte\/#breadcrumb\"},\"inLanguage\":\"en-US\",\"potentialAction\":[{\"@type\":\"ReadAction\",\"target\":[\"https:\/\/www.urlaubcornwall.de\/blog\/fuer-paare-familien-gruppen-in-kent-persoenlich-inspizierte-unterkuenfte\/\"]}]},{\"@type\":\"BreadcrumbList\",\"@id\":\"https:\/\/www.urlaubcornwall.de\/blog\/fuer-paare-familien-gruppen-in-kent-persoenlich-inspizierte-unterkuenfte\/#breadcrumb\",\"itemListElement\":[{\"@type\":\"ListItem\",\"position\":1,\"name\":\"Home\",\"item\":\"https:\/\/www.urlaubcornwall.de\/blog\/\"},{\"@type\":\"ListItem\",\"position\":2,\"name\":\"Ferienh\u00e4user f\u00fcr Paare, Familien &#038; Gruppen in Kent &#8211; Pers\u00f6nlich inspizierte Unterk\u00fcnfte\"}]}]}<\/script>\n<!-- \/ Yoast SEO plugin. -->","yoast_head_json":{"title":"Ferienh\u00e4user f\u00fcr Paare, Familien & Gruppen in Kent - Pers\u00f6nlich inspizierte Unterk\u00fcnfte - Urlaub &amp; Reisen","robots":{"index":"index","follow":"follow","max-snippet":"max-snippet:-1","max-image-preview":"max-image-preview:large","max-video-preview":"max-video-preview:-1"},"canonical":"https:\/\/www.urlaubcornwall.de\/blog\/fuer-paare-familien-gruppen-in-kent-persoenlich-inspizierte-unterkuenfte\/","og_locale":"en_US","og_type":"article","og_title":"Ferienh\u00e4user f\u00fcr Paare, Familien & Gruppen in Kent - Pers\u00f6nlich inspizierte Unterk\u00fcnfte - Urlaub &amp; Reisen","og_description":"Bei uns finden Sie Luxus Unterk\u00fcnfte zum Verlieben &#8211; so einfach ist das! Pers\u00f6nlich inspizierte Ferienh\u00e4user und Ferienwohnungen in Kent f\u00fcr Ihren Urlaub mit Selbstverpflegung in S\u00fcdengland. F\u00fcr Paare, Familien &amp; Gruppen mit 6, 8 oder 10 G\u00e4sten. Suche Ferienh\u00e4user in Kent Ferienh\u00e4user f\u00fcr 2 (17) Ferienh\u00e4user f\u00fcr 3 (2) Ferienh\u00e4user f\u00fcr 4 (16) Ferienh\u00e4user [&hellip;]","og_url":"https:\/\/www.urlaubcornwall.de\/blog\/fuer-paare-familien-gruppen-in-kent-persoenlich-inspizierte-unterkuenfte\/","og_site_name":"Urlaub &amp; Reisen","article_modified_time":"2019-05-01T14:49:22+00:00","og_image":[{"url":"https:\/\/www.urlaubcornwall.de\/blog\/wp-content\/uploads\/2019\/04\/Charmante-D\u00f6rfer-cornwall.jpg"}],"twitter_card":"summary","schema":{"@context":"https:\/\/schema.org","@graph":[{"@type":"WebSite","@id":"https:\/\/www.urlaubcornwall.de\/blog\/#website","url":"https:\/\/www.urlaubcornwall.de\/blog\/","name":"Urlaub &amp; Reisen","description":"Urlaub, Reisen, Cornwall und S\u00fcdengland: eine perfekte Kombination","potentialAction":[{"@type":"SearchAction","target":{"@type":"EntryPoint","urlTemplate":"https:\/\/www.urlaubcornwall.de\/blog\/?s={search_term_string}"},"query-input":"required name=search_term_string"}],"inLanguage":"en-US"},{"@type":"WebPage","@id":"https:\/\/www.urlaubcornwall.de\/blog\/fuer-paare-familien-gruppen-in-kent-persoenlich-inspizierte-unterkuenfte\/","url":"https:\/\/www.urlaubcornwall.de\/blog\/fuer-paare-familien-gruppen-in-kent-persoenlich-inspizierte-unterkuenfte\/","name":"Ferienh\u00e4user f\u00fcr Paare, Familien & Gruppen in Kent - Pers\u00f6nlich inspizierte Unterk\u00fcnfte - Urlaub &amp; Reisen","isPartOf":{"@id":"https:\/\/www.urlaubcornwall.de\/blog\/#website"},"datePublished":"2019-04-15T13:23:07+00:00","dateModified":"2019-05-01T14:49:22+00:00","breadcrumb":{"@id":"https:\/\/www.urlaubcornwall.de\/blog\/fuer-paare-familien-gruppen-in-kent-persoenlich-inspizierte-unterkuenfte\/#breadcrumb"},"inLanguage":"en-US","potentialAction":[{"@type":"ReadAction","target":["https:\/\/www.urlaubcornwall.de\/blog\/fuer-paare-familien-gruppen-in-kent-persoenlich-inspizierte-unterkuenfte\/"]}]},{"@type":"BreadcrumbList","@id":"https:\/\/www.urlaubcornwall.de\/blog\/fuer-paare-familien-gruppen-in-kent-persoenlich-inspizierte-unterkuenfte\/#breadcrumb","itemListElement":[{"@type":"ListItem","position":1,"name":"Home","item":"https:\/\/www.urlaubcornwall.de\/blog\/"},{"@type":"ListItem","position":2,"name":"Ferienh\u00e4user f\u00fcr Paare, Familien &#038; Gruppen in Kent &#8211; Pers\u00f6nlich inspizierte Unterk\u00fcnfte"}]}]}},"_links":{"self":[{"href":"https:\/\/www.urlaubcornwall.de\/blog\/wp-json\/wp\/v2\/pages\/38161"}],"collection":[{"href":"https:\/\/www.urlaubcornwall.de\/blog\/wp-json\/wp\/v2\/pages"}],"about":[{"href":"https:\/\/www.urlaubcornwall.de\/blog\/wp-json\/wp\/v2\/types\/page"}],"author":[{"embeddable":true,"href":"https:\/\/www.urlaubcornwall.de\/blog\/wp-json\/wp\/v2\/users\/1"}],"replies":[{"embeddable":true,"href":"https:\/\/www.urlaubcornwall.de\/blog\/wp-json\/wp\/v2\/comments?post=38161"}],"version-history":[{"count":2,"href":"https:\/\/www.urlaubcornwall.de\/blog\/wp-json\/wp\/v2\/pages\/38161\/revisions"}],"predecessor-version":[{"id":38331,"href":"https:\/\/www.urlaubcornwall.de\/blog\/wp-json\/wp\/v2\/pages\/38161\/revisions\/38331"}],"wp:attachment":[{"href":"https:\/\/www.urlaubcornwall.de\/blog\/wp-json\/wp\/v2\/media?parent=38161"}],"curies":[{"name":"wp","href":"https:\/\/api.w.org\/{rel}","templated":true}]}}