{"id":38158,"date":"2019-04-15T13:13:34","date_gmt":"2019-04-15T13:13:34","guid":{"rendered":"https:\/\/www.urlaubcornwall.de\/blog\/?page_id=38158"},"modified":"2024-04-09T08:23:49","modified_gmt":"2024-04-09T08:23:49","slug":"fuer-paare-familien-gruppen-in-schottland-persoenlich-inspizierte-unterkuenfte-nord-sued-ost-west","status":"publish","type":"page","link":"https:\/\/www.urlaubcornwall.de\/blog\/fuer-paare-familien-gruppen-in-schottland-persoenlich-inspizierte-unterkuenfte-nord-sued-ost-west\/","title":{"rendered":"Ferienh\u00e4user f\u00fcr Paare, Familien &#038; Gruppen in Schottland &#8211; Pers\u00f6nlich inspizierte Unterk\u00fcnfte Nord, S\u00fcd, Ost &#038; West"},"content":{"rendered":"<p><img loading=\"lazy\" class=\"aligncenter size-full wp-image-47803\" src=\"https:\/\/www.urlaubcornwall.de\/blog\/wp-content\/uploads\/2024\/03\/schottland-seen.jpg\" alt=\"schottland loch\" width=\"750\" height=\"500\" srcset=\"https:\/\/www.urlaubcornwall.de\/blog\/wp-content\/uploads\/2024\/03\/schottland-seen.jpg 750w, https:\/\/www.urlaubcornwall.de\/blog\/wp-content\/uploads\/2024\/03\/schottland-seen-300x200.jpg 300w\" sizes=\"(max-width: 750px) 100vw, 750px\" \/><br \/>\nBei uns finden Sie Luxus Unterk\u00fcnfte zum Verlieben &#8211; so einfach ist das! Pers\u00f6nlich inspizierte Ferienh\u00e4user und Ferienwohnungen f\u00fcr Ihren Urlaub mit Selbstverpflegung in Schottland. F\u00fcr Paare, Familien &amp; Gruppen mit 6, 8, 10, 12 oder 14 G\u00e4sten.<\/p>\n<p style=\"text-align: center;\"><a class=\"tidycta\" href=\"https:\/\/www.urlaubcornwall.de\/ferienhaeuser\/schottland.php\">Ferienh\u00e4user in Schottland<\/a><\/p>\n<p style=\"text-align: center;\"><strong>Urlaub in den Schottischen Highlands &amp; Inseln<\/strong><\/p>\n<p style=\"text-align: center;\"><a class=\"plain\" href=\"https:\/\/www.urlaubcornwall.de\/ferienhaeuser-fewos\/sco\/highlands-und-inseln\/highlands-und-inseln-fuer-2-personen.html\">Ferienh\u00e4user f\u00fcr 2<\/a> (2)<\/p>\n<p style=\"text-align: center;\"><a class=\"plain\" href=\"https:\/\/www.urlaubcornwall.de\/ferienhaeuser-fewos\/sco\/highlands-und-inseln\/highlands-und-inseln-fuer-4-personen.html\">Ferienh\u00e4user f\u00fcr 4<\/a> (5)<\/p>\n<p style=\"text-align: center;\"><a class=\"plain\" href=\"https:\/\/www.urlaubcornwall.de\/ferienhaeuser-fewos\/sco\/highlands-und-inseln\/highlands-und-inseln-fuer-6-personen.html\">Ferienh\u00e4user f\u00fcr 6<\/a> (5)<\/p>\n<p style=\"text-align: center;\"><a class=\"plain\" href=\"https:\/\/www.urlaubcornwall.de\/ferienhaeuser-fewos\/sco\/highlands-und-inseln\/highlands-und-inseln-fuer-8-personen.html\">Ferienh\u00e4user f\u00fcr 8<\/a> (2)<\/p>\n<p style=\"text-align: center;\"><a class=\"plain\" href=\"https:\/\/www.urlaubcornwall.de\/ferienhaeuser-fewos\/sco\/highlands-und-inseln\/highlands-und-inseln-fuer-10-personen.html\">Ferienh\u00e4user f\u00fcr 10<\/a> (1)<\/p>\n<p style=\"text-align: center;\"><strong>Urlaub in Zentral Schottland<\/strong><\/p>\n<p style=\"text-align: center;\"><a class=\"plain\" href=\"https:\/\/www.urlaubcornwall.de\/ferienhaeuser-fewos\/sco\/zentralschottland\/zentralschottland-fuer-2-personen.html\">Ferienh\u00e4user f\u00fcr 2<\/a> (14)<\/p>\n<p style=\"text-align: center;\"><a class=\"plain\" href=\"https:\/\/www.urlaubcornwall.de\/ferienhaeuser-fewos\/sco\/zentralschottland\/zentralschottland-fuer-4-personen.html\">Ferienh\u00e4user f\u00fcr 4<\/a> (12)<\/p>\n<p style=\"text-align: center;\"><a class=\"plain\" href=\"https:\/\/www.urlaubcornwall.de\/ferienhaeuser-fewos\/sco\/zentralschottland\/zentralschottland-fuer-5-personen.html\">Ferienh\u00e4user f\u00fcr 5<\/a> (1)<\/p>\n<p style=\"text-align: center;\"><a class=\"plain\" href=\"https:\/\/www.urlaubcornwall.de\/ferienhaeuser-fewos\/sco\/zentralschottland\/zentralschottland-fuer-6-personen.html\">Ferienh\u00e4user f\u00fcr 6<\/a> (13)<\/p>\n<p style=\"text-align: center;\"><a class=\"plain\" href=\"https:\/\/www.urlaubcornwall.de\/ferienhaeuser-fewos\/sco\/zentralschottland\/zentralschottland-fuer-7-personen.html\">Ferienh\u00e4user f\u00fcr 7<\/a> (1)<\/p>\n<p style=\"text-align: center;\"><a class=\"plain\" href=\"https:\/\/www.urlaubcornwall.de\/ferienhaeuser-fewos\/sco\/zentralschottland\/zentralschottland-fuer-8-personen.html\">Ferienh\u00e4user f\u00fcr 8<\/a> (5)<\/p>\n<p style=\"text-align: center;\"><a class=\"plain\" href=\"https:\/\/www.urlaubcornwall.de\/ferienhaeuser-fewos\/sco\/zentralschottland\/zentralschottland-fuer-10-personen.html\">Ferienh\u00e4user f\u00fcr 10<\/a> (4)<\/p>\n<p style=\"text-align: center;\"><strong>Urlaub in Edinburgh und Lothians<\/strong><\/p>\n<p style=\"text-align: center;\"><a class=\"plain\" href=\"https:\/\/www.urlaubcornwall.de\/ferienhaeuser-fewos\/sco\/edinburgh-und-lothians\/edinburgh-und-lothians-fuer-2-personen.html\">Ferienh\u00e4user f\u00fcr 2<\/a> (4)<\/p>\n<p style=\"text-align: center;\"><a class=\"plain\" href=\"https:\/\/www.urlaubcornwall.de\/ferienhaeuser-fewos\/sco\/edinburgh-und-lothians\/edinburgh-und-lothians-fuer-3-personen.html\">Ferienh\u00e4user f\u00fcr 3<\/a> (1)<\/p>\n<p style=\"text-align: center;\"><a class=\"plain\" href=\"https:\/\/www.urlaubcornwall.de\/ferienhaeuser-fewos\/sco\/edinburgh-und-lothians\/edinburgh-und-lothians-fuer-4-personen.html\">Ferienh\u00e4user f\u00fcr 4<\/a> (10)<\/p>\n<p style=\"text-align: center;\"><a class=\"plain\" href=\"https:\/\/www.urlaubcornwall.de\/ferienhaeuser-fewos\/sco\/edinburgh-und-lothians\/edinburgh-und-lothians-fuer-5-personen.html\">Ferienh\u00e4user f\u00fcr 5<\/a> (1)<\/p>\n<p style=\"text-align: center;\"><a class=\"plain\" href=\"https:\/\/www.urlaubcornwall.de\/ferienhaeuser-fewos\/sco\/edinburgh-und-lothians\/edinburgh-und-lothians-fuer-6-personen.html\">Ferienh\u00e4user f\u00fcr 6<\/a> (3)<\/p>\n<p style=\"text-align: center;\"><strong>Urlaub in Nordschottland<\/strong><\/p>\n<p style=\"text-align: center;\"><a class=\"plain\" href=\"https:\/\/www.urlaubcornwall.de\/ferienhaeuser-fewos\/sco\/nordostschottland\/nordostschottland-fuer-2-personen.html\">Ferienh\u00e4user f\u00fcr 2<\/a> (3)<\/p>\n<p style=\"text-align: center;\"><a class=\"plain\" href=\"https:\/\/www.urlaubcornwall.de\/ferienhaeuser-fewos\/sco\/nordostschottland\/nordostschottland-fuer-4-personen.html\">Ferienh\u00e4user f\u00fcr 4<\/a> (3)<\/p>\n<p style=\"text-align: center;\"><a class=\"plain\" href=\"https:\/\/www.urlaubcornwall.de\/ferienhaeuser-fewos\/sco\/nordostschottland\/nordostschottland-fuer-5-personen.html\">Ferienh\u00e4user f\u00fcr 5<\/a> (2)<\/p>\n<p style=\"text-align: center;\"><a class=\"plain\" href=\"https:\/\/www.urlaubcornwall.de\/ferienhaeuser-fewos\/sco\/nordostschottland\/nordostschottland-fuer-6-personen.html\">Ferienh\u00e4user f\u00fcr 6<\/a> (3)<\/p>\n<p style=\"text-align: center;\"><strong>Urlaub in Nordhighlands &amp; Inseln<\/strong><\/p>\n<p style=\"text-align: center;\"><a class=\"plain\" href=\"https:\/\/www.urlaubcornwall.de\/ferienhaeuser-fewos\/sco\/nordhighlands-und-inseln\/nordhighlands-und-inseln-fuer-2-personen.html\">Ferienh\u00e4user f\u00fcr 2<\/a> (6)<\/p>\n<p style=\"text-align: center;\"><a class=\"plain\" href=\"https:\/\/www.urlaubcornwall.de\/ferienhaeuser-fewos\/sco\/nordhighlands-und-inseln\/nordhighlands-und-inseln-fuer-4-personen.html\">Ferienh\u00e4user f\u00fcr 4<\/a> (28)<\/p>\n<p style=\"text-align: center;\"><a class=\"plain\" href=\"https:\/\/www.urlaubcornwall.de\/ferienhaeuser-fewos\/sco\/nordhighlands-und-inseln\/nordhighlands-und-inseln-fuer-5-personen.html\">Ferienh\u00e4user f\u00fcr 5<\/a> (3)<\/p>\n<p style=\"text-align: center;\"><a class=\"plain\" href=\"https:\/\/www.urlaubcornwall.de\/ferienhaeuser-fewos\/sco\/nordhighlands-und-inseln\/nordhighlands-und-inseln-fuer-6-personen.html\">Ferienh\u00e4user f\u00fcr 6<\/a> (13)<\/p>\n<p style=\"text-align: center;\"><a class=\"plain\" href=\"https:\/\/www.urlaubcornwall.de\/ferienhaeuser-fewos\/sco\/nordhighlands-und-inseln\/nordhighlands-und-inseln-fuer-7-personen.html\">Ferienh\u00e4user f\u00fcr 7<\/a> (4)<\/p>\n<p style=\"text-align: center;\"><a class=\"plain\" href=\"https:\/\/www.urlaubcornwall.de\/ferienhaeuser-fewos\/sco\/nordhighlands-und-inseln\/nordhighlands-und-inseln-fuer-8-personen.html\">Ferienh\u00e4user f\u00fcr 8<\/a> (1)<\/p>\n<p style=\"text-align: center;\"><a class=\"plain\" href=\"https:\/\/www.urlaubcornwall.de\/ferienhaeuser-fewos\/sco\/nordhighlands-und-inseln\/nordhighlands-und-inseln-fuer-10-personen.html\">Ferienh\u00e4user f\u00fcr 10<\/a> (3)<\/p>\n<p style=\"text-align: center;\"><strong>Urlaub in S\u00fcdschottland<\/strong><\/p>\n<p style=\"text-align: center;\"><a class=\"plain\" href=\"https:\/\/www.urlaubcornwall.de\/ferienhaeuser-fewos\/sco\/suedschottland\/suedschottland-fuer-2-personen.html\">Ferienh\u00e4user f\u00fcr 2<\/a> (19)<\/p>\n<p style=\"text-align: center;\"><a class=\"plain\" href=\"https:\/\/www.urlaubcornwall.de\/ferienhaeuser-fewos\/sco\/suedschottland\/suedschottland-fuer-4-personen.html\">Ferienh\u00e4user f\u00fcr 4<\/a> (16)<\/p>\n<p style=\"text-align: center;\"><a class=\"plain\" href=\"https:\/\/www.urlaubcornwall.de\/ferienhaeuser-fewos\/sco\/suedschottland\/suedschottland-fuer-5-personen.html\">Ferienh\u00e4user f\u00fcr 5<\/a> (3)<\/p>\n<p style=\"text-align: center;\"><a class=\"plain\" href=\"https:\/\/www.urlaubcornwall.de\/ferienhaeuser-fewos\/sco\/suedschottland\/suedschottland-fuer-6-personen.html\">Ferienh\u00e4user f\u00fcr 6<\/a> (8)<\/p>\n<p style=\"text-align: center;\"><a class=\"plain\" href=\"https:\/\/www.urlaubcornwall.de\/ferienhaeuser-fewos\/sco\/suedschottland\/suedschottland-fuer-7-personen.html\">Ferienh\u00e4user f\u00fcr 7<\/a> (2)<\/p>\n<p style=\"text-align: center;\"><a class=\"plain\" href=\"https:\/\/www.urlaubcornwall.de\/ferienhaeuser-fewos\/sco\/suedschottland\/suedschottland-fuer-8-personen.html\">Ferienh\u00e4user f\u00fcr 8<\/a> (1)<\/p>\n<p style=\"text-align: center;\"><a class=\"plain\" href=\"https:\/\/www.urlaubcornwall.de\/ferienhaeuser-fewos\/sco\/suedschottland\/suedschottland-fuer-10-personen.html\">Ferienh\u00e4user f\u00fcr 10<\/a> (3)<\/p>\n<p style=\"text-align: center;\"><a class=\"plain\" href=\"https:\/\/www.urlaubcornwall.de\/ferienhaeuser-fewos\/sco\/suedschottland\/suedschottland-fuer-11-personen.html\">sFerienh\u00e4user f\u00fcr 11<\/a> (1)<\/p>\n\n","protected":false},"excerpt":{"rendered":"<p>Bei uns finden Sie Luxus Unterk\u00fcnfte zum Verlieben &#8211; so einfach ist das! Pers\u00f6nlich inspizierte Ferienh\u00e4user und Ferienwohnungen f\u00fcr Ihren Urlaub mit Selbstverpflegung in Schottland. F\u00fcr Paare, Familien &amp; Gruppen mit 6, 8, 10, 12 oder 14 G\u00e4sten. Ferienh\u00e4user in Schottland Urlaub in den Schottischen Highlands &amp; Inseln Ferienh\u00e4user f\u00fcr 2 (2) Ferienh\u00e4user f\u00fcr 4 [&hellip;]<\/p>\n","protected":false},"author":1,"featured_media":0,"parent":0,"menu_order":0,"comment_status":"closed","ping_status":"closed","template":"single-four.php","meta":[],"acf":[],"yoast_head":"<!-- This site is optimized with the Yoast SEO plugin v19.4 - https:\/\/yoast.com\/wordpress\/plugins\/seo\/ -->\n<title>Ferienh\u00e4user f\u00fcr Paare, Familien &amp; Gruppen in Schottland - Pers\u00f6nlich inspizierte Unterk\u00fcnfte Nord, S\u00fcd, Ost &amp; West - Urlaub &amp; Reisen<\/title>\n<meta name=\"robots\" content=\"index, follow, max-snippet:-1, max-image-preview:large, max-video-preview:-1\" \/>\n<link rel=\"canonical\" href=\"https:\/\/www.urlaubcornwall.de\/blog\/fuer-paare-familien-gruppen-in-schottland-persoenlich-inspizierte-unterkuenfte-nord-sued-ost-west\/\" \/>\n<meta property=\"og:locale\" content=\"en_US\" \/>\n<meta property=\"og:type\" content=\"article\" \/>\n<meta property=\"og:title\" content=\"Ferienh\u00e4user f\u00fcr Paare, Familien &amp; Gruppen in Schottland - Pers\u00f6nlich inspizierte Unterk\u00fcnfte Nord, S\u00fcd, Ost &amp; West - Urlaub &amp; Reisen\" \/>\n<meta property=\"og:description\" content=\"Bei uns finden Sie Luxus Unterk\u00fcnfte zum Verlieben &#8211; so einfach ist das! Pers\u00f6nlich inspizierte Ferienh\u00e4user und Ferienwohnungen f\u00fcr Ihren Urlaub mit Selbstverpflegung in Schottland. F\u00fcr Paare, Familien &amp; Gruppen mit 6, 8, 10, 12 oder 14 G\u00e4sten. Ferienh\u00e4user in Schottland Urlaub in den Schottischen Highlands &amp; Inseln Ferienh\u00e4user f\u00fcr 2 (2) Ferienh\u00e4user f\u00fcr 4 [&hellip;]\" \/>\n<meta property=\"og:url\" content=\"https:\/\/www.urlaubcornwall.de\/blog\/fuer-paare-familien-gruppen-in-schottland-persoenlich-inspizierte-unterkuenfte-nord-sued-ost-west\/\" \/>\n<meta property=\"og:site_name\" content=\"Urlaub &amp; Reisen\" \/>\n<meta property=\"article:modified_time\" content=\"2024-04-09T08:23:49+00:00\" \/>\n<meta property=\"og:image\" content=\"https:\/\/www.urlaubcornwall.de\/blog\/wp-content\/uploads\/2024\/03\/schottland-seen.jpg\" \/>\n<meta name=\"twitter:card\" content=\"summary\" \/>\n<meta name=\"twitter:label1\" content=\"Est. reading time\" \/>\n\t<meta name=\"twitter:data1\" content=\"2 minutes\" \/>\n<script type=\"application\/ld+json\" class=\"yoast-schema-graph\">{\"@context\":\"https:\/\/schema.org\",\"@graph\":[{\"@type\":\"WebSite\",\"@id\":\"https:\/\/www.urlaubcornwall.de\/blog\/#website\",\"url\":\"https:\/\/www.urlaubcornwall.de\/blog\/\",\"name\":\"Urlaub &amp; Reisen\",\"description\":\"Urlaub, Reisen, Cornwall und S\u00fcdengland: eine perfekte Kombination\",\"potentialAction\":[{\"@type\":\"SearchAction\",\"target\":{\"@type\":\"EntryPoint\",\"urlTemplate\":\"https:\/\/www.urlaubcornwall.de\/blog\/?s={search_term_string}\"},\"query-input\":\"required name=search_term_string\"}],\"inLanguage\":\"en-US\"},{\"@type\":\"WebPage\",\"@id\":\"https:\/\/www.urlaubcornwall.de\/blog\/fuer-paare-familien-gruppen-in-schottland-persoenlich-inspizierte-unterkuenfte-nord-sued-ost-west\/\",\"url\":\"https:\/\/www.urlaubcornwall.de\/blog\/fuer-paare-familien-gruppen-in-schottland-persoenlich-inspizierte-unterkuenfte-nord-sued-ost-west\/\",\"name\":\"Ferienh\u00e4user f\u00fcr Paare, Familien & Gruppen in Schottland - Pers\u00f6nlich inspizierte Unterk\u00fcnfte Nord, S\u00fcd, Ost & West - Urlaub &amp; Reisen\",\"isPartOf\":{\"@id\":\"https:\/\/www.urlaubcornwall.de\/blog\/#website\"},\"datePublished\":\"2019-04-15T13:13:34+00:00\",\"dateModified\":\"2024-04-09T08:23:49+00:00\",\"breadcrumb\":{\"@id\":\"https:\/\/www.urlaubcornwall.de\/blog\/fuer-paare-familien-gruppen-in-schottland-persoenlich-inspizierte-unterkuenfte-nord-sued-ost-west\/#breadcrumb\"},\"inLanguage\":\"en-US\",\"potentialAction\":[{\"@type\":\"ReadAction\",\"target\":[\"https:\/\/www.urlaubcornwall.de\/blog\/fuer-paare-familien-gruppen-in-schottland-persoenlich-inspizierte-unterkuenfte-nord-sued-ost-west\/\"]}]},{\"@type\":\"BreadcrumbList\",\"@id\":\"https:\/\/www.urlaubcornwall.de\/blog\/fuer-paare-familien-gruppen-in-schottland-persoenlich-inspizierte-unterkuenfte-nord-sued-ost-west\/#breadcrumb\",\"itemListElement\":[{\"@type\":\"ListItem\",\"position\":1,\"name\":\"Home\",\"item\":\"https:\/\/www.urlaubcornwall.de\/blog\/\"},{\"@type\":\"ListItem\",\"position\":2,\"name\":\"Ferienh\u00e4user f\u00fcr Paare, Familien &#038; Gruppen in Schottland &#8211; Pers\u00f6nlich inspizierte Unterk\u00fcnfte Nord, S\u00fcd, Ost &#038; West\"}]}]}<\/script>\n<!-- \/ Yoast SEO plugin. -->","yoast_head_json":{"title":"Ferienh\u00e4user f\u00fcr Paare, Familien & Gruppen in Schottland - Pers\u00f6nlich inspizierte Unterk\u00fcnfte Nord, S\u00fcd, Ost & West - Urlaub &amp; Reisen","robots":{"index":"index","follow":"follow","max-snippet":"max-snippet:-1","max-image-preview":"max-image-preview:large","max-video-preview":"max-video-preview:-1"},"canonical":"https:\/\/www.urlaubcornwall.de\/blog\/fuer-paare-familien-gruppen-in-schottland-persoenlich-inspizierte-unterkuenfte-nord-sued-ost-west\/","og_locale":"en_US","og_type":"article","og_title":"Ferienh\u00e4user f\u00fcr Paare, Familien & Gruppen in Schottland - Pers\u00f6nlich inspizierte Unterk\u00fcnfte Nord, S\u00fcd, Ost & West - Urlaub &amp; Reisen","og_description":"Bei uns finden Sie Luxus Unterk\u00fcnfte zum Verlieben &#8211; so einfach ist das! Pers\u00f6nlich inspizierte Ferienh\u00e4user und Ferienwohnungen f\u00fcr Ihren Urlaub mit Selbstverpflegung in Schottland. F\u00fcr Paare, Familien &amp; Gruppen mit 6, 8, 10, 12 oder 14 G\u00e4sten. Ferienh\u00e4user in Schottland Urlaub in den Schottischen Highlands &amp; Inseln Ferienh\u00e4user f\u00fcr 2 (2) Ferienh\u00e4user f\u00fcr 4 [&hellip;]","og_url":"https:\/\/www.urlaubcornwall.de\/blog\/fuer-paare-familien-gruppen-in-schottland-persoenlich-inspizierte-unterkuenfte-nord-sued-ost-west\/","og_site_name":"Urlaub &amp; Reisen","article_modified_time":"2024-04-09T08:23:49+00:00","og_image":[{"url":"https:\/\/www.urlaubcornwall.de\/blog\/wp-content\/uploads\/2024\/03\/schottland-seen.jpg"}],"twitter_card":"summary","twitter_misc":{"Est. reading time":"2 minutes"},"schema":{"@context":"https:\/\/schema.org","@graph":[{"@type":"WebSite","@id":"https:\/\/www.urlaubcornwall.de\/blog\/#website","url":"https:\/\/www.urlaubcornwall.de\/blog\/","name":"Urlaub &amp; Reisen","description":"Urlaub, Reisen, Cornwall und S\u00fcdengland: eine perfekte Kombination","potentialAction":[{"@type":"SearchAction","target":{"@type":"EntryPoint","urlTemplate":"https:\/\/www.urlaubcornwall.de\/blog\/?s={search_term_string}"},"query-input":"required name=search_term_string"}],"inLanguage":"en-US"},{"@type":"WebPage","@id":"https:\/\/www.urlaubcornwall.de\/blog\/fuer-paare-familien-gruppen-in-schottland-persoenlich-inspizierte-unterkuenfte-nord-sued-ost-west\/","url":"https:\/\/www.urlaubcornwall.de\/blog\/fuer-paare-familien-gruppen-in-schottland-persoenlich-inspizierte-unterkuenfte-nord-sued-ost-west\/","name":"Ferienh\u00e4user f\u00fcr Paare, Familien & Gruppen in Schottland - Pers\u00f6nlich inspizierte Unterk\u00fcnfte Nord, S\u00fcd, Ost & West - Urlaub &amp; Reisen","isPartOf":{"@id":"https:\/\/www.urlaubcornwall.de\/blog\/#website"},"datePublished":"2019-04-15T13:13:34+00:00","dateModified":"2024-04-09T08:23:49+00:00","breadcrumb":{"@id":"https:\/\/www.urlaubcornwall.de\/blog\/fuer-paare-familien-gruppen-in-schottland-persoenlich-inspizierte-unterkuenfte-nord-sued-ost-west\/#breadcrumb"},"inLanguage":"en-US","potentialAction":[{"@type":"ReadAction","target":["https:\/\/www.urlaubcornwall.de\/blog\/fuer-paare-familien-gruppen-in-schottland-persoenlich-inspizierte-unterkuenfte-nord-sued-ost-west\/"]}]},{"@type":"BreadcrumbList","@id":"https:\/\/www.urlaubcornwall.de\/blog\/fuer-paare-familien-gruppen-in-schottland-persoenlich-inspizierte-unterkuenfte-nord-sued-ost-west\/#breadcrumb","itemListElement":[{"@type":"ListItem","position":1,"name":"Home","item":"https:\/\/www.urlaubcornwall.de\/blog\/"},{"@type":"ListItem","position":2,"name":"Ferienh\u00e4user f\u00fcr Paare, Familien &#038; Gruppen in Schottland &#8211; Pers\u00f6nlich inspizierte Unterk\u00fcnfte Nord, S\u00fcd, Ost &#038; West"}]}]}},"_links":{"self":[{"href":"https:\/\/www.urlaubcornwall.de\/blog\/wp-json\/wp\/v2\/pages\/38158"}],"collection":[{"href":"https:\/\/www.urlaubcornwall.de\/blog\/wp-json\/wp\/v2\/pages"}],"about":[{"href":"https:\/\/www.urlaubcornwall.de\/blog\/wp-json\/wp\/v2\/types\/page"}],"author":[{"embeddable":true,"href":"https:\/\/www.urlaubcornwall.de\/blog\/wp-json\/wp\/v2\/users\/1"}],"replies":[{"embeddable":true,"href":"https:\/\/www.urlaubcornwall.de\/blog\/wp-json\/wp\/v2\/comments?post=38158"}],"version-history":[{"count":4,"href":"https:\/\/www.urlaubcornwall.de\/blog\/wp-json\/wp\/v2\/pages\/38158\/revisions"}],"predecessor-version":[{"id":49038,"href":"https:\/\/www.urlaubcornwall.de\/blog\/wp-json\/wp\/v2\/pages\/38158\/revisions\/49038"}],"wp:attachment":[{"href":"https:\/\/www.urlaubcornwall.de\/blog\/wp-json\/wp\/v2\/media?parent=38158"}],"curies":[{"name":"wp","href":"https:\/\/api.w.org\/{rel}","templated":true}]}}