{"id":38156,"date":"2019-04-15T12:54:31","date_gmt":"2019-04-15T12:54:31","guid":{"rendered":"https:\/\/www.urlaubcornwall.de\/blog\/?page_id=38156"},"modified":"2019-05-01T14:49:44","modified_gmt":"2019-05-01T14:49:44","slug":"fuer-paare-familien-gruppen-in-wales-persoenlich-inspizierte-unterkuenfte-nord-sued-mittel-west","status":"publish","type":"page","link":"https:\/\/www.urlaubcornwall.de\/blog\/fuer-paare-familien-gruppen-in-wales-persoenlich-inspizierte-unterkuenfte-nord-sued-mittel-west\/","title":{"rendered":"Ferienh\u00e4user f\u00fcr Paare, Familien &#038; Gruppen in Wales &#8211; Pers\u00f6nlich inspizierte Unterk\u00fcnfte Nord, S\u00fcd, Mittel &#038; West"},"content":{"rendered":"<p><img loading=\"lazy\" class=\"aligncenter size-full wp-image-38137\" src=\"https:\/\/www.urlaubcornwall.de\/blog\/wp-content\/uploads\/2019\/04\/Charmante-D\u00f6rfer-cornwall.jpg\" alt=\"Charmante Ferienhaus Wales\" width=\"748\" height=\"498\"\/><\/p>\n<p>Bei uns finden Sie Luxus Unterk\u00fcnfte zum Verlieben &#8211; so einfach ist das! Pers\u00f6nlich inspizierte Ferienh\u00e4user und Ferienwohnungen f\u00fcr Ihren Urlaub mit Selbstverpflegung in Nord, S\u00fcd, Mittel &amp; West Wales. F\u00fcr Paare, Familien &amp; Gruppen mit 6, 8, 10, 12 oder 14 G\u00e4sten.<\/p>\n<p style=\"text-align: center;\"><a class=\"tidycta\" href=\"https:\/\/www.urlaubcornwall.de\/ferienhaeuser\/wales.php\">Suche Ferienh\u00e4user in Wales<\/a><\/p>\n<p style=\"text-align: center;\"><strong>Urlaub in West Wales<\/strong><\/p>\n<p style=\"text-align: center;\"><a class=\"plain\" href=\"https:\/\/www.urlaubcornwall.de\/ferienhaeuser-fewos\/wal\/westwales\/westwales-fuer-2-personen.html\">Ferienh\u00e4user f\u00fcr 2<\/a> (38)<\/p>\n<p style=\"text-align: center;\"><a class=\"plain\" href=\"https:\/\/www.urlaubcornwall.de\/ferienhaeuser-fewos\/wal\/westwales\/westwales-fuer-3-personen.html\">Ferienh\u00e4user f\u00fcr 3<\/a> (1)<\/p>\n<p style=\"text-align: center;\"><a class=\"plain\" href=\"https:\/\/www.urlaubcornwall.de\/ferienhaeuser-fewos\/wal\/westwales\/westwales-fuer-4-personen.html\">Ferienh\u00e4user f\u00fcr 4<\/a> (46)<\/p>\n<p style=\"text-align: center;\"><a class=\"plain\" href=\"https:\/\/www.urlaubcornwall.de\/ferienhaeuser-fewos\/wal\/westwales\/westwales-fuer-5-personen.html\">Ferienh\u00e4user f\u00fcr <\/a> (6)<\/p>\n<p style=\"text-align: center;\"><a class=\"plain\" href=\"https:\/\/www.urlaubcornwall.de\/ferienhaeuser-fewos\/wal\/westwales\/westwales-fuer-6-personen.html\">Ferienh\u00e4user f\u00fcr 6<\/a> (42)<\/p>\n<p style=\"text-align: center;\"><a class=\"plain\" href=\"https:\/\/www.urlaubcornwall.de\/ferienhaeuser-fewos\/wal\/westwales\/westwales-fuer-7-personen.html\">Ferienh\u00e4user f\u00fcr 7<\/a> (4)<\/p>\n<p style=\"text-align: center;\"><a class=\"plain\" href=\"https:\/\/www.urlaubcornwall.de\/ferienhaeuser-fewos\/wal\/westwales\/westwales-fuer-8-personen.html\">Ferienh\u00e4user f\u00fcr 8<\/a> (16)<\/p>\n<p style=\"text-align: center;\"><a class=\"plain\" href=\"https:\/\/www.urlaubcornwall.de\/ferienhaeuser-fewos\/wal\/westwales\/westwales-fuer-9-personen.html\">Ferienh\u00e4user f\u00fcr 9<\/a> (3)<\/p>\n<p style=\"text-align: center;\"><a class=\"plain\" href=\"https:\/\/www.urlaubcornwall.de\/ferienhaeuser-fewos\/wal\/westwales\/westwales-fuer-10-personen.html\">Ferienh\u00e4user f\u00fcr 10<\/a> (2)<\/p>\n<p style=\"text-align: center;\"><a class=\"plain\" href=\"https:\/\/www.urlaubcornwall.de\/ferienhaeuser-fewos\/wal\/westwales\/westwales-fuer-12-personen.html\">Ferienh\u00e4user f\u00fcr 12<\/a> (1)<\/p>\n<p style=\"text-align: center;\"><strong>Urlaub in Nord Wales<\/strong><\/p>\n<p style=\"text-align: center;\"><a class=\"plain\" href=\"https:\/\/www.urlaubcornwall.de\/ferienhaeuser-fewos\/wal\/nordwales\/nordwales-fuer-2-personen.html\">Ferienh\u00e4user f\u00fcr 2<\/a> (17)<\/p>\n<p style=\"text-align: center;\"><a class=\"plain\" href=\"https:\/\/www.urlaubcornwall.de\/ferienhaeuser-fewos\/wal\/nordwales\/nordwales-fuer-3-personen.html\">Ferienh\u00e4user f\u00fcr 3<\/a> (6)<\/p>\n<p style=\"text-align: center;\"><a class=\"plain\" href=\"https:\/\/www.urlaubcornwall.de\/ferienhaeuser-fewos\/wal\/nordwales\/nordwales-fuer-4-personen.html\">Ferienh\u00e4user f\u00fcr 4<\/a> (36)<\/p>\n<p style=\"text-align: center;\"><a class=\"plain\" href=\"https:\/\/www.urlaubcornwall.de\/ferienhaeuser-fewos\/wal\/nordwales\/nordwales-fuer-5-personen.html\">Ferienh\u00e4user f\u00fcr 5<\/a> (6)<\/p>\n<p style=\"text-align: center;\"><a class=\"plain\" href=\"https:\/\/www.urlaubcornwall.de\/ferienhaeuser-fewos\/wal\/nordwales\/nordwales-fuer-6-personen.html\">nordwales-fuer-6<\/a> (16)<\/p>\n<p style=\"text-align: center;\"><a class=\"plain\" href=\"https:\/\/www.urlaubcornwall.de\/ferienhaeuser-fewos\/wal\/nordwales\/nordwales-fuer-7-personen.html\">Ferienh\u00e4user f\u00fcr 7<\/a> (6)<\/p>\n<p style=\"text-align: center;\"><a class=\"plain\" href=\"https:\/\/www.urlaubcornwall.de\/ferienhaeuser-fewos\/wal\/nordwales\/nordwales-fuer-8-personen.html\">Ferienh\u00e4user f\u00fcr 8<\/a> (13)<\/p>\n<p style=\"text-align: center;\"><a class=\"plain\" href=\"https:\/\/www.urlaubcornwall.de\/ferienhaeuser-fewos\/wal\/nordwales\/nordwales-fuer-9-personen.html\">Ferienh\u00e4user f\u00fcr 9<\/a> (1)<\/p>\n<p style=\"text-align: center;\"><a class=\"plain\" href=\"https:\/\/www.urlaubcornwall.de\/ferienhaeuser-fewos\/wal\/nordwales\/nordwales-fuer-10-personen.html\">Ferienh\u00e4user f\u00fcr 10<\/a> (6)<\/p>\n<p style=\"text-align: center;\"><a class=\"plain\" href=\"https:\/\/www.urlaubcornwall.de\/ferienhaeuser-fewos\/wal\/nordwales\/nordwales-fuer-12-personen.html\">Ferienh\u00e4user f\u00fcr 12<\/a> (1)<\/p>\n<p style=\"text-align: center;\"><a class=\"plain\" href=\"https:\/\/www.urlaubcornwall.de\/ferienhaeuser-fewos\/wal\/nordwales\/nordwales-fuer-13-personen.html\">Ferienh\u00e4user f\u00fcr 13<\/a> (1)<\/p>\n<p style=\"text-align: center;\"><a class=\"plain\" href=\"https:\/\/www.urlaubcornwall.de\/ferienhaeuser-fewos\/wal\/nordwales\/nordwales-fuer-14-personen.html\">Ferienh\u00e4user f\u00fcr 14<\/a> (1)<\/p>\n<p style=\"text-align: center;\"><strong>Urlaub in S\u00fcd Wales<\/strong><\/p>\n<p style=\"text-align: center;\"><a class=\"plain\" href=\"https:\/\/www.urlaubcornwall.de\/ferienhaeuser-fewos\/wal\/suedwales\/suedwales-fuer-2-personen.html\">Ferienh\u00e4user f\u00fcr 2<\/a> (21)<\/p>\n<p style=\"text-align: center;\"><a class=\"plain\" href=\"https:\/\/www.urlaubcornwall.de\/ferienhaeuser-fewos\/wal\/suedwales\/suedwales-fuer-3-personen.html\">Ferienh\u00e4user f\u00fcr 3<\/a> (2)<\/p>\n<p style=\"text-align: center;\"><a class=\"plain\" href=\"https:\/\/www.urlaubcornwall.de\/ferienhaeuser-fewos\/wal\/suedwales\/suedwales-fuer-4-personen.html\">Ferienh\u00e4user f\u00fcr 4<\/a> (17)<\/p>\n<p style=\"text-align: center;\"><a class=\"plain\" href=\"https:\/\/www.urlaubcornwall.de\/ferienhaeuser-fewos\/wal\/suedwales\/suedwales-fuer-5-personen.html\">Ferienh\u00e4user f\u00fcr 5<\/a> (2)<\/p>\n<p style=\"text-align: center;\"><a class=\"plain\" href=\"https:\/\/www.urlaubcornwall.de\/ferienhaeuser-fewos\/wal\/suedwales\/suedwales-fuer-6-personen.html\">Ferienh\u00e4user f\u00fcr 6<\/a> (14)<\/p>\n<p style=\"text-align: center;\"><a class=\"plain\" href=\"https:\/\/www.urlaubcornwall.de\/ferienhaeuser-fewos\/wal\/suedwales\/suedwales-fuer-7-personen.html\">Ferienh\u00e4user f\u00fcr 7<\/a> (1)<\/p>\n<p style=\"text-align: center;\"><a class=\"plain\" href=\"https:\/\/www.urlaubcornwall.de\/ferienhaeuser-fewos\/wal\/suedwales\/suedwales-fuer-8-personen.html\">Ferienh\u00e4user f\u00fcr 8<\/a> (1)<\/p>\n<p style=\"text-align: center;\"><a class=\"plain\" href=\"https:\/\/www.urlaubcornwall.de\/ferienhaeuser-fewos\/wal\/suedwales\/suedwales-fuer-9-personen.html\">Ferienh\u00e4user f\u00fcr 9<\/a> (1)<\/p>\n<p style=\"text-align: center;\"><a class=\"plain\" href=\"https:\/\/www.urlaubcornwall.de\/ferienhaeuser-fewos\/wal\/suedwales\/suedwales-fuer-10-personen.html\">Ferienh\u00e4user f\u00fcr 10<\/a> (1)<\/p>\n<p style=\"text-align: center;\"><a class=\"plain\" href=\"https:\/\/www.urlaubcornwall.de\/ferienhaeuser-fewos\/wal\/suedwales\/suedwales-fuer-12-personen.html\">Ferienh\u00e4user f\u00fcr 12<\/a> (1)<\/p>\n<p style=\"text-align: center;\"><strong>Urlaub in Mittel Wales<\/strong><\/p>\n<p style=\"text-align: center;\"><a class=\"plain\" href=\"https:\/\/www.urlaubcornwall.de\/ferienhaeuser-fewos\/wal\/mittelwales\/mittelwales-fuer-2-personen.html\">Ferienh\u00e4user f\u00fcr 2<\/a> (27)<\/p>\n<p style=\"text-align: center;\"><a class=\"plain\" href=\"https:\/\/www.urlaubcornwall.de\/ferienhaeuser-fewos\/wal\/mittelwales\/mittelwales-fuer-3-personen.html\">Ferienh\u00e4user f\u00fcr 3<\/a> (4)<\/p>\n<p style=\"text-align: center;\"><a class=\"plain\" href=\"https:\/\/www.urlaubcornwall.de\/ferienhaeuser-fewos\/wal\/mittelwales\/mittelwales-fuer-4-personen.html\">Ferienh\u00e4user f\u00fcr 4<\/a> (29)<\/p>\n<p style=\"text-align: center;\"><a class=\"plain\" href=\"https:\/\/www.urlaubcornwall.de\/ferienhaeuser-fewos\/wal\/mittelwales\/mittelwales-fuer-5-personen.html\">Ferienh\u00e4user f\u00fcr 5<\/a> (8)<\/p>\n<p style=\"text-align: center;\"><a class=\"plain\" href=\"https:\/\/www.urlaubcornwall.de\/ferienhaeuser-fewos\/wal\/mittelwales\/mittelwales-fuer-6-personen.html\">Ferienh\u00e4user f\u00fcr 6<\/a> (23)<\/p>\n<p style=\"text-align: center;\"><a class=\"plain\" href=\"https:\/\/www.urlaubcornwall.de\/ferienhaeuser-fewos\/wal\/mittelwales\/mittelwales-fuer-7-personen.html\">Ferienh\u00e4user f\u00fcr 7<\/a> (2)<\/p>\n<p style=\"text-align: center;\"><a class=\"plain\" href=\"https:\/\/www.urlaubcornwall.de\/ferienhaeuser-fewos\/wal\/mittelwales\/mittelwales-fuer-8-personen.html\">Ferienh\u00e4user f\u00fcr 8<\/a> (12)<\/p>\n<p style=\"text-align: center;\"><a class=\"plain\" href=\"https:\/\/www.urlaubcornwall.de\/ferienhaeuser-fewos\/wal\/mittelwales\/mittelwales-fuer-10-personen.html\">Ferienh\u00e4user f\u00fcr 10<\/a> (7)<\/p>\n<p style=\"text-align: center;\"><a class=\"plain\" href=\"https:\/\/www.urlaubcornwall.de\/ferienhaeuser-fewos\/wal\/mittelwales\/mittelwales-fuer-11-personen.html\">Ferienh\u00e4user f\u00fcr 11<\/a> (2)<\/p>\n<p style=\"text-align: center;\"><a class=\"plain\" href=\"https:\/\/www.urlaubcornwall.de\/ferienhaeuser-fewos\/wal\/mittelwales\/mittelwales-fuer-12-personen.html\">Ferienh\u00e4user f\u00fcr 12<\/a> (4)<\/p>\n<p style=\"text-align: center;\"><a class=\"plain\" href=\"https:\/\/www.urlaubcornwall.de\/ferienhaeuser-fewos\/wal\/mittelwales\/mittelwales-fuer-14-personen.html\">Ferienh\u00e4user f\u00fcr 4<\/a> (3)<\/p>\n","protected":false},"excerpt":{"rendered":"<p>Bei uns finden Sie Luxus Unterk\u00fcnfte zum Verlieben &#8211; so einfach ist das! Pers\u00f6nlich inspizierte Ferienh\u00e4user und Ferienwohnungen f\u00fcr Ihren Urlaub mit Selbstverpflegung in Nord, S\u00fcd, Mittel &amp; West Wales. F\u00fcr Paare, Familien &amp; Gruppen mit 6, 8, 10, 12 oder 14 G\u00e4sten. Suche Ferienh\u00e4user in Wales Urlaub in West Wales Ferienh\u00e4user f\u00fcr 2 (38) [&hellip;]<\/p>\n","protected":false},"author":1,"featured_media":0,"parent":0,"menu_order":0,"comment_status":"closed","ping_status":"closed","template":"single-four.php","meta":[],"acf":[],"yoast_head":"<!-- This site is optimized with the Yoast SEO plugin v19.4 - https:\/\/yoast.com\/wordpress\/plugins\/seo\/ -->\n<title>Ferienh\u00e4user f\u00fcr Paare, Familien &amp; Gruppen in Wales - Pers\u00f6nlich inspizierte Unterk\u00fcnfte Nord, S\u00fcd, Mittel &amp; West - Urlaub &amp; Reisen<\/title>\n<meta name=\"robots\" content=\"index, follow, max-snippet:-1, max-image-preview:large, max-video-preview:-1\" \/>\n<link rel=\"canonical\" href=\"https:\/\/www.urlaubcornwall.de\/blog\/fuer-paare-familien-gruppen-in-wales-persoenlich-inspizierte-unterkuenfte-nord-sued-mittel-west\/\" \/>\n<meta property=\"og:locale\" content=\"en_US\" \/>\n<meta property=\"og:type\" content=\"article\" \/>\n<meta property=\"og:title\" content=\"Ferienh\u00e4user f\u00fcr Paare, Familien &amp; Gruppen in Wales - Pers\u00f6nlich inspizierte Unterk\u00fcnfte Nord, S\u00fcd, Mittel &amp; West - Urlaub &amp; Reisen\" \/>\n<meta property=\"og:description\" content=\"Bei uns finden Sie Luxus Unterk\u00fcnfte zum Verlieben &#8211; so einfach ist das! Pers\u00f6nlich inspizierte Ferienh\u00e4user und Ferienwohnungen f\u00fcr Ihren Urlaub mit Selbstverpflegung in Nord, S\u00fcd, Mittel &amp; West Wales. F\u00fcr Paare, Familien &amp; Gruppen mit 6, 8, 10, 12 oder 14 G\u00e4sten. Suche Ferienh\u00e4user in Wales Urlaub in West Wales Ferienh\u00e4user f\u00fcr 2 (38) [&hellip;]\" \/>\n<meta property=\"og:url\" content=\"https:\/\/www.urlaubcornwall.de\/blog\/fuer-paare-familien-gruppen-in-wales-persoenlich-inspizierte-unterkuenfte-nord-sued-mittel-west\/\" \/>\n<meta property=\"og:site_name\" content=\"Urlaub &amp; Reisen\" \/>\n<meta property=\"article:modified_time\" content=\"2019-05-01T14:49:44+00:00\" \/>\n<meta property=\"og:image\" content=\"https:\/\/www.urlaubcornwall.de\/blog\/wp-content\/uploads\/2019\/04\/Charmante-D\u00f6rfer-cornwall.jpg\" \/>\n<meta name=\"twitter:card\" content=\"summary\" \/>\n<meta name=\"twitter:label1\" content=\"Est. reading time\" \/>\n\t<meta name=\"twitter:data1\" content=\"1 minute\" \/>\n<script type=\"application\/ld+json\" class=\"yoast-schema-graph\">{\"@context\":\"https:\/\/schema.org\",\"@graph\":[{\"@type\":\"WebSite\",\"@id\":\"https:\/\/www.urlaubcornwall.de\/blog\/#website\",\"url\":\"https:\/\/www.urlaubcornwall.de\/blog\/\",\"name\":\"Urlaub &amp; Reisen\",\"description\":\"Urlaub, Reisen, Cornwall und S\u00fcdengland: eine perfekte Kombination\",\"potentialAction\":[{\"@type\":\"SearchAction\",\"target\":{\"@type\":\"EntryPoint\",\"urlTemplate\":\"https:\/\/www.urlaubcornwall.de\/blog\/?s={search_term_string}\"},\"query-input\":\"required name=search_term_string\"}],\"inLanguage\":\"en-US\"},{\"@type\":\"WebPage\",\"@id\":\"https:\/\/www.urlaubcornwall.de\/blog\/fuer-paare-familien-gruppen-in-wales-persoenlich-inspizierte-unterkuenfte-nord-sued-mittel-west\/\",\"url\":\"https:\/\/www.urlaubcornwall.de\/blog\/fuer-paare-familien-gruppen-in-wales-persoenlich-inspizierte-unterkuenfte-nord-sued-mittel-west\/\",\"name\":\"Ferienh\u00e4user f\u00fcr Paare, Familien & Gruppen in Wales - Pers\u00f6nlich inspizierte Unterk\u00fcnfte Nord, S\u00fcd, Mittel & West - Urlaub &amp; Reisen\",\"isPartOf\":{\"@id\":\"https:\/\/www.urlaubcornwall.de\/blog\/#website\"},\"datePublished\":\"2019-04-15T12:54:31+00:00\",\"dateModified\":\"2019-05-01T14:49:44+00:00\",\"breadcrumb\":{\"@id\":\"https:\/\/www.urlaubcornwall.de\/blog\/fuer-paare-familien-gruppen-in-wales-persoenlich-inspizierte-unterkuenfte-nord-sued-mittel-west\/#breadcrumb\"},\"inLanguage\":\"en-US\",\"potentialAction\":[{\"@type\":\"ReadAction\",\"target\":[\"https:\/\/www.urlaubcornwall.de\/blog\/fuer-paare-familien-gruppen-in-wales-persoenlich-inspizierte-unterkuenfte-nord-sued-mittel-west\/\"]}]},{\"@type\":\"BreadcrumbList\",\"@id\":\"https:\/\/www.urlaubcornwall.de\/blog\/fuer-paare-familien-gruppen-in-wales-persoenlich-inspizierte-unterkuenfte-nord-sued-mittel-west\/#breadcrumb\",\"itemListElement\":[{\"@type\":\"ListItem\",\"position\":1,\"name\":\"Home\",\"item\":\"https:\/\/www.urlaubcornwall.de\/blog\/\"},{\"@type\":\"ListItem\",\"position\":2,\"name\":\"Ferienh\u00e4user f\u00fcr Paare, Familien &#038; Gruppen in Wales &#8211; Pers\u00f6nlich inspizierte Unterk\u00fcnfte Nord, S\u00fcd, Mittel &#038; West\"}]}]}<\/script>\n<!-- \/ Yoast SEO plugin. -->","yoast_head_json":{"title":"Ferienh\u00e4user f\u00fcr Paare, Familien & Gruppen in Wales - Pers\u00f6nlich inspizierte Unterk\u00fcnfte Nord, S\u00fcd, Mittel & West - Urlaub &amp; Reisen","robots":{"index":"index","follow":"follow","max-snippet":"max-snippet:-1","max-image-preview":"max-image-preview:large","max-video-preview":"max-video-preview:-1"},"canonical":"https:\/\/www.urlaubcornwall.de\/blog\/fuer-paare-familien-gruppen-in-wales-persoenlich-inspizierte-unterkuenfte-nord-sued-mittel-west\/","og_locale":"en_US","og_type":"article","og_title":"Ferienh\u00e4user f\u00fcr Paare, Familien & Gruppen in Wales - Pers\u00f6nlich inspizierte Unterk\u00fcnfte Nord, S\u00fcd, Mittel & West - Urlaub &amp; Reisen","og_description":"Bei uns finden Sie Luxus Unterk\u00fcnfte zum Verlieben &#8211; so einfach ist das! Pers\u00f6nlich inspizierte Ferienh\u00e4user und Ferienwohnungen f\u00fcr Ihren Urlaub mit Selbstverpflegung in Nord, S\u00fcd, Mittel &amp; West Wales. F\u00fcr Paare, Familien &amp; Gruppen mit 6, 8, 10, 12 oder 14 G\u00e4sten. Suche Ferienh\u00e4user in Wales Urlaub in West Wales Ferienh\u00e4user f\u00fcr 2 (38) [&hellip;]","og_url":"https:\/\/www.urlaubcornwall.de\/blog\/fuer-paare-familien-gruppen-in-wales-persoenlich-inspizierte-unterkuenfte-nord-sued-mittel-west\/","og_site_name":"Urlaub &amp; Reisen","article_modified_time":"2019-05-01T14:49:44+00:00","og_image":[{"url":"https:\/\/www.urlaubcornwall.de\/blog\/wp-content\/uploads\/2019\/04\/Charmante-D\u00f6rfer-cornwall.jpg"}],"twitter_card":"summary","twitter_misc":{"Est. reading time":"1 minute"},"schema":{"@context":"https:\/\/schema.org","@graph":[{"@type":"WebSite","@id":"https:\/\/www.urlaubcornwall.de\/blog\/#website","url":"https:\/\/www.urlaubcornwall.de\/blog\/","name":"Urlaub &amp; Reisen","description":"Urlaub, Reisen, Cornwall und S\u00fcdengland: eine perfekte Kombination","potentialAction":[{"@type":"SearchAction","target":{"@type":"EntryPoint","urlTemplate":"https:\/\/www.urlaubcornwall.de\/blog\/?s={search_term_string}"},"query-input":"required name=search_term_string"}],"inLanguage":"en-US"},{"@type":"WebPage","@id":"https:\/\/www.urlaubcornwall.de\/blog\/fuer-paare-familien-gruppen-in-wales-persoenlich-inspizierte-unterkuenfte-nord-sued-mittel-west\/","url":"https:\/\/www.urlaubcornwall.de\/blog\/fuer-paare-familien-gruppen-in-wales-persoenlich-inspizierte-unterkuenfte-nord-sued-mittel-west\/","name":"Ferienh\u00e4user f\u00fcr Paare, Familien & Gruppen in Wales - Pers\u00f6nlich inspizierte Unterk\u00fcnfte Nord, S\u00fcd, Mittel & West - Urlaub &amp; Reisen","isPartOf":{"@id":"https:\/\/www.urlaubcornwall.de\/blog\/#website"},"datePublished":"2019-04-15T12:54:31+00:00","dateModified":"2019-05-01T14:49:44+00:00","breadcrumb":{"@id":"https:\/\/www.urlaubcornwall.de\/blog\/fuer-paare-familien-gruppen-in-wales-persoenlich-inspizierte-unterkuenfte-nord-sued-mittel-west\/#breadcrumb"},"inLanguage":"en-US","potentialAction":[{"@type":"ReadAction","target":["https:\/\/www.urlaubcornwall.de\/blog\/fuer-paare-familien-gruppen-in-wales-persoenlich-inspizierte-unterkuenfte-nord-sued-mittel-west\/"]}]},{"@type":"BreadcrumbList","@id":"https:\/\/www.urlaubcornwall.de\/blog\/fuer-paare-familien-gruppen-in-wales-persoenlich-inspizierte-unterkuenfte-nord-sued-mittel-west\/#breadcrumb","itemListElement":[{"@type":"ListItem","position":1,"name":"Home","item":"https:\/\/www.urlaubcornwall.de\/blog\/"},{"@type":"ListItem","position":2,"name":"Ferienh\u00e4user f\u00fcr Paare, Familien &#038; Gruppen in Wales &#8211; Pers\u00f6nlich inspizierte Unterk\u00fcnfte Nord, S\u00fcd, Mittel &#038; West"}]}]}},"_links":{"self":[{"href":"https:\/\/www.urlaubcornwall.de\/blog\/wp-json\/wp\/v2\/pages\/38156"}],"collection":[{"href":"https:\/\/www.urlaubcornwall.de\/blog\/wp-json\/wp\/v2\/pages"}],"about":[{"href":"https:\/\/www.urlaubcornwall.de\/blog\/wp-json\/wp\/v2\/types\/page"}],"author":[{"embeddable":true,"href":"https:\/\/www.urlaubcornwall.de\/blog\/wp-json\/wp\/v2\/users\/1"}],"replies":[{"embeddable":true,"href":"https:\/\/www.urlaubcornwall.de\/blog\/wp-json\/wp\/v2\/comments?post=38156"}],"version-history":[{"count":2,"href":"https:\/\/www.urlaubcornwall.de\/blog\/wp-json\/wp\/v2\/pages\/38156\/revisions"}],"predecessor-version":[{"id":38334,"href":"https:\/\/www.urlaubcornwall.de\/blog\/wp-json\/wp\/v2\/pages\/38156\/revisions\/38334"}],"wp:attachment":[{"href":"https:\/\/www.urlaubcornwall.de\/blog\/wp-json\/wp\/v2\/media?parent=38156"}],"curies":[{"name":"wp","href":"https:\/\/api.w.org\/{rel}","templated":true}]}}