{"id":38140,"date":"2019-04-15T10:06:45","date_gmt":"2019-04-15T10:06:45","guid":{"rendered":"https:\/\/www.urlaubcornwall.de\/blog\/?page_id=38140"},"modified":"2019-05-01T14:50:29","modified_gmt":"2019-05-01T14:50:29","slug":"fuer-paare-familien-gruppen-in-devon-persoenlich-inspizierte-unterkuenfte","status":"publish","type":"page","link":"https:\/\/www.urlaubcornwall.de\/blog\/fuer-paare-familien-gruppen-in-devon-persoenlich-inspizierte-unterkuenfte\/","title":{"rendered":"Ferienh\u00e4user f\u00fcr Paare, Familien &#038; Gruppen in Devon &#8211; Pers\u00f6nlich inspizierte Unterk\u00fcnfte"},"content":{"rendered":"<p><img loading=\"lazy\" class=\"aligncenter size-full wp-image-38137\" src=\"https:\/\/www.urlaubcornwall.de\/blog\/wp-content\/uploads\/2019\/04\/Charmante-D\u00f6rfer-cornwall.jpg\" alt=\"Charmante Ferienhaus Devon\" width=\"748\" height=\"498\"\/><\/p>\n<p>Bei uns finden Sie Luxus Unterk\u00fcnfte zum Verlieben &#8211; so einfach ist das! Pers\u00f6nlich inspizierte Ferienh\u00e4user und Ferienwohnungen f\u00fcr Ihren Urlaub mit Selbstverpflegung in Devon. F\u00fcr Paare, Familien &amp; Gruppen mit 6, 8, 10, 12 oder 14 G\u00e4sten.<\/p>\n<p style=\"text-align: center;\"><a class=\"tidycta\" href=\"https:\/\/www.urlaubcornwall.de\/ferienhaeuser\/devon.php\">Suche Ferienh\u00e4user in Devon<\/a><\/p>\n<p style=\"text-align: center;\"><a class=\"plain\" href=\"https:\/\/www.urlaubcornwall.de\/ferienhaeuser-fewos\/eng\/devon\/devon-fuer-3-personen.html\">Ferienh\u00e4user f\u00fcr 3<\/a> (28)<\/p>\n<p style=\"text-align: center;\"><a class=\"plain\" href=\"https:\/\/www.urlaubcornwall.de\/ferienhaeuser-fewos\/eng\/devon\/devon-fuer-4-personen.html\">Ferienh\u00e4user f\u00fcr 4<\/a> (383)<\/p>\n<p style=\"text-align: center;\"><a class=\"plain\" href=\"https:\/\/www.urlaubcornwall.de\/ferienhaeuser-fewos\/eng\/devon\/devon-fuer-5-personen.html\">Ferienh\u00e4user f\u00fcr 5<\/a> (59)<\/p>\n<p style=\"text-align: center;\"><a class=\"plain\" href=\"https:\/\/www.urlaubcornwall.de\/ferienhaeuser-fewos\/eng\/devon\/devon-fuer-6-personen.html\">Ferienh\u00e4user f\u00fcr 6<\/a> (245)<\/p>\n<p style=\"text-align: center;\"><a class=\"plain\" href=\"https:\/\/www.urlaubcornwall.de\/ferienhaeuser-fewos\/eng\/devon\/devon-fuer-7-personen.html\">Ferienh\u00e4user f\u00fcr 7<\/a> (14)<\/p>\n<p style=\"text-align: center;\"><a class=\"plain\" href=\"https:\/\/www.urlaubcornwall.de\/ferienhaeuser-fewos\/eng\/devon\/devon-fuer-8-personen.html\">Ferienh\u00e4user f\u00fcr 8<\/a> (77)<\/p>\n<p style=\"text-align: center;\"><a class=\"plain\" href=\"https:\/\/www.urlaubcornwall.de\/ferienhaeuser-fewos\/eng\/devon\/devon-fuer-9-personen.html\">Ferienh\u00e4user f\u00fcr 9<\/a> (7)<\/p>\n<p style=\"text-align: center;\"><a class=\"plain\" href=\"https:\/\/www.urlaubcornwall.de\/ferienhaeuser-fewos\/eng\/devon\/devon-fuer-10-personen.html\">Ferienh\u00e4user f\u00fcr 10<\/a> (73)<\/p>\n<p style=\"text-align: center;\"><a class=\"plain\" href=\"https:\/\/www.urlaubcornwall.de\/ferienhaeuser-fewos\/eng\/devon\/devon-fuer-11-personen.html\">Ferienh\u00e4user f\u00fcr 11<\/a> (32)<\/p>\n<p style=\"text-align: center;\"><a class=\"plain\" href=\"https:\/\/www.urlaubcornwall.de\/ferienhaeuser-fewos\/eng\/devon\/devon-fuer-12-personen.html\">Ferienh\u00e4user f\u00fcr 12<\/a> (28)<\/p>\n<p style=\"text-align: center;\"><a class=\"plain\" href=\"https:\/\/www.urlaubcornwall.de\/ferienhaeuser-fewos\/eng\/devon\/devon-fuer-13-personen.html\">Ferienh\u00e4user f\u00fcr 13<\/a> (16)<\/p>\n<p style=\"text-align: center;\"><a class=\"plain\" href=\"https:\/\/www.urlaubcornwall.de\/ferienhaeuser-fewos\/eng\/devon\/devon-fuer-14-personen.html\">Ferienh\u00e4user 14<\/a> (14)<\/p>\n<h1 style=\"text-align: center;\"><strong>Devons Regionen<\/strong><\/h1>\n<p style=\"text-align: center;\">&nbsp;<br \/>\n<strong>Urlaub in Mittel Devon<\/strong><\/p>\n<p style=\"text-align: center;\"><a class=\"plain\" href=\"https:\/\/www.urlaubcornwall.de\/ferienhaeuser-fewos\/eng\/mitteldevon-und-ostdevon\/mitteldevon-und-ostdevon-fuer-2-personen.html\">Mitteldevon und Ostdevon f\u00fcr 2<\/a> (36)<\/p>\n<p style=\"text-align: center;\"><a class=\"plain\" href=\"https:\/\/www.urlaubcornwall.de\/ferienhaeuser-fewos\/eng\/mitteldevon-und-ostdevon\/mitteldevon-und-ostdevon-fuer-4-personen.html\">Mitteldevon und Ostdevon f\u00fcr 4<\/a> (37)<\/p>\n<p style=\"text-align: center;\"><a class=\"plain\" href=\"https:\/\/www.urlaubcornwall.de\/ferienhaeuser-fewos\/eng\/mitteldevon-und-ostdevon\/mitteldevon-und-ostdevon-fuer-5-personen.html\">Mitteldevon und Ostdevon f\u00fcr 5<\/a> (4)<\/p>\n<p style=\"text-align: center;\"><a class=\"plain\" href=\"https:\/\/www.urlaubcornwall.de\/ferienhaeuser-fewos\/eng\/mitteldevon-und-ostdevon\/mitteldevon-und-ostdevon-fuer-6-personen.html\">Mitteldevon und Ostdevon f\u00fcr 6<\/a> (23)<\/p>\n<p style=\"text-align: center;\"><a class=\"plain\" href=\"https:\/\/www.urlaubcornwall.de\/ferienhaeuser-fewos\/eng\/mitteldevon-und-ostdevon\/mitteldevon-und-ostdevon-fuer-7-personen.html\">Mitteldevon und Ostdevon f\u00fcr 7<\/a> (1)<\/p>\n<p style=\"text-align: center;\"><a class=\"plain\" href=\"https:\/\/www.urlaubcornwall.de\/ferienhaeuser-fewos\/eng\/mitteldevon-und-ostdevon\/mitteldevon-und-ostdevon-fuer-8-personen.html\">Mitteldevon und Ostdevon f\u00fcr 8<\/a> (8)<\/p>\n<p style=\"text-align: center;\"><a class=\"plain\" href=\"https:\/\/www.urlaubcornwall.de\/ferienhaeuser-fewos\/eng\/mitteldevon-und-ostdevon\/mitteldevon-und-ostdevon-fuer-10-personen.html\">Mitteldevon und Ostdevon f\u00fcr 10<\/a> (4)<\/p>\n<p style=\"text-align: center;\"><a class=\"plain\" href=\"https:\/\/www.urlaubcornwall.de\/ferienhaeuser-fewos\/eng\/mitteldevon-und-ostdevon\/mitteldevon-und-ostdevon-fuer-11-personen.html\">Mitteldevon und Ostdevon f\u00fcr 11<\/a> (1)<\/p>\n<p style=\"text-align: center;\"><a class=\"plain\" href=\"https:\/\/www.urlaubcornwall.de\/ferienhaeuser-fewos\/eng\/mitteldevon-und-ostdevon\/mitteldevon-und-ostdevon-fuer-12-personen.html\">Mitteldevon und Ostdevon f\u00fcr 12<\/a> (2)<\/p>\n<p style=\"text-align: center;\"><a class=\"plain\" href=\"https:\/\/www.urlaubcornwall.de\/ferienhaeuser-fewos\/eng\/mitteldevon-und-ostdevon\/mitteldevon-und-ostdevon-fuer-13-personen.html\">Mitteldevon und Ostdevon f\u00fcr 13<\/a> (1)<\/p>\n<p style=\"text-align: center;\"><strong>Urlaub in Norddevon<\/strong><\/p>\n<p style=\"text-align: center;\"><a class=\"plain\" href=\"https:\/\/www.urlaubcornwall.de\/ferienhaeuser-fewos\/eng\/nord-devon\/nord-devon-fuer-2-personen.html\">Norddevon f\u00fcr 2<\/a> (129)<\/p>\n<p style=\"text-align: center;\"><a class=\"plain\" href=\"https:\/\/www.urlaubcornwall.de\/ferienhaeuser-fewos\/eng\/nord-devon\/nord-devon-fuer-3-personen.html\">Norddevon f\u00fcr 3<\/a> (16)<\/p>\n<p style=\"text-align: center;\"><a class=\"plain\" href=\"https:\/\/www.urlaubcornwall.de\/ferienhaeuser-fewos\/eng\/nord-devon\/nord-devon-fuer-4-personen.html\">Norddevon f\u00fcr 4<\/a> (251)<\/p>\n<p style=\"text-align: center;\"><a class=\"plain\" href=\"https:\/\/www.urlaubcornwall.de\/ferienhaeuser-fewos\/eng\/nord-devon\/nord-devon-fuer-5-personen.html\">Norddevon f\u00fcr 5<\/a> (32)<\/p>\n<p style=\"text-align: center;\"><a class=\"plain\" href=\"https:\/\/www.urlaubcornwall.de\/ferienhaeuser-fewos\/eng\/nord-devon\/nord-devon-fuer-6-personen.html\">Norddevon f\u00fcr 6<\/a> (161)<\/p>\n<p style=\"text-align: center;\"><a class=\"plain\" href=\"https:\/\/www.urlaubcornwall.de\/ferienhaeuser-fewos\/eng\/nord-devon\/nord-devon-fuer-7-personen.html\">Norddevon f\u00fcr 7<\/a> (6)<\/p>\n<p style=\"text-align: center;\"><a class=\"plain\" href=\"https:\/\/www.urlaubcornwall.de\/ferienhaeuser-fewos\/eng\/nord-devon\/nord-devon-fuer-8-personen.html\">Norddevon f\u00fcr 8<\/a> (59)<\/p>\n<p style=\"text-align: center;\"><a class=\"plain\" href=\"https:\/\/www.urlaubcornwall.de\/ferienhaeuser-fewos\/eng\/nord-devon\/nord-devon-fuer-9-personen.html\">Norddevon f\u00fcr 9<\/a> (4)<\/p>\n<p style=\"text-align: center;\"><a class=\"plain\" href=\"https:\/\/www.urlaubcornwall.de\/ferienhaeuser-fewos\/eng\/nord-devon\/nord-devon-fuer-10-personen.html\">Norddevon f\u00fcr 10<\/a> (28)<\/p>\n<p style=\"text-align: center;\"><a class=\"plain\" href=\"https:\/\/www.urlaubcornwall.de\/ferienhaeuser-fewos\/eng\/nord-devon\/nord-devon-fuer-11-personen.html\">Norddevon f\u00fcr 11<\/a> (4)<\/p>\n<p style=\"text-align: center;\"><a class=\"plain\" href=\"https:\/\/www.urlaubcornwall.de\/ferienhaeuser-fewos\/eng\/nord-devon\/nord-devon-fuer-12-personen.html\">Norddevon f\u00fcr 12<\/a> (9)<\/p>\n<p style=\"text-align: center;\"><a class=\"plain\" href=\"https:\/\/www.urlaubcornwall.de\/ferienhaeuser-fewos\/eng\/nord-devon\/nord-devon-fuer-13-personen.html\">Norddevon f\u00fcr 13<\/a> (2)<\/p>\n<p style=\"text-align: center;\"><a class=\"plain\" href=\"https:\/\/www.urlaubcornwall.de\/ferienhaeuser-fewos\/eng\/nord-devon\/nord-devon-fuer-14-personen.html\">Norddevon f\u00fcr 14<\/a> (4)<\/p>\n<p style=\"text-align: center;\"><strong>Urlaub in S\u00fcddevon<\/strong><\/p>\n<p style=\"text-align: center;\"><a class=\"plain\" href=\"https:\/\/www.urlaubcornwall.de\/ferienhaeuser-fewos\/eng\/sued-devon\/sued-devon-fuer-2-personen.html\">S\u00fcddevon f\u00fcr 2<\/a> (86)<\/p>\n<p style=\"text-align: center;\"><a class=\"plain\" href=\"https:\/\/www.urlaubcornwall.de\/ferienhaeuser-fewos\/eng\/sued-devon\/sued-devon-fuer-3-personen.html\">S\u00fcddevon f\u00fcr 3<\/a> (12)<\/p>\n<p style=\"text-align: center;\"><a class=\"plain\" href=\"https:\/\/www.urlaubcornwall.de\/ferienhaeuser-fewos\/eng\/sued-devon\/sued-devon-fuer-4-personen.html\">S\u00fcddevon f\u00fcr 4<\/a> (132)<\/p>\n<p style=\"text-align: center;\"><a class=\"plain\" href=\"https:\/\/www.urlaubcornwall.de\/ferienhaeuser-fewos\/eng\/sued-devon\/sued-devon-fuer-5-personen.html\">S\u00fcddevon f\u00fcr 5<\/a> (27)<\/p>\n<p style=\"text-align: center;\"><a class=\"plain\" href=\"https:\/\/www.urlaubcornwall.de\/ferienhaeuser-fewos\/eng\/sued-devon\/sued-devon-fuer-6-personen.html\">S\u00fcddevon f\u00fcr 6<\/a> (84)<\/p>\n<p style=\"text-align: center;\"><a class=\"plain\" href=\"https:\/\/www.urlaubcornwall.de\/ferienhaeuser-fewos\/eng\/sued-devon\/sued-devon-fuer-7-personen.html\">S\u00fcddevon f\u00fcr 7<\/a> (8)<\/p>\n<p style=\"text-align: center;\"><a class=\"plain\" href=\"https:\/\/www.urlaubcornwall.de\/ferienhaeuser-fewos\/eng\/sued-devon\/sued-devon-fuer-8-personen.html\">S\u00fcddevon f\u00fcr 8<\/a> (18)<\/p>\n<p style=\"text-align: center;\"><a class=\"plain\" href=\"https:\/\/www.urlaubcornwall.de\/ferienhaeuser-fewos\/eng\/sued-devon\/sued-devon-fuer-9-personen.html\">S\u00fcddevon f\u00fcr 9<\/a> (3)<\/p>\n<p style=\"text-align: center;\"><a class=\"plain\" href=\"https:\/\/www.urlaubcornwall.de\/ferienhaeuser-fewos\/eng\/sued-devon\/sued-devon-fuer-10-personen.html\">S\u00fcddevon f\u00fcr 10<\/a> (13)<\/p>\n<p style=\"text-align: center;\"><a class=\"plain\" href=\"https:\/\/www.urlaubcornwall.de\/ferienhaeuser-fewos\/eng\/sued-devon\/sued-devon-fuer-12-personen.html\">S\u00fcddevon f\u00fcr 12<\/a> (3)<\/p>\n<p style=\"text-align: center;\"><a class=\"plain\" href=\"https:\/\/www.urlaubcornwall.de\/ferienhaeuser-fewos\/eng\/sued-devon\/sued-devon-fuer-14-personen.html\">S\u00fcddevon f\u00fcr 14<\/a> (3)<\/p>\n\n","protected":false},"excerpt":{"rendered":"<p>Bei uns finden Sie Luxus Unterk\u00fcnfte zum Verlieben &#8211; so einfach ist das! Pers\u00f6nlich inspizierte Ferienh\u00e4user und Ferienwohnungen f\u00fcr Ihren Urlaub mit Selbstverpflegung in Devon. F\u00fcr Paare, Familien &amp; Gruppen mit 6, 8, 10, 12 oder 14 G\u00e4sten. Suche Ferienh\u00e4user in Devon Ferienh\u00e4user f\u00fcr 3 (28) Ferienh\u00e4user f\u00fcr 4 (383) Ferienh\u00e4user f\u00fcr 5 (59) Ferienh\u00e4user [&hellip;]<\/p>\n","protected":false},"author":1,"featured_media":0,"parent":0,"menu_order":0,"comment_status":"closed","ping_status":"closed","template":"single-four.php","meta":[],"acf":[],"yoast_head":"<!-- This site is optimized with the Yoast SEO plugin v19.4 - https:\/\/yoast.com\/wordpress\/plugins\/seo\/ -->\n<title>Ferienh\u00e4user f\u00fcr Paare, Familien &amp; Gruppen in Devon - Pers\u00f6nlich inspizierte Unterk\u00fcnfte - Urlaub &amp; Reisen<\/title>\n<meta name=\"robots\" content=\"index, follow, max-snippet:-1, max-image-preview:large, max-video-preview:-1\" \/>\n<link rel=\"canonical\" href=\"https:\/\/www.urlaubcornwall.de\/blog\/fuer-paare-familien-gruppen-in-devon-persoenlich-inspizierte-unterkuenfte\/\" \/>\n<meta property=\"og:locale\" content=\"en_US\" \/>\n<meta property=\"og:type\" content=\"article\" \/>\n<meta property=\"og:title\" content=\"Ferienh\u00e4user f\u00fcr Paare, Familien &amp; Gruppen in Devon - Pers\u00f6nlich inspizierte Unterk\u00fcnfte - Urlaub &amp; Reisen\" \/>\n<meta property=\"og:description\" content=\"Bei uns finden Sie Luxus Unterk\u00fcnfte zum Verlieben &#8211; so einfach ist das! Pers\u00f6nlich inspizierte Ferienh\u00e4user und Ferienwohnungen f\u00fcr Ihren Urlaub mit Selbstverpflegung in Devon. F\u00fcr Paare, Familien &amp; Gruppen mit 6, 8, 10, 12 oder 14 G\u00e4sten. Suche Ferienh\u00e4user in Devon Ferienh\u00e4user f\u00fcr 3 (28) Ferienh\u00e4user f\u00fcr 4 (383) Ferienh\u00e4user f\u00fcr 5 (59) Ferienh\u00e4user [&hellip;]\" \/>\n<meta property=\"og:url\" content=\"https:\/\/www.urlaubcornwall.de\/blog\/fuer-paare-familien-gruppen-in-devon-persoenlich-inspizierte-unterkuenfte\/\" \/>\n<meta property=\"og:site_name\" content=\"Urlaub &amp; Reisen\" \/>\n<meta property=\"article:modified_time\" content=\"2019-05-01T14:50:29+00:00\" \/>\n<meta property=\"og:image\" content=\"https:\/\/www.urlaubcornwall.de\/blog\/wp-content\/uploads\/2019\/04\/Charmante-D\u00f6rfer-cornwall.jpg\" \/>\n<meta name=\"twitter:card\" content=\"summary\" \/>\n<meta name=\"twitter:label1\" content=\"Est. reading time\" \/>\n\t<meta name=\"twitter:data1\" content=\"1 minute\" \/>\n<script type=\"application\/ld+json\" class=\"yoast-schema-graph\">{\"@context\":\"https:\/\/schema.org\",\"@graph\":[{\"@type\":\"WebSite\",\"@id\":\"https:\/\/www.urlaubcornwall.de\/blog\/#website\",\"url\":\"https:\/\/www.urlaubcornwall.de\/blog\/\",\"name\":\"Urlaub &amp; Reisen\",\"description\":\"Urlaub, Reisen, Cornwall und S\u00fcdengland: eine perfekte Kombination\",\"potentialAction\":[{\"@type\":\"SearchAction\",\"target\":{\"@type\":\"EntryPoint\",\"urlTemplate\":\"https:\/\/www.urlaubcornwall.de\/blog\/?s={search_term_string}\"},\"query-input\":\"required name=search_term_string\"}],\"inLanguage\":\"en-US\"},{\"@type\":\"WebPage\",\"@id\":\"https:\/\/www.urlaubcornwall.de\/blog\/fuer-paare-familien-gruppen-in-devon-persoenlich-inspizierte-unterkuenfte\/\",\"url\":\"https:\/\/www.urlaubcornwall.de\/blog\/fuer-paare-familien-gruppen-in-devon-persoenlich-inspizierte-unterkuenfte\/\",\"name\":\"Ferienh\u00e4user f\u00fcr Paare, Familien & Gruppen in Devon - Pers\u00f6nlich inspizierte Unterk\u00fcnfte - Urlaub &amp; Reisen\",\"isPartOf\":{\"@id\":\"https:\/\/www.urlaubcornwall.de\/blog\/#website\"},\"datePublished\":\"2019-04-15T10:06:45+00:00\",\"dateModified\":\"2019-05-01T14:50:29+00:00\",\"breadcrumb\":{\"@id\":\"https:\/\/www.urlaubcornwall.de\/blog\/fuer-paare-familien-gruppen-in-devon-persoenlich-inspizierte-unterkuenfte\/#breadcrumb\"},\"inLanguage\":\"en-US\",\"potentialAction\":[{\"@type\":\"ReadAction\",\"target\":[\"https:\/\/www.urlaubcornwall.de\/blog\/fuer-paare-familien-gruppen-in-devon-persoenlich-inspizierte-unterkuenfte\/\"]}]},{\"@type\":\"BreadcrumbList\",\"@id\":\"https:\/\/www.urlaubcornwall.de\/blog\/fuer-paare-familien-gruppen-in-devon-persoenlich-inspizierte-unterkuenfte\/#breadcrumb\",\"itemListElement\":[{\"@type\":\"ListItem\",\"position\":1,\"name\":\"Home\",\"item\":\"https:\/\/www.urlaubcornwall.de\/blog\/\"},{\"@type\":\"ListItem\",\"position\":2,\"name\":\"Ferienh\u00e4user f\u00fcr Paare, Familien &#038; Gruppen in Devon &#8211; Pers\u00f6nlich inspizierte Unterk\u00fcnfte\"}]}]}<\/script>\n<!-- \/ Yoast SEO plugin. -->","yoast_head_json":{"title":"Ferienh\u00e4user f\u00fcr Paare, Familien & Gruppen in Devon - Pers\u00f6nlich inspizierte Unterk\u00fcnfte - Urlaub &amp; Reisen","robots":{"index":"index","follow":"follow","max-snippet":"max-snippet:-1","max-image-preview":"max-image-preview:large","max-video-preview":"max-video-preview:-1"},"canonical":"https:\/\/www.urlaubcornwall.de\/blog\/fuer-paare-familien-gruppen-in-devon-persoenlich-inspizierte-unterkuenfte\/","og_locale":"en_US","og_type":"article","og_title":"Ferienh\u00e4user f\u00fcr Paare, Familien & Gruppen in Devon - Pers\u00f6nlich inspizierte Unterk\u00fcnfte - Urlaub &amp; Reisen","og_description":"Bei uns finden Sie Luxus Unterk\u00fcnfte zum Verlieben &#8211; so einfach ist das! Pers\u00f6nlich inspizierte Ferienh\u00e4user und Ferienwohnungen f\u00fcr Ihren Urlaub mit Selbstverpflegung in Devon. F\u00fcr Paare, Familien &amp; Gruppen mit 6, 8, 10, 12 oder 14 G\u00e4sten. Suche Ferienh\u00e4user in Devon Ferienh\u00e4user f\u00fcr 3 (28) Ferienh\u00e4user f\u00fcr 4 (383) Ferienh\u00e4user f\u00fcr 5 (59) Ferienh\u00e4user [&hellip;]","og_url":"https:\/\/www.urlaubcornwall.de\/blog\/fuer-paare-familien-gruppen-in-devon-persoenlich-inspizierte-unterkuenfte\/","og_site_name":"Urlaub &amp; Reisen","article_modified_time":"2019-05-01T14:50:29+00:00","og_image":[{"url":"https:\/\/www.urlaubcornwall.de\/blog\/wp-content\/uploads\/2019\/04\/Charmante-D\u00f6rfer-cornwall.jpg"}],"twitter_card":"summary","twitter_misc":{"Est. reading time":"1 minute"},"schema":{"@context":"https:\/\/schema.org","@graph":[{"@type":"WebSite","@id":"https:\/\/www.urlaubcornwall.de\/blog\/#website","url":"https:\/\/www.urlaubcornwall.de\/blog\/","name":"Urlaub &amp; Reisen","description":"Urlaub, Reisen, Cornwall und S\u00fcdengland: eine perfekte Kombination","potentialAction":[{"@type":"SearchAction","target":{"@type":"EntryPoint","urlTemplate":"https:\/\/www.urlaubcornwall.de\/blog\/?s={search_term_string}"},"query-input":"required name=search_term_string"}],"inLanguage":"en-US"},{"@type":"WebPage","@id":"https:\/\/www.urlaubcornwall.de\/blog\/fuer-paare-familien-gruppen-in-devon-persoenlich-inspizierte-unterkuenfte\/","url":"https:\/\/www.urlaubcornwall.de\/blog\/fuer-paare-familien-gruppen-in-devon-persoenlich-inspizierte-unterkuenfte\/","name":"Ferienh\u00e4user f\u00fcr Paare, Familien & Gruppen in Devon - Pers\u00f6nlich inspizierte Unterk\u00fcnfte - Urlaub &amp; Reisen","isPartOf":{"@id":"https:\/\/www.urlaubcornwall.de\/blog\/#website"},"datePublished":"2019-04-15T10:06:45+00:00","dateModified":"2019-05-01T14:50:29+00:00","breadcrumb":{"@id":"https:\/\/www.urlaubcornwall.de\/blog\/fuer-paare-familien-gruppen-in-devon-persoenlich-inspizierte-unterkuenfte\/#breadcrumb"},"inLanguage":"en-US","potentialAction":[{"@type":"ReadAction","target":["https:\/\/www.urlaubcornwall.de\/blog\/fuer-paare-familien-gruppen-in-devon-persoenlich-inspizierte-unterkuenfte\/"]}]},{"@type":"BreadcrumbList","@id":"https:\/\/www.urlaubcornwall.de\/blog\/fuer-paare-familien-gruppen-in-devon-persoenlich-inspizierte-unterkuenfte\/#breadcrumb","itemListElement":[{"@type":"ListItem","position":1,"name":"Home","item":"https:\/\/www.urlaubcornwall.de\/blog\/"},{"@type":"ListItem","position":2,"name":"Ferienh\u00e4user f\u00fcr Paare, Familien &#038; Gruppen in Devon &#8211; Pers\u00f6nlich inspizierte Unterk\u00fcnfte"}]}]}},"_links":{"self":[{"href":"https:\/\/www.urlaubcornwall.de\/blog\/wp-json\/wp\/v2\/pages\/38140"}],"collection":[{"href":"https:\/\/www.urlaubcornwall.de\/blog\/wp-json\/wp\/v2\/pages"}],"about":[{"href":"https:\/\/www.urlaubcornwall.de\/blog\/wp-json\/wp\/v2\/types\/page"}],"author":[{"embeddable":true,"href":"https:\/\/www.urlaubcornwall.de\/blog\/wp-json\/wp\/v2\/users\/1"}],"replies":[{"embeddable":true,"href":"https:\/\/www.urlaubcornwall.de\/blog\/wp-json\/wp\/v2\/comments?post=38140"}],"version-history":[{"count":5,"href":"https:\/\/www.urlaubcornwall.de\/blog\/wp-json\/wp\/v2\/pages\/38140\/revisions"}],"predecessor-version":[{"id":38340,"href":"https:\/\/www.urlaubcornwall.de\/blog\/wp-json\/wp\/v2\/pages\/38140\/revisions\/38340"}],"wp:attachment":[{"href":"https:\/\/www.urlaubcornwall.de\/blog\/wp-json\/wp\/v2\/media?parent=38140"}],"curies":[{"name":"wp","href":"https:\/\/api.w.org\/{rel}","templated":true}]}}