{"id":38134,"date":"2019-04-15T09:19:12","date_gmt":"2019-04-15T09:19:12","guid":{"rendered":"https:\/\/www.urlaubcornwall.de\/blog\/?page_id=38134"},"modified":"2024-05-30T15:01:44","modified_gmt":"2024-05-30T15:01:44","slug":"schoensten-ferienhaeuser-in-kent-beliebtesten-doerfer-und-kuestenstaedte","status":"publish","type":"page","link":"https:\/\/www.urlaubcornwall.de\/blog\/schoensten-ferienhaeuser-in-kent-beliebtesten-doerfer-und-kuestenstaedte\/","title":{"rendered":"Sch\u00f6nsten Ferienh\u00e4user in Kent &#8211; beliebtesten D\u00f6rfer und K\u00fcstenst\u00e4dte"},"content":{"rendered":"<p><a href=\"https:\/\/www.urlaubcornwall.de\/blog\/wp-content\/uploads\/2024\/03\/ferienhaus-england-cornwall.jpg\"><img loading=\"lazy\" src=\"https:\/\/www.urlaubcornwall.de\/blog\/wp-content\/uploads\/2024\/03\/ferienhaus-england-cornwall.jpg\" alt=\"\" width=\"750\" height=\"643\" class=\"alignnone size-full wp-image-47901\" srcset=\"https:\/\/www.urlaubcornwall.de\/blog\/wp-content\/uploads\/2024\/03\/ferienhaus-england-cornwall.jpg 750w, https:\/\/www.urlaubcornwall.de\/blog\/wp-content\/uploads\/2024\/03\/ferienhaus-england-cornwall-300x257.jpg 300w\" sizes=\"(max-width: 750px) 100vw, 750px\" \/><\/a><br \/>\n<strong>Bei uns finden Sie Ferienh\u00e4user zum Verlieben &#8211; so einfach ist das!<\/strong><br \/>\nPers\u00f6nlich inspizierte <a href=\"https:\/\/www.urlaubcornwall.de\/ferienhaeuser\/suedengland.php\">Ferienh\u00e4user, Ferienwohnungen und Cottages in England<\/a> f\u00fcr Ihren Urlaub in Kent.<\/p>\n<p style=\"text-align: center;\"><a class=\"tidycta\" href=\"https:\/\/www.urlaubcornwall.de\/ferienhaeuser-fewos\/eng\/kent\/kent.html\">Suche Ferienh\u00e4user Kent<\/a><\/p>\n\n<p style=\"text-align: center;\"><a class=\"plain\" href=\"https:\/\/www.urlaubcornwall.de\/ferienhaeuser-fewos\/eng\/kent\/aldington.html\">Aldington<\/a> (17)<\/p>\n<p style=\"text-align: center;\"><a class=\"plain\" href=\"https:\/\/www.urlaubcornwall.de\/ferienhaeuser-fewos\/eng\/kent\/appledore.html\">Appledore<\/a> (23)<\/p>\n<p style=\"text-align: center;\"><a class=\"plain\" href=\"https:\/\/www.urlaubcornwall.de\/ferienhaeuser-fewos\/eng\/kent\/ashford.html\">Ashford<\/a> (1)<\/p>\n<p style=\"text-align: center;\"><a class=\"plain\" href=\"https:\/\/www.urlaubcornwall.de\/ferienhaeuser-fewos\/eng\/kent\/benenden.html\">Benenden<\/a> (21)<\/p>\n<p style=\"text-align: center;\"><a class=\"plain\" href=\"https:\/\/www.urlaubcornwall.de\/ferienhaeuser-fewos\/eng\/kent\/biddenden.html\">Biddenden<\/a> (12)<\/p>\n<p style=\"text-align: center;\"><a class=\"plain\" href=\"https:\/\/www.urlaubcornwall.de\/ferienhaeuser-fewos\/eng\/kent\/broadstairs.html\">Broadstairs<\/a> (3)<\/p>\n<p style=\"text-align: center;\"><a class=\"plain\" href=\"https:\/\/www.urlaubcornwall.de\/ferienhaeuser-fewos\/eng\/kent\/brookland.html\">Brookland<\/a> (50)<\/p>\n<p style=\"text-align: center;\"><a class=\"plain\" href=\"https:\/\/www.urlaubcornwall.de\/ferienhaeuser-fewos\/eng\/kent\/canterbury.html\">Canterbury<\/a> (19)<\/p>\n<p style=\"text-align: center;\"><a class=\"plain\" href=\"https:\/\/www.urlaubcornwall.de\/ferienhaeuser-fewos\/eng\/kent\/dungeness.html\">Dungeness<\/a> (1)<\/p>\n<p style=\"text-align: center;\"><a class=\"plain\" href=\"https:\/\/www.urlaubcornwall.de\/ferienhaeuser-fewos\/eng\/kent\/goudhurst.html\">Goudhurst<\/a> (6)<\/p>\n<p style=\"text-align: center;\"><a class=\"plain\" href=\"https:\/\/www.urlaubcornwall.de\/ferienhaeuser-fewos\/eng\/kent\/maidstone.html\">Maidstone<\/a> (2)<\/p>\n<p style=\"text-align: center;\"><a class=\"plain\" href=\"https:\/\/www.urlaubcornwall.de\/ferienhaeuser-fewos\/eng\/kent\/marden.html\">Marden<\/a> (6)<\/p>\n<p style=\"text-align: center;\"><a class=\"plain\" href=\"https:\/\/www.urlaubcornwall.de\/ferienhaeuser-fewos\/eng\/kent\/margate.html\">Margate<\/a> (3)<\/p>\n<p style=\"text-align: center;\"><a class=\"plain\" href=\"https:\/\/www.urlaubcornwall.de\/ferienhaeuser-fewos\/eng\/kent\/rochester.html\">Rochester<\/a> (2)<\/p>\n<p style=\"text-align: center;\"><a class=\"plain\" href=\"https:\/\/www.urlaubcornwall.de\/ferienhaeuser-fewos\/eng\/kent\/rolvenden.html\">Rolvenden<\/a> (19)<\/p>\n<p style=\"text-align: center;\"><a class=\"plain\" href=\"https:\/\/www.urlaubcornwall.de\/ferienhaeuser-fewos\/eng\/kent\/sandhurst.html\">Sandhurstl<\/a> (1)<\/p>\n<p style=\"text-align: center;\"><a class=\"plain\" href=\"https:\/\/www.urlaubcornwall.de\/ferienhaeuser-fewos\/eng\/kent\/seasalter.html\">Seasalter<\/a> (21)<\/p>\n<p style=\"text-align: center;\"><a class=\"plain\" href=\"https:\/\/www.urlaubcornwall.de\/ferienhaeuser-fewos\/eng\/kent\/sissinghurst.html\">Sissinghurst<\/a> (16)<\/p>\n<p style=\"text-align: center;\"><a class=\"plain\" href=\"https:\/\/www.urlaubcornwall.de\/ferienhaeuser-fewos\/eng\/kent\/smarden.html\">Smarden<\/a> (12)<\/p>\n<p style=\"text-align: center;\"><a class=\"plain\" href=\"https:\/\/www.urlaubcornwall.de\/ferienhaeuser-fewos\/eng\/kent\/tenterden.html\">Tenterden<\/a> (15)<\/p>\n<p style=\"text-align: center;\"><a class=\"plain\" href=\"https:\/\/www.urlaubcornwall.de\/ferienhaeuser-fewos\/eng\/kent\/tunbridge-wells.html\">Tunbridge Wells<\/a> (6)<\/p>\n<p style=\"text-align: center;\"><a class=\"plain\" href=\"https:\/\/www.urlaubcornwall.de\/ferienhaeuser-fewos\/eng\/kent\/whitstable.html\">Whitstable<\/a> (21)<\/p>\n<p style=\"text-align: center;\"><a class=\"plain\" href=\"https:\/\/www.urlaubcornwall.de\/ferienhaeuser-fewos\/eng\/kent\/wittersham.html\">Wittersham<\/a> (29)<\/p>\n\n\n","protected":false},"excerpt":{"rendered":"<p>Bei uns finden Sie Ferienh\u00e4user zum Verlieben &#8211; so einfach ist das! Pers\u00f6nlich inspizierte Ferienh\u00e4user, Ferienwohnungen und Cottages in England f\u00fcr Ihren Urlaub in Kent. Suche Ferienh\u00e4user Kent Aldington (17) Appledore (23) Ashford (1) Benenden (21) Biddenden (12) Broadstairs (3) Brookland (50) Canterbury (19) Dungeness (1) Goudhurst (6) Maidstone (2) Marden (6) Margate (3) Rochester [&hellip;]<\/p>\n","protected":false},"author":1,"featured_media":0,"parent":0,"menu_order":0,"comment_status":"closed","ping_status":"closed","template":"single-four.php","meta":[],"acf":[],"yoast_head":"<!-- This site is optimized with the Yoast SEO plugin v19.4 - https:\/\/yoast.com\/wordpress\/plugins\/seo\/ -->\n<title>Sch\u00f6nsten Ferienh\u00e4user in Kent - beliebtesten D\u00f6rfer und K\u00fcstenst\u00e4dte - Urlaub &amp; Reisen<\/title>\n<meta name=\"robots\" content=\"index, follow, max-snippet:-1, max-image-preview:large, max-video-preview:-1\" \/>\n<link rel=\"canonical\" href=\"https:\/\/www.urlaubcornwall.de\/blog\/schoensten-ferienhaeuser-in-kent-beliebtesten-doerfer-und-kuestenstaedte\/\" \/>\n<meta property=\"og:locale\" content=\"en_US\" \/>\n<meta property=\"og:type\" content=\"article\" \/>\n<meta property=\"og:title\" content=\"Sch\u00f6nsten Ferienh\u00e4user in Kent - beliebtesten D\u00f6rfer und K\u00fcstenst\u00e4dte - Urlaub &amp; Reisen\" \/>\n<meta property=\"og:description\" content=\"Bei uns finden Sie Ferienh\u00e4user zum Verlieben &#8211; so einfach ist das! Pers\u00f6nlich inspizierte Ferienh\u00e4user, Ferienwohnungen und Cottages in England f\u00fcr Ihren Urlaub in Kent. Suche Ferienh\u00e4user Kent Aldington (17) Appledore (23) Ashford (1) Benenden (21) Biddenden (12) Broadstairs (3) Brookland (50) Canterbury (19) Dungeness (1) Goudhurst (6) Maidstone (2) Marden (6) Margate (3) Rochester [&hellip;]\" \/>\n<meta property=\"og:url\" content=\"https:\/\/www.urlaubcornwall.de\/blog\/schoensten-ferienhaeuser-in-kent-beliebtesten-doerfer-und-kuestenstaedte\/\" \/>\n<meta property=\"og:site_name\" content=\"Urlaub &amp; Reisen\" \/>\n<meta property=\"article:modified_time\" content=\"2024-05-30T15:01:44+00:00\" \/>\n<meta property=\"og:image\" content=\"https:\/\/www.urlaubcornwall.de\/blog\/wp-content\/uploads\/2024\/03\/ferienhaus-england-cornwall.jpg\" \/>\n<meta name=\"twitter:card\" content=\"summary\" \/>\n<meta name=\"twitter:label1\" content=\"Est. reading time\" \/>\n\t<meta name=\"twitter:data1\" content=\"1 minute\" \/>\n<script type=\"application\/ld+json\" class=\"yoast-schema-graph\">{\"@context\":\"https:\/\/schema.org\",\"@graph\":[{\"@type\":\"WebSite\",\"@id\":\"https:\/\/www.urlaubcornwall.de\/blog\/#website\",\"url\":\"https:\/\/www.urlaubcornwall.de\/blog\/\",\"name\":\"Urlaub &amp; Reisen\",\"description\":\"Urlaub, Reisen, Cornwall und S\u00fcdengland: eine perfekte Kombination\",\"potentialAction\":[{\"@type\":\"SearchAction\",\"target\":{\"@type\":\"EntryPoint\",\"urlTemplate\":\"https:\/\/www.urlaubcornwall.de\/blog\/?s={search_term_string}\"},\"query-input\":\"required name=search_term_string\"}],\"inLanguage\":\"en-US\"},{\"@type\":\"WebPage\",\"@id\":\"https:\/\/www.urlaubcornwall.de\/blog\/schoensten-ferienhaeuser-in-kent-beliebtesten-doerfer-und-kuestenstaedte\/\",\"url\":\"https:\/\/www.urlaubcornwall.de\/blog\/schoensten-ferienhaeuser-in-kent-beliebtesten-doerfer-und-kuestenstaedte\/\",\"name\":\"Sch\u00f6nsten Ferienh\u00e4user in Kent - beliebtesten D\u00f6rfer und K\u00fcstenst\u00e4dte - Urlaub &amp; Reisen\",\"isPartOf\":{\"@id\":\"https:\/\/www.urlaubcornwall.de\/blog\/#website\"},\"datePublished\":\"2019-04-15T09:19:12+00:00\",\"dateModified\":\"2024-05-30T15:01:44+00:00\",\"breadcrumb\":{\"@id\":\"https:\/\/www.urlaubcornwall.de\/blog\/schoensten-ferienhaeuser-in-kent-beliebtesten-doerfer-und-kuestenstaedte\/#breadcrumb\"},\"inLanguage\":\"en-US\",\"potentialAction\":[{\"@type\":\"ReadAction\",\"target\":[\"https:\/\/www.urlaubcornwall.de\/blog\/schoensten-ferienhaeuser-in-kent-beliebtesten-doerfer-und-kuestenstaedte\/\"]}]},{\"@type\":\"BreadcrumbList\",\"@id\":\"https:\/\/www.urlaubcornwall.de\/blog\/schoensten-ferienhaeuser-in-kent-beliebtesten-doerfer-und-kuestenstaedte\/#breadcrumb\",\"itemListElement\":[{\"@type\":\"ListItem\",\"position\":1,\"name\":\"Home\",\"item\":\"https:\/\/www.urlaubcornwall.de\/blog\/\"},{\"@type\":\"ListItem\",\"position\":2,\"name\":\"Sch\u00f6nsten Ferienh\u00e4user in Kent &#8211; beliebtesten D\u00f6rfer und K\u00fcstenst\u00e4dte\"}]}]}<\/script>\n<!-- \/ Yoast SEO plugin. -->","yoast_head_json":{"title":"Sch\u00f6nsten Ferienh\u00e4user in Kent - beliebtesten D\u00f6rfer und K\u00fcstenst\u00e4dte - Urlaub &amp; Reisen","robots":{"index":"index","follow":"follow","max-snippet":"max-snippet:-1","max-image-preview":"max-image-preview:large","max-video-preview":"max-video-preview:-1"},"canonical":"https:\/\/www.urlaubcornwall.de\/blog\/schoensten-ferienhaeuser-in-kent-beliebtesten-doerfer-und-kuestenstaedte\/","og_locale":"en_US","og_type":"article","og_title":"Sch\u00f6nsten Ferienh\u00e4user in Kent - beliebtesten D\u00f6rfer und K\u00fcstenst\u00e4dte - Urlaub &amp; Reisen","og_description":"Bei uns finden Sie Ferienh\u00e4user zum Verlieben &#8211; so einfach ist das! Pers\u00f6nlich inspizierte Ferienh\u00e4user, Ferienwohnungen und Cottages in England f\u00fcr Ihren Urlaub in Kent. Suche Ferienh\u00e4user Kent Aldington (17) Appledore (23) Ashford (1) Benenden (21) Biddenden (12) Broadstairs (3) Brookland (50) Canterbury (19) Dungeness (1) Goudhurst (6) Maidstone (2) Marden (6) Margate (3) Rochester [&hellip;]","og_url":"https:\/\/www.urlaubcornwall.de\/blog\/schoensten-ferienhaeuser-in-kent-beliebtesten-doerfer-und-kuestenstaedte\/","og_site_name":"Urlaub &amp; Reisen","article_modified_time":"2024-05-30T15:01:44+00:00","og_image":[{"url":"https:\/\/www.urlaubcornwall.de\/blog\/wp-content\/uploads\/2024\/03\/ferienhaus-england-cornwall.jpg"}],"twitter_card":"summary","twitter_misc":{"Est. reading time":"1 minute"},"schema":{"@context":"https:\/\/schema.org","@graph":[{"@type":"WebSite","@id":"https:\/\/www.urlaubcornwall.de\/blog\/#website","url":"https:\/\/www.urlaubcornwall.de\/blog\/","name":"Urlaub &amp; Reisen","description":"Urlaub, Reisen, Cornwall und S\u00fcdengland: eine perfekte Kombination","potentialAction":[{"@type":"SearchAction","target":{"@type":"EntryPoint","urlTemplate":"https:\/\/www.urlaubcornwall.de\/blog\/?s={search_term_string}"},"query-input":"required name=search_term_string"}],"inLanguage":"en-US"},{"@type":"WebPage","@id":"https:\/\/www.urlaubcornwall.de\/blog\/schoensten-ferienhaeuser-in-kent-beliebtesten-doerfer-und-kuestenstaedte\/","url":"https:\/\/www.urlaubcornwall.de\/blog\/schoensten-ferienhaeuser-in-kent-beliebtesten-doerfer-und-kuestenstaedte\/","name":"Sch\u00f6nsten Ferienh\u00e4user in Kent - beliebtesten D\u00f6rfer und K\u00fcstenst\u00e4dte - Urlaub &amp; Reisen","isPartOf":{"@id":"https:\/\/www.urlaubcornwall.de\/blog\/#website"},"datePublished":"2019-04-15T09:19:12+00:00","dateModified":"2024-05-30T15:01:44+00:00","breadcrumb":{"@id":"https:\/\/www.urlaubcornwall.de\/blog\/schoensten-ferienhaeuser-in-kent-beliebtesten-doerfer-und-kuestenstaedte\/#breadcrumb"},"inLanguage":"en-US","potentialAction":[{"@type":"ReadAction","target":["https:\/\/www.urlaubcornwall.de\/blog\/schoensten-ferienhaeuser-in-kent-beliebtesten-doerfer-und-kuestenstaedte\/"]}]},{"@type":"BreadcrumbList","@id":"https:\/\/www.urlaubcornwall.de\/blog\/schoensten-ferienhaeuser-in-kent-beliebtesten-doerfer-und-kuestenstaedte\/#breadcrumb","itemListElement":[{"@type":"ListItem","position":1,"name":"Home","item":"https:\/\/www.urlaubcornwall.de\/blog\/"},{"@type":"ListItem","position":2,"name":"Sch\u00f6nsten Ferienh\u00e4user in Kent &#8211; beliebtesten D\u00f6rfer und K\u00fcstenst\u00e4dte"}]}]}},"_links":{"self":[{"href":"https:\/\/www.urlaubcornwall.de\/blog\/wp-json\/wp\/v2\/pages\/38134"}],"collection":[{"href":"https:\/\/www.urlaubcornwall.de\/blog\/wp-json\/wp\/v2\/pages"}],"about":[{"href":"https:\/\/www.urlaubcornwall.de\/blog\/wp-json\/wp\/v2\/types\/page"}],"author":[{"embeddable":true,"href":"https:\/\/www.urlaubcornwall.de\/blog\/wp-json\/wp\/v2\/users\/1"}],"replies":[{"embeddable":true,"href":"https:\/\/www.urlaubcornwall.de\/blog\/wp-json\/wp\/v2\/comments?post=38134"}],"version-history":[{"count":3,"href":"https:\/\/www.urlaubcornwall.de\/blog\/wp-json\/wp\/v2\/pages\/38134\/revisions"}],"predecessor-version":[{"id":51134,"href":"https:\/\/www.urlaubcornwall.de\/blog\/wp-json\/wp\/v2\/pages\/38134\/revisions\/51134"}],"wp:attachment":[{"href":"https:\/\/www.urlaubcornwall.de\/blog\/wp-json\/wp\/v2\/media?parent=38134"}],"curies":[{"name":"wp","href":"https:\/\/api.w.org\/{rel}","templated":true}]}}