{"id":38112,"date":"2019-04-14T11:22:59","date_gmt":"2019-04-14T11:22:59","guid":{"rendered":"https:\/\/www.urlaubcornwall.de\/blog\/?page_id=38112"},"modified":"2019-04-14T13:01:18","modified_gmt":"2019-04-14T13:01:18","slug":"luxus-ferienhaeuser-in-den-cotswolds-schoensten-staedte-und-doerfer","status":"publish","type":"page","link":"https:\/\/www.urlaubcornwall.de\/blog\/luxus-ferienhaeuser-in-den-cotswolds-schoensten-staedte-und-doerfer\/","title":{"rendered":"Luxus Ferienh\u00e4user in den Cotswolds \u2013 sch\u00f6nsten St\u00e4dte und D\u00f6rfer"},"content":{"rendered":"<p style=\"text-align: center;\"><img loading=\"lazy\" class=\"aligncenter size-full wp-image-27295\" src=\"https:\/\/www.urlaubcornwall.de\/blog\/wp-content\/uploads\/2017\/03\/urlaub-broadway-cotswolds.jpg\" alt=\"luxsus ferienhaus cotswolds\" width=\"748\" height=\"407\" srcset=\"https:\/\/www.urlaubcornwall.de\/blog\/wp-content\/uploads\/2017\/03\/urlaub-broadway-cotswolds.jpg 746w, https:\/\/www.urlaubcornwall.de\/blog\/wp-content\/uploads\/2017\/03\/urlaub-broadway-cotswolds-300x164.jpg 300w\" sizes=\"(max-width: 748px) 100vw, 748px\" \/><\/p>\n<p style=\"text-align: center;\">Bei uns finden Sie Luxus Unterk\u00fcnfte zum Verlieben &#8211; so einfach ist das! Pers\u00f6nlich inspizierte 4 und 5-Sterne Ferienh\u00e4user und Ferienwohnungen in den Cotswolds f\u00fcr Ihren <a href=\"https:\/\/www.urlaubcornwall.de\/ferienhaeuser-fewos\/eng\/england-luxus-unterkuenfte.html\">Luxusurlaub mit Selbstverpflegung in England<\/a>.<\/p>\n<p style=\"text-align: center;\"><a class=\"tidycta\" href=\"https:\/\/www.urlaubcornwall.de\/ferienhaeuser\/cotswolds.php\">Suche Luxus Ferienh\u00e4user<\/a><\/p>\n<p style=\"text-align: center;\">Sie finden Cotswolds beste Urlaubsziele und Sch\u00f6ne St\u00e4dte.<\/p>\n\n<p style=\"text-align: center;\"><a class=\"plain\" href=\"https:\/\/www.urlaubcornwall.de\/ferienhaeuser-fewos\/eng\/gloucestershire\/aldsworth-luxus-unterkuenfte.html\">aldsworth-luxus-unterkuenfte.html<\/a><\/p>\n<p style=\"text-align: center;\"><a class=\"plain\" href=\"https:\/\/www.urlaubcornwall.de\/ferienhaeuser-fewos\/eng\/gloucestershire\/berkeley-luxus-unterkuenfte.html\">berkeley-luxus-unterkuenfte.html<\/a> (5)<\/p>\n<p style=\"text-align: center;\"><a class=\"plain\" href=\"https:\/\/www.urlaubcornwall.de\/ferienhaeuser-fewos\/eng\/gloucestershire\/bibury-luxus-unterkuenfte.html\">bibury-luxus-unterkuenfte.html<\/a> (8)<\/p>\n<p style=\"text-align: center;\"><a class=\"plain\" href=\"https:\/\/www.urlaubcornwall.de\/ferienhaeuser-fewos\/eng\/gloucestershire\/blakeney-luxus-unterkuenfte.html\">blakeney-luxus-unterkuenfte.html<\/a> (76)<\/p>\n<p style=\"text-align: center;\"><a class=\"plain\" href=\"https:\/\/www.urlaubcornwall.de\/ferienhaeuser-fewos\/eng\/gloucestershire\/blockley-luxus-unterkuenfte.html\">blockley-luxus-unterkuenfte.html<\/a> (35)<\/p>\n<p style=\"text-align: center;\"><a class=\"plain\" href=\"https:\/\/www.urlaubcornwall.de\/ferienhaeuser-fewos\/eng\/gloucestershire\/bourton-on-the-water-luxus-unterkuenfte.html\">bourton-on-the-water-luxus-unterkuenfte.html<\/a> (37)<\/p>\n<p style=\"text-align: center;\"><a class=\"plain\" href=\"https:\/\/www.urlaubcornwall.de\/ferienhaeuser-fewos\/eng\/gloucestershire\/bream-luxus-unterkuenfte.html\">bream-luxus-unterkuenfte.html<\/a> (22)<\/p>\n<p style=\"text-align: center;\"><a class=\"plain\" href=\"https:\/\/www.urlaubcornwall.de\/ferienhaeuser-fewos\/eng\/gloucestershire\/chedworth-luxus-unterkuenfte.html\">chedworth-luxus-unterkuenfte.html<\/a> (6)<\/p>\n<p style=\"text-align: center;\"><a class=\"plain\" href=\"https:\/\/www.urlaubcornwall.de\/ferienhaeuser-fewos\/eng\/gloucestershire\/cheltenham-luxus-unterkuenfte.html\">cheltenham-luxus-unterkuenfte.html<\/a> (6)<\/p>\n<p style=\"text-align: center;\"><a class=\"plain\" href=\"https:\/\/www.urlaubcornwall.de\/ferienhaeuser-fewos\/eng\/gloucestershire\/chipping-campden-luxus-unterkuenfte.html\">chipping-campden-luxus-unterkuenfte.html<\/a> (25)<\/p>\n<p style=\"text-align: center;\"><a class=\"plain\" href=\"https:\/\/www.urlaubcornwall.de\/ferienhaeuser-fewos\/eng\/gloucestershire\/cinderford-luxus-unterkuenfte.html\">cinderford-luxus-unterkuenfte.html<\/a> (26)<\/p>\n<p style=\"text-align: center;\"><a class=\"plain\" href=\"https:\/\/www.urlaubcornwall.de\/ferienhaeuser-fewos\/eng\/gloucestershire\/cirencester-luxus-unterkuenfte.html\">cirencester-luxus-unterkuenfte.html<\/a> (26)<\/p>\n<p style=\"text-align: center;\"><a class=\"plain\" href=\"https:\/\/www.urlaubcornwall.de\/ferienhaeuser-fewos\/eng\/gloucestershire\/clearwell-luxus-unterkuenfte.html\">clearwell-luxus-unterkuenfte.html<\/a> (21)<\/p>\n<p style=\"text-align: center;\"><a class=\"plain\" href=\"https:\/\/www.urlaubcornwall.de\/ferienhaeuser-fewos\/eng\/gloucestershire\/coleford-luxus-unterkuenfte.html\">coleford-luxus-unterkuenfte.html<\/a> (27)<\/p>\n<p style=\"text-align: center;\"><a class=\"plain\" href=\"https:\/\/www.urlaubcornwall.de\/ferienhaeuser-fewos\/eng\/gloucestershire\/eastleach-luxus-unterkuenfte.html\">eastleach-luxus-unterkuenfte.html<\/a> (11)<\/p>\n<p style=\"text-align: center;\"><a class=\"plain\" href=\"https:\/\/www.urlaubcornwall.de\/ferienhaeuser-fewos\/eng\/gloucestershire\/frampton-on-severn-luxus-unterkuenfte.html\">frampton-on-severn-luxus-unterkuenfte.html<\/a> (8)<\/p>\n<p style=\"text-align: center;\"><a class=\"plain\" href=\"https:\/\/www.urlaubcornwall.de\/ferienhaeuser-fewos\/eng\/gloucestershire\/gloucester-luxus-unterkuenfte.html\">gloucester-luxus-unterkuenfte.html<\/a> (3)<\/p>\n<p style=\"text-align: center;\"><a class=\"plain\" href=\"https:\/\/www.urlaubcornwall.de\/ferienhaeuser-fewos\/eng\/gloucestershire\/lechlade-luxus-unterkuenfte.html\">lechlade-luxus-unterkuenfte.html<\/a> (8)<\/p>\n<p style=\"text-align: center;\"><a class=\"plain\" href=\"https:\/\/www.urlaubcornwall.de\/ferienhaeuser-fewos\/eng\/gloucestershire\/longborough-luxus-unterkuenfte.html\">longborough-luxus-unterkuenfte.html<\/a> (41)<\/p>\n<p style=\"text-align: center;\"><a class=\"plain\" href=\"https:\/\/www.urlaubcornwall.de\/ferienhaeuser-fewos\/eng\/gloucestershire\/lower-slaughter-luxus-unterkuenfte.html\">lower-slaughter-luxus-unterkuenfte.html<\/a> (34)<\/p>\n<p style=\"text-align: center;\"><a class=\"plain\" href=\"https:\/\/www.urlaubcornwall.de\/ferienhaeuser-fewos\/eng\/gloucestershire\/lydbrook-luxus-unterkuenfte.html\">lydbrook-luxus-unterkuenfte.html<\/a> (32)<\/p>\n<p style=\"text-align: center;\"><a class=\"plain\" href=\"https:\/\/www.urlaubcornwall.de\/ferienhaeuser-fewos\/eng\/gloucestershire\/lydney-luxus-unterkuenfte.html\">lydney-luxus-unterkuenfte.html<\/a> (21)<\/p>\n<p style=\"text-align: center;\"><a class=\"plain\" href=\"https:\/\/www.urlaubcornwall.de\/ferienhaeuser-fewos\/eng\/gloucestershire\/minchinhampton-luxus-unterkuenfte.html\">minchinhampton-luxus-unterkuenfte.html<\/a> (11)<\/p>\n<p style=\"text-align: center;\"><a class=\"plain\" href=\"https:\/\/www.urlaubcornwall.de\/ferienhaeuser-fewos\/eng\/gloucestershire\/moreton-in-marsh-luxus-unterkuenfte.html\">moreton-in-marsh-luxus-unterkuenfte.html<\/a> (31)<\/p>\n<p style=\"text-align: center;\"><a class=\"plain\" href=\"https:\/\/www.urlaubcornwall.de\/ferienhaeuser-fewos\/eng\/gloucestershire\/northleach-luxus-unterkuenfte.html\">northleach-luxus-unterkuenfte.html<\/a> (21)<\/p>\n<p style=\"text-align: center;\"><a class=\"plain\" href=\"https:\/\/www.urlaubcornwall.de\/ferienhaeuser-fewos\/eng\/gloucestershire\/old-sodbury-luxus-unterkuenfte.html\">old-sodbury-luxus-unterkuenfte.html<\/a> (3)<\/p>\n<p style=\"text-align: center;\"><a class=\"plain\" href=\"https:\/\/www.urlaubcornwall.de\/ferienhaeuser-fewos\/eng\/gloucestershire\/painswick-luxus-unterkuenfte.html\">painswick-luxus-unterkuenfte.html<\/a> (9)<\/p>\n<p style=\"text-align: center;\"><a class=\"plain\" href=\"https:\/\/www.urlaubcornwall.de\/ferienhaeuser-fewos\/eng\/gloucestershire\/south-cerney-luxus-unterkuenfte.html\">south-cerney-luxus-unterkuenfte.html<\/a> (23)<\/p>\n<p style=\"text-align: center;\"><a class=\"plain\" href=\"https:\/\/www.urlaubcornwall.de\/ferienhaeuser-fewos\/eng\/gloucestershire\/st-briavels-luxus-unterkuenfte.html\">st-briavels-luxus-unterkuenfte.html<\/a> (14)<\/p>\n<p style=\"text-align: center;\"><a class=\"plain\" href=\"https:\/\/www.urlaubcornwall.de\/ferienhaeuser-fewos\/eng\/gloucestershire\/stow-on-the-wold-luxus-unterkuenfte.html\">stow-on-the-wold-luxus-unterkuenfte.html<\/a> (39)<\/p>\n<p style=\"text-align: center;\"><a class=\"plain\" href=\"https:\/\/www.urlaubcornwall.de\/ferienhaeuser-fewos\/eng\/gloucestershire\/stroud-luxus-unterkuenfte.html\">stroud-luxus-unterkuenfte.html<\/a> (10)<\/p>\n<p style=\"text-align: center;\"><a class=\"plain\" href=\"https:\/\/www.urlaubcornwall.de\/ferienhaeuser-fewos\/eng\/gloucestershire\/tetbury-luxus-unterkuenfte.html\">tetbury-luxus-unterkuenfte.html<\/a> (5)<\/p>\n<p style=\"text-align: center;\"><a class=\"plain\" href=\"https:\/\/www.urlaubcornwall.de\/ferienhaeuser-fewos\/eng\/gloucestershire\/tewkesbury-luxus-unterkuenfte.html\">tewkesbury-luxus-unterkuenfte.html<\/a> (11)<\/p>\n<p style=\"text-align: center;\"><a class=\"plain\" href=\"https:\/\/www.urlaubcornwall.de\/ferienhaeuser-fewos\/eng\/gloucestershire\/tortworth-luxus-unterkuenfte.html\">tortworth-luxus-unterkuenfte.html<\/a> (4)<\/p>\n<p style=\"text-align: center;\"><a class=\"plain\" href=\"https:\/\/www.urlaubcornwall.de\/ferienhaeuser-fewos\/eng\/gloucestershire\/winchcombe-luxus-unterkuenfte.html\">winchcombe-luxus-unterkuenfte.html<\/a> (15)<\/p>\n<p style=\"text-align: center;\"><a class=\"plain\" href=\"https:\/\/www.urlaubcornwall.de\/ferienhaeuser-fewos\/eng\/gloucestershire\/wotton-under-edge-luxus-unterkuenfte.html\">wotton-under-edge-luxus-unterkuenfte.html<\/a> (5)<\/p>\n\n","protected":false},"excerpt":{"rendered":"<p>Bei uns finden Sie Luxus Unterk\u00fcnfte zum Verlieben &#8211; so einfach ist das! Pers\u00f6nlich inspizierte 4 und 5-Sterne Ferienh\u00e4user und Ferienwohnungen in den Cotswolds f\u00fcr Ihren Luxusurlaub mit Selbstverpflegung in England. Suche Luxus Ferienh\u00e4user Sie finden Cotswolds beste Urlaubsziele und Sch\u00f6ne St\u00e4dte. aldsworth-luxus-unterkuenfte.html berkeley-luxus-unterkuenfte.html (5) bibury-luxus-unterkuenfte.html (8) blakeney-luxus-unterkuenfte.html (76) blockley-luxus-unterkuenfte.html (35) bourton-on-the-water-luxus-unterkuenfte.html (37) bream-luxus-unterkuenfte.html (22) [&hellip;]<\/p>\n","protected":false},"author":1,"featured_media":0,"parent":0,"menu_order":0,"comment_status":"closed","ping_status":"closed","template":"single-four.php","meta":[],"acf":[],"yoast_head":"<!-- This site is optimized with the Yoast SEO plugin v19.4 - https:\/\/yoast.com\/wordpress\/plugins\/seo\/ -->\n<title>Luxus Ferienh\u00e4user in den Cotswolds \u2013 sch\u00f6nsten St\u00e4dte und D\u00f6rfer - Urlaub &amp; Reisen<\/title>\n<meta name=\"robots\" content=\"index, follow, max-snippet:-1, max-image-preview:large, max-video-preview:-1\" \/>\n<link rel=\"canonical\" href=\"https:\/\/www.urlaubcornwall.de\/blog\/luxus-ferienhaeuser-in-den-cotswolds-schoensten-staedte-und-doerfer\/\" \/>\n<meta property=\"og:locale\" content=\"en_US\" \/>\n<meta property=\"og:type\" content=\"article\" \/>\n<meta property=\"og:title\" content=\"Luxus Ferienh\u00e4user in den Cotswolds \u2013 sch\u00f6nsten St\u00e4dte und D\u00f6rfer - Urlaub &amp; Reisen\" \/>\n<meta property=\"og:description\" content=\"Bei uns finden Sie Luxus Unterk\u00fcnfte zum Verlieben &#8211; so einfach ist das! Pers\u00f6nlich inspizierte 4 und 5-Sterne Ferienh\u00e4user und Ferienwohnungen in den Cotswolds f\u00fcr Ihren Luxusurlaub mit Selbstverpflegung in England. Suche Luxus Ferienh\u00e4user Sie finden Cotswolds beste Urlaubsziele und Sch\u00f6ne St\u00e4dte. aldsworth-luxus-unterkuenfte.html berkeley-luxus-unterkuenfte.html (5) bibury-luxus-unterkuenfte.html (8) blakeney-luxus-unterkuenfte.html (76) blockley-luxus-unterkuenfte.html (35) bourton-on-the-water-luxus-unterkuenfte.html (37) bream-luxus-unterkuenfte.html (22) [&hellip;]\" \/>\n<meta property=\"og:url\" content=\"https:\/\/www.urlaubcornwall.de\/blog\/luxus-ferienhaeuser-in-den-cotswolds-schoensten-staedte-und-doerfer\/\" \/>\n<meta property=\"og:site_name\" content=\"Urlaub &amp; Reisen\" \/>\n<meta property=\"article:modified_time\" content=\"2019-04-14T13:01:18+00:00\" \/>\n<meta property=\"og:image\" content=\"https:\/\/www.urlaubcornwall.de\/blog\/wp-content\/uploads\/2017\/03\/urlaub-broadway-cotswolds.jpg\" \/>\n<meta name=\"twitter:card\" content=\"summary\" \/>\n<meta name=\"twitter:label1\" content=\"Est. reading time\" \/>\n\t<meta name=\"twitter:data1\" content=\"1 minute\" \/>\n<script type=\"application\/ld+json\" class=\"yoast-schema-graph\">{\"@context\":\"https:\/\/schema.org\",\"@graph\":[{\"@type\":\"WebSite\",\"@id\":\"https:\/\/www.urlaubcornwall.de\/blog\/#website\",\"url\":\"https:\/\/www.urlaubcornwall.de\/blog\/\",\"name\":\"Urlaub &amp; Reisen\",\"description\":\"Urlaub, Reisen, Cornwall und S\u00fcdengland: eine perfekte Kombination\",\"potentialAction\":[{\"@type\":\"SearchAction\",\"target\":{\"@type\":\"EntryPoint\",\"urlTemplate\":\"https:\/\/www.urlaubcornwall.de\/blog\/?s={search_term_string}\"},\"query-input\":\"required name=search_term_string\"}],\"inLanguage\":\"en-US\"},{\"@type\":\"WebPage\",\"@id\":\"https:\/\/www.urlaubcornwall.de\/blog\/luxus-ferienhaeuser-in-den-cotswolds-schoensten-staedte-und-doerfer\/\",\"url\":\"https:\/\/www.urlaubcornwall.de\/blog\/luxus-ferienhaeuser-in-den-cotswolds-schoensten-staedte-und-doerfer\/\",\"name\":\"Luxus Ferienh\u00e4user in den Cotswolds \u2013 sch\u00f6nsten St\u00e4dte und D\u00f6rfer - Urlaub &amp; Reisen\",\"isPartOf\":{\"@id\":\"https:\/\/www.urlaubcornwall.de\/blog\/#website\"},\"datePublished\":\"2019-04-14T11:22:59+00:00\",\"dateModified\":\"2019-04-14T13:01:18+00:00\",\"breadcrumb\":{\"@id\":\"https:\/\/www.urlaubcornwall.de\/blog\/luxus-ferienhaeuser-in-den-cotswolds-schoensten-staedte-und-doerfer\/#breadcrumb\"},\"inLanguage\":\"en-US\",\"potentialAction\":[{\"@type\":\"ReadAction\",\"target\":[\"https:\/\/www.urlaubcornwall.de\/blog\/luxus-ferienhaeuser-in-den-cotswolds-schoensten-staedte-und-doerfer\/\"]}]},{\"@type\":\"BreadcrumbList\",\"@id\":\"https:\/\/www.urlaubcornwall.de\/blog\/luxus-ferienhaeuser-in-den-cotswolds-schoensten-staedte-und-doerfer\/#breadcrumb\",\"itemListElement\":[{\"@type\":\"ListItem\",\"position\":1,\"name\":\"Home\",\"item\":\"https:\/\/www.urlaubcornwall.de\/blog\/\"},{\"@type\":\"ListItem\",\"position\":2,\"name\":\"Luxus Ferienh\u00e4user in den Cotswolds \u2013 sch\u00f6nsten St\u00e4dte und D\u00f6rfer\"}]}]}<\/script>\n<!-- \/ Yoast SEO plugin. -->","yoast_head_json":{"title":"Luxus Ferienh\u00e4user in den Cotswolds \u2013 sch\u00f6nsten St\u00e4dte und D\u00f6rfer - Urlaub &amp; Reisen","robots":{"index":"index","follow":"follow","max-snippet":"max-snippet:-1","max-image-preview":"max-image-preview:large","max-video-preview":"max-video-preview:-1"},"canonical":"https:\/\/www.urlaubcornwall.de\/blog\/luxus-ferienhaeuser-in-den-cotswolds-schoensten-staedte-und-doerfer\/","og_locale":"en_US","og_type":"article","og_title":"Luxus Ferienh\u00e4user in den Cotswolds \u2013 sch\u00f6nsten St\u00e4dte und D\u00f6rfer - Urlaub &amp; Reisen","og_description":"Bei uns finden Sie Luxus Unterk\u00fcnfte zum Verlieben &#8211; so einfach ist das! Pers\u00f6nlich inspizierte 4 und 5-Sterne Ferienh\u00e4user und Ferienwohnungen in den Cotswolds f\u00fcr Ihren Luxusurlaub mit Selbstverpflegung in England. Suche Luxus Ferienh\u00e4user Sie finden Cotswolds beste Urlaubsziele und Sch\u00f6ne St\u00e4dte. aldsworth-luxus-unterkuenfte.html berkeley-luxus-unterkuenfte.html (5) bibury-luxus-unterkuenfte.html (8) blakeney-luxus-unterkuenfte.html (76) blockley-luxus-unterkuenfte.html (35) bourton-on-the-water-luxus-unterkuenfte.html (37) bream-luxus-unterkuenfte.html (22) [&hellip;]","og_url":"https:\/\/www.urlaubcornwall.de\/blog\/luxus-ferienhaeuser-in-den-cotswolds-schoensten-staedte-und-doerfer\/","og_site_name":"Urlaub &amp; Reisen","article_modified_time":"2019-04-14T13:01:18+00:00","og_image":[{"url":"https:\/\/www.urlaubcornwall.de\/blog\/wp-content\/uploads\/2017\/03\/urlaub-broadway-cotswolds.jpg"}],"twitter_card":"summary","twitter_misc":{"Est. reading time":"1 minute"},"schema":{"@context":"https:\/\/schema.org","@graph":[{"@type":"WebSite","@id":"https:\/\/www.urlaubcornwall.de\/blog\/#website","url":"https:\/\/www.urlaubcornwall.de\/blog\/","name":"Urlaub &amp; Reisen","description":"Urlaub, Reisen, Cornwall und S\u00fcdengland: eine perfekte Kombination","potentialAction":[{"@type":"SearchAction","target":{"@type":"EntryPoint","urlTemplate":"https:\/\/www.urlaubcornwall.de\/blog\/?s={search_term_string}"},"query-input":"required name=search_term_string"}],"inLanguage":"en-US"},{"@type":"WebPage","@id":"https:\/\/www.urlaubcornwall.de\/blog\/luxus-ferienhaeuser-in-den-cotswolds-schoensten-staedte-und-doerfer\/","url":"https:\/\/www.urlaubcornwall.de\/blog\/luxus-ferienhaeuser-in-den-cotswolds-schoensten-staedte-und-doerfer\/","name":"Luxus Ferienh\u00e4user in den Cotswolds \u2013 sch\u00f6nsten St\u00e4dte und D\u00f6rfer - Urlaub &amp; Reisen","isPartOf":{"@id":"https:\/\/www.urlaubcornwall.de\/blog\/#website"},"datePublished":"2019-04-14T11:22:59+00:00","dateModified":"2019-04-14T13:01:18+00:00","breadcrumb":{"@id":"https:\/\/www.urlaubcornwall.de\/blog\/luxus-ferienhaeuser-in-den-cotswolds-schoensten-staedte-und-doerfer\/#breadcrumb"},"inLanguage":"en-US","potentialAction":[{"@type":"ReadAction","target":["https:\/\/www.urlaubcornwall.de\/blog\/luxus-ferienhaeuser-in-den-cotswolds-schoensten-staedte-und-doerfer\/"]}]},{"@type":"BreadcrumbList","@id":"https:\/\/www.urlaubcornwall.de\/blog\/luxus-ferienhaeuser-in-den-cotswolds-schoensten-staedte-und-doerfer\/#breadcrumb","itemListElement":[{"@type":"ListItem","position":1,"name":"Home","item":"https:\/\/www.urlaubcornwall.de\/blog\/"},{"@type":"ListItem","position":2,"name":"Luxus Ferienh\u00e4user in den Cotswolds \u2013 sch\u00f6nsten St\u00e4dte und D\u00f6rfer"}]}]}},"_links":{"self":[{"href":"https:\/\/www.urlaubcornwall.de\/blog\/wp-json\/wp\/v2\/pages\/38112"}],"collection":[{"href":"https:\/\/www.urlaubcornwall.de\/blog\/wp-json\/wp\/v2\/pages"}],"about":[{"href":"https:\/\/www.urlaubcornwall.de\/blog\/wp-json\/wp\/v2\/types\/page"}],"author":[{"embeddable":true,"href":"https:\/\/www.urlaubcornwall.de\/blog\/wp-json\/wp\/v2\/users\/1"}],"replies":[{"embeddable":true,"href":"https:\/\/www.urlaubcornwall.de\/blog\/wp-json\/wp\/v2\/comments?post=38112"}],"version-history":[{"count":4,"href":"https:\/\/www.urlaubcornwall.de\/blog\/wp-json\/wp\/v2\/pages\/38112\/revisions"}],"predecessor-version":[{"id":38127,"href":"https:\/\/www.urlaubcornwall.de\/blog\/wp-json\/wp\/v2\/pages\/38112\/revisions\/38127"}],"wp:attachment":[{"href":"https:\/\/www.urlaubcornwall.de\/blog\/wp-json\/wp\/v2\/media?parent=38112"}],"curies":[{"name":"wp","href":"https:\/\/api.w.org\/{rel}","templated":true}]}}