{"id":38103,"date":"2019-04-14T10:05:32","date_gmt":"2019-04-14T10:05:32","guid":{"rendered":"https:\/\/www.urlaubcornwall.de\/blog\/?page_id=38103"},"modified":"2024-05-28T13:56:56","modified_gmt":"2024-05-28T13:56:56","slug":"hundefreundliche-ferienhaeuser-oxfordshire-schoensten-doerfer-und-staedte","status":"publish","type":"page","link":"https:\/\/www.urlaubcornwall.de\/blog\/hundefreundliche-ferienhaeuser-oxfordshire-schoensten-doerfer-und-staedte\/","title":{"rendered":"Hundefreundliche Ferienh\u00e4user Oxfordshire &#8211; Sch\u00f6nsten D\u00f6rfer und St\u00e4dte"},"content":{"rendered":"<p><a href=\"https:\/\/www.urlaubcornwall.de\/blog\/wp-content\/uploads\/2024\/03\/oxford.jpg\"><img loading=\"lazy\" src=\"https:\/\/www.urlaubcornwall.de\/blog\/wp-content\/uploads\/2024\/03\/oxford.jpg\" alt=\"oxford\" width=\"750\" height=\"431\" class=\"alignnone size-full wp-image-47819\" srcset=\"https:\/\/www.urlaubcornwall.de\/blog\/wp-content\/uploads\/2024\/03\/oxford.jpg 750w, https:\/\/www.urlaubcornwall.de\/blog\/wp-content\/uploads\/2024\/03\/oxford-300x172.jpg 300w\" sizes=\"(max-width: 750px) 100vw, 750px\" \/><\/a><br \/>\n<strong>Bei uns finden Sie Ferienh\u00e4user zum Verlieben &#8211; so einfach ist das! &#8211; <\/strong>Pers\u00f6nlich inspizierte <a href=\"https:\/\/www.urlaubcornwall.de\/ferienhaeuser\/suedengland.php\">Ferienh\u00e4user und Ferienwohnungen in England<\/a> f\u00fcr Ihren Urlaub mit Hund. \u00dcber 30 hundefreundliche Ferienh\u00e4user, Cottages &amp; Ferienwohnungen in Oxfordshire.<\/p>\n<p style=\"text-align: center;\"><a class=\"tidycta\" href=\"https:\/\/www.urlaubcornwall.de\/ferienhaeuser-fewos\/eng\/oxfordshire\/oxfordshire-hundefreundlich.html\">Suche Ferienh\u00e4user mit Hund<\/a><\/p>\n<p style=\"text-align: center;\"><strong>Sch\u00f6nsten D\u00f6rfer und St\u00e4dte<\/strong><\/p>\n<p style=\"text-align: center;\"><a class=\"plain\" href=\"https:\/\/www.urlaubcornwall.de\/ferienhaeuser-fewos\/eng\/oxfordshire\/banbury-hundefreundlich.html\">banbury-hundefreundlich.html<\/a><\/p>\n<p style=\"text-align: center;\"><a class=\"plain\" href=\"https:\/\/www.urlaubcornwall.de\/ferienhaeuser-fewos\/eng\/oxfordshire\/bicester-hundefreundlich.html\">bicester-hundefreundlich.html<\/a><\/p>\n<p style=\"text-align: center;\"><a class=\"plain\" href=\"https:\/\/www.urlaubcornwall.de\/ferienhaeuser-fewos\/eng\/oxfordshire\/burford-hundefreundlich.html\">burford-hundefreundlich.html<\/a><\/p>\n<p style=\"text-align: center;\"><a class=\"plain\" href=\"https:\/\/www.urlaubcornwall.de\/ferienhaeuser-fewos\/eng\/oxfordshire\/charlbury-hundefreundlich.html\">charlbury-hundefreundlich.html<\/a><\/p>\n<p style=\"text-align: center;\"><a class=\"plain\" href=\"https:\/\/www.urlaubcornwall.de\/ferienhaeuser-fewos\/eng\/oxfordshire\/chipping-norton-hundefreundlich.html\">chipping-norton-hundefreundlich.html<\/a><\/p>\n<p style=\"text-align: center;\"><a class=\"plain\" href=\"https:\/\/www.urlaubcornwall.de\/ferienhaeuser-fewos\/eng\/oxfordshire\/great-rollright-hundefreundlich.html\">great-rollright-hundefreundlich.html<\/a><\/p>\n<p style=\"text-align: center;\"><a class=\"plain\" href=\"https:\/\/www.urlaubcornwall.de\/ferienhaeuser-fewos\/eng\/oxfordshire\/hook-norton-hundefreundlich.html\">hook-norton-hundefreundlich.html<\/a><\/p>\n<p style=\"text-align: center;\"><a class=\"plain\" href=\"https:\/\/www.urlaubcornwall.de\/ferienhaeuser-fewos\/eng\/oxfordshire\/milton-under-wychwood-hundefreundlich.html\">milton-under-wychwood-hundefreundlich.html<\/a><\/p>\n<p style=\"text-align: center;\"><a class=\"plain\" href=\"https:\/\/www.urlaubcornwall.de\/ferienhaeuser-fewos\/eng\/oxfordshire\/oxford-hundefreundlich.html\">oxford-hundefreundlich.html<\/a><\/p>\n<p style=\"text-align: center;\"><a class=\"plain\" href=\"https:\/\/www.urlaubcornwall.de\/ferienhaeuser-fewos\/eng\/oxfordshire\/thame-hundefreundlich.html\">thame-hundefreundlich.html<\/a><\/p>\n<p style=\"text-align: center;\"><a class=\"plain\" href=\"https:\/\/www.urlaubcornwall.de\/ferienhaeuser-fewos\/eng\/oxfordshire\/upper-brailes-hundefreundlich.html\">upper-brailes-hundefreundlich.html<\/a><\/p>\n<p style=\"text-align: center;\"><a class=\"plain\" href=\"https:\/\/www.urlaubcornwall.de\/ferienhaeuser-fewos\/eng\/oxfordshire\/wantage-hundefreundlich.html\">wantage-hundefreundlich.html<\/a><\/p>\n<p style=\"text-align: center;\"><a class=\"plain\" href=\"https:\/\/www.urlaubcornwall.de\/ferienhaeuser-fewos\/eng\/oxfordshire\/witney-hundefreundlich.html\">witney-hundefreundlich.html<\/a><\/p>\n<p style=\"text-align: center;\"><a class=\"plain\" href=\"https:\/\/www.urlaubcornwall.de\/ferienhaeuser-fewos\/eng\/oxfordshire\/woodstock-hundefreundlich.html\">woodstock-hundefreundlich.html<\/a><\/p>\n\n","protected":false},"excerpt":{"rendered":"<p>Bei uns finden Sie Ferienh\u00e4user zum Verlieben &#8211; so einfach ist das! &#8211; Pers\u00f6nlich inspizierte Ferienh\u00e4user und Ferienwohnungen in England f\u00fcr Ihren Urlaub mit Hund. \u00dcber 30 hundefreundliche Ferienh\u00e4user, Cottages &amp; Ferienwohnungen in Oxfordshire. Suche Ferienh\u00e4user mit Hund Sch\u00f6nsten D\u00f6rfer und St\u00e4dte banbury-hundefreundlich.html bicester-hundefreundlich.html burford-hundefreundlich.html charlbury-hundefreundlich.html chipping-norton-hundefreundlich.html great-rollright-hundefreundlich.html hook-norton-hundefreundlich.html milton-under-wychwood-hundefreundlich.html oxford-hundefreundlich.html thame-hundefreundlich.html upper-brailes-hundefreundlich.html wantage-hundefreundlich.html witney-hundefreundlich.html [&hellip;]<\/p>\n","protected":false},"author":1,"featured_media":0,"parent":0,"menu_order":0,"comment_status":"closed","ping_status":"closed","template":"single-four.php","meta":[],"acf":[],"yoast_head":"<!-- This site is optimized with the Yoast SEO plugin v19.4 - https:\/\/yoast.com\/wordpress\/plugins\/seo\/ -->\n<title>Hundefreundliche Ferienh\u00e4user Oxfordshire - Sch\u00f6nsten D\u00f6rfer und St\u00e4dte - Urlaub &amp; Reisen<\/title>\n<meta name=\"robots\" content=\"index, follow, max-snippet:-1, max-image-preview:large, max-video-preview:-1\" \/>\n<link rel=\"canonical\" href=\"https:\/\/www.urlaubcornwall.de\/blog\/hundefreundliche-ferienhaeuser-oxfordshire-schoensten-doerfer-und-staedte\/\" \/>\n<meta property=\"og:locale\" content=\"en_US\" \/>\n<meta property=\"og:type\" content=\"article\" \/>\n<meta property=\"og:title\" content=\"Hundefreundliche Ferienh\u00e4user Oxfordshire - Sch\u00f6nsten D\u00f6rfer und St\u00e4dte - Urlaub &amp; Reisen\" \/>\n<meta property=\"og:description\" content=\"Bei uns finden Sie Ferienh\u00e4user zum Verlieben &#8211; so einfach ist das! &#8211; Pers\u00f6nlich inspizierte Ferienh\u00e4user und Ferienwohnungen in England f\u00fcr Ihren Urlaub mit Hund. \u00dcber 30 hundefreundliche Ferienh\u00e4user, Cottages &amp; Ferienwohnungen in Oxfordshire. Suche Ferienh\u00e4user mit Hund Sch\u00f6nsten D\u00f6rfer und St\u00e4dte banbury-hundefreundlich.html bicester-hundefreundlich.html burford-hundefreundlich.html charlbury-hundefreundlich.html chipping-norton-hundefreundlich.html great-rollright-hundefreundlich.html hook-norton-hundefreundlich.html milton-under-wychwood-hundefreundlich.html oxford-hundefreundlich.html thame-hundefreundlich.html upper-brailes-hundefreundlich.html wantage-hundefreundlich.html witney-hundefreundlich.html [&hellip;]\" \/>\n<meta property=\"og:url\" content=\"https:\/\/www.urlaubcornwall.de\/blog\/hundefreundliche-ferienhaeuser-oxfordshire-schoensten-doerfer-und-staedte\/\" \/>\n<meta property=\"og:site_name\" content=\"Urlaub &amp; Reisen\" \/>\n<meta property=\"article:modified_time\" content=\"2024-05-28T13:56:56+00:00\" \/>\n<meta property=\"og:image\" content=\"https:\/\/www.urlaubcornwall.de\/blog\/wp-content\/uploads\/2024\/03\/oxford.jpg\" \/>\n<meta name=\"twitter:card\" content=\"summary\" \/>\n<meta name=\"twitter:label1\" content=\"Est. reading time\" \/>\n\t<meta name=\"twitter:data1\" content=\"1 minute\" \/>\n<script type=\"application\/ld+json\" class=\"yoast-schema-graph\">{\"@context\":\"https:\/\/schema.org\",\"@graph\":[{\"@type\":\"WebSite\",\"@id\":\"https:\/\/www.urlaubcornwall.de\/blog\/#website\",\"url\":\"https:\/\/www.urlaubcornwall.de\/blog\/\",\"name\":\"Urlaub &amp; Reisen\",\"description\":\"Urlaub, Reisen, Cornwall und S\u00fcdengland: eine perfekte Kombination\",\"potentialAction\":[{\"@type\":\"SearchAction\",\"target\":{\"@type\":\"EntryPoint\",\"urlTemplate\":\"https:\/\/www.urlaubcornwall.de\/blog\/?s={search_term_string}\"},\"query-input\":\"required name=search_term_string\"}],\"inLanguage\":\"en-US\"},{\"@type\":\"WebPage\",\"@id\":\"https:\/\/www.urlaubcornwall.de\/blog\/hundefreundliche-ferienhaeuser-oxfordshire-schoensten-doerfer-und-staedte\/\",\"url\":\"https:\/\/www.urlaubcornwall.de\/blog\/hundefreundliche-ferienhaeuser-oxfordshire-schoensten-doerfer-und-staedte\/\",\"name\":\"Hundefreundliche Ferienh\u00e4user Oxfordshire - Sch\u00f6nsten D\u00f6rfer und St\u00e4dte - Urlaub &amp; Reisen\",\"isPartOf\":{\"@id\":\"https:\/\/www.urlaubcornwall.de\/blog\/#website\"},\"datePublished\":\"2019-04-14T10:05:32+00:00\",\"dateModified\":\"2024-05-28T13:56:56+00:00\",\"breadcrumb\":{\"@id\":\"https:\/\/www.urlaubcornwall.de\/blog\/hundefreundliche-ferienhaeuser-oxfordshire-schoensten-doerfer-und-staedte\/#breadcrumb\"},\"inLanguage\":\"en-US\",\"potentialAction\":[{\"@type\":\"ReadAction\",\"target\":[\"https:\/\/www.urlaubcornwall.de\/blog\/hundefreundliche-ferienhaeuser-oxfordshire-schoensten-doerfer-und-staedte\/\"]}]},{\"@type\":\"BreadcrumbList\",\"@id\":\"https:\/\/www.urlaubcornwall.de\/blog\/hundefreundliche-ferienhaeuser-oxfordshire-schoensten-doerfer-und-staedte\/#breadcrumb\",\"itemListElement\":[{\"@type\":\"ListItem\",\"position\":1,\"name\":\"Home\",\"item\":\"https:\/\/www.urlaubcornwall.de\/blog\/\"},{\"@type\":\"ListItem\",\"position\":2,\"name\":\"Hundefreundliche Ferienh\u00e4user Oxfordshire &#8211; Sch\u00f6nsten D\u00f6rfer und St\u00e4dte\"}]}]}<\/script>\n<!-- \/ Yoast SEO plugin. -->","yoast_head_json":{"title":"Hundefreundliche Ferienh\u00e4user Oxfordshire - Sch\u00f6nsten D\u00f6rfer und St\u00e4dte - Urlaub &amp; Reisen","robots":{"index":"index","follow":"follow","max-snippet":"max-snippet:-1","max-image-preview":"max-image-preview:large","max-video-preview":"max-video-preview:-1"},"canonical":"https:\/\/www.urlaubcornwall.de\/blog\/hundefreundliche-ferienhaeuser-oxfordshire-schoensten-doerfer-und-staedte\/","og_locale":"en_US","og_type":"article","og_title":"Hundefreundliche Ferienh\u00e4user Oxfordshire - Sch\u00f6nsten D\u00f6rfer und St\u00e4dte - Urlaub &amp; Reisen","og_description":"Bei uns finden Sie Ferienh\u00e4user zum Verlieben &#8211; so einfach ist das! &#8211; Pers\u00f6nlich inspizierte Ferienh\u00e4user und Ferienwohnungen in England f\u00fcr Ihren Urlaub mit Hund. \u00dcber 30 hundefreundliche Ferienh\u00e4user, Cottages &amp; Ferienwohnungen in Oxfordshire. Suche Ferienh\u00e4user mit Hund Sch\u00f6nsten D\u00f6rfer und St\u00e4dte banbury-hundefreundlich.html bicester-hundefreundlich.html burford-hundefreundlich.html charlbury-hundefreundlich.html chipping-norton-hundefreundlich.html great-rollright-hundefreundlich.html hook-norton-hundefreundlich.html milton-under-wychwood-hundefreundlich.html oxford-hundefreundlich.html thame-hundefreundlich.html upper-brailes-hundefreundlich.html wantage-hundefreundlich.html witney-hundefreundlich.html [&hellip;]","og_url":"https:\/\/www.urlaubcornwall.de\/blog\/hundefreundliche-ferienhaeuser-oxfordshire-schoensten-doerfer-und-staedte\/","og_site_name":"Urlaub &amp; Reisen","article_modified_time":"2024-05-28T13:56:56+00:00","og_image":[{"url":"https:\/\/www.urlaubcornwall.de\/blog\/wp-content\/uploads\/2024\/03\/oxford.jpg"}],"twitter_card":"summary","twitter_misc":{"Est. reading time":"1 minute"},"schema":{"@context":"https:\/\/schema.org","@graph":[{"@type":"WebSite","@id":"https:\/\/www.urlaubcornwall.de\/blog\/#website","url":"https:\/\/www.urlaubcornwall.de\/blog\/","name":"Urlaub &amp; Reisen","description":"Urlaub, Reisen, Cornwall und S\u00fcdengland: eine perfekte Kombination","potentialAction":[{"@type":"SearchAction","target":{"@type":"EntryPoint","urlTemplate":"https:\/\/www.urlaubcornwall.de\/blog\/?s={search_term_string}"},"query-input":"required name=search_term_string"}],"inLanguage":"en-US"},{"@type":"WebPage","@id":"https:\/\/www.urlaubcornwall.de\/blog\/hundefreundliche-ferienhaeuser-oxfordshire-schoensten-doerfer-und-staedte\/","url":"https:\/\/www.urlaubcornwall.de\/blog\/hundefreundliche-ferienhaeuser-oxfordshire-schoensten-doerfer-und-staedte\/","name":"Hundefreundliche Ferienh\u00e4user Oxfordshire - Sch\u00f6nsten D\u00f6rfer und St\u00e4dte - Urlaub &amp; Reisen","isPartOf":{"@id":"https:\/\/www.urlaubcornwall.de\/blog\/#website"},"datePublished":"2019-04-14T10:05:32+00:00","dateModified":"2024-05-28T13:56:56+00:00","breadcrumb":{"@id":"https:\/\/www.urlaubcornwall.de\/blog\/hundefreundliche-ferienhaeuser-oxfordshire-schoensten-doerfer-und-staedte\/#breadcrumb"},"inLanguage":"en-US","potentialAction":[{"@type":"ReadAction","target":["https:\/\/www.urlaubcornwall.de\/blog\/hundefreundliche-ferienhaeuser-oxfordshire-schoensten-doerfer-und-staedte\/"]}]},{"@type":"BreadcrumbList","@id":"https:\/\/www.urlaubcornwall.de\/blog\/hundefreundliche-ferienhaeuser-oxfordshire-schoensten-doerfer-und-staedte\/#breadcrumb","itemListElement":[{"@type":"ListItem","position":1,"name":"Home","item":"https:\/\/www.urlaubcornwall.de\/blog\/"},{"@type":"ListItem","position":2,"name":"Hundefreundliche Ferienh\u00e4user Oxfordshire &#8211; Sch\u00f6nsten D\u00f6rfer und St\u00e4dte"}]}]}},"_links":{"self":[{"href":"https:\/\/www.urlaubcornwall.de\/blog\/wp-json\/wp\/v2\/pages\/38103"}],"collection":[{"href":"https:\/\/www.urlaubcornwall.de\/blog\/wp-json\/wp\/v2\/pages"}],"about":[{"href":"https:\/\/www.urlaubcornwall.de\/blog\/wp-json\/wp\/v2\/types\/page"}],"author":[{"embeddable":true,"href":"https:\/\/www.urlaubcornwall.de\/blog\/wp-json\/wp\/v2\/users\/1"}],"replies":[{"embeddable":true,"href":"https:\/\/www.urlaubcornwall.de\/blog\/wp-json\/wp\/v2\/comments?post=38103"}],"version-history":[{"count":4,"href":"https:\/\/www.urlaubcornwall.de\/blog\/wp-json\/wp\/v2\/pages\/38103\/revisions"}],"predecessor-version":[{"id":50430,"href":"https:\/\/www.urlaubcornwall.de\/blog\/wp-json\/wp\/v2\/pages\/38103\/revisions\/50430"}],"wp:attachment":[{"href":"https:\/\/www.urlaubcornwall.de\/blog\/wp-json\/wp\/v2\/media?parent=38103"}],"curies":[{"name":"wp","href":"https:\/\/api.w.org\/{rel}","templated":true}]}}