{"id":38094,"date":"2019-04-12T15:35:49","date_gmt":"2019-04-12T15:35:49","guid":{"rendered":"https:\/\/www.urlaubcornwall.de\/blog\/?page_id=38094"},"modified":"2024-05-30T14:57:19","modified_gmt":"2024-05-30T14:57:19","slug":"ferienhaeuser-mit-pool-in-england-beliebtesten-grafschaften","status":"publish","type":"page","link":"https:\/\/www.urlaubcornwall.de\/blog\/ferienhaeuser-mit-pool-in-england-beliebtesten-grafschaften\/","title":{"rendered":"Ferienh\u00e4user mit Pool in England &#8211; beliebtesten Grafschaften"},"content":{"rendered":"<p><a href=\"https:\/\/www.urlaubcornwall.de\/blog\/wp-content\/uploads\/2012\/04\/View-from-the-pool-Watergate-Bay-Hotel-Cornwall-\u00a9-Kirstin-Prisk1-e1717080982393.jpg\"><img loading=\"lazy\" src=\"https:\/\/www.urlaubcornwall.de\/blog\/wp-content\/uploads\/2012\/04\/View-from-the-pool-Watergate-Bay-Hotel-Cornwall-\u00a9-Kirstin-Prisk1-e1717080982393.jpg\" alt=\"Hotel mit Meerblick\" width=\"750\" height=\"470\" class=\"size-full wp-image-3632\" \/><\/a><\/p>\n<p>\u00a9-Kirstin-Prisk <\/p>\n<p>UrlaubCornwall.de hat eine einzigartige Sammlung pers\u00f6nlich inspizierter Ferienh\u00e4user und Ferienwohnungen mit Swimmingpool in England und nun auch im gesamten Gro\u00dfbritannien. Jedes Geb\u00e4ude muss anspruchsvollen Standards entsprechen, so dass Ihre Urlaubsunterkunft Ihre Erwartungen \u00fcbertrifft.<\/p>\n<p style=\"text-align: center;\"><a class=\"tidycta\" href=\"https:\/\/www.urlaubcornwall.de\/ferienhaeuser\/england.php\">Suche Ferienh\u00e4user in England<\/a><\/p>\n\n<p style=\"text-align: center;\"><a class=\"plain\" href=\"https:\/\/www.urlaubcornwall.de\/ferienhaeuser-fewos\/cornwall-mit-pool.html\">cornwall-mit-pool.html<\/a> (35)<\/p>\n<p style=\"text-align: center;\"><a class=\"plain\" href=\"https:\/\/www.urlaubcornwall.de\/ferienhaeuser-fewos\/nordkueste-cornwall-mit-pool.html\">nordkueste-cornwall-mit-pool.html<\/a> (12)<\/p>\n<p style=\"text-align: center;\"><a class=\"plain\" href=\"https:\/\/www.urlaubcornwall.de\/ferienhaeuser-fewos\/suedkueste-cornwall-mit-pool.html\">suedkueste-cornwall-mit-pool.html<\/a> (17)<\/p>\n<p style=\"text-align: center;\"><a class=\"plain\" href=\"https:\/\/www.urlaubcornwall.de\/ferienhaeuser-fewos\/west-cornwall-mit-pool.html\">west-cornwall-mit-pool.html<\/a> (5)<\/p>\n\n\n<p style=\"text-align: center;\"><a class=\"plain\" href=\"https:\/\/www.urlaubcornwall.de\/ferienhaeuser-fewos\/eng\/cambridgeshire\/cambridgeshire-mit-pool.html\">cambridgeshire-mit-pool.html<\/a> (2)<\/p>\n<p style=\"text-align: center;\"><a class=\"plain\" href=\"https:\/\/www.urlaubcornwall.de\/ferienhaeuser-fewos\/eng\/cumbria\/cumbria-mit-pool.html\">cumbria-mit-pool.html<\/a> (7)<\/p>\n<p style=\"text-align: center;\"><a class=\"plain\" href=\"https:\/\/www.urlaubcornwall.de\/ferienhaeuser-fewos\/eng\/derbyshire\/derbyshire-mit-pool.html\">derbyshire-mit-pool.html<\/a> (4)<\/p>\n<p style=\"text-align: center;\"><a class=\"plain\" href=\"https:\/\/www.urlaubcornwall.de\/ferienhaeuser-fewos\/eng\/devon\/devon-mit-pool.html\">devon-mit-pool.html<\/a> (88)<\/p>\n<p style=\"text-align: center;\"><a class=\"plain\" href=\"https:\/\/www.urlaubcornwall.de\/ferienhaeuser-fewos\/eng\/mitteldevon-und-ostdevon\/mitteldevon-und-ostdevon-mit-pool.html\">mitteldevon-und-ostdevon-mit-pool.html<\/a> (10)<\/p>\n<p style=\"text-align: center;\"><a class=\"plain\" href=\"https:\/\/www.urlaubcornwall.de\/ferienhaeuser-fewos\/eng\/nord-devon\/nord-devon-mit-pool.html\">nord-devon-mit-pool.html<\/a> (50)<\/p>\n<p style=\"text-align: center;\"><a class=\"plain\" href=\"https:\/\/www.urlaubcornwall.de\/ferienhaeuser-fewos\/eng\/sued-devon\/sued-devon-mit-pool.html\">sued-devon-mit-pool.html<\/a> (38)<\/p>\n<p style=\"text-align: center;\"><a class=\"plain\" href=\"https:\/\/www.urlaubcornwall.de\/ferienhaeuser-fewos\/eng\/dorset\/dorset-mit-pool.html\">dorset-mit-pool.html<\/a> (26)<\/p>\n<p style=\"text-align: center;\"><a class=\"plain\" href=\"https:\/\/www.urlaubcornwall.de\/ferienhaeuser-fewos\/eng\/gloucestershire\/gloucestershire-mit-pool.html\">gloucestershire-mit-pool.html<\/a> (12)<\/p>\n<p style=\"text-align: center;\"><a class=\"plain\" href=\"https:\/\/www.urlaubcornwall.de\/ferienhaeuser-fewos\/eng\/hampshire\/hampshire-mit-pool.html\">hampshire-mit-pool.html<\/a> (3)<\/p>\n<p style=\"text-align: center;\"><a class=\"plain\" href=\"https:\/\/www.urlaubcornwall.de\/ferienhaeuser-fewos\/eng\/herefordshire\/herefordshire-mit-pool.html\">herefordshire-mit-pool.html<\/a> (6)<\/p>\n<p style=\"text-align: center;\"><a class=\"plain\" href=\"https:\/\/www.urlaubcornwall.de\/ferienhaeuser-fewos\/eng\/isle-of-wight\/isle-of-wight-mit-pool.html\">isle-of-wight-mit-pool.html<\/a> (5)<\/p>\n<p style=\"text-align: center;\"><a class=\"plain\" href=\"https:\/\/www.urlaubcornwall.de\/ferienhaeuser-fewos\/eng\/kent\/kent-mit-pool.html\">kent-mit-pool.html<\/a> (2)<\/p>\n<p style=\"text-align: center;\"><a class=\"plain\" href=\"https:\/\/www.urlaubcornwall.de\/ferienhaeuser-fewos\/eng\/lincolnshire\/lincolnshire-mit-pool.html\">lincolnshire-mit-pool.html<\/a> (1)<\/p>\n<p style=\"text-align: center;\"><a class=\"plain\" href=\"https:\/\/www.urlaubcornwall.de\/ferienhaeuser-fewos\/eng\/norfolk\/norfolk-mit-pool.html\">norfolk-mit-pool.html<\/a> (11)<\/p>\n<p style=\"text-align: center;\"><a class=\"plain\" href=\"https:\/\/www.urlaubcornwall.de\/ferienhaeuser-fewos\/eng\/northumberland\/northumberland-mit-pool.html\">northumberland-mit-pool.html<\/a> (8)<\/p>\n<p style=\"text-align: center;\"><a class=\"plain\" href=\"https:\/\/www.urlaubcornwall.de\/ferienhaeuser-fewos\/eng\/shropshire\/shropshire-mit-pool.html\">shropshire-mit-pool.html<\/a> (1)<\/p>\n<p style=\"text-align: center;\"><a class=\"plain\" href=\"https:\/\/www.urlaubcornwall.de\/ferienhaeuser-fewos\/eng\/somerset\/somerset-mit-pool.html\">somerset-mit-pool.html<\/a> (9)<\/p>\n<p style=\"text-align: center;\"><a class=\"plain\" href=\"https:\/\/www.urlaubcornwall.de\/ferienhaeuser-fewos\/eng\/staffordshire\/staffordshire-mit-pool.html\">staffordshire-mit-pool.html<\/a> (4)<\/p>\n<p style=\"text-align: center;\"><a class=\"plain\" href=\"https:\/\/www.urlaubcornwall.de\/ferienhaeuser-fewos\/eng\/sussex\/sussex-mit-pool.html\">sussex-mit-pool.html<\/a> (3)<\/p>\n<p style=\"text-align: center;\"><a class=\"plain\" href=\"https:\/\/www.urlaubcornwall.de\/ferienhaeuser-fewos\/eng\/warwickshire\/warwickshire-mit-pool.html\">warwickshire-mit-pool.html<\/a> (1)<\/p>\n<p style=\"text-align: center;\"><a class=\"plain\" href=\"https:\/\/www.urlaubcornwall.de\/ferienhaeuser-fewos\/eng\/wiltshire\/wiltshire-mit-pool.html\">wiltshire-mit-pool.html<\/a> (1)<\/p>\n<p style=\"text-align: center;\"><a class=\"plain\" href=\"https:\/\/www.urlaubcornwall.de\/ferienhaeuser-fewos\/eng\/worcestershire\/worcestershire-mit-pool.html\">worcestershire-mit-pool.html<\/a> (1)<\/p>\n<p style=\"text-align: center;\"><a class=\"plain\" href=\"https:\/\/www.urlaubcornwall.de\/ferienhaeuser-fewos\/eng\/yorkshire\/yorkshire-mit-pool.html\">yorkshire-mit-pool.html<\/a> (7)<\/p>\n\n\n","protected":false},"excerpt":{"rendered":"<p>\u00a9-Kirstin-Prisk UrlaubCornwall.de hat eine einzigartige Sammlung pers\u00f6nlich inspizierter Ferienh\u00e4user und Ferienwohnungen mit Swimmingpool in England und nun auch im gesamten Gro\u00dfbritannien. Jedes Geb\u00e4ude muss anspruchsvollen Standards entsprechen, so dass Ihre Urlaubsunterkunft Ihre Erwartungen \u00fcbertrifft. Suche Ferienh\u00e4user in England cornwall-mit-pool.html (35) nordkueste-cornwall-mit-pool.html (12) suedkueste-cornwall-mit-pool.html (17) west-cornwall-mit-pool.html (5) cambridgeshire-mit-pool.html (2) cumbria-mit-pool.html (7) derbyshire-mit-pool.html (4) devon-mit-pool.html (88) mitteldevon-und-ostdevon-mit-pool.html [&hellip;]<\/p>\n","protected":false},"author":1,"featured_media":0,"parent":0,"menu_order":0,"comment_status":"closed","ping_status":"closed","template":"single-four.php","meta":[],"acf":[],"yoast_head":"<!-- This site is optimized with the Yoast SEO plugin v19.4 - https:\/\/yoast.com\/wordpress\/plugins\/seo\/ -->\n<title>Ferienh\u00e4user mit Pool in England - beliebtesten Grafschaften - Urlaub &amp; Reisen<\/title>\n<meta name=\"robots\" content=\"index, follow, max-snippet:-1, max-image-preview:large, max-video-preview:-1\" \/>\n<link rel=\"canonical\" href=\"https:\/\/www.urlaubcornwall.de\/blog\/ferienhaeuser-mit-pool-in-england-beliebtesten-grafschaften\/\" \/>\n<meta property=\"og:locale\" content=\"en_US\" \/>\n<meta property=\"og:type\" content=\"article\" \/>\n<meta property=\"og:title\" content=\"Ferienh\u00e4user mit Pool in England - beliebtesten Grafschaften - Urlaub &amp; Reisen\" \/>\n<meta property=\"og:description\" content=\"\u00a9-Kirstin-Prisk UrlaubCornwall.de hat eine einzigartige Sammlung pers\u00f6nlich inspizierter Ferienh\u00e4user und Ferienwohnungen mit Swimmingpool in England und nun auch im gesamten Gro\u00dfbritannien. Jedes Geb\u00e4ude muss anspruchsvollen Standards entsprechen, so dass Ihre Urlaubsunterkunft Ihre Erwartungen \u00fcbertrifft. Suche Ferienh\u00e4user in England cornwall-mit-pool.html (35) nordkueste-cornwall-mit-pool.html (12) suedkueste-cornwall-mit-pool.html (17) west-cornwall-mit-pool.html (5) cambridgeshire-mit-pool.html (2) cumbria-mit-pool.html (7) derbyshire-mit-pool.html (4) devon-mit-pool.html (88) mitteldevon-und-ostdevon-mit-pool.html [&hellip;]\" \/>\n<meta property=\"og:url\" content=\"https:\/\/www.urlaubcornwall.de\/blog\/ferienhaeuser-mit-pool-in-england-beliebtesten-grafschaften\/\" \/>\n<meta property=\"og:site_name\" content=\"Urlaub &amp; Reisen\" \/>\n<meta property=\"article:modified_time\" content=\"2024-05-30T14:57:19+00:00\" \/>\n<meta name=\"twitter:card\" content=\"summary\" \/>\n<meta name=\"twitter:label1\" content=\"Est. reading time\" \/>\n\t<meta name=\"twitter:data1\" content=\"1 minute\" \/>\n<script type=\"application\/ld+json\" class=\"yoast-schema-graph\">{\"@context\":\"https:\/\/schema.org\",\"@graph\":[{\"@type\":\"WebSite\",\"@id\":\"https:\/\/www.urlaubcornwall.de\/blog\/#website\",\"url\":\"https:\/\/www.urlaubcornwall.de\/blog\/\",\"name\":\"Urlaub &amp; Reisen\",\"description\":\"Urlaub, Reisen, Cornwall und S\u00fcdengland: eine perfekte Kombination\",\"potentialAction\":[{\"@type\":\"SearchAction\",\"target\":{\"@type\":\"EntryPoint\",\"urlTemplate\":\"https:\/\/www.urlaubcornwall.de\/blog\/?s={search_term_string}\"},\"query-input\":\"required name=search_term_string\"}],\"inLanguage\":\"en-US\"},{\"@type\":\"WebPage\",\"@id\":\"https:\/\/www.urlaubcornwall.de\/blog\/ferienhaeuser-mit-pool-in-england-beliebtesten-grafschaften\/\",\"url\":\"https:\/\/www.urlaubcornwall.de\/blog\/ferienhaeuser-mit-pool-in-england-beliebtesten-grafschaften\/\",\"name\":\"Ferienh\u00e4user mit Pool in England - beliebtesten Grafschaften - Urlaub &amp; Reisen\",\"isPartOf\":{\"@id\":\"https:\/\/www.urlaubcornwall.de\/blog\/#website\"},\"datePublished\":\"2019-04-12T15:35:49+00:00\",\"dateModified\":\"2024-05-30T14:57:19+00:00\",\"breadcrumb\":{\"@id\":\"https:\/\/www.urlaubcornwall.de\/blog\/ferienhaeuser-mit-pool-in-england-beliebtesten-grafschaften\/#breadcrumb\"},\"inLanguage\":\"en-US\",\"potentialAction\":[{\"@type\":\"ReadAction\",\"target\":[\"https:\/\/www.urlaubcornwall.de\/blog\/ferienhaeuser-mit-pool-in-england-beliebtesten-grafschaften\/\"]}]},{\"@type\":\"BreadcrumbList\",\"@id\":\"https:\/\/www.urlaubcornwall.de\/blog\/ferienhaeuser-mit-pool-in-england-beliebtesten-grafschaften\/#breadcrumb\",\"itemListElement\":[{\"@type\":\"ListItem\",\"position\":1,\"name\":\"Home\",\"item\":\"https:\/\/www.urlaubcornwall.de\/blog\/\"},{\"@type\":\"ListItem\",\"position\":2,\"name\":\"Ferienh\u00e4user mit Pool in England &#8211; beliebtesten Grafschaften\"}]}]}<\/script>\n<!-- \/ Yoast SEO plugin. -->","yoast_head_json":{"title":"Ferienh\u00e4user mit Pool in England - beliebtesten Grafschaften - Urlaub &amp; Reisen","robots":{"index":"index","follow":"follow","max-snippet":"max-snippet:-1","max-image-preview":"max-image-preview:large","max-video-preview":"max-video-preview:-1"},"canonical":"https:\/\/www.urlaubcornwall.de\/blog\/ferienhaeuser-mit-pool-in-england-beliebtesten-grafschaften\/","og_locale":"en_US","og_type":"article","og_title":"Ferienh\u00e4user mit Pool in England - beliebtesten Grafschaften - Urlaub &amp; Reisen","og_description":"\u00a9-Kirstin-Prisk UrlaubCornwall.de hat eine einzigartige Sammlung pers\u00f6nlich inspizierter Ferienh\u00e4user und Ferienwohnungen mit Swimmingpool in England und nun auch im gesamten Gro\u00dfbritannien. Jedes Geb\u00e4ude muss anspruchsvollen Standards entsprechen, so dass Ihre Urlaubsunterkunft Ihre Erwartungen \u00fcbertrifft. Suche Ferienh\u00e4user in England cornwall-mit-pool.html (35) nordkueste-cornwall-mit-pool.html (12) suedkueste-cornwall-mit-pool.html (17) west-cornwall-mit-pool.html (5) cambridgeshire-mit-pool.html (2) cumbria-mit-pool.html (7) derbyshire-mit-pool.html (4) devon-mit-pool.html (88) mitteldevon-und-ostdevon-mit-pool.html [&hellip;]","og_url":"https:\/\/www.urlaubcornwall.de\/blog\/ferienhaeuser-mit-pool-in-england-beliebtesten-grafschaften\/","og_site_name":"Urlaub &amp; Reisen","article_modified_time":"2024-05-30T14:57:19+00:00","twitter_card":"summary","twitter_misc":{"Est. reading time":"1 minute"},"schema":{"@context":"https:\/\/schema.org","@graph":[{"@type":"WebSite","@id":"https:\/\/www.urlaubcornwall.de\/blog\/#website","url":"https:\/\/www.urlaubcornwall.de\/blog\/","name":"Urlaub &amp; Reisen","description":"Urlaub, Reisen, Cornwall und S\u00fcdengland: eine perfekte Kombination","potentialAction":[{"@type":"SearchAction","target":{"@type":"EntryPoint","urlTemplate":"https:\/\/www.urlaubcornwall.de\/blog\/?s={search_term_string}"},"query-input":"required name=search_term_string"}],"inLanguage":"en-US"},{"@type":"WebPage","@id":"https:\/\/www.urlaubcornwall.de\/blog\/ferienhaeuser-mit-pool-in-england-beliebtesten-grafschaften\/","url":"https:\/\/www.urlaubcornwall.de\/blog\/ferienhaeuser-mit-pool-in-england-beliebtesten-grafschaften\/","name":"Ferienh\u00e4user mit Pool in England - beliebtesten Grafschaften - Urlaub &amp; Reisen","isPartOf":{"@id":"https:\/\/www.urlaubcornwall.de\/blog\/#website"},"datePublished":"2019-04-12T15:35:49+00:00","dateModified":"2024-05-30T14:57:19+00:00","breadcrumb":{"@id":"https:\/\/www.urlaubcornwall.de\/blog\/ferienhaeuser-mit-pool-in-england-beliebtesten-grafschaften\/#breadcrumb"},"inLanguage":"en-US","potentialAction":[{"@type":"ReadAction","target":["https:\/\/www.urlaubcornwall.de\/blog\/ferienhaeuser-mit-pool-in-england-beliebtesten-grafschaften\/"]}]},{"@type":"BreadcrumbList","@id":"https:\/\/www.urlaubcornwall.de\/blog\/ferienhaeuser-mit-pool-in-england-beliebtesten-grafschaften\/#breadcrumb","itemListElement":[{"@type":"ListItem","position":1,"name":"Home","item":"https:\/\/www.urlaubcornwall.de\/blog\/"},{"@type":"ListItem","position":2,"name":"Ferienh\u00e4user mit Pool in England &#8211; beliebtesten Grafschaften"}]}]}},"_links":{"self":[{"href":"https:\/\/www.urlaubcornwall.de\/blog\/wp-json\/wp\/v2\/pages\/38094"}],"collection":[{"href":"https:\/\/www.urlaubcornwall.de\/blog\/wp-json\/wp\/v2\/pages"}],"about":[{"href":"https:\/\/www.urlaubcornwall.de\/blog\/wp-json\/wp\/v2\/types\/page"}],"author":[{"embeddable":true,"href":"https:\/\/www.urlaubcornwall.de\/blog\/wp-json\/wp\/v2\/users\/1"}],"replies":[{"embeddable":true,"href":"https:\/\/www.urlaubcornwall.de\/blog\/wp-json\/wp\/v2\/comments?post=38094"}],"version-history":[{"count":5,"href":"https:\/\/www.urlaubcornwall.de\/blog\/wp-json\/wp\/v2\/pages\/38094\/revisions"}],"predecessor-version":[{"id":51131,"href":"https:\/\/www.urlaubcornwall.de\/blog\/wp-json\/wp\/v2\/pages\/38094\/revisions\/51131"}],"wp:attachment":[{"href":"https:\/\/www.urlaubcornwall.de\/blog\/wp-json\/wp\/v2\/media?parent=38094"}],"curies":[{"name":"wp","href":"https:\/\/api.w.org\/{rel}","templated":true}]}}