{"id":37309,"date":"2019-04-07T10:43:52","date_gmt":"2019-04-07T10:43:52","guid":{"rendered":"https:\/\/www.urlaubcornwall.de\/blog\/?page_id=37309"},"modified":"2019-04-07T15:06:58","modified_gmt":"2019-04-07T15:06:58","slug":"luxus-ferienhaeuser-in-wales-unsere-beliebtesten-regionen","status":"publish","type":"page","link":"https:\/\/www.urlaubcornwall.de\/blog\/luxus-ferienhaeuser-in-wales-unsere-beliebtesten-regionen\/","title":{"rendered":"Luxus Ferienh\u00e4user in Wales &#8211; unsere beliebtesten Regionen"},"content":{"rendered":"<h1><img loading=\"lazy\" class=\"aligncenter size-full wp-image-34751\" src=\"https:\/\/www.urlaubcornwall.de\/blog\/wp-content\/uploads\/2018\/12\/wales-strand-mit-hund.jpg\" alt=\"Luxus Ferienh\u00e4user wales\" width=\"747\" height=\"394\" srcset=\"https:\/\/www.urlaubcornwall.de\/blog\/wp-content\/uploads\/2018\/12\/wales-strand-mit-hund.jpg 747w, https:\/\/www.urlaubcornwall.de\/blog\/wp-content\/uploads\/2018\/12\/wales-strand-mit-hund-300x158.jpg 300w\" sizes=\"(max-width: 747px) 100vw, 747px\" \/><\/h1>\n<h1 style=\"text-align: center;\"><a href=\"https:\/\/www.urlaubcornwall.de\/ferienhaeuser.php\">Pers\u00f6nlich inspizierte Ferienh\u00e4user und Ferienwohnungen in Wales<\/a><\/h1>\n<p style=\"text-align: center;\">UrlaubCornwall.de hat eine einzigartige Sammlung pers\u00f6nlich inspizierter Luxus Ferienh\u00e4user und Ferienwohnungen in Wales und nun auch im gesamten Gro\u00dfbritannien. Jedes Geb\u00e4ude muss anspruchsvollen Standards entsprechen, so dass Ihre Urlaubsunterkunft Ihre Erwartungen \u00fcbertrifft.<\/p>\n<p style=\"text-align: center;\"><a class=\"tidycta\" href=\"https:\/\/www.urlaubcornwall.de\/ferienhaeuser\/wales.php\">Suche Ferienh\u00e4user in Wales<\/a><\/p>\n\n<p style=\"text-align: center;\"><a class=\"plain\" href=\"https:\/\/www.urlaubcornwall.de\/ferienhaeuser-fewos\/wal\/mittelwales\/mittelwales-luxus-unterkuenfte.html\">mittelwales-luxus-unterkuenfte.html<\/a> (130)<\/p>\n<p style=\"text-align: center;\"><a class=\"plain\" href=\"https:\/\/www.urlaubcornwall.de\/ferienhaeuser-fewos\/wal\/nordwales\/nordwales-luxus-unterkuenfte.html\">nordwales-luxus-unterkuenfte.html<\/a> (114)<\/p>\n<p style=\"text-align: center;\"><a class=\"plain\" href=\"https:\/\/www.urlaubcornwall.de\/ferienhaeuser-fewos\/wal\/suedwales\/suedwales-luxus-unterkuenfte.html\">suedwales-luxus-unterkuenfte.html<\/a> (59)<\/p>\n<p style=\"text-align: center;\"><a class=\"plain\" href=\"https:\/\/www.urlaubcornwall.de\/ferienhaeuser-fewos\/wal\/westwales\/westwales-luxus-unterkuenfte.html\">westwales-luxus-unterkuenfte.html<\/a> (161)<\/p>\n\n\n","protected":false},"excerpt":{"rendered":"<p>Pers\u00f6nlich inspizierte Ferienh\u00e4user und Ferienwohnungen in Wales UrlaubCornwall.de hat eine einzigartige Sammlung pers\u00f6nlich inspizierter Luxus Ferienh\u00e4user und Ferienwohnungen in Wales und nun auch im gesamten Gro\u00dfbritannien. Jedes Geb\u00e4ude muss anspruchsvollen Standards entsprechen, so dass Ihre Urlaubsunterkunft Ihre Erwartungen \u00fcbertrifft. Suche Ferienh\u00e4user in Wales mittelwales-luxus-unterkuenfte.html (130) nordwales-luxus-unterkuenfte.html (114) suedwales-luxus-unterkuenfte.html (59) westwales-luxus-unterkuenfte.html (161)<\/p>\n","protected":false},"author":1,"featured_media":0,"parent":0,"menu_order":0,"comment_status":"closed","ping_status":"closed","template":"single-four.php","meta":[],"acf":[],"yoast_head":"<!-- This site is optimized with the Yoast SEO plugin v19.4 - https:\/\/yoast.com\/wordpress\/plugins\/seo\/ -->\n<title>Luxus Ferienh\u00e4user in Wales - unsere beliebtesten Regionen - Urlaub &amp; Reisen<\/title>\n<meta name=\"robots\" content=\"index, follow, max-snippet:-1, max-image-preview:large, max-video-preview:-1\" \/>\n<link rel=\"canonical\" href=\"https:\/\/www.urlaubcornwall.de\/blog\/luxus-ferienhaeuser-in-wales-unsere-beliebtesten-regionen\/\" \/>\n<meta property=\"og:locale\" content=\"en_US\" \/>\n<meta property=\"og:type\" content=\"article\" \/>\n<meta property=\"og:title\" content=\"Luxus Ferienh\u00e4user in Wales - unsere beliebtesten Regionen - Urlaub &amp; Reisen\" \/>\n<meta property=\"og:description\" content=\"Pers\u00f6nlich inspizierte Ferienh\u00e4user und Ferienwohnungen in Wales UrlaubCornwall.de hat eine einzigartige Sammlung pers\u00f6nlich inspizierter Luxus Ferienh\u00e4user und Ferienwohnungen in Wales und nun auch im gesamten Gro\u00dfbritannien. Jedes Geb\u00e4ude muss anspruchsvollen Standards entsprechen, so dass Ihre Urlaubsunterkunft Ihre Erwartungen \u00fcbertrifft. Suche Ferienh\u00e4user in Wales mittelwales-luxus-unterkuenfte.html (130) nordwales-luxus-unterkuenfte.html (114) suedwales-luxus-unterkuenfte.html (59) westwales-luxus-unterkuenfte.html (161)\" \/>\n<meta property=\"og:url\" content=\"https:\/\/www.urlaubcornwall.de\/blog\/luxus-ferienhaeuser-in-wales-unsere-beliebtesten-regionen\/\" \/>\n<meta property=\"og:site_name\" content=\"Urlaub &amp; Reisen\" \/>\n<meta property=\"article:modified_time\" content=\"2019-04-07T15:06:58+00:00\" \/>\n<meta property=\"og:image\" content=\"https:\/\/www.urlaubcornwall.de\/blog\/wp-content\/uploads\/2018\/12\/wales-strand-mit-hund.jpg\" \/>\n<meta name=\"twitter:card\" content=\"summary\" \/>\n<script type=\"application\/ld+json\" class=\"yoast-schema-graph\">{\"@context\":\"https:\/\/schema.org\",\"@graph\":[{\"@type\":\"WebSite\",\"@id\":\"https:\/\/www.urlaubcornwall.de\/blog\/#website\",\"url\":\"https:\/\/www.urlaubcornwall.de\/blog\/\",\"name\":\"Urlaub &amp; Reisen\",\"description\":\"Urlaub, Reisen, Cornwall und S\u00fcdengland: eine perfekte Kombination\",\"potentialAction\":[{\"@type\":\"SearchAction\",\"target\":{\"@type\":\"EntryPoint\",\"urlTemplate\":\"https:\/\/www.urlaubcornwall.de\/blog\/?s={search_term_string}\"},\"query-input\":\"required name=search_term_string\"}],\"inLanguage\":\"en-US\"},{\"@type\":\"WebPage\",\"@id\":\"https:\/\/www.urlaubcornwall.de\/blog\/luxus-ferienhaeuser-in-wales-unsere-beliebtesten-regionen\/\",\"url\":\"https:\/\/www.urlaubcornwall.de\/blog\/luxus-ferienhaeuser-in-wales-unsere-beliebtesten-regionen\/\",\"name\":\"Luxus Ferienh\u00e4user in Wales - unsere beliebtesten Regionen - Urlaub &amp; Reisen\",\"isPartOf\":{\"@id\":\"https:\/\/www.urlaubcornwall.de\/blog\/#website\"},\"datePublished\":\"2019-04-07T10:43:52+00:00\",\"dateModified\":\"2019-04-07T15:06:58+00:00\",\"breadcrumb\":{\"@id\":\"https:\/\/www.urlaubcornwall.de\/blog\/luxus-ferienhaeuser-in-wales-unsere-beliebtesten-regionen\/#breadcrumb\"},\"inLanguage\":\"en-US\",\"potentialAction\":[{\"@type\":\"ReadAction\",\"target\":[\"https:\/\/www.urlaubcornwall.de\/blog\/luxus-ferienhaeuser-in-wales-unsere-beliebtesten-regionen\/\"]}]},{\"@type\":\"BreadcrumbList\",\"@id\":\"https:\/\/www.urlaubcornwall.de\/blog\/luxus-ferienhaeuser-in-wales-unsere-beliebtesten-regionen\/#breadcrumb\",\"itemListElement\":[{\"@type\":\"ListItem\",\"position\":1,\"name\":\"Home\",\"item\":\"https:\/\/www.urlaubcornwall.de\/blog\/\"},{\"@type\":\"ListItem\",\"position\":2,\"name\":\"Luxus Ferienh\u00e4user in Wales &#8211; unsere beliebtesten Regionen\"}]}]}<\/script>\n<!-- \/ Yoast SEO plugin. -->","yoast_head_json":{"title":"Luxus Ferienh\u00e4user in Wales - unsere beliebtesten Regionen - Urlaub &amp; Reisen","robots":{"index":"index","follow":"follow","max-snippet":"max-snippet:-1","max-image-preview":"max-image-preview:large","max-video-preview":"max-video-preview:-1"},"canonical":"https:\/\/www.urlaubcornwall.de\/blog\/luxus-ferienhaeuser-in-wales-unsere-beliebtesten-regionen\/","og_locale":"en_US","og_type":"article","og_title":"Luxus Ferienh\u00e4user in Wales - unsere beliebtesten Regionen - Urlaub &amp; Reisen","og_description":"Pers\u00f6nlich inspizierte Ferienh\u00e4user und Ferienwohnungen in Wales UrlaubCornwall.de hat eine einzigartige Sammlung pers\u00f6nlich inspizierter Luxus Ferienh\u00e4user und Ferienwohnungen in Wales und nun auch im gesamten Gro\u00dfbritannien. Jedes Geb\u00e4ude muss anspruchsvollen Standards entsprechen, so dass Ihre Urlaubsunterkunft Ihre Erwartungen \u00fcbertrifft. Suche Ferienh\u00e4user in Wales mittelwales-luxus-unterkuenfte.html (130) nordwales-luxus-unterkuenfte.html (114) suedwales-luxus-unterkuenfte.html (59) westwales-luxus-unterkuenfte.html (161)","og_url":"https:\/\/www.urlaubcornwall.de\/blog\/luxus-ferienhaeuser-in-wales-unsere-beliebtesten-regionen\/","og_site_name":"Urlaub &amp; Reisen","article_modified_time":"2019-04-07T15:06:58+00:00","og_image":[{"url":"https:\/\/www.urlaubcornwall.de\/blog\/wp-content\/uploads\/2018\/12\/wales-strand-mit-hund.jpg"}],"twitter_card":"summary","schema":{"@context":"https:\/\/schema.org","@graph":[{"@type":"WebSite","@id":"https:\/\/www.urlaubcornwall.de\/blog\/#website","url":"https:\/\/www.urlaubcornwall.de\/blog\/","name":"Urlaub &amp; Reisen","description":"Urlaub, Reisen, Cornwall und S\u00fcdengland: eine perfekte Kombination","potentialAction":[{"@type":"SearchAction","target":{"@type":"EntryPoint","urlTemplate":"https:\/\/www.urlaubcornwall.de\/blog\/?s={search_term_string}"},"query-input":"required name=search_term_string"}],"inLanguage":"en-US"},{"@type":"WebPage","@id":"https:\/\/www.urlaubcornwall.de\/blog\/luxus-ferienhaeuser-in-wales-unsere-beliebtesten-regionen\/","url":"https:\/\/www.urlaubcornwall.de\/blog\/luxus-ferienhaeuser-in-wales-unsere-beliebtesten-regionen\/","name":"Luxus Ferienh\u00e4user in Wales - unsere beliebtesten Regionen - Urlaub &amp; Reisen","isPartOf":{"@id":"https:\/\/www.urlaubcornwall.de\/blog\/#website"},"datePublished":"2019-04-07T10:43:52+00:00","dateModified":"2019-04-07T15:06:58+00:00","breadcrumb":{"@id":"https:\/\/www.urlaubcornwall.de\/blog\/luxus-ferienhaeuser-in-wales-unsere-beliebtesten-regionen\/#breadcrumb"},"inLanguage":"en-US","potentialAction":[{"@type":"ReadAction","target":["https:\/\/www.urlaubcornwall.de\/blog\/luxus-ferienhaeuser-in-wales-unsere-beliebtesten-regionen\/"]}]},{"@type":"BreadcrumbList","@id":"https:\/\/www.urlaubcornwall.de\/blog\/luxus-ferienhaeuser-in-wales-unsere-beliebtesten-regionen\/#breadcrumb","itemListElement":[{"@type":"ListItem","position":1,"name":"Home","item":"https:\/\/www.urlaubcornwall.de\/blog\/"},{"@type":"ListItem","position":2,"name":"Luxus Ferienh\u00e4user in Wales &#8211; unsere beliebtesten Regionen"}]}]}},"_links":{"self":[{"href":"https:\/\/www.urlaubcornwall.de\/blog\/wp-json\/wp\/v2\/pages\/37309"}],"collection":[{"href":"https:\/\/www.urlaubcornwall.de\/blog\/wp-json\/wp\/v2\/pages"}],"about":[{"href":"https:\/\/www.urlaubcornwall.de\/blog\/wp-json\/wp\/v2\/types\/page"}],"author":[{"embeddable":true,"href":"https:\/\/www.urlaubcornwall.de\/blog\/wp-json\/wp\/v2\/users\/1"}],"replies":[{"embeddable":true,"href":"https:\/\/www.urlaubcornwall.de\/blog\/wp-json\/wp\/v2\/comments?post=37309"}],"version-history":[{"count":2,"href":"https:\/\/www.urlaubcornwall.de\/blog\/wp-json\/wp\/v2\/pages\/37309\/revisions"}],"predecessor-version":[{"id":37315,"href":"https:\/\/www.urlaubcornwall.de\/blog\/wp-json\/wp\/v2\/pages\/37309\/revisions\/37315"}],"wp:attachment":[{"href":"https:\/\/www.urlaubcornwall.de\/blog\/wp-json\/wp\/v2\/media?parent=37309"}],"curies":[{"name":"wp","href":"https:\/\/api.w.org\/{rel}","templated":true}]}}