{"id":37305,"date":"2019-04-07T10:39:50","date_gmt":"2019-04-07T10:39:50","guid":{"rendered":"https:\/\/www.urlaubcornwall.de\/blog\/?page_id=37305"},"modified":"2024-04-15T14:40:58","modified_gmt":"2024-04-15T14:40:58","slug":"luxus-ferienhaeuser-in-schottland-unsere-beliebtesten-regionen","status":"publish","type":"page","link":"https:\/\/www.urlaubcornwall.de\/blog\/luxus-ferienhaeuser-in-schottland-unsere-beliebtesten-regionen\/","title":{"rendered":"Luxus Ferienh\u00e4user in Schottland &#8211; unsere beliebtesten Regionen"},"content":{"rendered":"<h1><img loading=\"lazy\" class=\"aligncenter size-full wp-image-20024\" src=\"https:\/\/www.urlaubcornwall.de\/blog\/wp-content\/uploads\/2015\/09\/16871320_3.jpg\" alt=\"busreisen schottland highlands\" width=\"748\" height=\"380\"\/><\/h1>\n<h1 style=\"text-align: center;\"><a href=\"https:\/\/www.urlaubcornwall.de\/ferienhaeuser.php\">Pers\u00f6nlich inspizierte Ferienh\u00e4user und Ferienwohnungen in Schottland<\/a><\/h1>\n<p style=\"text-align: center;\">UrlaubCornwall.de hat eine einzigartige Sammlung pers\u00f6nlich inspizierter Luxus Ferienh\u00e4user und Ferienwohnungen in Schottland und nun auch im gesamten Gro\u00dfbritannien. Jedes Geb\u00e4ude muss anspruchsvollen Standards entsprechen, so dass Ihre Urlaubsunterkunft Ihre Erwartungen \u00fcbertrifft.<\/p>\n<p style=\"text-align: center;\"><a class=\"tidycta\" href=\"https:\/\/www.urlaubcornwall.de\/ferienhaeuser\/schottland.php\">Suche Ferienh\u00e4user in Schottland<\/a><\/p>\n<div class=\"snippet\"> <a class=\"featured-item\" href=\" https:\/\/www.urlaubcornwall.de\/ferienhaeuser\/schottland.php\"> <span class=\"image-holder\" style=\"background-image: url(' https:\/\/www.urlaubcornwall.de\/blog\/wp-content\/uploads\/2019\/01\/urlaub-schottland-highlands-1.jpg');\"><\/span> <span class=\"featured-content\"> \n<h2 class=\"featured-title\">Bei uns finden Sie Ferienh\u00e4user in Schottland zum Verlieben!<\/h2>\n<p class=\"featured-body\">Pers\u00f6nlich inspizierte Ferienh\u00e4user &amp; Ferienwohnungen in Schottland, Highlands und Inseln f\u00fcr Ihren Urlaub mit Hund. UrlaubCornwall.de verf\u00fcgt Ferienh\u00e4user im Umkreis von 1,5 km des Meeres und der Str\u00e4nde von Schottland&#8230;..<\/p>\n<\/span> <span class=\"featured-link-holder\"> <span class=\"featured-extra-info\"> \n<p>F\u00fcr Paare, Familien &#038; Gruppen<\/p>\n<\/span> \n<p class=\"featured-link\">DETAILS<\/p>\n<\/span> <\/a><\/div>\n<p><a class=\"plain\" href=\"https:\/\/www.urlaubcornwall.de\/ferienhaeuser-fewos\/sco\/highlands-und-inseln\/highlands-und-inseln-luxus-unterkuenfte.html\">highlands-und-inseln-luxus-unterkuenfte.html<\/a> (15)<\/p>\n<p><a class=\"plain\" href=\"https:\/\/www.urlaubcornwall.de\/ferienhaeuser-fewos\/sco\/zentralschottland\/zentralschottland-luxus-unterkuenfte.html\">zentralschottland-luxus-unterkuenfte.html<\/a> (50)<\/p>\n<p><a class=\"plain\" href=\"https:\/\/www.urlaubcornwall.de\/ferienhaeuser-fewos\/sco\/edinburgh-und-lothians\/edinburgh-und-lothians-luxus-unterkuenfte.html\">edinburgh-und-lothians-luxus-unterkuenfte.html<\/a> (17)<\/p>\n<p><a class=\"plain\" href=\"https:\/\/www.urlaubcornwall.de\/ferienhaeuser-fewos\/sco\/nordostschottland\/nordostschottland-luxus-unterkuenfte.html\">nordostschottland-luxus-unterkuenfte.html<\/a> (11)<\/p>\n<p><a class=\"plain\" href=\"https:\/\/www.urlaubcornwall.de\/ferienhaeuser-fewos\/sco\/nordhighlands-und-inseln\/nordhighlands-und-inseln-luxus-unterkuenfte.html\">nordhighlands-und-inseln-luxus-unterkuenfte.html<\/a> (59)<\/p>\n<p><a class=\"plain\" href=\"https:\/\/www.urlaubcornwall.de\/ferienhaeuser-fewos\/sco\/suedschottland\/suedschottland-luxus-unterkuenfte.html\">suedschottland-luxus-unterkuenfte.html<\/a> (53)<\/p>\n","protected":false},"excerpt":{"rendered":"<p>Pers\u00f6nlich inspizierte Ferienh\u00e4user und Ferienwohnungen in Schottland UrlaubCornwall.de hat eine einzigartige Sammlung pers\u00f6nlich inspizierter Luxus Ferienh\u00e4user und Ferienwohnungen in Schottland und nun auch im gesamten Gro\u00dfbritannien. Jedes Geb\u00e4ude muss anspruchsvollen Standards entsprechen, so dass Ihre Urlaubsunterkunft Ihre Erwartungen \u00fcbertrifft. Suche Ferienh\u00e4user in Schottland Bei uns finden Sie Ferienh\u00e4user in Schottland zum Verlieben! Pers\u00f6nlich inspizierte Ferienh\u00e4user [&hellip;]<\/p>\n","protected":false},"author":1,"featured_media":0,"parent":0,"menu_order":0,"comment_status":"closed","ping_status":"closed","template":"single-four.php","meta":[],"acf":[],"yoast_head":"<!-- This site is optimized with the Yoast SEO plugin v19.4 - https:\/\/yoast.com\/wordpress\/plugins\/seo\/ -->\n<title>Luxus Ferienh\u00e4user in Schottland - unsere beliebtesten Regionen - Urlaub &amp; Reisen<\/title>\n<meta name=\"robots\" content=\"index, follow, max-snippet:-1, max-image-preview:large, max-video-preview:-1\" \/>\n<link rel=\"canonical\" href=\"https:\/\/www.urlaubcornwall.de\/blog\/luxus-ferienhaeuser-in-schottland-unsere-beliebtesten-regionen\/\" \/>\n<meta property=\"og:locale\" content=\"en_US\" \/>\n<meta property=\"og:type\" content=\"article\" \/>\n<meta property=\"og:title\" content=\"Luxus Ferienh\u00e4user in Schottland - unsere beliebtesten Regionen - Urlaub &amp; Reisen\" \/>\n<meta property=\"og:description\" content=\"Pers\u00f6nlich inspizierte Ferienh\u00e4user und Ferienwohnungen in Schottland UrlaubCornwall.de hat eine einzigartige Sammlung pers\u00f6nlich inspizierter Luxus Ferienh\u00e4user und Ferienwohnungen in Schottland und nun auch im gesamten Gro\u00dfbritannien. Jedes Geb\u00e4ude muss anspruchsvollen Standards entsprechen, so dass Ihre Urlaubsunterkunft Ihre Erwartungen \u00fcbertrifft. Suche Ferienh\u00e4user in Schottland Bei uns finden Sie Ferienh\u00e4user in Schottland zum Verlieben! Pers\u00f6nlich inspizierte Ferienh\u00e4user [&hellip;]\" \/>\n<meta property=\"og:url\" content=\"https:\/\/www.urlaubcornwall.de\/blog\/luxus-ferienhaeuser-in-schottland-unsere-beliebtesten-regionen\/\" \/>\n<meta property=\"og:site_name\" content=\"Urlaub &amp; Reisen\" \/>\n<meta property=\"article:modified_time\" content=\"2024-04-15T14:40:58+00:00\" \/>\n<meta property=\"og:image\" content=\"https:\/\/www.urlaubcornwall.de\/blog\/wp-content\/uploads\/2015\/09\/16871320_3.jpg\" \/>\n<meta name=\"twitter:card\" content=\"summary\" \/>\n<meta name=\"twitter:label1\" content=\"Est. reading time\" \/>\n\t<meta name=\"twitter:data1\" content=\"1 minute\" \/>\n<script type=\"application\/ld+json\" class=\"yoast-schema-graph\">{\"@context\":\"https:\/\/schema.org\",\"@graph\":[{\"@type\":\"WebSite\",\"@id\":\"https:\/\/www.urlaubcornwall.de\/blog\/#website\",\"url\":\"https:\/\/www.urlaubcornwall.de\/blog\/\",\"name\":\"Urlaub &amp; Reisen\",\"description\":\"Urlaub, Reisen, Cornwall und S\u00fcdengland: eine perfekte Kombination\",\"potentialAction\":[{\"@type\":\"SearchAction\",\"target\":{\"@type\":\"EntryPoint\",\"urlTemplate\":\"https:\/\/www.urlaubcornwall.de\/blog\/?s={search_term_string}\"},\"query-input\":\"required name=search_term_string\"}],\"inLanguage\":\"en-US\"},{\"@type\":\"WebPage\",\"@id\":\"https:\/\/www.urlaubcornwall.de\/blog\/luxus-ferienhaeuser-in-schottland-unsere-beliebtesten-regionen\/\",\"url\":\"https:\/\/www.urlaubcornwall.de\/blog\/luxus-ferienhaeuser-in-schottland-unsere-beliebtesten-regionen\/\",\"name\":\"Luxus Ferienh\u00e4user in Schottland - unsere beliebtesten Regionen - Urlaub &amp; Reisen\",\"isPartOf\":{\"@id\":\"https:\/\/www.urlaubcornwall.de\/blog\/#website\"},\"datePublished\":\"2019-04-07T10:39:50+00:00\",\"dateModified\":\"2024-04-15T14:40:58+00:00\",\"breadcrumb\":{\"@id\":\"https:\/\/www.urlaubcornwall.de\/blog\/luxus-ferienhaeuser-in-schottland-unsere-beliebtesten-regionen\/#breadcrumb\"},\"inLanguage\":\"en-US\",\"potentialAction\":[{\"@type\":\"ReadAction\",\"target\":[\"https:\/\/www.urlaubcornwall.de\/blog\/luxus-ferienhaeuser-in-schottland-unsere-beliebtesten-regionen\/\"]}]},{\"@type\":\"BreadcrumbList\",\"@id\":\"https:\/\/www.urlaubcornwall.de\/blog\/luxus-ferienhaeuser-in-schottland-unsere-beliebtesten-regionen\/#breadcrumb\",\"itemListElement\":[{\"@type\":\"ListItem\",\"position\":1,\"name\":\"Home\",\"item\":\"https:\/\/www.urlaubcornwall.de\/blog\/\"},{\"@type\":\"ListItem\",\"position\":2,\"name\":\"Luxus Ferienh\u00e4user in Schottland &#8211; unsere beliebtesten Regionen\"}]}]}<\/script>\n<!-- \/ Yoast SEO plugin. -->","yoast_head_json":{"title":"Luxus Ferienh\u00e4user in Schottland - unsere beliebtesten Regionen - Urlaub &amp; Reisen","robots":{"index":"index","follow":"follow","max-snippet":"max-snippet:-1","max-image-preview":"max-image-preview:large","max-video-preview":"max-video-preview:-1"},"canonical":"https:\/\/www.urlaubcornwall.de\/blog\/luxus-ferienhaeuser-in-schottland-unsere-beliebtesten-regionen\/","og_locale":"en_US","og_type":"article","og_title":"Luxus Ferienh\u00e4user in Schottland - unsere beliebtesten Regionen - Urlaub &amp; Reisen","og_description":"Pers\u00f6nlich inspizierte Ferienh\u00e4user und Ferienwohnungen in Schottland UrlaubCornwall.de hat eine einzigartige Sammlung pers\u00f6nlich inspizierter Luxus Ferienh\u00e4user und Ferienwohnungen in Schottland und nun auch im gesamten Gro\u00dfbritannien. Jedes Geb\u00e4ude muss anspruchsvollen Standards entsprechen, so dass Ihre Urlaubsunterkunft Ihre Erwartungen \u00fcbertrifft. Suche Ferienh\u00e4user in Schottland Bei uns finden Sie Ferienh\u00e4user in Schottland zum Verlieben! Pers\u00f6nlich inspizierte Ferienh\u00e4user [&hellip;]","og_url":"https:\/\/www.urlaubcornwall.de\/blog\/luxus-ferienhaeuser-in-schottland-unsere-beliebtesten-regionen\/","og_site_name":"Urlaub &amp; Reisen","article_modified_time":"2024-04-15T14:40:58+00:00","og_image":[{"url":"https:\/\/www.urlaubcornwall.de\/blog\/wp-content\/uploads\/2015\/09\/16871320_3.jpg"}],"twitter_card":"summary","twitter_misc":{"Est. reading time":"1 minute"},"schema":{"@context":"https:\/\/schema.org","@graph":[{"@type":"WebSite","@id":"https:\/\/www.urlaubcornwall.de\/blog\/#website","url":"https:\/\/www.urlaubcornwall.de\/blog\/","name":"Urlaub &amp; Reisen","description":"Urlaub, Reisen, Cornwall und S\u00fcdengland: eine perfekte Kombination","potentialAction":[{"@type":"SearchAction","target":{"@type":"EntryPoint","urlTemplate":"https:\/\/www.urlaubcornwall.de\/blog\/?s={search_term_string}"},"query-input":"required name=search_term_string"}],"inLanguage":"en-US"},{"@type":"WebPage","@id":"https:\/\/www.urlaubcornwall.de\/blog\/luxus-ferienhaeuser-in-schottland-unsere-beliebtesten-regionen\/","url":"https:\/\/www.urlaubcornwall.de\/blog\/luxus-ferienhaeuser-in-schottland-unsere-beliebtesten-regionen\/","name":"Luxus Ferienh\u00e4user in Schottland - unsere beliebtesten Regionen - Urlaub &amp; Reisen","isPartOf":{"@id":"https:\/\/www.urlaubcornwall.de\/blog\/#website"},"datePublished":"2019-04-07T10:39:50+00:00","dateModified":"2024-04-15T14:40:58+00:00","breadcrumb":{"@id":"https:\/\/www.urlaubcornwall.de\/blog\/luxus-ferienhaeuser-in-schottland-unsere-beliebtesten-regionen\/#breadcrumb"},"inLanguage":"en-US","potentialAction":[{"@type":"ReadAction","target":["https:\/\/www.urlaubcornwall.de\/blog\/luxus-ferienhaeuser-in-schottland-unsere-beliebtesten-regionen\/"]}]},{"@type":"BreadcrumbList","@id":"https:\/\/www.urlaubcornwall.de\/blog\/luxus-ferienhaeuser-in-schottland-unsere-beliebtesten-regionen\/#breadcrumb","itemListElement":[{"@type":"ListItem","position":1,"name":"Home","item":"https:\/\/www.urlaubcornwall.de\/blog\/"},{"@type":"ListItem","position":2,"name":"Luxus Ferienh\u00e4user in Schottland &#8211; unsere beliebtesten Regionen"}]}]}},"_links":{"self":[{"href":"https:\/\/www.urlaubcornwall.de\/blog\/wp-json\/wp\/v2\/pages\/37305"}],"collection":[{"href":"https:\/\/www.urlaubcornwall.de\/blog\/wp-json\/wp\/v2\/pages"}],"about":[{"href":"https:\/\/www.urlaubcornwall.de\/blog\/wp-json\/wp\/v2\/types\/page"}],"author":[{"embeddable":true,"href":"https:\/\/www.urlaubcornwall.de\/blog\/wp-json\/wp\/v2\/users\/1"}],"replies":[{"embeddable":true,"href":"https:\/\/www.urlaubcornwall.de\/blog\/wp-json\/wp\/v2\/comments?post=37305"}],"version-history":[{"count":5,"href":"https:\/\/www.urlaubcornwall.de\/blog\/wp-json\/wp\/v2\/pages\/37305\/revisions"}],"predecessor-version":[{"id":49596,"href":"https:\/\/www.urlaubcornwall.de\/blog\/wp-json\/wp\/v2\/pages\/37305\/revisions\/49596"}],"wp:attachment":[{"href":"https:\/\/www.urlaubcornwall.de\/blog\/wp-json\/wp\/v2\/media?parent=37305"}],"curies":[{"name":"wp","href":"https:\/\/api.w.org\/{rel}","templated":true}]}}