{"id":37303,"date":"2019-04-07T10:32:31","date_gmt":"2019-04-07T10:32:31","guid":{"rendered":"https:\/\/www.urlaubcornwall.de\/blog\/?page_id=37303"},"modified":"2019-08-12T08:04:25","modified_gmt":"2019-08-12T08:04:25","slug":"luxus-ferienhaeuser-england-beliebtesten-grafschaften","status":"publish","type":"page","link":"https:\/\/www.urlaubcornwall.de\/blog\/luxus-ferienhaeuser-england-beliebtesten-grafschaften\/","title":{"rendered":"Luxus Ferienh\u00e4user in England &#8211; unsere beliebtesten Grafschaften"},"content":{"rendered":"<h1><img loading=\"lazy\" class=\"aligncenter size-full wp-image-28786\" src=\"https:\/\/www.urlaubcornwall.de\/blog\/wp-content\/uploads\/2017\/08\/gyllyngvase-strand-falmouth.jpg\" alt=\"Luxus Ferienh\u00e4user und Ferienwohnungen England\" width=\"748\" height=\"399\" srcset=\"https:\/\/www.urlaubcornwall.de\/blog\/wp-content\/uploads\/2017\/08\/gyllyngvase-strand-falmouth.jpg 746w, https:\/\/www.urlaubcornwall.de\/blog\/wp-content\/uploads\/2017\/08\/gyllyngvase-strand-falmouth-300x160.jpg 300w\" sizes=\"(max-width: 748px) 100vw, 748px\" \/><\/h1>\n<h1 style=\"text-align: center;\"><a href=\"https:\/\/www.urlaubcornwall.de\/ferienhaeuser.php\">Pers\u00f6nlich inspizierte Ferienh\u00e4user und Ferienwohnungen in England<\/a><\/h1>\n<p style=\"text-align: center;\">UrlaubCornwall.de hat eine einzigartige Sammlung pers\u00f6nlich inspizierter Luxus Ferienh\u00e4user und Ferienwohnungen in England und nun auch im gesamten Gro\u00dfbritannien. Jedes Geb\u00e4ude muss anspruchsvollen Standards entsprechen, so dass Ihre Urlaubsunterkunft Ihre Erwartungen \u00fcbertrifft.<\/p>\n<p style=\"text-align: center;\"><a class=\"tidycta\" href=\"https:\/\/www.urlaubcornwall.de\/ferienhaeuser.php\">Suche Ferienh\u00e4user in England<\/a><\/p>\n<p style=\"text-align: center;\">&nbsp;<br \/>\n<a class=\"plain\" href=\"https:\/\/www.urlaubcornwall.de\/ferienhaeuser-fewos\/eng\/bedfordshire\/bedfordshire-luxus-unterkuenfte.html\">Bedfordshire mit Luxus<\/a> (2)<\/p>\n<p style=\"text-align: center;\"><a class=\"plain\" href=\"https:\/\/www.urlaubcornwall.de\/ferienhaeuser-fewos\/eng\/berkshire\/berkshire-luxus-unterkuenfte.html\">Berkshire mit Luxus<\/a> (3)<\/p>\n<p style=\"text-align: center;\"><a class=\"plain\" href=\"https:\/\/www.urlaubcornwall.de\/ferienhaeuser-fewos\/eng\/buckinghamshire\/buckinghamshire-luxus-unterkuenfte.html\">Buckinghamshire mit Luxus<\/a> (4)<\/p>\n<p style=\"text-align: center;\"><a class=\"plain\" href=\"https:\/\/www.urlaubcornwall.de\/ferienhaeuser-fewos\/eng\/cambridgeshire\/cambridgeshire-luxus-unterkuenfte.html\">Cambridgeshire mit Luxus<\/a> (5)<\/p>\n<p style=\"text-align: center;\"><a class=\"plain\" href=\"https:\/\/www.urlaubcornwall.de\/ferienhaeuser-fewos\/eng\/cheshire\/cheshire-luxus-unterkuenfte.html\">Cheshire mit Luxus<\/a> (10)<\/p>\n<p style=\"text-align: center;\"><a class=\"plain\" href=\"https:\/\/www.urlaubcornwall.de\/ferienhaeuser-fewos\/cornwall-luxus-unterkuenfte.html\">Cornwall mit Luxus<\/a> (705)<\/p>\n<p style=\"text-align: center;\"><a class=\"plain\" href=\"https:\/\/www.urlaubcornwall.de\/ferienhaeuser-fewos\/eng\/county-durham\/county-durham-luxus-unterkuenfte.html\">County Durham mit Luxus<\/a> (25)<\/p>\n<p style=\"text-align: center;\"><a class=\"plain\" href=\"https:\/\/www.urlaubcornwall.de\/ferienhaeuser-fewos\/eng\/lake-district\/lake-district-luxus-unterkuenfte.html\">Cumbria mit Luxus<\/a> (207)<\/p>\n<p style=\"text-align: center;\"><a class=\"plain\" href=\"https:\/\/www.urlaubcornwall.de\/ferienhaeuser-fewos\/eng\/derbyshire\/derbyshire-luxus-unterkuenfte.html\">Derbyshire mit Luxus (189)<\/a><\/p>\n<p style=\"text-align: center;\"><a class=\"plain\" href=\"https:\/\/www.urlaubcornwall.de\/ferienhaeuser-fewos\/eng\/mitteldevon-und-ostdevon\/mitteldevon-und-ostdevon-luxus-unterkuenfte.html\">Mitteldevon und Ostdevon mit Luxus<\/a> (116)<\/p>\n<p style=\"text-align: center;\"><a class=\"plain\" href=\"https:\/\/www.urlaubcornwall.de\/ferienhaeuser-fewos\/eng\/nord-devon\/nord-devon-luxus-unterkuenfte.html\">Nord Devon mit Luxus<\/a> (711)<\/p>\n<p style=\"text-align: center;\"><a class=\"plain\" href=\"https:\/\/www.urlaubcornwall.de\/ferienhaeuser-fewos\/eng\/sued-devon\/sued-devon-luxus-unterkuenfte.html\">S\u00fcd Devon mit Luxus<\/a> (386)<\/p>\n<p style=\"text-align: center;\"><a class=\"plain\" href=\"https:\/\/www.urlaubcornwall.de\/ferienhaeuser-fewos\/eng\/dorset\/dorset-luxus-unterkuenfte.html\">Dorset mit Luxus<\/a> (210)<\/p>\n<p style=\"text-align: center;\"><a class=\"plain\" href=\"https:\/\/www.urlaubcornwall.de\/ferienhaeuser-fewos\/eng\/essex\/essex-luxus-unterkuenfte.html\">essex mit Luxus<\/a> (10)<\/p>\n<p style=\"text-align: center;\"><a class=\"plain\" href=\"https:\/\/www.urlaubcornwall.de\/ferienhaeuser-fewos\/eng\/gloucestershire\/gloucestershire-luxus-unterkuenfte.html\">Gloucestershire mit Luxus<\/a> (145)<\/p>\n<p style=\"text-align: center;\"><a class=\"plain\" href=\"https:\/\/www.urlaubcornwall.de\/ferienhaeuser-fewos\/eng\/hampshire\/hampshire-luxus-unterkuenfte.html\">Hampshire mit Luxus<\/a> (64)<\/p>\n<p style=\"text-align: center;\"><a class=\"plain\" href=\"https:\/\/www.urlaubcornwall.de\/ferienhaeuser-fewos\/eng\/herefordshire\/herefordshire-luxus-unterkuenfte.html\">Herefordshire mit Luxus<\/a> (69)<\/p>\n<p style=\"text-align: center;\"><a class=\"plain\" href=\"https:\/\/www.urlaubcornwall.de\/ferienhaeuser-fewos\/eng\/isle-of-wight\/isle-of-wight-luxus-unterkuenfte.html\">Isle of Wight mit Luxus<\/a> (318)<\/p>\n<p style=\"text-align: center;\"><a class=\"plain\" href=\"https:\/\/www.urlaubcornwall.de\/ferienhaeuser-fewos\/eng\/kent\/kent-luxus-unterkuenfte.html\">Kent mit Luxus<\/a> (57)<\/p>\n<p style=\"text-align: center;\"><a class=\"plain\" href=\"https:\/\/www.urlaubcornwall.de\/ferienhaeuser-fewos\/eng\/lancashire\/lancashire-luxus-unterkuenfte.html\">Lancashire mit Luxus<\/a> (19)<\/p>\n<p style=\"text-align: center;\"><a class=\"plain\" href=\"https:\/\/www.urlaubcornwall.de\/ferienhaeuser-fewos\/eng\/leicestershire\/leicestershire-luxus-unterkuenfte.html\">Leicestershire mit Luxus<\/a> (2)<\/p>\n<p style=\"text-align: center;\"><a class=\"plain\" href=\"https:\/\/www.urlaubcornwall.de\/ferienhaeuser-fewos\/eng\/lincolnshire\/lincolnshire-luxus-unterkuenfte.html\">Lincolnshire mit Luxus<\/a> (29)<\/p>\n<p style=\"text-align: center;\"><a class=\"plain\" href=\"https:\/\/www.urlaubcornwall.de\/ferienhaeuser-fewos\/eng\/merseyside\/merseyside-luxus-unterkuenfte.html\">Merseyside mit Luxus<\/a> (1)<\/p>\n<p style=\"text-align: center;\"><a class=\"plain\" href=\"https:\/\/www.urlaubcornwall.de\/ferienhaeuser-fewos\/eng\/newcastle\/newcastle-luxus-unterkuenfte.html\">Newcastle mit Luxus<\/a> (8)<\/p>\n<p style=\"text-align: center;\"><a class=\"plain\" href=\"https:\/\/www.urlaubcornwall.de\/ferienhaeuser-fewos\/eng\/norfolk\/norfolk-luxus-unterkuenfte.html\">Norfolk mit Luxus<\/a> (359)<\/p>\n<p style=\"text-align: center;\"><a class=\"plain\" href=\"https:\/\/www.urlaubcornwall.de\/ferienhaeuser-fewos\/eng\/northumberland\/northumberland-luxus-unterkuenfte.html\">Northumberland mit Luxus<\/a> (223)<\/p>\n<p style=\"text-align: center;\"><a class=\"plain\" href=\"https:\/\/www.urlaubcornwall.de\/ferienhaeuser-fewos\/eng\/nottinghamshire\/nottinghamshire-luxus-unterkuenfte.html\">Nottinghamshire mit Luxus<\/a> (4)<\/p>\n<p style=\"text-align: center;\"><a class=\"plain\" href=\"https:\/\/www.urlaubcornwall.de\/ferienhaeuser-fewos\/eng\/oxfordshire\/oxfordshire-luxus-unterkuenfte.html\">Oxfordshire mit Luxus<\/a> (49)<\/p>\n<p style=\"text-align: center;\"><a class=\"plain\" href=\"https:\/\/www.urlaubcornwall.de\/ferienhaeuser-fewos\/eng\/shropshire\/shropshire-luxus-unterkuenfte.html\">Shropshire mit Luxus<\/a> (63)<\/p>\n<p style=\"text-align: center;\"><a class=\"plain\" href=\"https:\/\/www.urlaubcornwall.de\/ferienhaeuser-fewos\/eng\/somerset\/somerset-luxus-unterkuenfte.html\">Somerset mit Luxus<\/a> (265)<\/p>\n<p style=\"text-align: center;\"><a class=\"plain\" href=\"https:\/\/www.urlaubcornwall.de\/ferienhaeuser-fewos\/eng\/staffordshire\/staffordshire-luxus-unterkuenfte.html\">Staffordshire mit Luxus<\/a> (17)<\/p>\n<p style=\"text-align: center;\"><a class=\"plain\" href=\"https:\/\/www.urlaubcornwall.de\/ferienhaeuser-fewos\/eng\/suffolk\/suffolk-luxus-unterkuenfte.html\">Suffolk mit Luxus<\/a> (26)<\/p>\n<p style=\"text-align: center;\"><a class=\"plain\" href=\"https:\/\/www.urlaubcornwall.de\/ferienhaeuser-fewos\/eng\/sussex\/sussex-luxus-unterkuenfte.html\">Sussex mit Luxus<\/a> (157)<\/p>\n<p style=\"text-align: center;\"><a class=\"plain\" href=\"https:\/\/www.urlaubcornwall.de\/ferienhaeuser-fewos\/eng\/warwickshire\/warwickshire-luxus-unterkuenfte.html\">Warwickshire mit Luxus<\/a> (26)<\/p>\n<p style=\"text-align: center;\"><a class=\"plain\" href=\"https:\/\/www.urlaubcornwall.de\/ferienhaeuser-fewos\/eng\/west-midlands\/west-midlands-luxus-unterkuenfte.html\">West Midlands mit Luxus<\/a> (1)<\/p>\n<p style=\"text-align: center;\"><a class=\"plain\" href=\"https:\/\/www.urlaubcornwall.de\/ferienhaeuser-fewos\/eng\/wiltshire\/wiltshire-luxus-unterkuenfte.html\">Wwiltshire mit Luxus<\/a> (22)<\/p>\n<p style=\"text-align: center;\"><a class=\"plain\" href=\"https:\/\/www.urlaubcornwall.de\/ferienhaeuser-fewos\/eng\/worcestershire\/worcestershire-luxus-unterkuenfte.html\">Worcestershire mit Luxus<\/a> (35)<\/p>\n<p style=\"text-align: center;\"><a class=\"plain\" href=\"https:\/\/www.urlaubcornwall.de\/ferienhaeuser-fewos\/eng\/yorkshire\/yorkshire-luxus-unterkuenfte.html\">Yorkshire mit Luxus<\/a> (397)<\/p>\n\n","protected":false},"excerpt":{"rendered":"<p>Pers\u00f6nlich inspizierte Ferienh\u00e4user und Ferienwohnungen in England UrlaubCornwall.de hat eine einzigartige Sammlung pers\u00f6nlich inspizierter Luxus Ferienh\u00e4user und Ferienwohnungen in England und nun auch im gesamten Gro\u00dfbritannien. Jedes Geb\u00e4ude muss anspruchsvollen Standards entsprechen, so dass Ihre Urlaubsunterkunft Ihre Erwartungen \u00fcbertrifft. Suche Ferienh\u00e4user in England &nbsp; Bedfordshire mit Luxus (2) Berkshire mit Luxus (3) Buckinghamshire mit Luxus [&hellip;]<\/p>\n","protected":false},"author":1,"featured_media":0,"parent":0,"menu_order":0,"comment_status":"closed","ping_status":"closed","template":"single-four.php","meta":[],"acf":[],"yoast_head":"<!-- This site is optimized with the Yoast SEO plugin v19.4 - https:\/\/yoast.com\/wordpress\/plugins\/seo\/ -->\n<title>Luxus Ferienh\u00e4user in England - unsere beliebtesten Grafschaften - Urlaub &amp; Reisen<\/title>\n<meta name=\"robots\" content=\"index, follow, max-snippet:-1, max-image-preview:large, max-video-preview:-1\" \/>\n<link rel=\"canonical\" href=\"https:\/\/www.urlaubcornwall.de\/blog\/luxus-ferienhaeuser-england-beliebtesten-grafschaften\/\" \/>\n<meta property=\"og:locale\" content=\"en_US\" \/>\n<meta property=\"og:type\" content=\"article\" \/>\n<meta property=\"og:title\" content=\"Luxus Ferienh\u00e4user in England - unsere beliebtesten Grafschaften - Urlaub &amp; Reisen\" \/>\n<meta property=\"og:description\" content=\"Pers\u00f6nlich inspizierte Ferienh\u00e4user und Ferienwohnungen in England UrlaubCornwall.de hat eine einzigartige Sammlung pers\u00f6nlich inspizierter Luxus Ferienh\u00e4user und Ferienwohnungen in England und nun auch im gesamten Gro\u00dfbritannien. Jedes Geb\u00e4ude muss anspruchsvollen Standards entsprechen, so dass Ihre Urlaubsunterkunft Ihre Erwartungen \u00fcbertrifft. Suche Ferienh\u00e4user in England &nbsp; Bedfordshire mit Luxus (2) Berkshire mit Luxus (3) Buckinghamshire mit Luxus [&hellip;]\" \/>\n<meta property=\"og:url\" content=\"https:\/\/www.urlaubcornwall.de\/blog\/luxus-ferienhaeuser-england-beliebtesten-grafschaften\/\" \/>\n<meta property=\"og:site_name\" content=\"Urlaub &amp; Reisen\" \/>\n<meta property=\"article:modified_time\" content=\"2019-08-12T08:04:25+00:00\" \/>\n<meta property=\"og:image\" content=\"https:\/\/www.urlaubcornwall.de\/blog\/wp-content\/uploads\/2017\/08\/gyllyngvase-strand-falmouth.jpg\" \/>\n<meta name=\"twitter:card\" content=\"summary\" \/>\n<meta name=\"twitter:label1\" content=\"Est. reading time\" \/>\n\t<meta name=\"twitter:data1\" content=\"1 minute\" \/>\n<script type=\"application\/ld+json\" class=\"yoast-schema-graph\">{\"@context\":\"https:\/\/schema.org\",\"@graph\":[{\"@type\":\"WebSite\",\"@id\":\"https:\/\/www.urlaubcornwall.de\/blog\/#website\",\"url\":\"https:\/\/www.urlaubcornwall.de\/blog\/\",\"name\":\"Urlaub &amp; Reisen\",\"description\":\"Urlaub, Reisen, Cornwall und S\u00fcdengland: eine perfekte Kombination\",\"potentialAction\":[{\"@type\":\"SearchAction\",\"target\":{\"@type\":\"EntryPoint\",\"urlTemplate\":\"https:\/\/www.urlaubcornwall.de\/blog\/?s={search_term_string}\"},\"query-input\":\"required name=search_term_string\"}],\"inLanguage\":\"en-US\"},{\"@type\":\"WebPage\",\"@id\":\"https:\/\/www.urlaubcornwall.de\/blog\/luxus-ferienhaeuser-england-beliebtesten-grafschaften\/\",\"url\":\"https:\/\/www.urlaubcornwall.de\/blog\/luxus-ferienhaeuser-england-beliebtesten-grafschaften\/\",\"name\":\"Luxus Ferienh\u00e4user in England - unsere beliebtesten Grafschaften - Urlaub &amp; Reisen\",\"isPartOf\":{\"@id\":\"https:\/\/www.urlaubcornwall.de\/blog\/#website\"},\"datePublished\":\"2019-04-07T10:32:31+00:00\",\"dateModified\":\"2019-08-12T08:04:25+00:00\",\"breadcrumb\":{\"@id\":\"https:\/\/www.urlaubcornwall.de\/blog\/luxus-ferienhaeuser-england-beliebtesten-grafschaften\/#breadcrumb\"},\"inLanguage\":\"en-US\",\"potentialAction\":[{\"@type\":\"ReadAction\",\"target\":[\"https:\/\/www.urlaubcornwall.de\/blog\/luxus-ferienhaeuser-england-beliebtesten-grafschaften\/\"]}]},{\"@type\":\"BreadcrumbList\",\"@id\":\"https:\/\/www.urlaubcornwall.de\/blog\/luxus-ferienhaeuser-england-beliebtesten-grafschaften\/#breadcrumb\",\"itemListElement\":[{\"@type\":\"ListItem\",\"position\":1,\"name\":\"Home\",\"item\":\"https:\/\/www.urlaubcornwall.de\/blog\/\"},{\"@type\":\"ListItem\",\"position\":2,\"name\":\"Luxus Ferienh\u00e4user in England &#8211; unsere beliebtesten Grafschaften\"}]}]}<\/script>\n<!-- \/ Yoast SEO plugin. -->","yoast_head_json":{"title":"Luxus Ferienh\u00e4user in England - unsere beliebtesten Grafschaften - Urlaub &amp; Reisen","robots":{"index":"index","follow":"follow","max-snippet":"max-snippet:-1","max-image-preview":"max-image-preview:large","max-video-preview":"max-video-preview:-1"},"canonical":"https:\/\/www.urlaubcornwall.de\/blog\/luxus-ferienhaeuser-england-beliebtesten-grafschaften\/","og_locale":"en_US","og_type":"article","og_title":"Luxus Ferienh\u00e4user in England - unsere beliebtesten Grafschaften - Urlaub &amp; Reisen","og_description":"Pers\u00f6nlich inspizierte Ferienh\u00e4user und Ferienwohnungen in England UrlaubCornwall.de hat eine einzigartige Sammlung pers\u00f6nlich inspizierter Luxus Ferienh\u00e4user und Ferienwohnungen in England und nun auch im gesamten Gro\u00dfbritannien. Jedes Geb\u00e4ude muss anspruchsvollen Standards entsprechen, so dass Ihre Urlaubsunterkunft Ihre Erwartungen \u00fcbertrifft. Suche Ferienh\u00e4user in England &nbsp; Bedfordshire mit Luxus (2) Berkshire mit Luxus (3) Buckinghamshire mit Luxus [&hellip;]","og_url":"https:\/\/www.urlaubcornwall.de\/blog\/luxus-ferienhaeuser-england-beliebtesten-grafschaften\/","og_site_name":"Urlaub &amp; Reisen","article_modified_time":"2019-08-12T08:04:25+00:00","og_image":[{"url":"https:\/\/www.urlaubcornwall.de\/blog\/wp-content\/uploads\/2017\/08\/gyllyngvase-strand-falmouth.jpg"}],"twitter_card":"summary","twitter_misc":{"Est. reading time":"1 minute"},"schema":{"@context":"https:\/\/schema.org","@graph":[{"@type":"WebSite","@id":"https:\/\/www.urlaubcornwall.de\/blog\/#website","url":"https:\/\/www.urlaubcornwall.de\/blog\/","name":"Urlaub &amp; Reisen","description":"Urlaub, Reisen, Cornwall und S\u00fcdengland: eine perfekte Kombination","potentialAction":[{"@type":"SearchAction","target":{"@type":"EntryPoint","urlTemplate":"https:\/\/www.urlaubcornwall.de\/blog\/?s={search_term_string}"},"query-input":"required name=search_term_string"}],"inLanguage":"en-US"},{"@type":"WebPage","@id":"https:\/\/www.urlaubcornwall.de\/blog\/luxus-ferienhaeuser-england-beliebtesten-grafschaften\/","url":"https:\/\/www.urlaubcornwall.de\/blog\/luxus-ferienhaeuser-england-beliebtesten-grafschaften\/","name":"Luxus Ferienh\u00e4user in England - unsere beliebtesten Grafschaften - Urlaub &amp; Reisen","isPartOf":{"@id":"https:\/\/www.urlaubcornwall.de\/blog\/#website"},"datePublished":"2019-04-07T10:32:31+00:00","dateModified":"2019-08-12T08:04:25+00:00","breadcrumb":{"@id":"https:\/\/www.urlaubcornwall.de\/blog\/luxus-ferienhaeuser-england-beliebtesten-grafschaften\/#breadcrumb"},"inLanguage":"en-US","potentialAction":[{"@type":"ReadAction","target":["https:\/\/www.urlaubcornwall.de\/blog\/luxus-ferienhaeuser-england-beliebtesten-grafschaften\/"]}]},{"@type":"BreadcrumbList","@id":"https:\/\/www.urlaubcornwall.de\/blog\/luxus-ferienhaeuser-england-beliebtesten-grafschaften\/#breadcrumb","itemListElement":[{"@type":"ListItem","position":1,"name":"Home","item":"https:\/\/www.urlaubcornwall.de\/blog\/"},{"@type":"ListItem","position":2,"name":"Luxus Ferienh\u00e4user in England &#8211; unsere beliebtesten Grafschaften"}]}]}},"_links":{"self":[{"href":"https:\/\/www.urlaubcornwall.de\/blog\/wp-json\/wp\/v2\/pages\/37303"}],"collection":[{"href":"https:\/\/www.urlaubcornwall.de\/blog\/wp-json\/wp\/v2\/pages"}],"about":[{"href":"https:\/\/www.urlaubcornwall.de\/blog\/wp-json\/wp\/v2\/types\/page"}],"author":[{"embeddable":true,"href":"https:\/\/www.urlaubcornwall.de\/blog\/wp-json\/wp\/v2\/users\/1"}],"replies":[{"embeddable":true,"href":"https:\/\/www.urlaubcornwall.de\/blog\/wp-json\/wp\/v2\/comments?post=37303"}],"version-history":[{"count":5,"href":"https:\/\/www.urlaubcornwall.de\/blog\/wp-json\/wp\/v2\/pages\/37303\/revisions"}],"predecessor-version":[{"id":38665,"href":"https:\/\/www.urlaubcornwall.de\/blog\/wp-json\/wp\/v2\/pages\/37303\/revisions\/38665"}],"wp:attachment":[{"href":"https:\/\/www.urlaubcornwall.de\/blog\/wp-json\/wp\/v2\/media?parent=37303"}],"curies":[{"name":"wp","href":"https:\/\/api.w.org\/{rel}","templated":true}]}}