{"id":37298,"date":"2019-04-06T15:30:01","date_gmt":"2019-04-06T15:30:01","guid":{"rendered":"https:\/\/www.urlaubcornwall.de\/blog\/?page_id=37298"},"modified":"2024-04-29T15:42:45","modified_gmt":"2024-04-29T15:42:45","slug":"hundefreundliche-ferienhaeuser-in-sussex-south-downs-schoensten-doerfer-und-staedte","status":"publish","type":"page","link":"https:\/\/www.urlaubcornwall.de\/blog\/hundefreundliche-ferienhaeuser-in-sussex-south-downs-schoensten-doerfer-und-staedte\/","title":{"rendered":"Hundefreundliche Ferienh\u00e4user in Sussex &#038; South Downs &#8211; Sch\u00f6nsten D\u00f6rfer und St\u00e4dte"},"content":{"rendered":"<p><a href=\"https:\/\/www.urlaubcornwall.de\/blog\/wp-content\/uploads\/2024\/03\/beachy-head-sussex.jpg\"><img loading=\"lazy\" src=\"https:\/\/www.urlaubcornwall.de\/blog\/wp-content\/uploads\/2024\/03\/beachy-head-sussex.jpg\" alt=\"beachy head sussex\" width=\"750\" height=\"421\" class=\"alignnone size-full wp-image-47885\" srcset=\"https:\/\/www.urlaubcornwall.de\/blog\/wp-content\/uploads\/2024\/03\/beachy-head-sussex.jpg 750w, https:\/\/www.urlaubcornwall.de\/blog\/wp-content\/uploads\/2024\/03\/beachy-head-sussex-300x168.jpg 300w\" sizes=\"(max-width: 750px) 100vw, 750px\" \/><\/a><\/p>\n<p><strong>Bei uns finden Sie Ferienh\u00e4user zum Verlieben &#8211; so einfach ist das!<\/strong><br \/>\nPers\u00f6nlich inspizierte Ferienh\u00e4user und Ferienwohnungen in England f\u00fcr Ihren Urlaub mit Hund. \u00dcber 75 hundefreundliche Ferienh\u00e4user, Cottages &amp; Ferienwohnungen in Sussex.<\/p>\n<p style=\"text-align: center;\"><a class=\"tidycta\" href=\"https:\/\/www.urlaubcornwall.de\/ferienhaeuser-fewos\/eng\/sussex\/sussex-hundefreundlich.html\">Suche Ferienh\u00e4user<\/a><\/p>\n<p><a class=\"plain\" href=\"https:\/\/www.urlaubcornwall.de\/ferienhaeuser-fewos\/eng\/sussex\/alciston-hundefreundlich.html\">alciston-hundefreundlich.html<\/a> (4)<\/p>\n<p><a class=\"plain\" href=\"https:\/\/www.urlaubcornwall.de\/ferienhaeuser-fewos\/eng\/sussex\/battle-hundefreundlich.html\">battle-hundefreundlich.html<\/a> (8)<\/p>\n<p><a class=\"plain\" href=\"https:\/\/www.urlaubcornwall.de\/ferienhaeuser-fewos\/eng\/sussex\/bexhill-on-sea-hundefreundlich.html\">bexhill-on-sea-hundefreundlich.html<\/a> (24)<\/p>\n<p><a class=\"plain\" href=\"https:\/\/www.urlaubcornwall.de\/ferienhaeuser-fewos\/eng\/sussex\/bodiam-hundefreundlich.html\">bodiam-hundefreundlich.html<\/a> (11)<\/p>\n<p><a class=\"plain\" href=\"https:\/\/www.urlaubcornwall.de\/ferienhaeuser-fewos\/eng\/sussex\/boreham-street-hundefreundlich.html\">boreham-street-hundefreundlich.html<\/a> (14)<\/p>\n<p><a class=\"plain\" href=\"https:\/\/www.urlaubcornwall.de\/ferienhaeuser-fewos\/eng\/sussex\/brighton-hundefreundlich.html\">brighton-hundefreundlich.html<\/a> (1)<\/p>\n<p><a class=\"plain\" href=\"https:\/\/www.urlaubcornwall.de\/ferienhaeuser-fewos\/eng\/sussex\/burwash-hundefreundlich.html\">burwash-hundefreundlich.html<\/a> (3)<\/p>\n<p><a class=\"plain\" href=\"https:\/\/www.urlaubcornwall.de\/ferienhaeuser-fewos\/eng\/sussex\/camber-hundefreundlich.html\">camber-hundefreundlich.html<\/a> (28)<\/p>\n<p><a class=\"plain\" href=\"https:\/\/www.urlaubcornwall.de\/ferienhaeuser-fewos\/eng\/sussex\/eastbourne-hundefreundlich.html\">eastbourne-hundefreundlich.html<\/a> (31)<\/p>\n<p><a class=\"plain\" href=\"https:\/\/www.urlaubcornwall.de\/ferienhaeuser-fewos\/eng\/sussex\/etchingham-hundefreundlich.html\">etchingham-hundefreundlich.html<\/a> (11)<\/p>\n<p><a class=\"plain\" href=\"https:\/\/www.urlaubcornwall.de\/ferienhaeuser-fewos\/eng\/sussex\/fairlight-hundefreundlich.html\">fairlight-hundefreundlich.html<\/a> (20)<\/p>\n<p><a class=\"plain\" href=\"https:\/\/www.urlaubcornwall.de\/ferienhaeuser-fewos\/eng\/sussex\/frant-hundefreundlich.html\">frant-hundefreundlich.html<\/a> (4)<\/p>\n<p><a class=\"plain\" href=\"https:\/\/www.urlaubcornwall.de\/ferienhaeuser-fewos\/eng\/sussex\/hastings-hundefreundlich.html\">hastings-hundefreundlich.html<\/a> (17)<\/p>\n<p><a class=\"plain\" href=\"https:\/\/www.urlaubcornwall.de\/ferienhaeuser-fewos\/eng\/sussex\/hurst-green-hundefreundlich.html\">hurst-green-hundefreundlich.html<\/a> (12)<\/p>\n<p><a class=\"plain\" href=\"https:\/\/www.urlaubcornwall.de\/ferienhaeuser-fewos\/eng\/sussex\/icklesham-hundefreundlich.html\">icklesham-hundefreundlich.html<\/a> (31)<\/p>\n<p><a class=\"plain\" href=\"https:\/\/www.urlaubcornwall.de\/ferienhaeuser-fewos\/eng\/sussex\/middleton-on-sea-hundefreundlich.html\">middleton-on-sea-hundefreundlich.html<\/a> (1)<\/p>\n<p><a class=\"plain\" href=\"https:\/\/www.urlaubcornwall.de\/ferienhaeuser-fewos\/eng\/sussex\/northiam-hundefreundlich.html\">northiam-hundefreundlich.html<\/a> (17)<\/p>\n<p><a class=\"plain\" href=\"https:\/\/www.urlaubcornwall.de\/ferienhaeuser-fewos\/eng\/sussex\/pett-hundefreundlich.html\">pett-hundefreundlich.html<\/a> (37)<\/p>\n<p><a class=\"plain\" href=\"https:\/\/www.urlaubcornwall.de\/ferienhaeuser-fewos\/eng\/sussex\/pett-level-hundefreundlich.html\">pett-level-hundefreundlich.html<\/a> (33)<\/p>\n<p><a class=\"plain\" href=\"https:\/\/www.urlaubcornwall.de\/ferienhaeuser-fewos\/eng\/sussex\/petworth-hundefreundlich.html\">petworth-hundefreundlich.html<\/a> (1)<\/p>\n<p><a class=\"plain\" href=\"https:\/\/www.urlaubcornwall.de\/ferienhaeuser-fewos\/eng\/sussex\/pevensey-hundefreundlich.html\">pevensey-hundefreundlich.html<\/a> (33)<\/p>\n<p><a class=\"plain\" href=\"https:\/\/www.urlaubcornwall.de\/ferienhaeuser-fewos\/eng\/sussex\/pevensey-bay-hundefreundlich.html\">pevensey-bay-hundefreundlich.html<\/a> (33)<\/p>\n<p><a class=\"plain\" href=\"https:\/\/www.urlaubcornwall.de\/ferienhaeuser-fewos\/eng\/sussex\/playden-hundefreundlich.html\">playden-hundefreundlich.html<\/a> (32)<\/p>\n<p><a class=\"plain\" href=\"https:\/\/www.urlaubcornwall.de\/ferienhaeuser-fewos\/eng\/sussex\/robertsbridge-hundefreundlich.html\">robertsbridge-hundefreundlich.html<\/a> (12)<\/p>\n<p><a class=\"plain\" href=\"https:\/\/www.urlaubcornwall.de\/ferienhaeuser-fewos\/eng\/sussex\/rye-hundefreundlich.html\">rye-hundefreundlich.html<\/a> (30)<\/p>\n<p><a class=\"plain\" href=\"https:\/\/www.urlaubcornwall.de\/ferienhaeuser-fewos\/eng\/sussex\/rye-harbour-hundefreundlich.html\">rye-harbour-hundefreundlich.html<\/a> (29)<\/p>\n<p><a class=\"plain\" href=\"https:\/\/www.urlaubcornwall.de\/ferienhaeuser-fewos\/eng\/sussex\/sedlescombe-hundefreundlich.html\">sedlescombe-hundefreundlich.html<\/a> (17)<\/p>\n<p><a class=\"plain\" href=\"https:\/\/www.urlaubcornwall.de\/ferienhaeuser-fewos\/eng\/sussex\/st-leonards-on-sea-hundefreundlich.html\">st-leonards-on-sea-hundefreundlich.html<\/a> (16)<\/p>\n<p><a class=\"plain\" href=\"https:\/\/www.urlaubcornwall.de\/ferienhaeuser-fewos\/eng\/sussex\/staplecross-hundefreundlich.html\">staplecross-hundefreundlich.html<\/a> (10)<\/p>\n<p><a class=\"plain\" href=\"https:\/\/www.urlaubcornwall.de\/ferienhaeuser-fewos\/eng\/sussex\/steyning-hundefreundlich.html\">steyning-hundefreundlich.html<\/a> (1)<\/p>\n<p><a class=\"plain\" href=\"https:\/\/www.urlaubcornwall.de\/ferienhaeuser-fewos\/eng\/sussex\/stonegate-hundefreundlich.html\">stonegate-hundefreundlich.html<\/a> (6)<\/p>\n<p><a class=\"plain\" href=\"https:\/\/www.urlaubcornwall.de\/ferienhaeuser-fewos\/eng\/sussex\/uckfield-hundefreundlich.html\">uckfield-hundefreundlich.html<\/a><\/p>\n<p><a class=\"plain\" href=\"https:\/\/www.urlaubcornwall.de\/ferienhaeuser-fewos\/eng\/sussex\/winchelsea-hundefreundlich.html\">winchelsea-hundefreundlich.html<\/a> (29)<\/p>\n\n","protected":false},"excerpt":{"rendered":"<p>Bei uns finden Sie Ferienh\u00e4user zum Verlieben &#8211; so einfach ist das! Pers\u00f6nlich inspizierte Ferienh\u00e4user und Ferienwohnungen in England f\u00fcr Ihren Urlaub mit Hund. \u00dcber 75 hundefreundliche Ferienh\u00e4user, Cottages &amp; Ferienwohnungen in Sussex. Suche Ferienh\u00e4user alciston-hundefreundlich.html (4) battle-hundefreundlich.html (8) bexhill-on-sea-hundefreundlich.html (24) bodiam-hundefreundlich.html (11) boreham-street-hundefreundlich.html (14) brighton-hundefreundlich.html (1) burwash-hundefreundlich.html (3) camber-hundefreundlich.html (28) eastbourne-hundefreundlich.html (31) etchingham-hundefreundlich.html (11) [&hellip;]<\/p>\n","protected":false},"author":1,"featured_media":0,"parent":0,"menu_order":0,"comment_status":"closed","ping_status":"closed","template":"single-four.php","meta":[],"acf":[],"yoast_head":"<!-- This site is optimized with the Yoast SEO plugin v19.4 - https:\/\/yoast.com\/wordpress\/plugins\/seo\/ -->\n<title>Hundefreundliche Ferienh\u00e4user in Sussex &amp; South Downs - Sch\u00f6nsten D\u00f6rfer und St\u00e4dte - Urlaub &amp; Reisen<\/title>\n<meta name=\"robots\" content=\"index, follow, max-snippet:-1, max-image-preview:large, max-video-preview:-1\" \/>\n<link rel=\"canonical\" href=\"https:\/\/www.urlaubcornwall.de\/blog\/hundefreundliche-ferienhaeuser-in-sussex-south-downs-schoensten-doerfer-und-staedte\/\" \/>\n<meta property=\"og:locale\" content=\"en_US\" \/>\n<meta property=\"og:type\" content=\"article\" \/>\n<meta property=\"og:title\" content=\"Hundefreundliche Ferienh\u00e4user in Sussex &amp; South Downs - Sch\u00f6nsten D\u00f6rfer und St\u00e4dte - Urlaub &amp; Reisen\" \/>\n<meta property=\"og:description\" content=\"Bei uns finden Sie Ferienh\u00e4user zum Verlieben &#8211; so einfach ist das! Pers\u00f6nlich inspizierte Ferienh\u00e4user und Ferienwohnungen in England f\u00fcr Ihren Urlaub mit Hund. \u00dcber 75 hundefreundliche Ferienh\u00e4user, Cottages &amp; Ferienwohnungen in Sussex. Suche Ferienh\u00e4user alciston-hundefreundlich.html (4) battle-hundefreundlich.html (8) bexhill-on-sea-hundefreundlich.html (24) bodiam-hundefreundlich.html (11) boreham-street-hundefreundlich.html (14) brighton-hundefreundlich.html (1) burwash-hundefreundlich.html (3) camber-hundefreundlich.html (28) eastbourne-hundefreundlich.html (31) etchingham-hundefreundlich.html (11) [&hellip;]\" \/>\n<meta property=\"og:url\" content=\"https:\/\/www.urlaubcornwall.de\/blog\/hundefreundliche-ferienhaeuser-in-sussex-south-downs-schoensten-doerfer-und-staedte\/\" \/>\n<meta property=\"og:site_name\" content=\"Urlaub &amp; Reisen\" \/>\n<meta property=\"article:modified_time\" content=\"2024-04-29T15:42:45+00:00\" \/>\n<meta property=\"og:image\" content=\"https:\/\/www.urlaubcornwall.de\/blog\/wp-content\/uploads\/2024\/03\/beachy-head-sussex.jpg\" \/>\n<meta name=\"twitter:card\" content=\"summary\" \/>\n<meta name=\"twitter:label1\" content=\"Est. reading time\" \/>\n\t<meta name=\"twitter:data1\" content=\"1 minute\" \/>\n<script type=\"application\/ld+json\" class=\"yoast-schema-graph\">{\"@context\":\"https:\/\/schema.org\",\"@graph\":[{\"@type\":\"WebSite\",\"@id\":\"https:\/\/www.urlaubcornwall.de\/blog\/#website\",\"url\":\"https:\/\/www.urlaubcornwall.de\/blog\/\",\"name\":\"Urlaub &amp; Reisen\",\"description\":\"Urlaub, Reisen, Cornwall und S\u00fcdengland: eine perfekte Kombination\",\"potentialAction\":[{\"@type\":\"SearchAction\",\"target\":{\"@type\":\"EntryPoint\",\"urlTemplate\":\"https:\/\/www.urlaubcornwall.de\/blog\/?s={search_term_string}\"},\"query-input\":\"required name=search_term_string\"}],\"inLanguage\":\"en-US\"},{\"@type\":\"WebPage\",\"@id\":\"https:\/\/www.urlaubcornwall.de\/blog\/hundefreundliche-ferienhaeuser-in-sussex-south-downs-schoensten-doerfer-und-staedte\/\",\"url\":\"https:\/\/www.urlaubcornwall.de\/blog\/hundefreundliche-ferienhaeuser-in-sussex-south-downs-schoensten-doerfer-und-staedte\/\",\"name\":\"Hundefreundliche Ferienh\u00e4user in Sussex & South Downs - Sch\u00f6nsten D\u00f6rfer und St\u00e4dte - Urlaub &amp; Reisen\",\"isPartOf\":{\"@id\":\"https:\/\/www.urlaubcornwall.de\/blog\/#website\"},\"datePublished\":\"2019-04-06T15:30:01+00:00\",\"dateModified\":\"2024-04-29T15:42:45+00:00\",\"breadcrumb\":{\"@id\":\"https:\/\/www.urlaubcornwall.de\/blog\/hundefreundliche-ferienhaeuser-in-sussex-south-downs-schoensten-doerfer-und-staedte\/#breadcrumb\"},\"inLanguage\":\"en-US\",\"potentialAction\":[{\"@type\":\"ReadAction\",\"target\":[\"https:\/\/www.urlaubcornwall.de\/blog\/hundefreundliche-ferienhaeuser-in-sussex-south-downs-schoensten-doerfer-und-staedte\/\"]}]},{\"@type\":\"BreadcrumbList\",\"@id\":\"https:\/\/www.urlaubcornwall.de\/blog\/hundefreundliche-ferienhaeuser-in-sussex-south-downs-schoensten-doerfer-und-staedte\/#breadcrumb\",\"itemListElement\":[{\"@type\":\"ListItem\",\"position\":1,\"name\":\"Home\",\"item\":\"https:\/\/www.urlaubcornwall.de\/blog\/\"},{\"@type\":\"ListItem\",\"position\":2,\"name\":\"Hundefreundliche Ferienh\u00e4user in Sussex &#038; South Downs &#8211; Sch\u00f6nsten D\u00f6rfer und St\u00e4dte\"}]}]}<\/script>\n<!-- \/ Yoast SEO plugin. -->","yoast_head_json":{"title":"Hundefreundliche Ferienh\u00e4user in Sussex & South Downs - Sch\u00f6nsten D\u00f6rfer und St\u00e4dte - Urlaub &amp; Reisen","robots":{"index":"index","follow":"follow","max-snippet":"max-snippet:-1","max-image-preview":"max-image-preview:large","max-video-preview":"max-video-preview:-1"},"canonical":"https:\/\/www.urlaubcornwall.de\/blog\/hundefreundliche-ferienhaeuser-in-sussex-south-downs-schoensten-doerfer-und-staedte\/","og_locale":"en_US","og_type":"article","og_title":"Hundefreundliche Ferienh\u00e4user in Sussex & South Downs - Sch\u00f6nsten D\u00f6rfer und St\u00e4dte - Urlaub &amp; Reisen","og_description":"Bei uns finden Sie Ferienh\u00e4user zum Verlieben &#8211; so einfach ist das! Pers\u00f6nlich inspizierte Ferienh\u00e4user und Ferienwohnungen in England f\u00fcr Ihren Urlaub mit Hund. \u00dcber 75 hundefreundliche Ferienh\u00e4user, Cottages &amp; Ferienwohnungen in Sussex. Suche Ferienh\u00e4user alciston-hundefreundlich.html (4) battle-hundefreundlich.html (8) bexhill-on-sea-hundefreundlich.html (24) bodiam-hundefreundlich.html (11) boreham-street-hundefreundlich.html (14) brighton-hundefreundlich.html (1) burwash-hundefreundlich.html (3) camber-hundefreundlich.html (28) eastbourne-hundefreundlich.html (31) etchingham-hundefreundlich.html (11) [&hellip;]","og_url":"https:\/\/www.urlaubcornwall.de\/blog\/hundefreundliche-ferienhaeuser-in-sussex-south-downs-schoensten-doerfer-und-staedte\/","og_site_name":"Urlaub &amp; Reisen","article_modified_time":"2024-04-29T15:42:45+00:00","og_image":[{"url":"https:\/\/www.urlaubcornwall.de\/blog\/wp-content\/uploads\/2024\/03\/beachy-head-sussex.jpg"}],"twitter_card":"summary","twitter_misc":{"Est. reading time":"1 minute"},"schema":{"@context":"https:\/\/schema.org","@graph":[{"@type":"WebSite","@id":"https:\/\/www.urlaubcornwall.de\/blog\/#website","url":"https:\/\/www.urlaubcornwall.de\/blog\/","name":"Urlaub &amp; Reisen","description":"Urlaub, Reisen, Cornwall und S\u00fcdengland: eine perfekte Kombination","potentialAction":[{"@type":"SearchAction","target":{"@type":"EntryPoint","urlTemplate":"https:\/\/www.urlaubcornwall.de\/blog\/?s={search_term_string}"},"query-input":"required name=search_term_string"}],"inLanguage":"en-US"},{"@type":"WebPage","@id":"https:\/\/www.urlaubcornwall.de\/blog\/hundefreundliche-ferienhaeuser-in-sussex-south-downs-schoensten-doerfer-und-staedte\/","url":"https:\/\/www.urlaubcornwall.de\/blog\/hundefreundliche-ferienhaeuser-in-sussex-south-downs-schoensten-doerfer-und-staedte\/","name":"Hundefreundliche Ferienh\u00e4user in Sussex & South Downs - Sch\u00f6nsten D\u00f6rfer und St\u00e4dte - Urlaub &amp; Reisen","isPartOf":{"@id":"https:\/\/www.urlaubcornwall.de\/blog\/#website"},"datePublished":"2019-04-06T15:30:01+00:00","dateModified":"2024-04-29T15:42:45+00:00","breadcrumb":{"@id":"https:\/\/www.urlaubcornwall.de\/blog\/hundefreundliche-ferienhaeuser-in-sussex-south-downs-schoensten-doerfer-und-staedte\/#breadcrumb"},"inLanguage":"en-US","potentialAction":[{"@type":"ReadAction","target":["https:\/\/www.urlaubcornwall.de\/blog\/hundefreundliche-ferienhaeuser-in-sussex-south-downs-schoensten-doerfer-und-staedte\/"]}]},{"@type":"BreadcrumbList","@id":"https:\/\/www.urlaubcornwall.de\/blog\/hundefreundliche-ferienhaeuser-in-sussex-south-downs-schoensten-doerfer-und-staedte\/#breadcrumb","itemListElement":[{"@type":"ListItem","position":1,"name":"Home","item":"https:\/\/www.urlaubcornwall.de\/blog\/"},{"@type":"ListItem","position":2,"name":"Hundefreundliche Ferienh\u00e4user in Sussex &#038; South Downs &#8211; Sch\u00f6nsten D\u00f6rfer und St\u00e4dte"}]}]}},"_links":{"self":[{"href":"https:\/\/www.urlaubcornwall.de\/blog\/wp-json\/wp\/v2\/pages\/37298"}],"collection":[{"href":"https:\/\/www.urlaubcornwall.de\/blog\/wp-json\/wp\/v2\/pages"}],"about":[{"href":"https:\/\/www.urlaubcornwall.de\/blog\/wp-json\/wp\/v2\/types\/page"}],"author":[{"embeddable":true,"href":"https:\/\/www.urlaubcornwall.de\/blog\/wp-json\/wp\/v2\/users\/1"}],"replies":[{"embeddable":true,"href":"https:\/\/www.urlaubcornwall.de\/blog\/wp-json\/wp\/v2\/comments?post=37298"}],"version-history":[{"count":4,"href":"https:\/\/www.urlaubcornwall.de\/blog\/wp-json\/wp\/v2\/pages\/37298\/revisions"}],"predecessor-version":[{"id":49911,"href":"https:\/\/www.urlaubcornwall.de\/blog\/wp-json\/wp\/v2\/pages\/37298\/revisions\/49911"}],"wp:attachment":[{"href":"https:\/\/www.urlaubcornwall.de\/blog\/wp-json\/wp\/v2\/media?parent=37298"}],"curies":[{"name":"wp","href":"https:\/\/api.w.org\/{rel}","templated":true}]}}