{"id":37293,"date":"2019-04-06T13:05:29","date_gmt":"2019-04-06T13:05:29","guid":{"rendered":"https:\/\/www.urlaubcornwall.de\/blog\/?page_id=37293"},"modified":"2024-04-09T12:49:25","modified_gmt":"2024-04-09T12:49:25","slug":"hundefreundliche-ferienhaeuser-ferienwohnungen-in-derbyshire-dales-schoensten-doerfer-und-staedte","status":"publish","type":"page","link":"https:\/\/www.urlaubcornwall.de\/blog\/hundefreundliche-ferienhaeuser-ferienwohnungen-in-derbyshire-dales-schoensten-doerfer-und-staedte\/","title":{"rendered":"Hundefreundliche Ferienh\u00e4user &#038; Ferienwohnungen in Derbyshire &#038; Dales &#8211; Sch\u00f6nsten D\u00f6rfer und St\u00e4dte"},"content":{"rendered":"<p><a href=\"https:\/\/www.urlaubcornwall.de\/blog\/wp-content\/uploads\/2024\/03\/peak-distikt-nordengland.jpg\"><img loading=\"lazy\" src=\"https:\/\/www.urlaubcornwall.de\/blog\/wp-content\/uploads\/2024\/03\/peak-distikt-nordengland.jpg\" alt=\"peak-district-nordengland\" width=\"750\" height=\"422\" class=\"alignnone size-full wp-image-47849\" srcset=\"https:\/\/www.urlaubcornwall.de\/blog\/wp-content\/uploads\/2024\/03\/peak-distikt-nordengland.jpg 750w, https:\/\/www.urlaubcornwall.de\/blog\/wp-content\/uploads\/2024\/03\/peak-distikt-nordengland-300x169.jpg 300w\" sizes=\"(max-width: 750px) 100vw, 750px\" \/><\/a><\/p>\n<p><strong>Bei uns finden Sie Ferienh\u00e4user zum Verlieben &#8211; so einfach ist das!<\/strong><br \/>\nPers\u00f6nlich inspizierte Ferienh\u00e4user und Ferienwohnungen in Nord England f\u00fcr Ihren Urlaub mit Hund. \u00dcber 100 hundefreundliche Ferienh\u00e4user, Cottages &amp; Ferienwohnungen in Derbyshire<\/p>\n<p style=\"text-align: center;\"><a class=\"tidycta\" href=\"https:\/\/www.urlaubcornwall.de\/ferienhaeuser-fewos\/eng\/derbyshire\/derbyshire-hundefreundlich.html\">Suche Ferienh\u00e4user<\/a><\/p>\n<p><a class=\"plain\" href=\"https:\/\/www.urlaubcornwall.de\/ferienhaeuser-fewos\/eng\/derbyshire\/ashbourne-hundefreundlich.html\">ashbourne-hundefreundlich.html<\/a> (9)<\/p>\n<p><a class=\"plain\" href=\"https:\/\/www.urlaubcornwall.de\/ferienhaeuser-fewos\/eng\/derbyshire\/ashford-in-the-water-hundefreundlich.html\">ashford-in-the-water-hundefreundlich.html<\/a> (44)<\/p>\n<p><a class=\"plain\" href=\"https:\/\/www.urlaubcornwall.de\/ferienhaeuser-fewos\/eng\/derbyshire\/ashover-hundefreundlich.html\">ashover-hundefreundlich.html<\/a> (6)<\/p>\n<p><a class=\"plain\" href=\"https:\/\/www.urlaubcornwall.de\/ferienhaeuser-fewos\/eng\/derbyshire\/bakewell-hundefreundlich.html\">bakewell-hundefreundlich.html<\/a> (39)<\/p>\n<p><a class=\"plain\" href=\"https:\/\/www.urlaubcornwall.de\/ferienhaeuser-fewos\/eng\/derbyshire\/bamford-hundefreundlich.html\">bamford-hundefreundlich.html<\/a> (13)<\/p>\n<p><a class=\"plain\" href=\"https:\/\/www.urlaubcornwall.de\/ferienhaeuser-fewos\/eng\/derbyshire\/barlow-hundefreundlich.html\">barlow-hundefreundlich.html<\/a> (14)<\/p>\n<p><a class=\"plain\" href=\"https:\/\/www.urlaubcornwall.de\/ferienhaeuser-fewos\/eng\/derbyshire\/baslow-hundefreundlich.html\">baslow-hundefreundlich.html<\/a> (31)<\/p>\n<p><a class=\"plain\" href=\"https:\/\/www.urlaubcornwall.de\/ferienhaeuser-fewos\/eng\/derbyshire\/birchover-hundefreundlich.html\">birchover-hundefreundlich.html<\/a> (25)<\/p>\n<p><a class=\"plain\" href=\"https:\/\/www.urlaubcornwall.de\/ferienhaeuser-fewos\/eng\/derbyshire\/bonsall-hundefreundlich.html\">bonsall-hundefreundlich.html<\/a> (17)<\/p>\n<p><a class=\"plain\" href=\"https:\/\/www.urlaubcornwall.de\/ferienhaeuser-fewos\/eng\/derbyshire\/bradbourne-hundefreundlich.html\">bradbourne-hundefreundlich.html<\/a> (17)<\/p>\n<p><a class=\"plain\" href=\"https:\/\/www.urlaubcornwall.de\/ferienhaeuser-fewos\/eng\/derbyshire\/brassington-hundefreundlich.html\">brassington-hundefreundlich.html<\/a> (17)<\/p>\n<p><a class=\"plain\" href=\"https:\/\/www.urlaubcornwall.de\/ferienhaeuser-fewos\/eng\/derbyshire\/buxton-hundefreundlich.html\">buxton-hundefreundlich.html<\/a> (25)<\/p>\n<p><a class=\"plain\" href=\"https:\/\/www.urlaubcornwall.de\/ferienhaeuser-fewos\/eng\/derbyshire\/buxworth-hundefreundlich.html\">buxworth-hundefreundlich.html<\/a> (16)<\/p>\n<p><a class=\"plain\" href=\"https:\/\/www.urlaubcornwall.de\/ferienhaeuser-fewos\/eng\/derbyshire\/calver-hundefreundlich.html\">calver-hundefreundlich.html<\/a> (31)<\/p>\n<p><a class=\"plain\" href=\"https:\/\/www.urlaubcornwall.de\/ferienhaeuser-fewos\/eng\/derbyshire\/castleton-hundefreundlich.html\">castleton-hundefreundlich.html<\/a> (18)<\/p>\n<p><a class=\"plain\" href=\"https:\/\/www.urlaubcornwall.de\/ferienhaeuser-fewos\/eng\/derbyshire\/chapel-en-le-frith-hundefreundlich.html\">chapel-en-le-frith-hundefreundlich.html<\/a> (16)<\/p>\n<p><a class=\"plain\" href=\"https:\/\/www.urlaubcornwall.de\/ferienhaeuser-fewos\/eng\/derbyshire\/chelmorton-hundefreundlich.html\">chelmorton-hundefreundlich.html<\/a> (31)<\/p>\n<p><a class=\"plain\" href=\"https:\/\/www.urlaubcornwall.de\/ferienhaeuser-fewos\/eng\/derbyshire\/chesterfield-hundefreundlich.html\">chesterfield-hundefreundlich.html<\/a> (7)<\/p>\n<p><a class=\"plain\" href=\"https:\/\/www.urlaubcornwall.de\/ferienhaeuser-fewos\/eng\/derbyshire\/combs-hundefreundlich.html\">combs-hundefreundlich.html<\/a> (3)<\/p>\n<p><a class=\"plain\" href=\"https:\/\/www.urlaubcornwall.de\/ferienhaeuser-fewos\/eng\/derbyshire\/cromford-hundefreundlich.html\">cromford-hundefreundlich.html<\/a> (12)<\/p>\n<p><a class=\"plain\" href=\"https:\/\/www.urlaubcornwall.de\/ferienhaeuser-fewos\/eng\/derbyshire\/curbar-hundefreundlich.html\">curbar-hundefreundlich.html<\/a> (29)<\/p>\n<p><a class=\"plain\" href=\"https:\/\/www.urlaubcornwall.de\/ferienhaeuser-fewos\/eng\/derbyshire\/darley-bridge-hundefreundlich.html\">darley-bridge-hundefreundlich.html<\/a> (18)<\/p>\n<p><a class=\"plain\" href=\"https:\/\/www.urlaubcornwall.de\/ferienhaeuser-fewos\/eng\/derbyshire\/darley-dale-hundefreundlich.html\">darley-dale-hundefreundlich.html<\/a> (20)<\/p>\n<p><a class=\"plain\" href=\"https:\/\/www.urlaubcornwall.de\/ferienhaeuser-fewos\/eng\/derbyshire\/eyam-hundefreundlich.html\">eyam-hundefreundlich.html<\/a> (36)<\/p>\n<p><a class=\"plain\" href=\"https:\/\/www.urlaubcornwall.de\/ferienhaeuser-fewos\/eng\/derbyshire\/foolow-hundefreundlich.html\">foolow-hundefreundlich.html<\/a> (33)<\/p>\n<p><a class=\"plain\" href=\"https:\/\/www.urlaubcornwall.de\/ferienhaeuser-fewos\/eng\/derbyshire\/glossop-hundefreundlich.html\">glossop-hundefreundlich.html<\/a> (5)<\/p>\n<p><a class=\"plain\" href=\"https:\/\/www.urlaubcornwall.de\/ferienhaeuser-fewos\/eng\/derbyshire\/great-longstone-hundefreundlich.html\">great-longstone-hundefreundlich.html<\/a> (40)<\/p>\n<p><a class=\"plain\" href=\"https:\/\/www.urlaubcornwall.de\/ferienhaeuser-fewos\/eng\/derbyshire\/hartington-hundefreundlich.html\">hartington-hundefreundlich.html<\/a> (32)<\/p>\n<p><a class=\"plain\" href=\"https:\/\/www.urlaubcornwall.de\/ferienhaeuser-fewos\/eng\/derbyshire\/hayfield-hundefreundlich.html\">hayfield-hundefreundlich.html<\/a> (16)<\/p>\n<p><a class=\"plain\" href=\"https:\/\/www.urlaubcornwall.de\/ferienhaeuser-fewos\/eng\/derbyshire\/hognaston-hundefreundlich.html\">hognaston-hundefreundlich.html<\/a> (14)<\/p>\n<p><a class=\"plain\" href=\"https:\/\/www.urlaubcornwall.de\/ferienhaeuser-fewos\/eng\/derbyshire\/holmesfield-hundefreundlich.html\">holmesfield-hundefreundlich.html<\/a> (14)<\/p>\n<p><a class=\"plain\" href=\"https:\/\/www.urlaubcornwall.de\/ferienhaeuser-fewos\/eng\/derbyshire\/holymoorside-hundefreundlich.html\">holymoorside-hundefreundlich.html<\/a> (12)<\/p>\n<p><a class=\"plain\" href=\"https:\/\/www.urlaubcornwall.de\/ferienhaeuser-fewos\/eng\/derbyshire\/hope-hundefreundlich.html\">hope-hundefreundlich.html<\/a><\/p>\n<p><a class=\"plain\" href=\"https:\/\/www.urlaubcornwall.de\/ferienhaeuser-fewos\/eng\/derbyshire\/little-hayfield-hundefreundlich.html\">little-hayfield-hundefreundlich.html<\/a> (16)<\/p>\n<p><a class=\"plain\" href=\"https:\/\/www.urlaubcornwall.de\/ferienhaeuser-fewos\/eng\/derbyshire\/little-longstone-hundefreundlich.html\">little-longstone-hundefreundlich.html<\/a> (41)<\/p>\n<p><a class=\"plain\" href=\"https:\/\/www.urlaubcornwall.de\/ferienhaeuser-fewos\/eng\/derbyshire\/matlock-hundefreundlich.html\">matlock-hundefreundlich.html<\/a> (13)<\/p>\n<p><a class=\"plain\" href=\"https:\/\/www.urlaubcornwall.de\/ferienhaeuser-fewos\/eng\/derbyshire\/matlock-bath-hundefreundlich.html\">matlock-bath-hundefreundlich.html<\/a> (12)<\/p>\n<p><a class=\"plain\" href=\"https:\/\/www.urlaubcornwall.de\/ferienhaeuser-fewos\/eng\/derbyshire\/middleton-by-youlgrave-hundefreundlich.html\">middleton-by-youlgrave-hundefreundlich.html<\/a> (14)<\/p>\n<p><a class=\"plain\" href=\"https:\/\/www.urlaubcornwall.de\/ferienhaeuser-fewos\/eng\/derbyshire\/monyash-hundefreundlich.html\">monyash-hundefreundlich.html<\/a> (41)<\/p>\n<p><a class=\"plain\" href=\"https:\/\/www.urlaubcornwall.de\/ferienhaeuser-fewos\/eng\/derbyshire\/parwich-hundefreundlich.html\">parwich-hundefreundlich.html<\/a> (28)<\/p>\n<p><a class=\"plain\" href=\"https:\/\/www.urlaubcornwall.de\/ferienhaeuser-fewos\/eng\/derbyshire\/pilsbury-hundefreundlich.html\">pilsbury-hundefreundlich.html<\/a> (37)<\/p>\n<p><a class=\"plain\" href=\"https:\/\/www.urlaubcornwall.de\/ferienhaeuser-fewos\/eng\/derbyshire\/priestcliffe-hundefreundlich.html\">priestcliffe-hundefreundlich.html<\/a> (32)<\/p>\n<p><a class=\"plain\" href=\"https:\/\/www.urlaubcornwall.de\/ferienhaeuser-fewos\/eng\/derbyshire\/sawmills-hundefreundlich.html\">sawmills-hundefreundlich.html<\/a> (3)<\/p>\n<p><a class=\"plain\" href=\"https:\/\/www.urlaubcornwall.de\/ferienhaeuser-fewos\/eng\/derbyshire\/sutton-on-the-hill-hundefreundlich.html\">sutton-on-the-hill-hundefreundlich.html<\/a> (3)<\/p>\n<p><a class=\"plain\" href=\"https:\/\/www.urlaubcornwall.de\/ferienhaeuser-fewos\/eng\/derbyshire\/taddington-hundefreundlich.html\">taddington-hundefreundlich.html<\/a> (38)<\/p>\n<p><a class=\"plain\" href=\"https:\/\/www.urlaubcornwall.de\/ferienhaeuser-fewos\/eng\/derbyshire\/tansley-hundefreundlich.html\">tansley-hundefreundlich.html<\/a> (10)<\/p>\n<p><a class=\"plain\" href=\"https:\/\/www.urlaubcornwall.de\/ferienhaeuser-fewos\/eng\/derbyshire\/tideswell-hundefreundlich.html\">tideswell-hundefreundlich.html<\/a> (44)<\/p>\n<p><a class=\"plain\" href=\"https:\/\/www.urlaubcornwall.de\/ferienhaeuser-fewos\/eng\/derbyshire\/turnditch-hundefreundlich.html\">turnditch-hundefreundlich.html<\/a> (5)<\/p>\n<p><a class=\"plain\" href=\"https:\/\/www.urlaubcornwall.de\/ferienhaeuser-fewos\/eng\/derbyshire\/whaley-bridge-hundefreundlich.html\">whaley-bridge-hundefreundlich.html<\/a> (16)<\/p>\n<p><a class=\"plain\" href=\"https:\/\/www.urlaubcornwall.de\/ferienhaeuser-fewos\/eng\/derbyshire\/winster-hundefreundlich.html\">winster-hundefreundlich.html<\/a> (20)<\/p>\n<p><a class=\"plain\" href=\"https:\/\/www.urlaubcornwall.de\/ferienhaeuser-fewos\/eng\/derbyshire\/wirksworth-hundefreundlich.html\">wirksworth-hundefreundlich.html<\/a> (14)<\/p>\n<p><a class=\"plain\" href=\"https:\/\/www.urlaubcornwall.de\/ferienhaeuser-fewos\/eng\/derbyshire\/youlgreave-hundefreundlich.html\">youlgreave-hundefreundlich.html<\/a> (3<\/p>\n\n","protected":false},"excerpt":{"rendered":"<p>Bei uns finden Sie Ferienh\u00e4user zum Verlieben &#8211; so einfach ist das! Pers\u00f6nlich inspizierte Ferienh\u00e4user und Ferienwohnungen in Nord England f\u00fcr Ihren Urlaub mit Hund. \u00dcber 100 hundefreundliche Ferienh\u00e4user, Cottages &amp; Ferienwohnungen in Derbyshire Suche Ferienh\u00e4user ashbourne-hundefreundlich.html (9) ashford-in-the-water-hundefreundlich.html (44) ashover-hundefreundlich.html (6) bakewell-hundefreundlich.html (39) bamford-hundefreundlich.html (13) barlow-hundefreundlich.html (14) baslow-hundefreundlich.html (31) birchover-hundefreundlich.html (25) bonsall-hundefreundlich.html (17) bradbourne-hundefreundlich.html [&hellip;]<\/p>\n","protected":false},"author":1,"featured_media":0,"parent":0,"menu_order":0,"comment_status":"closed","ping_status":"closed","template":"single-four.php","meta":[],"acf":[],"yoast_head":"<!-- This site is optimized with the Yoast SEO plugin v19.4 - https:\/\/yoast.com\/wordpress\/plugins\/seo\/ -->\n<title>Hundefreundliche Ferienh\u00e4user &amp; Ferienwohnungen in Derbyshire &amp; Dales - Sch\u00f6nsten D\u00f6rfer und St\u00e4dte - Urlaub &amp; Reisen<\/title>\n<meta name=\"robots\" content=\"index, follow, max-snippet:-1, max-image-preview:large, max-video-preview:-1\" \/>\n<link rel=\"canonical\" href=\"https:\/\/www.urlaubcornwall.de\/blog\/hundefreundliche-ferienhaeuser-ferienwohnungen-in-derbyshire-dales-schoensten-doerfer-und-staedte\/\" \/>\n<meta property=\"og:locale\" content=\"en_US\" \/>\n<meta property=\"og:type\" content=\"article\" \/>\n<meta property=\"og:title\" content=\"Hundefreundliche Ferienh\u00e4user &amp; Ferienwohnungen in Derbyshire &amp; Dales - Sch\u00f6nsten D\u00f6rfer und St\u00e4dte - Urlaub &amp; Reisen\" \/>\n<meta property=\"og:description\" content=\"Bei uns finden Sie Ferienh\u00e4user zum Verlieben &#8211; so einfach ist das! Pers\u00f6nlich inspizierte Ferienh\u00e4user und Ferienwohnungen in Nord England f\u00fcr Ihren Urlaub mit Hund. \u00dcber 100 hundefreundliche Ferienh\u00e4user, Cottages &amp; Ferienwohnungen in Derbyshire Suche Ferienh\u00e4user ashbourne-hundefreundlich.html (9) ashford-in-the-water-hundefreundlich.html (44) ashover-hundefreundlich.html (6) bakewell-hundefreundlich.html (39) bamford-hundefreundlich.html (13) barlow-hundefreundlich.html (14) baslow-hundefreundlich.html (31) birchover-hundefreundlich.html (25) bonsall-hundefreundlich.html (17) bradbourne-hundefreundlich.html [&hellip;]\" \/>\n<meta property=\"og:url\" content=\"https:\/\/www.urlaubcornwall.de\/blog\/hundefreundliche-ferienhaeuser-ferienwohnungen-in-derbyshire-dales-schoensten-doerfer-und-staedte\/\" \/>\n<meta property=\"og:site_name\" content=\"Urlaub &amp; Reisen\" \/>\n<meta property=\"article:modified_time\" content=\"2024-04-09T12:49:25+00:00\" \/>\n<meta property=\"og:image\" content=\"https:\/\/www.urlaubcornwall.de\/blog\/wp-content\/uploads\/2024\/03\/peak-distikt-nordengland.jpg\" \/>\n<meta name=\"twitter:card\" content=\"summary\" \/>\n<meta name=\"twitter:label1\" content=\"Est. reading time\" \/>\n\t<meta name=\"twitter:data1\" content=\"1 minute\" \/>\n<script type=\"application\/ld+json\" class=\"yoast-schema-graph\">{\"@context\":\"https:\/\/schema.org\",\"@graph\":[{\"@type\":\"WebSite\",\"@id\":\"https:\/\/www.urlaubcornwall.de\/blog\/#website\",\"url\":\"https:\/\/www.urlaubcornwall.de\/blog\/\",\"name\":\"Urlaub &amp; Reisen\",\"description\":\"Urlaub, Reisen, Cornwall und S\u00fcdengland: eine perfekte Kombination\",\"potentialAction\":[{\"@type\":\"SearchAction\",\"target\":{\"@type\":\"EntryPoint\",\"urlTemplate\":\"https:\/\/www.urlaubcornwall.de\/blog\/?s={search_term_string}\"},\"query-input\":\"required name=search_term_string\"}],\"inLanguage\":\"en-US\"},{\"@type\":\"WebPage\",\"@id\":\"https:\/\/www.urlaubcornwall.de\/blog\/hundefreundliche-ferienhaeuser-ferienwohnungen-in-derbyshire-dales-schoensten-doerfer-und-staedte\/\",\"url\":\"https:\/\/www.urlaubcornwall.de\/blog\/hundefreundliche-ferienhaeuser-ferienwohnungen-in-derbyshire-dales-schoensten-doerfer-und-staedte\/\",\"name\":\"Hundefreundliche Ferienh\u00e4user & Ferienwohnungen in Derbyshire & Dales - Sch\u00f6nsten D\u00f6rfer und St\u00e4dte - Urlaub &amp; Reisen\",\"isPartOf\":{\"@id\":\"https:\/\/www.urlaubcornwall.de\/blog\/#website\"},\"datePublished\":\"2019-04-06T13:05:29+00:00\",\"dateModified\":\"2024-04-09T12:49:25+00:00\",\"breadcrumb\":{\"@id\":\"https:\/\/www.urlaubcornwall.de\/blog\/hundefreundliche-ferienhaeuser-ferienwohnungen-in-derbyshire-dales-schoensten-doerfer-und-staedte\/#breadcrumb\"},\"inLanguage\":\"en-US\",\"potentialAction\":[{\"@type\":\"ReadAction\",\"target\":[\"https:\/\/www.urlaubcornwall.de\/blog\/hundefreundliche-ferienhaeuser-ferienwohnungen-in-derbyshire-dales-schoensten-doerfer-und-staedte\/\"]}]},{\"@type\":\"BreadcrumbList\",\"@id\":\"https:\/\/www.urlaubcornwall.de\/blog\/hundefreundliche-ferienhaeuser-ferienwohnungen-in-derbyshire-dales-schoensten-doerfer-und-staedte\/#breadcrumb\",\"itemListElement\":[{\"@type\":\"ListItem\",\"position\":1,\"name\":\"Home\",\"item\":\"https:\/\/www.urlaubcornwall.de\/blog\/\"},{\"@type\":\"ListItem\",\"position\":2,\"name\":\"Hundefreundliche Ferienh\u00e4user &#038; Ferienwohnungen in Derbyshire &#038; Dales &#8211; Sch\u00f6nsten D\u00f6rfer und St\u00e4dte\"}]}]}<\/script>\n<!-- \/ Yoast SEO plugin. -->","yoast_head_json":{"title":"Hundefreundliche Ferienh\u00e4user & Ferienwohnungen in Derbyshire & Dales - Sch\u00f6nsten D\u00f6rfer und St\u00e4dte - Urlaub &amp; Reisen","robots":{"index":"index","follow":"follow","max-snippet":"max-snippet:-1","max-image-preview":"max-image-preview:large","max-video-preview":"max-video-preview:-1"},"canonical":"https:\/\/www.urlaubcornwall.de\/blog\/hundefreundliche-ferienhaeuser-ferienwohnungen-in-derbyshire-dales-schoensten-doerfer-und-staedte\/","og_locale":"en_US","og_type":"article","og_title":"Hundefreundliche Ferienh\u00e4user & Ferienwohnungen in Derbyshire & Dales - Sch\u00f6nsten D\u00f6rfer und St\u00e4dte - Urlaub &amp; Reisen","og_description":"Bei uns finden Sie Ferienh\u00e4user zum Verlieben &#8211; so einfach ist das! Pers\u00f6nlich inspizierte Ferienh\u00e4user und Ferienwohnungen in Nord England f\u00fcr Ihren Urlaub mit Hund. \u00dcber 100 hundefreundliche Ferienh\u00e4user, Cottages &amp; Ferienwohnungen in Derbyshire Suche Ferienh\u00e4user ashbourne-hundefreundlich.html (9) ashford-in-the-water-hundefreundlich.html (44) ashover-hundefreundlich.html (6) bakewell-hundefreundlich.html (39) bamford-hundefreundlich.html (13) barlow-hundefreundlich.html (14) baslow-hundefreundlich.html (31) birchover-hundefreundlich.html (25) bonsall-hundefreundlich.html (17) bradbourne-hundefreundlich.html [&hellip;]","og_url":"https:\/\/www.urlaubcornwall.de\/blog\/hundefreundliche-ferienhaeuser-ferienwohnungen-in-derbyshire-dales-schoensten-doerfer-und-staedte\/","og_site_name":"Urlaub &amp; Reisen","article_modified_time":"2024-04-09T12:49:25+00:00","og_image":[{"url":"https:\/\/www.urlaubcornwall.de\/blog\/wp-content\/uploads\/2024\/03\/peak-distikt-nordengland.jpg"}],"twitter_card":"summary","twitter_misc":{"Est. reading time":"1 minute"},"schema":{"@context":"https:\/\/schema.org","@graph":[{"@type":"WebSite","@id":"https:\/\/www.urlaubcornwall.de\/blog\/#website","url":"https:\/\/www.urlaubcornwall.de\/blog\/","name":"Urlaub &amp; Reisen","description":"Urlaub, Reisen, Cornwall und S\u00fcdengland: eine perfekte Kombination","potentialAction":[{"@type":"SearchAction","target":{"@type":"EntryPoint","urlTemplate":"https:\/\/www.urlaubcornwall.de\/blog\/?s={search_term_string}"},"query-input":"required name=search_term_string"}],"inLanguage":"en-US"},{"@type":"WebPage","@id":"https:\/\/www.urlaubcornwall.de\/blog\/hundefreundliche-ferienhaeuser-ferienwohnungen-in-derbyshire-dales-schoensten-doerfer-und-staedte\/","url":"https:\/\/www.urlaubcornwall.de\/blog\/hundefreundliche-ferienhaeuser-ferienwohnungen-in-derbyshire-dales-schoensten-doerfer-und-staedte\/","name":"Hundefreundliche Ferienh\u00e4user & Ferienwohnungen in Derbyshire & Dales - Sch\u00f6nsten D\u00f6rfer und St\u00e4dte - Urlaub &amp; Reisen","isPartOf":{"@id":"https:\/\/www.urlaubcornwall.de\/blog\/#website"},"datePublished":"2019-04-06T13:05:29+00:00","dateModified":"2024-04-09T12:49:25+00:00","breadcrumb":{"@id":"https:\/\/www.urlaubcornwall.de\/blog\/hundefreundliche-ferienhaeuser-ferienwohnungen-in-derbyshire-dales-schoensten-doerfer-und-staedte\/#breadcrumb"},"inLanguage":"en-US","potentialAction":[{"@type":"ReadAction","target":["https:\/\/www.urlaubcornwall.de\/blog\/hundefreundliche-ferienhaeuser-ferienwohnungen-in-derbyshire-dales-schoensten-doerfer-und-staedte\/"]}]},{"@type":"BreadcrumbList","@id":"https:\/\/www.urlaubcornwall.de\/blog\/hundefreundliche-ferienhaeuser-ferienwohnungen-in-derbyshire-dales-schoensten-doerfer-und-staedte\/#breadcrumb","itemListElement":[{"@type":"ListItem","position":1,"name":"Home","item":"https:\/\/www.urlaubcornwall.de\/blog\/"},{"@type":"ListItem","position":2,"name":"Hundefreundliche Ferienh\u00e4user &#038; Ferienwohnungen in Derbyshire &#038; Dales &#8211; Sch\u00f6nsten D\u00f6rfer und St\u00e4dte"}]}]}},"_links":{"self":[{"href":"https:\/\/www.urlaubcornwall.de\/blog\/wp-json\/wp\/v2\/pages\/37293"}],"collection":[{"href":"https:\/\/www.urlaubcornwall.de\/blog\/wp-json\/wp\/v2\/pages"}],"about":[{"href":"https:\/\/www.urlaubcornwall.de\/blog\/wp-json\/wp\/v2\/types\/page"}],"author":[{"embeddable":true,"href":"https:\/\/www.urlaubcornwall.de\/blog\/wp-json\/wp\/v2\/users\/1"}],"replies":[{"embeddable":true,"href":"https:\/\/www.urlaubcornwall.de\/blog\/wp-json\/wp\/v2\/comments?post=37293"}],"version-history":[{"count":5,"href":"https:\/\/www.urlaubcornwall.de\/blog\/wp-json\/wp\/v2\/pages\/37293\/revisions"}],"predecessor-version":[{"id":49187,"href":"https:\/\/www.urlaubcornwall.de\/blog\/wp-json\/wp\/v2\/pages\/37293\/revisions\/49187"}],"wp:attachment":[{"href":"https:\/\/www.urlaubcornwall.de\/blog\/wp-json\/wp\/v2\/media?parent=37293"}],"curies":[{"name":"wp","href":"https:\/\/api.w.org\/{rel}","templated":true}]}}