{"id":36730,"date":"2019-03-13T14:10:52","date_gmt":"2019-03-13T14:10:52","guid":{"rendered":"https:\/\/www.urlaubcornwall.de\/blog\/?page_id=36730"},"modified":"2024-05-29T10:36:18","modified_gmt":"2024-05-29T10:36:18","slug":"beste-reisezeit-fuer-irland","status":"publish","type":"page","link":"https:\/\/www.urlaubcornwall.de\/blog\/beste-reisezeit-fuer-irland\/","title":{"rendered":"Beste Reisezeit f\u00fcr Irland"},"content":{"rendered":"<p><img loading=\"lazy\" class=\"aligncenter size-full wp-image-34720\" src=\"https:\/\/www.urlaubcornwall.de\/blog\/wp-content\/uploads\/2018\/12\/wild-atlantic-way-irland.jpg\" alt=\"Beste Reisezeit f\u00fcr Irland\" width=\"748\" height=\"402\"\/><\/p>\n<p>Jahreszeiten in Irland &#8211; Irland ist eine wundervolle Welt gr\u00fcner Wiesen, spektakul\u00e4rer K\u00fcste mit monumentalen Klippen und wundersch\u00f6nen Sandstr\u00e4nden, tiefen Seen und schnell flie\u00dfenden Fl\u00fcssen. Es gibt wildes Moorgebiet und subtropisches Gr\u00fcn, jede Menge traditionelle Kneipen und eine perfekte nat\u00fcrliche Umwelt.<\/p>\n<p>Dies ist ein Land, in dem das Gras das ganze Jahr \u00fcber gr\u00fcn ist, und somit diese <a href=\"https:\/\/www.urlaubcornwall.de\/blog\/erleben-sie-irland-die-emerald-insel\/\">Emerald Insel<\/a> eine ausgezeichnete Umwelt f\u00fcr Schafe und Rinder sein l\u00e4sst, die h\u00e4ufig in den malerischen Bauerngebieten auch eher denn Autos die Ursache von Staus sind!<\/p>\n<p>Hier koexistieren robuste Pflanzen friedvoll mit tropischen Palmen. Irland ist ein Land friedvoller l\u00e4ndlicher Landschaften, wo auf jedem Schritt jede Menge \u00dcberraschungen auf Sie warten.<\/p>\n<p><strong>Wetter und Klima<\/strong><\/p>\n<p>Fr\u00fchling in Irland &#8211; Irland im Fr\u00fchling ist bildh\u00fcbsch. Es ist die trockenste Jahreszeit und kommt hier fr\u00fcher an als in anderen Teilen Europas. Im Fr\u00fchling sind Wiesen, sumpfige Ebenen und T\u00e4ler mit Smaragdgr\u00fcn bedeckt. Starke Regenschauer werden rasch von der Sonne mit einem Regenbogen abgel\u00f6st. Die Iren haben gelernt, diese Fr\u00fchlingsmomente zu genie\u00dfen, da der warme, sonnige Tag jeden Augenblick unterbrochen werden k\u00f6nnte von kaltem Wind und Regen. <\/p>\n<p><strong>Nationalfeiertage und Feste im Fr\u00fchling<\/strong><\/p>\n<p>St. Patrick&#8217;s Day ist f\u00fcr die Iren einer der wichtigsten Feiertage. Sie feiern ihn am 17. M\u00e4rz, und er ist beliebt bei Einheimischen und Besuchern gleicherma\u00dfen. <\/p>\n<p>Das M\u00e4rzsonnenwendfest ist ein ungew\u00f6hnlicher Feiertag, der am 20. M\u00e4rz begangen wird.   <\/p>\n<p>Sie feiern auch Karfreitag am letzten Freitag vor Ostersonntag, normalerweise im April oder Mai. Ostermontag geh\u00f6rt ebenfalls zu den Nationalfr\u00fchlingsfeiertagen.<\/p>\n<p>Der 1. Maifeiertag wird am ersten Montag des Mais begangen.<\/p>\n<p><img loading=\"lazy\" class=\"aligncenter size-full wp-image-24301\" src=\"https:\/\/www.urlaubcornwall.de\/blog\/wp-content\/uploads\/2016\/05\/rundreise-irland.jpg\" alt=\"rundreise irland\" width=\"748\" height=\"399\"\/><\/p>\n<p>Sommer in Irland &#8211; Irland ist ein idealer Ort f\u00fcr Menschen, die keine hei\u00dfen Sommer m\u00f6gen, da die Durchschnittstemperatur im Juli 20 Grad nicht \u00fcberschreitet. K\u00fchle Sommer sind das Hauptmerkmal dieses Gebiets. Pflanzen und Blumen bl\u00fchen w\u00e4hrend dieser Zeit \u00fcppig in sechs Nationalparks des Landes. <a href=\"https:\/\/www.urlaubcornwall.de\/blog\/die-besten-gaerten-irlands-gartenreisen-urlaub\/\">G\u00e4rten und B\u00e4ume<\/a> stehen auch auf den Grundst\u00fccken der alten Burgen in den abgelegenen Provinzen Irlands in Bl\u00fcte.<\/p>\n<p>Sommer ist eine magische Zeit, wenn sich die Tage l\u00e4nger dahinziehen dank sp\u00e4ter Sonnenunterg\u00e4nge, und die gesamte Insel erwacht von einer K\u00fcste zur anderen zum Leben mit Veranstaltungen und Festen in H\u00fclle und F\u00fclle. <\/p>\n<p><strong>Nationalfeiertage und Feste im Sommer<\/strong><\/p>\n<p>Der Junifeiertag wird am ersten Montag im Juni begangen.<\/p>\n<p>Die Junisommersonnenwende ist ein jahreszeitlich bedingtes Fest. Die Iren feiern sie am 20. Juni.<\/p>\n<p>La Lunasa ist am 1. August, und die Iren feiern den Augustfeiertag am ersten Montag im August.<\/p>\n<p><strong>Herbst in Irland &#8211;<\/strong> Herbst in Irland ist nicht nur Erntezeit, sondern auch eine Rechtfertigung f\u00fcr zahlreiche Veranstaltungen und Feste. Jedes Jahr besuchen zahlreiche Touristen verschiedener L\u00e4nder das Austern-Festival in Galway und in Cork das \u201aJazz and Blues\u2018 Festival.<\/p>\n<p>Die einzigartige Umwelt des Landes ist sogar im Sp\u00e4therbst charakterisiert vom Smaragdgr\u00fcn der Wiesen und Rasenfl\u00e4chen vor den <a href=\"https:\/\/www.urlaubcornwall.de\/blog\/welches-sind-die-besten-schloesser-die-es-in-irland-zu-besichtigen-gibt\/\">Burgen und historischen Herrenh\u00e4usern<\/a>. Sie sehen diese Farbe auch auf allen Flugzeugen der nationalen Fluglinie Air Lingus, den \u00f6ffentlichen Bussen und Schuluniformen einheimischer Sch\u00fcler, sowie der Postangestellten. Die meisten H\u00e4user in wohlhabenden Teilen Dublins sind mit Efeu bedeckt.<\/p>\n<p><strong>Nationalfeiertage und Feste im Herbst<\/strong><\/p>\n<p>Die Septembersonnenwende ist ein jahreszeitlich bedingter Feiertag. Die Iren begehen ihn am 22. September.<\/p>\n<p>Oktoberfeiertag wird normalerweise am ersten Montag im Oktober begangen.<\/p>\n<p>Samhain (Halloween) ist am 31. Oktober.<\/p>\n<p><strong>Winter in Irland &#8211;<\/strong> Schnee f\u00e4llt nur selten. Er bleibt nicht lange liegen, da der Winter in Irland nicht so kalt ist wie in anderen europ\u00e4ischen L\u00e4ndern. Wintertage k\u00f6nnen regnerisch, kalt und kurz sein (die Sonne geht um ungef\u00e4hr 4 Uhr nachmittags unter), doch aufgrund des Golfstroms f\u00e4llt die Temperatur selten unter den Gefrierpunkt und betr\u00e4gt im Durchschnitt 7\u00b0C.<\/p>\n<p>Die Iren lieben ihren Winter und wissen auch, Silvester zu feiern. Es ist eine der beliebtesten Veranstaltungen, und die Stra\u00dfen und Pl\u00e4tze der gr\u00f6\u00dferen und kleineren St\u00e4dte sind mit Menschen bev\u00f6lkert. <\/p>\n<p>Obgleich sich mehr und mehr Menschen auf den Reiz eines Winterurlaubs in Irland einlassen, ist der Touristenstrom immer noch viel geringer als w\u00e4hrend der Hauptsommermonate. Dies bedeutet bessere Reise- und Unterkunftsangebote, nicht zu vergessen weniger Wettstreit, wenn es darum geht, die Sehensw\u00fcrdigkeiten zu besichtigen. Die ber\u00fchmte irische Gastfreundlichkeit ist besonders herzlich im Winter, wenn es nicht ungew\u00f6hnlich ist, unter einer Handvoll an G\u00e4sten zu sein und daher die ungeteilte Aufmerksamkeit des Gastgebers zu bekommen.<\/p>\n<p><strong>Nationalfeiertage und Feste im Winter<\/strong><\/p>\n<p>St. Nikolaustag ist am 6. Dezember.<\/p>\n<p>Die Dezembersonnenwende ist ein jahreszeitlich bedingter Feiertag, der normalerweise am 21. Dezember begangen wird.<\/p>\n<p>Der Weihnachtstag ist einer der beliebtesten Winterfeiertage. Sie feiern ihn am 25. Dezember. <\/p>\n<p>Silvester wird am 31. Dezember gefeiert.<\/p>\n<p>St. Brigid\u2019s Day ist am 1. Februar. <\/p>\n<h2><strong>Eine Auswahl der besten Hotels in Irland &#8211; Sonderangebote und Discounts<\/strong><\/h2>\n<p><ins class=\"bookingaff\" data-aid=\"2198032\" data-target_aid=\"2198032\" data-prod=\"map\" data-width=\"100%\" data-height=\"590\" data-lang=\"ualng\" data-dest_id=\"0\" data-dest_type=\"landmark\" data-latitude=\"53.3498053\" data-longitude=\"-6.2603097\" data-mwhsb=\"0\" data-address=\"Dublin, Ireland\"><br \/>\n    <!-- Anything inside will go away once widget is loaded. --><br \/>\n        <a href=\"\/\/www.booking.com?aid=2198032\" rel=\"nofollow\">Booking.com<\/a><br \/>\n<\/ins><br \/>\n<script type=\"text\/javascript\">\n    (function(d, sc, u) {\n      var s = d.createElement(sc), p = d.getElementsByTagName(sc)[0];\n      s.type = 'text\/javascript';\n      s.async = true;\n      s.src = u + '?v=' + (+new Date());\n      p.parentNode.insertBefore(s,p);\n      })(document, 'script', '\/\/aff.bstatic.com\/static\/affiliate_base\/js\/flexiproduct.js');\n<\/script><\/p>\n<div class=\"snippet\"> <a class=\"featured-item\" href=\" https:\/\/www.urlaubcornwall.de\/blog\/rundreisen-irland\/\"> <span class=\"image-holder\" style=\"background-image: url(' https:\/\/www.urlaubcornwall.de\/blog\/wp-content\/uploads\/2024\/03\/Cork-irland.jpg');\"><\/span> <span class=\"featured-content\"> \n<h2 class=\"featured-title\">Rundreisen durch Irland<\/h2>\n<p class=\"featured-body\">Von den Sehensw\u00fcrdigkeiten von Irlands Wild Atlantic Way, einer herrlichen K\u00fcstenroute von Cork nach Connemara und Donegal bis hin zu einer Flucht auf eine irische Insel &#8230;&#8230;<\/p>\n<\/span> <span class=\"featured-link-holder\"> <span class=\"featured-extra-info\"> \n<p>F\u00fcr Paare, Familien &#038; Gruppen<\/p>\n<\/span> \n<p class=\"featured-link\">DETAILS<\/p>\n<\/span> <\/a><\/div>\n<div class=\"snippet\"> <a class=\"featured-item\" href=\" https:\/\/www.urlaubcornwall.de\/blog\/gefuehrte-busreisen-und-busrundreisen-in-irland\/\"> <span class=\"image-holder\" style=\"background-image: url(' https:\/\/www.urlaubcornwall.de\/blog\/wp-content\/uploads\/2019\/01\/wild-atlantic-way-irland.jpg');\"><\/span> <span class=\"featured-content\"> \n<h2 class=\"featured-title\">Gef\u00fchrte Busreisen und Busrundreisen in Irland<\/h2>\n<p class=\"featured-body\">Vielleicht suchen Sie ja eine Reise zu Sehensw\u00fcrdigkeiten, oder Sie haben besondere Interessen, wie zum Beispiel Gartenreisen und Literaturreisen&#8230;&#8230;.<\/p>\n<\/span> <span class=\"featured-link-holder\"> <span class=\"featured-extra-info\"> \n<p>F\u00fcr Paare, Familien &#038; Gruppen<\/p>\n<\/span> \n<p class=\"featured-link\">DETAILS<\/p>\n<\/span> <\/a><\/div>\n","protected":false},"excerpt":{"rendered":"<p>Jahreszeiten in Irland &#8211; Irland ist eine wundervolle Welt gr\u00fcner Wiesen, spektakul\u00e4rer K\u00fcste mit monumentalen Klippen und wundersch\u00f6nen Sandstr\u00e4nden, tiefen Seen und schnell flie\u00dfenden Fl\u00fcssen. Es gibt wildes Moorgebiet und subtropisches Gr\u00fcn, jede Menge traditionelle Kneipen und eine perfekte nat\u00fcrliche Umwelt. Dies ist ein Land, in dem das Gras das ganze Jahr \u00fcber gr\u00fcn ist, [&hellip;]<\/p>\n","protected":false},"author":1,"featured_media":0,"parent":0,"menu_order":0,"comment_status":"closed","ping_status":"closed","template":"single-four.php","meta":[],"acf":[],"yoast_head":"<!-- This site is optimized with the Yoast SEO plugin v19.4 - https:\/\/yoast.com\/wordpress\/plugins\/seo\/ -->\n<title>Beste Reisezeit f\u00fcr Irland - Urlaub &amp; Reisen<\/title>\n<meta name=\"robots\" content=\"index, follow, max-snippet:-1, max-image-preview:large, max-video-preview:-1\" \/>\n<link rel=\"canonical\" href=\"https:\/\/www.urlaubcornwall.de\/blog\/beste-reisezeit-fuer-irland\/\" \/>\n<meta property=\"og:locale\" content=\"en_US\" \/>\n<meta property=\"og:type\" content=\"article\" \/>\n<meta property=\"og:title\" content=\"Beste Reisezeit f\u00fcr Irland - Urlaub &amp; Reisen\" \/>\n<meta property=\"og:description\" content=\"Jahreszeiten in Irland &#8211; Irland ist eine wundervolle Welt gr\u00fcner Wiesen, spektakul\u00e4rer K\u00fcste mit monumentalen Klippen und wundersch\u00f6nen Sandstr\u00e4nden, tiefen Seen und schnell flie\u00dfenden Fl\u00fcssen. Es gibt wildes Moorgebiet und subtropisches Gr\u00fcn, jede Menge traditionelle Kneipen und eine perfekte nat\u00fcrliche Umwelt. Dies ist ein Land, in dem das Gras das ganze Jahr \u00fcber gr\u00fcn ist, [&hellip;]\" \/>\n<meta property=\"og:url\" content=\"https:\/\/www.urlaubcornwall.de\/blog\/beste-reisezeit-fuer-irland\/\" \/>\n<meta property=\"og:site_name\" content=\"Urlaub &amp; Reisen\" \/>\n<meta property=\"article:modified_time\" content=\"2024-05-29T10:36:18+00:00\" \/>\n<meta property=\"og:image\" content=\"https:\/\/www.urlaubcornwall.de\/blog\/wp-content\/uploads\/2018\/12\/wild-atlantic-way-irland.jpg\" \/>\n<meta name=\"twitter:card\" content=\"summary\" \/>\n<meta name=\"twitter:label1\" content=\"Est. reading time\" \/>\n\t<meta name=\"twitter:data1\" content=\"5 minutes\" \/>\n<script type=\"application\/ld+json\" class=\"yoast-schema-graph\">{\"@context\":\"https:\/\/schema.org\",\"@graph\":[{\"@type\":\"WebSite\",\"@id\":\"https:\/\/www.urlaubcornwall.de\/blog\/#website\",\"url\":\"https:\/\/www.urlaubcornwall.de\/blog\/\",\"name\":\"Urlaub &amp; Reisen\",\"description\":\"Urlaub, Reisen, Cornwall und S\u00fcdengland: eine perfekte Kombination\",\"potentialAction\":[{\"@type\":\"SearchAction\",\"target\":{\"@type\":\"EntryPoint\",\"urlTemplate\":\"https:\/\/www.urlaubcornwall.de\/blog\/?s={search_term_string}\"},\"query-input\":\"required name=search_term_string\"}],\"inLanguage\":\"en-US\"},{\"@type\":\"WebPage\",\"@id\":\"https:\/\/www.urlaubcornwall.de\/blog\/beste-reisezeit-fuer-irland\/\",\"url\":\"https:\/\/www.urlaubcornwall.de\/blog\/beste-reisezeit-fuer-irland\/\",\"name\":\"Beste Reisezeit f\u00fcr Irland - Urlaub &amp; Reisen\",\"isPartOf\":{\"@id\":\"https:\/\/www.urlaubcornwall.de\/blog\/#website\"},\"datePublished\":\"2019-03-13T14:10:52+00:00\",\"dateModified\":\"2024-05-29T10:36:18+00:00\",\"breadcrumb\":{\"@id\":\"https:\/\/www.urlaubcornwall.de\/blog\/beste-reisezeit-fuer-irland\/#breadcrumb\"},\"inLanguage\":\"en-US\",\"potentialAction\":[{\"@type\":\"ReadAction\",\"target\":[\"https:\/\/www.urlaubcornwall.de\/blog\/beste-reisezeit-fuer-irland\/\"]}]},{\"@type\":\"BreadcrumbList\",\"@id\":\"https:\/\/www.urlaubcornwall.de\/blog\/beste-reisezeit-fuer-irland\/#breadcrumb\",\"itemListElement\":[{\"@type\":\"ListItem\",\"position\":1,\"name\":\"Home\",\"item\":\"https:\/\/www.urlaubcornwall.de\/blog\/\"},{\"@type\":\"ListItem\",\"position\":2,\"name\":\"Beste Reisezeit f\u00fcr Irland\"}]}]}<\/script>\n<!-- \/ Yoast SEO plugin. -->","yoast_head_json":{"title":"Beste Reisezeit f\u00fcr Irland - Urlaub &amp; Reisen","robots":{"index":"index","follow":"follow","max-snippet":"max-snippet:-1","max-image-preview":"max-image-preview:large","max-video-preview":"max-video-preview:-1"},"canonical":"https:\/\/www.urlaubcornwall.de\/blog\/beste-reisezeit-fuer-irland\/","og_locale":"en_US","og_type":"article","og_title":"Beste Reisezeit f\u00fcr Irland - Urlaub &amp; Reisen","og_description":"Jahreszeiten in Irland &#8211; Irland ist eine wundervolle Welt gr\u00fcner Wiesen, spektakul\u00e4rer K\u00fcste mit monumentalen Klippen und wundersch\u00f6nen Sandstr\u00e4nden, tiefen Seen und schnell flie\u00dfenden Fl\u00fcssen. Es gibt wildes Moorgebiet und subtropisches Gr\u00fcn, jede Menge traditionelle Kneipen und eine perfekte nat\u00fcrliche Umwelt. Dies ist ein Land, in dem das Gras das ganze Jahr \u00fcber gr\u00fcn ist, [&hellip;]","og_url":"https:\/\/www.urlaubcornwall.de\/blog\/beste-reisezeit-fuer-irland\/","og_site_name":"Urlaub &amp; Reisen","article_modified_time":"2024-05-29T10:36:18+00:00","og_image":[{"url":"https:\/\/www.urlaubcornwall.de\/blog\/wp-content\/uploads\/2018\/12\/wild-atlantic-way-irland.jpg"}],"twitter_card":"summary","twitter_misc":{"Est. reading time":"5 minutes"},"schema":{"@context":"https:\/\/schema.org","@graph":[{"@type":"WebSite","@id":"https:\/\/www.urlaubcornwall.de\/blog\/#website","url":"https:\/\/www.urlaubcornwall.de\/blog\/","name":"Urlaub &amp; Reisen","description":"Urlaub, Reisen, Cornwall und S\u00fcdengland: eine perfekte Kombination","potentialAction":[{"@type":"SearchAction","target":{"@type":"EntryPoint","urlTemplate":"https:\/\/www.urlaubcornwall.de\/blog\/?s={search_term_string}"},"query-input":"required name=search_term_string"}],"inLanguage":"en-US"},{"@type":"WebPage","@id":"https:\/\/www.urlaubcornwall.de\/blog\/beste-reisezeit-fuer-irland\/","url":"https:\/\/www.urlaubcornwall.de\/blog\/beste-reisezeit-fuer-irland\/","name":"Beste Reisezeit f\u00fcr Irland - Urlaub &amp; Reisen","isPartOf":{"@id":"https:\/\/www.urlaubcornwall.de\/blog\/#website"},"datePublished":"2019-03-13T14:10:52+00:00","dateModified":"2024-05-29T10:36:18+00:00","breadcrumb":{"@id":"https:\/\/www.urlaubcornwall.de\/blog\/beste-reisezeit-fuer-irland\/#breadcrumb"},"inLanguage":"en-US","potentialAction":[{"@type":"ReadAction","target":["https:\/\/www.urlaubcornwall.de\/blog\/beste-reisezeit-fuer-irland\/"]}]},{"@type":"BreadcrumbList","@id":"https:\/\/www.urlaubcornwall.de\/blog\/beste-reisezeit-fuer-irland\/#breadcrumb","itemListElement":[{"@type":"ListItem","position":1,"name":"Home","item":"https:\/\/www.urlaubcornwall.de\/blog\/"},{"@type":"ListItem","position":2,"name":"Beste Reisezeit f\u00fcr Irland"}]}]}},"_links":{"self":[{"href":"https:\/\/www.urlaubcornwall.de\/blog\/wp-json\/wp\/v2\/pages\/36730"}],"collection":[{"href":"https:\/\/www.urlaubcornwall.de\/blog\/wp-json\/wp\/v2\/pages"}],"about":[{"href":"https:\/\/www.urlaubcornwall.de\/blog\/wp-json\/wp\/v2\/types\/page"}],"author":[{"embeddable":true,"href":"https:\/\/www.urlaubcornwall.de\/blog\/wp-json\/wp\/v2\/users\/1"}],"replies":[{"embeddable":true,"href":"https:\/\/www.urlaubcornwall.de\/blog\/wp-json\/wp\/v2\/comments?post=36730"}],"version-history":[{"count":3,"href":"https:\/\/www.urlaubcornwall.de\/blog\/wp-json\/wp\/v2\/pages\/36730\/revisions"}],"predecessor-version":[{"id":50579,"href":"https:\/\/www.urlaubcornwall.de\/blog\/wp-json\/wp\/v2\/pages\/36730\/revisions\/50579"}],"wp:attachment":[{"href":"https:\/\/www.urlaubcornwall.de\/blog\/wp-json\/wp\/v2\/media?parent=36730"}],"curies":[{"name":"wp","href":"https:\/\/api.w.org\/{rel}","templated":true}]}}