{"id":36150,"date":"2019-02-14T15:02:20","date_gmt":"2019-02-14T15:02:20","guid":{"rendered":"https:\/\/www.urlaubcornwall.de\/blog\/?page_id=36150"},"modified":"2024-05-27T11:33:01","modified_gmt":"2024-05-27T11:33:01","slug":"whiskyreisen-speyside-fuer-gruppen-gruppenreisen-in-schottland","status":"publish","type":"page","link":"https:\/\/www.urlaubcornwall.de\/blog\/whiskyreisen-speyside-fuer-gruppen-gruppenreisen-in-schottland\/","title":{"rendered":"Whiskyreisen Speyside f\u00fcr Gruppen &#8211; Gruppenreisen in Schottland"},"content":{"rendered":"<p><img loading=\"lazy\" class=\"aligncenter size-full wp-image-48023\" src=\"https:\/\/www.urlaubcornwall.de\/blog\/wp-content\/uploads\/2024\/03\/whisky-schottland-1.jpg\" alt=\"whisky schottland\" width=\"750\" height=\"500\" srcset=\"https:\/\/www.urlaubcornwall.de\/blog\/wp-content\/uploads\/2024\/03\/whisky-schottland-1.jpg 750w, https:\/\/www.urlaubcornwall.de\/blog\/wp-content\/uploads\/2024\/03\/whisky-schottland-1-300x200.jpg 300w\" sizes=\"(max-width: 750px) 100vw, 750px\" \/><\/p>\n<p>UrlaubCornwall.de haben Touren im Angebot f\u00fcr <a href=\"https:\/\/www.urlaubcornwall.de\/gruppenreisen.php\">Individualreisende<\/a> und <a href=\"https:\/\/www.urlaubcornwall.de\/massgeschneiderte-gruppenreisen-und-touren.php\">ma\u00dfgeschneiderte Gruppenreisen<\/a> in Schottland.<\/p>\n<p>Schottland ist weltweit bekannt f\u00fcr seine hervorragenden Malzwhiskys, und im Gebiet von Speyside bei Aberdeen befinden sich mehr als die H\u00e4lfte von Schottlands Malzwhiskybrennereien; h\u00e4ufig wird darauf Bezug genommen als \u2018Malzwhiskyland\u2019. Das reine Hochlandwasser der Region bildet die Grundzutat neben gem\u00e4lzter Gerste. Der Whiskypfad ist eine ausgeschilderte Route von 112,7 km, w\u00e4hrend derer Sie sieben der weltbekannten arbeitenden Brennereien besuchen k\u00f6nnen, eine historische Brennerei und die faszinierende Speyside K\u00fcferei, wo F\u00e4sser und &nbsp;Tonnen hergestellt werden. Hier finden Sie unsere Auswahl an fantastischen Busrundreisen und Touren in England, Schottland, Wales und Irland. <\/p>\n<div class=\"snippet\"> <a class=\"featured-item\" href=\" https:\/\/www.urlaubcornwall.de\/massgeschneiderte-gruppenreisen-und-touren.php \"> <span class=\"image-holder\" style=\"background-image: url(' https:\/\/www.urlaubcornwall.de\/blog\/wp-content\/uploads\/2024\/05\/gruppenreisen.jpg ');\"><\/span> <span class=\"featured-content\"> \n<h2 class=\"featured-title\">Ma\u00dfgeschneiderte Gruppenreisen in Schottland &#038; Gro\u00dfbritannien<\/h2>\n<p class=\"featured-body\">Als spezialisierte Tourismusorganisation kann UrlaubCornwall f\u00fcr Sie ma\u00dfgeschneiderte Busrundreisen, Gruppenf\u00fchrungen oder Veranstaltungen mit deutschsprachiger Reisebegleitung&#8230;<\/p>\n<\/span> <span class=\"featured-link-holder\"> <span class=\"featured-extra-info\"> \n<p> Auch interessante exklusive Whiskyreise, Themenreisen, Gartenreise, Literaturreise\u2026<\/p>\n<\/span> \n<p class=\"featured-link\">DETAILS<\/p>\n<\/span> <\/a><\/div>\n<div class=\"snippet\"> <a class=\"featured-item\" href=\" https:\/\/www.urlaubcornwall.de\/blog\/busreisen-durch-schottland-schottischen-highlands-und-inseln\/ \"> <span class=\"image-holder\" style=\"background-image: url(' https:\/\/www.urlaubcornwall.de\/blog\/wp-content\/uploads\/2019\/01\/rundreise-schottland-1.jpg ');\"><\/span> <span class=\"featured-content\"> \n<h2 class=\"featured-title\">Busreisen durch Schottland <\/h2>\n<p class=\"featured-body\">Suchen Sie eine organisierte Busrundreise, eine Busreise oder Reise mit Reiseleitung? Vielleicht suchen Sie ja eine Reise zu Sehensw\u00fcrdigkeiten, oder Sie haben besondere Interessen, wie zum Beispiel Gartenreisen&#8230;.<\/p>\n<\/span> <span class=\"featured-link-holder\"> <span class=\"featured-extra-info\"> \n<p>Die sch\u00f6nsten Urlaubsziele<\/p>\n<\/span> \n<p class=\"featured-link\">DETAILS<\/p>\n<\/span> <\/a><\/div>\n","protected":false},"excerpt":{"rendered":"<p>UrlaubCornwall.de haben Touren im Angebot f\u00fcr Individualreisende und ma\u00dfgeschneiderte Gruppenreisen in Schottland. Schottland ist weltweit bekannt f\u00fcr seine hervorragenden Malzwhiskys, und im Gebiet von Speyside bei Aberdeen befinden sich mehr als die H\u00e4lfte von Schottlands Malzwhiskybrennereien; h\u00e4ufig wird darauf Bezug genommen als \u2018Malzwhiskyland\u2019. Das reine Hochlandwasser der Region bildet die Grundzutat neben gem\u00e4lzter Gerste. Der [&hellip;]<\/p>\n","protected":false},"author":1,"featured_media":0,"parent":0,"menu_order":0,"comment_status":"closed","ping_status":"closed","template":"single-four.php","meta":[],"acf":[],"yoast_head":"<!-- This site is optimized with the Yoast SEO plugin v19.4 - https:\/\/yoast.com\/wordpress\/plugins\/seo\/ -->\n<title>Whiskyreisen Speyside f\u00fcr Gruppen - Gruppenreisen in Schottland - Urlaub &amp; Reisen<\/title>\n<meta name=\"robots\" content=\"index, follow, max-snippet:-1, max-image-preview:large, max-video-preview:-1\" \/>\n<link rel=\"canonical\" href=\"https:\/\/www.urlaubcornwall.de\/blog\/whiskyreisen-speyside-fuer-gruppen-gruppenreisen-in-schottland\/\" \/>\n<meta property=\"og:locale\" content=\"en_US\" \/>\n<meta property=\"og:type\" content=\"article\" \/>\n<meta property=\"og:title\" content=\"Whiskyreisen Speyside f\u00fcr Gruppen - Gruppenreisen in Schottland - Urlaub &amp; Reisen\" \/>\n<meta property=\"og:description\" content=\"UrlaubCornwall.de haben Touren im Angebot f\u00fcr Individualreisende und ma\u00dfgeschneiderte Gruppenreisen in Schottland. Schottland ist weltweit bekannt f\u00fcr seine hervorragenden Malzwhiskys, und im Gebiet von Speyside bei Aberdeen befinden sich mehr als die H\u00e4lfte von Schottlands Malzwhiskybrennereien; h\u00e4ufig wird darauf Bezug genommen als \u2018Malzwhiskyland\u2019. Das reine Hochlandwasser der Region bildet die Grundzutat neben gem\u00e4lzter Gerste. Der [&hellip;]\" \/>\n<meta property=\"og:url\" content=\"https:\/\/www.urlaubcornwall.de\/blog\/whiskyreisen-speyside-fuer-gruppen-gruppenreisen-in-schottland\/\" \/>\n<meta property=\"og:site_name\" content=\"Urlaub &amp; Reisen\" \/>\n<meta property=\"article:modified_time\" content=\"2024-05-27T11:33:01+00:00\" \/>\n<meta property=\"og:image\" content=\"https:\/\/www.urlaubcornwall.de\/blog\/wp-content\/uploads\/2024\/03\/whisky-schottland-1.jpg\" \/>\n<meta name=\"twitter:card\" content=\"summary\" \/>\n<meta name=\"twitter:label1\" content=\"Est. reading time\" \/>\n\t<meta name=\"twitter:data1\" content=\"1 minute\" \/>\n<script type=\"application\/ld+json\" class=\"yoast-schema-graph\">{\"@context\":\"https:\/\/schema.org\",\"@graph\":[{\"@type\":\"WebSite\",\"@id\":\"https:\/\/www.urlaubcornwall.de\/blog\/#website\",\"url\":\"https:\/\/www.urlaubcornwall.de\/blog\/\",\"name\":\"Urlaub &amp; Reisen\",\"description\":\"Urlaub, Reisen, Cornwall und S\u00fcdengland: eine perfekte Kombination\",\"potentialAction\":[{\"@type\":\"SearchAction\",\"target\":{\"@type\":\"EntryPoint\",\"urlTemplate\":\"https:\/\/www.urlaubcornwall.de\/blog\/?s={search_term_string}\"},\"query-input\":\"required name=search_term_string\"}],\"inLanguage\":\"en-US\"},{\"@type\":\"WebPage\",\"@id\":\"https:\/\/www.urlaubcornwall.de\/blog\/whiskyreisen-speyside-fuer-gruppen-gruppenreisen-in-schottland\/\",\"url\":\"https:\/\/www.urlaubcornwall.de\/blog\/whiskyreisen-speyside-fuer-gruppen-gruppenreisen-in-schottland\/\",\"name\":\"Whiskyreisen Speyside f\u00fcr Gruppen - Gruppenreisen in Schottland - Urlaub &amp; Reisen\",\"isPartOf\":{\"@id\":\"https:\/\/www.urlaubcornwall.de\/blog\/#website\"},\"datePublished\":\"2019-02-14T15:02:20+00:00\",\"dateModified\":\"2024-05-27T11:33:01+00:00\",\"breadcrumb\":{\"@id\":\"https:\/\/www.urlaubcornwall.de\/blog\/whiskyreisen-speyside-fuer-gruppen-gruppenreisen-in-schottland\/#breadcrumb\"},\"inLanguage\":\"en-US\",\"potentialAction\":[{\"@type\":\"ReadAction\",\"target\":[\"https:\/\/www.urlaubcornwall.de\/blog\/whiskyreisen-speyside-fuer-gruppen-gruppenreisen-in-schottland\/\"]}]},{\"@type\":\"BreadcrumbList\",\"@id\":\"https:\/\/www.urlaubcornwall.de\/blog\/whiskyreisen-speyside-fuer-gruppen-gruppenreisen-in-schottland\/#breadcrumb\",\"itemListElement\":[{\"@type\":\"ListItem\",\"position\":1,\"name\":\"Home\",\"item\":\"https:\/\/www.urlaubcornwall.de\/blog\/\"},{\"@type\":\"ListItem\",\"position\":2,\"name\":\"Whiskyreisen Speyside f\u00fcr Gruppen &#8211; Gruppenreisen in Schottland\"}]}]}<\/script>\n<!-- \/ Yoast SEO plugin. -->","yoast_head_json":{"title":"Whiskyreisen Speyside f\u00fcr Gruppen - Gruppenreisen in Schottland - Urlaub &amp; Reisen","robots":{"index":"index","follow":"follow","max-snippet":"max-snippet:-1","max-image-preview":"max-image-preview:large","max-video-preview":"max-video-preview:-1"},"canonical":"https:\/\/www.urlaubcornwall.de\/blog\/whiskyreisen-speyside-fuer-gruppen-gruppenreisen-in-schottland\/","og_locale":"en_US","og_type":"article","og_title":"Whiskyreisen Speyside f\u00fcr Gruppen - Gruppenreisen in Schottland - Urlaub &amp; Reisen","og_description":"UrlaubCornwall.de haben Touren im Angebot f\u00fcr Individualreisende und ma\u00dfgeschneiderte Gruppenreisen in Schottland. Schottland ist weltweit bekannt f\u00fcr seine hervorragenden Malzwhiskys, und im Gebiet von Speyside bei Aberdeen befinden sich mehr als die H\u00e4lfte von Schottlands Malzwhiskybrennereien; h\u00e4ufig wird darauf Bezug genommen als \u2018Malzwhiskyland\u2019. Das reine Hochlandwasser der Region bildet die Grundzutat neben gem\u00e4lzter Gerste. Der [&hellip;]","og_url":"https:\/\/www.urlaubcornwall.de\/blog\/whiskyreisen-speyside-fuer-gruppen-gruppenreisen-in-schottland\/","og_site_name":"Urlaub &amp; Reisen","article_modified_time":"2024-05-27T11:33:01+00:00","og_image":[{"url":"https:\/\/www.urlaubcornwall.de\/blog\/wp-content\/uploads\/2024\/03\/whisky-schottland-1.jpg"}],"twitter_card":"summary","twitter_misc":{"Est. reading time":"1 minute"},"schema":{"@context":"https:\/\/schema.org","@graph":[{"@type":"WebSite","@id":"https:\/\/www.urlaubcornwall.de\/blog\/#website","url":"https:\/\/www.urlaubcornwall.de\/blog\/","name":"Urlaub &amp; Reisen","description":"Urlaub, Reisen, Cornwall und S\u00fcdengland: eine perfekte Kombination","potentialAction":[{"@type":"SearchAction","target":{"@type":"EntryPoint","urlTemplate":"https:\/\/www.urlaubcornwall.de\/blog\/?s={search_term_string}"},"query-input":"required name=search_term_string"}],"inLanguage":"en-US"},{"@type":"WebPage","@id":"https:\/\/www.urlaubcornwall.de\/blog\/whiskyreisen-speyside-fuer-gruppen-gruppenreisen-in-schottland\/","url":"https:\/\/www.urlaubcornwall.de\/blog\/whiskyreisen-speyside-fuer-gruppen-gruppenreisen-in-schottland\/","name":"Whiskyreisen Speyside f\u00fcr Gruppen - Gruppenreisen in Schottland - Urlaub &amp; Reisen","isPartOf":{"@id":"https:\/\/www.urlaubcornwall.de\/blog\/#website"},"datePublished":"2019-02-14T15:02:20+00:00","dateModified":"2024-05-27T11:33:01+00:00","breadcrumb":{"@id":"https:\/\/www.urlaubcornwall.de\/blog\/whiskyreisen-speyside-fuer-gruppen-gruppenreisen-in-schottland\/#breadcrumb"},"inLanguage":"en-US","potentialAction":[{"@type":"ReadAction","target":["https:\/\/www.urlaubcornwall.de\/blog\/whiskyreisen-speyside-fuer-gruppen-gruppenreisen-in-schottland\/"]}]},{"@type":"BreadcrumbList","@id":"https:\/\/www.urlaubcornwall.de\/blog\/whiskyreisen-speyside-fuer-gruppen-gruppenreisen-in-schottland\/#breadcrumb","itemListElement":[{"@type":"ListItem","position":1,"name":"Home","item":"https:\/\/www.urlaubcornwall.de\/blog\/"},{"@type":"ListItem","position":2,"name":"Whiskyreisen Speyside f\u00fcr Gruppen &#8211; Gruppenreisen in Schottland"}]}]}},"_links":{"self":[{"href":"https:\/\/www.urlaubcornwall.de\/blog\/wp-json\/wp\/v2\/pages\/36150"}],"collection":[{"href":"https:\/\/www.urlaubcornwall.de\/blog\/wp-json\/wp\/v2\/pages"}],"about":[{"href":"https:\/\/www.urlaubcornwall.de\/blog\/wp-json\/wp\/v2\/types\/page"}],"author":[{"embeddable":true,"href":"https:\/\/www.urlaubcornwall.de\/blog\/wp-json\/wp\/v2\/users\/1"}],"replies":[{"embeddable":true,"href":"https:\/\/www.urlaubcornwall.de\/blog\/wp-json\/wp\/v2\/comments?post=36150"}],"version-history":[{"count":6,"href":"https:\/\/www.urlaubcornwall.de\/blog\/wp-json\/wp\/v2\/pages\/36150\/revisions"}],"predecessor-version":[{"id":50285,"href":"https:\/\/www.urlaubcornwall.de\/blog\/wp-json\/wp\/v2\/pages\/36150\/revisions\/50285"}],"wp:attachment":[{"href":"https:\/\/www.urlaubcornwall.de\/blog\/wp-json\/wp\/v2\/media?parent=36150"}],"curies":[{"name":"wp","href":"https:\/\/api.w.org\/{rel}","templated":true}]}}