{"id":36131,"date":"2019-02-14T12:09:47","date_gmt":"2019-02-14T12:09:47","guid":{"rendered":"https:\/\/www.urlaubcornwall.de\/blog\/?page_id=36131"},"modified":"2024-05-27T11:28:42","modified_gmt":"2024-05-27T11:28:42","slug":"gruppenreisen-schottland-highlands-individuelle-busreise-massgeschneiderte-touren","status":"publish","type":"page","link":"https:\/\/www.urlaubcornwall.de\/blog\/gruppenreisen-schottland-highlands-individuelle-busreise-massgeschneiderte-touren\/","title":{"rendered":"Gruppenreisen Schottland Highlands &#8211; ma\u00dfgeschneiderte Touren und Busreisen"},"content":{"rendered":"<p><img loading=\"lazy\" class=\"aligncenter size-full wp-image-20024\" src=\"https:\/\/www.urlaubcornwall.de\/blog\/wp-content\/uploads\/2015\/09\/16871320_3.jpg\" alt=\"busreisen schottland highlands\" width=\"748\" height=\"400\"\/><\/p>\n<p>UrlaubCornwall.de haben Touren im Angebot f\u00fcr <a href=\"https:\/\/www.urlaubcornwall.de\/gruppenreisen.php\">Individualreisende<\/a> und <a href=\"https:\/\/www.urlaubcornwall.de\/massgeschneiderte-gruppenreisen-und-touren.php\">ma\u00dfgeschneiderte Gruppenreisen<\/a> in Schottland Highlands.<\/p>\n<p>Schottland ist das Zuhause von Britanniens spektakul\u00e4rster Landschaft, die den h\u00f6chsten Berg, den Ben Nevis, mit umfasst, den tiefsten See, Loch Morar, die h\u00f6chsten B\u00e4ume und die abgelegendsten Gebiete voller Wildheit. Hier finden Sie unsere Auswahl an fantastischen Busrundreisen und Touren in England, Schottland, Wales und Irland. <\/p>\n<div class=\"snippet\"> <a class=\"featured-item\" href=\" https:\/\/www.urlaubcornwall.de\/massgeschneiderte-gruppenreisen-und-touren.php \"> <span class=\"image-holder\" style=\"background-image: url(' https:\/\/www.urlaubcornwall.de\/blog\/wp-content\/uploads\/2024\/05\/gruppenreisen.jpg ');\"><\/span> <span class=\"featured-content\"> \n<h2 class=\"featured-title\">Ma\u00dfgeschneiderte Gruppenreisen in Gro\u00dfbritannien<\/h2>\n<p class=\"featured-body\">Als spezialisierte Tourismusorganisation kann UrlaubCornwall f\u00fcr Sie ma\u00dfgeschneiderte Busrundreisen, Gruppenf\u00fchrungen oder Veranstaltungen mit deutschsprachiger Reisebegleitung&#8230;<\/p>\n<\/span> <span class=\"featured-link-holder\"> <span class=\"featured-extra-info\"> \n<p> Auch interessante Pilgerreisen, Themenreisen, Gartenreise, Literaturreise\u2026<\/p>\n<\/span> \n<p class=\"featured-link\">DETAILS<\/p>\n<\/span> <\/a><\/div>\n<div class=\"snippet\"> <a class=\"featured-item\" href=\" https:\/\/www.urlaubcornwall.de\/blog\/busreisen-durch-schottland-schottischen-highlands-und-inseln\/ \"> <span class=\"image-holder\" style=\"background-image: url(' https:\/\/www.urlaubcornwall.de\/blog\/wp-content\/uploads\/2018\/12\/familienurlaub-corwnall-snippet.jpg ');\"><\/span> <span class=\"featured-content\"> \n<h2 class=\"featured-title\">Busreisen durch Schottland <\/h2>\n<p class=\"featured-body\">Suchen Sie eine organisierte Busrundreise, eine Busreise oder Reise mit Reiseleitung? Vielleicht suchen Sie ja eine Reise zu Sehensw\u00fcrdigkeiten, oder Sie haben besondere Interessen, wie zum Beispiel Gartenreisen&#8230;.<\/p>\n<\/span> <span class=\"featured-link-holder\"> <span class=\"featured-extra-info\"> \n<p>Die sch\u00f6nsten Urlaubsziele<\/p>\n<\/span> \n<p class=\"featured-link\">DETAILS<\/p>\n<\/span> <\/a><\/div>\n","protected":false},"excerpt":{"rendered":"<p>UrlaubCornwall.de haben Touren im Angebot f\u00fcr Individualreisende und ma\u00dfgeschneiderte Gruppenreisen in Schottland Highlands. Schottland ist das Zuhause von Britanniens spektakul\u00e4rster Landschaft, die den h\u00f6chsten Berg, den Ben Nevis, mit umfasst, den tiefsten See, Loch Morar, die h\u00f6chsten B\u00e4ume und die abgelegendsten Gebiete voller Wildheit. Hier finden Sie unsere Auswahl an fantastischen Busrundreisen und Touren in [&hellip;]<\/p>\n","protected":false},"author":1,"featured_media":0,"parent":0,"menu_order":0,"comment_status":"closed","ping_status":"closed","template":"single-four.php","meta":[],"acf":[],"yoast_head":"<!-- This site is optimized with the Yoast SEO plugin v19.4 - https:\/\/yoast.com\/wordpress\/plugins\/seo\/ -->\n<title>Gruppenreisen Schottland Highlands - ma\u00dfgeschneiderte Touren und Busreisen - Urlaub &amp; Reisen<\/title>\n<meta name=\"robots\" content=\"index, follow, max-snippet:-1, max-image-preview:large, max-video-preview:-1\" \/>\n<link rel=\"canonical\" href=\"https:\/\/www.urlaubcornwall.de\/blog\/gruppenreisen-schottland-highlands-individuelle-busreise-massgeschneiderte-touren\/\" \/>\n<meta property=\"og:locale\" content=\"en_US\" \/>\n<meta property=\"og:type\" content=\"article\" \/>\n<meta property=\"og:title\" content=\"Gruppenreisen Schottland Highlands - ma\u00dfgeschneiderte Touren und Busreisen - Urlaub &amp; Reisen\" \/>\n<meta property=\"og:description\" content=\"UrlaubCornwall.de haben Touren im Angebot f\u00fcr Individualreisende und ma\u00dfgeschneiderte Gruppenreisen in Schottland Highlands. Schottland ist das Zuhause von Britanniens spektakul\u00e4rster Landschaft, die den h\u00f6chsten Berg, den Ben Nevis, mit umfasst, den tiefsten See, Loch Morar, die h\u00f6chsten B\u00e4ume und die abgelegendsten Gebiete voller Wildheit. Hier finden Sie unsere Auswahl an fantastischen Busrundreisen und Touren in [&hellip;]\" \/>\n<meta property=\"og:url\" content=\"https:\/\/www.urlaubcornwall.de\/blog\/gruppenreisen-schottland-highlands-individuelle-busreise-massgeschneiderte-touren\/\" \/>\n<meta property=\"og:site_name\" content=\"Urlaub &amp; Reisen\" \/>\n<meta property=\"article:modified_time\" content=\"2024-05-27T11:28:42+00:00\" \/>\n<meta property=\"og:image\" content=\"https:\/\/www.urlaubcornwall.de\/blog\/wp-content\/uploads\/2015\/09\/16871320_3.jpg\" \/>\n<meta name=\"twitter:card\" content=\"summary\" \/>\n<meta name=\"twitter:label1\" content=\"Est. reading time\" \/>\n\t<meta name=\"twitter:data1\" content=\"1 minute\" \/>\n<script type=\"application\/ld+json\" class=\"yoast-schema-graph\">{\"@context\":\"https:\/\/schema.org\",\"@graph\":[{\"@type\":\"WebSite\",\"@id\":\"https:\/\/www.urlaubcornwall.de\/blog\/#website\",\"url\":\"https:\/\/www.urlaubcornwall.de\/blog\/\",\"name\":\"Urlaub &amp; Reisen\",\"description\":\"Urlaub, Reisen, Cornwall und S\u00fcdengland: eine perfekte Kombination\",\"potentialAction\":[{\"@type\":\"SearchAction\",\"target\":{\"@type\":\"EntryPoint\",\"urlTemplate\":\"https:\/\/www.urlaubcornwall.de\/blog\/?s={search_term_string}\"},\"query-input\":\"required name=search_term_string\"}],\"inLanguage\":\"en-US\"},{\"@type\":\"WebPage\",\"@id\":\"https:\/\/www.urlaubcornwall.de\/blog\/gruppenreisen-schottland-highlands-individuelle-busreise-massgeschneiderte-touren\/\",\"url\":\"https:\/\/www.urlaubcornwall.de\/blog\/gruppenreisen-schottland-highlands-individuelle-busreise-massgeschneiderte-touren\/\",\"name\":\"Gruppenreisen Schottland Highlands - ma\u00dfgeschneiderte Touren und Busreisen - Urlaub &amp; Reisen\",\"isPartOf\":{\"@id\":\"https:\/\/www.urlaubcornwall.de\/blog\/#website\"},\"datePublished\":\"2019-02-14T12:09:47+00:00\",\"dateModified\":\"2024-05-27T11:28:42+00:00\",\"breadcrumb\":{\"@id\":\"https:\/\/www.urlaubcornwall.de\/blog\/gruppenreisen-schottland-highlands-individuelle-busreise-massgeschneiderte-touren\/#breadcrumb\"},\"inLanguage\":\"en-US\",\"potentialAction\":[{\"@type\":\"ReadAction\",\"target\":[\"https:\/\/www.urlaubcornwall.de\/blog\/gruppenreisen-schottland-highlands-individuelle-busreise-massgeschneiderte-touren\/\"]}]},{\"@type\":\"BreadcrumbList\",\"@id\":\"https:\/\/www.urlaubcornwall.de\/blog\/gruppenreisen-schottland-highlands-individuelle-busreise-massgeschneiderte-touren\/#breadcrumb\",\"itemListElement\":[{\"@type\":\"ListItem\",\"position\":1,\"name\":\"Home\",\"item\":\"https:\/\/www.urlaubcornwall.de\/blog\/\"},{\"@type\":\"ListItem\",\"position\":2,\"name\":\"Gruppenreisen Schottland Highlands &#8211; ma\u00dfgeschneiderte Touren und Busreisen\"}]}]}<\/script>\n<!-- \/ Yoast SEO plugin. -->","yoast_head_json":{"title":"Gruppenreisen Schottland Highlands - ma\u00dfgeschneiderte Touren und Busreisen - Urlaub &amp; Reisen","robots":{"index":"index","follow":"follow","max-snippet":"max-snippet:-1","max-image-preview":"max-image-preview:large","max-video-preview":"max-video-preview:-1"},"canonical":"https:\/\/www.urlaubcornwall.de\/blog\/gruppenreisen-schottland-highlands-individuelle-busreise-massgeschneiderte-touren\/","og_locale":"en_US","og_type":"article","og_title":"Gruppenreisen Schottland Highlands - ma\u00dfgeschneiderte Touren und Busreisen - Urlaub &amp; Reisen","og_description":"UrlaubCornwall.de haben Touren im Angebot f\u00fcr Individualreisende und ma\u00dfgeschneiderte Gruppenreisen in Schottland Highlands. Schottland ist das Zuhause von Britanniens spektakul\u00e4rster Landschaft, die den h\u00f6chsten Berg, den Ben Nevis, mit umfasst, den tiefsten See, Loch Morar, die h\u00f6chsten B\u00e4ume und die abgelegendsten Gebiete voller Wildheit. Hier finden Sie unsere Auswahl an fantastischen Busrundreisen und Touren in [&hellip;]","og_url":"https:\/\/www.urlaubcornwall.de\/blog\/gruppenreisen-schottland-highlands-individuelle-busreise-massgeschneiderte-touren\/","og_site_name":"Urlaub &amp; Reisen","article_modified_time":"2024-05-27T11:28:42+00:00","og_image":[{"url":"https:\/\/www.urlaubcornwall.de\/blog\/wp-content\/uploads\/2015\/09\/16871320_3.jpg"}],"twitter_card":"summary","twitter_misc":{"Est. reading time":"1 minute"},"schema":{"@context":"https:\/\/schema.org","@graph":[{"@type":"WebSite","@id":"https:\/\/www.urlaubcornwall.de\/blog\/#website","url":"https:\/\/www.urlaubcornwall.de\/blog\/","name":"Urlaub &amp; Reisen","description":"Urlaub, Reisen, Cornwall und S\u00fcdengland: eine perfekte Kombination","potentialAction":[{"@type":"SearchAction","target":{"@type":"EntryPoint","urlTemplate":"https:\/\/www.urlaubcornwall.de\/blog\/?s={search_term_string}"},"query-input":"required name=search_term_string"}],"inLanguage":"en-US"},{"@type":"WebPage","@id":"https:\/\/www.urlaubcornwall.de\/blog\/gruppenreisen-schottland-highlands-individuelle-busreise-massgeschneiderte-touren\/","url":"https:\/\/www.urlaubcornwall.de\/blog\/gruppenreisen-schottland-highlands-individuelle-busreise-massgeschneiderte-touren\/","name":"Gruppenreisen Schottland Highlands - ma\u00dfgeschneiderte Touren und Busreisen - Urlaub &amp; Reisen","isPartOf":{"@id":"https:\/\/www.urlaubcornwall.de\/blog\/#website"},"datePublished":"2019-02-14T12:09:47+00:00","dateModified":"2024-05-27T11:28:42+00:00","breadcrumb":{"@id":"https:\/\/www.urlaubcornwall.de\/blog\/gruppenreisen-schottland-highlands-individuelle-busreise-massgeschneiderte-touren\/#breadcrumb"},"inLanguage":"en-US","potentialAction":[{"@type":"ReadAction","target":["https:\/\/www.urlaubcornwall.de\/blog\/gruppenreisen-schottland-highlands-individuelle-busreise-massgeschneiderte-touren\/"]}]},{"@type":"BreadcrumbList","@id":"https:\/\/www.urlaubcornwall.de\/blog\/gruppenreisen-schottland-highlands-individuelle-busreise-massgeschneiderte-touren\/#breadcrumb","itemListElement":[{"@type":"ListItem","position":1,"name":"Home","item":"https:\/\/www.urlaubcornwall.de\/blog\/"},{"@type":"ListItem","position":2,"name":"Gruppenreisen Schottland Highlands &#8211; ma\u00dfgeschneiderte Touren und Busreisen"}]}]}},"_links":{"self":[{"href":"https:\/\/www.urlaubcornwall.de\/blog\/wp-json\/wp\/v2\/pages\/36131"}],"collection":[{"href":"https:\/\/www.urlaubcornwall.de\/blog\/wp-json\/wp\/v2\/pages"}],"about":[{"href":"https:\/\/www.urlaubcornwall.de\/blog\/wp-json\/wp\/v2\/types\/page"}],"author":[{"embeddable":true,"href":"https:\/\/www.urlaubcornwall.de\/blog\/wp-json\/wp\/v2\/users\/1"}],"replies":[{"embeddable":true,"href":"https:\/\/www.urlaubcornwall.de\/blog\/wp-json\/wp\/v2\/comments?post=36131"}],"version-history":[{"count":7,"href":"https:\/\/www.urlaubcornwall.de\/blog\/wp-json\/wp\/v2\/pages\/36131\/revisions"}],"predecessor-version":[{"id":50267,"href":"https:\/\/www.urlaubcornwall.de\/blog\/wp-json\/wp\/v2\/pages\/36131\/revisions\/50267"}],"wp:attachment":[{"href":"https:\/\/www.urlaubcornwall.de\/blog\/wp-json\/wp\/v2\/media?parent=36131"}],"curies":[{"name":"wp","href":"https:\/\/api.w.org\/{rel}","templated":true}]}}