{"id":36128,"date":"2019-02-14T11:51:57","date_gmt":"2019-02-14T11:51:57","guid":{"rendered":"https:\/\/www.urlaubcornwall.de\/blog\/?page_id=36128"},"modified":"2024-05-27T11:20:02","modified_gmt":"2024-05-27T11:20:02","slug":"gruppenreisen-brighton-individuelle-busreise-und-massgeschneiderte-touren","status":"publish","type":"page","link":"https:\/\/www.urlaubcornwall.de\/blog\/gruppenreisen-brighton-individuelle-busreise-und-massgeschneiderte-touren\/","title":{"rendered":"Gruppenreisen Brighton &#8211; ma\u00dfgeschneiderte Touren und Busreisen"},"content":{"rendered":"<p><img loading=\"lazy\" class=\"aligncenter size-full wp-image-48029\" src=\"https:\/\/www.urlaubcornwall.de\/blog\/wp-content\/uploads\/2024\/03\/pavillion-brighton.jpg\" alt=\"pavillion brighton\" width=\"750\" height=\"563\" srcset=\"https:\/\/www.urlaubcornwall.de\/blog\/wp-content\/uploads\/2024\/03\/pavillion-brighton.jpg 750w, https:\/\/www.urlaubcornwall.de\/blog\/wp-content\/uploads\/2024\/03\/pavillion-brighton-300x225.jpg 300w\" sizes=\"(max-width: 750px) 100vw, 750px\" \/><\/p>\n<p>UrlaubCornwall.de haben Touren im Angebot f\u00fcr <a href=\"https:\/\/www.urlaubcornwall.de\/gruppenreisen.php\">Individualreisende<\/a> und <a href=\"https:\/\/www.urlaubcornwall.de\/massgeschneiderte-gruppenreisen-und-touren.php\">ma\u00dfgeschneiderte Gruppenreisen<\/a> in Brighton.<\/p>\n<p>Wer es bunt und lebhaft mag, f\u00fcr den ist Brighton an der S\u00fcdk\u00fcste Englands einen Besuch wert. Fr\u00fcher ein Badeort f\u00fcr die hohe Gesellschaft Londons, heute ein beliebtes Ausflugsziel f\u00fcr jedermann mit seiner langen Strandpromenade, verwinkelten G\u00e4sschen, einem Vergn\u00fcgungspier und einem sehr sehenswerten k\u00f6niglichen Pavillon im orientalischen Stil. <\/p>\n<p>Hier finden Sie unsere Auswahl an fantastischen Busrundreisen und Touren in England, Schottland, Wales und Irland. <\/p>\n<div class=\"snippet\"> <a class=\"featured-item\" href=\" https:\/\/www.urlaubcornwall.de\/massgeschneiderte-gruppenreisen-und-touren.php \"> <span class=\"image-holder\" style=\"background-image: url(' https:\/\/www.urlaubcornwall.de\/blog\/wp-content\/uploads\/2024\/05\/gruppenreisen.jpg ');\"><\/span> <span class=\"featured-content\"> \n<h2 class=\"featured-title\">Ma\u00dfgeschneiderte Gruppenreisen in Gro\u00dfbritannien<\/h2>\n<p class=\"featured-body\">Als spezialisierte Tourismusorganisation kann UrlaubCornwall f\u00fcr Sie ma\u00dfgeschneiderte Busrundreisen, Gruppenf\u00fchrungen oder Veranstaltungen mit deutschsprachiger Reisebegleitung&#8230;<\/p>\n<\/span> <span class=\"featured-link-holder\"> <span class=\"featured-extra-info\"> \n<p> Auch interessante Pilgerreisen, Themenreisen, Gartenreise, Literaturreise\u2026<\/p>\n<\/span> \n<p class=\"featured-link\">DETAILS<\/p>\n<\/span> <\/a><\/div>\n<div class=\"snippet\"> <a class=\"featured-item\" href=\" https:\/\/www.urlaubcornwall.de\/blog\/busreisen-durch-grossbritannien-und-irland\/ \"> <span class=\"image-holder\" style=\"background-image: url(' https:\/\/www.urlaubcornwall.de\/blog\/wp-content\/uploads\/2018\/12\/familienurlaub-corwnall-snippet.jpg ');\"><\/span> <span class=\"featured-content\"> \n<h2 class=\"featured-title\">Busreisen durch Gro\u00dfbritannien und Irland <\/h2>\n<p class=\"featured-body\">Suchen Sie eine organisierte Busrundreise, eine Busreise oder Reise mit Reiseleitung? Vielleicht suchen Sie ja eine Reise zu Sehensw\u00fcrdigkeiten, oder Sie haben besondere Interessen, wie zum Beispiel Gartenreisen&#8230;.<\/p>\n<\/span> <span class=\"featured-link-holder\"> <span class=\"featured-extra-info\"> \n<p>Die sch\u00f6nsten Urlaubsziele<\/p>\n<\/span> \n<p class=\"featured-link\">DETAILS<\/p>\n<\/span> <\/a><\/div>\n","protected":false},"excerpt":{"rendered":"<p>UrlaubCornwall.de haben Touren im Angebot f\u00fcr Individualreisende und ma\u00dfgeschneiderte Gruppenreisen in Brighton. Wer es bunt und lebhaft mag, f\u00fcr den ist Brighton an der S\u00fcdk\u00fcste Englands einen Besuch wert. Fr\u00fcher ein Badeort f\u00fcr die hohe Gesellschaft Londons, heute ein beliebtes Ausflugsziel f\u00fcr jedermann mit seiner langen Strandpromenade, verwinkelten G\u00e4sschen, einem Vergn\u00fcgungspier und einem sehr sehenswerten [&hellip;]<\/p>\n","protected":false},"author":1,"featured_media":0,"parent":0,"menu_order":0,"comment_status":"closed","ping_status":"closed","template":"single-four.php","meta":[],"acf":[],"yoast_head":"<!-- This site is optimized with the Yoast SEO plugin v19.4 - https:\/\/yoast.com\/wordpress\/plugins\/seo\/ -->\n<title>Gruppenreisen Brighton - ma\u00dfgeschneiderte Touren und Busreisen - Urlaub &amp; Reisen<\/title>\n<meta name=\"description\" content=\"Wer es bunt und lebhaft mag, f\u00fcr den ist Brighton an der S\u00fcdk\u00fcste Englands einen Besuch wert. Fr\u00fcher ein Badeort f\u00fcr die hohe Gesellschaft Londons, heute ein beliebtes Ausflugsziel f\u00fcr jedermann mit seiner langen Strandpromenade, verwinkelten G\u00e4sschen, einem Vergn\u00fcgungspier und einem sehr sehenswerten k\u00f6niglichen Pavillon im orientalischen Stil.\" \/>\n<meta name=\"robots\" content=\"index, follow, max-snippet:-1, max-image-preview:large, max-video-preview:-1\" \/>\n<link rel=\"canonical\" href=\"https:\/\/www.urlaubcornwall.de\/blog\/gruppenreisen-brighton-individuelle-busreise-und-massgeschneiderte-touren\/\" \/>\n<meta property=\"og:locale\" content=\"en_US\" \/>\n<meta property=\"og:type\" content=\"article\" \/>\n<meta property=\"og:title\" content=\"Gruppenreisen Brighton - ma\u00dfgeschneiderte Touren und Busreisen - Urlaub &amp; Reisen\" \/>\n<meta property=\"og:description\" content=\"Wer es bunt und lebhaft mag, f\u00fcr den ist Brighton an der S\u00fcdk\u00fcste Englands einen Besuch wert. Fr\u00fcher ein Badeort f\u00fcr die hohe Gesellschaft Londons, heute ein beliebtes Ausflugsziel f\u00fcr jedermann mit seiner langen Strandpromenade, verwinkelten G\u00e4sschen, einem Vergn\u00fcgungspier und einem sehr sehenswerten k\u00f6niglichen Pavillon im orientalischen Stil.\" \/>\n<meta property=\"og:url\" content=\"https:\/\/www.urlaubcornwall.de\/blog\/gruppenreisen-brighton-individuelle-busreise-und-massgeschneiderte-touren\/\" \/>\n<meta property=\"og:site_name\" content=\"Urlaub &amp; Reisen\" \/>\n<meta property=\"article:modified_time\" content=\"2024-05-27T11:20:02+00:00\" \/>\n<meta property=\"og:image\" content=\"https:\/\/www.urlaubcornwall.de\/blog\/wp-content\/uploads\/2024\/03\/pavillion-brighton.jpg\" \/>\n<meta name=\"twitter:card\" content=\"summary\" \/>\n<meta name=\"twitter:label1\" content=\"Est. reading time\" \/>\n\t<meta name=\"twitter:data1\" content=\"1 minute\" \/>\n<script type=\"application\/ld+json\" class=\"yoast-schema-graph\">{\"@context\":\"https:\/\/schema.org\",\"@graph\":[{\"@type\":\"WebSite\",\"@id\":\"https:\/\/www.urlaubcornwall.de\/blog\/#website\",\"url\":\"https:\/\/www.urlaubcornwall.de\/blog\/\",\"name\":\"Urlaub &amp; Reisen\",\"description\":\"Urlaub, Reisen, Cornwall und S\u00fcdengland: eine perfekte Kombination\",\"potentialAction\":[{\"@type\":\"SearchAction\",\"target\":{\"@type\":\"EntryPoint\",\"urlTemplate\":\"https:\/\/www.urlaubcornwall.de\/blog\/?s={search_term_string}\"},\"query-input\":\"required name=search_term_string\"}],\"inLanguage\":\"en-US\"},{\"@type\":\"WebPage\",\"@id\":\"https:\/\/www.urlaubcornwall.de\/blog\/gruppenreisen-brighton-individuelle-busreise-und-massgeschneiderte-touren\/\",\"url\":\"https:\/\/www.urlaubcornwall.de\/blog\/gruppenreisen-brighton-individuelle-busreise-und-massgeschneiderte-touren\/\",\"name\":\"Gruppenreisen Brighton - ma\u00dfgeschneiderte Touren und Busreisen - Urlaub &amp; Reisen\",\"isPartOf\":{\"@id\":\"https:\/\/www.urlaubcornwall.de\/blog\/#website\"},\"datePublished\":\"2019-02-14T11:51:57+00:00\",\"dateModified\":\"2024-05-27T11:20:02+00:00\",\"description\":\"Wer es bunt und lebhaft mag, f\u00fcr den ist Brighton an der S\u00fcdk\u00fcste Englands einen Besuch wert. Fr\u00fcher ein Badeort f\u00fcr die hohe Gesellschaft Londons, heute ein beliebtes Ausflugsziel f\u00fcr jedermann mit seiner langen Strandpromenade, verwinkelten G\u00e4sschen, einem Vergn\u00fcgungspier und einem sehr sehenswerten k\u00f6niglichen Pavillon im orientalischen Stil.\",\"breadcrumb\":{\"@id\":\"https:\/\/www.urlaubcornwall.de\/blog\/gruppenreisen-brighton-individuelle-busreise-und-massgeschneiderte-touren\/#breadcrumb\"},\"inLanguage\":\"en-US\",\"potentialAction\":[{\"@type\":\"ReadAction\",\"target\":[\"https:\/\/www.urlaubcornwall.de\/blog\/gruppenreisen-brighton-individuelle-busreise-und-massgeschneiderte-touren\/\"]}]},{\"@type\":\"BreadcrumbList\",\"@id\":\"https:\/\/www.urlaubcornwall.de\/blog\/gruppenreisen-brighton-individuelle-busreise-und-massgeschneiderte-touren\/#breadcrumb\",\"itemListElement\":[{\"@type\":\"ListItem\",\"position\":1,\"name\":\"Home\",\"item\":\"https:\/\/www.urlaubcornwall.de\/blog\/\"},{\"@type\":\"ListItem\",\"position\":2,\"name\":\"Gruppenreisen Brighton &#8211; ma\u00dfgeschneiderte Touren und Busreisen\"}]}]}<\/script>\n<!-- \/ Yoast SEO plugin. -->","yoast_head_json":{"title":"Gruppenreisen Brighton - ma\u00dfgeschneiderte Touren und Busreisen - Urlaub &amp; Reisen","description":"Wer es bunt und lebhaft mag, f\u00fcr den ist Brighton an der S\u00fcdk\u00fcste Englands einen Besuch wert. Fr\u00fcher ein Badeort f\u00fcr die hohe Gesellschaft Londons, heute ein beliebtes Ausflugsziel f\u00fcr jedermann mit seiner langen Strandpromenade, verwinkelten G\u00e4sschen, einem Vergn\u00fcgungspier und einem sehr sehenswerten k\u00f6niglichen Pavillon im orientalischen Stil.","robots":{"index":"index","follow":"follow","max-snippet":"max-snippet:-1","max-image-preview":"max-image-preview:large","max-video-preview":"max-video-preview:-1"},"canonical":"https:\/\/www.urlaubcornwall.de\/blog\/gruppenreisen-brighton-individuelle-busreise-und-massgeschneiderte-touren\/","og_locale":"en_US","og_type":"article","og_title":"Gruppenreisen Brighton - ma\u00dfgeschneiderte Touren und Busreisen - Urlaub &amp; Reisen","og_description":"Wer es bunt und lebhaft mag, f\u00fcr den ist Brighton an der S\u00fcdk\u00fcste Englands einen Besuch wert. Fr\u00fcher ein Badeort f\u00fcr die hohe Gesellschaft Londons, heute ein beliebtes Ausflugsziel f\u00fcr jedermann mit seiner langen Strandpromenade, verwinkelten G\u00e4sschen, einem Vergn\u00fcgungspier und einem sehr sehenswerten k\u00f6niglichen Pavillon im orientalischen Stil.","og_url":"https:\/\/www.urlaubcornwall.de\/blog\/gruppenreisen-brighton-individuelle-busreise-und-massgeschneiderte-touren\/","og_site_name":"Urlaub &amp; Reisen","article_modified_time":"2024-05-27T11:20:02+00:00","og_image":[{"url":"https:\/\/www.urlaubcornwall.de\/blog\/wp-content\/uploads\/2024\/03\/pavillion-brighton.jpg"}],"twitter_card":"summary","twitter_misc":{"Est. reading time":"1 minute"},"schema":{"@context":"https:\/\/schema.org","@graph":[{"@type":"WebSite","@id":"https:\/\/www.urlaubcornwall.de\/blog\/#website","url":"https:\/\/www.urlaubcornwall.de\/blog\/","name":"Urlaub &amp; Reisen","description":"Urlaub, Reisen, Cornwall und S\u00fcdengland: eine perfekte Kombination","potentialAction":[{"@type":"SearchAction","target":{"@type":"EntryPoint","urlTemplate":"https:\/\/www.urlaubcornwall.de\/blog\/?s={search_term_string}"},"query-input":"required name=search_term_string"}],"inLanguage":"en-US"},{"@type":"WebPage","@id":"https:\/\/www.urlaubcornwall.de\/blog\/gruppenreisen-brighton-individuelle-busreise-und-massgeschneiderte-touren\/","url":"https:\/\/www.urlaubcornwall.de\/blog\/gruppenreisen-brighton-individuelle-busreise-und-massgeschneiderte-touren\/","name":"Gruppenreisen Brighton - ma\u00dfgeschneiderte Touren und Busreisen - Urlaub &amp; Reisen","isPartOf":{"@id":"https:\/\/www.urlaubcornwall.de\/blog\/#website"},"datePublished":"2019-02-14T11:51:57+00:00","dateModified":"2024-05-27T11:20:02+00:00","description":"Wer es bunt und lebhaft mag, f\u00fcr den ist Brighton an der S\u00fcdk\u00fcste Englands einen Besuch wert. Fr\u00fcher ein Badeort f\u00fcr die hohe Gesellschaft Londons, heute ein beliebtes Ausflugsziel f\u00fcr jedermann mit seiner langen Strandpromenade, verwinkelten G\u00e4sschen, einem Vergn\u00fcgungspier und einem sehr sehenswerten k\u00f6niglichen Pavillon im orientalischen Stil.","breadcrumb":{"@id":"https:\/\/www.urlaubcornwall.de\/blog\/gruppenreisen-brighton-individuelle-busreise-und-massgeschneiderte-touren\/#breadcrumb"},"inLanguage":"en-US","potentialAction":[{"@type":"ReadAction","target":["https:\/\/www.urlaubcornwall.de\/blog\/gruppenreisen-brighton-individuelle-busreise-und-massgeschneiderte-touren\/"]}]},{"@type":"BreadcrumbList","@id":"https:\/\/www.urlaubcornwall.de\/blog\/gruppenreisen-brighton-individuelle-busreise-und-massgeschneiderte-touren\/#breadcrumb","itemListElement":[{"@type":"ListItem","position":1,"name":"Home","item":"https:\/\/www.urlaubcornwall.de\/blog\/"},{"@type":"ListItem","position":2,"name":"Gruppenreisen Brighton &#8211; ma\u00dfgeschneiderte Touren und Busreisen"}]}]}},"_links":{"self":[{"href":"https:\/\/www.urlaubcornwall.de\/blog\/wp-json\/wp\/v2\/pages\/36128"}],"collection":[{"href":"https:\/\/www.urlaubcornwall.de\/blog\/wp-json\/wp\/v2\/pages"}],"about":[{"href":"https:\/\/www.urlaubcornwall.de\/blog\/wp-json\/wp\/v2\/types\/page"}],"author":[{"embeddable":true,"href":"https:\/\/www.urlaubcornwall.de\/blog\/wp-json\/wp\/v2\/users\/1"}],"replies":[{"embeddable":true,"href":"https:\/\/www.urlaubcornwall.de\/blog\/wp-json\/wp\/v2\/comments?post=36128"}],"version-history":[{"count":8,"href":"https:\/\/www.urlaubcornwall.de\/blog\/wp-json\/wp\/v2\/pages\/36128\/revisions"}],"predecessor-version":[{"id":50239,"href":"https:\/\/www.urlaubcornwall.de\/blog\/wp-json\/wp\/v2\/pages\/36128\/revisions\/50239"}],"wp:attachment":[{"href":"https:\/\/www.urlaubcornwall.de\/blog\/wp-json\/wp\/v2\/media?parent=36128"}],"curies":[{"name":"wp","href":"https:\/\/api.w.org\/{rel}","templated":true}]}}