{"id":36083,"date":"2019-02-11T15:25:01","date_gmt":"2019-02-11T15:25:01","guid":{"rendered":"https:\/\/www.urlaubcornwall.de\/blog\/?page_id=36083"},"modified":"2026-01-05T11:38:33","modified_gmt":"2026-01-05T11:38:33","slug":"rundreise-wales-kueste-11-tage-10-naechte","status":"publish","type":"page","link":"https:\/\/www.urlaubcornwall.de\/blog\/rundreise-wales-kueste-11-tage-10-naechte\/","title":{"rendered":"Rundreise Wales Westk\u00fcste \u2013 11 Tage \/ 10 N\u00e4chte"},"content":{"rendered":"<p><img loading=\"lazy\" class=\"aligncenter size-full wp-image-47959\" src=\"https:\/\/www.urlaubcornwall.de\/blog\/wp-content\/uploads\/2024\/03\/gower-halbinsel-wales-1.jpg\" alt=\"gower halbinsel wales\" width=\"750\" height=\"500\" srcset=\"https:\/\/www.urlaubcornwall.de\/blog\/wp-content\/uploads\/2024\/03\/gower-halbinsel-wales-1.jpg 750w, https:\/\/www.urlaubcornwall.de\/blog\/wp-content\/uploads\/2024\/03\/gower-halbinsel-wales-1-300x200.jpg 300w\" sizes=\"(max-width: 750px) 100vw, 750px\" \/><br \/>\n<a href=\"https:\/\/www.urlaubcornwall.de\/blog\/rundreisen-england-wales\/\">Selbstfahrertour Wales<\/a> \u201eEntlang der walisischen K\u00fcste\u201c &#8211; Die K\u00fcste von Wales ist nicht nur atemberaubend sch\u00f6n, sondern ges\u00e4umt von schroffen Felsenklippen und weiten Sandbuchten. Der weltber\u00fchmte Wales-K\u00fcstenpfad ist 1.400 Kilometer lang und f\u00fchrt entlang einer spektakul\u00e4ren K\u00fcstenlinie, die auch von vielf\u00e4ltigen Tierarten bewohnt wird. Mit etwas Gl\u00fcck kann man Delfine, Papageientaucher und sogar Orcas beobachten.<\/p>\n<p><strong>Highlights: Cardiff, Pembrokeshire, Cardigan Bay, Snowdonia Nationalpark, Llandudno<\/strong><\/p>\n<p>8 Tage \/ 7 N\u00e4chte | t\u00e4glich m\u00f6glich | ab\/bis Cardiff oder Bristol<\/p>\n<p style=\"text-align: center;\"><a class=\"tidycta\" href=\"http:\/\/www.urlaubcornwall.de\/anfrage.php?tourcode=WAL-DWK\">Anfrage \/ Buchung<\/a><\/p>\n<p><strong>1. Tag: Cardiff \u2013 Gower Halbinsel (ca. 90km)<\/strong><\/p>\n<p>Anreise in Eigenregie (z.B. Fl\u00fcge nach Cardiff oder nach Bristol) und Annahme eines Mietwagens. Starten Sie Ihre Selbstfahrertour \u201eEntlang der walisischen K\u00fcste\u201c in Richtung S\u00fcdwesten. Vor den Toren der Hauptstadt Cardiff befindet sich die K\u00fcste von Glamorgan, eine beliebte Region, die landschaftlich einiges zu bieten hat. Besuchen Sie auch die lebhaften Strandb\u00e4der Barry Island und Porthcawl, wo man die M\u00f6glichkeit zum Surfen hat. Weiter geht es \u00fcber Swansea zu Ihrer Unterkunft. \u00dcbernachtung auf der Gower Halbinsel<\/p>\n<p><strong>2. Tag: Gower Halbinsel \u2013 Pembrokeshire (ca. 100km)<\/strong><\/p>\n<p>Nutzen Sie den heutigen Tag um die Gower Halbinsel zu erkunden und besuchen Sie zuerst das normannische Oystermouth Castle. Auf Sie warten malerische Buchten, kilometerlange Str\u00e4nde und zerkl\u00fcftete Steilk\u00fcsten im S\u00fcden und Westen, sowie historische Burgen und wilde Salzmarschen im Norden. Spazieren Sie zu den Three Cliffs Bay mit drei markanten Klippen, die man nur zu Fu\u00df erreicht oder entspannen Sie an der Rhossili Bay im Westen. \u00dcber das D\u00f6rfchen Laugharne fahren Sie zu Ihrer n\u00e4chsten Unterkunft. 2 \u00dcbernachtungen im Raum Pembrokeshire<\/p>\n<p><strong>3. Tag: Pembrokeshire<\/strong><br \/>\n<img loading=\"lazy\" class=\"aligncenter size-full wp-image-25694\" src=\"https:\/\/www.urlaubcornwall.de\/blog\/wp-content\/uploads\/2016\/12\/Ferienhaus-halbinsel-gower-swansea.jpg\" alt=\"rundreise swansea gower halbinsel\" width=\"746\" height=\"395\" srcset=\"https:\/\/www.urlaubcornwall.de\/blog\/wp-content\/uploads\/2016\/12\/Ferienhaus-halbinsel-gower-swansea.jpg 746w, https:\/\/www.urlaubcornwall.de\/blog\/wp-content\/uploads\/2016\/12\/Ferienhaus-halbinsel-gower-swansea-300x159.jpg 300w\" sizes=\"(max-width: 746px) 100vw, 746px\" \/><br \/>\nAuf dem Programm steht zun\u00e4chst die Erkundung des zauberhaften Hafenorts Tenby. In dem St\u00e4dtchen mit s\u00fcdl\u00e4ndischem Flair sollte man die Stadtmauer aus dem 13. Jahrhundert, das Tenby Castle und das Tudor Merchant\u2019s House besuchen. Die Landzunge s\u00fcdlich von Pembroke und die M\u00fcndung des Milford Haven sind gepr\u00e4gt von spektakul\u00e4rer Steilk\u00fcste und einsamen Str\u00e4nden, wo man vor allem Ruhe findet. Ganz im Westen lohnt ein Stopp in St Davids, der kleinsten Stadt Gro\u00dfbritanniens. \u00dcbernachtung wie am Vortag.<\/p>\n<p><strong>4. Tag: Pembrokeshire \u2013 Aberystwyth (ca. 150km)<\/strong><\/p>\n<p>Nach dem Fr\u00fchst\u00fcck geht es zun\u00e4chst durch den Pembrokeshire Coast Nationalpark, dem einzigen K\u00fcsten-Nationalpark des Vereinigten K\u00f6nigreichs. Die Cardigan Bay ist besonders bekannt f\u00fcr die gr\u00f6\u00dfte Population an Delfinen in Gro\u00dfbritannien, aber auch zahlreiche andere Tierarten wie Robben und Seev\u00f6gel f\u00fchlen sich in diesem Lebensraum wohl. Wie w\u00e4re es mit einer Bootstour? \u00dcbernachtung im Raum Aberystwyth<\/p>\n<p><strong>5. Tag: Aberystwyth \u2013 Caernarfon (ca. 170km)<\/strong><\/p>\n<p>Erkunden Sie am Vormittag Aberystwyth, das von drei Bergen und der See umgeben ist. Wie w\u00e4re es mit einem Spaziergang auf den Constitution Hill, von dem Sie einen fantastischen Ausblick auf die K\u00fcste genie\u00dfen? Oder Sie fahren mit der Dampfeisenbahn durch das Rheidol Valley bis zur Devil\u2019s Bridge. Hinter dem Dyfi-Delta beginnt der Snowdonia Nationalpark, das Herz des Landes. Entlang der K\u00fcste sollten Sie die urspr\u00fcngliche Halbinsel Lleyn entdecken. Halten Sie im kleinen Ort Llanbedrog, dessen Strand von einem Berg gesch\u00fctzt ist und mit bunten Strandh\u00e4uschen die Hauptattraktion des D\u00f6rfchens ist. \u00dcbernachtung im Raum Caernarfon<\/p>\n<p><strong>6. Tag: Caernarfon \u2013 Llandudno (ca. 140km)<\/strong><\/p>\n<p>Zun\u00e4chst sollten Sie sich am heutigen Tag f\u00fcr das St\u00e4dtchen Caernarfon Zeit nehmen mit seiner beeindruckenden Festung, der geschichtstr\u00e4chtigen Altstadt und der nahezu vollst\u00e4ndigen Stadtmauer. Ein Muss ist anschlie\u00dfend die Insel Anglesey, die \u00fcber Br\u00fccken mit dem Festland verbunden ist. An dem 200km langen K\u00fcstenpfad gibt es einiges zu entdecken. Fahren Sie \u00fcber die H\u00e4ngebr\u00fccke des Menai zur\u00fcck auf das walisische Festland nach Bangor mit seiner m\u00e4chtigen Kathedrale und weiter nach Llandudno zu Ihrer Unterkunft. 2 \u00dcbernachtungen im Raum Llandudno<\/p>\n<p><strong>7. Tag: Llandudno<\/strong><\/p>\n<p>Im Seebad Llandudno k\u00f6nnen Sie sich am maritimen Flair und den zahlreichen Unterhaltungs- sowie Einkaufsm\u00f6glichkeiten erfreuen. Auf jeden Fall sollten Sie entlang des beeindruckenden Piers und der Uferpromenade bummeln. Aber auch die Umgebung hat vieles zu bieten, sodass Sie verschiedene Erkundungstouren unternehmen k\u00f6nnen. Empfehlenswert ist die Stadt Conwy, die als eine der sch\u00f6nsten St\u00e4dte in Wales gilt und mit herausragenden Sehensw\u00fcrdigkeiten besticht. Alternativ gibt es tolle M\u00f6glichkeiten, den Snowdonia Nationalpark zu entdecken. \u00dcbernachtung wie am Vortag.<\/p>\n<p><strong>8. Tag: Llandudno \u2013 Llangollen (ca. 120km)<\/strong><\/p>\n<p>Starten Sie den Tag in Richtung Osten entlang der K\u00fcste bis Sie England erreichen. Die Reise f\u00fchrt Sie nach <a href=\"https:\/\/www.urlaubcornwall.de\/ferienhaeuser-fewos\/eng\/cheshire\/chester.html\">Chester<\/a>, wo man mittelalterliche Fachwerkh\u00e4user, 2.000 Jahre alte, r\u00f6mische Ruinen und jede Menge Geistergeschichten vorfindet. Eine Wanderung auf der alten Stadtmauer f\u00fchrt Sie regelrecht durch die Jahrhunderte und direkt vorbei an den Highlights der Stadt. Ihr Tagesziel ist das walisische St\u00e4dchen Llangollen, das f\u00fcr seine umliegenden H\u00fcgel und den Fluss Dee bekannt ist. \u00dcbernachtung im Raum Llangollen<\/p>\n<p><strong>9. Tag: Llangollen \u2013 Brecon Beacon Nationalpark (ca. 170km)<\/strong><br \/>\n<img loading=\"lazy\" class=\"aligncenter size-full wp-image-25589\" src=\"https:\/\/www.urlaubcornwall.de\/blog\/wp-content\/uploads\/2016\/11\/urlaub-brecon-beacon-wales.jpg\" alt=\"rundreise-brecon-beacon-wales\" width=\"749\" height=\"404\"\/><br \/>\nIn Richtung S\u00fcden erreichen Sie Welshpool, ein stilvoller Ort mit zahlreichen viktorianischen Geb\u00e4uden, dessen Hauptattraktion die Burg Powis ist. Weiter f\u00fchrt die Reise nach Hay-on-Wye, das sogenannte K\u00f6nigreich der B\u00fccher. Es gibt wohl nirgendwo auf der Welt so viele B\u00fccher auf so wenig Raum. Denn, wenn man durch die engen Gassen schlendert, findet man an jeder Ecke einen der insgesamt 30 Buchl\u00e4den. Nach Ihrem Rundgang durch den Ort fahren Sie weiter in den Brecon Beacon Nationalpark. \u00dcbernachtung im Raum Brecon<\/p>\n<p><strong>10. Tag: Brecon Beacon Nationalpark \u2013 Cardiff (ca. 70km)<\/strong><\/p>\n<p>Den Vormittag sollten Sie nutzen, um den <a href=\"https:\/\/www.urlaubcornwall.de\/blog\/urlaub-brecon-beacons-mittelwales-sehenswuerdigkeiten-und-unterkunft\/\">Brecon Beacons Nationalpark<\/a> zu entdecken. Auf Sie wartet eine wundersch\u00f6ne Landschaft mit arch\u00e4ologischen St\u00e4tten, rauschenden Wasserf\u00e4llen, Mooren und tollen Sandsteinbergen. Es bestehen auch noch einige Kohlenminen zusammen mit jeder Menge faszinierender historischer Sehensw\u00fcrdigkeiten, unter anderem dem Big Pit National Mining Museum. Sp\u00e4ter machen Sie sich auf den Weg in die Hauptstadt Cardiff. \u00dcbernachtung im Raum Cardiff<\/p>\n<p><strong>11. Tag: Heimreise<\/strong><\/p>\n<p>Wenn Ihnen vor dem Abflug noch Zeit bleibt, empfiehlt sich ein Spaziergang zum Hafenviertel Cardiff Bay, wo in den 90er Jahren ein Damm angelegt wurde, sodass ein gro\u00dfer S\u00fc\u00dfwassersee entstand. Schlie\u00dflich fahren Sie zur\u00fcck zum Flughafen, wo Sie den Mietwagen wieder abgeben. R\u00fcckflug in Eigenregie und Ende der Selbstfahrertour \u201eEntlang der walisischen K\u00fcste\u201c.<\/p>\n<p><strong>Bronze-<\/strong> Kategorie: Bed &amp; Breakfasts, Inns, Guesthouses<\/p>\n<p><strong>Silber-<\/strong> Kategorie: Mittelklassehotels<\/p>\n<p><strong>Eingeschlossene Leistungen:<\/strong><\/p>\n<p>10 \u00dcbernachtungen laut Reiseverlauf in der Bronze bzw. Silber Kategorie<\/p>\n<p>T\u00e4gliches Fr\u00fchst\u00fcck<\/p>\n<p>1 Reisef\u00fchrer \u00fcber Wales<\/p>\n<p>Nicht eingeschlossene Leistungen:<\/p>\n<p>Fl\u00fcge (bieten wir Ihnen gerne passend dazu an)<\/p>\n<p>Mietwagen (bieten wir Ihnen gerne passend an)<\/p>\n<p>Trinkgelder, Benzin, Eintritte<\/p>\n<p>Pers\u00f6nliche Ausgaben aller Art<\/p>\n<p>T\u00e4glich m\u00f6glich!<\/p>\n<p><a class=\"tidycta\" href=\"http:\/\/www.urlaubcornwall.de\/anfrage.php?tourcode=WAL-DWK\">Anfrage \/ Buchung<\/a><\/p>\n<p><a href=\"https:\/\/www.urlaubcornwall.de\/blog\/rundreisen-england-wales\/\">Rundreisen durch Wales<\/a> \u2013 Erkunden Sie dieses wundersch\u00f6ne Land von Norden nach S\u00fcden. <\/p>\n","protected":false},"excerpt":{"rendered":"<p>Selbstfahrertour Wales \u201eEntlang der walisischen K\u00fcste\u201c &#8211; Die K\u00fcste von Wales ist nicht nur atemberaubend sch\u00f6n, sondern ges\u00e4umt von schroffen Felsenklippen und weiten Sandbuchten. Der weltber\u00fchmte Wales-K\u00fcstenpfad ist 1.400 Kilometer lang und f\u00fchrt entlang einer spektakul\u00e4ren K\u00fcstenlinie, die auch von vielf\u00e4ltigen Tierarten bewohnt wird. Mit etwas Gl\u00fcck kann man Delfine, Papageientaucher und sogar Orcas beobachten. [&hellip;]<\/p>\n","protected":false},"author":1,"featured_media":0,"parent":0,"menu_order":0,"comment_status":"closed","ping_status":"closed","template":"single-four.php","meta":[],"acf":[],"yoast_head":"<!-- This site is optimized with the Yoast SEO plugin v19.4 - https:\/\/yoast.com\/wordpress\/plugins\/seo\/ -->\n<title>Rundreise Wales Westk\u00fcste \u2013 11 Tage \/ 10 N\u00e4chte - Urlaub &amp; Reisen<\/title>\n<meta name=\"robots\" content=\"index, follow, max-snippet:-1, max-image-preview:large, max-video-preview:-1\" \/>\n<link rel=\"canonical\" href=\"https:\/\/www.urlaubcornwall.de\/blog\/rundreise-wales-kueste-11-tage-10-naechte\/\" \/>\n<meta property=\"og:locale\" content=\"en_US\" \/>\n<meta property=\"og:type\" content=\"article\" \/>\n<meta property=\"og:title\" content=\"Rundreise Wales Westk\u00fcste \u2013 11 Tage \/ 10 N\u00e4chte - Urlaub &amp; Reisen\" \/>\n<meta property=\"og:description\" content=\"Selbstfahrertour Wales \u201eEntlang der walisischen K\u00fcste\u201c &#8211; Die K\u00fcste von Wales ist nicht nur atemberaubend sch\u00f6n, sondern ges\u00e4umt von schroffen Felsenklippen und weiten Sandbuchten. Der weltber\u00fchmte Wales-K\u00fcstenpfad ist 1.400 Kilometer lang und f\u00fchrt entlang einer spektakul\u00e4ren K\u00fcstenlinie, die auch von vielf\u00e4ltigen Tierarten bewohnt wird. Mit etwas Gl\u00fcck kann man Delfine, Papageientaucher und sogar Orcas beobachten. [&hellip;]\" \/>\n<meta property=\"og:url\" content=\"https:\/\/www.urlaubcornwall.de\/blog\/rundreise-wales-kueste-11-tage-10-naechte\/\" \/>\n<meta property=\"og:site_name\" content=\"Urlaub &amp; Reisen\" \/>\n<meta property=\"article:modified_time\" content=\"2026-01-05T11:38:33+00:00\" \/>\n<meta property=\"og:image\" content=\"https:\/\/www.urlaubcornwall.de\/blog\/wp-content\/uploads\/2024\/03\/gower-halbinsel-wales-1.jpg\" \/>\n<meta name=\"twitter:card\" content=\"summary\" \/>\n<meta name=\"twitter:label1\" content=\"Est. reading time\" \/>\n\t<meta name=\"twitter:data1\" content=\"6 minutes\" \/>\n<script type=\"application\/ld+json\" class=\"yoast-schema-graph\">{\"@context\":\"https:\/\/schema.org\",\"@graph\":[{\"@type\":\"WebSite\",\"@id\":\"https:\/\/www.urlaubcornwall.de\/blog\/#website\",\"url\":\"https:\/\/www.urlaubcornwall.de\/blog\/\",\"name\":\"Urlaub &amp; Reisen\",\"description\":\"Urlaub, Reisen, Cornwall und S\u00fcdengland: eine perfekte Kombination\",\"potentialAction\":[{\"@type\":\"SearchAction\",\"target\":{\"@type\":\"EntryPoint\",\"urlTemplate\":\"https:\/\/www.urlaubcornwall.de\/blog\/?s={search_term_string}\"},\"query-input\":\"required name=search_term_string\"}],\"inLanguage\":\"en-US\"},{\"@type\":\"WebPage\",\"@id\":\"https:\/\/www.urlaubcornwall.de\/blog\/rundreise-wales-kueste-11-tage-10-naechte\/\",\"url\":\"https:\/\/www.urlaubcornwall.de\/blog\/rundreise-wales-kueste-11-tage-10-naechte\/\",\"name\":\"Rundreise Wales Westk\u00fcste \u2013 11 Tage \/ 10 N\u00e4chte - Urlaub &amp; Reisen\",\"isPartOf\":{\"@id\":\"https:\/\/www.urlaubcornwall.de\/blog\/#website\"},\"datePublished\":\"2019-02-11T15:25:01+00:00\",\"dateModified\":\"2026-01-05T11:38:33+00:00\",\"breadcrumb\":{\"@id\":\"https:\/\/www.urlaubcornwall.de\/blog\/rundreise-wales-kueste-11-tage-10-naechte\/#breadcrumb\"},\"inLanguage\":\"en-US\",\"potentialAction\":[{\"@type\":\"ReadAction\",\"target\":[\"https:\/\/www.urlaubcornwall.de\/blog\/rundreise-wales-kueste-11-tage-10-naechte\/\"]}]},{\"@type\":\"BreadcrumbList\",\"@id\":\"https:\/\/www.urlaubcornwall.de\/blog\/rundreise-wales-kueste-11-tage-10-naechte\/#breadcrumb\",\"itemListElement\":[{\"@type\":\"ListItem\",\"position\":1,\"name\":\"Home\",\"item\":\"https:\/\/www.urlaubcornwall.de\/blog\/\"},{\"@type\":\"ListItem\",\"position\":2,\"name\":\"Rundreise Wales Westk\u00fcste \u2013 11 Tage \/ 10 N\u00e4chte\"}]}]}<\/script>\n<!-- \/ Yoast SEO plugin. -->","yoast_head_json":{"title":"Rundreise Wales Westk\u00fcste \u2013 11 Tage \/ 10 N\u00e4chte - Urlaub &amp; Reisen","robots":{"index":"index","follow":"follow","max-snippet":"max-snippet:-1","max-image-preview":"max-image-preview:large","max-video-preview":"max-video-preview:-1"},"canonical":"https:\/\/www.urlaubcornwall.de\/blog\/rundreise-wales-kueste-11-tage-10-naechte\/","og_locale":"en_US","og_type":"article","og_title":"Rundreise Wales Westk\u00fcste \u2013 11 Tage \/ 10 N\u00e4chte - Urlaub &amp; Reisen","og_description":"Selbstfahrertour Wales \u201eEntlang der walisischen K\u00fcste\u201c &#8211; Die K\u00fcste von Wales ist nicht nur atemberaubend sch\u00f6n, sondern ges\u00e4umt von schroffen Felsenklippen und weiten Sandbuchten. Der weltber\u00fchmte Wales-K\u00fcstenpfad ist 1.400 Kilometer lang und f\u00fchrt entlang einer spektakul\u00e4ren K\u00fcstenlinie, die auch von vielf\u00e4ltigen Tierarten bewohnt wird. Mit etwas Gl\u00fcck kann man Delfine, Papageientaucher und sogar Orcas beobachten. [&hellip;]","og_url":"https:\/\/www.urlaubcornwall.de\/blog\/rundreise-wales-kueste-11-tage-10-naechte\/","og_site_name":"Urlaub &amp; Reisen","article_modified_time":"2026-01-05T11:38:33+00:00","og_image":[{"url":"https:\/\/www.urlaubcornwall.de\/blog\/wp-content\/uploads\/2024\/03\/gower-halbinsel-wales-1.jpg"}],"twitter_card":"summary","twitter_misc":{"Est. reading time":"6 minutes"},"schema":{"@context":"https:\/\/schema.org","@graph":[{"@type":"WebSite","@id":"https:\/\/www.urlaubcornwall.de\/blog\/#website","url":"https:\/\/www.urlaubcornwall.de\/blog\/","name":"Urlaub &amp; Reisen","description":"Urlaub, Reisen, Cornwall und S\u00fcdengland: eine perfekte Kombination","potentialAction":[{"@type":"SearchAction","target":{"@type":"EntryPoint","urlTemplate":"https:\/\/www.urlaubcornwall.de\/blog\/?s={search_term_string}"},"query-input":"required name=search_term_string"}],"inLanguage":"en-US"},{"@type":"WebPage","@id":"https:\/\/www.urlaubcornwall.de\/blog\/rundreise-wales-kueste-11-tage-10-naechte\/","url":"https:\/\/www.urlaubcornwall.de\/blog\/rundreise-wales-kueste-11-tage-10-naechte\/","name":"Rundreise Wales Westk\u00fcste \u2013 11 Tage \/ 10 N\u00e4chte - Urlaub &amp; Reisen","isPartOf":{"@id":"https:\/\/www.urlaubcornwall.de\/blog\/#website"},"datePublished":"2019-02-11T15:25:01+00:00","dateModified":"2026-01-05T11:38:33+00:00","breadcrumb":{"@id":"https:\/\/www.urlaubcornwall.de\/blog\/rundreise-wales-kueste-11-tage-10-naechte\/#breadcrumb"},"inLanguage":"en-US","potentialAction":[{"@type":"ReadAction","target":["https:\/\/www.urlaubcornwall.de\/blog\/rundreise-wales-kueste-11-tage-10-naechte\/"]}]},{"@type":"BreadcrumbList","@id":"https:\/\/www.urlaubcornwall.de\/blog\/rundreise-wales-kueste-11-tage-10-naechte\/#breadcrumb","itemListElement":[{"@type":"ListItem","position":1,"name":"Home","item":"https:\/\/www.urlaubcornwall.de\/blog\/"},{"@type":"ListItem","position":2,"name":"Rundreise Wales Westk\u00fcste \u2013 11 Tage \/ 10 N\u00e4chte"}]}]}},"_links":{"self":[{"href":"https:\/\/www.urlaubcornwall.de\/blog\/wp-json\/wp\/v2\/pages\/36083"}],"collection":[{"href":"https:\/\/www.urlaubcornwall.de\/blog\/wp-json\/wp\/v2\/pages"}],"about":[{"href":"https:\/\/www.urlaubcornwall.de\/blog\/wp-json\/wp\/v2\/types\/page"}],"author":[{"embeddable":true,"href":"https:\/\/www.urlaubcornwall.de\/blog\/wp-json\/wp\/v2\/users\/1"}],"replies":[{"embeddable":true,"href":"https:\/\/www.urlaubcornwall.de\/blog\/wp-json\/wp\/v2\/comments?post=36083"}],"version-history":[{"count":11,"href":"https:\/\/www.urlaubcornwall.de\/blog\/wp-json\/wp\/v2\/pages\/36083\/revisions"}],"predecessor-version":[{"id":51936,"href":"https:\/\/www.urlaubcornwall.de\/blog\/wp-json\/wp\/v2\/pages\/36083\/revisions\/51936"}],"wp:attachment":[{"href":"https:\/\/www.urlaubcornwall.de\/blog\/wp-json\/wp\/v2\/media?parent=36083"}],"curies":[{"name":"wp","href":"https:\/\/api.w.org\/{rel}","templated":true}]}}