{"id":36070,"date":"2019-02-11T12:04:33","date_gmt":"2019-02-11T12:04:33","guid":{"rendered":"https:\/\/www.urlaubcornwall.de\/blog\/?page_id=36070"},"modified":"2026-01-05T11:36:47","modified_gmt":"2026-01-05T11:36:47","slug":"rundreise-nord-wales-8-tage-der-norden-in-einer-woche","status":"publish","type":"page","link":"https:\/\/www.urlaubcornwall.de\/blog\/rundreise-nord-wales-8-tage-der-norden-in-einer-woche\/","title":{"rendered":"Rundreise Nordwales 8 Tage &#8211; Der Norden in einer Woche"},"content":{"rendered":"<p><a href=\"https:\/\/www.urlaubcornwall.de\/blog\/wp-content\/uploads\/2024\/03\/schloss-wales.jpg\"><img loading=\"lazy\" src=\"https:\/\/www.urlaubcornwall.de\/blog\/wp-content\/uploads\/2024\/03\/schloss-wales.jpg\" alt=\"schloss wales\" width=\"750\" height=\"422\" class=\"alignnone size-full wp-image-47817\" srcset=\"https:\/\/www.urlaubcornwall.de\/blog\/wp-content\/uploads\/2024\/03\/schloss-wales.jpg 750w, https:\/\/www.urlaubcornwall.de\/blog\/wp-content\/uploads\/2024\/03\/schloss-wales-300x169.jpg 300w\" sizes=\"(max-width: 750px) 100vw, 750px\" \/><\/a><\/p>\n<p>Nordwales wird Sie ins Staunen versetzen! Neben wundersch\u00f6nen K\u00fcstenabschnitten und imposanten Bergen bietet diese Selbstfahrertour \u201eDer Norden in einer Woche\u201c auch <a href=\"https:\/\/www.urlaubcornwall.de\/blog\/die-herrenhaeuser-shloesser-wales-entdecken-sie-die-mythen-und-legenden\/\">imposante Schl\u00f6sser<\/a>, malerische Eisenbahnstrecken und beeindruckende Architektur. Falls Sie auf der Suche nach einem Nervenkitzel sind, so kann <a href=\"https:\/\/www.urlaubcornwall.de\/reiseziel\/wales.php\">Nordwales<\/a> auch hier aufwarten.<\/p>\n<h2>Highlights: Llandudno, Anglesey, Snowdinia Nationalpark, Cardigan Bay<\/h2>\n<p>8 Tage \/ 7 N\u00e4chte | t\u00e4glich m\u00f6glich | ab\/bis Manchester<\/p>\n<p style=\"text-align: center;\"><a class=\"tidycta\" href=\"http:\/\/www.urlaubcornwall.de\/anfrage.php?tourcode=WAL-DDN\">Anfrage \/ Buchung<\/a><\/p>\n<p><strong>1. Tag: Manchester \u2013 Llandudno (ca. 130km)<\/strong><\/p>\n<p>Flug nach England in Eigenregie und anschlie\u00dfend Annahme des Mietwagens. Nach nur f\u00fcnfzig Kilometern Fahrt erreichen Sie die sehenswerte <a href=\"https:\/\/www.urlaubcornwall.de\/ferienhaeuser-fewos\/eng\/cheshire\/chester.html\">Stadt Chester<\/a>. Mittelalterliche Fachwerkh\u00e4user, alte r\u00f6mische Ruinen und viele Spukgeschichten verleihen der Stadt einen besonderen Charme. Entlang der K\u00fcste erreichen Sie das Tagesziel <a href=\"https:\/\/www.urlaubcornwall.de\/ferienhaeuser-fewos\/wal\/nordwales\/llandudno.html\">Llandudno<\/a>, ein viktorianischer K\u00fcstenort mit imposanten Pier, zwei sch\u00f6nen Str\u00e4nden, einer sehenswerten Promenade und tollen Restaurants. 2 \u00dcbernachtungen im Raum Llandudno<\/p>\n<p><strong>2. Tag: Llandudno Umgebung<\/strong><\/p>\n<p>Tag zur freien Verf\u00fcgung. Vom Gipfel des Great Orme aus hat man einen fantastischen Rundumblick auf die See und die umliegende K\u00fcste. Entweder Sie unternehmen eine Wanderung oder aber Sie w\u00e4hlen die bequemeren Varianten mit der nostalgischen Stra\u00dfenbahn oder der Schwebebahn. F\u00fcr Familien empfehlen wir den \u201cAlice\u2019s Town Trail\u201d. Unweit von Llandudno befindet sich das <a href=\"https:\/\/www.urlaubcornwall.de\/ferienhaeuser-fewos\/wal\/nordwales\/conwy.html\">St\u00e4dtchen Conwy<\/a>, ein weiterer H\u00f6hepunkt des Nordens. Das Conwy Castle z\u00e4hlt zu den faszinierendsten Burgen in Wales und von den T\u00fcrmen aus hat man einen atemberaubenden Ausblick. Besichtigen Sie auch das kleinste Haus des Landes, das Quay House. \u00dcbernachtung wie am Vortag.<\/p>\n<p><strong>3. Tag: Llandudno \u2013 Bangor \u2013 Anglesey \u2013 Caernarfon (ca. 150km)<\/strong><\/p>\n<p>Nach dem Fr\u00fchst\u00fcck brechen Sie westw\u00e4rts nach Bangor auf. Kurz bevor Sie die Universit\u00e4tsstadt mit der sehenswerten Bangor Cathedral erreichen, lohnt ein Halt am Penrhyn Castle, ein eindrucksvolles Herrenhaus im neonormannischen Stil. In der Penrhyn Quarry bei Bethesda befindet sich \u00fcbrigens die l\u00e4ngste Zipline Europas. Ein Muss dieser Selbstfahrertour ist die <a href=\"https:\/\/www.urlaubcornwall.de\/ferienhaeuser-fewos\/wal\/nordwales\/anglesey.html\">Halbinsel Anglesey<\/a>, mit ihren wundersch\u00f6nen Sandd\u00fcnen, Buchten, Klippen und D\u00f6rfern. Tagesziel ist die Marktstadt Caernarfon. 2 \u00dcbernachtungen im Raum Caernarfon<\/p>\n<p><strong>4. Tag: Caernarfon Umgebung<\/strong><\/p>\n<p>Gestalten Sie diesen Tag nach eigenen Vorstellungen. Wie w\u00e4re zum Beispiel ein Ausflug zum malerischen Dorf Llanberis, im Herzen des <a href=\"https:\/\/www.urlaubcornwall.de\/ferienhaeuser-fewos\/wal\/nordwales\/snowdonia-national-park.html\">Snowdonia Nationalparks<\/a>? Man findet dort ausgezeichnete Wander- und Bikewege sowie die Llanberis Lake Railway. Alternativ k\u00f6nnen Sie aber auch die Halbinsel Lleyn entdecken, von der etwa ein Viertel zu einem \u201eNaturgebiet von au\u00dferordentlicher Sch\u00f6nheit\u201c ernannt wurde. \u00dcbernachtung wie am Vortag.<\/p>\n<p><strong>5. Tag: Caernarfon \u2013 Aberystwyth (ca. 150km)<\/strong><\/p>\n<p>Auf dem heutigen Programm steht die Fahrt durch den Snowdonia Nationalpark bis nach <a href=\"https:\/\/www.urlaubcornwall.de\/ferienhaeuser-fewos\/wal\/westwales\/aberystwyth.html\">Aberystwyth<\/a>. Ein kleiner Umweg bringt Sie nach Blaenau Ffestiniog, einst Zentrum der walisischen Schieferindustrie. Buchen Sie doch eine gef\u00fchrte Tour in der Llechwedd Schiefermine und erfahren Sie mehr \u00fcber die Arbeit in einer Mine. Alternativ k\u00f6nnen Sie auch in einer stillgelegten Schiefermine auf Riesentrampolinen springen (Bounce Below), welche auf verschiedene Ebenen verteilt liegen und durch Tunnelrutschen miteinander verbunden sind. An der K\u00fcste lohnt ein Stopp am Harlech Castle. In Aberystwyth angekommen haben Sie Zeit f\u00fcr eigene Erkundungen. 2 \u00dcbernachtungen im Raum Aberystwyth<\/p>\n<p><strong>6. Tag: Aberystwyth und Umgebung<\/strong><\/p>\n<p>Erkunden Sie heute die Cardigan Bay. In dieser abwechslungsreichen K\u00fcstenregion kann man viele Seev\u00f6gel, Robben und Delfine beobachten. Buchen Sie vor Ort doch eine Bootstour! Auch ein Besuch des Welsh Wildlife Centre oder der Hafenstadt Aberaeron lohnt sich. Falls Sie ein Fan von Dampfzugfahrten sind, ist die Fahrt durch das Rheidol Valley bis zur Devil\u2019s Bridge genau das Richtige f\u00fcr Sie. \u00dcbernachtung wie am Vortag.<\/p>\n<p><strong>7. Tag: Aberystwyth \u2013 Llangollen (ca. 120km)<\/strong><\/p>\n<p>Nach dem Fr\u00fchst\u00fcck verlassen Sie Aberystwyth in n\u00f6rdlicher Richtung. Zun\u00e4chst Fahrt nach Bala, ein kleiner, idyllischer Ort im Osten des Snowdonia Nationalpark. Von dort f\u00fchrt die Bala Lake Railway, eine dampfbetriebene Schmalspurbahn, etwa f\u00fcnfzehn Kilometer entlang des Bala Lakes. In <a href=\"https:\/\/www.urlaubcornwall.de\/ferienhaeuser-fewos\/wal\/nordwales\/llangollen.html\">Llangollen<\/a> angekommen, sollte das Pontcysyllte Aqu\u00e4dukt auf dem Programm stehen. Das h\u00f6chste Aqu\u00e4dukt in ganz Gro\u00dfbritannien k\u00f6nnen Sie entweder zu Fu\u00df oder mit dem Boot \u00fcberqueren. \u00dcbernachtung im Raum Llangollen<\/p>\n<p><strong>8. Tag: Llangollen \u2013 Manchester (ca. 90km)<\/strong><\/p>\n<p>Es geht zur\u00fcck nach Manchester. Je nach Abflugzeit bleibt noch Zeit um die <a href=\"https:\/\/www.urlaubcornwall.de\/ferienhaeuser-fewos\/eng\/cheshire\/cheshire.html#\">Stadt Liverpool oder die Stadt Manchester<\/a> zu erkunden. Abgabe des Mietwagen, R\u00fcckflug in Eigenregie und Ende der Selbstfahrertour \u201eNordwales in einer Woche\u201c. Sollten Sie diese Reise um ein paar Tage verl\u00e4ngern oder als Highlight eine Nacht im Schlosshotel hinzuf\u00fcgen wollen, \u00e4ndern wir die Reise gerne individuell f\u00fcr Sie ab!<\/p>\n<p><strong>Bronze-<\/strong> Kategorie: Bed &amp; Breakfasts, Inns, Guesthouses<\/p>\n<p><strong>Silber-<\/strong> Kategorie: Mittelklassehotels<\/p>\n<p><strong>Eingeschlossene Leistungen:<\/strong><\/p>\n<p>7 \u00dcbernachtungen laut Reiseverlauf in der Bronze oder Silber Kategorie<\/p>\n<p>T\u00e4gliches Fr\u00fchst\u00fcck<\/p>\n<p>1 Reisef\u00fchrer \u00fcber Wales<\/p>\n<p><strong>Nicht eingeschlossene Leistungen:<\/strong><\/p>\n<p>Fl\u00fcge (bieten wir Ihnen gerne passend dazu an)<\/p>\n<p>Mietwagen (bieten wir Ihnen gerne passend an)<\/p>\n<p>Trinkgelder, Benzin, Eintritte<\/p>\n<p>Pers\u00f6nliche Ausgaben aller Art<\/p>\n<p>T\u00e4glich m\u00f6glich vom 01.01. bis 31.12.2025.<\/p>\n<p style=\"text-align: center;\"><a class=\"tidycta\" href=\"http:\/\/www.urlaubcornwall.de\/anfrage.php?tourcode=WAL-DDN\">Anfrage \/ Buchung<\/a><\/p>\n","protected":false},"excerpt":{"rendered":"<p>Nordwales wird Sie ins Staunen versetzen! Neben wundersch\u00f6nen K\u00fcstenabschnitten und imposanten Bergen bietet diese Selbstfahrertour \u201eDer Norden in einer Woche\u201c auch imposante Schl\u00f6sser, malerische Eisenbahnstrecken und beeindruckende Architektur. Falls Sie auf der Suche nach einem Nervenkitzel sind, so kann Nordwales auch hier aufwarten. Highlights: Llandudno, Anglesey, Snowdinia Nationalpark, Cardigan Bay 8 Tage \/ 7 N\u00e4chte [&hellip;]<\/p>\n","protected":false},"author":1,"featured_media":0,"parent":0,"menu_order":0,"comment_status":"closed","ping_status":"closed","template":"single-four.php","meta":[],"acf":[],"yoast_head":"<!-- This site is optimized with the Yoast SEO plugin v19.4 - https:\/\/yoast.com\/wordpress\/plugins\/seo\/ -->\n<title>Rundreise Nordwales 8 Tage - Der Norden in einer Woche - Urlaub &amp; Reisen<\/title>\n<meta name=\"robots\" content=\"index, follow, max-snippet:-1, max-image-preview:large, max-video-preview:-1\" \/>\n<link rel=\"canonical\" href=\"https:\/\/www.urlaubcornwall.de\/blog\/rundreise-nord-wales-8-tage-der-norden-in-einer-woche\/\" \/>\n<meta property=\"og:locale\" content=\"en_US\" \/>\n<meta property=\"og:type\" content=\"article\" \/>\n<meta property=\"og:title\" content=\"Rundreise Nordwales 8 Tage - Der Norden in einer Woche - Urlaub &amp; Reisen\" \/>\n<meta property=\"og:description\" content=\"Nordwales wird Sie ins Staunen versetzen! Neben wundersch\u00f6nen K\u00fcstenabschnitten und imposanten Bergen bietet diese Selbstfahrertour \u201eDer Norden in einer Woche\u201c auch imposante Schl\u00f6sser, malerische Eisenbahnstrecken und beeindruckende Architektur. Falls Sie auf der Suche nach einem Nervenkitzel sind, so kann Nordwales auch hier aufwarten. Highlights: Llandudno, Anglesey, Snowdinia Nationalpark, Cardigan Bay 8 Tage \/ 7 N\u00e4chte [&hellip;]\" \/>\n<meta property=\"og:url\" content=\"https:\/\/www.urlaubcornwall.de\/blog\/rundreise-nord-wales-8-tage-der-norden-in-einer-woche\/\" \/>\n<meta property=\"og:site_name\" content=\"Urlaub &amp; Reisen\" \/>\n<meta property=\"article:modified_time\" content=\"2026-01-05T11:36:47+00:00\" \/>\n<meta property=\"og:image\" content=\"https:\/\/www.urlaubcornwall.de\/blog\/wp-content\/uploads\/2024\/03\/schloss-wales.jpg\" \/>\n<meta name=\"twitter:card\" content=\"summary\" \/>\n<meta name=\"twitter:label1\" content=\"Est. reading time\" \/>\n\t<meta name=\"twitter:data1\" content=\"4 minutes\" \/>\n<script type=\"application\/ld+json\" class=\"yoast-schema-graph\">{\"@context\":\"https:\/\/schema.org\",\"@graph\":[{\"@type\":\"WebSite\",\"@id\":\"https:\/\/www.urlaubcornwall.de\/blog\/#website\",\"url\":\"https:\/\/www.urlaubcornwall.de\/blog\/\",\"name\":\"Urlaub &amp; Reisen\",\"description\":\"Urlaub, Reisen, Cornwall und S\u00fcdengland: eine perfekte Kombination\",\"potentialAction\":[{\"@type\":\"SearchAction\",\"target\":{\"@type\":\"EntryPoint\",\"urlTemplate\":\"https:\/\/www.urlaubcornwall.de\/blog\/?s={search_term_string}\"},\"query-input\":\"required name=search_term_string\"}],\"inLanguage\":\"en-US\"},{\"@type\":\"WebPage\",\"@id\":\"https:\/\/www.urlaubcornwall.de\/blog\/rundreise-nord-wales-8-tage-der-norden-in-einer-woche\/\",\"url\":\"https:\/\/www.urlaubcornwall.de\/blog\/rundreise-nord-wales-8-tage-der-norden-in-einer-woche\/\",\"name\":\"Rundreise Nordwales 8 Tage - Der Norden in einer Woche - Urlaub &amp; Reisen\",\"isPartOf\":{\"@id\":\"https:\/\/www.urlaubcornwall.de\/blog\/#website\"},\"datePublished\":\"2019-02-11T12:04:33+00:00\",\"dateModified\":\"2026-01-05T11:36:47+00:00\",\"breadcrumb\":{\"@id\":\"https:\/\/www.urlaubcornwall.de\/blog\/rundreise-nord-wales-8-tage-der-norden-in-einer-woche\/#breadcrumb\"},\"inLanguage\":\"en-US\",\"potentialAction\":[{\"@type\":\"ReadAction\",\"target\":[\"https:\/\/www.urlaubcornwall.de\/blog\/rundreise-nord-wales-8-tage-der-norden-in-einer-woche\/\"]}]},{\"@type\":\"BreadcrumbList\",\"@id\":\"https:\/\/www.urlaubcornwall.de\/blog\/rundreise-nord-wales-8-tage-der-norden-in-einer-woche\/#breadcrumb\",\"itemListElement\":[{\"@type\":\"ListItem\",\"position\":1,\"name\":\"Home\",\"item\":\"https:\/\/www.urlaubcornwall.de\/blog\/\"},{\"@type\":\"ListItem\",\"position\":2,\"name\":\"Rundreise Nordwales 8 Tage &#8211; Der Norden in einer Woche\"}]}]}<\/script>\n<!-- \/ Yoast SEO plugin. -->","yoast_head_json":{"title":"Rundreise Nordwales 8 Tage - Der Norden in einer Woche - Urlaub &amp; Reisen","robots":{"index":"index","follow":"follow","max-snippet":"max-snippet:-1","max-image-preview":"max-image-preview:large","max-video-preview":"max-video-preview:-1"},"canonical":"https:\/\/www.urlaubcornwall.de\/blog\/rundreise-nord-wales-8-tage-der-norden-in-einer-woche\/","og_locale":"en_US","og_type":"article","og_title":"Rundreise Nordwales 8 Tage - Der Norden in einer Woche - Urlaub &amp; Reisen","og_description":"Nordwales wird Sie ins Staunen versetzen! Neben wundersch\u00f6nen K\u00fcstenabschnitten und imposanten Bergen bietet diese Selbstfahrertour \u201eDer Norden in einer Woche\u201c auch imposante Schl\u00f6sser, malerische Eisenbahnstrecken und beeindruckende Architektur. Falls Sie auf der Suche nach einem Nervenkitzel sind, so kann Nordwales auch hier aufwarten. Highlights: Llandudno, Anglesey, Snowdinia Nationalpark, Cardigan Bay 8 Tage \/ 7 N\u00e4chte [&hellip;]","og_url":"https:\/\/www.urlaubcornwall.de\/blog\/rundreise-nord-wales-8-tage-der-norden-in-einer-woche\/","og_site_name":"Urlaub &amp; Reisen","article_modified_time":"2026-01-05T11:36:47+00:00","og_image":[{"url":"https:\/\/www.urlaubcornwall.de\/blog\/wp-content\/uploads\/2024\/03\/schloss-wales.jpg"}],"twitter_card":"summary","twitter_misc":{"Est. reading time":"4 minutes"},"schema":{"@context":"https:\/\/schema.org","@graph":[{"@type":"WebSite","@id":"https:\/\/www.urlaubcornwall.de\/blog\/#website","url":"https:\/\/www.urlaubcornwall.de\/blog\/","name":"Urlaub &amp; Reisen","description":"Urlaub, Reisen, Cornwall und S\u00fcdengland: eine perfekte Kombination","potentialAction":[{"@type":"SearchAction","target":{"@type":"EntryPoint","urlTemplate":"https:\/\/www.urlaubcornwall.de\/blog\/?s={search_term_string}"},"query-input":"required name=search_term_string"}],"inLanguage":"en-US"},{"@type":"WebPage","@id":"https:\/\/www.urlaubcornwall.de\/blog\/rundreise-nord-wales-8-tage-der-norden-in-einer-woche\/","url":"https:\/\/www.urlaubcornwall.de\/blog\/rundreise-nord-wales-8-tage-der-norden-in-einer-woche\/","name":"Rundreise Nordwales 8 Tage - Der Norden in einer Woche - Urlaub &amp; Reisen","isPartOf":{"@id":"https:\/\/www.urlaubcornwall.de\/blog\/#website"},"datePublished":"2019-02-11T12:04:33+00:00","dateModified":"2026-01-05T11:36:47+00:00","breadcrumb":{"@id":"https:\/\/www.urlaubcornwall.de\/blog\/rundreise-nord-wales-8-tage-der-norden-in-einer-woche\/#breadcrumb"},"inLanguage":"en-US","potentialAction":[{"@type":"ReadAction","target":["https:\/\/www.urlaubcornwall.de\/blog\/rundreise-nord-wales-8-tage-der-norden-in-einer-woche\/"]}]},{"@type":"BreadcrumbList","@id":"https:\/\/www.urlaubcornwall.de\/blog\/rundreise-nord-wales-8-tage-der-norden-in-einer-woche\/#breadcrumb","itemListElement":[{"@type":"ListItem","position":1,"name":"Home","item":"https:\/\/www.urlaubcornwall.de\/blog\/"},{"@type":"ListItem","position":2,"name":"Rundreise Nordwales 8 Tage &#8211; Der Norden in einer Woche"}]}]}},"_links":{"self":[{"href":"https:\/\/www.urlaubcornwall.de\/blog\/wp-json\/wp\/v2\/pages\/36070"}],"collection":[{"href":"https:\/\/www.urlaubcornwall.de\/blog\/wp-json\/wp\/v2\/pages"}],"about":[{"href":"https:\/\/www.urlaubcornwall.de\/blog\/wp-json\/wp\/v2\/types\/page"}],"author":[{"embeddable":true,"href":"https:\/\/www.urlaubcornwall.de\/blog\/wp-json\/wp\/v2\/users\/1"}],"replies":[{"embeddable":true,"href":"https:\/\/www.urlaubcornwall.de\/blog\/wp-json\/wp\/v2\/comments?post=36070"}],"version-history":[{"count":12,"href":"https:\/\/www.urlaubcornwall.de\/blog\/wp-json\/wp\/v2\/pages\/36070\/revisions"}],"predecessor-version":[{"id":51933,"href":"https:\/\/www.urlaubcornwall.de\/blog\/wp-json\/wp\/v2\/pages\/36070\/revisions\/51933"}],"wp:attachment":[{"href":"https:\/\/www.urlaubcornwall.de\/blog\/wp-json\/wp\/v2\/media?parent=36070"}],"curies":[{"name":"wp","href":"https:\/\/api.w.org\/{rel}","templated":true}]}}