{"id":35981,"date":"2019-02-07T16:23:52","date_gmt":"2019-02-07T16:23:52","guid":{"rendered":"https:\/\/www.urlaubcornwall.de\/blog\/?page_id=35981"},"modified":"2024-04-29T15:58:09","modified_gmt":"2024-04-29T15:58:09","slug":"schoensten-hotels-in-mevagissey-suedkueste-cornwall","status":"publish","type":"page","link":"https:\/\/www.urlaubcornwall.de\/blog\/schoensten-hotels-in-mevagissey-suedkueste-cornwall\/","title":{"rendered":"Sch\u00f6nsten Hotels in Mevagissey &#8211; S\u00fcdk\u00fcste Cornwall"},"content":{"rendered":"<p><img loading=\"lazy\" class=\"aligncenter size-full wp-image-26430\" src=\"https:\/\/www.urlaubcornwall.de\/blog\/wp-content\/uploads\/2017\/02\/18590113.jpg\" alt=\"mevagissey urlaub\" width=\"749\" height=\"404\" srcset=\"https:\/\/www.urlaubcornwall.de\/blog\/wp-content\/uploads\/2017\/02\/18590113.jpg 749w, https:\/\/www.urlaubcornwall.de\/blog\/wp-content\/uploads\/2017\/02\/18590113-300x162.jpg 300w\" sizes=\"(max-width: 749px) 100vw, 749px\" \/><\/p>\n<p>Mevagissey hat einen gesch\u00e4ftigen Hafen, und die Fischer werden Sie mit hinausnehmen zum Fischen oder einfach nur zum Vergn\u00fcgen. Die verschlungenen winzigen Str\u00e4\u00dfchen beherbergen eine Vielzahl an Kunst- und Kunsthandwerksl\u00e4den, Kneipen und Restaurants.<\/p>\n<p>Die Besten Hotels in Mevagissey f\u00fcr Ihren <a href=\"https:\/\/www.urlaubcornwall.de\/reiseziel\/cornwall.php\">Urlaub in Cornwall<\/a> &#8211; Mevagissey hat einen gesch\u00e4ftigen Hafen, und die Fischer werden Sie mit hinausnehmen zum Fischen oder einfach nur zum Vergn\u00fcgen. Die verschlungenen winzigen Str\u00e4\u00dfchen beherbergen eine Vielzahl an Kunst- und Kunsthandwerksl\u00e4den, Kneipen und Restaurants, sowie eine Ausstellung von Modelleisenbahnen mit 50 fahrenden Z\u00fcgen. <\/p>\n<p><ins class=\"bookingaff\" data-aid=\"1705475\" data-target_aid=\"1705475\" data-prod=\"map\" data-width=\"100%\" data-height=\"590\" data-lang=\"ualng\" data-dest_id=\"0\" data-dest_type=\"landmark\" data-latitude=\"50.2702259\" data-longitude=\"-4.787523\" data-mwhsb=\"1\"><br \/>\n    <!-- Anything inside will go away once widget is loaded. --><br \/>\n        <a href=\"\/\/www.booking.com?aid=1705475\"rel=\"nofollow\">Booking.com<\/a><br \/>\n<\/ins><br \/>\n<script type=\"text\/javascript\">\n    (function(d, sc, u) {\n      var s = d.createElement(sc), p = d.getElementsByTagName(sc)[0];\n      s.type = 'text\/javascript';\n      s.async = true;\n      s.src = u + '?v=' + (+new Date());\n      p.parentNode.insertBefore(s,p);\n      })(document, 'script', '\/\/aff.bstatic.com\/static\/affiliate_base\/js\/flexiproduct.js');\n<\/script><\/p>\n<div class=\"snippet\"> <a class=\"featured-item\" href=\"https:\/\/www.urlaubcornwall.de\/ferienhaeuser\/cornwall.php\"> <span class=\"image-holder\" style=\"background-image: url(' https:\/\/www.urlaubcornwall.de\/blog\/wp-content\/uploads\/2024\/03\/ferienhaus-england-cornwall.jpg ');\"><\/span> <span class=\"featured-content\"> \n<h2 class=\"featured-title\">Ferienh\u00e4user in Cornwall zum Verlieben!<\/h2>\n<p class=\"featured-body\">Cornwall besitzt mehr K\u00fcstenlinien als jede andere Grafschaft und bietet einige der besten Str\u00e4nde, K\u00fcstenwanderwege und Klippenlandschaften, die man \u00fcberhaupt finden kann&#8230;.<\/p><\/span> <span class=\"featured-link-holder\"> <span class=\"featured-extra-info\"> \n<p>F\u00fcr Paare, Familien &#038; Gruppen<\/p>\n<\/span> \n<p class=\"featured-link\">DETAILS<\/p>\n<\/span> <\/a><\/div>\n<div class=\"snippet\"> <a class=\"featured-item\" href=\" https:\/\/www.urlaubcornwall.de\/rundreisen\/cornwall-suedengland.php\"> <span class=\"image-holder\" style=\"background-image: url(' https:\/\/www.urlaubcornwall.de\/blog\/wp-content\/uploads\/2018\/11\/rundreise-cornwall.jpg ');\"><\/span> <span class=\"featured-content\"> \n<h2 class=\"featured-title\">Individuelle Rundreise in Cornwall &#038; S\u00fcdengland<\/h2>\n<p class=\"featured-body\"> Bei dieser Cornwall Rundreise entdecken Sie die H\u00f6hepunkte S\u00fcdenglands. Kultur, Geschichte, Landschaft und heutiges Leben werden Sie hierbei kennenlernen&#8230;<\/p>\n<\/span> <span class=\"featured-link-holder\"> <span class=\"featured-extra-info\"> \n<p>Urlaub im eigenen Schritttempo<\/p>\n<\/span> \n<p class=\"featured-link\">DETAILS<\/p>\n<\/span> <\/a><\/div>\n<p style=\"text-align: left;\">Klicken Sie <a title=\"Handverlesene und pers\u00f6nlich besuchte Hotels\" href=\"https:\/\/www.urlaubcornwall.de\/hotels.php\"><span style=\"text-decoration: underline;\">hier<\/span><\/a>, um sich unser vollst\u00e4ndiges Angebot der besten <span style=\"text-decoration: underline;\"><a href=\"https:\/\/www.urlaubcornwall.de\/hotels.php\">Hotels in Cornwall<\/a> <\/span>anzusehen.<\/p>\n","protected":false},"excerpt":{"rendered":"<p>Mevagissey hat einen gesch\u00e4ftigen Hafen, und die Fischer werden Sie mit hinausnehmen zum Fischen oder einfach nur zum Vergn\u00fcgen. Die verschlungenen winzigen Str\u00e4\u00dfchen beherbergen eine Vielzahl an Kunst- und Kunsthandwerksl\u00e4den, Kneipen und Restaurants. Die Besten Hotels in Mevagissey f\u00fcr Ihren Urlaub in Cornwall &#8211; Mevagissey hat einen gesch\u00e4ftigen Hafen, und die Fischer werden Sie mit [&hellip;]<\/p>\n","protected":false},"author":1,"featured_media":0,"parent":0,"menu_order":0,"comment_status":"closed","ping_status":"closed","template":"single-four.php","meta":[],"acf":[],"yoast_head":"<!-- This site is optimized with the Yoast SEO plugin v19.4 - https:\/\/yoast.com\/wordpress\/plugins\/seo\/ -->\n<title>Sch\u00f6nsten Hotels in Mevagissey - S\u00fcdk\u00fcste Cornwall - Urlaub &amp; Reisen<\/title>\n<meta name=\"robots\" content=\"index, follow, max-snippet:-1, max-image-preview:large, max-video-preview:-1\" \/>\n<link rel=\"canonical\" href=\"https:\/\/www.urlaubcornwall.de\/blog\/schoensten-hotels-in-mevagissey-suedkueste-cornwall\/\" \/>\n<meta property=\"og:locale\" content=\"en_US\" \/>\n<meta property=\"og:type\" content=\"article\" \/>\n<meta property=\"og:title\" content=\"Sch\u00f6nsten Hotels in Mevagissey - S\u00fcdk\u00fcste Cornwall - Urlaub &amp; Reisen\" \/>\n<meta property=\"og:description\" content=\"Mevagissey hat einen gesch\u00e4ftigen Hafen, und die Fischer werden Sie mit hinausnehmen zum Fischen oder einfach nur zum Vergn\u00fcgen. Die verschlungenen winzigen Str\u00e4\u00dfchen beherbergen eine Vielzahl an Kunst- und Kunsthandwerksl\u00e4den, Kneipen und Restaurants. Die Besten Hotels in Mevagissey f\u00fcr Ihren Urlaub in Cornwall &#8211; Mevagissey hat einen gesch\u00e4ftigen Hafen, und die Fischer werden Sie mit [&hellip;]\" \/>\n<meta property=\"og:url\" content=\"https:\/\/www.urlaubcornwall.de\/blog\/schoensten-hotels-in-mevagissey-suedkueste-cornwall\/\" \/>\n<meta property=\"og:site_name\" content=\"Urlaub &amp; Reisen\" \/>\n<meta property=\"article:modified_time\" content=\"2024-04-29T15:58:09+00:00\" \/>\n<meta property=\"og:image\" content=\"https:\/\/www.urlaubcornwall.de\/blog\/wp-content\/uploads\/2017\/02\/18590113.jpg\" \/>\n<meta name=\"twitter:card\" content=\"summary\" \/>\n<meta name=\"twitter:label1\" content=\"Est. reading time\" \/>\n\t<meta name=\"twitter:data1\" content=\"2 minutes\" \/>\n<script type=\"application\/ld+json\" class=\"yoast-schema-graph\">{\"@context\":\"https:\/\/schema.org\",\"@graph\":[{\"@type\":\"WebSite\",\"@id\":\"https:\/\/www.urlaubcornwall.de\/blog\/#website\",\"url\":\"https:\/\/www.urlaubcornwall.de\/blog\/\",\"name\":\"Urlaub &amp; Reisen\",\"description\":\"Urlaub, Reisen, Cornwall und S\u00fcdengland: eine perfekte Kombination\",\"potentialAction\":[{\"@type\":\"SearchAction\",\"target\":{\"@type\":\"EntryPoint\",\"urlTemplate\":\"https:\/\/www.urlaubcornwall.de\/blog\/?s={search_term_string}\"},\"query-input\":\"required name=search_term_string\"}],\"inLanguage\":\"en-US\"},{\"@type\":\"WebPage\",\"@id\":\"https:\/\/www.urlaubcornwall.de\/blog\/schoensten-hotels-in-mevagissey-suedkueste-cornwall\/\",\"url\":\"https:\/\/www.urlaubcornwall.de\/blog\/schoensten-hotels-in-mevagissey-suedkueste-cornwall\/\",\"name\":\"Sch\u00f6nsten Hotels in Mevagissey - S\u00fcdk\u00fcste Cornwall - Urlaub &amp; Reisen\",\"isPartOf\":{\"@id\":\"https:\/\/www.urlaubcornwall.de\/blog\/#website\"},\"datePublished\":\"2019-02-07T16:23:52+00:00\",\"dateModified\":\"2024-04-29T15:58:09+00:00\",\"breadcrumb\":{\"@id\":\"https:\/\/www.urlaubcornwall.de\/blog\/schoensten-hotels-in-mevagissey-suedkueste-cornwall\/#breadcrumb\"},\"inLanguage\":\"en-US\",\"potentialAction\":[{\"@type\":\"ReadAction\",\"target\":[\"https:\/\/www.urlaubcornwall.de\/blog\/schoensten-hotels-in-mevagissey-suedkueste-cornwall\/\"]}]},{\"@type\":\"BreadcrumbList\",\"@id\":\"https:\/\/www.urlaubcornwall.de\/blog\/schoensten-hotels-in-mevagissey-suedkueste-cornwall\/#breadcrumb\",\"itemListElement\":[{\"@type\":\"ListItem\",\"position\":1,\"name\":\"Home\",\"item\":\"https:\/\/www.urlaubcornwall.de\/blog\/\"},{\"@type\":\"ListItem\",\"position\":2,\"name\":\"Sch\u00f6nsten Hotels in Mevagissey &#8211; S\u00fcdk\u00fcste Cornwall\"}]}]}<\/script>\n<!-- \/ Yoast SEO plugin. -->","yoast_head_json":{"title":"Sch\u00f6nsten Hotels in Mevagissey - S\u00fcdk\u00fcste Cornwall - Urlaub &amp; Reisen","robots":{"index":"index","follow":"follow","max-snippet":"max-snippet:-1","max-image-preview":"max-image-preview:large","max-video-preview":"max-video-preview:-1"},"canonical":"https:\/\/www.urlaubcornwall.de\/blog\/schoensten-hotels-in-mevagissey-suedkueste-cornwall\/","og_locale":"en_US","og_type":"article","og_title":"Sch\u00f6nsten Hotels in Mevagissey - S\u00fcdk\u00fcste Cornwall - Urlaub &amp; Reisen","og_description":"Mevagissey hat einen gesch\u00e4ftigen Hafen, und die Fischer werden Sie mit hinausnehmen zum Fischen oder einfach nur zum Vergn\u00fcgen. Die verschlungenen winzigen Str\u00e4\u00dfchen beherbergen eine Vielzahl an Kunst- und Kunsthandwerksl\u00e4den, Kneipen und Restaurants. Die Besten Hotels in Mevagissey f\u00fcr Ihren Urlaub in Cornwall &#8211; Mevagissey hat einen gesch\u00e4ftigen Hafen, und die Fischer werden Sie mit [&hellip;]","og_url":"https:\/\/www.urlaubcornwall.de\/blog\/schoensten-hotels-in-mevagissey-suedkueste-cornwall\/","og_site_name":"Urlaub &amp; Reisen","article_modified_time":"2024-04-29T15:58:09+00:00","og_image":[{"url":"https:\/\/www.urlaubcornwall.de\/blog\/wp-content\/uploads\/2017\/02\/18590113.jpg"}],"twitter_card":"summary","twitter_misc":{"Est. reading time":"2 minutes"},"schema":{"@context":"https:\/\/schema.org","@graph":[{"@type":"WebSite","@id":"https:\/\/www.urlaubcornwall.de\/blog\/#website","url":"https:\/\/www.urlaubcornwall.de\/blog\/","name":"Urlaub &amp; Reisen","description":"Urlaub, Reisen, Cornwall und S\u00fcdengland: eine perfekte Kombination","potentialAction":[{"@type":"SearchAction","target":{"@type":"EntryPoint","urlTemplate":"https:\/\/www.urlaubcornwall.de\/blog\/?s={search_term_string}"},"query-input":"required name=search_term_string"}],"inLanguage":"en-US"},{"@type":"WebPage","@id":"https:\/\/www.urlaubcornwall.de\/blog\/schoensten-hotels-in-mevagissey-suedkueste-cornwall\/","url":"https:\/\/www.urlaubcornwall.de\/blog\/schoensten-hotels-in-mevagissey-suedkueste-cornwall\/","name":"Sch\u00f6nsten Hotels in Mevagissey - S\u00fcdk\u00fcste Cornwall - Urlaub &amp; Reisen","isPartOf":{"@id":"https:\/\/www.urlaubcornwall.de\/blog\/#website"},"datePublished":"2019-02-07T16:23:52+00:00","dateModified":"2024-04-29T15:58:09+00:00","breadcrumb":{"@id":"https:\/\/www.urlaubcornwall.de\/blog\/schoensten-hotels-in-mevagissey-suedkueste-cornwall\/#breadcrumb"},"inLanguage":"en-US","potentialAction":[{"@type":"ReadAction","target":["https:\/\/www.urlaubcornwall.de\/blog\/schoensten-hotels-in-mevagissey-suedkueste-cornwall\/"]}]},{"@type":"BreadcrumbList","@id":"https:\/\/www.urlaubcornwall.de\/blog\/schoensten-hotels-in-mevagissey-suedkueste-cornwall\/#breadcrumb","itemListElement":[{"@type":"ListItem","position":1,"name":"Home","item":"https:\/\/www.urlaubcornwall.de\/blog\/"},{"@type":"ListItem","position":2,"name":"Sch\u00f6nsten Hotels in Mevagissey &#8211; S\u00fcdk\u00fcste Cornwall"}]}]}},"_links":{"self":[{"href":"https:\/\/www.urlaubcornwall.de\/blog\/wp-json\/wp\/v2\/pages\/35981"}],"collection":[{"href":"https:\/\/www.urlaubcornwall.de\/blog\/wp-json\/wp\/v2\/pages"}],"about":[{"href":"https:\/\/www.urlaubcornwall.de\/blog\/wp-json\/wp\/v2\/types\/page"}],"author":[{"embeddable":true,"href":"https:\/\/www.urlaubcornwall.de\/blog\/wp-json\/wp\/v2\/users\/1"}],"replies":[{"embeddable":true,"href":"https:\/\/www.urlaubcornwall.de\/blog\/wp-json\/wp\/v2\/comments?post=35981"}],"version-history":[{"count":6,"href":"https:\/\/www.urlaubcornwall.de\/blog\/wp-json\/wp\/v2\/pages\/35981\/revisions"}],"predecessor-version":[{"id":49930,"href":"https:\/\/www.urlaubcornwall.de\/blog\/wp-json\/wp\/v2\/pages\/35981\/revisions\/49930"}],"wp:attachment":[{"href":"https:\/\/www.urlaubcornwall.de\/blog\/wp-json\/wp\/v2\/media?parent=35981"}],"curies":[{"name":"wp","href":"https:\/\/api.w.org\/{rel}","templated":true}]}}