{"id":35943,"date":"2019-02-07T14:02:52","date_gmt":"2019-02-07T14:02:52","guid":{"rendered":"https:\/\/www.urlaubcornwall.de\/blog\/?page_id=35943"},"modified":"2024-05-30T14:53:49","modified_gmt":"2024-05-30T14:53:49","slug":"die-schoensten-hotels-in-fowey-fuer-ihren-urlaub-in-cornwall","status":"publish","type":"page","link":"https:\/\/www.urlaubcornwall.de\/blog\/die-schoensten-hotels-in-fowey-fuer-ihren-urlaub-in-cornwall\/","title":{"rendered":"Die sch\u00f6nsten Hotels in Fowey f\u00fcr Ihren Urlaub in Cornwall"},"content":{"rendered":"<p><a href=\"https:\/\/www.urlaubcornwall.de\/blog\/wp-content\/uploads\/2024\/03\/polruan-fowey.jpg\"><img loading=\"lazy\" src=\"https:\/\/www.urlaubcornwall.de\/blog\/wp-content\/uploads\/2024\/03\/polruan-fowey.jpg\" alt=\"\" width=\"750\" height=\"500\" class=\"alignnone size-full wp-image-48075\" srcset=\"https:\/\/www.urlaubcornwall.de\/blog\/wp-content\/uploads\/2024\/03\/polruan-fowey.jpg 750w, https:\/\/www.urlaubcornwall.de\/blog\/wp-content\/uploads\/2024\/03\/polruan-fowey-300x200.jpg 300w\" sizes=\"(max-width: 750px) 100vw, 750px\" \/><\/a><br \/>\nFowey ist ein bezauberndes Hafenst\u00e4dtchen, das sich von hoch auf einem H\u00fcgel bis zum Meer hinunter erstreckt. Enge schiefe Str\u00e4\u00dfchen verleihen Fowey eine klassisch kornische Atmosph\u00e4re. Die Inspiration f\u00fcr den Gro\u00dfteil der von Daphne du Maurier geschriebenen Geschichten l\u00e4sst sich an der K\u00fcste und Landschaft in der N\u00e4he ihres Anwesens Menabilly erkennen.<\/p>\n<p style=\"text-align: center;\">F\u00fcr all jene, die innerhalb von<a href=\"https:\/\/www.urlaubcornwall.de\/reiseziel\/cornwall.php\"> Cornwalls wundervoller Landschaft <\/a>untergebracht sein wollen, k\u00f6nnen wir fantastische Hotels mit Meerblick anbieten, die jedem Geldbeutel gerecht werden, von B&amp;Bs oder Familienhotels, die ein gro\u00dfartiges Preis-Leistungsverh\u00e4ltnis, Last Minute Angebote und M\u00f6glichkeiten f\u00fcr Kinder bieten bis hin zu Luxus-Spa-Hotels, eleganten Herrenh\u00e4usern oder f\u00fcnf-Sterne Schloss- und Boutique-Hotels.<\/p>\n<p><ins class=\"bookingaff\" data-aid=\"1704011\" data-target_aid=\"1704011\" data-prod=\"map\" data-width=\"100%\" data-height=\"590\" data-lang=\"ualng\" data-dest_id=\"0\" data-dest_type=\"landmark\" data-latitude=\"50.33499\" data-longitude=\"-4.636525\" data-mwhsb=\"1\"><br \/>\n    <!-- Anything inside will go away once widget is loaded. --><br \/>\n        <a href=\"\/\/www.booking.com?aid=1704011\"rel=\"nofollow\">Booking.com<\/a><br \/>\n<\/ins><br \/>\n<script type=\"text\/javascript\">\n    (function(d, sc, u) {\n      var s = d.createElement(sc), p = d.getElementsByTagName(sc)[0];\n      s.type = 'text\/javascript';\n      s.async = true;\n      s.src = u + '?v=' + (+new Date());\n      p.parentNode.insertBefore(s,p);\n      })(document, 'script', '\/\/aff.bstatic.com\/static\/affiliate_base\/js\/flexiproduct.js');\n<\/script><\/p>\n<div class=\"snippet\"> <a class=\"featured-item\" href=\"https:\/\/www.urlaubcornwall.de\/ferienhaeuser\/cornwall.php\"> <span class=\"image-holder\" style=\"background-image: url(' https:\/\/www.urlaubcornwall.de\/blog\/wp-content\/uploads\/2018\/12\/ferienhaus-cornwall-mit-hund.jpg ');\"><\/span> <span class=\"featured-content\"> \n<h2 class=\"featured-title\">Ferienh\u00e4user in Cornwall zum Verlieben!<\/h2>\n<p class=\"featured-body\">Cornwall besitzt mehr K\u00fcstenlinien als jede andere Grafschaft und bietet einige der besten Str\u00e4nde, K\u00fcstenwanderwege und Klippenlandschaften, die man \u00fcberhaupt finden kann&#8230;.<\/p><\/span> <span class=\"featured-link-holder\"> <span class=\"featured-extra-info\"> \n<p>F\u00fcr Paare, Familien &#038; Gruppen<\/p>\n<\/span> \n<p class=\"featured-link\">DETAILS<\/p>\n<\/span> <\/a><\/div>\n<div class=\"snippet\"> <a class=\"featured-item\" href=\" https:\/\/www.urlaubcornwall.de\/rundreisen\/cornwall-suedengland.php\"> <span class=\"image-holder\" style=\"background-image: url(' https:\/\/www.urlaubcornwall.de\/blog\/wp-content\/uploads\/2018\/11\/rundreise-cornwall.jpg ');\"><\/span> <span class=\"featured-content\"> \n<h2 class=\"featured-title\">Individuelle Rundreise in Cornwall &#038; S\u00fcdengland<\/h2>\n<p class=\"featured-body\"> Bei dieser Cornwall Rundreise entdecken Sie die H\u00f6hepunkte S\u00fcdenglands. Kultur, Geschichte, Landschaft und heutiges Leben werden Sie hierbei kennenlernen&#8230;<\/p>\n<\/span> <span class=\"featured-link-holder\"> <span class=\"featured-extra-info\"> \n<p>Urlaub im eigenen Schritttempo<\/p>\n<\/span> \n<p class=\"featured-link\">DETAILS<\/p>\n<\/span> <\/a><\/div>\n","protected":false},"excerpt":{"rendered":"<p>Fowey ist ein bezauberndes Hafenst\u00e4dtchen, das sich von hoch auf einem H\u00fcgel bis zum Meer hinunter erstreckt. Enge schiefe Str\u00e4\u00dfchen verleihen Fowey eine klassisch kornische Atmosph\u00e4re. Die Inspiration f\u00fcr den Gro\u00dfteil der von Daphne du Maurier geschriebenen Geschichten l\u00e4sst sich an der K\u00fcste und Landschaft in der N\u00e4he ihres Anwesens Menabilly erkennen. F\u00fcr all jene, [&hellip;]<\/p>\n","protected":false},"author":1,"featured_media":0,"parent":0,"menu_order":0,"comment_status":"closed","ping_status":"closed","template":"single-four.php","meta":[],"acf":[],"yoast_head":"<!-- This site is optimized with the Yoast SEO plugin v19.4 - https:\/\/yoast.com\/wordpress\/plugins\/seo\/ -->\n<title>Die sch\u00f6nsten Hotels in Fowey f\u00fcr Ihren Urlaub in Cornwall - Urlaub &amp; Reisen<\/title>\n<meta name=\"robots\" content=\"index, follow, max-snippet:-1, max-image-preview:large, max-video-preview:-1\" \/>\n<link rel=\"canonical\" href=\"https:\/\/www.urlaubcornwall.de\/blog\/die-schoensten-hotels-in-fowey-fuer-ihren-urlaub-in-cornwall\/\" \/>\n<meta property=\"og:locale\" content=\"en_US\" \/>\n<meta property=\"og:type\" content=\"article\" \/>\n<meta property=\"og:title\" content=\"Die sch\u00f6nsten Hotels in Fowey f\u00fcr Ihren Urlaub in Cornwall - Urlaub &amp; Reisen\" \/>\n<meta property=\"og:description\" content=\"Fowey ist ein bezauberndes Hafenst\u00e4dtchen, das sich von hoch auf einem H\u00fcgel bis zum Meer hinunter erstreckt. Enge schiefe Str\u00e4\u00dfchen verleihen Fowey eine klassisch kornische Atmosph\u00e4re. Die Inspiration f\u00fcr den Gro\u00dfteil der von Daphne du Maurier geschriebenen Geschichten l\u00e4sst sich an der K\u00fcste und Landschaft in der N\u00e4he ihres Anwesens Menabilly erkennen. F\u00fcr all jene, [&hellip;]\" \/>\n<meta property=\"og:url\" content=\"https:\/\/www.urlaubcornwall.de\/blog\/die-schoensten-hotels-in-fowey-fuer-ihren-urlaub-in-cornwall\/\" \/>\n<meta property=\"og:site_name\" content=\"Urlaub &amp; Reisen\" \/>\n<meta property=\"article:modified_time\" content=\"2024-05-30T14:53:49+00:00\" \/>\n<meta property=\"og:image\" content=\"https:\/\/www.urlaubcornwall.de\/blog\/wp-content\/uploads\/2024\/03\/polruan-fowey.jpg\" \/>\n<meta name=\"twitter:card\" content=\"summary\" \/>\n<meta name=\"twitter:label1\" content=\"Est. reading time\" \/>\n\t<meta name=\"twitter:data1\" content=\"2 minutes\" \/>\n<script type=\"application\/ld+json\" class=\"yoast-schema-graph\">{\"@context\":\"https:\/\/schema.org\",\"@graph\":[{\"@type\":\"WebSite\",\"@id\":\"https:\/\/www.urlaubcornwall.de\/blog\/#website\",\"url\":\"https:\/\/www.urlaubcornwall.de\/blog\/\",\"name\":\"Urlaub &amp; Reisen\",\"description\":\"Urlaub, Reisen, Cornwall und S\u00fcdengland: eine perfekte Kombination\",\"potentialAction\":[{\"@type\":\"SearchAction\",\"target\":{\"@type\":\"EntryPoint\",\"urlTemplate\":\"https:\/\/www.urlaubcornwall.de\/blog\/?s={search_term_string}\"},\"query-input\":\"required name=search_term_string\"}],\"inLanguage\":\"en-US\"},{\"@type\":\"WebPage\",\"@id\":\"https:\/\/www.urlaubcornwall.de\/blog\/die-schoensten-hotels-in-fowey-fuer-ihren-urlaub-in-cornwall\/\",\"url\":\"https:\/\/www.urlaubcornwall.de\/blog\/die-schoensten-hotels-in-fowey-fuer-ihren-urlaub-in-cornwall\/\",\"name\":\"Die sch\u00f6nsten Hotels in Fowey f\u00fcr Ihren Urlaub in Cornwall - Urlaub &amp; Reisen\",\"isPartOf\":{\"@id\":\"https:\/\/www.urlaubcornwall.de\/blog\/#website\"},\"datePublished\":\"2019-02-07T14:02:52+00:00\",\"dateModified\":\"2024-05-30T14:53:49+00:00\",\"breadcrumb\":{\"@id\":\"https:\/\/www.urlaubcornwall.de\/blog\/die-schoensten-hotels-in-fowey-fuer-ihren-urlaub-in-cornwall\/#breadcrumb\"},\"inLanguage\":\"en-US\",\"potentialAction\":[{\"@type\":\"ReadAction\",\"target\":[\"https:\/\/www.urlaubcornwall.de\/blog\/die-schoensten-hotels-in-fowey-fuer-ihren-urlaub-in-cornwall\/\"]}]},{\"@type\":\"BreadcrumbList\",\"@id\":\"https:\/\/www.urlaubcornwall.de\/blog\/die-schoensten-hotels-in-fowey-fuer-ihren-urlaub-in-cornwall\/#breadcrumb\",\"itemListElement\":[{\"@type\":\"ListItem\",\"position\":1,\"name\":\"Home\",\"item\":\"https:\/\/www.urlaubcornwall.de\/blog\/\"},{\"@type\":\"ListItem\",\"position\":2,\"name\":\"Die sch\u00f6nsten Hotels in Fowey f\u00fcr Ihren Urlaub in Cornwall\"}]}]}<\/script>\n<!-- \/ Yoast SEO plugin. -->","yoast_head_json":{"title":"Die sch\u00f6nsten Hotels in Fowey f\u00fcr Ihren Urlaub in Cornwall - Urlaub &amp; Reisen","robots":{"index":"index","follow":"follow","max-snippet":"max-snippet:-1","max-image-preview":"max-image-preview:large","max-video-preview":"max-video-preview:-1"},"canonical":"https:\/\/www.urlaubcornwall.de\/blog\/die-schoensten-hotels-in-fowey-fuer-ihren-urlaub-in-cornwall\/","og_locale":"en_US","og_type":"article","og_title":"Die sch\u00f6nsten Hotels in Fowey f\u00fcr Ihren Urlaub in Cornwall - Urlaub &amp; Reisen","og_description":"Fowey ist ein bezauberndes Hafenst\u00e4dtchen, das sich von hoch auf einem H\u00fcgel bis zum Meer hinunter erstreckt. Enge schiefe Str\u00e4\u00dfchen verleihen Fowey eine klassisch kornische Atmosph\u00e4re. Die Inspiration f\u00fcr den Gro\u00dfteil der von Daphne du Maurier geschriebenen Geschichten l\u00e4sst sich an der K\u00fcste und Landschaft in der N\u00e4he ihres Anwesens Menabilly erkennen. F\u00fcr all jene, [&hellip;]","og_url":"https:\/\/www.urlaubcornwall.de\/blog\/die-schoensten-hotels-in-fowey-fuer-ihren-urlaub-in-cornwall\/","og_site_name":"Urlaub &amp; Reisen","article_modified_time":"2024-05-30T14:53:49+00:00","og_image":[{"url":"https:\/\/www.urlaubcornwall.de\/blog\/wp-content\/uploads\/2024\/03\/polruan-fowey.jpg"}],"twitter_card":"summary","twitter_misc":{"Est. reading time":"2 minutes"},"schema":{"@context":"https:\/\/schema.org","@graph":[{"@type":"WebSite","@id":"https:\/\/www.urlaubcornwall.de\/blog\/#website","url":"https:\/\/www.urlaubcornwall.de\/blog\/","name":"Urlaub &amp; Reisen","description":"Urlaub, Reisen, Cornwall und S\u00fcdengland: eine perfekte Kombination","potentialAction":[{"@type":"SearchAction","target":{"@type":"EntryPoint","urlTemplate":"https:\/\/www.urlaubcornwall.de\/blog\/?s={search_term_string}"},"query-input":"required name=search_term_string"}],"inLanguage":"en-US"},{"@type":"WebPage","@id":"https:\/\/www.urlaubcornwall.de\/blog\/die-schoensten-hotels-in-fowey-fuer-ihren-urlaub-in-cornwall\/","url":"https:\/\/www.urlaubcornwall.de\/blog\/die-schoensten-hotels-in-fowey-fuer-ihren-urlaub-in-cornwall\/","name":"Die sch\u00f6nsten Hotels in Fowey f\u00fcr Ihren Urlaub in Cornwall - Urlaub &amp; Reisen","isPartOf":{"@id":"https:\/\/www.urlaubcornwall.de\/blog\/#website"},"datePublished":"2019-02-07T14:02:52+00:00","dateModified":"2024-05-30T14:53:49+00:00","breadcrumb":{"@id":"https:\/\/www.urlaubcornwall.de\/blog\/die-schoensten-hotels-in-fowey-fuer-ihren-urlaub-in-cornwall\/#breadcrumb"},"inLanguage":"en-US","potentialAction":[{"@type":"ReadAction","target":["https:\/\/www.urlaubcornwall.de\/blog\/die-schoensten-hotels-in-fowey-fuer-ihren-urlaub-in-cornwall\/"]}]},{"@type":"BreadcrumbList","@id":"https:\/\/www.urlaubcornwall.de\/blog\/die-schoensten-hotels-in-fowey-fuer-ihren-urlaub-in-cornwall\/#breadcrumb","itemListElement":[{"@type":"ListItem","position":1,"name":"Home","item":"https:\/\/www.urlaubcornwall.de\/blog\/"},{"@type":"ListItem","position":2,"name":"Die sch\u00f6nsten Hotels in Fowey f\u00fcr Ihren Urlaub in Cornwall"}]}]}},"_links":{"self":[{"href":"https:\/\/www.urlaubcornwall.de\/blog\/wp-json\/wp\/v2\/pages\/35943"}],"collection":[{"href":"https:\/\/www.urlaubcornwall.de\/blog\/wp-json\/wp\/v2\/pages"}],"about":[{"href":"https:\/\/www.urlaubcornwall.de\/blog\/wp-json\/wp\/v2\/types\/page"}],"author":[{"embeddable":true,"href":"https:\/\/www.urlaubcornwall.de\/blog\/wp-json\/wp\/v2\/users\/1"}],"replies":[{"embeddable":true,"href":"https:\/\/www.urlaubcornwall.de\/blog\/wp-json\/wp\/v2\/comments?post=35943"}],"version-history":[{"count":5,"href":"https:\/\/www.urlaubcornwall.de\/blog\/wp-json\/wp\/v2\/pages\/35943\/revisions"}],"predecessor-version":[{"id":51130,"href":"https:\/\/www.urlaubcornwall.de\/blog\/wp-json\/wp\/v2\/pages\/35943\/revisions\/51130"}],"wp:attachment":[{"href":"https:\/\/www.urlaubcornwall.de\/blog\/wp-json\/wp\/v2\/media?parent=35943"}],"curies":[{"name":"wp","href":"https:\/\/api.w.org\/{rel}","templated":true}]}}