{"id":35668,"date":"2019-02-02T15:13:33","date_gmt":"2019-02-02T15:13:33","guid":{"rendered":"https:\/\/www.urlaubcornwall.de\/blog\/?page_id=35668"},"modified":"2024-05-28T09:17:10","modified_gmt":"2024-05-28T09:17:10","slug":"hotels-und-bed-breakfast-lands-end","status":"publish","type":"page","link":"https:\/\/www.urlaubcornwall.de\/blog\/hotels-und-bed-breakfast-lands-end\/","title":{"rendered":"Handverlesene Hotels und B&#038;Bs Lands End"},"content":{"rendered":"<p><img loading=\"lazy\" class=\"aligncenter size-full wp-image-48059\" src=\"https:\/\/www.urlaubcornwall.de\/blog\/wp-content\/uploads\/2024\/03\/cape-cornwall_lands-end.jpg\" alt=\"cape cornwall_lands end\" width=\"750\" height=\"500\" srcset=\"https:\/\/www.urlaubcornwall.de\/blog\/wp-content\/uploads\/2024\/03\/cape-cornwall_lands-end.jpg 750w, https:\/\/www.urlaubcornwall.de\/blog\/wp-content\/uploads\/2024\/03\/cape-cornwall_lands-end-300x200.jpg 300w\" sizes=\"(max-width: 750px) 100vw, 750px\" \/><\/p>\n<p>Unsere Lieblingshotels in Penzance und St Ives bieten einen perfekten Ausgangsort, um <a href=\"https:\/\/www.urlaubcornwall.de\/blog\/lands-end-geschichte-sehenswuerdigkeiten-und-unterkunft\/\">das ikonische Land\u2019s End<\/a> zu erkunden. Land\u2019s End in Cornwall ist der s\u00fcdwestlichste Punkt auf dem britischen Festland und eines der ber\u00fchmtesten Wahrzeichen des Landes. Von den 60 Meter hohen Granitfelsen, die aus dem Atlantischen Ozean emporragen, k\u00f6nnen Sie zum Longships Leuchtturm hinausblicken, sowie auf die 45 Kilometer entfernten <a href=\"http:\/\/www.urlaubcornwall.de\/Scilly-Inseln.php\"><span style=\"text-decoration: underline;\">Scilly-Inseln<\/span>.<\/a><\/p>\n<div class=\"snippet\"> <a class=\"featured-item\" href=\"http:\/\/www.booking.com\/hotel\/gb\/primrose-valley.html?aid=1320750&amp;no_rooms=1&amp;group_adults=2&amp;room1=A%2CA\"> <span class=\"image-holder\" style=\"background-image: url(' https:\/\/www.urlaubcornwall.de\/blog\/wp-content\/uploads\/2019\/01\/st-ives-primrose-valley-hotel-st-ives-1.jpg');\"><\/span> <span class=\"featured-content\"> \n<h2 class=\"featured-title\">Primrose Valley Hotel<\/h2>\n<p class=\"featured-body\">Das Hotel in einer edwardianischen Villa am Meer bietet zeitgen\u00f6ssisch-modernen, entspannt-stilvollen Komfort \u2013 und zum herrlichen Porthminster Beach gelangt man in wenigen Sekunden&#8230;.<\/p><\/span> <span class=\"featured-link-holder\"> <span class=\"featured-extra-info\">\n<p>Stilvolle Zimmer und erschwingliche Preise<\/p>\n<\/span> \n<p class=\"featured-link\">DETAILS<\/p>\n<\/span> <\/a><\/div>\n<div class=\"snippet\"> <a class=\"featured-item\" href=\" https:\/\/www.urlaubcornwall.de\/blog\/hotel-penzance-entdecke-west-cornwall\/\"> <span class=\"image-holder\" style=\"background-image: url(' https:\/\/www.urlaubcornwall.de\/blog\/wp-content\/uploads\/2019\/01\/hotel_penzance.jpg ');\"><\/span> <span class=\"featured-content\"> \n<h2 class=\"featured-title\">Hotel Penzance am Meer<\/h2>\n<p class=\"featured-body\">Das 4 Sterne Hotel Penzance ist eine stilvolle und komfortable Stadtvilla am Meer, die sich in unmittelbarer N\u00e4he des Stadtzentrums von Penzance befindet. Wir haben vor Kurzem diese elegante edwardianische Villa&#8230;&#8230;. <\/p><\/span> <span class=\"featured-link-holder\"> <span class=\"featured-extra-info\"> \n<p>Entdecke West-Cornwall<\/p>\n<\/span> \n<p class=\"featured-link\">DETAILS<\/p>\n<\/span> <\/a><\/div>\n<div class=\"snippet\"> <a class=\"featured-item\" href=\" https:\/\/www.urlaubcornwall.de\/blog\/hotel-am-meer-st-michaels-mount-godolphin-arms-marazion-westcornwall\/\"> <span class=\"image-holder\" style=\"background-image: url(' https:\/\/www.urlaubcornwall.de\/blog\/wp-content\/uploads\/2024\/03\/marazion_und-st-michaels-mount-1.jpg');\"><\/span> <span class=\"featured-content\"> \n<h2 class=\"featured-title\"> Godolphin Arms Hotel<\/h2>\n<p class=\"featured-body\">Godolphin Arms liegt am Ufer der Mounts Bucht an einem zwei Meilen langen Strand der historischen Marktstadt Marazion bei Penzance in Westcornwall. Mit Blick \u00fcber den wundersch\u00f6nen St Michaels Mount&#8230;&#8230;.. <\/p><\/span> <span class=\"featured-link-holder\"> <span class=\"featured-extra-info\"> \n<p>Stilvolle en-Suite-Schlafzimmer <\/p>\n<\/span> \n<p class=\"featured-link\">DETAILS<\/p>\n<\/span> <\/a><\/div>\n<div class=\"snippet\"> <a class=\"featured-item\" href=\"https:\/\/www.urlaubcornwall.de\/blog\/carbis-bay-hotel-am-meer-st-ives\/\"> <span class=\"image-holder\" style=\"background-image: url(' https:\/\/www.urlaubcornwall.de\/blog\/wp-content\/uploads\/2019\/01\/carbis-bay-hotel-st-ives-am-meer.jpg ');\"><\/span> <span class=\"featured-content\"> \n<h2 class=\"featured-title\">Carbis Bay Hotel und Spa am Meer<\/h2>\n<p class=\"featured-body\">Dieses Hotel ist von h\u00f6chster Qualit\u00e4t, seit 30 Jahren familiengef\u00fchrt und h\u00e4lt den hauseigenen Strand instand. Durch seine blaue Flagge ist der Strand der perfekte Familienurlaubsort am Meer&#8230;.<\/p><\/span> <span class=\"featured-link-holder\"> <span class=\"featured-extra-info\">\n<p>In der N\u00e4he das eines der ausgezeichnetsten Sandstr\u00e4nde<\/p>\n<\/span> \n<p class=\"featured-link\">DETAILS<\/p>\n<\/span> <\/a><\/div>\n<p>Klicken Sie <a title=\"Handverlesene und pers\u00f6nlich besuchte Hotels\" href=\"http:\/\/www.urlaubcornwall.de\/hotels.php\"><span style=\"text-decoration: underline;\">hier<\/span>, um sich unser vollst\u00e4ndiges Angebot der besten Hotels in Cornwall anzusehen.<\/a><\/p>\n<p><ins class=\"bookingaff\" data-aid=\"1700734\" data-target_aid=\"1700734\" data-prod=\"map\" data-width=\"100%\" data-height=\"590\" data-lang=\"ualng\" data-dest_id=\"0\" data-dest_type=\"landmark\" data-latitude=\"50.1333333\" data-longitude=\"-5.7\" data-landmark_name=\"Lands End\" data-mwhsb=\"1\"><br \/>\n    <!-- Anything inside will go away once widget is loaded. --><br \/>\n        <a href=\"\/\/www.booking.com?aid=1700734\" rel=\"nofollow\">Booking.com<\/a><br \/>\n<\/ins><br \/>\n<script type=\"text\/javascript\">\n    (function(d, sc, u) {\n      var s = d.createElement(sc), p = d.getElementsByTagName(sc)[0];\n      s.type = 'text\/javascript';\n      s.async = true;\n      s.src = u + '?v=' + (+new Date());\n      p.parentNode.insertBefore(s,p);\n      })(document, 'script', '\/\/aff.bstatic.com\/static\/affiliate_base\/js\/flexiproduct.js');\n<\/script><\/p>\n","protected":false},"excerpt":{"rendered":"<p>Unsere Lieblingshotels in Penzance und St Ives bieten einen perfekten Ausgangsort, um das ikonische Land\u2019s End zu erkunden. Land\u2019s End in Cornwall ist der s\u00fcdwestlichste Punkt auf dem britischen Festland und eines der ber\u00fchmtesten Wahrzeichen des Landes. Von den 60 Meter hohen Granitfelsen, die aus dem Atlantischen Ozean emporragen, k\u00f6nnen Sie zum Longships Leuchtturm hinausblicken, [&hellip;]<\/p>\n","protected":false},"author":1,"featured_media":0,"parent":0,"menu_order":0,"comment_status":"closed","ping_status":"closed","template":"single-four.php","meta":[],"acf":[],"yoast_head":"<!-- This site is optimized with the Yoast SEO plugin v19.4 - https:\/\/yoast.com\/wordpress\/plugins\/seo\/ -->\n<title>Handverlesene Hotels und B&amp;Bs Lands End - Urlaub &amp; Reisen<\/title>\n<meta name=\"robots\" content=\"index, follow, max-snippet:-1, max-image-preview:large, max-video-preview:-1\" \/>\n<link rel=\"canonical\" href=\"https:\/\/www.urlaubcornwall.de\/blog\/hotels-und-bed-breakfast-lands-end\/\" \/>\n<meta property=\"og:locale\" content=\"en_US\" \/>\n<meta property=\"og:type\" content=\"article\" \/>\n<meta property=\"og:title\" content=\"Handverlesene Hotels und B&amp;Bs Lands End - Urlaub &amp; Reisen\" \/>\n<meta property=\"og:description\" content=\"Unsere Lieblingshotels in Penzance und St Ives bieten einen perfekten Ausgangsort, um das ikonische Land\u2019s End zu erkunden. Land\u2019s End in Cornwall ist der s\u00fcdwestlichste Punkt auf dem britischen Festland und eines der ber\u00fchmtesten Wahrzeichen des Landes. Von den 60 Meter hohen Granitfelsen, die aus dem Atlantischen Ozean emporragen, k\u00f6nnen Sie zum Longships Leuchtturm hinausblicken, [&hellip;]\" \/>\n<meta property=\"og:url\" content=\"https:\/\/www.urlaubcornwall.de\/blog\/hotels-und-bed-breakfast-lands-end\/\" \/>\n<meta property=\"og:site_name\" content=\"Urlaub &amp; Reisen\" \/>\n<meta property=\"article:modified_time\" content=\"2024-05-28T09:17:10+00:00\" \/>\n<meta property=\"og:image\" content=\"https:\/\/www.urlaubcornwall.de\/blog\/wp-content\/uploads\/2024\/03\/cape-cornwall_lands-end.jpg\" \/>\n<meta name=\"twitter:card\" content=\"summary\" \/>\n<meta name=\"twitter:label1\" content=\"Est. reading time\" \/>\n\t<meta name=\"twitter:data1\" content=\"2 minutes\" \/>\n<script type=\"application\/ld+json\" class=\"yoast-schema-graph\">{\"@context\":\"https:\/\/schema.org\",\"@graph\":[{\"@type\":\"WebSite\",\"@id\":\"https:\/\/www.urlaubcornwall.de\/blog\/#website\",\"url\":\"https:\/\/www.urlaubcornwall.de\/blog\/\",\"name\":\"Urlaub &amp; Reisen\",\"description\":\"Urlaub, Reisen, Cornwall und S\u00fcdengland: eine perfekte Kombination\",\"potentialAction\":[{\"@type\":\"SearchAction\",\"target\":{\"@type\":\"EntryPoint\",\"urlTemplate\":\"https:\/\/www.urlaubcornwall.de\/blog\/?s={search_term_string}\"},\"query-input\":\"required name=search_term_string\"}],\"inLanguage\":\"en-US\"},{\"@type\":\"WebPage\",\"@id\":\"https:\/\/www.urlaubcornwall.de\/blog\/hotels-und-bed-breakfast-lands-end\/\",\"url\":\"https:\/\/www.urlaubcornwall.de\/blog\/hotels-und-bed-breakfast-lands-end\/\",\"name\":\"Handverlesene Hotels und B&Bs Lands End - Urlaub &amp; Reisen\",\"isPartOf\":{\"@id\":\"https:\/\/www.urlaubcornwall.de\/blog\/#website\"},\"datePublished\":\"2019-02-02T15:13:33+00:00\",\"dateModified\":\"2024-05-28T09:17:10+00:00\",\"breadcrumb\":{\"@id\":\"https:\/\/www.urlaubcornwall.de\/blog\/hotels-und-bed-breakfast-lands-end\/#breadcrumb\"},\"inLanguage\":\"en-US\",\"potentialAction\":[{\"@type\":\"ReadAction\",\"target\":[\"https:\/\/www.urlaubcornwall.de\/blog\/hotels-und-bed-breakfast-lands-end\/\"]}]},{\"@type\":\"BreadcrumbList\",\"@id\":\"https:\/\/www.urlaubcornwall.de\/blog\/hotels-und-bed-breakfast-lands-end\/#breadcrumb\",\"itemListElement\":[{\"@type\":\"ListItem\",\"position\":1,\"name\":\"Home\",\"item\":\"https:\/\/www.urlaubcornwall.de\/blog\/\"},{\"@type\":\"ListItem\",\"position\":2,\"name\":\"Handverlesene Hotels und B&#038;Bs Lands End\"}]}]}<\/script>\n<!-- \/ Yoast SEO plugin. -->","yoast_head_json":{"title":"Handverlesene Hotels und B&Bs Lands End - Urlaub &amp; Reisen","robots":{"index":"index","follow":"follow","max-snippet":"max-snippet:-1","max-image-preview":"max-image-preview:large","max-video-preview":"max-video-preview:-1"},"canonical":"https:\/\/www.urlaubcornwall.de\/blog\/hotels-und-bed-breakfast-lands-end\/","og_locale":"en_US","og_type":"article","og_title":"Handverlesene Hotels und B&Bs Lands End - Urlaub &amp; Reisen","og_description":"Unsere Lieblingshotels in Penzance und St Ives bieten einen perfekten Ausgangsort, um das ikonische Land\u2019s End zu erkunden. Land\u2019s End in Cornwall ist der s\u00fcdwestlichste Punkt auf dem britischen Festland und eines der ber\u00fchmtesten Wahrzeichen des Landes. Von den 60 Meter hohen Granitfelsen, die aus dem Atlantischen Ozean emporragen, k\u00f6nnen Sie zum Longships Leuchtturm hinausblicken, [&hellip;]","og_url":"https:\/\/www.urlaubcornwall.de\/blog\/hotels-und-bed-breakfast-lands-end\/","og_site_name":"Urlaub &amp; Reisen","article_modified_time":"2024-05-28T09:17:10+00:00","og_image":[{"url":"https:\/\/www.urlaubcornwall.de\/blog\/wp-content\/uploads\/2024\/03\/cape-cornwall_lands-end.jpg"}],"twitter_card":"summary","twitter_misc":{"Est. reading time":"2 minutes"},"schema":{"@context":"https:\/\/schema.org","@graph":[{"@type":"WebSite","@id":"https:\/\/www.urlaubcornwall.de\/blog\/#website","url":"https:\/\/www.urlaubcornwall.de\/blog\/","name":"Urlaub &amp; Reisen","description":"Urlaub, Reisen, Cornwall und S\u00fcdengland: eine perfekte Kombination","potentialAction":[{"@type":"SearchAction","target":{"@type":"EntryPoint","urlTemplate":"https:\/\/www.urlaubcornwall.de\/blog\/?s={search_term_string}"},"query-input":"required name=search_term_string"}],"inLanguage":"en-US"},{"@type":"WebPage","@id":"https:\/\/www.urlaubcornwall.de\/blog\/hotels-und-bed-breakfast-lands-end\/","url":"https:\/\/www.urlaubcornwall.de\/blog\/hotels-und-bed-breakfast-lands-end\/","name":"Handverlesene Hotels und B&Bs Lands End - Urlaub &amp; Reisen","isPartOf":{"@id":"https:\/\/www.urlaubcornwall.de\/blog\/#website"},"datePublished":"2019-02-02T15:13:33+00:00","dateModified":"2024-05-28T09:17:10+00:00","breadcrumb":{"@id":"https:\/\/www.urlaubcornwall.de\/blog\/hotels-und-bed-breakfast-lands-end\/#breadcrumb"},"inLanguage":"en-US","potentialAction":[{"@type":"ReadAction","target":["https:\/\/www.urlaubcornwall.de\/blog\/hotels-und-bed-breakfast-lands-end\/"]}]},{"@type":"BreadcrumbList","@id":"https:\/\/www.urlaubcornwall.de\/blog\/hotels-und-bed-breakfast-lands-end\/#breadcrumb","itemListElement":[{"@type":"ListItem","position":1,"name":"Home","item":"https:\/\/www.urlaubcornwall.de\/blog\/"},{"@type":"ListItem","position":2,"name":"Handverlesene Hotels und B&#038;Bs Lands End"}]}]}},"_links":{"self":[{"href":"https:\/\/www.urlaubcornwall.de\/blog\/wp-json\/wp\/v2\/pages\/35668"}],"collection":[{"href":"https:\/\/www.urlaubcornwall.de\/blog\/wp-json\/wp\/v2\/pages"}],"about":[{"href":"https:\/\/www.urlaubcornwall.de\/blog\/wp-json\/wp\/v2\/types\/page"}],"author":[{"embeddable":true,"href":"https:\/\/www.urlaubcornwall.de\/blog\/wp-json\/wp\/v2\/users\/1"}],"replies":[{"embeddable":true,"href":"https:\/\/www.urlaubcornwall.de\/blog\/wp-json\/wp\/v2\/comments?post=35668"}],"version-history":[{"count":8,"href":"https:\/\/www.urlaubcornwall.de\/blog\/wp-json\/wp\/v2\/pages\/35668\/revisions"}],"predecessor-version":[{"id":50337,"href":"https:\/\/www.urlaubcornwall.de\/blog\/wp-json\/wp\/v2\/pages\/35668\/revisions\/50337"}],"wp:attachment":[{"href":"https:\/\/www.urlaubcornwall.de\/blog\/wp-json\/wp\/v2\/media?parent=35668"}],"curies":[{"name":"wp","href":"https:\/\/api.w.org\/{rel}","templated":true}]}}