{"id":35434,"date":"2019-01-28T13:23:52","date_gmt":"2019-01-28T13:23:52","guid":{"rendered":"https:\/\/www.urlaubcornwall.de\/blog\/?page_id=35434"},"modified":"2021-11-19T08:59:25","modified_gmt":"2021-11-19T08:59:25","slug":"incomingspezialist-fuer-gruppenreisen-cornwall-und-nach-grossbritannien","status":"publish","type":"page","link":"https:\/\/www.urlaubcornwall.de\/blog\/incomingspezialist-fuer-gruppenreisen-cornwall-und-nach-grossbritannien\/","title":{"rendered":"Incoming Spezialist f\u00fcr Gruppenreisen in Gro\u00dfbritannien"},"content":{"rendered":"<p><a href=\"https:\/\/www.urlaubcornwall.de\/blog\/wp-content\/uploads\/2017\/08\/urlaub-und-gro\u00dfbritannien_logo-1.jpg\"><img loading=\"lazy\" src=\"https:\/\/www.urlaubcornwall.de\/blog\/wp-content\/uploads\/2017\/08\/urlaub-und-gro\u00dfbritannien_logo-1.jpg\" alt=\"Gruppenreisen und Touren durch Cornwall, S\u00fcdengland, S\u00fcdwestengland und London\" width=\"748\" height=\"404\" class=\"alignnone size-full wp-image-28670\" \/><\/a><br \/>\nUrlaubCornwall DMC &#8211; Ihr kompetenter B2B Partner und Incomingspezialist f\u00fcr Gruppenreisen Cornwall und nach England, Schottland, Wales &#038;  Irland<\/p>\n<p>Mit Firmensitz in Truro ist UrlaubCornwall die einzige spezialisierte <a href=\"https:\/\/www.urlaubcornwall.de\/massgeschneiderte-gruppenreisen-und-touren.php\">Destination Management Company<\/a> f\u00fcr Cornwall &amp; Isles of Scilly. Wir k\u00f6nnen Cornwall in Reisepl\u00e4ne durch S\u00fcdengland und den Rest Gro\u00dfbritanniens mit einbinden.<\/p>\n<p>M\u00f6chten Sie eine private Busreise, Vereinreise, Seniorenreise, Klassenfahrt oder Gruppenfahrt organisieren? Wir k\u00f6nnen Ihnen behilflich sein, eine fantastische Gruppenreise zusammenzustellen, auf der Sie die sch\u00f6nsten Sehensw\u00fcrdigkeiten S\u00fcdenglands entdecken k\u00f6nnen. Auch interessante Themenreisen, wie z.B. eine Gartentour ,Literaturreise, oder Chorreise auf der Sie die ber\u00fchmten Schaupl\u00e4tze der Rosamunde Pilcher Verfilmungen besichtigen k\u00f6nnen, sind m\u00f6glich.<\/p>\n<p><strong>Unsere DMC Dienstleistungen:<\/strong><\/p>\n<p>\u2022 wahrhaft pers\u00f6nlicher Service<\/p>\n<p>\u2022 Finden von Unterkunftsorten und Management<\/p>\n<p>\u2022 Hotelunterk\u00fcnfte<\/p>\n<p>\u2022 Transportm\u00f6glichkeiten und Logistik<\/p>\n<p>\u2022 Entertainment<\/p>\n<p>\u2022 Konferenzen und Treffen<\/p>\n<p>\u2022 Aktivit\u00e4ten<\/p>\n<p>\u2022 Tickets f\u00fcr Shows und Sportveranstaltungen<\/p>\n<p>\u2022 private Speiser\u00e4ume<\/p>\n<p>\u2022 On-site Koordination<\/p>\n<p>\u2022 Ausstellungen<\/p>\n<p>Um mehr herauszufinden und ein umgehendes unverbindliches Angebot zu erhalten, rufen Sie bitte an oder schicken Sie uns Ihre Nachfrage.<\/p>\n<p>Email: <a href=\"mailto:info@urlaubcornwall.de\">info@urlaubcornwall.de<\/a><\/p>\n","protected":false},"excerpt":{"rendered":"<p>UrlaubCornwall DMC &#8211; Ihr kompetenter B2B Partner und Incomingspezialist f\u00fcr Gruppenreisen Cornwall und nach England, Schottland, Wales &#038; Irland Mit Firmensitz in Truro ist UrlaubCornwall die einzige spezialisierte Destination Management Company f\u00fcr Cornwall &amp; Isles of Scilly. Wir k\u00f6nnen Cornwall in Reisepl\u00e4ne durch S\u00fcdengland und den Rest Gro\u00dfbritanniens mit einbinden. M\u00f6chten Sie eine private Busreise, [&hellip;]<\/p>\n","protected":false},"author":1,"featured_media":0,"parent":0,"menu_order":0,"comment_status":"closed","ping_status":"closed","template":"single-four.php","meta":[],"acf":[],"yoast_head":"<!-- This site is optimized with the Yoast SEO plugin v19.4 - https:\/\/yoast.com\/wordpress\/plugins\/seo\/ -->\n<title>Incoming Spezialist f\u00fcr Gruppenreisen in Gro\u00dfbritannien - Urlaub &amp; Reisen<\/title>\n<meta name=\"robots\" content=\"index, follow, max-snippet:-1, max-image-preview:large, max-video-preview:-1\" \/>\n<link rel=\"canonical\" href=\"https:\/\/www.urlaubcornwall.de\/blog\/incomingspezialist-fuer-gruppenreisen-cornwall-und-nach-grossbritannien\/\" \/>\n<meta property=\"og:locale\" content=\"en_US\" \/>\n<meta property=\"og:type\" content=\"article\" \/>\n<meta property=\"og:title\" content=\"Incoming Spezialist f\u00fcr Gruppenreisen in Gro\u00dfbritannien - Urlaub &amp; Reisen\" \/>\n<meta property=\"og:description\" content=\"UrlaubCornwall DMC &#8211; Ihr kompetenter B2B Partner und Incomingspezialist f\u00fcr Gruppenreisen Cornwall und nach England, Schottland, Wales &#038; Irland Mit Firmensitz in Truro ist UrlaubCornwall die einzige spezialisierte Destination Management Company f\u00fcr Cornwall &amp; Isles of Scilly. Wir k\u00f6nnen Cornwall in Reisepl\u00e4ne durch S\u00fcdengland und den Rest Gro\u00dfbritanniens mit einbinden. M\u00f6chten Sie eine private Busreise, [&hellip;]\" \/>\n<meta property=\"og:url\" content=\"https:\/\/www.urlaubcornwall.de\/blog\/incomingspezialist-fuer-gruppenreisen-cornwall-und-nach-grossbritannien\/\" \/>\n<meta property=\"og:site_name\" content=\"Urlaub &amp; Reisen\" \/>\n<meta property=\"article:modified_time\" content=\"2021-11-19T08:59:25+00:00\" \/>\n<meta property=\"og:image\" content=\"https:\/\/www.urlaubcornwall.de\/blog\/wp-content\/uploads\/2017\/08\/urlaub-und-gro\u00dfbritannien_logo-1.jpg\" \/>\n<meta name=\"twitter:card\" content=\"summary\" \/>\n<meta name=\"twitter:label1\" content=\"Est. reading time\" \/>\n\t<meta name=\"twitter:data1\" content=\"1 minute\" \/>\n<script type=\"application\/ld+json\" class=\"yoast-schema-graph\">{\"@context\":\"https:\/\/schema.org\",\"@graph\":[{\"@type\":\"WebSite\",\"@id\":\"https:\/\/www.urlaubcornwall.de\/blog\/#website\",\"url\":\"https:\/\/www.urlaubcornwall.de\/blog\/\",\"name\":\"Urlaub &amp; Reisen\",\"description\":\"Urlaub, Reisen, Cornwall und S\u00fcdengland: eine perfekte Kombination\",\"potentialAction\":[{\"@type\":\"SearchAction\",\"target\":{\"@type\":\"EntryPoint\",\"urlTemplate\":\"https:\/\/www.urlaubcornwall.de\/blog\/?s={search_term_string}\"},\"query-input\":\"required name=search_term_string\"}],\"inLanguage\":\"en-US\"},{\"@type\":\"WebPage\",\"@id\":\"https:\/\/www.urlaubcornwall.de\/blog\/incomingspezialist-fuer-gruppenreisen-cornwall-und-nach-grossbritannien\/\",\"url\":\"https:\/\/www.urlaubcornwall.de\/blog\/incomingspezialist-fuer-gruppenreisen-cornwall-und-nach-grossbritannien\/\",\"name\":\"Incoming Spezialist f\u00fcr Gruppenreisen in Gro\u00dfbritannien - Urlaub &amp; Reisen\",\"isPartOf\":{\"@id\":\"https:\/\/www.urlaubcornwall.de\/blog\/#website\"},\"datePublished\":\"2019-01-28T13:23:52+00:00\",\"dateModified\":\"2021-11-19T08:59:25+00:00\",\"breadcrumb\":{\"@id\":\"https:\/\/www.urlaubcornwall.de\/blog\/incomingspezialist-fuer-gruppenreisen-cornwall-und-nach-grossbritannien\/#breadcrumb\"},\"inLanguage\":\"en-US\",\"potentialAction\":[{\"@type\":\"ReadAction\",\"target\":[\"https:\/\/www.urlaubcornwall.de\/blog\/incomingspezialist-fuer-gruppenreisen-cornwall-und-nach-grossbritannien\/\"]}]},{\"@type\":\"BreadcrumbList\",\"@id\":\"https:\/\/www.urlaubcornwall.de\/blog\/incomingspezialist-fuer-gruppenreisen-cornwall-und-nach-grossbritannien\/#breadcrumb\",\"itemListElement\":[{\"@type\":\"ListItem\",\"position\":1,\"name\":\"Home\",\"item\":\"https:\/\/www.urlaubcornwall.de\/blog\/\"},{\"@type\":\"ListItem\",\"position\":2,\"name\":\"Incoming Spezialist f\u00fcr Gruppenreisen in Gro\u00dfbritannien\"}]}]}<\/script>\n<!-- \/ Yoast SEO plugin. -->","yoast_head_json":{"title":"Incoming Spezialist f\u00fcr Gruppenreisen in Gro\u00dfbritannien - Urlaub &amp; Reisen","robots":{"index":"index","follow":"follow","max-snippet":"max-snippet:-1","max-image-preview":"max-image-preview:large","max-video-preview":"max-video-preview:-1"},"canonical":"https:\/\/www.urlaubcornwall.de\/blog\/incomingspezialist-fuer-gruppenreisen-cornwall-und-nach-grossbritannien\/","og_locale":"en_US","og_type":"article","og_title":"Incoming Spezialist f\u00fcr Gruppenreisen in Gro\u00dfbritannien - Urlaub &amp; Reisen","og_description":"UrlaubCornwall DMC &#8211; Ihr kompetenter B2B Partner und Incomingspezialist f\u00fcr Gruppenreisen Cornwall und nach England, Schottland, Wales &#038; Irland Mit Firmensitz in Truro ist UrlaubCornwall die einzige spezialisierte Destination Management Company f\u00fcr Cornwall &amp; Isles of Scilly. Wir k\u00f6nnen Cornwall in Reisepl\u00e4ne durch S\u00fcdengland und den Rest Gro\u00dfbritanniens mit einbinden. M\u00f6chten Sie eine private Busreise, [&hellip;]","og_url":"https:\/\/www.urlaubcornwall.de\/blog\/incomingspezialist-fuer-gruppenreisen-cornwall-und-nach-grossbritannien\/","og_site_name":"Urlaub &amp; Reisen","article_modified_time":"2021-11-19T08:59:25+00:00","og_image":[{"url":"https:\/\/www.urlaubcornwall.de\/blog\/wp-content\/uploads\/2017\/08\/urlaub-und-gro\u00dfbritannien_logo-1.jpg"}],"twitter_card":"summary","twitter_misc":{"Est. reading time":"1 minute"},"schema":{"@context":"https:\/\/schema.org","@graph":[{"@type":"WebSite","@id":"https:\/\/www.urlaubcornwall.de\/blog\/#website","url":"https:\/\/www.urlaubcornwall.de\/blog\/","name":"Urlaub &amp; Reisen","description":"Urlaub, Reisen, Cornwall und S\u00fcdengland: eine perfekte Kombination","potentialAction":[{"@type":"SearchAction","target":{"@type":"EntryPoint","urlTemplate":"https:\/\/www.urlaubcornwall.de\/blog\/?s={search_term_string}"},"query-input":"required name=search_term_string"}],"inLanguage":"en-US"},{"@type":"WebPage","@id":"https:\/\/www.urlaubcornwall.de\/blog\/incomingspezialist-fuer-gruppenreisen-cornwall-und-nach-grossbritannien\/","url":"https:\/\/www.urlaubcornwall.de\/blog\/incomingspezialist-fuer-gruppenreisen-cornwall-und-nach-grossbritannien\/","name":"Incoming Spezialist f\u00fcr Gruppenreisen in Gro\u00dfbritannien - Urlaub &amp; Reisen","isPartOf":{"@id":"https:\/\/www.urlaubcornwall.de\/blog\/#website"},"datePublished":"2019-01-28T13:23:52+00:00","dateModified":"2021-11-19T08:59:25+00:00","breadcrumb":{"@id":"https:\/\/www.urlaubcornwall.de\/blog\/incomingspezialist-fuer-gruppenreisen-cornwall-und-nach-grossbritannien\/#breadcrumb"},"inLanguage":"en-US","potentialAction":[{"@type":"ReadAction","target":["https:\/\/www.urlaubcornwall.de\/blog\/incomingspezialist-fuer-gruppenreisen-cornwall-und-nach-grossbritannien\/"]}]},{"@type":"BreadcrumbList","@id":"https:\/\/www.urlaubcornwall.de\/blog\/incomingspezialist-fuer-gruppenreisen-cornwall-und-nach-grossbritannien\/#breadcrumb","itemListElement":[{"@type":"ListItem","position":1,"name":"Home","item":"https:\/\/www.urlaubcornwall.de\/blog\/"},{"@type":"ListItem","position":2,"name":"Incoming Spezialist f\u00fcr Gruppenreisen in Gro\u00dfbritannien"}]}]}},"_links":{"self":[{"href":"https:\/\/www.urlaubcornwall.de\/blog\/wp-json\/wp\/v2\/pages\/35434"}],"collection":[{"href":"https:\/\/www.urlaubcornwall.de\/blog\/wp-json\/wp\/v2\/pages"}],"about":[{"href":"https:\/\/www.urlaubcornwall.de\/blog\/wp-json\/wp\/v2\/types\/page"}],"author":[{"embeddable":true,"href":"https:\/\/www.urlaubcornwall.de\/blog\/wp-json\/wp\/v2\/users\/1"}],"replies":[{"embeddable":true,"href":"https:\/\/www.urlaubcornwall.de\/blog\/wp-json\/wp\/v2\/comments?post=35434"}],"version-history":[{"count":5,"href":"https:\/\/www.urlaubcornwall.de\/blog\/wp-json\/wp\/v2\/pages\/35434\/revisions"}],"predecessor-version":[{"id":44065,"href":"https:\/\/www.urlaubcornwall.de\/blog\/wp-json\/wp\/v2\/pages\/35434\/revisions\/44065"}],"wp:attachment":[{"href":"https:\/\/www.urlaubcornwall.de\/blog\/wp-json\/wp\/v2\/media?parent=35434"}],"curies":[{"name":"wp","href":"https:\/\/api.w.org\/{rel}","templated":true}]}}