{"id":35423,"date":"2019-01-28T11:49:30","date_gmt":"2019-01-28T11:49:30","guid":{"rendered":"https:\/\/www.urlaubcornwall.de\/blog\/?page_id=35423"},"modified":"2024-05-29T10:43:10","modified_gmt":"2024-05-29T10:43:10","slug":"welches-sind-die-besten-schloesser-die-es-in-irland-zu-besichtigen-gibt","status":"publish","type":"page","link":"https:\/\/www.urlaubcornwall.de\/blog\/welches-sind-die-besten-schloesser-die-es-in-irland-zu-besichtigen-gibt\/","title":{"rendered":"Welches sind die besten Schl\u00f6sser, die es in Irland zu besichtigen gibt?"},"content":{"rendered":"<p><a href=\"https:\/\/www.urlaubcornwall.de\/blog\/wp-content\/uploads\/2024\/03\/irland-chloss.jpg\"><img loading=\"lazy\" src=\"https:\/\/www.urlaubcornwall.de\/blog\/wp-content\/uploads\/2024\/03\/irland-chloss.jpg\" alt=\"irland schloss\" width=\"750\" height=\"563\" class=\"alignnone size-full wp-image-47809\" srcset=\"https:\/\/www.urlaubcornwall.de\/blog\/wp-content\/uploads\/2024\/03\/irland-chloss.jpg 750w, https:\/\/www.urlaubcornwall.de\/blog\/wp-content\/uploads\/2024\/03\/irland-chloss-300x225.jpg 300w\" sizes=\"(max-width: 750px) 100vw, 750px\" \/><\/a><\/p>\n<p>Es gibt keinen Mangel an besichtigenswerten Schl\u00f6ssern in Irland; auf der Insel gibt es ungef\u00e4hr 1000 Schl\u00f6sser. Die meisten Schl\u00f6sser und Burgen Irlands sind nur noch Ruinen, doch viele davon sehr eindrucksvolle Ruinen. Au\u00dferdem gibt es wundersch\u00f6ne mittelalterliche Burgen und Schl\u00f6sser, komplett mit k\u00f6niglichen M\u00f6beln. Es gibt auch Schl\u00f6sser, in denen Sie wohnen k\u00f6nnen. Hier sind lediglich ein paar der Schl\u00f6sser, die Sie w\u00e4hrend eines <a href=\"https:\/\/www.urlaubcornwall.de\/blog\/erleben-sie-irland-die-emerald-insel\/\">Urlaubs in Irland<\/a> nicht verpassen sollten.<\/p>\n<p>Blarney Castle in County Cork wurde vor mehr als 600 Jahren von einem der gr\u00f6\u00dften Anf\u00fchrer Irlands, Cormac MacCarthy, erbaut. Die Burg, die eine der h\u00fcbschesten Irlands ist, ist eine gut erhaltene Ruine und bekannt f\u00fcr ihren Blarney Stone \u2013 den \u2018Stein der Beredsamkeit\u2019. Der Legende entsprechend, erh\u00e4lt jeder, der den Stein k\u00fcsst, \u2018the gift of the gab\u2019, was so viel bedeutet, dass Sie ein geschmeidiger Redner sein werden und nie wieder nach Worten suchen m\u00fcssen! Die wundersch\u00f6nen G\u00e4rten an der Burg Blarney erstrecken sich \u00fcber 24ha entlang den Ufern des Flusses Martin und sind das ganze Jahr \u00fcber entz\u00fcckend; mit Bl\u00fctenteppichen im Fr\u00fchling, einer feinen Sammlung an Azaleen und Rhododendren, gefolgt von wundervollen Kr\u00e4uterbegrenzungen und Rosenbeeten im Sommer. Im Herbst haben die B\u00e4ume eine fantastische F\u00e4rbung, und der beste Blick ergibt sich von der Spitze der Burg. Im Winter ist die Landschaft um den See und das Waldgebiet herrlich.<\/p>\n<div class=\"snippet\"> <a class=\"featured-item\" href=\" https:\/\/www.urlaubcornwall.de\/blog\/rundreisen-irland\/\"> <span class=\"image-holder\" style=\"background-image: url(' https:\/\/www.urlaubcornwall.de\/blog\/wp-content\/uploads\/2024\/03\/Cork-irland.jpg');\"><\/span> <span class=\"featured-content\"> \n<h2 class=\"featured-title\">Rundreisen durch Irland<\/h2>\n<p class=\"featured-body\">Von den Sehensw\u00fcrdigkeiten von Irlands Wild Atlantic Way, einer herrlichen K\u00fcstenroute von Cork nach Connemara und Donegal bis hin zu einer Flucht auf eine irische Insel &#8230;&#8230;<\/p>\n<\/span> <span class=\"featured-link-holder\"> <span class=\"featured-extra-info\"> \n<p>F\u00fcr Paare, Familien &#038; Gruppen<\/p>\n<\/span> \n<p class=\"featured-link\">DETAILS<\/p>\n<\/span> <\/a><\/div>\n<p>Malahide Castle ist eine wundersch\u00f6n restaurierte mittelalterliche Burg, die ins Jahr 1175 zur\u00fcckreicht. Sie war nahezu 800 Jahre lang das Zuhause der Talbots, einer englischen Familie. Die Burg, die sich \u00fcber mehr als 100ha erstreckt, liegt lediglich eine halbe Zugstunde entfernt von Dublin in einem h\u00fcbschen Dorf am Meer. Malahide Castle hat eine lange und reichhaltige Geschichte und spielte eine wichtige Rolle in der irischen mittelalterlichen Geschichte. Es gibt gef\u00fchrte Touren durch die wundersch\u00f6nen Empfangsr\u00e4ume und Schlafgem\u00e4cher der Burg, die gef\u00fcllt sind mit Stilm\u00f6beln und einer umfangreichen Sammlung an Gem\u00e4lden. Die Burg ist umgeben von Zierg\u00e4rten mit mehr als 5000 Pflanzenarten aus der gesamten Welt, und der botanische Mauergarten beherbergt Irlands einziges Schmetterlingshaus mit 20 verschiedenen Arten exotischer Schmetterlinge.<\/p>\n<p>Ross Castle, County Kerry, ist eine malerische Burg am See bei Killarney. Die Burg wurde im 15. Jahrhundert von O\u2019Donoghue Mor erbaut, und der Legende nach existiert er noch immer in einem tiefen Schlummer unter den Gew\u00e4ssern des Lough Leane, und am ersten Maimorgen alle 7 Jahre erhebt er sich aus dem See auf seinem herrlichen, wei\u00dfen Pferd und reitet um den See herum. Jeder, der ihn sieht, soll f\u00fcr den Rest seines Lebens Gl\u00fcck haben. Der Innenbereich von Ross Castle befindet sich in Ruinen, doch die \u00e4u\u00dferen W\u00e4nde sind gut erhalten.<br \/>\nKilkenny Castle ist eine von Irlands gr\u00f6\u00dften Burgen und der herrliche Fokus dieser mittelalterlichen Stadt. Die Burg aus dem 12. Jahrhundert, die sich in weitreichendem Parkgebiet befindet, wurde zu viktorianischen Zeiten umgebaut, und Sie k\u00f6nnen eine Tour mitmachen durch die wundersch\u00f6nen R\u00e4ume, die in der Pracht der 1830ern dekoriert sind. Das Grundst\u00fcck \u00fcberschaut den Fluss Nore, und es gibt au\u00dferdem wundervolle formelle und informelle G\u00e4rten, die einen Rosengarten beinhalten.<\/p>\n<p>Donegal Castle befindet sich an den h\u00fcbschen Ufern des Flusses Eske in Donegal Town. Es wurde im 15. Jahrhundert von den O\u2019Donnell Anf\u00fchrern erbaut und dann im 17. Jahrhundert in jakobinischem Stil wiedererbaut. Es hat einen vollkommen restaurierten unverwechselbaren Turm, der keinem anderen in Irland gleicht. Donegal Castle ist g\u00e4nzlich m\u00f6bliert in Stilen, die die verschiedenen Perioden seiner Geschichte repr\u00e4sentieren.<\/p>\n<h2><strong>Eine Auswahl der besten Hotels in Irland<\/strong><\/h2>\n<p>F\u00fcr all jene, die innerhalb von Irlands wundervoller Landschaft untergebracht sein wollen, k\u00f6nnen wir fantastische Hotels anbieten, die jedem Geldbeutel gerecht werden, von B&amp;Bs oder Familienhotels, die ein gro\u00dfartiges Preis-Leistungsverh\u00e4ltnis und M\u00f6glichkeiten f\u00fcr Kinder bieten bis hin zu Luxus-Spa-Hotels, eleganten Herrenh\u00e4usern oder f\u00fcnf-Sterne Schloss- und Boutique-Hotels.<br \/>\n<ins class=\"bookingaff\" data-aid=\"1697770\" data-target_aid=\"1697770\" data-prod=\"map\" data-width=\"100%\" data-height=\"590\" data-lang=\"ualng\" data-dest_id=\"0\" data-dest_type=\"landmark\" data-latitude=\"53.3498053\" data-longitude=\"-6.2603097\" data-landmark_name=\"Sch\u00f6nsten Hotels in Irland\" data-mwhsb=\"1\"><br \/>\n<!-- Anything inside will go away once widget is loaded. --><br \/>\n<a href=\"\/\/www.booking.com?aid=1697770\" rel=\"nofollow\">Booking.com<\/a><br \/>\n<\/ins><br \/>\n<script type=\"text\/javascript\">\n    (function(d, sc, u) {\n      var s = d.createElement(sc), p = d.getElementsByTagName(sc)[0];\n      s.type = 'text\/javascript';\n      s.async = true;\n      s.src = u + '?v=' + (+new Date());\n      p.parentNode.insertBefore(s,p);\n      })(document, 'script', '\/\/aff.bstatic.com\/static\/affiliate_base\/js\/flexiproduct.js');\n<\/script><\/p>\n<div class=\"snippet\"> <a class=\"featured-item\" href=\" https:\/\/www.urlaubcornwall.de\/blog\/gefuehrte-busreisen-und-busrundreisen-in-irland\/\"> <span class=\"image-holder\" style=\"background-image: url(' https:\/\/www.urlaubcornwall.de\/blog\/wp-content\/uploads\/2019\/01\/wild-atlantic-way-irland.jpg');\"><\/span> <span class=\"featured-content\"> \n<h2 class=\"featured-title\">Gef\u00fchrte Busreisen und Busrundreisen in Irland<\/h2>\n<p class=\"featured-body\">Vielleicht suchen Sie ja eine Reise zu Sehensw\u00fcrdigkeiten, oder Sie haben besondere Interessen, wie zum Beispiel Gartenreisen und Literaturreisen&#8230;&#8230;.<\/p>\n<\/span> <span class=\"featured-link-holder\"> <span class=\"featured-extra-info\"> \n<p>F\u00fcr Paare, Familien &#038; Gruppen<\/p>\n<\/span> \n<p class=\"featured-link\">DETAILS<\/p>\n<\/span> <\/a><\/div>\n<p><strong>Unser Rundreisenservice<\/strong> &#8211; <a href=\"http:\/\/urlaubcornwall.de\/\">UrlaubCornwall.de<\/a> hat seinen Firmensitz in Cornwall in S\u00fcdwestengland und bietet Kunden im Deutsch sprechenden Europa Hilfe im Erstellen der perfekten Urlaubserfahrung hier. Wir haben <a href=\"http:\/\/www.urlaubcornwall.de\/rundreisenservice.php\">ein Team Deutsch sprechender Experten<\/a>, so dass wir eine individuelle Rundreise durch Cornwall, S\u00fcdengland und nun auch durch den Rest Gro\u00dfbritanniens und Irlands anbieten k\u00f6nnen.<\/p>\n<p style=\"text-align: center;\"><a class=\"tidycta\" href=\"http:\/\/www.urlaubcornwall.de\/anfrage.php?tourcode=Rundreise Irland\">Rundreise Irland Anfrage<\/a><\/p>\n<p>Wir bieten eine fantastische Auswahl an Rundreisen mit den beliebtesten Attraktionen und St\u00e4dten in <a href=\"http:\/\/www.urlaubcornwall.de\/reiseziel\/cornwall.php\">Cornwall<\/a>, <a href=\"https:\/\/www.urlaubcornwall.de\/blog\/rundreisen-england-wales\/\">England<\/a>, <a href=\"https:\/\/www.urlaubcornwall.de\/blog\/rundreisen-schottland\/\">Schottland,<\/a> <a href=\"https:\/\/www.urlaubcornwall.de\/blog\/rundreisen-england-wales\/\">Wales<\/a> und <a href=\"https:\/\/www.urlaubcornwall.de\/blog\/rundreisen-irland\/\">Irland.<\/a><br \/>\n&nbsp;<\/p>\n","protected":false},"excerpt":{"rendered":"<p>Es gibt keinen Mangel an besichtigenswerten Schl\u00f6ssern in Irland; auf der Insel gibt es ungef\u00e4hr 1000 Schl\u00f6sser. Die meisten Schl\u00f6sser und Burgen Irlands sind nur noch Ruinen, doch viele davon sehr eindrucksvolle Ruinen. Au\u00dferdem gibt es wundersch\u00f6ne mittelalterliche Burgen und Schl\u00f6sser, komplett mit k\u00f6niglichen M\u00f6beln. Es gibt auch Schl\u00f6sser, in denen Sie wohnen k\u00f6nnen. Hier [&hellip;]<\/p>\n","protected":false},"author":1,"featured_media":0,"parent":0,"menu_order":0,"comment_status":"closed","ping_status":"closed","template":"single-four.php","meta":[],"acf":[],"yoast_head":"<!-- This site is optimized with the Yoast SEO plugin v19.4 - https:\/\/yoast.com\/wordpress\/plugins\/seo\/ -->\n<title>Welches sind die besten Schl\u00f6sser, die es in Irland zu besichtigen gibt? - Urlaub &amp; Reisen<\/title>\n<meta name=\"robots\" content=\"index, follow, max-snippet:-1, max-image-preview:large, max-video-preview:-1\" \/>\n<link rel=\"canonical\" href=\"https:\/\/www.urlaubcornwall.de\/blog\/welches-sind-die-besten-schloesser-die-es-in-irland-zu-besichtigen-gibt\/\" \/>\n<meta property=\"og:locale\" content=\"en_US\" \/>\n<meta property=\"og:type\" content=\"article\" \/>\n<meta property=\"og:title\" content=\"Welches sind die besten Schl\u00f6sser, die es in Irland zu besichtigen gibt? - Urlaub &amp; Reisen\" \/>\n<meta property=\"og:description\" content=\"Es gibt keinen Mangel an besichtigenswerten Schl\u00f6ssern in Irland; auf der Insel gibt es ungef\u00e4hr 1000 Schl\u00f6sser. Die meisten Schl\u00f6sser und Burgen Irlands sind nur noch Ruinen, doch viele davon sehr eindrucksvolle Ruinen. Au\u00dferdem gibt es wundersch\u00f6ne mittelalterliche Burgen und Schl\u00f6sser, komplett mit k\u00f6niglichen M\u00f6beln. Es gibt auch Schl\u00f6sser, in denen Sie wohnen k\u00f6nnen. Hier [&hellip;]\" \/>\n<meta property=\"og:url\" content=\"https:\/\/www.urlaubcornwall.de\/blog\/welches-sind-die-besten-schloesser-die-es-in-irland-zu-besichtigen-gibt\/\" \/>\n<meta property=\"og:site_name\" content=\"Urlaub &amp; Reisen\" \/>\n<meta property=\"article:modified_time\" content=\"2024-05-29T10:43:10+00:00\" \/>\n<meta property=\"og:image\" content=\"https:\/\/www.urlaubcornwall.de\/blog\/wp-content\/uploads\/2024\/03\/irland-chloss.jpg\" \/>\n<meta name=\"twitter:card\" content=\"summary\" \/>\n<meta name=\"twitter:label1\" content=\"Est. reading time\" \/>\n\t<meta name=\"twitter:data1\" content=\"4 minutes\" \/>\n<script type=\"application\/ld+json\" class=\"yoast-schema-graph\">{\"@context\":\"https:\/\/schema.org\",\"@graph\":[{\"@type\":\"WebSite\",\"@id\":\"https:\/\/www.urlaubcornwall.de\/blog\/#website\",\"url\":\"https:\/\/www.urlaubcornwall.de\/blog\/\",\"name\":\"Urlaub &amp; Reisen\",\"description\":\"Urlaub, Reisen, Cornwall und S\u00fcdengland: eine perfekte Kombination\",\"potentialAction\":[{\"@type\":\"SearchAction\",\"target\":{\"@type\":\"EntryPoint\",\"urlTemplate\":\"https:\/\/www.urlaubcornwall.de\/blog\/?s={search_term_string}\"},\"query-input\":\"required name=search_term_string\"}],\"inLanguage\":\"en-US\"},{\"@type\":\"WebPage\",\"@id\":\"https:\/\/www.urlaubcornwall.de\/blog\/welches-sind-die-besten-schloesser-die-es-in-irland-zu-besichtigen-gibt\/\",\"url\":\"https:\/\/www.urlaubcornwall.de\/blog\/welches-sind-die-besten-schloesser-die-es-in-irland-zu-besichtigen-gibt\/\",\"name\":\"Welches sind die besten Schl\u00f6sser, die es in Irland zu besichtigen gibt? - Urlaub &amp; Reisen\",\"isPartOf\":{\"@id\":\"https:\/\/www.urlaubcornwall.de\/blog\/#website\"},\"datePublished\":\"2019-01-28T11:49:30+00:00\",\"dateModified\":\"2024-05-29T10:43:10+00:00\",\"breadcrumb\":{\"@id\":\"https:\/\/www.urlaubcornwall.de\/blog\/welches-sind-die-besten-schloesser-die-es-in-irland-zu-besichtigen-gibt\/#breadcrumb\"},\"inLanguage\":\"en-US\",\"potentialAction\":[{\"@type\":\"ReadAction\",\"target\":[\"https:\/\/www.urlaubcornwall.de\/blog\/welches-sind-die-besten-schloesser-die-es-in-irland-zu-besichtigen-gibt\/\"]}]},{\"@type\":\"BreadcrumbList\",\"@id\":\"https:\/\/www.urlaubcornwall.de\/blog\/welches-sind-die-besten-schloesser-die-es-in-irland-zu-besichtigen-gibt\/#breadcrumb\",\"itemListElement\":[{\"@type\":\"ListItem\",\"position\":1,\"name\":\"Home\",\"item\":\"https:\/\/www.urlaubcornwall.de\/blog\/\"},{\"@type\":\"ListItem\",\"position\":2,\"name\":\"Welches sind die besten Schl\u00f6sser, die es in Irland zu besichtigen gibt?\"}]}]}<\/script>\n<!-- \/ Yoast SEO plugin. -->","yoast_head_json":{"title":"Welches sind die besten Schl\u00f6sser, die es in Irland zu besichtigen gibt? - Urlaub &amp; Reisen","robots":{"index":"index","follow":"follow","max-snippet":"max-snippet:-1","max-image-preview":"max-image-preview:large","max-video-preview":"max-video-preview:-1"},"canonical":"https:\/\/www.urlaubcornwall.de\/blog\/welches-sind-die-besten-schloesser-die-es-in-irland-zu-besichtigen-gibt\/","og_locale":"en_US","og_type":"article","og_title":"Welches sind die besten Schl\u00f6sser, die es in Irland zu besichtigen gibt? - Urlaub &amp; Reisen","og_description":"Es gibt keinen Mangel an besichtigenswerten Schl\u00f6ssern in Irland; auf der Insel gibt es ungef\u00e4hr 1000 Schl\u00f6sser. Die meisten Schl\u00f6sser und Burgen Irlands sind nur noch Ruinen, doch viele davon sehr eindrucksvolle Ruinen. Au\u00dferdem gibt es wundersch\u00f6ne mittelalterliche Burgen und Schl\u00f6sser, komplett mit k\u00f6niglichen M\u00f6beln. Es gibt auch Schl\u00f6sser, in denen Sie wohnen k\u00f6nnen. Hier [&hellip;]","og_url":"https:\/\/www.urlaubcornwall.de\/blog\/welches-sind-die-besten-schloesser-die-es-in-irland-zu-besichtigen-gibt\/","og_site_name":"Urlaub &amp; Reisen","article_modified_time":"2024-05-29T10:43:10+00:00","og_image":[{"url":"https:\/\/www.urlaubcornwall.de\/blog\/wp-content\/uploads\/2024\/03\/irland-chloss.jpg"}],"twitter_card":"summary","twitter_misc":{"Est. reading time":"4 minutes"},"schema":{"@context":"https:\/\/schema.org","@graph":[{"@type":"WebSite","@id":"https:\/\/www.urlaubcornwall.de\/blog\/#website","url":"https:\/\/www.urlaubcornwall.de\/blog\/","name":"Urlaub &amp; Reisen","description":"Urlaub, Reisen, Cornwall und S\u00fcdengland: eine perfekte Kombination","potentialAction":[{"@type":"SearchAction","target":{"@type":"EntryPoint","urlTemplate":"https:\/\/www.urlaubcornwall.de\/blog\/?s={search_term_string}"},"query-input":"required name=search_term_string"}],"inLanguage":"en-US"},{"@type":"WebPage","@id":"https:\/\/www.urlaubcornwall.de\/blog\/welches-sind-die-besten-schloesser-die-es-in-irland-zu-besichtigen-gibt\/","url":"https:\/\/www.urlaubcornwall.de\/blog\/welches-sind-die-besten-schloesser-die-es-in-irland-zu-besichtigen-gibt\/","name":"Welches sind die besten Schl\u00f6sser, die es in Irland zu besichtigen gibt? - Urlaub &amp; Reisen","isPartOf":{"@id":"https:\/\/www.urlaubcornwall.de\/blog\/#website"},"datePublished":"2019-01-28T11:49:30+00:00","dateModified":"2024-05-29T10:43:10+00:00","breadcrumb":{"@id":"https:\/\/www.urlaubcornwall.de\/blog\/welches-sind-die-besten-schloesser-die-es-in-irland-zu-besichtigen-gibt\/#breadcrumb"},"inLanguage":"en-US","potentialAction":[{"@type":"ReadAction","target":["https:\/\/www.urlaubcornwall.de\/blog\/welches-sind-die-besten-schloesser-die-es-in-irland-zu-besichtigen-gibt\/"]}]},{"@type":"BreadcrumbList","@id":"https:\/\/www.urlaubcornwall.de\/blog\/welches-sind-die-besten-schloesser-die-es-in-irland-zu-besichtigen-gibt\/#breadcrumb","itemListElement":[{"@type":"ListItem","position":1,"name":"Home","item":"https:\/\/www.urlaubcornwall.de\/blog\/"},{"@type":"ListItem","position":2,"name":"Welches sind die besten Schl\u00f6sser, die es in Irland zu besichtigen gibt?"}]}]}},"_links":{"self":[{"href":"https:\/\/www.urlaubcornwall.de\/blog\/wp-json\/wp\/v2\/pages\/35423"}],"collection":[{"href":"https:\/\/www.urlaubcornwall.de\/blog\/wp-json\/wp\/v2\/pages"}],"about":[{"href":"https:\/\/www.urlaubcornwall.de\/blog\/wp-json\/wp\/v2\/types\/page"}],"author":[{"embeddable":true,"href":"https:\/\/www.urlaubcornwall.de\/blog\/wp-json\/wp\/v2\/users\/1"}],"replies":[{"embeddable":true,"href":"https:\/\/www.urlaubcornwall.de\/blog\/wp-json\/wp\/v2\/comments?post=35423"}],"version-history":[{"count":8,"href":"https:\/\/www.urlaubcornwall.de\/blog\/wp-json\/wp\/v2\/pages\/35423\/revisions"}],"predecessor-version":[{"id":50588,"href":"https:\/\/www.urlaubcornwall.de\/blog\/wp-json\/wp\/v2\/pages\/35423\/revisions\/50588"}],"wp:attachment":[{"href":"https:\/\/www.urlaubcornwall.de\/blog\/wp-json\/wp\/v2\/media?parent=35423"}],"curies":[{"name":"wp","href":"https:\/\/api.w.org\/{rel}","templated":true}]}}