{"id":35192,"date":"2019-01-21T14:16:03","date_gmt":"2019-01-21T14:16:03","guid":{"rendered":"https:\/\/www.urlaubcornwall.de\/blog\/?page_id=35192"},"modified":"2024-04-29T15:44:55","modified_gmt":"2024-04-29T15:44:55","slug":"hotels-in-schottland-am-meer-zum-verlieben-so-einfach-ist-das","status":"publish","type":"page","link":"https:\/\/www.urlaubcornwall.de\/blog\/hotels-in-schottland-am-meer-zum-verlieben-so-einfach-ist-das\/","title":{"rendered":"Hotels in Schottland am Meer zum Verlieben \u2013 so einfach ist das!"},"content":{"rendered":"<p><img loading=\"lazy\" class=\"aligncenter size-full wp-image-47803\" src=\"https:\/\/www.urlaubcornwall.de\/blog\/wp-content\/uploads\/2024\/03\/schottland-seen.jpg\" alt=\"schottland loch\" width=\"750\" height=\"500\" srcset=\"https:\/\/www.urlaubcornwall.de\/blog\/wp-content\/uploads\/2024\/03\/schottland-seen.jpg 750w, https:\/\/www.urlaubcornwall.de\/blog\/wp-content\/uploads\/2024\/03\/schottland-seen-300x200.jpg 300w\" sizes=\"(max-width: 750px) 100vw, 750px\" \/><br \/>\nDie sch\u00f6nsten Hotels in Schottland am Meer, am Strand an der K\u00fcste &#8211; F\u00fcr all jene, die innerhalb von<a href=\"https:\/\/www.urlaubcornwall.de\/reiseziel\/schottland.php\"> Schottland wundervoller Landschaft <\/a>untergebracht sein wollen, k\u00f6nnen wir fantastische Hotels mit Meerblick anbieten, die jedem Geldbeutel gerecht werden, von Familienhotels, Last Minute Angebote und M\u00f6glichkeiten f\u00fcr Kinder bieten bis hin zu Luxus-Spa-Hotels, eleganten Herrenh\u00e4usern oder f\u00fcnf-Sterne Schloss- und Boutique-Hotels.<\/p>\n<p><strong><a href=\"https:\/\/www.booking.com\/hotel\/gb\/ardrhu-house-fort-william.en.html?aid=1320750&#038;no_rooms=1&#038;group_adults=2\" rel=\"nofollow\">Ardrhu House, Fort William<\/a> <\/strong>&#8211; Sie k\u00f6nnen einen Genius-Rabatt auf die Unterkunft Ardrhu House Fort William erhalten! Melden Sie sich an, um bei dieser Unterkunft zu sparen. Das Ardrhu House Fort William liegt in Fort William, 28 km von Ben Nevis entfernt. Es bietet Unterk\u00fcnfte mit einem Restaurant, kostenfreie Privatparkpl\u00e4tze, eine Gemeinschaftslounge und einen Garten. Die Unterkunft bietet einen eigenen Strandbereich und eine Skiaufbewahrung sowie ein Spa- und Wellnesscenter und eine Terrasse. Die Unterkunft verf\u00fcgt \u00fcber ein Hamam, kostenfreies WLAN im gesamten Geb\u00e4ude und Familienzimmer.<\/p>\n<p><strong><a href=\"https:\/\/www.booking.com\/hotel\/gb\/loch-melfort.en.html?aid=1320750&#038;no_rooms=1&#038;group_adults=2\" rel=\"nofollow\">Loch Melfort Hotel, Oban, Westk\u00fcste Schottlands<\/a><\/strong> &#8211; Sie k\u00f6nnen einen Genius-Rabatt auf die Unterkunft Loch Melfort Hotel erhalten! Melden Sie sich an, um bei dieser Unterkunft zu sparen. Dieses romantische 4-Sterne-Landhotel bietet eine herrliche Aussicht von jedem Schlafzimmer. Freuen Sie sich auf gehobene schottische K\u00fcche und Meeresfr\u00fcchte aus der Region im preisgekr\u00f6nten Restaurant und das Bistro, in dem Sie in ungezwungener Atmosph\u00e4re speisen k\u00f6nnen.<\/p>\n<p><strong><a href=\"https:\/\/www.booking.com\/hotel\/gb\/fairfieldhouse.en.html?aid=1320750&#038;no_rooms=1&#038;group_adults=2\" rel=\"nofollow\">Fairfield House Hotel, Ayr<\/a><\/strong> &#8211; Sie k\u00f6nnen einen Genius-Rabatt auf die Unterkunft Fairfield House Hotel erhalten! Melden Sie sich an, um bei dieser Unterkunft zu sparen. Ein freundliches Willkommen erwartet Sie in diesem privat gef\u00fchrten 4-Sterne-Hotel, einem komplett renovierten viktorianischen Herrenhaus an der K\u00fcste von Ayr, das die Essenz l\u00e4ndlicher Gastlichkeit darstellt.<\/p>\n<p><strong><a href=\"https:\/\/www.booking.com\/hotel\/gb\/the-bank.en-gb.html?aid=1320750&#038;no_rooms=1&#038;group_adults=2\" rel=\"nofollow\">The Bank, Anstruther<\/a><\/strong> &#8211; Mit atemberaubendem Blick auf den Firth of Forth hei\u00dft Sie dieses familiengef\u00fchrte 4-Sterne-Hotel willkommen. Freuen Sie sich auf eine Bar mit Kaminen und Flachbild-TVs mit Sky-Kan\u00e4len und ein Restaurant, welches Ihnen aus regionalen Produkten zubereitete hausgemachte Gerichte bietet. Die Caf\u00e9s und Gesch\u00e4fte am Hafen sind nur 200 Meter vom The Bank entfernt.<\/p>\n<p><ins class=\"bookingaff\" data-aid=\"1697841\" data-target_aid=\"1697841\" data-prod=\"map\" data-width=\"100%\" data-height=\"590\" data-lang=\"ualng\" data-dest_id=\"0\" data-dest_type=\"landmark\" data-latitude=\"55.953252\" data-longitude=\"-3.188267\" data-mwhsb=\"0\" data-address=\"Edinburgh, UK\"><br \/>\n    <!-- Anything inside will go away once widget is loaded. --><br \/>\n        <a href=\"\/\/www.booking.com?aid=1697841\" rel=\"nofollow\">Booking.com<\/a><br \/>\n<\/ins><br \/>\n<script type=\"text\/javascript\">\n    (function(d, sc, u) {\n      var s = d.createElement(sc), p = d.getElementsByTagName(sc)[0];\n      s.type = 'text\/javascript';\n      s.async = true;\n      s.src = u + '?v=' + (+new Date());\n      p.parentNode.insertBefore(s,p);\n      })(document, 'script', '\/\/aff.bstatic.com\/static\/affiliate_base\/js\/flexiproduct.js');\n<\/script><\/p>\n<div class=\"snippet\"> <a class=\"featured-item\" href=\" https:\/\/www.urlaubcornwall.de\/ferienhaeuser\/schottland.php\"> <span class=\"image-holder\" style=\"background-image: url(' https:\/\/www.urlaubcornwall.de\/blog\/wp-content\/uploads\/2019\/08\/ferienhaus-lands-end.jpg');\"><\/span> <span class=\"featured-content\"> \n<h2 class=\"featured-title\">Bei uns finden Sie Ferienh\u00e4user in Schottland zum Verlieben!<\/h2>\n<p class=\"featured-body\">Untenstehend finden Sie eine Auswahl an Ferienh\u00e4usern in Schottland. Hier finden Sie pers\u00f6nlich inspizierte Cottages entlang der schottischen K\u00fcste, in den schottischen Highlands und auf den Inseln&#8230;..<\/p>\n<\/span> <span class=\"featured-link-holder\"> <span class=\"featured-extra-info\"> \n<p>F\u00fcr Paare, Familien &#038; Gruppen<\/p>\n<\/span> \n<p class=\"featured-link\">DETAILS<\/p>\n<\/span> <\/a><\/div>\n<div class=\"snippet\"> <a class=\"featured-item\" href=\" https:\/\/www.urlaubcornwall.de\/blog\/rundreisen-schottland\/\"> <span class=\"image-holder\" style=\"background-image: url(' https:\/\/www.urlaubcornwall.de\/blog\/wp-content\/uploads\/2019\/01\/rundreise-schottland.jpg ');\"><\/span> <span class=\"featured-content\"> \n<h2 class=\"featured-title\">Rundreise durch Schottland: mit dem Auto bereisen <\/h2>\n<p class=\"featured-body\">Urlaub in Schottland haben etwas f\u00fcr jeden Geschmack zu bieten \u2013 herrliche Sonnenunterg\u00e4nge \u00fcber magischen Inseln, wundersch\u00f6ne und dramatische K\u00fcstenstriche, tiefe, verborgene T\u00e4ler und eine unglaubliche Landschaft&#8230;<\/p>\n<\/span> <span class=\"featured-link-holder\"> <span class=\"featured-extra-info\"> \n<p>Ready Made Touren<\/p>\n<\/span> \n<p class=\"featured-link\">DETAILS<\/p>\n<\/span> <\/a><\/div>\n<p>Urlaub in Schottland: Britanniens spektakul\u00e4rster Landschaft &#8211; Schottland ist das Zuhause von Britanniens spektakul\u00e4rster Landschaft, die den h\u00f6chsten Berg, den Ben Nevis, mit umfasst, den tiefsten See, Loch Morar, die h\u00f6chsten B\u00e4ume und die abgelegendsten Gebiete voller Wildheit&#8230;<a href=\"https:\/\/www.urlaubcornwall.de\/reiseziel\/schottland.php\">[Mehr ]<\/a><\/p>\n","protected":false},"excerpt":{"rendered":"<p>Die sch\u00f6nsten Hotels in Schottland am Meer, am Strand an der K\u00fcste &#8211; F\u00fcr all jene, die innerhalb von Schottland wundervoller Landschaft untergebracht sein wollen, k\u00f6nnen wir fantastische Hotels mit Meerblick anbieten, die jedem Geldbeutel gerecht werden, von Familienhotels, Last Minute Angebote und M\u00f6glichkeiten f\u00fcr Kinder bieten bis hin zu Luxus-Spa-Hotels, eleganten Herrenh\u00e4usern oder f\u00fcnf-Sterne [&hellip;]<\/p>\n","protected":false},"author":1,"featured_media":0,"parent":0,"menu_order":0,"comment_status":"closed","ping_status":"closed","template":"single-four.php","meta":[],"acf":[],"yoast_head":"<!-- This site is optimized with the Yoast SEO plugin v19.4 - https:\/\/yoast.com\/wordpress\/plugins\/seo\/ -->\n<title>Hotels in Schottland am Meer zum Verlieben \u2013 so einfach ist das! - Urlaub &amp; Reisen<\/title>\n<meta name=\"description\" content=\"Die sch\u00f6nsten Hotels in Schottland am Meer, am Strand an der K\u00fcste - F\u00fcr all jene, die innerhalb von Schottland wundervoller Landschaft untergebracht sein wollen, k\u00f6nnen wir fantastische Hotels mit Meerblick anbieten, die jedem Geldbeutel gerecht werden, von Familienhotels, Last Minute Angebote und M\u00f6glichkeiten f\u00fcr Kinder bieten bis hin zu Luxus-Spa-Hotels, eleganten Herrenh\u00e4usern oder f\u00fcnf-Sterne Schloss- und Boutique-Hotels.\" \/>\n<meta name=\"robots\" content=\"index, follow, max-snippet:-1, max-image-preview:large, max-video-preview:-1\" \/>\n<link rel=\"canonical\" href=\"https:\/\/www.urlaubcornwall.de\/blog\/hotels-in-schottland-am-meer-zum-verlieben-so-einfach-ist-das\/\" \/>\n<meta property=\"og:locale\" content=\"en_US\" \/>\n<meta property=\"og:type\" content=\"article\" \/>\n<meta property=\"og:title\" content=\"Hotels in Schottland am Meer zum Verlieben \u2013 so einfach ist das! - Urlaub &amp; Reisen\" \/>\n<meta property=\"og:description\" content=\"Die sch\u00f6nsten Hotels in Schottland am Meer, am Strand an der K\u00fcste - F\u00fcr all jene, die innerhalb von Schottland wundervoller Landschaft untergebracht sein wollen, k\u00f6nnen wir fantastische Hotels mit Meerblick anbieten, die jedem Geldbeutel gerecht werden, von Familienhotels, Last Minute Angebote und M\u00f6glichkeiten f\u00fcr Kinder bieten bis hin zu Luxus-Spa-Hotels, eleganten Herrenh\u00e4usern oder f\u00fcnf-Sterne Schloss- und Boutique-Hotels.\" \/>\n<meta property=\"og:url\" content=\"https:\/\/www.urlaubcornwall.de\/blog\/hotels-in-schottland-am-meer-zum-verlieben-so-einfach-ist-das\/\" \/>\n<meta property=\"og:site_name\" content=\"Urlaub &amp; Reisen\" \/>\n<meta property=\"article:modified_time\" content=\"2024-04-29T15:44:55+00:00\" \/>\n<meta property=\"og:image\" content=\"https:\/\/www.urlaubcornwall.de\/blog\/wp-content\/uploads\/2024\/03\/schottland-seen.jpg\" \/>\n<meta name=\"twitter:card\" content=\"summary\" \/>\n<meta name=\"twitter:label1\" content=\"Est. reading time\" \/>\n\t<meta name=\"twitter:data1\" content=\"3 minutes\" \/>\n<script type=\"application\/ld+json\" class=\"yoast-schema-graph\">{\"@context\":\"https:\/\/schema.org\",\"@graph\":[{\"@type\":\"WebSite\",\"@id\":\"https:\/\/www.urlaubcornwall.de\/blog\/#website\",\"url\":\"https:\/\/www.urlaubcornwall.de\/blog\/\",\"name\":\"Urlaub &amp; Reisen\",\"description\":\"Urlaub, Reisen, Cornwall und S\u00fcdengland: eine perfekte Kombination\",\"potentialAction\":[{\"@type\":\"SearchAction\",\"target\":{\"@type\":\"EntryPoint\",\"urlTemplate\":\"https:\/\/www.urlaubcornwall.de\/blog\/?s={search_term_string}\"},\"query-input\":\"required name=search_term_string\"}],\"inLanguage\":\"en-US\"},{\"@type\":\"WebPage\",\"@id\":\"https:\/\/www.urlaubcornwall.de\/blog\/hotels-in-schottland-am-meer-zum-verlieben-so-einfach-ist-das\/\",\"url\":\"https:\/\/www.urlaubcornwall.de\/blog\/hotels-in-schottland-am-meer-zum-verlieben-so-einfach-ist-das\/\",\"name\":\"Hotels in Schottland am Meer zum Verlieben \u2013 so einfach ist das! - Urlaub &amp; Reisen\",\"isPartOf\":{\"@id\":\"https:\/\/www.urlaubcornwall.de\/blog\/#website\"},\"datePublished\":\"2019-01-21T14:16:03+00:00\",\"dateModified\":\"2024-04-29T15:44:55+00:00\",\"description\":\"Die sch\u00f6nsten Hotels in Schottland am Meer, am Strand an der K\u00fcste - F\u00fcr all jene, die innerhalb von Schottland wundervoller Landschaft untergebracht sein wollen, k\u00f6nnen wir fantastische Hotels mit Meerblick anbieten, die jedem Geldbeutel gerecht werden, von Familienhotels, Last Minute Angebote und M\u00f6glichkeiten f\u00fcr Kinder bieten bis hin zu Luxus-Spa-Hotels, eleganten Herrenh\u00e4usern oder f\u00fcnf-Sterne Schloss- und Boutique-Hotels.\",\"breadcrumb\":{\"@id\":\"https:\/\/www.urlaubcornwall.de\/blog\/hotels-in-schottland-am-meer-zum-verlieben-so-einfach-ist-das\/#breadcrumb\"},\"inLanguage\":\"en-US\",\"potentialAction\":[{\"@type\":\"ReadAction\",\"target\":[\"https:\/\/www.urlaubcornwall.de\/blog\/hotels-in-schottland-am-meer-zum-verlieben-so-einfach-ist-das\/\"]}]},{\"@type\":\"BreadcrumbList\",\"@id\":\"https:\/\/www.urlaubcornwall.de\/blog\/hotels-in-schottland-am-meer-zum-verlieben-so-einfach-ist-das\/#breadcrumb\",\"itemListElement\":[{\"@type\":\"ListItem\",\"position\":1,\"name\":\"Home\",\"item\":\"https:\/\/www.urlaubcornwall.de\/blog\/\"},{\"@type\":\"ListItem\",\"position\":2,\"name\":\"Hotels in Schottland am Meer zum Verlieben \u2013 so einfach ist das!\"}]}]}<\/script>\n<!-- \/ Yoast SEO plugin. -->","yoast_head_json":{"title":"Hotels in Schottland am Meer zum Verlieben \u2013 so einfach ist das! - Urlaub &amp; Reisen","description":"Die sch\u00f6nsten Hotels in Schottland am Meer, am Strand an der K\u00fcste - F\u00fcr all jene, die innerhalb von Schottland wundervoller Landschaft untergebracht sein wollen, k\u00f6nnen wir fantastische Hotels mit Meerblick anbieten, die jedem Geldbeutel gerecht werden, von Familienhotels, Last Minute Angebote und M\u00f6glichkeiten f\u00fcr Kinder bieten bis hin zu Luxus-Spa-Hotels, eleganten Herrenh\u00e4usern oder f\u00fcnf-Sterne Schloss- und Boutique-Hotels.","robots":{"index":"index","follow":"follow","max-snippet":"max-snippet:-1","max-image-preview":"max-image-preview:large","max-video-preview":"max-video-preview:-1"},"canonical":"https:\/\/www.urlaubcornwall.de\/blog\/hotels-in-schottland-am-meer-zum-verlieben-so-einfach-ist-das\/","og_locale":"en_US","og_type":"article","og_title":"Hotels in Schottland am Meer zum Verlieben \u2013 so einfach ist das! - Urlaub &amp; Reisen","og_description":"Die sch\u00f6nsten Hotels in Schottland am Meer, am Strand an der K\u00fcste - F\u00fcr all jene, die innerhalb von Schottland wundervoller Landschaft untergebracht sein wollen, k\u00f6nnen wir fantastische Hotels mit Meerblick anbieten, die jedem Geldbeutel gerecht werden, von Familienhotels, Last Minute Angebote und M\u00f6glichkeiten f\u00fcr Kinder bieten bis hin zu Luxus-Spa-Hotels, eleganten Herrenh\u00e4usern oder f\u00fcnf-Sterne Schloss- und Boutique-Hotels.","og_url":"https:\/\/www.urlaubcornwall.de\/blog\/hotels-in-schottland-am-meer-zum-verlieben-so-einfach-ist-das\/","og_site_name":"Urlaub &amp; Reisen","article_modified_time":"2024-04-29T15:44:55+00:00","og_image":[{"url":"https:\/\/www.urlaubcornwall.de\/blog\/wp-content\/uploads\/2024\/03\/schottland-seen.jpg"}],"twitter_card":"summary","twitter_misc":{"Est. reading time":"3 minutes"},"schema":{"@context":"https:\/\/schema.org","@graph":[{"@type":"WebSite","@id":"https:\/\/www.urlaubcornwall.de\/blog\/#website","url":"https:\/\/www.urlaubcornwall.de\/blog\/","name":"Urlaub &amp; Reisen","description":"Urlaub, Reisen, Cornwall und S\u00fcdengland: eine perfekte Kombination","potentialAction":[{"@type":"SearchAction","target":{"@type":"EntryPoint","urlTemplate":"https:\/\/www.urlaubcornwall.de\/blog\/?s={search_term_string}"},"query-input":"required name=search_term_string"}],"inLanguage":"en-US"},{"@type":"WebPage","@id":"https:\/\/www.urlaubcornwall.de\/blog\/hotels-in-schottland-am-meer-zum-verlieben-so-einfach-ist-das\/","url":"https:\/\/www.urlaubcornwall.de\/blog\/hotels-in-schottland-am-meer-zum-verlieben-so-einfach-ist-das\/","name":"Hotels in Schottland am Meer zum Verlieben \u2013 so einfach ist das! - Urlaub &amp; Reisen","isPartOf":{"@id":"https:\/\/www.urlaubcornwall.de\/blog\/#website"},"datePublished":"2019-01-21T14:16:03+00:00","dateModified":"2024-04-29T15:44:55+00:00","description":"Die sch\u00f6nsten Hotels in Schottland am Meer, am Strand an der K\u00fcste - F\u00fcr all jene, die innerhalb von Schottland wundervoller Landschaft untergebracht sein wollen, k\u00f6nnen wir fantastische Hotels mit Meerblick anbieten, die jedem Geldbeutel gerecht werden, von Familienhotels, Last Minute Angebote und M\u00f6glichkeiten f\u00fcr Kinder bieten bis hin zu Luxus-Spa-Hotels, eleganten Herrenh\u00e4usern oder f\u00fcnf-Sterne Schloss- und Boutique-Hotels.","breadcrumb":{"@id":"https:\/\/www.urlaubcornwall.de\/blog\/hotels-in-schottland-am-meer-zum-verlieben-so-einfach-ist-das\/#breadcrumb"},"inLanguage":"en-US","potentialAction":[{"@type":"ReadAction","target":["https:\/\/www.urlaubcornwall.de\/blog\/hotels-in-schottland-am-meer-zum-verlieben-so-einfach-ist-das\/"]}]},{"@type":"BreadcrumbList","@id":"https:\/\/www.urlaubcornwall.de\/blog\/hotels-in-schottland-am-meer-zum-verlieben-so-einfach-ist-das\/#breadcrumb","itemListElement":[{"@type":"ListItem","position":1,"name":"Home","item":"https:\/\/www.urlaubcornwall.de\/blog\/"},{"@type":"ListItem","position":2,"name":"Hotels in Schottland am Meer zum Verlieben \u2013 so einfach ist das!"}]}]}},"_links":{"self":[{"href":"https:\/\/www.urlaubcornwall.de\/blog\/wp-json\/wp\/v2\/pages\/35192"}],"collection":[{"href":"https:\/\/www.urlaubcornwall.de\/blog\/wp-json\/wp\/v2\/pages"}],"about":[{"href":"https:\/\/www.urlaubcornwall.de\/blog\/wp-json\/wp\/v2\/types\/page"}],"author":[{"embeddable":true,"href":"https:\/\/www.urlaubcornwall.de\/blog\/wp-json\/wp\/v2\/users\/1"}],"replies":[{"embeddable":true,"href":"https:\/\/www.urlaubcornwall.de\/blog\/wp-json\/wp\/v2\/comments?post=35192"}],"version-history":[{"count":10,"href":"https:\/\/www.urlaubcornwall.de\/blog\/wp-json\/wp\/v2\/pages\/35192\/revisions"}],"predecessor-version":[{"id":49913,"href":"https:\/\/www.urlaubcornwall.de\/blog\/wp-json\/wp\/v2\/pages\/35192\/revisions\/49913"}],"wp:attachment":[{"href":"https:\/\/www.urlaubcornwall.de\/blog\/wp-json\/wp\/v2\/media?parent=35192"}],"curies":[{"name":"wp","href":"https:\/\/api.w.org\/{rel}","templated":true}]}}