{"id":35175,"date":"2019-01-21T10:08:55","date_gmt":"2019-01-21T10:08:55","guid":{"rendered":"https:\/\/www.urlaubcornwall.de\/blog\/?page_id=35175"},"modified":"2024-05-30T14:49:48","modified_gmt":"2024-05-30T14:49:48","slug":"fruehling-suedengland-unsere-reisetipps","status":"publish","type":"page","link":"https:\/\/www.urlaubcornwall.de\/blog\/fruehling-suedengland-unsere-reisetipps\/","title":{"rendered":"Fr\u00fchling in S\u00fcdengland \u2013 Unsere Reisetipps"},"content":{"rendered":"<p><a href=\"https:\/\/www.urlaubcornwall.de\/blog\/wp-content\/uploads\/2015\/03\/Trewidden-Belle_1.jpg\"><img loading=\"lazy\" src=\"https:\/\/www.urlaubcornwall.de\/blog\/wp-content\/uploads\/2015\/03\/Trewidden-Belle_1.jpg\" alt=\"Trewidden Belle\" width=\"750\" height=\"366\" class=\"alignnone size-full wp-image-18619\" \/><\/a><\/p>\n<p>Kirschbl\u00fcten sind in England mit Fr\u00fchling gleichzusetzen, und dar\u00fcber schrieb der ber\u00fchmte englische Dichter A E Housman (1859-1936):<\/p>\n<p>Loveliest of trees, the cherry now<\/p>\n<p>Is hung with bloom along the bough,<\/p>\n<p>And stands about the woodland ride<\/p>\n<p>Wearing white for Eastertide.<\/p>\n<p>Obwohl die meisten Zierkirschen aus Japan stammen, wurden sie seit ihrer ersten Ankunft im Vereinten K\u00f6nigreich Mitte des 19. Jahrhunderts ein unabdingbarer Fr\u00fchlingsanblick in Parkanlagen, Avenues und <a href=\"https:\/\/www.urlaubcornwall.de\/gartenreise.php\">G\u00e4rten Britanniens<\/a>. Ihre entz\u00fcckenden Bl\u00fcten passen perfekt zum tr\u00e4umerischen, blumigen Stil eines klassischen englischen Gartens, und es ist unm\u00f6glich, nicht jedes Mal im Fr\u00fchling begeistert zu sein, wenn eine Explosion an Farben, knackiges Wei\u00df und jegliche Schattierung an Rosa, zum Ende des Winters in Erscheinung tritt.<\/p>\n<p>Einige der besten G\u00e4rten, um die Kirschbl\u00fcten zu sehen, sind:<\/p>\n<p>Brogdale Hall, Kent <a href=\"http:\/\/www.brogdalecollections.org\">www.brogdalecollections.org<\/a><\/p>\n<p>Royal Botanic Gardens, Kew, London <a href=\"http:\/\/www.kew.org\">www.kew.org<\/a><\/p>\n<p>Savill Gardens und die Valley Gardens, Windsor <a href=\"http:\/\/www.windsorgreatpark.co.uk\">www.windsorgreatpark.co.uk<\/a><\/p>\n<div class=\"snippet\"> <a class=\"featured-item\" href=\" https:\/\/www.urlaubcornwall.de\/ferienhaeuser\/suedengland.php\"> <span class=\"image-holder\" style=\"background-image: url('https:\/\/www.urlaubcornwall.de\/blog\/wp-content\/uploads\/2018\/11\/landhaus-cornwall-1.jpg');\"><\/span> <span class=\"featured-content\"> \n<h2 class=\"featured-title\">Ferienh\u00e4user in England<\/h2>\n<p class=\"featured-body\">Bei uns finden Sie Ferienh\u00e4user zum Verlieben! Dank seiner langen Geschichte, der reizvollen Landschaften und seinen vielen Attraktionen ist S\u00fcdengland ein wahres Mekka f\u00fcr Urlauber&#8230;.<\/p>\n<\/span> <span class=\"featured-link-holder\"> <span class=\"featured-extra-info\"> \n<p> F\u00fcr Paare, Familien &#038; Gruppen<\/p>\n<\/span> \n<p class=\"featured-link\">DETAILS<\/p>\n<\/span> <\/a><\/div>\n<div class=\"snippet\"> <a class=\"featured-item\" href=\" https:\/\/www.urlaubcornwall.de\/rundreisenservice.php\"> <span class=\"image-holder\" style=\"background-image: url(' https:\/\/www.urlaubcornwall.de\/blog\/wp-content\/uploads\/2018\/11\/rundreise-cornwall.jpg ');\"><\/span> <span class=\"featured-content\"> \n<h2 class=\"featured-title\">Rundreisen durch England<\/h2>\n<p class=\"featured-body\">Autoreisen eignen sich perfekt, um das meiste aus Ihrem Urlaub in England zu machen. Gehen Sie in eigenem Schritttempo im eigenen Auto auf Erkundung oder fliegen Sie und mieten ein Auto&#8230;<\/p>\n<\/span> <span class=\"featured-link-holder\"> <span class=\"featured-extra-info\"> \n<p>Teilen Sie uns Ihre Urlaubspl\u00e4ne<\/p>\n<\/span> \n<p class=\"featured-link\">MEHR INFO<\/p>\n<\/span> <\/a><\/div>\n<div class=\"snippet\"> <a class=\"featured-item\" href=\" https:\/\/www.urlaubcornwall.de\/massgeschneiderte-gruppenreisen-und-touren.php \"> <span class=\"image-holder\" style=\"background-image: url(' https:\/\/www.urlaubcornwall.de\/blog\/wp-content\/uploads\/2024\/05\/gruppenreisen.jpg ');\"><\/span> <span class=\"featured-content\"> \n<h2 class=\"featured-title\">Busreisen und Gruppenreisen in Gro\u00dfbritannien<\/h2>\n<p class=\"featured-body\">Wir von UrlaubCornwall arbeiten daran, beides anzubieten, Busreisen f\u00fcr Paare oder all jene, die alleine reisen, sowie ma\u00dfgeschneiderte Gruppenreisen f\u00fcr diejenigen mit besonderen Interessen&#8230;.<\/p>\n<\/span> <span class=\"featured-link-holder\"> <span class=\"featured-extra-info\"> \n<p> Auch interessante Themenreisen, Gartenreise, Literaturreise&#8230;<\/p>\n<\/span> \n<p class=\"featured-link\">DETAILS<\/p>\n<\/span> <\/a><\/div>\n<h2 style=\"text-align: center;\"><strong>UrlaubCornwall.de &#8211; Mit Sitz in Cornwall, einer von Englands beliebtesten Urlaubsregionen, haben wir eine Leidenschaft f\u00fcr Urlaube und Reisen durch Gro\u00dfbritannien<\/strong><\/h2>\n","protected":false},"excerpt":{"rendered":"<p>Kirschbl\u00fcten sind in England mit Fr\u00fchling gleichzusetzen, und dar\u00fcber schrieb der ber\u00fchmte englische Dichter A E Housman (1859-1936): Loveliest of trees, the cherry now Is hung with bloom along the bough, And stands about the woodland ride Wearing white for Eastertide. Obwohl die meisten Zierkirschen aus Japan stammen, wurden sie seit ihrer ersten Ankunft im [&hellip;]<\/p>\n","protected":false},"author":1,"featured_media":0,"parent":0,"menu_order":0,"comment_status":"closed","ping_status":"closed","template":"single-four.php","meta":[],"acf":[],"yoast_head":"<!-- This site is optimized with the Yoast SEO plugin v19.4 - https:\/\/yoast.com\/wordpress\/plugins\/seo\/ -->\n<title>Fr\u00fchling in S\u00fcdengland \u2013 Unsere Reisetipps - Urlaub &amp; Reisen<\/title>\n<meta name=\"robots\" content=\"index, follow, max-snippet:-1, max-image-preview:large, max-video-preview:-1\" \/>\n<link rel=\"canonical\" href=\"https:\/\/www.urlaubcornwall.de\/blog\/fruehling-suedengland-unsere-reisetipps\/\" \/>\n<meta property=\"og:locale\" content=\"en_US\" \/>\n<meta property=\"og:type\" content=\"article\" \/>\n<meta property=\"og:title\" content=\"Fr\u00fchling in S\u00fcdengland \u2013 Unsere Reisetipps - Urlaub &amp; Reisen\" \/>\n<meta property=\"og:description\" content=\"Kirschbl\u00fcten sind in England mit Fr\u00fchling gleichzusetzen, und dar\u00fcber schrieb der ber\u00fchmte englische Dichter A E Housman (1859-1936): Loveliest of trees, the cherry now Is hung with bloom along the bough, And stands about the woodland ride Wearing white for Eastertide. Obwohl die meisten Zierkirschen aus Japan stammen, wurden sie seit ihrer ersten Ankunft im [&hellip;]\" \/>\n<meta property=\"og:url\" content=\"https:\/\/www.urlaubcornwall.de\/blog\/fruehling-suedengland-unsere-reisetipps\/\" \/>\n<meta property=\"og:site_name\" content=\"Urlaub &amp; Reisen\" \/>\n<meta property=\"article:modified_time\" content=\"2024-05-30T14:49:48+00:00\" \/>\n<meta property=\"og:image\" content=\"https:\/\/www.urlaubcornwall.de\/blog\/wp-content\/uploads\/2015\/03\/Trewidden-Belle_1.jpg\" \/>\n<meta name=\"twitter:card\" content=\"summary\" \/>\n<meta name=\"twitter:label1\" content=\"Est. reading time\" \/>\n\t<meta name=\"twitter:data1\" content=\"2 minutes\" \/>\n<script type=\"application\/ld+json\" class=\"yoast-schema-graph\">{\"@context\":\"https:\/\/schema.org\",\"@graph\":[{\"@type\":\"WebSite\",\"@id\":\"https:\/\/www.urlaubcornwall.de\/blog\/#website\",\"url\":\"https:\/\/www.urlaubcornwall.de\/blog\/\",\"name\":\"Urlaub &amp; Reisen\",\"description\":\"Urlaub, Reisen, Cornwall und S\u00fcdengland: eine perfekte Kombination\",\"potentialAction\":[{\"@type\":\"SearchAction\",\"target\":{\"@type\":\"EntryPoint\",\"urlTemplate\":\"https:\/\/www.urlaubcornwall.de\/blog\/?s={search_term_string}\"},\"query-input\":\"required name=search_term_string\"}],\"inLanguage\":\"en-US\"},{\"@type\":\"WebPage\",\"@id\":\"https:\/\/www.urlaubcornwall.de\/blog\/fruehling-suedengland-unsere-reisetipps\/\",\"url\":\"https:\/\/www.urlaubcornwall.de\/blog\/fruehling-suedengland-unsere-reisetipps\/\",\"name\":\"Fr\u00fchling in S\u00fcdengland \u2013 Unsere Reisetipps - Urlaub &amp; Reisen\",\"isPartOf\":{\"@id\":\"https:\/\/www.urlaubcornwall.de\/blog\/#website\"},\"datePublished\":\"2019-01-21T10:08:55+00:00\",\"dateModified\":\"2024-05-30T14:49:48+00:00\",\"breadcrumb\":{\"@id\":\"https:\/\/www.urlaubcornwall.de\/blog\/fruehling-suedengland-unsere-reisetipps\/#breadcrumb\"},\"inLanguage\":\"en-US\",\"potentialAction\":[{\"@type\":\"ReadAction\",\"target\":[\"https:\/\/www.urlaubcornwall.de\/blog\/fruehling-suedengland-unsere-reisetipps\/\"]}]},{\"@type\":\"BreadcrumbList\",\"@id\":\"https:\/\/www.urlaubcornwall.de\/blog\/fruehling-suedengland-unsere-reisetipps\/#breadcrumb\",\"itemListElement\":[{\"@type\":\"ListItem\",\"position\":1,\"name\":\"Home\",\"item\":\"https:\/\/www.urlaubcornwall.de\/blog\/\"},{\"@type\":\"ListItem\",\"position\":2,\"name\":\"Fr\u00fchling in S\u00fcdengland \u2013 Unsere Reisetipps\"}]}]}<\/script>\n<!-- \/ Yoast SEO plugin. -->","yoast_head_json":{"title":"Fr\u00fchling in S\u00fcdengland \u2013 Unsere Reisetipps - Urlaub &amp; Reisen","robots":{"index":"index","follow":"follow","max-snippet":"max-snippet:-1","max-image-preview":"max-image-preview:large","max-video-preview":"max-video-preview:-1"},"canonical":"https:\/\/www.urlaubcornwall.de\/blog\/fruehling-suedengland-unsere-reisetipps\/","og_locale":"en_US","og_type":"article","og_title":"Fr\u00fchling in S\u00fcdengland \u2013 Unsere Reisetipps - Urlaub &amp; Reisen","og_description":"Kirschbl\u00fcten sind in England mit Fr\u00fchling gleichzusetzen, und dar\u00fcber schrieb der ber\u00fchmte englische Dichter A E Housman (1859-1936): Loveliest of trees, the cherry now Is hung with bloom along the bough, And stands about the woodland ride Wearing white for Eastertide. Obwohl die meisten Zierkirschen aus Japan stammen, wurden sie seit ihrer ersten Ankunft im [&hellip;]","og_url":"https:\/\/www.urlaubcornwall.de\/blog\/fruehling-suedengland-unsere-reisetipps\/","og_site_name":"Urlaub &amp; Reisen","article_modified_time":"2024-05-30T14:49:48+00:00","og_image":[{"url":"https:\/\/www.urlaubcornwall.de\/blog\/wp-content\/uploads\/2015\/03\/Trewidden-Belle_1.jpg"}],"twitter_card":"summary","twitter_misc":{"Est. reading time":"2 minutes"},"schema":{"@context":"https:\/\/schema.org","@graph":[{"@type":"WebSite","@id":"https:\/\/www.urlaubcornwall.de\/blog\/#website","url":"https:\/\/www.urlaubcornwall.de\/blog\/","name":"Urlaub &amp; Reisen","description":"Urlaub, Reisen, Cornwall und S\u00fcdengland: eine perfekte Kombination","potentialAction":[{"@type":"SearchAction","target":{"@type":"EntryPoint","urlTemplate":"https:\/\/www.urlaubcornwall.de\/blog\/?s={search_term_string}"},"query-input":"required name=search_term_string"}],"inLanguage":"en-US"},{"@type":"WebPage","@id":"https:\/\/www.urlaubcornwall.de\/blog\/fruehling-suedengland-unsere-reisetipps\/","url":"https:\/\/www.urlaubcornwall.de\/blog\/fruehling-suedengland-unsere-reisetipps\/","name":"Fr\u00fchling in S\u00fcdengland \u2013 Unsere Reisetipps - Urlaub &amp; Reisen","isPartOf":{"@id":"https:\/\/www.urlaubcornwall.de\/blog\/#website"},"datePublished":"2019-01-21T10:08:55+00:00","dateModified":"2024-05-30T14:49:48+00:00","breadcrumb":{"@id":"https:\/\/www.urlaubcornwall.de\/blog\/fruehling-suedengland-unsere-reisetipps\/#breadcrumb"},"inLanguage":"en-US","potentialAction":[{"@type":"ReadAction","target":["https:\/\/www.urlaubcornwall.de\/blog\/fruehling-suedengland-unsere-reisetipps\/"]}]},{"@type":"BreadcrumbList","@id":"https:\/\/www.urlaubcornwall.de\/blog\/fruehling-suedengland-unsere-reisetipps\/#breadcrumb","itemListElement":[{"@type":"ListItem","position":1,"name":"Home","item":"https:\/\/www.urlaubcornwall.de\/blog\/"},{"@type":"ListItem","position":2,"name":"Fr\u00fchling in S\u00fcdengland \u2013 Unsere Reisetipps"}]}]}},"_links":{"self":[{"href":"https:\/\/www.urlaubcornwall.de\/blog\/wp-json\/wp\/v2\/pages\/35175"}],"collection":[{"href":"https:\/\/www.urlaubcornwall.de\/blog\/wp-json\/wp\/v2\/pages"}],"about":[{"href":"https:\/\/www.urlaubcornwall.de\/blog\/wp-json\/wp\/v2\/types\/page"}],"author":[{"embeddable":true,"href":"https:\/\/www.urlaubcornwall.de\/blog\/wp-json\/wp\/v2\/users\/1"}],"replies":[{"embeddable":true,"href":"https:\/\/www.urlaubcornwall.de\/blog\/wp-json\/wp\/v2\/comments?post=35175"}],"version-history":[{"count":9,"href":"https:\/\/www.urlaubcornwall.de\/blog\/wp-json\/wp\/v2\/pages\/35175\/revisions"}],"predecessor-version":[{"id":51126,"href":"https:\/\/www.urlaubcornwall.de\/blog\/wp-json\/wp\/v2\/pages\/35175\/revisions\/51126"}],"wp:attachment":[{"href":"https:\/\/www.urlaubcornwall.de\/blog\/wp-json\/wp\/v2\/media?parent=35175"}],"curies":[{"name":"wp","href":"https:\/\/api.w.org\/{rel}","templated":true}]}}