{"id":35169,"date":"2019-01-21T09:53:24","date_gmt":"2019-01-21T09:53:24","guid":{"rendered":"https:\/\/www.urlaubcornwall.de\/blog\/?page_id=35169"},"modified":"2024-05-26T13:45:17","modified_gmt":"2024-05-26T13:45:17","slug":"fruehling-in-england-unsere-reisetipps","status":"publish","type":"page","link":"https:\/\/www.urlaubcornwall.de\/blog\/fruehling-in-england-unsere-reisetipps\/","title":{"rendered":"Fr\u00fchling in England \u2013 Unsere Reisetipps"},"content":{"rendered":"<p><img loading=\"lazy\" class=\"aligncenter size-full wp-image-35171\" src=\"https:\/\/www.urlaubcornwall.de\/blog\/wp-content\/uploads\/2019\/01\/Schneegl\u00f6ckchen-Fr\u00fchling-England.jpg\" alt=\"Schneegl\u00f6ckchen Fr\u00fchling England\" width=\"748\" height=\"451\" srcset=\"https:\/\/www.urlaubcornwall.de\/blog\/wp-content\/uploads\/2019\/01\/Schneegl\u00f6ckchen-Fr\u00fchling-England.jpg 747w, https:\/\/www.urlaubcornwall.de\/blog\/wp-content\/uploads\/2019\/01\/Schneegl\u00f6ckchen-Fr\u00fchling-England-300x181.jpg 300w\" sizes=\"(max-width: 748px) 100vw, 748px\" \/><br \/>\nWenn der Winter sich in Fr\u00fchling verwandelt, beginnen die <a href=\"https:\/\/www.urlaubcornwall.de\/gartenreise.php\">G\u00e4rten Englands<\/a> in Farben auszubrechen, sowie das restliche UK. Schneegl\u00f6ckchen sind unter anderem die ersten Blumen, die aus der Erde erscheinen, sobald das Wetter w\u00e4rmer wird. Diese delikaten wei\u00dfen Blumen lassen uns wissen, dass der Fr\u00fchling naht.<\/p>\n<p>Im gesamten UK gibt es viele G\u00e4rten zu besuchen, wo Sie sich an der Sch\u00f6nheit dieser Blumen erfreuen k\u00f6nnen.<\/p>\n<p>Rode Hall in Cheshire hat einen Schneegl\u00f6ckchen Spazierweg, auf dem Sie einem wei\u00dfen Teppich entlang eines Flusspfades folgen k\u00f6nnen, der aus 70 Variationen an Schneegl\u00f6ckchen besteht. <a href=\"http:\/\/www.rodehall.co.uk\" rel=\"nofollow\">www.rodehall.co.uk<\/a><\/p>\n<p>Im Colesbourne Park in Gloucestershire ist die Schneegl\u00f6ckchensammlung jedes Februarwochenende f\u00fcr Besucher ge\u00f6ffnet, und Nachmittagstee ist erh\u00e4ltlich. <a href=\"http:\/\/www.colesbournegardens.org.uk\" rel=\"nofollow\">www.colesbournegardens.org.uk<\/a><\/p>\n<p>Am Schloss Hever in Kent gibt es einen magischen Pfad von mehr als 70 000 Schneegl\u00f6ckchen s\u00e4mtlicher Variationen, einschlie\u00dflich einiger sehr seltener Arten. <a href=\"http:\/\/www.hevercastle.co.uk\"rel=\"nofollow\">www.hevercastle.co.uk<\/a><\/p>\n<p>Auch bei Daws Hall in Suffolk k\u00f6nnen Sie die ersten Zeichen des Fr\u00fchlings auf einem Spaziergang durch dieses herrliche Naturreservat in Suffolks Stour Valley genie\u00dfen. <a href=\"http:\/\/www.dawshallnature.co.uk\"rel=\"nofollow\">www.dawshallnature.co.uk<\/a><\/p>\n<p>Cerney House Gardens bei Cirencester ist zu jeder Jahreszeit ein romantischer englischer Garten und hat in seinem Waldgebiet eine fabelhafte Winterschau an Schneegl\u00f6ckchen und Nieswurz. <a href=\"http:\/\/www.cerneygardens.com\"rel=\"nofollow\">www.cerneygardens.com<\/a><\/p>\n<p>Es gibt jede Menge Fr\u00fchlingsblumen, einschlie\u00dflich Schneegl\u00f6ckchen und Tulpen in den preisgekr\u00f6nten G\u00e4rten von Forde Abbey House and Gardens in Chard, Somerset. Die G\u00e4rten dieses einzigartigen, 850 Jahre alten Hauses, sind das ganze Jahr \u00fcber ge\u00f6ffnet. <a href=\"http:\/\/www.fordeabbey.co.uk\"rel=\"nofollow\">www.fordeabbey.co.uk<\/a><\/p>\n<div class=\"snippet\"> <a class=\"featured-item\" href=\" https:\/\/www.urlaubcornwall.de\/ferienhaeuser\/suedengland.php\"> <span class=\"image-holder\" style=\"background-image: url('https:\/\/www.urlaubcornwall.de\/blog\/wp-content\/uploads\/2018\/11\/landhaus-cornwall-1.jpg');\"><\/span> <span class=\"featured-content\"> \n<h2 class=\"featured-title\">Ferienh\u00e4user in England<\/h2>\n<p class=\"featured-body\">Bei uns finden Sie Ferienh\u00e4user zum Verlieben! Dank seiner langen Geschichte, der reizvollen Landschaften und seinen vielen Attraktionen ist S\u00fcdengland ein wahres Mekka f\u00fcr Urlauber&#8230;.<\/p>\n<\/span> <span class=\"featured-link-holder\"> <span class=\"featured-extra-info\"> \n<p> F\u00fcr Paare, Familien &#038; Gruppen<\/p>\n<\/span> \n<p class=\"featured-link\">DETAILS<\/p>\n<\/span> <\/a><\/div>\n<div class=\"snippet\"> <a class=\"featured-item\" href=\" https:\/\/www.urlaubcornwall.de\/rundreisenservice.php\"> <span class=\"image-holder\" style=\"background-image: url(' https:\/\/www.urlaubcornwall.de\/blog\/wp-content\/uploads\/2018\/11\/rundreise-cornwall.jpg ');\"><\/span> <span class=\"featured-content\"> \n<h2 class=\"featured-title\">Rundreisen durch England<\/h2>\n<p class=\"featured-body\">Autoreisen eignen sich perfekt, um das meiste aus Ihrem Urlaub in England zu machen. Gehen Sie in eigenem Schritttempo im eigenen Auto auf Erkundung oder fliegen Sie und mieten ein Auto&#8230;<\/p>\n<\/span> <span class=\"featured-link-holder\"> <span class=\"featured-extra-info\"> \n<p>Teilen Sie uns Ihre Urlaubspl\u00e4ne<\/p>\n<\/span> \n<p class=\"featured-link\">MEHR INFO<\/p>\n<\/span> <\/a><\/div>\n\n<div class=\"snippet\"> <a class=\"featured-item\" href=\" https:\/\/www.urlaubcornwall.de\/massgeschneiderte-gruppenreisen-und-touren.php \"> <span class=\"image-holder\" style=\"background-image: url(' https:\/\/www.urlaubcornwall.de\/blog\/wp-content\/uploads\/2024\/05\/gruppenreisen.jpg ');\"><\/span> <span class=\"featured-content\"> \n<h2 class=\"featured-title\">Busreisen und Gruppenreisen in Gro\u00dfbritannien<\/h2>\n<p class=\"featured-body\">Wir von UrlaubCornwall arbeiten daran, beides anzubieten, Busreisen f\u00fcr Paare oder all jene, die alleine reisen, sowie ma\u00dfgeschneiderte Gruppenreisen f\u00fcr diejenigen mit besonderen Interessen&#8230;.<\/p>\n<\/span> <span class=\"featured-link-holder\"> <span class=\"featured-extra-info\"> \n<p> Auch interessante Themenreisen, Gartenreise, Literaturreise&#8230;<\/p>\n<\/span> \n<p class=\"featured-link\">DETAILS<\/p>\n<\/span> <\/a><\/div>\n<h2 style=\"text-align: center;\"><strong>UrlaubCornwall.de &#8211; Mit Sitz in Cornwall, einer von Englands beliebtesten Urlaubsregionen, haben wir eine Leidenschaft f\u00fcr Urlaube und Reisen durch Gro\u00dfbritannien<\/strong><\/h2>\n","protected":false},"excerpt":{"rendered":"<p>Wenn der Winter sich in Fr\u00fchling verwandelt, beginnen die G\u00e4rten Englands in Farben auszubrechen, sowie das restliche UK. Schneegl\u00f6ckchen sind unter anderem die ersten Blumen, die aus der Erde erscheinen, sobald das Wetter w\u00e4rmer wird. Diese delikaten wei\u00dfen Blumen lassen uns wissen, dass der Fr\u00fchling naht. Im gesamten UK gibt es viele G\u00e4rten zu besuchen, [&hellip;]<\/p>\n","protected":false},"author":1,"featured_media":0,"parent":0,"menu_order":0,"comment_status":"closed","ping_status":"closed","template":"single-four.php","meta":[],"acf":[],"yoast_head":"<!-- This site is optimized with the Yoast SEO plugin v19.4 - https:\/\/yoast.com\/wordpress\/plugins\/seo\/ -->\n<title>Fr\u00fchling in England \u2013 Unsere Reisetipps - Urlaub &amp; Reisen<\/title>\n<meta name=\"robots\" content=\"index, follow, max-snippet:-1, max-image-preview:large, max-video-preview:-1\" \/>\n<link rel=\"canonical\" href=\"https:\/\/www.urlaubcornwall.de\/blog\/fruehling-in-england-unsere-reisetipps\/\" \/>\n<meta property=\"og:locale\" content=\"en_US\" \/>\n<meta property=\"og:type\" content=\"article\" \/>\n<meta property=\"og:title\" content=\"Fr\u00fchling in England \u2013 Unsere Reisetipps - Urlaub &amp; Reisen\" \/>\n<meta property=\"og:description\" content=\"Wenn der Winter sich in Fr\u00fchling verwandelt, beginnen die G\u00e4rten Englands in Farben auszubrechen, sowie das restliche UK. Schneegl\u00f6ckchen sind unter anderem die ersten Blumen, die aus der Erde erscheinen, sobald das Wetter w\u00e4rmer wird. Diese delikaten wei\u00dfen Blumen lassen uns wissen, dass der Fr\u00fchling naht. Im gesamten UK gibt es viele G\u00e4rten zu besuchen, [&hellip;]\" \/>\n<meta property=\"og:url\" content=\"https:\/\/www.urlaubcornwall.de\/blog\/fruehling-in-england-unsere-reisetipps\/\" \/>\n<meta property=\"og:site_name\" content=\"Urlaub &amp; Reisen\" \/>\n<meta property=\"article:modified_time\" content=\"2024-05-26T13:45:17+00:00\" \/>\n<meta name=\"twitter:card\" content=\"summary\" \/>\n<meta name=\"twitter:label1\" content=\"Est. reading time\" \/>\n\t<meta name=\"twitter:data1\" content=\"2 minutes\" \/>\n<script type=\"application\/ld+json\" class=\"yoast-schema-graph\">{\"@context\":\"https:\/\/schema.org\",\"@graph\":[{\"@type\":\"WebSite\",\"@id\":\"https:\/\/www.urlaubcornwall.de\/blog\/#website\",\"url\":\"https:\/\/www.urlaubcornwall.de\/blog\/\",\"name\":\"Urlaub &amp; Reisen\",\"description\":\"Urlaub, Reisen, Cornwall und S\u00fcdengland: eine perfekte Kombination\",\"potentialAction\":[{\"@type\":\"SearchAction\",\"target\":{\"@type\":\"EntryPoint\",\"urlTemplate\":\"https:\/\/www.urlaubcornwall.de\/blog\/?s={search_term_string}\"},\"query-input\":\"required name=search_term_string\"}],\"inLanguage\":\"en-US\"},{\"@type\":\"WebPage\",\"@id\":\"https:\/\/www.urlaubcornwall.de\/blog\/fruehling-in-england-unsere-reisetipps\/\",\"url\":\"https:\/\/www.urlaubcornwall.de\/blog\/fruehling-in-england-unsere-reisetipps\/\",\"name\":\"Fr\u00fchling in England \u2013 Unsere Reisetipps - Urlaub &amp; Reisen\",\"isPartOf\":{\"@id\":\"https:\/\/www.urlaubcornwall.de\/blog\/#website\"},\"datePublished\":\"2019-01-21T09:53:24+00:00\",\"dateModified\":\"2024-05-26T13:45:17+00:00\",\"breadcrumb\":{\"@id\":\"https:\/\/www.urlaubcornwall.de\/blog\/fruehling-in-england-unsere-reisetipps\/#breadcrumb\"},\"inLanguage\":\"en-US\",\"potentialAction\":[{\"@type\":\"ReadAction\",\"target\":[\"https:\/\/www.urlaubcornwall.de\/blog\/fruehling-in-england-unsere-reisetipps\/\"]}]},{\"@type\":\"BreadcrumbList\",\"@id\":\"https:\/\/www.urlaubcornwall.de\/blog\/fruehling-in-england-unsere-reisetipps\/#breadcrumb\",\"itemListElement\":[{\"@type\":\"ListItem\",\"position\":1,\"name\":\"Home\",\"item\":\"https:\/\/www.urlaubcornwall.de\/blog\/\"},{\"@type\":\"ListItem\",\"position\":2,\"name\":\"Fr\u00fchling in England \u2013 Unsere Reisetipps\"}]}]}<\/script>\n<!-- \/ Yoast SEO plugin. -->","yoast_head_json":{"title":"Fr\u00fchling in England \u2013 Unsere Reisetipps - Urlaub &amp; Reisen","robots":{"index":"index","follow":"follow","max-snippet":"max-snippet:-1","max-image-preview":"max-image-preview:large","max-video-preview":"max-video-preview:-1"},"canonical":"https:\/\/www.urlaubcornwall.de\/blog\/fruehling-in-england-unsere-reisetipps\/","og_locale":"en_US","og_type":"article","og_title":"Fr\u00fchling in England \u2013 Unsere Reisetipps - Urlaub &amp; Reisen","og_description":"Wenn der Winter sich in Fr\u00fchling verwandelt, beginnen die G\u00e4rten Englands in Farben auszubrechen, sowie das restliche UK. Schneegl\u00f6ckchen sind unter anderem die ersten Blumen, die aus der Erde erscheinen, sobald das Wetter w\u00e4rmer wird. Diese delikaten wei\u00dfen Blumen lassen uns wissen, dass der Fr\u00fchling naht. Im gesamten UK gibt es viele G\u00e4rten zu besuchen, [&hellip;]","og_url":"https:\/\/www.urlaubcornwall.de\/blog\/fruehling-in-england-unsere-reisetipps\/","og_site_name":"Urlaub &amp; Reisen","article_modified_time":"2024-05-26T13:45:17+00:00","twitter_card":"summary","twitter_misc":{"Est. reading time":"2 minutes"},"schema":{"@context":"https:\/\/schema.org","@graph":[{"@type":"WebSite","@id":"https:\/\/www.urlaubcornwall.de\/blog\/#website","url":"https:\/\/www.urlaubcornwall.de\/blog\/","name":"Urlaub &amp; Reisen","description":"Urlaub, Reisen, Cornwall und S\u00fcdengland: eine perfekte Kombination","potentialAction":[{"@type":"SearchAction","target":{"@type":"EntryPoint","urlTemplate":"https:\/\/www.urlaubcornwall.de\/blog\/?s={search_term_string}"},"query-input":"required name=search_term_string"}],"inLanguage":"en-US"},{"@type":"WebPage","@id":"https:\/\/www.urlaubcornwall.de\/blog\/fruehling-in-england-unsere-reisetipps\/","url":"https:\/\/www.urlaubcornwall.de\/blog\/fruehling-in-england-unsere-reisetipps\/","name":"Fr\u00fchling in England \u2013 Unsere Reisetipps - Urlaub &amp; Reisen","isPartOf":{"@id":"https:\/\/www.urlaubcornwall.de\/blog\/#website"},"datePublished":"2019-01-21T09:53:24+00:00","dateModified":"2024-05-26T13:45:17+00:00","breadcrumb":{"@id":"https:\/\/www.urlaubcornwall.de\/blog\/fruehling-in-england-unsere-reisetipps\/#breadcrumb"},"inLanguage":"en-US","potentialAction":[{"@type":"ReadAction","target":["https:\/\/www.urlaubcornwall.de\/blog\/fruehling-in-england-unsere-reisetipps\/"]}]},{"@type":"BreadcrumbList","@id":"https:\/\/www.urlaubcornwall.de\/blog\/fruehling-in-england-unsere-reisetipps\/#breadcrumb","itemListElement":[{"@type":"ListItem","position":1,"name":"Home","item":"https:\/\/www.urlaubcornwall.de\/blog\/"},{"@type":"ListItem","position":2,"name":"Fr\u00fchling in England \u2013 Unsere Reisetipps"}]}]}},"_links":{"self":[{"href":"https:\/\/www.urlaubcornwall.de\/blog\/wp-json\/wp\/v2\/pages\/35169"}],"collection":[{"href":"https:\/\/www.urlaubcornwall.de\/blog\/wp-json\/wp\/v2\/pages"}],"about":[{"href":"https:\/\/www.urlaubcornwall.de\/blog\/wp-json\/wp\/v2\/types\/page"}],"author":[{"embeddable":true,"href":"https:\/\/www.urlaubcornwall.de\/blog\/wp-json\/wp\/v2\/users\/1"}],"replies":[{"embeddable":true,"href":"https:\/\/www.urlaubcornwall.de\/blog\/wp-json\/wp\/v2\/comments?post=35169"}],"version-history":[{"count":6,"href":"https:\/\/www.urlaubcornwall.de\/blog\/wp-json\/wp\/v2\/pages\/35169\/revisions"}],"predecessor-version":[{"id":50231,"href":"https:\/\/www.urlaubcornwall.de\/blog\/wp-json\/wp\/v2\/pages\/35169\/revisions\/50231"}],"wp:attachment":[{"href":"https:\/\/www.urlaubcornwall.de\/blog\/wp-json\/wp\/v2\/media?parent=35169"}],"curies":[{"name":"wp","href":"https:\/\/api.w.org\/{rel}","templated":true}]}}