{"id":34809,"date":"2018-12-18T14:31:44","date_gmt":"2018-12-18T14:31:44","guid":{"rendered":"https:\/\/www.urlaubcornwall.de\/blog\/?page_id=34809"},"modified":"2024-05-26T13:43:47","modified_gmt":"2024-05-26T13:43:47","slug":"christliche-pilgerreisen-und-christliche-touren-gruppenreisen-in-england","status":"publish","type":"page","link":"https:\/\/www.urlaubcornwall.de\/blog\/christliche-pilgerreisen-und-christliche-touren-gruppenreisen-in-england\/","title":{"rendered":"Christliche Pilgerreisen und Christliche Gruppenreisen &#038; Touren in England"},"content":{"rendered":"<p><a href=\"https:\/\/www.urlaubcornwall.de\/blog\/wp-content\/uploads\/2024\/05\/truro-cathedral-credit-james-petts-flickr.jpg\"><img loading=\"lazy\" src=\"https:\/\/www.urlaubcornwall.de\/blog\/wp-content\/uploads\/2024\/05\/truro-cathedral-credit-james-petts-flickr.jpg\" alt=\"truro-cathedral-credit-james-petts-flickr\" width=\"750\" height=\"501\" class=\"alignnone size-full wp-image-50119\" srcset=\"https:\/\/www.urlaubcornwall.de\/blog\/wp-content\/uploads\/2024\/05\/truro-cathedral-credit-james-petts-flickr.jpg 750w, https:\/\/www.urlaubcornwall.de\/blog\/wp-content\/uploads\/2024\/05\/truro-cathedral-credit-james-petts-flickr-300x200.jpg 300w\" sizes=\"(max-width: 750px) 100vw, 750px\" \/><\/a><br \/>\nimage-credit-james-petts-flickr<\/p>\n<p>Erkunden Sie die Wurzeln des englischen Christentums, vom Heiligen Augustinus und seinen Bekehrten, den verschiedenen Abtei-, Kloster- und Kirchengemeinden, bis hin zu den gro\u00dfen K\u00f6nigen Englands und den Adels. Wir erforschen und designen auch sehr gerne <a href=\"https:\/\/www.urlaubcornwall.de\/massgeschneiderte-gruppenreisen-und-touren.php\">eine komplett neue Tour um ein Thema<\/a> herum. Bitte kontaktieren Sie uns daher mit <a href=\"https:\/\/www.urlaubcornwall.de\/gruppenanfrage.php\">Ihren eigenen Ideen<\/a>.<\/p>\n<div class=\"snippet\"> <a class=\"featured-item\" href=\" https:\/\/www.urlaubcornwall.de\/massgeschneiderte-gruppenreisen-und-touren.php \"> <span class=\"image-holder\" style=\"background-image: url(' https:\/\/www.urlaubcornwall.de\/blog\/wp-content\/uploads\/2024\/05\/gruppenreisen.jpg ');\"><\/span> <span class=\"featured-content\"> \n<h2 class=\"featured-title\"> Ma\u00dfgeschneiderte Gruppenreisen in Cornwall &#038; durch Gro\u00dfbritannien<\/h2>\n<p class=\"featured-body\">Als spezialisierte Tourismusorganisation kann UrlaubCornwall f\u00fcr Sie ma\u00dfgeschneiderte Busrundreisen, Gruppenf\u00fchrungen oder Veranstaltungen mit deutschsprachiger Reisebegleitung&#8230;<\/p>\n<\/span> <span class=\"featured-link-holder\"> <span class=\"featured-extra-info\"> \n<p> Auch interessante Pilgerreisen, Themenreisen, Gartenreise, Literaturreise\u2026<\/p>\n<\/span> \n<p class=\"featured-link\">DETAILS<\/p>\n<\/span> <\/a><\/div>\n<p><strong>H\u00f6hepunkte der Reise k\u00f6nnen beinhalten:<\/strong><\/p>\n<p>Die historische <strong>Universit\u00e4tsstadt Cambridge<\/strong> &#8211; perfekt f\u00fcr eine Erwanderung von Cambridge mit Besichtigung der alten Universit\u00e4tsgeb\u00e4ude.<\/p>\n<p><strong>Little Walsingham<\/strong>, eines der Hauptzentren christlicher Pilgerreisen durch England, um die Ruinen des Augustinerklosters aus dem Jahre 1153 zu sehen.<\/p>\n<p>Ein Besuch <strong>Lincolns<\/strong>, bekannt f\u00fcr seine majest\u00e4tische dreit\u00fcrmige Kathedrale, die drittgr\u00f6\u00dfte Kirche Englands. Betrachten Sie die alten Stra\u00dfen und Stadtmauern und besichtigen Sie M\u00fcnster York, Englands gr\u00f6\u00dfte gotische Kirche; bemerkenswert aufgrund ihrer majest\u00e4tischen Struktur und kostbar bemalten Glasfenster.<\/p>\n<p><strong>Fountains Abbey<\/strong> bei Ripon. Im Jahre 1133 gegr\u00fcndet von dreizehn anders denkenden Benediktinerm\u00f6nchen, wurde die Abtei bald eine der reichsten Zisterzienserkl\u00f6ster Englands.<\/p>\n<p><strong>Holy Island<\/strong> und die atmosph\u00e4rischen Ruinen des Lindisfarne Klosters. Es ist eine der heiligsten anglos\u00e4chsischen St\u00e4tten Englands, bekannt als die urspr\u00fcngliche Grabesst\u00e4tte des heiligen Cuthbert.<\/p>\n<p>Gehen Sie <strong>Edinburghs Royal Mile<\/strong> entlang, vorbei an der St Giles Kathedrale, und besuchen Sie den wundersch\u00f6nen Palast Holyroodhouse (die einzige offizielle Residenz der K\u00f6nigin in Schottland), sowie die Burg Edinburgh.<\/p>\n<p><strong>London<\/strong>, einschlie\u00dflich Westminster Abbey, Westminster Cathedral und die Kapelle des heiligen Georgs und der englischen M\u00e4rtyrer, Trafalgar Square, Houses of Parliament, Whitehall und 10 Downing Street, Buckingham Palace, Thames River, Lambeth Palace (offizielle Residenz des Erzbischofs von Canterbury) und Tower of London.<\/p>\n<p><strong>Canterbury<\/strong>, Englands meistbekannte Kathedralenstadt. Erkunden Sie die Pflasterstra\u00dfen, denen schon Chaucers Pilger entlangspaziert sind; besuchen Sie die Wurzeln des Christentums schlechthin an den Ruinen der Abtei des heiligen Augustinus und genie\u00dfen Sie eine F\u00fchrung der herrlichen Kathedrale, der Mutterkirche der anglikanischen Kirche und die erste Kathedrale des Landes, vom heiligen Augustinus im Jahre 597 AD gegr\u00fcndet.<\/p>\n<p><strong>Kloster Aylesford<\/strong>, das antike religi\u00f6se Haus des Ordens der Karmeliten, das zur\u00fcckreicht ins 13. Jahrhundert.<\/p>\n<p><strong>Winchester Cathedral<\/strong> und ihr Gel\u00e4nde. Sie ist mit dem l\u00e4ngsten Kirchenschiff und der gr\u00f6\u00dften Durchschnittsl\u00e4nge jeglicher gotischer Kathedralen Europas eine der gr\u00f6\u00dften Kathedralen Europas.<\/p>\n<p><strong>Glastonbury<\/strong> war wahrscheinlich zu vorchristlichen Zeiten eine St\u00e4tte religi\u00f6ser Wichtigkeit. Die Abtei wurde von Briten gegr\u00fcndet und reicht mindestens ins fr\u00fche 7. Jahrhundert zur\u00fcck, wenngleich eine sp\u00e4tere mittelalterliche christliche Legende besagt, dass die Abtei von Joseph of Arimathea im 1. Jahrhundert gegr\u00fcndet wurde.<\/p>\n<p><strong>Wells<\/strong>, Englands kleinste Stadt und das Zuhause der Kathedrale Wells, einer anglikanischen Kathedrale, die dem heiligen Apostel Andreas gewidmet ist und Sitz des Bischofs von Bath und Wells. Als Mutterkirche der Di\u00f6zese beherbergt sie den Bischofsthron.<\/p>\n<p><strong>Bath<\/strong> \u2013 besichtigen Sie w\u00e4hrend einer F\u00fchrung die Abtei Bath aus dem 15. Jahrhundert. Es gab einen Ort christlicher Anbetung an dieser St\u00e4tte \u00fcber einen Zeitraum von mehr als tausend Jahren hinweg, wo auch der erste K\u00f6nig des gesamten Englands, K\u00f6nig Edgar, im Jahre 973 gekr\u00f6nt wurde. Besichtigen Sie auch die bemerkenswerten r\u00f6mischen B\u00e4der, Britanniens gr\u00f6\u00dfte \u00dcberbleibsel aus dem r\u00f6mischen Zeitalter.<\/p>\n<p>Bitte kontaktieren Sie uns bez\u00fcglich Ihrer <a href=\"https:\/\/www.urlaubcornwall.de\/gruppenanfrage.php\">Gruppenanfrage<\/a>.<\/p>\n","protected":false},"excerpt":{"rendered":"<p>image-credit-james-petts-flickr Erkunden Sie die Wurzeln des englischen Christentums, vom Heiligen Augustinus und seinen Bekehrten, den verschiedenen Abtei-, Kloster- und Kirchengemeinden, bis hin zu den gro\u00dfen K\u00f6nigen Englands und den Adels. Wir erforschen und designen auch sehr gerne eine komplett neue Tour um ein Thema herum. Bitte kontaktieren Sie uns daher mit Ihren eigenen Ideen. Ma\u00dfgeschneiderte [&hellip;]<\/p>\n","protected":false},"author":1,"featured_media":0,"parent":0,"menu_order":0,"comment_status":"closed","ping_status":"closed","template":"single-four.php","meta":[],"acf":[],"yoast_head":"<!-- This site is optimized with the Yoast SEO plugin v19.4 - https:\/\/yoast.com\/wordpress\/plugins\/seo\/ -->\n<title>Christliche Pilgerreisen und Christliche Gruppenreisen &amp; Touren in England - Urlaub &amp; Reisen<\/title>\n<meta name=\"robots\" content=\"index, follow, max-snippet:-1, max-image-preview:large, max-video-preview:-1\" \/>\n<link rel=\"canonical\" href=\"https:\/\/www.urlaubcornwall.de\/blog\/christliche-pilgerreisen-und-christliche-touren-gruppenreisen-in-england\/\" \/>\n<meta property=\"og:locale\" content=\"en_US\" \/>\n<meta property=\"og:type\" content=\"article\" \/>\n<meta property=\"og:title\" content=\"Christliche Pilgerreisen und Christliche Gruppenreisen &amp; Touren in England - Urlaub &amp; Reisen\" \/>\n<meta property=\"og:description\" content=\"image-credit-james-petts-flickr Erkunden Sie die Wurzeln des englischen Christentums, vom Heiligen Augustinus und seinen Bekehrten, den verschiedenen Abtei-, Kloster- und Kirchengemeinden, bis hin zu den gro\u00dfen K\u00f6nigen Englands und den Adels. Wir erforschen und designen auch sehr gerne eine komplett neue Tour um ein Thema herum. Bitte kontaktieren Sie uns daher mit Ihren eigenen Ideen. Ma\u00dfgeschneiderte [&hellip;]\" \/>\n<meta property=\"og:url\" content=\"https:\/\/www.urlaubcornwall.de\/blog\/christliche-pilgerreisen-und-christliche-touren-gruppenreisen-in-england\/\" \/>\n<meta property=\"og:site_name\" content=\"Urlaub &amp; Reisen\" \/>\n<meta property=\"article:modified_time\" content=\"2024-05-26T13:43:47+00:00\" \/>\n<meta property=\"og:image\" content=\"https:\/\/www.urlaubcornwall.de\/blog\/wp-content\/uploads\/2024\/05\/truro-cathedral-credit-james-petts-flickr.jpg\" \/>\n<meta name=\"twitter:card\" content=\"summary\" \/>\n<meta name=\"twitter:label1\" content=\"Est. reading time\" \/>\n\t<meta name=\"twitter:data1\" content=\"3 minutes\" \/>\n<script type=\"application\/ld+json\" class=\"yoast-schema-graph\">{\"@context\":\"https:\/\/schema.org\",\"@graph\":[{\"@type\":\"WebSite\",\"@id\":\"https:\/\/www.urlaubcornwall.de\/blog\/#website\",\"url\":\"https:\/\/www.urlaubcornwall.de\/blog\/\",\"name\":\"Urlaub &amp; Reisen\",\"description\":\"Urlaub, Reisen, Cornwall und S\u00fcdengland: eine perfekte Kombination\",\"potentialAction\":[{\"@type\":\"SearchAction\",\"target\":{\"@type\":\"EntryPoint\",\"urlTemplate\":\"https:\/\/www.urlaubcornwall.de\/blog\/?s={search_term_string}\"},\"query-input\":\"required name=search_term_string\"}],\"inLanguage\":\"en-US\"},{\"@type\":\"WebPage\",\"@id\":\"https:\/\/www.urlaubcornwall.de\/blog\/christliche-pilgerreisen-und-christliche-touren-gruppenreisen-in-england\/\",\"url\":\"https:\/\/www.urlaubcornwall.de\/blog\/christliche-pilgerreisen-und-christliche-touren-gruppenreisen-in-england\/\",\"name\":\"Christliche Pilgerreisen und Christliche Gruppenreisen & Touren in England - Urlaub &amp; Reisen\",\"isPartOf\":{\"@id\":\"https:\/\/www.urlaubcornwall.de\/blog\/#website\"},\"datePublished\":\"2018-12-18T14:31:44+00:00\",\"dateModified\":\"2024-05-26T13:43:47+00:00\",\"breadcrumb\":{\"@id\":\"https:\/\/www.urlaubcornwall.de\/blog\/christliche-pilgerreisen-und-christliche-touren-gruppenreisen-in-england\/#breadcrumb\"},\"inLanguage\":\"en-US\",\"potentialAction\":[{\"@type\":\"ReadAction\",\"target\":[\"https:\/\/www.urlaubcornwall.de\/blog\/christliche-pilgerreisen-und-christliche-touren-gruppenreisen-in-england\/\"]}]},{\"@type\":\"BreadcrumbList\",\"@id\":\"https:\/\/www.urlaubcornwall.de\/blog\/christliche-pilgerreisen-und-christliche-touren-gruppenreisen-in-england\/#breadcrumb\",\"itemListElement\":[{\"@type\":\"ListItem\",\"position\":1,\"name\":\"Home\",\"item\":\"https:\/\/www.urlaubcornwall.de\/blog\/\"},{\"@type\":\"ListItem\",\"position\":2,\"name\":\"Christliche Pilgerreisen und Christliche Gruppenreisen &#038; Touren in England\"}]}]}<\/script>\n<!-- \/ Yoast SEO plugin. -->","yoast_head_json":{"title":"Christliche Pilgerreisen und Christliche Gruppenreisen & Touren in England - Urlaub &amp; Reisen","robots":{"index":"index","follow":"follow","max-snippet":"max-snippet:-1","max-image-preview":"max-image-preview:large","max-video-preview":"max-video-preview:-1"},"canonical":"https:\/\/www.urlaubcornwall.de\/blog\/christliche-pilgerreisen-und-christliche-touren-gruppenreisen-in-england\/","og_locale":"en_US","og_type":"article","og_title":"Christliche Pilgerreisen und Christliche Gruppenreisen & Touren in England - Urlaub &amp; Reisen","og_description":"image-credit-james-petts-flickr Erkunden Sie die Wurzeln des englischen Christentums, vom Heiligen Augustinus und seinen Bekehrten, den verschiedenen Abtei-, Kloster- und Kirchengemeinden, bis hin zu den gro\u00dfen K\u00f6nigen Englands und den Adels. Wir erforschen und designen auch sehr gerne eine komplett neue Tour um ein Thema herum. Bitte kontaktieren Sie uns daher mit Ihren eigenen Ideen. Ma\u00dfgeschneiderte [&hellip;]","og_url":"https:\/\/www.urlaubcornwall.de\/blog\/christliche-pilgerreisen-und-christliche-touren-gruppenreisen-in-england\/","og_site_name":"Urlaub &amp; Reisen","article_modified_time":"2024-05-26T13:43:47+00:00","og_image":[{"url":"https:\/\/www.urlaubcornwall.de\/blog\/wp-content\/uploads\/2024\/05\/truro-cathedral-credit-james-petts-flickr.jpg"}],"twitter_card":"summary","twitter_misc":{"Est. reading time":"3 minutes"},"schema":{"@context":"https:\/\/schema.org","@graph":[{"@type":"WebSite","@id":"https:\/\/www.urlaubcornwall.de\/blog\/#website","url":"https:\/\/www.urlaubcornwall.de\/blog\/","name":"Urlaub &amp; Reisen","description":"Urlaub, Reisen, Cornwall und S\u00fcdengland: eine perfekte Kombination","potentialAction":[{"@type":"SearchAction","target":{"@type":"EntryPoint","urlTemplate":"https:\/\/www.urlaubcornwall.de\/blog\/?s={search_term_string}"},"query-input":"required name=search_term_string"}],"inLanguage":"en-US"},{"@type":"WebPage","@id":"https:\/\/www.urlaubcornwall.de\/blog\/christliche-pilgerreisen-und-christliche-touren-gruppenreisen-in-england\/","url":"https:\/\/www.urlaubcornwall.de\/blog\/christliche-pilgerreisen-und-christliche-touren-gruppenreisen-in-england\/","name":"Christliche Pilgerreisen und Christliche Gruppenreisen & Touren in England - Urlaub &amp; Reisen","isPartOf":{"@id":"https:\/\/www.urlaubcornwall.de\/blog\/#website"},"datePublished":"2018-12-18T14:31:44+00:00","dateModified":"2024-05-26T13:43:47+00:00","breadcrumb":{"@id":"https:\/\/www.urlaubcornwall.de\/blog\/christliche-pilgerreisen-und-christliche-touren-gruppenreisen-in-england\/#breadcrumb"},"inLanguage":"en-US","potentialAction":[{"@type":"ReadAction","target":["https:\/\/www.urlaubcornwall.de\/blog\/christliche-pilgerreisen-und-christliche-touren-gruppenreisen-in-england\/"]}]},{"@type":"BreadcrumbList","@id":"https:\/\/www.urlaubcornwall.de\/blog\/christliche-pilgerreisen-und-christliche-touren-gruppenreisen-in-england\/#breadcrumb","itemListElement":[{"@type":"ListItem","position":1,"name":"Home","item":"https:\/\/www.urlaubcornwall.de\/blog\/"},{"@type":"ListItem","position":2,"name":"Christliche Pilgerreisen und Christliche Gruppenreisen &#038; Touren in England"}]}]}},"_links":{"self":[{"href":"https:\/\/www.urlaubcornwall.de\/blog\/wp-json\/wp\/v2\/pages\/34809"}],"collection":[{"href":"https:\/\/www.urlaubcornwall.de\/blog\/wp-json\/wp\/v2\/pages"}],"about":[{"href":"https:\/\/www.urlaubcornwall.de\/blog\/wp-json\/wp\/v2\/types\/page"}],"author":[{"embeddable":true,"href":"https:\/\/www.urlaubcornwall.de\/blog\/wp-json\/wp\/v2\/users\/1"}],"replies":[{"embeddable":true,"href":"https:\/\/www.urlaubcornwall.de\/blog\/wp-json\/wp\/v2\/comments?post=34809"}],"version-history":[{"count":8,"href":"https:\/\/www.urlaubcornwall.de\/blog\/wp-json\/wp\/v2\/pages\/34809\/revisions"}],"predecessor-version":[{"id":50226,"href":"https:\/\/www.urlaubcornwall.de\/blog\/wp-json\/wp\/v2\/pages\/34809\/revisions\/50226"}],"wp:attachment":[{"href":"https:\/\/www.urlaubcornwall.de\/blog\/wp-json\/wp\/v2\/media?parent=34809"}],"curies":[{"name":"wp","href":"https:\/\/api.w.org\/{rel}","templated":true}]}}