{"id":34761,"date":"2018-12-09T18:11:09","date_gmt":"2018-12-09T18:11:09","guid":{"rendered":"https:\/\/www.urlaubcornwall.de\/blog\/?page_id=34761"},"modified":"2024-04-15T09:42:41","modified_gmt":"2024-04-15T09:42:41","slug":"literaturreisen-in-cornwall-und-devon-fuer-ihre-gruppe-massgeschneiderte-gruppenreisen","status":"publish","type":"page","link":"https:\/\/www.urlaubcornwall.de\/blog\/literaturreisen-in-cornwall-und-devon-fuer-ihre-gruppe-massgeschneiderte-gruppenreisen\/","title":{"rendered":"Literaturreisen in Cornwall und Devon f\u00fcr Ihre Gruppe &#8211; Ma\u00dfgeschneiderte Gruppenreisen"},"content":{"rendered":"<p><a href=\"https:\/\/www.urlaubcornwall.de\/blog\/wp-content\/uploads\/2024\/03\/prideaux-place.jpg\"><img loading=\"lazy\" class=\"alignnone wp-image-28764 size-full\" src=\"https:\/\/www.urlaubcornwall.de\/blog\/wp-content\/uploads\/2024\/03\/prideaux-place.jpg\" alt=\"prideaux place\" width=\"746\" height=\"496\"\/><\/a><br \/>\nWir sind Experten bez\u00fcglich <a href=\"https:\/\/www.urlaubcornwall.de\/massgeschneiderte-gruppenreisen-und-touren.php\">ma\u00dfgeschneiderter Gruppenreisen f\u00fcr kleine und gro\u00dfe Gruppen durch Cornwall und Devon<\/a>.<\/p>\n<p>Die West Country hat immer schon Poeten und Schriftsteller mit ihrer evokativen und atemberaubenden Landschaft angezogen. Die Nordk\u00fcste Cornwalls um Padstow herum inspirierte John Betjeman, w\u00e4hrend weiter s\u00fcdlich der K\u00fcste entlang bei den Zinnbergwerken von St Agnes und Perranporth Winston Graham seine Inspiration f\u00fcr seine Poldarkgeschichten bekam. Daphne du Mauriers \u2018Jamaica Inn\u2019 befindet sich in Cornwalls Bodmin Moor, w\u00e4hrend ihr Roman \u2018Frenchman\u2019s Creek\u2019 an den bewaldeten Buchten des Helford River an der S\u00fcdk\u00fcste Cornwalls angesiedelt ist. Du Maurier lebte im urigen Fischerdorf Fowey und dem Gebiet entlang des Flusses Fowey, das sie auch zum Schreiben inspirierte.<\/p>\n<p>Die beliebte Romanschriftstellerin Rosamunde Pilcher hat enge Verbindungen zur Nordk\u00fcste Cornwalls, in der N\u00e4he von St Ives, wo die Filmversion ihres Romans \u201aDie Muschelsucher\u2018 gefilmt wurde. Agatha Christie wird in Verbindung gebracht mit Torquay, S\u00fcddevon, welches ihre Geburtsst\u00e4tte ist und wo sie die meiste Zeit ihres Lebens lebte und viele ihrer ber\u00fchmten Kriminalgeschichten schrieb. Hier im Gebiet, das bekannt ist als Englische Riviera k\u00f6nnen Sie Christie entdecken und ihr Werk genie\u00dfen; jedes Jahr gibt es ein Agatha Christie Festival und einen Literaturpfad.<\/p>\n<p>Welchen Literaturgeschmack Sie auch haben, der S\u00fcdwesten Englands hat Gruppen mit unterschiedlichen Interessen etwas zu bieten.<br \/>\nWir passen Ihre Gruppenreise durch S\u00fcdengland gerne an, um Ihren und den Bed\u00fcrfnissen Ihrer Kunden entgegenzukommen, indem wir Reiseziele, Redner, Besichtigungen und Erfahrungen hinzuf\u00fcgen, um eine wahrhaft einzigartige Literaturreise zu gestalten.<\/p>\n<p>Wir erforschen und designen auch sehr gerne eine komplett neue Tour um ein Thema herum. Bitte <a href=\"https:\/\/www.urlaubcornwall.de\/gruppenanfrage.php\">kontaktieren Sie uns daher mit Ihren eigenen Ideen<\/a>.<\/p>\n<p style=\"text-align: center;\"><a class=\"tidycta\" href=\"https:\/\/www.urlaubcornwall.de\/gruppenanfrage.php\">Gruppenanfrage<\/a><\/p>\n","protected":false},"excerpt":{"rendered":"<p>Wir sind Experten bez\u00fcglich ma\u00dfgeschneiderter Gruppenreisen f\u00fcr kleine und gro\u00dfe Gruppen durch Cornwall und Devon. Die West Country hat immer schon Poeten und Schriftsteller mit ihrer evokativen und atemberaubenden Landschaft angezogen. Die Nordk\u00fcste Cornwalls um Padstow herum inspirierte John Betjeman, w\u00e4hrend weiter s\u00fcdlich der K\u00fcste entlang bei den Zinnbergwerken von St Agnes und Perranporth Winston [&hellip;]<\/p>\n","protected":false},"author":1,"featured_media":0,"parent":0,"menu_order":0,"comment_status":"closed","ping_status":"closed","template":"single-four.php","meta":[],"acf":[],"yoast_head":"<!-- This site is optimized with the Yoast SEO plugin v19.4 - https:\/\/yoast.com\/wordpress\/plugins\/seo\/ -->\n<title>Literaturreisen in Cornwall und Devon f\u00fcr Ihre Gruppe - Ma\u00dfgeschneiderte Gruppenreisen - Urlaub &amp; Reisen<\/title>\n<meta name=\"robots\" content=\"index, follow, max-snippet:-1, max-image-preview:large, max-video-preview:-1\" \/>\n<link rel=\"canonical\" href=\"https:\/\/www.urlaubcornwall.de\/blog\/literaturreisen-in-cornwall-und-devon-fuer-ihre-gruppe-massgeschneiderte-gruppenreisen\/\" \/>\n<meta property=\"og:locale\" content=\"en_US\" \/>\n<meta property=\"og:type\" content=\"article\" \/>\n<meta property=\"og:title\" content=\"Literaturreisen in Cornwall und Devon f\u00fcr Ihre Gruppe - Ma\u00dfgeschneiderte Gruppenreisen - Urlaub &amp; Reisen\" \/>\n<meta property=\"og:description\" content=\"Wir sind Experten bez\u00fcglich ma\u00dfgeschneiderter Gruppenreisen f\u00fcr kleine und gro\u00dfe Gruppen durch Cornwall und Devon. Die West Country hat immer schon Poeten und Schriftsteller mit ihrer evokativen und atemberaubenden Landschaft angezogen. Die Nordk\u00fcste Cornwalls um Padstow herum inspirierte John Betjeman, w\u00e4hrend weiter s\u00fcdlich der K\u00fcste entlang bei den Zinnbergwerken von St Agnes und Perranporth Winston [&hellip;]\" \/>\n<meta property=\"og:url\" content=\"https:\/\/www.urlaubcornwall.de\/blog\/literaturreisen-in-cornwall-und-devon-fuer-ihre-gruppe-massgeschneiderte-gruppenreisen\/\" \/>\n<meta property=\"og:site_name\" content=\"Urlaub &amp; Reisen\" \/>\n<meta property=\"article:modified_time\" content=\"2024-04-15T09:42:41+00:00\" \/>\n<meta property=\"og:image\" content=\"https:\/\/www.urlaubcornwall.de\/blog\/wp-content\/uploads\/2024\/03\/prideaux-place.jpg\" \/>\n<meta name=\"twitter:card\" content=\"summary\" \/>\n<meta name=\"twitter:label1\" content=\"Est. reading time\" \/>\n\t<meta name=\"twitter:data1\" content=\"2 minutes\" \/>\n<script type=\"application\/ld+json\" class=\"yoast-schema-graph\">{\"@context\":\"https:\/\/schema.org\",\"@graph\":[{\"@type\":\"WebSite\",\"@id\":\"https:\/\/www.urlaubcornwall.de\/blog\/#website\",\"url\":\"https:\/\/www.urlaubcornwall.de\/blog\/\",\"name\":\"Urlaub &amp; Reisen\",\"description\":\"Urlaub, Reisen, Cornwall und S\u00fcdengland: eine perfekte Kombination\",\"potentialAction\":[{\"@type\":\"SearchAction\",\"target\":{\"@type\":\"EntryPoint\",\"urlTemplate\":\"https:\/\/www.urlaubcornwall.de\/blog\/?s={search_term_string}\"},\"query-input\":\"required name=search_term_string\"}],\"inLanguage\":\"en-US\"},{\"@type\":\"WebPage\",\"@id\":\"https:\/\/www.urlaubcornwall.de\/blog\/literaturreisen-in-cornwall-und-devon-fuer-ihre-gruppe-massgeschneiderte-gruppenreisen\/\",\"url\":\"https:\/\/www.urlaubcornwall.de\/blog\/literaturreisen-in-cornwall-und-devon-fuer-ihre-gruppe-massgeschneiderte-gruppenreisen\/\",\"name\":\"Literaturreisen in Cornwall und Devon f\u00fcr Ihre Gruppe - Ma\u00dfgeschneiderte Gruppenreisen - Urlaub &amp; Reisen\",\"isPartOf\":{\"@id\":\"https:\/\/www.urlaubcornwall.de\/blog\/#website\"},\"datePublished\":\"2018-12-09T18:11:09+00:00\",\"dateModified\":\"2024-04-15T09:42:41+00:00\",\"breadcrumb\":{\"@id\":\"https:\/\/www.urlaubcornwall.de\/blog\/literaturreisen-in-cornwall-und-devon-fuer-ihre-gruppe-massgeschneiderte-gruppenreisen\/#breadcrumb\"},\"inLanguage\":\"en-US\",\"potentialAction\":[{\"@type\":\"ReadAction\",\"target\":[\"https:\/\/www.urlaubcornwall.de\/blog\/literaturreisen-in-cornwall-und-devon-fuer-ihre-gruppe-massgeschneiderte-gruppenreisen\/\"]}]},{\"@type\":\"BreadcrumbList\",\"@id\":\"https:\/\/www.urlaubcornwall.de\/blog\/literaturreisen-in-cornwall-und-devon-fuer-ihre-gruppe-massgeschneiderte-gruppenreisen\/#breadcrumb\",\"itemListElement\":[{\"@type\":\"ListItem\",\"position\":1,\"name\":\"Home\",\"item\":\"https:\/\/www.urlaubcornwall.de\/blog\/\"},{\"@type\":\"ListItem\",\"position\":2,\"name\":\"Literaturreisen in Cornwall und Devon f\u00fcr Ihre Gruppe &#8211; Ma\u00dfgeschneiderte Gruppenreisen\"}]}]}<\/script>\n<!-- \/ Yoast SEO plugin. -->","yoast_head_json":{"title":"Literaturreisen in Cornwall und Devon f\u00fcr Ihre Gruppe - Ma\u00dfgeschneiderte Gruppenreisen - Urlaub &amp; Reisen","robots":{"index":"index","follow":"follow","max-snippet":"max-snippet:-1","max-image-preview":"max-image-preview:large","max-video-preview":"max-video-preview:-1"},"canonical":"https:\/\/www.urlaubcornwall.de\/blog\/literaturreisen-in-cornwall-und-devon-fuer-ihre-gruppe-massgeschneiderte-gruppenreisen\/","og_locale":"en_US","og_type":"article","og_title":"Literaturreisen in Cornwall und Devon f\u00fcr Ihre Gruppe - Ma\u00dfgeschneiderte Gruppenreisen - Urlaub &amp; Reisen","og_description":"Wir sind Experten bez\u00fcglich ma\u00dfgeschneiderter Gruppenreisen f\u00fcr kleine und gro\u00dfe Gruppen durch Cornwall und Devon. Die West Country hat immer schon Poeten und Schriftsteller mit ihrer evokativen und atemberaubenden Landschaft angezogen. Die Nordk\u00fcste Cornwalls um Padstow herum inspirierte John Betjeman, w\u00e4hrend weiter s\u00fcdlich der K\u00fcste entlang bei den Zinnbergwerken von St Agnes und Perranporth Winston [&hellip;]","og_url":"https:\/\/www.urlaubcornwall.de\/blog\/literaturreisen-in-cornwall-und-devon-fuer-ihre-gruppe-massgeschneiderte-gruppenreisen\/","og_site_name":"Urlaub &amp; Reisen","article_modified_time":"2024-04-15T09:42:41+00:00","og_image":[{"url":"https:\/\/www.urlaubcornwall.de\/blog\/wp-content\/uploads\/2024\/03\/prideaux-place.jpg"}],"twitter_card":"summary","twitter_misc":{"Est. reading time":"2 minutes"},"schema":{"@context":"https:\/\/schema.org","@graph":[{"@type":"WebSite","@id":"https:\/\/www.urlaubcornwall.de\/blog\/#website","url":"https:\/\/www.urlaubcornwall.de\/blog\/","name":"Urlaub &amp; Reisen","description":"Urlaub, Reisen, Cornwall und S\u00fcdengland: eine perfekte Kombination","potentialAction":[{"@type":"SearchAction","target":{"@type":"EntryPoint","urlTemplate":"https:\/\/www.urlaubcornwall.de\/blog\/?s={search_term_string}"},"query-input":"required name=search_term_string"}],"inLanguage":"en-US"},{"@type":"WebPage","@id":"https:\/\/www.urlaubcornwall.de\/blog\/literaturreisen-in-cornwall-und-devon-fuer-ihre-gruppe-massgeschneiderte-gruppenreisen\/","url":"https:\/\/www.urlaubcornwall.de\/blog\/literaturreisen-in-cornwall-und-devon-fuer-ihre-gruppe-massgeschneiderte-gruppenreisen\/","name":"Literaturreisen in Cornwall und Devon f\u00fcr Ihre Gruppe - Ma\u00dfgeschneiderte Gruppenreisen - Urlaub &amp; Reisen","isPartOf":{"@id":"https:\/\/www.urlaubcornwall.de\/blog\/#website"},"datePublished":"2018-12-09T18:11:09+00:00","dateModified":"2024-04-15T09:42:41+00:00","breadcrumb":{"@id":"https:\/\/www.urlaubcornwall.de\/blog\/literaturreisen-in-cornwall-und-devon-fuer-ihre-gruppe-massgeschneiderte-gruppenreisen\/#breadcrumb"},"inLanguage":"en-US","potentialAction":[{"@type":"ReadAction","target":["https:\/\/www.urlaubcornwall.de\/blog\/literaturreisen-in-cornwall-und-devon-fuer-ihre-gruppe-massgeschneiderte-gruppenreisen\/"]}]},{"@type":"BreadcrumbList","@id":"https:\/\/www.urlaubcornwall.de\/blog\/literaturreisen-in-cornwall-und-devon-fuer-ihre-gruppe-massgeschneiderte-gruppenreisen\/#breadcrumb","itemListElement":[{"@type":"ListItem","position":1,"name":"Home","item":"https:\/\/www.urlaubcornwall.de\/blog\/"},{"@type":"ListItem","position":2,"name":"Literaturreisen in Cornwall und Devon f\u00fcr Ihre Gruppe &#8211; Ma\u00dfgeschneiderte Gruppenreisen"}]}]}},"_links":{"self":[{"href":"https:\/\/www.urlaubcornwall.de\/blog\/wp-json\/wp\/v2\/pages\/34761"}],"collection":[{"href":"https:\/\/www.urlaubcornwall.de\/blog\/wp-json\/wp\/v2\/pages"}],"about":[{"href":"https:\/\/www.urlaubcornwall.de\/blog\/wp-json\/wp\/v2\/types\/page"}],"author":[{"embeddable":true,"href":"https:\/\/www.urlaubcornwall.de\/blog\/wp-json\/wp\/v2\/users\/1"}],"replies":[{"embeddable":true,"href":"https:\/\/www.urlaubcornwall.de\/blog\/wp-json\/wp\/v2\/comments?post=34761"}],"version-history":[{"count":2,"href":"https:\/\/www.urlaubcornwall.de\/blog\/wp-json\/wp\/v2\/pages\/34761\/revisions"}],"predecessor-version":[{"id":49395,"href":"https:\/\/www.urlaubcornwall.de\/blog\/wp-json\/wp\/v2\/pages\/34761\/revisions\/49395"}],"wp:attachment":[{"href":"https:\/\/www.urlaubcornwall.de\/blog\/wp-json\/wp\/v2\/media?parent=34761"}],"curies":[{"name":"wp","href":"https:\/\/api.w.org\/{rel}","templated":true}]}}