{"id":34758,"date":"2018-12-09T18:05:48","date_gmt":"2018-12-09T18:05:48","guid":{"rendered":"https:\/\/www.urlaubcornwall.de\/blog\/?page_id=34758"},"modified":"2018-12-09T18:05:48","modified_gmt":"2018-12-09T18:05:48","slug":"literaturreisen-in-yorkshire-und-den-yorkshire-dales-fuer-ihre-gruppe","status":"publish","type":"page","link":"https:\/\/www.urlaubcornwall.de\/blog\/literaturreisen-in-yorkshire-und-den-yorkshire-dales-fuer-ihre-gruppe\/","title":{"rendered":"Literaturreisen in Yorkshire und den Yorkshire Dales f\u00fcr Ihre Gruppe"},"content":{"rendered":"<p><img loading=\"lazy\" class=\"aligncenter size-large wp-image-20121\" src=\"https:\/\/www.urlaubcornwall.de\/blog\/wp-content\/uploads\/2015\/09\/yorkshire.jpg\" alt=\"gruppenreise yorkshire\" width=\"748\" height=\"363\"\/><br \/>\nWir sind Experten bez\u00fcglich <a href=\"https:\/\/www.urlaubcornwall.de\/massgeschneiderte-gruppenreisen-und-touren.php\">ma\u00dfgeschneiderter Gruppenreisen f\u00fcr kleine und gro\u00dfe Gruppen durch Yorkshire<\/a>.<\/p>\n<p>Erkunden Sie West Riding in Yorkshire, bestbekannt in der Literatur aufgrund seiner Verbindung mit den Bronte Schwestern; Charlotte, Emily und Anne. Diese drei Schriftstellerinnen schufen jede auf ihre ganz eigene Art eine vision\u00e4re Darstellung der Wildnis dieser Region. Diese romantischen Novellen spielen im abgeschiedenen Moorgebiet, im Gebiet, das heutzutage als \u2018Bronte Country\u2019 bekannt ist. Auf einer Reise durch die Gegend sollte ein Besuch des Bronte Parsonage Museums in Haworth mit eingeplant sein.<\/p>\n<p>Wir passen Ihre Gruppenreise durch Yorkshire und Nordengland gerne an, um Ihren und den Bed\u00fcrfnissen Ihrer Kunden entgegenzukommen, indem wir Reiseziele, Redner, Besichtigungen und Erfahrungen hinzuf\u00fcgen, um eine wahrhaft einzigartige Literaturreise zu gestalten.<\/p>\n<p>Wir erforschen und designen auch sehr gerne eine komplett neue Tour um ein Thema herum. Bitte <a href=\"https:\/\/www.urlaubcornwall.de\/gruppenanfrage.php\">kontaktieren Sie uns daher mit Ihren eigenen Ideen<\/a>.<\/p>\n<p style=\"text-align: center;\"><a class=\"tidycta\" href=\"https:\/\/www.urlaubcornwall.de\/gruppenanfrage.php\">Gruppenanfrage<\/a><\/p>\n","protected":false},"excerpt":{"rendered":"<p>Wir sind Experten bez\u00fcglich ma\u00dfgeschneiderter Gruppenreisen f\u00fcr kleine und gro\u00dfe Gruppen durch Yorkshire. Erkunden Sie West Riding in Yorkshire, bestbekannt in der Literatur aufgrund seiner Verbindung mit den Bronte Schwestern; Charlotte, Emily und Anne. Diese drei Schriftstellerinnen schufen jede auf ihre ganz eigene Art eine vision\u00e4re Darstellung der Wildnis dieser Region. Diese romantischen Novellen spielen [&hellip;]<\/p>\n","protected":false},"author":1,"featured_media":0,"parent":0,"menu_order":0,"comment_status":"closed","ping_status":"closed","template":"single-four.php","meta":[],"acf":[],"yoast_head":"<!-- This site is optimized with the Yoast SEO plugin v19.4 - https:\/\/yoast.com\/wordpress\/plugins\/seo\/ -->\n<title>Literaturreisen in Yorkshire und den Yorkshire Dales f\u00fcr Ihre Gruppe - Urlaub &amp; Reisen<\/title>\n<meta name=\"robots\" content=\"index, follow, max-snippet:-1, max-image-preview:large, max-video-preview:-1\" \/>\n<link rel=\"canonical\" href=\"https:\/\/www.urlaubcornwall.de\/blog\/literaturreisen-in-yorkshire-und-den-yorkshire-dales-fuer-ihre-gruppe\/\" \/>\n<meta property=\"og:locale\" content=\"en_US\" \/>\n<meta property=\"og:type\" content=\"article\" \/>\n<meta property=\"og:title\" content=\"Literaturreisen in Yorkshire und den Yorkshire Dales f\u00fcr Ihre Gruppe - Urlaub &amp; Reisen\" \/>\n<meta property=\"og:description\" content=\"Wir sind Experten bez\u00fcglich ma\u00dfgeschneiderter Gruppenreisen f\u00fcr kleine und gro\u00dfe Gruppen durch Yorkshire. Erkunden Sie West Riding in Yorkshire, bestbekannt in der Literatur aufgrund seiner Verbindung mit den Bronte Schwestern; Charlotte, Emily und Anne. Diese drei Schriftstellerinnen schufen jede auf ihre ganz eigene Art eine vision\u00e4re Darstellung der Wildnis dieser Region. Diese romantischen Novellen spielen [&hellip;]\" \/>\n<meta property=\"og:url\" content=\"https:\/\/www.urlaubcornwall.de\/blog\/literaturreisen-in-yorkshire-und-den-yorkshire-dales-fuer-ihre-gruppe\/\" \/>\n<meta property=\"og:site_name\" content=\"Urlaub &amp; Reisen\" \/>\n<meta property=\"og:image\" content=\"https:\/\/www.urlaubcornwall.de\/blog\/wp-content\/uploads\/2015\/09\/yorkshire.jpg\" \/>\n<meta name=\"twitter:card\" content=\"summary\" \/>\n<meta name=\"twitter:label1\" content=\"Est. reading time\" \/>\n\t<meta name=\"twitter:data1\" content=\"1 minute\" \/>\n<script type=\"application\/ld+json\" class=\"yoast-schema-graph\">{\"@context\":\"https:\/\/schema.org\",\"@graph\":[{\"@type\":\"WebSite\",\"@id\":\"https:\/\/www.urlaubcornwall.de\/blog\/#website\",\"url\":\"https:\/\/www.urlaubcornwall.de\/blog\/\",\"name\":\"Urlaub &amp; Reisen\",\"description\":\"Urlaub, Reisen, Cornwall und S\u00fcdengland: eine perfekte Kombination\",\"potentialAction\":[{\"@type\":\"SearchAction\",\"target\":{\"@type\":\"EntryPoint\",\"urlTemplate\":\"https:\/\/www.urlaubcornwall.de\/blog\/?s={search_term_string}\"},\"query-input\":\"required name=search_term_string\"}],\"inLanguage\":\"en-US\"},{\"@type\":\"WebPage\",\"@id\":\"https:\/\/www.urlaubcornwall.de\/blog\/literaturreisen-in-yorkshire-und-den-yorkshire-dales-fuer-ihre-gruppe\/\",\"url\":\"https:\/\/www.urlaubcornwall.de\/blog\/literaturreisen-in-yorkshire-und-den-yorkshire-dales-fuer-ihre-gruppe\/\",\"name\":\"Literaturreisen in Yorkshire und den Yorkshire Dales f\u00fcr Ihre Gruppe - Urlaub &amp; Reisen\",\"isPartOf\":{\"@id\":\"https:\/\/www.urlaubcornwall.de\/blog\/#website\"},\"datePublished\":\"2018-12-09T18:05:48+00:00\",\"dateModified\":\"2018-12-09T18:05:48+00:00\",\"breadcrumb\":{\"@id\":\"https:\/\/www.urlaubcornwall.de\/blog\/literaturreisen-in-yorkshire-und-den-yorkshire-dales-fuer-ihre-gruppe\/#breadcrumb\"},\"inLanguage\":\"en-US\",\"potentialAction\":[{\"@type\":\"ReadAction\",\"target\":[\"https:\/\/www.urlaubcornwall.de\/blog\/literaturreisen-in-yorkshire-und-den-yorkshire-dales-fuer-ihre-gruppe\/\"]}]},{\"@type\":\"BreadcrumbList\",\"@id\":\"https:\/\/www.urlaubcornwall.de\/blog\/literaturreisen-in-yorkshire-und-den-yorkshire-dales-fuer-ihre-gruppe\/#breadcrumb\",\"itemListElement\":[{\"@type\":\"ListItem\",\"position\":1,\"name\":\"Home\",\"item\":\"https:\/\/www.urlaubcornwall.de\/blog\/\"},{\"@type\":\"ListItem\",\"position\":2,\"name\":\"Literaturreisen in Yorkshire und den Yorkshire Dales f\u00fcr Ihre Gruppe\"}]}]}<\/script>\n<!-- \/ Yoast SEO plugin. -->","yoast_head_json":{"title":"Literaturreisen in Yorkshire und den Yorkshire Dales f\u00fcr Ihre Gruppe - Urlaub &amp; Reisen","robots":{"index":"index","follow":"follow","max-snippet":"max-snippet:-1","max-image-preview":"max-image-preview:large","max-video-preview":"max-video-preview:-1"},"canonical":"https:\/\/www.urlaubcornwall.de\/blog\/literaturreisen-in-yorkshire-und-den-yorkshire-dales-fuer-ihre-gruppe\/","og_locale":"en_US","og_type":"article","og_title":"Literaturreisen in Yorkshire und den Yorkshire Dales f\u00fcr Ihre Gruppe - Urlaub &amp; Reisen","og_description":"Wir sind Experten bez\u00fcglich ma\u00dfgeschneiderter Gruppenreisen f\u00fcr kleine und gro\u00dfe Gruppen durch Yorkshire. Erkunden Sie West Riding in Yorkshire, bestbekannt in der Literatur aufgrund seiner Verbindung mit den Bronte Schwestern; Charlotte, Emily und Anne. Diese drei Schriftstellerinnen schufen jede auf ihre ganz eigene Art eine vision\u00e4re Darstellung der Wildnis dieser Region. Diese romantischen Novellen spielen [&hellip;]","og_url":"https:\/\/www.urlaubcornwall.de\/blog\/literaturreisen-in-yorkshire-und-den-yorkshire-dales-fuer-ihre-gruppe\/","og_site_name":"Urlaub &amp; Reisen","og_image":[{"url":"https:\/\/www.urlaubcornwall.de\/blog\/wp-content\/uploads\/2015\/09\/yorkshire.jpg"}],"twitter_card":"summary","twitter_misc":{"Est. reading time":"1 minute"},"schema":{"@context":"https:\/\/schema.org","@graph":[{"@type":"WebSite","@id":"https:\/\/www.urlaubcornwall.de\/blog\/#website","url":"https:\/\/www.urlaubcornwall.de\/blog\/","name":"Urlaub &amp; Reisen","description":"Urlaub, Reisen, Cornwall und S\u00fcdengland: eine perfekte Kombination","potentialAction":[{"@type":"SearchAction","target":{"@type":"EntryPoint","urlTemplate":"https:\/\/www.urlaubcornwall.de\/blog\/?s={search_term_string}"},"query-input":"required name=search_term_string"}],"inLanguage":"en-US"},{"@type":"WebPage","@id":"https:\/\/www.urlaubcornwall.de\/blog\/literaturreisen-in-yorkshire-und-den-yorkshire-dales-fuer-ihre-gruppe\/","url":"https:\/\/www.urlaubcornwall.de\/blog\/literaturreisen-in-yorkshire-und-den-yorkshire-dales-fuer-ihre-gruppe\/","name":"Literaturreisen in Yorkshire und den Yorkshire Dales f\u00fcr Ihre Gruppe - Urlaub &amp; Reisen","isPartOf":{"@id":"https:\/\/www.urlaubcornwall.de\/blog\/#website"},"datePublished":"2018-12-09T18:05:48+00:00","dateModified":"2018-12-09T18:05:48+00:00","breadcrumb":{"@id":"https:\/\/www.urlaubcornwall.de\/blog\/literaturreisen-in-yorkshire-und-den-yorkshire-dales-fuer-ihre-gruppe\/#breadcrumb"},"inLanguage":"en-US","potentialAction":[{"@type":"ReadAction","target":["https:\/\/www.urlaubcornwall.de\/blog\/literaturreisen-in-yorkshire-und-den-yorkshire-dales-fuer-ihre-gruppe\/"]}]},{"@type":"BreadcrumbList","@id":"https:\/\/www.urlaubcornwall.de\/blog\/literaturreisen-in-yorkshire-und-den-yorkshire-dales-fuer-ihre-gruppe\/#breadcrumb","itemListElement":[{"@type":"ListItem","position":1,"name":"Home","item":"https:\/\/www.urlaubcornwall.de\/blog\/"},{"@type":"ListItem","position":2,"name":"Literaturreisen in Yorkshire und den Yorkshire Dales f\u00fcr Ihre Gruppe"}]}]}},"_links":{"self":[{"href":"https:\/\/www.urlaubcornwall.de\/blog\/wp-json\/wp\/v2\/pages\/34758"}],"collection":[{"href":"https:\/\/www.urlaubcornwall.de\/blog\/wp-json\/wp\/v2\/pages"}],"about":[{"href":"https:\/\/www.urlaubcornwall.de\/blog\/wp-json\/wp\/v2\/types\/page"}],"author":[{"embeddable":true,"href":"https:\/\/www.urlaubcornwall.de\/blog\/wp-json\/wp\/v2\/users\/1"}],"replies":[{"embeddable":true,"href":"https:\/\/www.urlaubcornwall.de\/blog\/wp-json\/wp\/v2\/comments?post=34758"}],"version-history":[{"count":1,"href":"https:\/\/www.urlaubcornwall.de\/blog\/wp-json\/wp\/v2\/pages\/34758\/revisions"}],"predecessor-version":[{"id":34759,"href":"https:\/\/www.urlaubcornwall.de\/blog\/wp-json\/wp\/v2\/pages\/34758\/revisions\/34759"}],"wp:attachment":[{"href":"https:\/\/www.urlaubcornwall.de\/blog\/wp-json\/wp\/v2\/media?parent=34758"}],"curies":[{"name":"wp","href":"https:\/\/api.w.org\/{rel}","templated":true}]}}