{"id":34755,"date":"2018-12-09T18:00:26","date_gmt":"2018-12-09T18:00:26","guid":{"rendered":"https:\/\/www.urlaubcornwall.de\/blog\/?page_id=34755"},"modified":"2024-02-28T06:52:04","modified_gmt":"2024-02-28T06:52:04","slug":"literaturreisen-im-lake-district-fuer-ihre-gruppe-massgeschneiderte-gruppenreisen","status":"publish","type":"page","link":"https:\/\/www.urlaubcornwall.de\/blog\/literaturreisen-im-lake-district-fuer-ihre-gruppe-massgeschneiderte-gruppenreisen\/","title":{"rendered":"Literaturreisen im Lake District f\u00fcr Ihre Gruppe &#8211; Ma\u00dfgeschneiderte Gruppenreisen"},"content":{"rendered":"<p style=\"text-align: right;\"><img loading=\"lazy\" class=\"aligncenter size-full wp-image-33743\" src=\"https:\/\/www.urlaubcornwall.de\/blog\/wp-content\/uploads\/2018\/04\/Esthwaite-Water-urlaub-lake-district.jpg\" alt=\"Esthwaite Water Urlaub lake district\" width=\"746\" height=\"497\" srcset=\"https:\/\/www.urlaubcornwall.de\/blog\/wp-content\/uploads\/2018\/04\/Esthwaite-Water-urlaub-lake-district.jpg 746w, https:\/\/www.urlaubcornwall.de\/blog\/wp-content\/uploads\/2018\/04\/Esthwaite-Water-urlaub-lake-district-300x200.jpg 300w\" sizes=\"(max-width: 746px) 100vw, 746px\" \/><\/p>\n<p style=\"text-align: right;\">\u00a9 <a href=\"https:\/\/www.123rf.com\/profile_grahammoore999\"rel=\"nofollow\">grahammoore999 \/ 123RF Stock Photo<\/a><\/p>\n<p>Wir sind Experten bez\u00fcglich <a href=\"https:\/\/www.urlaubcornwall.de\/massgeschneiderte-gruppenreisen-und-touren.php\">ma\u00dfgeschneiderter Gruppenreisen f\u00fcr kleine und gro\u00dfe Gruppen durch den Lake Distrikt<\/a>.<\/p>\n<p>Der Lake Distrikt inspirierte viele K\u00fcnstler, Schriftsteller und Poeten mit seiner atemberaubend sch\u00f6nen Landschaft. Dies sind unter anderem Beatrix Potter, Samuel Taylor Coleridge, Robert Southey, John Keats und William Wordsworth, der der ber\u00fchmteste der \u2018Lake Poeten\u2019 war. Es gibt auf einer Tour durch den Lake Distrikt jede Menge zu sehen, wundervolle Landschaft, charmante D\u00f6rfer und die Orte, wo die ber\u00fchmten Poeten und Autoren lebten und arbeiteten. Ein unbedingtes Muss w\u00e4hrend jeder Literaturreise ist ein Besuch des Wordsworth Museum und des Dove Cottages.<\/p>\n<p>Wir passen Ihre Gruppenreise durch den Lake Distrikt und Nordengland gerne an, um Ihren und den Bed\u00fcrfnissen Ihrer Kunden entgegenzukommen, indem wir Reiseziele, Redner, Besichtigungen und Erfahrungen hinzuf\u00fcgen, um eine wahrhaft einzigartige Literaturreise zu gestalten.<\/p>\n<p>Wir erforschen und designen auch sehr gerne eine komplett neue Tour um ein Thema herum. Bitte <a href=\"https:\/\/www.urlaubcornwall.de\/gruppenanfrage.php\">kontaktieren Sie uns daher mit Ihren eigenen Ideen<\/a>.<\/p>\n<p style=\"text-align: center;\"><a class=\"tidycta\" href=\"https:\/\/www.urlaubcornwall.de\/gruppenanfrage.php\">Gruppenanfrage<\/a><\/p>\n","protected":false},"excerpt":{"rendered":"<p>\u00a9 grahammoore999 \/ 123RF Stock Photo Wir sind Experten bez\u00fcglich ma\u00dfgeschneiderter Gruppenreisen f\u00fcr kleine und gro\u00dfe Gruppen durch den Lake Distrikt. Der Lake Distrikt inspirierte viele K\u00fcnstler, Schriftsteller und Poeten mit seiner atemberaubend sch\u00f6nen Landschaft. Dies sind unter anderem Beatrix Potter, Samuel Taylor Coleridge, Robert Southey, John Keats und William Wordsworth, der der ber\u00fchmteste der [&hellip;]<\/p>\n","protected":false},"author":1,"featured_media":0,"parent":0,"menu_order":0,"comment_status":"closed","ping_status":"closed","template":"single-four.php","meta":[],"acf":[],"yoast_head":"<!-- This site is optimized with the Yoast SEO plugin v19.4 - https:\/\/yoast.com\/wordpress\/plugins\/seo\/ -->\n<title>Literaturreisen im Lake District f\u00fcr Ihre Gruppe - Ma\u00dfgeschneiderte Gruppenreisen - Urlaub &amp; Reisen<\/title>\n<meta name=\"robots\" content=\"index, follow, max-snippet:-1, max-image-preview:large, max-video-preview:-1\" \/>\n<link rel=\"canonical\" href=\"https:\/\/www.urlaubcornwall.de\/blog\/literaturreisen-im-lake-district-fuer-ihre-gruppe-massgeschneiderte-gruppenreisen\/\" \/>\n<meta property=\"og:locale\" content=\"en_US\" \/>\n<meta property=\"og:type\" content=\"article\" \/>\n<meta property=\"og:title\" content=\"Literaturreisen im Lake District f\u00fcr Ihre Gruppe - Ma\u00dfgeschneiderte Gruppenreisen - Urlaub &amp; Reisen\" \/>\n<meta property=\"og:description\" content=\"\u00a9 grahammoore999 \/ 123RF Stock Photo Wir sind Experten bez\u00fcglich ma\u00dfgeschneiderter Gruppenreisen f\u00fcr kleine und gro\u00dfe Gruppen durch den Lake Distrikt. Der Lake Distrikt inspirierte viele K\u00fcnstler, Schriftsteller und Poeten mit seiner atemberaubend sch\u00f6nen Landschaft. Dies sind unter anderem Beatrix Potter, Samuel Taylor Coleridge, Robert Southey, John Keats und William Wordsworth, der der ber\u00fchmteste der [&hellip;]\" \/>\n<meta property=\"og:url\" content=\"https:\/\/www.urlaubcornwall.de\/blog\/literaturreisen-im-lake-district-fuer-ihre-gruppe-massgeschneiderte-gruppenreisen\/\" \/>\n<meta property=\"og:site_name\" content=\"Urlaub &amp; Reisen\" \/>\n<meta property=\"article:modified_time\" content=\"2024-02-28T06:52:04+00:00\" \/>\n<meta property=\"og:image\" content=\"https:\/\/www.urlaubcornwall.de\/blog\/wp-content\/uploads\/2018\/04\/Esthwaite-Water-urlaub-lake-district.jpg\" \/>\n<meta name=\"twitter:card\" content=\"summary\" \/>\n<meta name=\"twitter:label1\" content=\"Est. reading time\" \/>\n\t<meta name=\"twitter:data1\" content=\"1 minute\" \/>\n<script type=\"application\/ld+json\" class=\"yoast-schema-graph\">{\"@context\":\"https:\/\/schema.org\",\"@graph\":[{\"@type\":\"WebSite\",\"@id\":\"https:\/\/www.urlaubcornwall.de\/blog\/#website\",\"url\":\"https:\/\/www.urlaubcornwall.de\/blog\/\",\"name\":\"Urlaub &amp; Reisen\",\"description\":\"Urlaub, Reisen, Cornwall und S\u00fcdengland: eine perfekte Kombination\",\"potentialAction\":[{\"@type\":\"SearchAction\",\"target\":{\"@type\":\"EntryPoint\",\"urlTemplate\":\"https:\/\/www.urlaubcornwall.de\/blog\/?s={search_term_string}\"},\"query-input\":\"required name=search_term_string\"}],\"inLanguage\":\"en-US\"},{\"@type\":\"WebPage\",\"@id\":\"https:\/\/www.urlaubcornwall.de\/blog\/literaturreisen-im-lake-district-fuer-ihre-gruppe-massgeschneiderte-gruppenreisen\/\",\"url\":\"https:\/\/www.urlaubcornwall.de\/blog\/literaturreisen-im-lake-district-fuer-ihre-gruppe-massgeschneiderte-gruppenreisen\/\",\"name\":\"Literaturreisen im Lake District f\u00fcr Ihre Gruppe - Ma\u00dfgeschneiderte Gruppenreisen - Urlaub &amp; Reisen\",\"isPartOf\":{\"@id\":\"https:\/\/www.urlaubcornwall.de\/blog\/#website\"},\"datePublished\":\"2018-12-09T18:00:26+00:00\",\"dateModified\":\"2024-02-28T06:52:04+00:00\",\"breadcrumb\":{\"@id\":\"https:\/\/www.urlaubcornwall.de\/blog\/literaturreisen-im-lake-district-fuer-ihre-gruppe-massgeschneiderte-gruppenreisen\/#breadcrumb\"},\"inLanguage\":\"en-US\",\"potentialAction\":[{\"@type\":\"ReadAction\",\"target\":[\"https:\/\/www.urlaubcornwall.de\/blog\/literaturreisen-im-lake-district-fuer-ihre-gruppe-massgeschneiderte-gruppenreisen\/\"]}]},{\"@type\":\"BreadcrumbList\",\"@id\":\"https:\/\/www.urlaubcornwall.de\/blog\/literaturreisen-im-lake-district-fuer-ihre-gruppe-massgeschneiderte-gruppenreisen\/#breadcrumb\",\"itemListElement\":[{\"@type\":\"ListItem\",\"position\":1,\"name\":\"Home\",\"item\":\"https:\/\/www.urlaubcornwall.de\/blog\/\"},{\"@type\":\"ListItem\",\"position\":2,\"name\":\"Literaturreisen im Lake District f\u00fcr Ihre Gruppe &#8211; Ma\u00dfgeschneiderte Gruppenreisen\"}]}]}<\/script>\n<!-- \/ Yoast SEO plugin. -->","yoast_head_json":{"title":"Literaturreisen im Lake District f\u00fcr Ihre Gruppe - Ma\u00dfgeschneiderte Gruppenreisen - Urlaub &amp; Reisen","robots":{"index":"index","follow":"follow","max-snippet":"max-snippet:-1","max-image-preview":"max-image-preview:large","max-video-preview":"max-video-preview:-1"},"canonical":"https:\/\/www.urlaubcornwall.de\/blog\/literaturreisen-im-lake-district-fuer-ihre-gruppe-massgeschneiderte-gruppenreisen\/","og_locale":"en_US","og_type":"article","og_title":"Literaturreisen im Lake District f\u00fcr Ihre Gruppe - Ma\u00dfgeschneiderte Gruppenreisen - Urlaub &amp; Reisen","og_description":"\u00a9 grahammoore999 \/ 123RF Stock Photo Wir sind Experten bez\u00fcglich ma\u00dfgeschneiderter Gruppenreisen f\u00fcr kleine und gro\u00dfe Gruppen durch den Lake Distrikt. Der Lake Distrikt inspirierte viele K\u00fcnstler, Schriftsteller und Poeten mit seiner atemberaubend sch\u00f6nen Landschaft. Dies sind unter anderem Beatrix Potter, Samuel Taylor Coleridge, Robert Southey, John Keats und William Wordsworth, der der ber\u00fchmteste der [&hellip;]","og_url":"https:\/\/www.urlaubcornwall.de\/blog\/literaturreisen-im-lake-district-fuer-ihre-gruppe-massgeschneiderte-gruppenreisen\/","og_site_name":"Urlaub &amp; Reisen","article_modified_time":"2024-02-28T06:52:04+00:00","og_image":[{"url":"https:\/\/www.urlaubcornwall.de\/blog\/wp-content\/uploads\/2018\/04\/Esthwaite-Water-urlaub-lake-district.jpg"}],"twitter_card":"summary","twitter_misc":{"Est. reading time":"1 minute"},"schema":{"@context":"https:\/\/schema.org","@graph":[{"@type":"WebSite","@id":"https:\/\/www.urlaubcornwall.de\/blog\/#website","url":"https:\/\/www.urlaubcornwall.de\/blog\/","name":"Urlaub &amp; Reisen","description":"Urlaub, Reisen, Cornwall und S\u00fcdengland: eine perfekte Kombination","potentialAction":[{"@type":"SearchAction","target":{"@type":"EntryPoint","urlTemplate":"https:\/\/www.urlaubcornwall.de\/blog\/?s={search_term_string}"},"query-input":"required name=search_term_string"}],"inLanguage":"en-US"},{"@type":"WebPage","@id":"https:\/\/www.urlaubcornwall.de\/blog\/literaturreisen-im-lake-district-fuer-ihre-gruppe-massgeschneiderte-gruppenreisen\/","url":"https:\/\/www.urlaubcornwall.de\/blog\/literaturreisen-im-lake-district-fuer-ihre-gruppe-massgeschneiderte-gruppenreisen\/","name":"Literaturreisen im Lake District f\u00fcr Ihre Gruppe - Ma\u00dfgeschneiderte Gruppenreisen - Urlaub &amp; Reisen","isPartOf":{"@id":"https:\/\/www.urlaubcornwall.de\/blog\/#website"},"datePublished":"2018-12-09T18:00:26+00:00","dateModified":"2024-02-28T06:52:04+00:00","breadcrumb":{"@id":"https:\/\/www.urlaubcornwall.de\/blog\/literaturreisen-im-lake-district-fuer-ihre-gruppe-massgeschneiderte-gruppenreisen\/#breadcrumb"},"inLanguage":"en-US","potentialAction":[{"@type":"ReadAction","target":["https:\/\/www.urlaubcornwall.de\/blog\/literaturreisen-im-lake-district-fuer-ihre-gruppe-massgeschneiderte-gruppenreisen\/"]}]},{"@type":"BreadcrumbList","@id":"https:\/\/www.urlaubcornwall.de\/blog\/literaturreisen-im-lake-district-fuer-ihre-gruppe-massgeschneiderte-gruppenreisen\/#breadcrumb","itemListElement":[{"@type":"ListItem","position":1,"name":"Home","item":"https:\/\/www.urlaubcornwall.de\/blog\/"},{"@type":"ListItem","position":2,"name":"Literaturreisen im Lake District f\u00fcr Ihre Gruppe &#8211; Ma\u00dfgeschneiderte Gruppenreisen"}]}]}},"_links":{"self":[{"href":"https:\/\/www.urlaubcornwall.de\/blog\/wp-json\/wp\/v2\/pages\/34755"}],"collection":[{"href":"https:\/\/www.urlaubcornwall.de\/blog\/wp-json\/wp\/v2\/pages"}],"about":[{"href":"https:\/\/www.urlaubcornwall.de\/blog\/wp-json\/wp\/v2\/types\/page"}],"author":[{"embeddable":true,"href":"https:\/\/www.urlaubcornwall.de\/blog\/wp-json\/wp\/v2\/users\/1"}],"replies":[{"embeddable":true,"href":"https:\/\/www.urlaubcornwall.de\/blog\/wp-json\/wp\/v2\/comments?post=34755"}],"version-history":[{"count":2,"href":"https:\/\/www.urlaubcornwall.de\/blog\/wp-json\/wp\/v2\/pages\/34755\/revisions"}],"predecessor-version":[{"id":47704,"href":"https:\/\/www.urlaubcornwall.de\/blog\/wp-json\/wp\/v2\/pages\/34755\/revisions\/47704"}],"wp:attachment":[{"href":"https:\/\/www.urlaubcornwall.de\/blog\/wp-json\/wp\/v2\/media?parent=34755"}],"curies":[{"name":"wp","href":"https:\/\/api.w.org\/{rel}","templated":true}]}}