{"id":34750,"date":"2018-12-09T14:07:34","date_gmt":"2018-12-09T14:07:34","guid":{"rendered":"https:\/\/www.urlaubcornwall.de\/blog\/?page_id=34750"},"modified":"2018-12-09T14:07:34","modified_gmt":"2018-12-09T14:07:34","slug":"literaturreisen-in-wales-fuer-ihre-gruppe-massgeschneiderte-gruppenreisen","status":"publish","type":"page","link":"https:\/\/www.urlaubcornwall.de\/blog\/literaturreisen-in-wales-fuer-ihre-gruppe-massgeschneiderte-gruppenreisen\/","title":{"rendered":"Literaturreisen in Wales f\u00fcr Ihre Gruppe &#8211; Ma\u00dfgeschneiderte Gruppenreisen"},"content":{"rendered":"<p><img loading=\"lazy\" class=\"aligncenter size-large wp-image-34751\" src=\"https:\/\/www.urlaubcornwall.de\/blog\/wp-content\/uploads\/2018\/12\/wales-strand-mit-hund.jpg\" alt=\"gruppenresien wales\" width=\"747\" height=\"394\" srcset=\"https:\/\/www.urlaubcornwall.de\/blog\/wp-content\/uploads\/2018\/12\/wales-strand-mit-hund.jpg 747w, https:\/\/www.urlaubcornwall.de\/blog\/wp-content\/uploads\/2018\/12\/wales-strand-mit-hund-300x158.jpg 300w\" sizes=\"(max-width: 747px) 100vw, 747px\" \/><br \/>\nWir sind Experten bez\u00fcglich <a href=\"https:\/\/www.urlaubcornwall.de\/massgeschneiderte-gruppenreisen-und-touren.php\">ma\u00dfgeschneiderter Literaturreisen durch Wales<\/a> f\u00fcr kleine und gro\u00dfe Gruppen.<\/p>\n<p>Keine Tour durch Wales w\u00e4re komplett ohne einen Besuch der Geburtsst\u00e4tte und des Zuhauses von Dylan Thomas. Geboren in Swansea, lebte Dylan Thomas hier die ersten 23 Jahre seines Lebens und begann in dem Haus zu schreiben, in dem er geboren wurde. Danach verbrachte er im Dorf Laugharne den Gro\u00dfteil seines Lebens als Erwachsener und schrieb einige seiner ber\u00fchmtesten Werke im Bootshaus an einer Klippe \u00fcber dem Fluss Taff. Laugharne ist bei Poesieliebhabern beliebt, und Sie k\u00f6nnen einige seiner Lieblingskneipen besuchen. Er liegt neben seiner Frau im Stadtfriedhof begraben.<\/p>\n<p>Wir passen Ihre Gruppenreise durch Wales gerne an, um Ihren und den Bed\u00fcrfnissen Ihrer Kunden entgegenzukommen, indem wir Reiseziele, Redner, Besichtigungen und Erfahrungen hinzuf\u00fcgen, um eine wahrhaft einzigartige Literaturreise zu gestalten.<\/p>\n<p>Wir erforschen und designen auch sehr gerne eine komplett neue Tour um ein Thema herum. Bitte <a href=\"https:\/\/www.urlaubcornwall.de\/gruppenanfrage.php\">kontaktieren Sie uns daher mit Ihren eigenen Ideen<\/a>.<\/p>\n<p style=\"text-align: center;\"><a class=\"tidycta\" href=\"https:\/\/www.urlaubcornwall.de\/gruppenanfrage.php\">Gruppenanfrage<\/a><\/p>\n","protected":false},"excerpt":{"rendered":"<p>Wir sind Experten bez\u00fcglich ma\u00dfgeschneiderter Literaturreisen durch Wales f\u00fcr kleine und gro\u00dfe Gruppen. Keine Tour durch Wales w\u00e4re komplett ohne einen Besuch der Geburtsst\u00e4tte und des Zuhauses von Dylan Thomas. Geboren in Swansea, lebte Dylan Thomas hier die ersten 23 Jahre seines Lebens und begann in dem Haus zu schreiben, in dem er geboren wurde. [&hellip;]<\/p>\n","protected":false},"author":1,"featured_media":0,"parent":0,"menu_order":0,"comment_status":"closed","ping_status":"closed","template":"single-four.php","meta":[],"acf":[],"yoast_head":"<!-- This site is optimized with the Yoast SEO plugin v19.4 - https:\/\/yoast.com\/wordpress\/plugins\/seo\/ -->\n<title>Literaturreisen in Wales f\u00fcr Ihre Gruppe - Ma\u00dfgeschneiderte Gruppenreisen - Urlaub &amp; Reisen<\/title>\n<meta name=\"robots\" content=\"index, follow, max-snippet:-1, max-image-preview:large, max-video-preview:-1\" \/>\n<link rel=\"canonical\" href=\"https:\/\/www.urlaubcornwall.de\/blog\/literaturreisen-in-wales-fuer-ihre-gruppe-massgeschneiderte-gruppenreisen\/\" \/>\n<meta property=\"og:locale\" content=\"en_US\" \/>\n<meta property=\"og:type\" content=\"article\" \/>\n<meta property=\"og:title\" content=\"Literaturreisen in Wales f\u00fcr Ihre Gruppe - Ma\u00dfgeschneiderte Gruppenreisen - Urlaub &amp; Reisen\" \/>\n<meta property=\"og:description\" content=\"Wir sind Experten bez\u00fcglich ma\u00dfgeschneiderter Literaturreisen durch Wales f\u00fcr kleine und gro\u00dfe Gruppen. Keine Tour durch Wales w\u00e4re komplett ohne einen Besuch der Geburtsst\u00e4tte und des Zuhauses von Dylan Thomas. Geboren in Swansea, lebte Dylan Thomas hier die ersten 23 Jahre seines Lebens und begann in dem Haus zu schreiben, in dem er geboren wurde. [&hellip;]\" \/>\n<meta property=\"og:url\" content=\"https:\/\/www.urlaubcornwall.de\/blog\/literaturreisen-in-wales-fuer-ihre-gruppe-massgeschneiderte-gruppenreisen\/\" \/>\n<meta property=\"og:site_name\" content=\"Urlaub &amp; Reisen\" \/>\n<meta property=\"og:image\" content=\"https:\/\/www.urlaubcornwall.de\/blog\/wp-content\/uploads\/2018\/12\/wales-strand-mit-hund.jpg\" \/>\n<meta name=\"twitter:card\" content=\"summary\" \/>\n<meta name=\"twitter:label1\" content=\"Est. reading time\" \/>\n\t<meta name=\"twitter:data1\" content=\"1 minute\" \/>\n<script type=\"application\/ld+json\" class=\"yoast-schema-graph\">{\"@context\":\"https:\/\/schema.org\",\"@graph\":[{\"@type\":\"WebSite\",\"@id\":\"https:\/\/www.urlaubcornwall.de\/blog\/#website\",\"url\":\"https:\/\/www.urlaubcornwall.de\/blog\/\",\"name\":\"Urlaub &amp; Reisen\",\"description\":\"Urlaub, Reisen, Cornwall und S\u00fcdengland: eine perfekte Kombination\",\"potentialAction\":[{\"@type\":\"SearchAction\",\"target\":{\"@type\":\"EntryPoint\",\"urlTemplate\":\"https:\/\/www.urlaubcornwall.de\/blog\/?s={search_term_string}\"},\"query-input\":\"required name=search_term_string\"}],\"inLanguage\":\"en-US\"},{\"@type\":\"WebPage\",\"@id\":\"https:\/\/www.urlaubcornwall.de\/blog\/literaturreisen-in-wales-fuer-ihre-gruppe-massgeschneiderte-gruppenreisen\/\",\"url\":\"https:\/\/www.urlaubcornwall.de\/blog\/literaturreisen-in-wales-fuer-ihre-gruppe-massgeschneiderte-gruppenreisen\/\",\"name\":\"Literaturreisen in Wales f\u00fcr Ihre Gruppe - Ma\u00dfgeschneiderte Gruppenreisen - Urlaub &amp; Reisen\",\"isPartOf\":{\"@id\":\"https:\/\/www.urlaubcornwall.de\/blog\/#website\"},\"datePublished\":\"2018-12-09T14:07:34+00:00\",\"dateModified\":\"2018-12-09T14:07:34+00:00\",\"breadcrumb\":{\"@id\":\"https:\/\/www.urlaubcornwall.de\/blog\/literaturreisen-in-wales-fuer-ihre-gruppe-massgeschneiderte-gruppenreisen\/#breadcrumb\"},\"inLanguage\":\"en-US\",\"potentialAction\":[{\"@type\":\"ReadAction\",\"target\":[\"https:\/\/www.urlaubcornwall.de\/blog\/literaturreisen-in-wales-fuer-ihre-gruppe-massgeschneiderte-gruppenreisen\/\"]}]},{\"@type\":\"BreadcrumbList\",\"@id\":\"https:\/\/www.urlaubcornwall.de\/blog\/literaturreisen-in-wales-fuer-ihre-gruppe-massgeschneiderte-gruppenreisen\/#breadcrumb\",\"itemListElement\":[{\"@type\":\"ListItem\",\"position\":1,\"name\":\"Home\",\"item\":\"https:\/\/www.urlaubcornwall.de\/blog\/\"},{\"@type\":\"ListItem\",\"position\":2,\"name\":\"Literaturreisen in Wales f\u00fcr Ihre Gruppe &#8211; Ma\u00dfgeschneiderte Gruppenreisen\"}]}]}<\/script>\n<!-- \/ Yoast SEO plugin. -->","yoast_head_json":{"title":"Literaturreisen in Wales f\u00fcr Ihre Gruppe - Ma\u00dfgeschneiderte Gruppenreisen - Urlaub &amp; Reisen","robots":{"index":"index","follow":"follow","max-snippet":"max-snippet:-1","max-image-preview":"max-image-preview:large","max-video-preview":"max-video-preview:-1"},"canonical":"https:\/\/www.urlaubcornwall.de\/blog\/literaturreisen-in-wales-fuer-ihre-gruppe-massgeschneiderte-gruppenreisen\/","og_locale":"en_US","og_type":"article","og_title":"Literaturreisen in Wales f\u00fcr Ihre Gruppe - Ma\u00dfgeschneiderte Gruppenreisen - Urlaub &amp; Reisen","og_description":"Wir sind Experten bez\u00fcglich ma\u00dfgeschneiderter Literaturreisen durch Wales f\u00fcr kleine und gro\u00dfe Gruppen. Keine Tour durch Wales w\u00e4re komplett ohne einen Besuch der Geburtsst\u00e4tte und des Zuhauses von Dylan Thomas. Geboren in Swansea, lebte Dylan Thomas hier die ersten 23 Jahre seines Lebens und begann in dem Haus zu schreiben, in dem er geboren wurde. [&hellip;]","og_url":"https:\/\/www.urlaubcornwall.de\/blog\/literaturreisen-in-wales-fuer-ihre-gruppe-massgeschneiderte-gruppenreisen\/","og_site_name":"Urlaub &amp; Reisen","og_image":[{"url":"https:\/\/www.urlaubcornwall.de\/blog\/wp-content\/uploads\/2018\/12\/wales-strand-mit-hund.jpg"}],"twitter_card":"summary","twitter_misc":{"Est. reading time":"1 minute"},"schema":{"@context":"https:\/\/schema.org","@graph":[{"@type":"WebSite","@id":"https:\/\/www.urlaubcornwall.de\/blog\/#website","url":"https:\/\/www.urlaubcornwall.de\/blog\/","name":"Urlaub &amp; Reisen","description":"Urlaub, Reisen, Cornwall und S\u00fcdengland: eine perfekte Kombination","potentialAction":[{"@type":"SearchAction","target":{"@type":"EntryPoint","urlTemplate":"https:\/\/www.urlaubcornwall.de\/blog\/?s={search_term_string}"},"query-input":"required name=search_term_string"}],"inLanguage":"en-US"},{"@type":"WebPage","@id":"https:\/\/www.urlaubcornwall.de\/blog\/literaturreisen-in-wales-fuer-ihre-gruppe-massgeschneiderte-gruppenreisen\/","url":"https:\/\/www.urlaubcornwall.de\/blog\/literaturreisen-in-wales-fuer-ihre-gruppe-massgeschneiderte-gruppenreisen\/","name":"Literaturreisen in Wales f\u00fcr Ihre Gruppe - Ma\u00dfgeschneiderte Gruppenreisen - Urlaub &amp; Reisen","isPartOf":{"@id":"https:\/\/www.urlaubcornwall.de\/blog\/#website"},"datePublished":"2018-12-09T14:07:34+00:00","dateModified":"2018-12-09T14:07:34+00:00","breadcrumb":{"@id":"https:\/\/www.urlaubcornwall.de\/blog\/literaturreisen-in-wales-fuer-ihre-gruppe-massgeschneiderte-gruppenreisen\/#breadcrumb"},"inLanguage":"en-US","potentialAction":[{"@type":"ReadAction","target":["https:\/\/www.urlaubcornwall.de\/blog\/literaturreisen-in-wales-fuer-ihre-gruppe-massgeschneiderte-gruppenreisen\/"]}]},{"@type":"BreadcrumbList","@id":"https:\/\/www.urlaubcornwall.de\/blog\/literaturreisen-in-wales-fuer-ihre-gruppe-massgeschneiderte-gruppenreisen\/#breadcrumb","itemListElement":[{"@type":"ListItem","position":1,"name":"Home","item":"https:\/\/www.urlaubcornwall.de\/blog\/"},{"@type":"ListItem","position":2,"name":"Literaturreisen in Wales f\u00fcr Ihre Gruppe &#8211; Ma\u00dfgeschneiderte Gruppenreisen"}]}]}},"_links":{"self":[{"href":"https:\/\/www.urlaubcornwall.de\/blog\/wp-json\/wp\/v2\/pages\/34750"}],"collection":[{"href":"https:\/\/www.urlaubcornwall.de\/blog\/wp-json\/wp\/v2\/pages"}],"about":[{"href":"https:\/\/www.urlaubcornwall.de\/blog\/wp-json\/wp\/v2\/types\/page"}],"author":[{"embeddable":true,"href":"https:\/\/www.urlaubcornwall.de\/blog\/wp-json\/wp\/v2\/users\/1"}],"replies":[{"embeddable":true,"href":"https:\/\/www.urlaubcornwall.de\/blog\/wp-json\/wp\/v2\/comments?post=34750"}],"version-history":[{"count":1,"href":"https:\/\/www.urlaubcornwall.de\/blog\/wp-json\/wp\/v2\/pages\/34750\/revisions"}],"predecessor-version":[{"id":34752,"href":"https:\/\/www.urlaubcornwall.de\/blog\/wp-json\/wp\/v2\/pages\/34750\/revisions\/34752"}],"wp:attachment":[{"href":"https:\/\/www.urlaubcornwall.de\/blog\/wp-json\/wp\/v2\/media?parent=34750"}],"curies":[{"name":"wp","href":"https:\/\/api.w.org\/{rel}","templated":true}]}}