{"id":34748,"date":"2018-12-09T13:17:45","date_gmt":"2018-12-09T13:17:45","guid":{"rendered":"https:\/\/www.urlaubcornwall.de\/blog\/?page_id=34748"},"modified":"2024-05-30T14:42:54","modified_gmt":"2024-05-30T14:42:54","slug":"eine-literarische-reise-in-london-fuer-ihre-gruppe-massgeschneiderte-gruppenreisen","status":"publish","type":"page","link":"https:\/\/www.urlaubcornwall.de\/blog\/eine-literarische-reise-in-london-fuer-ihre-gruppe-massgeschneiderte-gruppenreisen\/","title":{"rendered":"Eine literarische Reise in London f\u00fcr Ihre Gruppe &#8211; Ma\u00dfgeschneiderte Gruppenreisen"},"content":{"rendered":"<p><a href=\"https:\/\/www.urlaubcornwall.de\/blog\/wp-content\/uploads\/2024\/03\/london-park.jpg\"><img loading=\"lazy\" src=\"https:\/\/www.urlaubcornwall.de\/blog\/wp-content\/uploads\/2024\/03\/london-park.jpg\" alt=\"london park\" width=\"750\" height=\"500\" class=\"alignnone size-full wp-image-47843\" srcset=\"https:\/\/www.urlaubcornwall.de\/blog\/wp-content\/uploads\/2024\/03\/london-park.jpg 750w, https:\/\/www.urlaubcornwall.de\/blog\/wp-content\/uploads\/2024\/03\/london-park-300x200.jpg 300w\" sizes=\"(max-width: 750px) 100vw, 750px\" \/><\/a><\/p>\n<p>Wir sind Experten bez\u00fcglich <a href=\"https:\/\/www.urlaubcornwall.de\/massgeschneiderte-gruppenreisen-und-touren.php\">ma\u00dfgeschneiderter Literaturreisen in London<\/a> f\u00fcr kleine und gro\u00dfe Gruppen.<\/p>\n<p>London gilt als die literarischste Stadt der Welt, vom Jahr 1300 bis zum heutigen Tage. London stand immer im Zentrum der Literatur; es gibt in der Tat keinen Ort in London, auf den sich nicht bezogen wurde und \u00fcber den nicht geschrieben wurde. Von Oliver Twist bis Sherlock Holmes, Londons Eindruck auf die Literaturwelt kann \u00fcberall gesp\u00fcrt werden. Ber\u00fchmte Schriftsteller wie William Shakespeare, Charles Dickens, Arthur Conan Doyle, Daniel Defoe, Christopher Marlowe, Virginia Woolf und viele andere machten die majest\u00e4tische und historische Stadt London zum Zentrum ihrer Geschichten.<\/p>\n<p>Wir passen Ihre Gruppenreise gerne an, um Ihren und den Bed\u00fcrfnissen Ihrer Kunden entgegenzukommen, indem wir Reiseziele, Redner, Besichtigungen und Erfahrungen hinzuf\u00fcgen, um eine wahrhaft einzigartige Literaturreise zu gestalten. Wir erforschen und designen auch sehr gerne eine komplett neue Tour um ein Thema herum, das untenstehend nicht aufgef\u00fchrt ist. Bitte kontaktieren Sie uns daher mit Ihren eigenen Ideen.<\/p>\n<div class=\"snippet\"> <a class=\"featured-item\" href=\" https:\/\/www.urlaubcornwall.de\/massgeschneiderte-gruppenreisen-und-touren.php \"> <span class=\"image-holder\" style=\"background-image: url(' https:\/\/www.urlaubcornwall.de\/blog\/wp-content\/uploads\/2024\/03\/tower-of-london.jpg ');\"><\/span> <span class=\"featured-content\"> \n<h2 class=\"featured-title\"> Ma\u00dfgeschneiderte Gruppenreisen und Touren in Gro\u00dfbritannien<\/h2>\n<p class=\"featured-body\"> Wir k\u00f6nnen Ihnen behilflich sein, eine fantastische Gruppenreise zusammenzustellen, auf der Sie die sch\u00f6nsten Sehensw\u00fcrdigkeiten London &#038; S\u00fcdenglands entdecken k\u00f6nnen&#8230;.<\/p>\n<\/span> <span class=\"featured-link-holder\"> <span class=\"featured-extra-info\"> \n<p> Auch interessante Themenreisen, Gartenreise, Literaturreise oder Chorreise\u2026<\/p>\n<\/span> \n<p class=\"featured-link\">DETAILS<\/p>\n<\/span> <\/a><\/div>\n<p>Es gibt auf einer Gruppenreise durch London so viel zu sehen. Hier sind einige wenige der vielen Pl\u00e4tze, die Sie in Ihren Reiseplan eingliedern k\u00f6nnen:<\/p>\n<p>\u2022 Besuchen Sie das Charles Dickens Museum und die Stra\u00dfen um Holborn, wo Charles Dickens \u00fcber das viktorianische London schrieb.<\/p>\n<p>\u2022 Die Terrassen von Bloomsbury wurden ber\u00fchmt durch Virginia Woolf und die Bloomsbury Gruppe.<\/p>\n<p>\u2022 Das Sherlock Holmes Museum<\/p>\n<p>\u2022 Shakespeares Globe Theater in der N\u00e4he der Blackfriars Bridge, um sich eine Produktion eines der Theaterst\u00fccke von William Shakespeare anzuschauen oder lediglich eine Tour des ber\u00fchmten Theaters zu machen.<\/p>\n<p>\u2022 Besuchen Sie die Britische Bibliothek, die mehr als 150 Millionen an Schriftwerken beherbergt und als eine der gr\u00f6\u00dften Bibliotheken der Welt gilt. Hier finden Sie die Magna Carta aus dem Jahre 1215, sowie Manuskripte einschlie\u00dflich \u2018Nicholas Nickleby\u2019 von Charles Dickens und \u2018Jayne Eyre\u2019 von Charlotte Bronte. Hier steht sogar Jane Austens Schreibpult.<\/p>\n<p>\u2022 F\u00fcr Harry Potter Fans w\u00e4re keine Tour komplett ohne eine Fahrt zur geheimen Plattform 9 \u00be am Kings Cross Bahnhof.<\/p>\n<p>\u2022 Poet\u2019s Corner in der Westminster Abbey ist die endg\u00fcltige Ruhest\u00e4tte von einigen der meist gesch\u00e4tzten Autoren, Poeten und Dramatiker des UK, unter anderem Geoffrey Chaucer, Charles Dickens und Rudyard Kipling, w\u00e4hrend an weitere mit Gedenkfu\u00dfbodensteinen erinnert wird.<\/p>\n<p>\u2022 Es gibt viele Kneipen in London, die in enger Beziehung zur literarischen und k\u00fcnstlerischen Welt stehen, wo sich die gro\u00dfartigsten Schriftsteller und Denker gesellig trafen und Gedanken austauschten. Diese sind unter anderem The Fitzroy Tavern, Anchor Bankside, Ye Olde Cheshire Cheese und der Marquis of Granby.<\/p>\n<p>\u2022 Der Olde Curiosity Shop, welcher der \u00e4lteste Laden in London ist und benannt wurde nach Charles Dickens Bestseller desselben Namens, da angenommen wird, dass er Inspiration f\u00fcr das Buch war.<\/p>\n<p>\u2022 Keats Haus in North Hampstead und Dr. Samuel Johnsons Haus in der N\u00e4he der Fleet Street.<\/p>\n<p>Wir passen Ihre Gruppenreise gerne an, um Ihren und den Bed\u00fcrfnissen Ihrer Kunden entgegenzukommen, indem wir Reiseziele, Redner, Besichtigungen und Erfahrungen hinzuf\u00fcgen, um eine wahrhaft einzigartige Literaturreise zu gestalten.<\/p>\n<p>Wir erforschen und designen auch sehr gerne eine komplett neue Tour um ein Thema herum. Bitte <a href=\"https:\/\/www.urlaubcornwall.de\/gruppenanfrage.php\">kontaktieren Sie uns daher mit Ihren eigenen Ideen<\/a>.<\/p>\n<p style=\"text-align: center;\"><a class=\"tidycta\" href=\"https:\/\/www.urlaubcornwall.de\/massgeschneiderte-gruppenreisen-und-touren.php\">Ma\u00dfgeschneiderte Gruppenreisen<\/a><\/p>\n","protected":false},"excerpt":{"rendered":"<p>Wir sind Experten bez\u00fcglich ma\u00dfgeschneiderter Literaturreisen in London f\u00fcr kleine und gro\u00dfe Gruppen. London gilt als die literarischste Stadt der Welt, vom Jahr 1300 bis zum heutigen Tage. London stand immer im Zentrum der Literatur; es gibt in der Tat keinen Ort in London, auf den sich nicht bezogen wurde und \u00fcber den nicht geschrieben [&hellip;]<\/p>\n","protected":false},"author":1,"featured_media":0,"parent":0,"menu_order":0,"comment_status":"closed","ping_status":"closed","template":"single-four.php","meta":[],"acf":[],"yoast_head":"<!-- This site is optimized with the Yoast SEO plugin v19.4 - https:\/\/yoast.com\/wordpress\/plugins\/seo\/ -->\n<title>Eine literarische Reise in London f\u00fcr Ihre Gruppe - Ma\u00dfgeschneiderte Gruppenreisen - Urlaub &amp; Reisen<\/title>\n<meta name=\"robots\" content=\"index, follow, max-snippet:-1, max-image-preview:large, max-video-preview:-1\" \/>\n<link rel=\"canonical\" href=\"https:\/\/www.urlaubcornwall.de\/blog\/eine-literarische-reise-in-london-fuer-ihre-gruppe-massgeschneiderte-gruppenreisen\/\" \/>\n<meta property=\"og:locale\" content=\"en_US\" \/>\n<meta property=\"og:type\" content=\"article\" \/>\n<meta property=\"og:title\" content=\"Eine literarische Reise in London f\u00fcr Ihre Gruppe - Ma\u00dfgeschneiderte Gruppenreisen - Urlaub &amp; Reisen\" \/>\n<meta property=\"og:description\" content=\"Wir sind Experten bez\u00fcglich ma\u00dfgeschneiderter Literaturreisen in London f\u00fcr kleine und gro\u00dfe Gruppen. London gilt als die literarischste Stadt der Welt, vom Jahr 1300 bis zum heutigen Tage. London stand immer im Zentrum der Literatur; es gibt in der Tat keinen Ort in London, auf den sich nicht bezogen wurde und \u00fcber den nicht geschrieben [&hellip;]\" \/>\n<meta property=\"og:url\" content=\"https:\/\/www.urlaubcornwall.de\/blog\/eine-literarische-reise-in-london-fuer-ihre-gruppe-massgeschneiderte-gruppenreisen\/\" \/>\n<meta property=\"og:site_name\" content=\"Urlaub &amp; Reisen\" \/>\n<meta property=\"article:modified_time\" content=\"2024-05-30T14:42:54+00:00\" \/>\n<meta property=\"og:image\" content=\"https:\/\/www.urlaubcornwall.de\/blog\/wp-content\/uploads\/2024\/03\/london-park.jpg\" \/>\n<meta name=\"twitter:card\" content=\"summary\" \/>\n<meta name=\"twitter:label1\" content=\"Est. reading time\" \/>\n\t<meta name=\"twitter:data1\" content=\"3 minutes\" \/>\n<script type=\"application\/ld+json\" class=\"yoast-schema-graph\">{\"@context\":\"https:\/\/schema.org\",\"@graph\":[{\"@type\":\"WebSite\",\"@id\":\"https:\/\/www.urlaubcornwall.de\/blog\/#website\",\"url\":\"https:\/\/www.urlaubcornwall.de\/blog\/\",\"name\":\"Urlaub &amp; Reisen\",\"description\":\"Urlaub, Reisen, Cornwall und S\u00fcdengland: eine perfekte Kombination\",\"potentialAction\":[{\"@type\":\"SearchAction\",\"target\":{\"@type\":\"EntryPoint\",\"urlTemplate\":\"https:\/\/www.urlaubcornwall.de\/blog\/?s={search_term_string}\"},\"query-input\":\"required name=search_term_string\"}],\"inLanguage\":\"en-US\"},{\"@type\":\"WebPage\",\"@id\":\"https:\/\/www.urlaubcornwall.de\/blog\/eine-literarische-reise-in-london-fuer-ihre-gruppe-massgeschneiderte-gruppenreisen\/\",\"url\":\"https:\/\/www.urlaubcornwall.de\/blog\/eine-literarische-reise-in-london-fuer-ihre-gruppe-massgeschneiderte-gruppenreisen\/\",\"name\":\"Eine literarische Reise in London f\u00fcr Ihre Gruppe - Ma\u00dfgeschneiderte Gruppenreisen - Urlaub &amp; Reisen\",\"isPartOf\":{\"@id\":\"https:\/\/www.urlaubcornwall.de\/blog\/#website\"},\"datePublished\":\"2018-12-09T13:17:45+00:00\",\"dateModified\":\"2024-05-30T14:42:54+00:00\",\"breadcrumb\":{\"@id\":\"https:\/\/www.urlaubcornwall.de\/blog\/eine-literarische-reise-in-london-fuer-ihre-gruppe-massgeschneiderte-gruppenreisen\/#breadcrumb\"},\"inLanguage\":\"en-US\",\"potentialAction\":[{\"@type\":\"ReadAction\",\"target\":[\"https:\/\/www.urlaubcornwall.de\/blog\/eine-literarische-reise-in-london-fuer-ihre-gruppe-massgeschneiderte-gruppenreisen\/\"]}]},{\"@type\":\"BreadcrumbList\",\"@id\":\"https:\/\/www.urlaubcornwall.de\/blog\/eine-literarische-reise-in-london-fuer-ihre-gruppe-massgeschneiderte-gruppenreisen\/#breadcrumb\",\"itemListElement\":[{\"@type\":\"ListItem\",\"position\":1,\"name\":\"Home\",\"item\":\"https:\/\/www.urlaubcornwall.de\/blog\/\"},{\"@type\":\"ListItem\",\"position\":2,\"name\":\"Eine literarische Reise in London f\u00fcr Ihre Gruppe &#8211; Ma\u00dfgeschneiderte Gruppenreisen\"}]}]}<\/script>\n<!-- \/ Yoast SEO plugin. -->","yoast_head_json":{"title":"Eine literarische Reise in London f\u00fcr Ihre Gruppe - Ma\u00dfgeschneiderte Gruppenreisen - Urlaub &amp; Reisen","robots":{"index":"index","follow":"follow","max-snippet":"max-snippet:-1","max-image-preview":"max-image-preview:large","max-video-preview":"max-video-preview:-1"},"canonical":"https:\/\/www.urlaubcornwall.de\/blog\/eine-literarische-reise-in-london-fuer-ihre-gruppe-massgeschneiderte-gruppenreisen\/","og_locale":"en_US","og_type":"article","og_title":"Eine literarische Reise in London f\u00fcr Ihre Gruppe - Ma\u00dfgeschneiderte Gruppenreisen - Urlaub &amp; Reisen","og_description":"Wir sind Experten bez\u00fcglich ma\u00dfgeschneiderter Literaturreisen in London f\u00fcr kleine und gro\u00dfe Gruppen. London gilt als die literarischste Stadt der Welt, vom Jahr 1300 bis zum heutigen Tage. London stand immer im Zentrum der Literatur; es gibt in der Tat keinen Ort in London, auf den sich nicht bezogen wurde und \u00fcber den nicht geschrieben [&hellip;]","og_url":"https:\/\/www.urlaubcornwall.de\/blog\/eine-literarische-reise-in-london-fuer-ihre-gruppe-massgeschneiderte-gruppenreisen\/","og_site_name":"Urlaub &amp; Reisen","article_modified_time":"2024-05-30T14:42:54+00:00","og_image":[{"url":"https:\/\/www.urlaubcornwall.de\/blog\/wp-content\/uploads\/2024\/03\/london-park.jpg"}],"twitter_card":"summary","twitter_misc":{"Est. reading time":"3 minutes"},"schema":{"@context":"https:\/\/schema.org","@graph":[{"@type":"WebSite","@id":"https:\/\/www.urlaubcornwall.de\/blog\/#website","url":"https:\/\/www.urlaubcornwall.de\/blog\/","name":"Urlaub &amp; Reisen","description":"Urlaub, Reisen, Cornwall und S\u00fcdengland: eine perfekte Kombination","potentialAction":[{"@type":"SearchAction","target":{"@type":"EntryPoint","urlTemplate":"https:\/\/www.urlaubcornwall.de\/blog\/?s={search_term_string}"},"query-input":"required name=search_term_string"}],"inLanguage":"en-US"},{"@type":"WebPage","@id":"https:\/\/www.urlaubcornwall.de\/blog\/eine-literarische-reise-in-london-fuer-ihre-gruppe-massgeschneiderte-gruppenreisen\/","url":"https:\/\/www.urlaubcornwall.de\/blog\/eine-literarische-reise-in-london-fuer-ihre-gruppe-massgeschneiderte-gruppenreisen\/","name":"Eine literarische Reise in London f\u00fcr Ihre Gruppe - Ma\u00dfgeschneiderte Gruppenreisen - Urlaub &amp; Reisen","isPartOf":{"@id":"https:\/\/www.urlaubcornwall.de\/blog\/#website"},"datePublished":"2018-12-09T13:17:45+00:00","dateModified":"2024-05-30T14:42:54+00:00","breadcrumb":{"@id":"https:\/\/www.urlaubcornwall.de\/blog\/eine-literarische-reise-in-london-fuer-ihre-gruppe-massgeschneiderte-gruppenreisen\/#breadcrumb"},"inLanguage":"en-US","potentialAction":[{"@type":"ReadAction","target":["https:\/\/www.urlaubcornwall.de\/blog\/eine-literarische-reise-in-london-fuer-ihre-gruppe-massgeschneiderte-gruppenreisen\/"]}]},{"@type":"BreadcrumbList","@id":"https:\/\/www.urlaubcornwall.de\/blog\/eine-literarische-reise-in-london-fuer-ihre-gruppe-massgeschneiderte-gruppenreisen\/#breadcrumb","itemListElement":[{"@type":"ListItem","position":1,"name":"Home","item":"https:\/\/www.urlaubcornwall.de\/blog\/"},{"@type":"ListItem","position":2,"name":"Eine literarische Reise in London f\u00fcr Ihre Gruppe &#8211; Ma\u00dfgeschneiderte Gruppenreisen"}]}]}},"_links":{"self":[{"href":"https:\/\/www.urlaubcornwall.de\/blog\/wp-json\/wp\/v2\/pages\/34748"}],"collection":[{"href":"https:\/\/www.urlaubcornwall.de\/blog\/wp-json\/wp\/v2\/pages"}],"about":[{"href":"https:\/\/www.urlaubcornwall.de\/blog\/wp-json\/wp\/v2\/types\/page"}],"author":[{"embeddable":true,"href":"https:\/\/www.urlaubcornwall.de\/blog\/wp-json\/wp\/v2\/users\/1"}],"replies":[{"embeddable":true,"href":"https:\/\/www.urlaubcornwall.de\/blog\/wp-json\/wp\/v2\/comments?post=34748"}],"version-history":[{"count":5,"href":"https:\/\/www.urlaubcornwall.de\/blog\/wp-json\/wp\/v2\/pages\/34748\/revisions"}],"predecessor-version":[{"id":51123,"href":"https:\/\/www.urlaubcornwall.de\/blog\/wp-json\/wp\/v2\/pages\/34748\/revisions\/51123"}],"wp:attachment":[{"href":"https:\/\/www.urlaubcornwall.de\/blog\/wp-json\/wp\/v2\/media?parent=34748"}],"curies":[{"name":"wp","href":"https:\/\/api.w.org\/{rel}","templated":true}]}}