{"id":34746,"date":"2018-12-09T12:25:54","date_gmt":"2018-12-09T12:25:54","guid":{"rendered":"https:\/\/www.urlaubcornwall.de\/blog\/?page_id=34746"},"modified":"2024-05-28T13:55:56","modified_gmt":"2024-05-28T13:55:56","slug":"eine-literarische-reise-durch-grossbritannien-fuer-ihre-gruppe","status":"publish","type":"page","link":"https:\/\/www.urlaubcornwall.de\/blog\/eine-literarische-reise-durch-grossbritannien-fuer-ihre-gruppe\/","title":{"rendered":"Eine literarische Reise durch Gro\u00dfbritannien f\u00fcr Ihre Gruppe."},"content":{"rendered":"<p><a href=\"https:\/\/www.urlaubcornwall.de\/blog\/wp-content\/uploads\/2024\/03\/oxford.jpg\"><img loading=\"lazy\" src=\"https:\/\/www.urlaubcornwall.de\/blog\/wp-content\/uploads\/2024\/03\/oxford.jpg\" alt=\"oxford\" width=\"750\" height=\"431\" class=\"alignnone size-full wp-image-47819\" srcset=\"https:\/\/www.urlaubcornwall.de\/blog\/wp-content\/uploads\/2024\/03\/oxford.jpg 750w, https:\/\/www.urlaubcornwall.de\/blog\/wp-content\/uploads\/2024\/03\/oxford-300x172.jpg 300w\" sizes=\"(max-width: 750px) 100vw, 750px\" \/><\/a><br \/>\nWir sind Experten bez\u00fcglich <a href=\"https:\/\/www.urlaubcornwall.de\/massgeschneiderte-gruppenreisen-und-touren.php\">ma\u00dfgeschneiderter Literaturreisen durch Gro\u00dfbritannien<\/a> f\u00fcr kleine und gro\u00dfe Gruppen.<\/p>\n<p>Das Vereinte K\u00f6nigreich hat eine reichhaltige Geschichte, variationsreiche und wundersch\u00f6ne Landschaft, St\u00e4dte und herrliche H\u00e4user, die im Laufe der Jahrhunderte Schriftsteller und Poeten inspiriert haben. Schriftsteller wie Shakespeare, Hardy, Heaney, Agatha Christie, Burns und Dickens sind lediglich einige der ikonischen Gestalten in der englischen Literatur, die unvergessliche Visionen Englands, Wales, Schottlands und Irlands geschaffen haben. Sie k\u00f6nnen in ihren Fu\u00dfstapfen wandeln und Orte besuchen, die als Drehorte in Filmen oder Fernsehadaptionen gedient haben, wie zum Beispiel die Werke Rosamunde Pilchers in Cornwall platziert sind.<\/p>\n<p>Ihre Gruppe wird Gro\u00dfbritannien durch die Augen und Worte der weltgr\u00f6\u00dften Autoren, Romanschriftsteller, Dichter und B\u00fchnenautoren entdecken. W\u00e4hrend einer ma\u00dfgeschneiderten Gruppenreise k\u00f6nnen Sie die Orte besuchen, an denen sie lebten, die Landschaften genie\u00dfen, mehr dazu erfahren und sehen, was diese gro\u00dfartigen Schriftsteller und Poeten inspirierte.<\/p>\n<p>Wir passen Ihre Gruppenreise gerne an, um Ihren und den Bed\u00fcrfnissen Ihrer Kunden entgegenzukommen, indem wir Reiseziele, Redner, Besichtigungen und Erfahrungen hinzuf\u00fcgen, um eine wahrhaft einzigartige Literaturreise zu gestalten. Wir erforschen und designen auch sehr gerne eine komplett neue Tour um ein Thema herum. Bitte <a href=\"https:\/\/www.urlaubcornwall.de\/gruppenanfrage.php\">kontaktieren Sie uns daher mit Ihren eigenen Ideen<\/a>.<\/p>\n<div class=\"snippet\"> <a class=\"featured-item\" href=\" https:\/\/www.urlaubcornwall.de\/massgeschneiderte-gruppenreisen-und-touren.php \"> <span class=\"image-holder\" style=\"background-image: url(' https:\/\/www.urlaubcornwall.de\/blog\/wp-content\/uploads\/2024\/05\/gruppenreisen.jpg');\"><\/span> <span class=\"featured-content\"> \n<h2 class=\"featured-title\"> Ma\u00dfgeschneiderte Gruppenreisen in Cornwall &#038; durch Gro\u00dfbritannien<\/h2>\n<p class=\"featured-body\">Wir k\u00f6nnen Ihnen behilflich sein, eine fantastische Gruppenreise zusammenzustellen, auf der Sie die sch\u00f6nsten Sehensw\u00fcrdigkeiten Gro\u00dfbritanniens entdecken k\u00f6nnen. Auch interessante Themenreisen, wie z.B. eine Gartentour ,Literaturreise, oder Chorreise auf der Sie die ber\u00fchmten Schaupl\u00e4tze der Rosamunde Pilcher Verfilmungen besichtigen k\u00f6nnen, sind m\u00f6glich&#8230;.<\/p>\n<\/span> <span class=\"featured-link-holder\"> <span class=\"featured-extra-info\"> \n<p>M\u00f6chten Sie eine private Busreise, Vereinreise, Seniorenreise, Klassenfahrt oder Gruppenfahrt organisieren?<\/p>\n<\/span> \n<p class=\"featured-link\">DETAILS<\/p>\n<\/span> <\/a><\/div>\n","protected":false},"excerpt":{"rendered":"<p>Wir sind Experten bez\u00fcglich ma\u00dfgeschneiderter Literaturreisen durch Gro\u00dfbritannien f\u00fcr kleine und gro\u00dfe Gruppen. Das Vereinte K\u00f6nigreich hat eine reichhaltige Geschichte, variationsreiche und wundersch\u00f6ne Landschaft, St\u00e4dte und herrliche H\u00e4user, die im Laufe der Jahrhunderte Schriftsteller und Poeten inspiriert haben. Schriftsteller wie Shakespeare, Hardy, Heaney, Agatha Christie, Burns und Dickens sind lediglich einige der ikonischen Gestalten in [&hellip;]<\/p>\n","protected":false},"author":1,"featured_media":0,"parent":0,"menu_order":0,"comment_status":"closed","ping_status":"closed","template":"single-four.php","meta":[],"acf":[],"yoast_head":"<!-- This site is optimized with the Yoast SEO plugin v19.4 - https:\/\/yoast.com\/wordpress\/plugins\/seo\/ -->\n<title>Eine literarische Reise durch Gro\u00dfbritannien f\u00fcr Ihre Gruppe. - Urlaub &amp; Reisen<\/title>\n<meta name=\"robots\" content=\"index, follow, max-snippet:-1, max-image-preview:large, max-video-preview:-1\" \/>\n<link rel=\"canonical\" href=\"https:\/\/www.urlaubcornwall.de\/blog\/eine-literarische-reise-durch-grossbritannien-fuer-ihre-gruppe\/\" \/>\n<meta property=\"og:locale\" content=\"en_US\" \/>\n<meta property=\"og:type\" content=\"article\" \/>\n<meta property=\"og:title\" content=\"Eine literarische Reise durch Gro\u00dfbritannien f\u00fcr Ihre Gruppe. - Urlaub &amp; Reisen\" \/>\n<meta property=\"og:description\" content=\"Wir sind Experten bez\u00fcglich ma\u00dfgeschneiderter Literaturreisen durch Gro\u00dfbritannien f\u00fcr kleine und gro\u00dfe Gruppen. Das Vereinte K\u00f6nigreich hat eine reichhaltige Geschichte, variationsreiche und wundersch\u00f6ne Landschaft, St\u00e4dte und herrliche H\u00e4user, die im Laufe der Jahrhunderte Schriftsteller und Poeten inspiriert haben. Schriftsteller wie Shakespeare, Hardy, Heaney, Agatha Christie, Burns und Dickens sind lediglich einige der ikonischen Gestalten in [&hellip;]\" \/>\n<meta property=\"og:url\" content=\"https:\/\/www.urlaubcornwall.de\/blog\/eine-literarische-reise-durch-grossbritannien-fuer-ihre-gruppe\/\" \/>\n<meta property=\"og:site_name\" content=\"Urlaub &amp; Reisen\" \/>\n<meta property=\"article:modified_time\" content=\"2024-05-28T13:55:56+00:00\" \/>\n<meta property=\"og:image\" content=\"https:\/\/www.urlaubcornwall.de\/blog\/wp-content\/uploads\/2024\/03\/oxford.jpg\" \/>\n<meta name=\"twitter:card\" content=\"summary\" \/>\n<meta name=\"twitter:label1\" content=\"Est. reading time\" \/>\n\t<meta name=\"twitter:data1\" content=\"2 minutes\" \/>\n<script type=\"application\/ld+json\" class=\"yoast-schema-graph\">{\"@context\":\"https:\/\/schema.org\",\"@graph\":[{\"@type\":\"WebSite\",\"@id\":\"https:\/\/www.urlaubcornwall.de\/blog\/#website\",\"url\":\"https:\/\/www.urlaubcornwall.de\/blog\/\",\"name\":\"Urlaub &amp; Reisen\",\"description\":\"Urlaub, Reisen, Cornwall und S\u00fcdengland: eine perfekte Kombination\",\"potentialAction\":[{\"@type\":\"SearchAction\",\"target\":{\"@type\":\"EntryPoint\",\"urlTemplate\":\"https:\/\/www.urlaubcornwall.de\/blog\/?s={search_term_string}\"},\"query-input\":\"required name=search_term_string\"}],\"inLanguage\":\"en-US\"},{\"@type\":\"WebPage\",\"@id\":\"https:\/\/www.urlaubcornwall.de\/blog\/eine-literarische-reise-durch-grossbritannien-fuer-ihre-gruppe\/\",\"url\":\"https:\/\/www.urlaubcornwall.de\/blog\/eine-literarische-reise-durch-grossbritannien-fuer-ihre-gruppe\/\",\"name\":\"Eine literarische Reise durch Gro\u00dfbritannien f\u00fcr Ihre Gruppe. - Urlaub &amp; Reisen\",\"isPartOf\":{\"@id\":\"https:\/\/www.urlaubcornwall.de\/blog\/#website\"},\"datePublished\":\"2018-12-09T12:25:54+00:00\",\"dateModified\":\"2024-05-28T13:55:56+00:00\",\"breadcrumb\":{\"@id\":\"https:\/\/www.urlaubcornwall.de\/blog\/eine-literarische-reise-durch-grossbritannien-fuer-ihre-gruppe\/#breadcrumb\"},\"inLanguage\":\"en-US\",\"potentialAction\":[{\"@type\":\"ReadAction\",\"target\":[\"https:\/\/www.urlaubcornwall.de\/blog\/eine-literarische-reise-durch-grossbritannien-fuer-ihre-gruppe\/\"]}]},{\"@type\":\"BreadcrumbList\",\"@id\":\"https:\/\/www.urlaubcornwall.de\/blog\/eine-literarische-reise-durch-grossbritannien-fuer-ihre-gruppe\/#breadcrumb\",\"itemListElement\":[{\"@type\":\"ListItem\",\"position\":1,\"name\":\"Home\",\"item\":\"https:\/\/www.urlaubcornwall.de\/blog\/\"},{\"@type\":\"ListItem\",\"position\":2,\"name\":\"Eine literarische Reise durch Gro\u00dfbritannien f\u00fcr Ihre Gruppe.\"}]}]}<\/script>\n<!-- \/ Yoast SEO plugin. -->","yoast_head_json":{"title":"Eine literarische Reise durch Gro\u00dfbritannien f\u00fcr Ihre Gruppe. - Urlaub &amp; Reisen","robots":{"index":"index","follow":"follow","max-snippet":"max-snippet:-1","max-image-preview":"max-image-preview:large","max-video-preview":"max-video-preview:-1"},"canonical":"https:\/\/www.urlaubcornwall.de\/blog\/eine-literarische-reise-durch-grossbritannien-fuer-ihre-gruppe\/","og_locale":"en_US","og_type":"article","og_title":"Eine literarische Reise durch Gro\u00dfbritannien f\u00fcr Ihre Gruppe. - Urlaub &amp; Reisen","og_description":"Wir sind Experten bez\u00fcglich ma\u00dfgeschneiderter Literaturreisen durch Gro\u00dfbritannien f\u00fcr kleine und gro\u00dfe Gruppen. Das Vereinte K\u00f6nigreich hat eine reichhaltige Geschichte, variationsreiche und wundersch\u00f6ne Landschaft, St\u00e4dte und herrliche H\u00e4user, die im Laufe der Jahrhunderte Schriftsteller und Poeten inspiriert haben. Schriftsteller wie Shakespeare, Hardy, Heaney, Agatha Christie, Burns und Dickens sind lediglich einige der ikonischen Gestalten in [&hellip;]","og_url":"https:\/\/www.urlaubcornwall.de\/blog\/eine-literarische-reise-durch-grossbritannien-fuer-ihre-gruppe\/","og_site_name":"Urlaub &amp; Reisen","article_modified_time":"2024-05-28T13:55:56+00:00","og_image":[{"url":"https:\/\/www.urlaubcornwall.de\/blog\/wp-content\/uploads\/2024\/03\/oxford.jpg"}],"twitter_card":"summary","twitter_misc":{"Est. reading time":"2 minutes"},"schema":{"@context":"https:\/\/schema.org","@graph":[{"@type":"WebSite","@id":"https:\/\/www.urlaubcornwall.de\/blog\/#website","url":"https:\/\/www.urlaubcornwall.de\/blog\/","name":"Urlaub &amp; Reisen","description":"Urlaub, Reisen, Cornwall und S\u00fcdengland: eine perfekte Kombination","potentialAction":[{"@type":"SearchAction","target":{"@type":"EntryPoint","urlTemplate":"https:\/\/www.urlaubcornwall.de\/blog\/?s={search_term_string}"},"query-input":"required name=search_term_string"}],"inLanguage":"en-US"},{"@type":"WebPage","@id":"https:\/\/www.urlaubcornwall.de\/blog\/eine-literarische-reise-durch-grossbritannien-fuer-ihre-gruppe\/","url":"https:\/\/www.urlaubcornwall.de\/blog\/eine-literarische-reise-durch-grossbritannien-fuer-ihre-gruppe\/","name":"Eine literarische Reise durch Gro\u00dfbritannien f\u00fcr Ihre Gruppe. - Urlaub &amp; Reisen","isPartOf":{"@id":"https:\/\/www.urlaubcornwall.de\/blog\/#website"},"datePublished":"2018-12-09T12:25:54+00:00","dateModified":"2024-05-28T13:55:56+00:00","breadcrumb":{"@id":"https:\/\/www.urlaubcornwall.de\/blog\/eine-literarische-reise-durch-grossbritannien-fuer-ihre-gruppe\/#breadcrumb"},"inLanguage":"en-US","potentialAction":[{"@type":"ReadAction","target":["https:\/\/www.urlaubcornwall.de\/blog\/eine-literarische-reise-durch-grossbritannien-fuer-ihre-gruppe\/"]}]},{"@type":"BreadcrumbList","@id":"https:\/\/www.urlaubcornwall.de\/blog\/eine-literarische-reise-durch-grossbritannien-fuer-ihre-gruppe\/#breadcrumb","itemListElement":[{"@type":"ListItem","position":1,"name":"Home","item":"https:\/\/www.urlaubcornwall.de\/blog\/"},{"@type":"ListItem","position":2,"name":"Eine literarische Reise durch Gro\u00dfbritannien f\u00fcr Ihre Gruppe."}]}]}},"_links":{"self":[{"href":"https:\/\/www.urlaubcornwall.de\/blog\/wp-json\/wp\/v2\/pages\/34746"}],"collection":[{"href":"https:\/\/www.urlaubcornwall.de\/blog\/wp-json\/wp\/v2\/pages"}],"about":[{"href":"https:\/\/www.urlaubcornwall.de\/blog\/wp-json\/wp\/v2\/types\/page"}],"author":[{"embeddable":true,"href":"https:\/\/www.urlaubcornwall.de\/blog\/wp-json\/wp\/v2\/users\/1"}],"replies":[{"embeddable":true,"href":"https:\/\/www.urlaubcornwall.de\/blog\/wp-json\/wp\/v2\/comments?post=34746"}],"version-history":[{"count":5,"href":"https:\/\/www.urlaubcornwall.de\/blog\/wp-json\/wp\/v2\/pages\/34746\/revisions"}],"predecessor-version":[{"id":50426,"href":"https:\/\/www.urlaubcornwall.de\/blog\/wp-json\/wp\/v2\/pages\/34746\/revisions\/50426"}],"wp:attachment":[{"href":"https:\/\/www.urlaubcornwall.de\/blog\/wp-json\/wp\/v2\/media?parent=34746"}],"curies":[{"name":"wp","href":"https:\/\/api.w.org\/{rel}","templated":true}]}}