{"id":34716,"date":"2018-12-03T15:06:40","date_gmt":"2018-12-03T15:06:40","guid":{"rendered":"https:\/\/www.urlaubcornwall.de\/blog\/?page_id=34716"},"modified":"2026-01-04T11:41:13","modified_gmt":"2026-01-04T11:41:13","slug":"wild-atlantic-way-rundreise-irland-10-tage","status":"publish","type":"page","link":"https:\/\/www.urlaubcornwall.de\/blog\/wild-atlantic-way-rundreise-irland-10-tage\/","title":{"rendered":"Wild Atlantic Way &#8211; Rundreise Irland 10 Tage"},"content":{"rendered":"<p><img loading=\"lazy\" class=\"aligncenter size-full wp-image-34720\" src=\"https:\/\/www.urlaubcornwall.de\/blog\/wp-content\/uploads\/2018\/12\/wild-atlantic-way-irland.jpg\" alt=\"Rundreise Wild Atlantic Way\" width=\"748\" height=\"402\"\/><\/p>\n<h2>Highlights: Dublin, Sligo, Killary Harbour, Klippen von Moher, Dingle, Ring of Kerry<\/h2>\n<p>Erkunden Sie bei dieser Selbstfahrerour den atembraubenden &#8220;Wild Atlantic Way&#8221;, eine traumhafte K\u00fcstenstra\u00dfe im Westen Irlands, die von Donegal bis nach Kinsale verl\u00e4uft. Lassen Sie sich von den \u00fcberw\u00e4ltigenden Klippen, malerischen Str\u00e4nden, der Weite des Atlantiks&#8230;<\/p>\n<p>10 Tage \/ 9 N\u00e4chte | ab\/bis Dublin<\/p>\n<p style=\"text-align: center;\"><a class=\"tidycta\" href=\"http:\/\/www.urlaubcornwall.de\/anfrage.php?tourcode=IRLSELBST-7\">Anfrage \/ Buchung<\/a><\/p>\n<p><strong>Tourbeschreibung<\/strong><\/p>\n<p><strong>1. Tag: Dublin <\/strong><\/p>\n<p>Irland \u201eWild Atlantic Way\u201c \u2013 Mietwagenrundreise Irland zum Selbstfahrerfahren: Anreise nach Dublin in Eigenregie (bieten wir gerne passend an). Nach Ankunft haben Sie Zeit die Stadt auf eigene Faust zu erkunden. Sehen Sie unter anderem das beeindruckende Trinity College, das GAA Museum (Museum \u00fcber irische Nationalsportarten) und die St. Patrick\u2019s Cathredral. \u00dcbernachtung im Raum Dublin<\/p>\n<p><strong>2. Tag: Dublin \u2013 Donegal<\/strong><\/p>\n<p>Nach dem Fr\u00fchst\u00fcck brechen Sie in Richtung Nordwesten auf. Wenn Sie \u00fcber Enniskillen nach Donegal fahren, k\u00f6nnen Sie unterwegs den kleinen Folkpark in Glencolumbcill und die Donegal Studios in Kilcar besuchen. Anschlie\u00dfend bieten Ihnen die Slieve League Klippen, die h\u00f6chsten Meeresklippen Irlands, eine \u00fcberw\u00e4ltigende Aussicht, die Sie nicht verpassen sollten. 2 \u00dcbernachtungen im Raum Donegal<\/p>\n<p><strong>3. Tag: Inishowen &amp; Malin Head<\/strong><\/p>\n<p>Auf dem heutigen Programm steht die einzigartige Inishowen Halbinsel im Norden Donegals. Sie k\u00f6nnen zum Beispiel bis zum n\u00f6rdlichsten Punkts Irlands fahren (Malin Head) und dann mit der F\u00e4hre nach Rathmullan \u00fcbersetzen (exklusive). Von dort erreichen Sie \u00fcber die wundersch\u00f6nen K\u00fcstenstra\u00dfe einen traumhaften Strand der Ballymastocker Bay und den ber\u00fchmten Fanad Leuchtturm. \u00dcbernachtung wie am Vortag.<\/p>\n<p><img loading=\"lazy\" class=\"aligncenter size-full wp-image-34719\" src=\"https:\/\/www.urlaubcornwall.de\/blog\/wp-content\/uploads\/2018\/12\/wild-atlantic-way-cork-irland.jpg\" alt=\"wild atlantic way cork irland\" width=\"745\" height=\"413\"\/><\/p>\n<p><strong>4. Tag: Donegal \u2013 Sligo \u2013 Mayo<\/strong><\/p>\n<p>Lassen Sie den Alltag hinter sich und entspannen Sie sich in einer der vielen Seetangb\u00e4der, die an der K\u00fcstenlinie zwischen Donegal und Sligo liegen. Hei\u00dfes Atlantikwasser und frisch geernteter Seetang eignen sich hervorragend zum entspannen. An der Killala Bay haben Sie die M\u00f6glichkeit an einer \u201eWild Atlantic Cultural Tour\u201c teilzunehmen (exklusive), bei der Sie mehr \u00fcber die Zubereitung der einheimischen Meeresbewohner erfahren. \u00dcbernachtung im Raum Mayo<\/p>\n<p><strong>5. Tag: Mayo \u2013 Connemara \u2013 Galway<\/strong><\/p>\n<p>Nach dem Fr\u00fchst\u00fcck haben Sie Zeit den reizenden Ort Westport zu erkunden. Ende des 18.Jahrhunderts lie\u00df James Wyatt die breiten baumges\u00e4umten Stra\u00dfen anlegen sowie die North und South Mall an beiden Ufern des Carrowbeg. In der Bridge Street gibt es eine Reihe Cafes und Pubs, die zum Verweilen einladen. Anschlie\u00dfend fahren Sie am einzigen Fjord Irlands vorbei, dem Killary Harbour. \u00dcber die rauhen K\u00fcsten Connemaras erreichen Sie dann Galway. \u00dcbernachtung im Raum Galway<\/p>\n<p><strong>6. Tag: Galway \u2013 Klippen von Moher \u2013 Limerick\/Clare<\/strong><\/p>\n<p>Zun\u00e4chst geht es \u00fcber die Burrenregion, eine eiszeitliche Karstregion, zu den Klippen von Moher. Anschlie\u00dfend fahren Sie entlang der K\u00fcstenstra\u00dfe bis nach Loop Head, wo der Atlantik und der Shannon aufeinander treffen. In dem kleinen St\u00e4dtchen Kilkee k\u00f6nnen Sie entspannt entlang der Strandpromenade bummeln und mit etwas Gl\u00fcck einen Blick auf die einheimische Delphinherde erhaschen. \u00dcbernachtung im Raum Limerick\/Clare<\/p>\n<p><a href=\"https:\/\/www.urlaubcornwall.de\/blog\/wp-content\/uploads\/2016\/05\/rundreise-irland.jpg\"><img loading=\"lazy\" class=\"aligncenter size-full wp-image-24301\" src=\"https:\/\/www.urlaubcornwall.de\/blog\/wp-content\/uploads\/2016\/05\/rundreise-irland.jpg\" alt=\"rundreise irland\" width=\"748\" height=\"399\"\/><\/a><\/p>\n<p><strong>7. Tag: Limerick \u2013 Kerry<\/strong><\/p>\n<p>Heute steht zun\u00e4chst die Dingle Halbinsel auf dem Programm. Vom Slea Head aus, dem westlichsten Punkt des irischen Festlands, haben Sie einen traumhaften Blick auf die Blasket Inseln. Au\u00dferdem sollten Sie Lois Mulcahy, bekannt f\u00fcr seine T\u00f6pferkunst, und das Dingle Village mit seinem wohl ber\u00fchmtesten Einwohner, den Delphin Fungi, besuchen. 2 \u00dcbernachtungen in Kerry<\/p>\n<p><strong>8. Tag: Kerry<\/strong><\/p>\n<p>Ihr Tagesausflug f\u00fchrt sie heute entlang des sagenumwobenen \u201eRing of Kerry\u201c, einer Panoramastra\u00dfe, die mit ihren wunderbaren Aussichten auf die K\u00fcste, wilde Moore und H\u00fcgellandschaften die Besucher immer neu fasziniert. Die \u00fcberraschende Sch\u00f6nheit der gro\u00dfen Halbinsel Iveragh (166km) r\u00fchrt von der gro\u00dfen Vielfalt der Landschaft her, die ununterbrochene Kontraste bietet. \u00dcbernachtung wie am Vortag.<\/p>\n<p><strong>9. Tag: Kerry \u2013 Cork \u2013 Dublin<\/strong><\/p>\n<p>Sie verlassen die Atlantikk\u00fcste und fahren \u00fcber Cork nach Dublin. Die Innenstadt von Cork liegt auf einer Flussinsel. Einst war das Zentrum von Kan\u00e4len durchzogen, an denen wohlhabende Kaufleute ihre Lagerh\u00e4user und Wohnh\u00e4user errichteten. Einige malerische Br\u00fccken verbreiten noch heute eine holl\u00e4ndisch anmutende Aura. Am sp\u00e4ten Nachmittag erreichen Sie dann Dublin, wo Sie den letzten Abend in einem kleinen Pub oder im kleinen Fischerd\u00f6rfchen Howth, n\u00f6rdlich von Dublin, verbringen k\u00f6nnen. \u00dcbernachtung im Raum Dublin<\/p>\n<p><strong>10. Tag: Auf Wiedersehen Irland<\/strong><\/p>\n<p>Je nach Abflugszeit haben Sie noch etwas Zeit die Sehensw\u00fcrdigkeiten der irischen Hauptstadt zu erkunden. Anschlie\u00dfend fahren Sie zum Flughafen und treten Ihre Heimreise an. Hiermit endet Ihre Irland-Reise entlang des \u201eWild Atlantic Way\u201c.<\/p>\n<p><strong>Eingeschlossene Leistungen<\/strong><\/p>\n<p>9 \u00dcbernachtungen in Mittelklassehotels<\/p>\n<p>T\u00e4gliches Fr\u00fchst\u00fcck<\/p>\n<p>1 Reisef\u00fchrer Irland<\/p>\n<p><strong>Nicht eingeschlossene Leistungen:<\/strong><\/p>\n<p>Fl\u00fcge (bieten wir dazu gerne an)<\/p>\n<p>Mietwagen (bieten wir dazu gerne an)<\/p>\n<p>Eintrittsgelder, Ausfl\u00fcge<\/p>\n<p>Pers\u00f6nliche Ausgaben aller Art<\/p>\n<p><strong>T\u00e4glich m\u00f6glich!<\/strong><\/p>\n<p><strong>Preise 2026:<\/strong><\/p>\n<p>Januar &#8211; April &#038; Oktober &#8211; Dezember \u20ac 910,- pro Person im Doppelzimmer | \u20ac 1.450,- pro Person im Einzelzimmer  | \u20ac    890,- pro Person im Dreibettzimmer <\/p>\n<p>Mai &#8211; September \u20ac 1.055,- pro Person im Doppelzimmer | \u20ac 1.595,- pro Person im Einzelzimmer | \u20ac 1.035,- pro Person im Dreibettzimmer<\/p>\n<p style=\"text-align: center;\"><a class=\"tidycta\" href=\"http:\/\/www.urlaubcornwall.de\/anfrage.php?tourcode=IRLSELBST-7\">Anfrage \/ Buchung<\/a><\/p>\n<p style=\"text-align: left;\">UrlaubCornwall haben Touren im Angebot f\u00fcr Individualreisende. Hier finden Sie unsere Auswahl an fantastischen&nbsp;<a href=\"https:\/\/www.urlaubcornwall.de\/blog\/rundreisen-irland\/\"><span style=\"text-decoration: underline;\">Rundreisen und Touren in Irland<\/span><\/a>. Unsere Websitedetails zeigen lediglich eine kleine Auswahl dessen, was wir anbieten k\u00f6nnen. Wir stellen Ihnen gerne ein <a href=\"http:\/\/www.urlaubcornwall.de\/anfrage.php\"><span style=\"text-decoration: underline;\">unverbindliches Angebot<\/span><\/a> mit allen Fl\u00fcgen und Transfers f\u00fcr Ihre Grossbritannien Reise zusammen.<\/p>\n","protected":false},"excerpt":{"rendered":"<p>Highlights: Dublin, Sligo, Killary Harbour, Klippen von Moher, Dingle, Ring of Kerry Erkunden Sie bei dieser Selbstfahrerour den atembraubenden &#8220;Wild Atlantic Way&#8221;, eine traumhafte K\u00fcstenstra\u00dfe im Westen Irlands, die von Donegal bis nach Kinsale verl\u00e4uft. Lassen Sie sich von den \u00fcberw\u00e4ltigenden Klippen, malerischen Str\u00e4nden, der Weite des Atlantiks&#8230; 10 Tage \/ 9 N\u00e4chte | ab\/bis [&hellip;]<\/p>\n","protected":false},"author":1,"featured_media":0,"parent":0,"menu_order":0,"comment_status":"closed","ping_status":"closed","template":"single-four.php","meta":[],"acf":[],"yoast_head":"<!-- This site is optimized with the Yoast SEO plugin v19.4 - https:\/\/yoast.com\/wordpress\/plugins\/seo\/ -->\n<title>Wild Atlantic Way - Rundreise Irland 10 Tage - Urlaub &amp; Reisen<\/title>\n<meta name=\"robots\" content=\"index, follow, max-snippet:-1, max-image-preview:large, max-video-preview:-1\" \/>\n<link rel=\"canonical\" href=\"https:\/\/www.urlaubcornwall.de\/blog\/wild-atlantic-way-rundreise-irland-10-tage\/\" \/>\n<meta property=\"og:locale\" content=\"en_US\" \/>\n<meta property=\"og:type\" content=\"article\" \/>\n<meta property=\"og:title\" content=\"Wild Atlantic Way - Rundreise Irland 10 Tage - Urlaub &amp; Reisen\" \/>\n<meta property=\"og:description\" content=\"Highlights: Dublin, Sligo, Killary Harbour, Klippen von Moher, Dingle, Ring of Kerry Erkunden Sie bei dieser Selbstfahrerour den atembraubenden &#8220;Wild Atlantic Way&#8221;, eine traumhafte K\u00fcstenstra\u00dfe im Westen Irlands, die von Donegal bis nach Kinsale verl\u00e4uft. Lassen Sie sich von den \u00fcberw\u00e4ltigenden Klippen, malerischen Str\u00e4nden, der Weite des Atlantiks&#8230; 10 Tage \/ 9 N\u00e4chte | ab\/bis [&hellip;]\" \/>\n<meta property=\"og:url\" content=\"https:\/\/www.urlaubcornwall.de\/blog\/wild-atlantic-way-rundreise-irland-10-tage\/\" \/>\n<meta property=\"og:site_name\" content=\"Urlaub &amp; Reisen\" \/>\n<meta property=\"article:modified_time\" content=\"2026-01-04T11:41:13+00:00\" \/>\n<meta property=\"og:image\" content=\"https:\/\/www.urlaubcornwall.de\/blog\/wp-content\/uploads\/2018\/12\/wild-atlantic-way-irland.jpg\" \/>\n<meta name=\"twitter:card\" content=\"summary\" \/>\n<meta name=\"twitter:label1\" content=\"Est. reading time\" \/>\n\t<meta name=\"twitter:data1\" content=\"5 minutes\" \/>\n<script type=\"application\/ld+json\" class=\"yoast-schema-graph\">{\"@context\":\"https:\/\/schema.org\",\"@graph\":[{\"@type\":\"WebSite\",\"@id\":\"https:\/\/www.urlaubcornwall.de\/blog\/#website\",\"url\":\"https:\/\/www.urlaubcornwall.de\/blog\/\",\"name\":\"Urlaub &amp; Reisen\",\"description\":\"Urlaub, Reisen, Cornwall und S\u00fcdengland: eine perfekte Kombination\",\"potentialAction\":[{\"@type\":\"SearchAction\",\"target\":{\"@type\":\"EntryPoint\",\"urlTemplate\":\"https:\/\/www.urlaubcornwall.de\/blog\/?s={search_term_string}\"},\"query-input\":\"required name=search_term_string\"}],\"inLanguage\":\"en-US\"},{\"@type\":\"WebPage\",\"@id\":\"https:\/\/www.urlaubcornwall.de\/blog\/wild-atlantic-way-rundreise-irland-10-tage\/\",\"url\":\"https:\/\/www.urlaubcornwall.de\/blog\/wild-atlantic-way-rundreise-irland-10-tage\/\",\"name\":\"Wild Atlantic Way - Rundreise Irland 10 Tage - Urlaub &amp; Reisen\",\"isPartOf\":{\"@id\":\"https:\/\/www.urlaubcornwall.de\/blog\/#website\"},\"datePublished\":\"2018-12-03T15:06:40+00:00\",\"dateModified\":\"2026-01-04T11:41:13+00:00\",\"breadcrumb\":{\"@id\":\"https:\/\/www.urlaubcornwall.de\/blog\/wild-atlantic-way-rundreise-irland-10-tage\/#breadcrumb\"},\"inLanguage\":\"en-US\",\"potentialAction\":[{\"@type\":\"ReadAction\",\"target\":[\"https:\/\/www.urlaubcornwall.de\/blog\/wild-atlantic-way-rundreise-irland-10-tage\/\"]}]},{\"@type\":\"BreadcrumbList\",\"@id\":\"https:\/\/www.urlaubcornwall.de\/blog\/wild-atlantic-way-rundreise-irland-10-tage\/#breadcrumb\",\"itemListElement\":[{\"@type\":\"ListItem\",\"position\":1,\"name\":\"Home\",\"item\":\"https:\/\/www.urlaubcornwall.de\/blog\/\"},{\"@type\":\"ListItem\",\"position\":2,\"name\":\"Wild Atlantic Way &#8211; Rundreise Irland 10 Tage\"}]}]}<\/script>\n<!-- \/ Yoast SEO plugin. -->","yoast_head_json":{"title":"Wild Atlantic Way - Rundreise Irland 10 Tage - Urlaub &amp; Reisen","robots":{"index":"index","follow":"follow","max-snippet":"max-snippet:-1","max-image-preview":"max-image-preview:large","max-video-preview":"max-video-preview:-1"},"canonical":"https:\/\/www.urlaubcornwall.de\/blog\/wild-atlantic-way-rundreise-irland-10-tage\/","og_locale":"en_US","og_type":"article","og_title":"Wild Atlantic Way - Rundreise Irland 10 Tage - Urlaub &amp; Reisen","og_description":"Highlights: Dublin, Sligo, Killary Harbour, Klippen von Moher, Dingle, Ring of Kerry Erkunden Sie bei dieser Selbstfahrerour den atembraubenden &#8220;Wild Atlantic Way&#8221;, eine traumhafte K\u00fcstenstra\u00dfe im Westen Irlands, die von Donegal bis nach Kinsale verl\u00e4uft. Lassen Sie sich von den \u00fcberw\u00e4ltigenden Klippen, malerischen Str\u00e4nden, der Weite des Atlantiks&#8230; 10 Tage \/ 9 N\u00e4chte | ab\/bis [&hellip;]","og_url":"https:\/\/www.urlaubcornwall.de\/blog\/wild-atlantic-way-rundreise-irland-10-tage\/","og_site_name":"Urlaub &amp; Reisen","article_modified_time":"2026-01-04T11:41:13+00:00","og_image":[{"url":"https:\/\/www.urlaubcornwall.de\/blog\/wp-content\/uploads\/2018\/12\/wild-atlantic-way-irland.jpg"}],"twitter_card":"summary","twitter_misc":{"Est. reading time":"5 minutes"},"schema":{"@context":"https:\/\/schema.org","@graph":[{"@type":"WebSite","@id":"https:\/\/www.urlaubcornwall.de\/blog\/#website","url":"https:\/\/www.urlaubcornwall.de\/blog\/","name":"Urlaub &amp; Reisen","description":"Urlaub, Reisen, Cornwall und S\u00fcdengland: eine perfekte Kombination","potentialAction":[{"@type":"SearchAction","target":{"@type":"EntryPoint","urlTemplate":"https:\/\/www.urlaubcornwall.de\/blog\/?s={search_term_string}"},"query-input":"required name=search_term_string"}],"inLanguage":"en-US"},{"@type":"WebPage","@id":"https:\/\/www.urlaubcornwall.de\/blog\/wild-atlantic-way-rundreise-irland-10-tage\/","url":"https:\/\/www.urlaubcornwall.de\/blog\/wild-atlantic-way-rundreise-irland-10-tage\/","name":"Wild Atlantic Way - Rundreise Irland 10 Tage - Urlaub &amp; Reisen","isPartOf":{"@id":"https:\/\/www.urlaubcornwall.de\/blog\/#website"},"datePublished":"2018-12-03T15:06:40+00:00","dateModified":"2026-01-04T11:41:13+00:00","breadcrumb":{"@id":"https:\/\/www.urlaubcornwall.de\/blog\/wild-atlantic-way-rundreise-irland-10-tage\/#breadcrumb"},"inLanguage":"en-US","potentialAction":[{"@type":"ReadAction","target":["https:\/\/www.urlaubcornwall.de\/blog\/wild-atlantic-way-rundreise-irland-10-tage\/"]}]},{"@type":"BreadcrumbList","@id":"https:\/\/www.urlaubcornwall.de\/blog\/wild-atlantic-way-rundreise-irland-10-tage\/#breadcrumb","itemListElement":[{"@type":"ListItem","position":1,"name":"Home","item":"https:\/\/www.urlaubcornwall.de\/blog\/"},{"@type":"ListItem","position":2,"name":"Wild Atlantic Way &#8211; Rundreise Irland 10 Tage"}]}]}},"_links":{"self":[{"href":"https:\/\/www.urlaubcornwall.de\/blog\/wp-json\/wp\/v2\/pages\/34716"}],"collection":[{"href":"https:\/\/www.urlaubcornwall.de\/blog\/wp-json\/wp\/v2\/pages"}],"about":[{"href":"https:\/\/www.urlaubcornwall.de\/blog\/wp-json\/wp\/v2\/types\/page"}],"author":[{"embeddable":true,"href":"https:\/\/www.urlaubcornwall.de\/blog\/wp-json\/wp\/v2\/users\/1"}],"replies":[{"embeddable":true,"href":"https:\/\/www.urlaubcornwall.de\/blog\/wp-json\/wp\/v2\/comments?post=34716"}],"version-history":[{"count":9,"href":"https:\/\/www.urlaubcornwall.de\/blog\/wp-json\/wp\/v2\/pages\/34716\/revisions"}],"predecessor-version":[{"id":51918,"href":"https:\/\/www.urlaubcornwall.de\/blog\/wp-json\/wp\/v2\/pages\/34716\/revisions\/51918"}],"wp:attachment":[{"href":"https:\/\/www.urlaubcornwall.de\/blog\/wp-json\/wp\/v2\/media?parent=34716"}],"curies":[{"name":"wp","href":"https:\/\/api.w.org\/{rel}","templated":true}]}}